{"id":17206,"date":"2022-06-27T09:26:51","date_gmt":"2022-06-27T09:26:51","guid":{"rendered":"https:\/\/zecovalve.com\/?post_type=product&#038;p=17206"},"modified":"2023-06-26T05:40:05","modified_gmt":"2023-06-26T05:40:05","slug":"pressure-reducing-valve","status":"publish","type":"product","link":"https:\/\/zecovalve.com\/es\/producto\/pressure-reducing-valve","title":{"rendered":"V\u00e1lvula reductora de presi\u00f3n"},"content":{"rendered":"<div class=\"sep-pages-boxs bgs clearfix\">\n<div class=\"sep-container clearfix\">\n<h1 class=\"titles sizes1 cens gtj-ff-bold\">V\u00e1lvula reductora de presi\u00f3n<\/h1>\n<div class=\"bq-sep-pro-detail-thumbs ons clearfix\">\n<div class=\"thumbs\">\n<div class=\"imgs ons\">\n<div class=\"swiper-container swiper-container-initialized swiper-container-horizontal\">\n<div class=\"swiper-wrapper\">\n<div class=\"swiper-slide swiper-slide-active\">\n<figure id=\"attachment_17014\" aria-describedby=\"caption-attachment-17014\" style=\"width: 290px\" class=\"wp-caption alignnone\"><img loading=\"lazy\" decoding=\"async\" class=\"size-medium wp-image-17014\" src=\"https:\/\/zecovalve.com\/wp-content\/uploads\/2022\/06\/pressure-reducing-valve-1-300x273.jpg\" alt=\"V\u00e1lvula reductora de presi\u00f3n\" width=\"300\" height=\"273\" srcset=\"https:\/\/zecovalve.com\/wp-content\/uploads\/2022\/06\/pressure-reducing-valve-1-300x273.jpg 300w, https:\/\/zecovalve.com\/wp-content\/uploads\/2022\/06\/pressure-reducing-valve-1.jpg 330w\" sizes=\"auto, (max-width: 300px) 100vw, 300px\" \/><figcaption id=\"caption-attachment-17014\" class=\"wp-caption-text\"><a href=\"https:\/\/zecovalve.com\/es\/water-pressure-reducing-valve-manufacturer-zeco-valve.html\/\" data-internallinksmanager029f6b8e52c=\"8\" title=\"V\u00e1lvula reductora de presi\u00f3n\" target=\"_blank\" rel=\"noopener\">V\u00e1lvula reductora de presi\u00f3n<\/a><\/figcaption><\/figure>\n<\/div>\n<\/div>\n<\/div>\n<div class=\"lr-lists-boxs\"><\/div>\n<\/div>\n<\/div>\n<\/div>\n<\/div>\n<\/div>\n<div class=\"sep-pages-boxs clearfix\">\n<div class=\"sep-container clearfix\">\n<div id=\"zf-nexts\" class=\"flex clearfix\">\n<div class=\"bq-zf-lefts\">\n<div class=\"richtext\">\n<h2>Festures de la v\u00e1lvula de control reductora de presi\u00f3n<\/h2>\n<div class=\"text-center\"><img loading=\"lazy\" decoding=\"async\" class=\"alignnone size-medium wp-image-17053\" src=\"https:\/\/zecovalve.com\/wp-content\/uploads\/2022\/06\/surge-anticipating-valve-features-300x225.png\" alt=\"\" width=\"300\" height=\"225\" srcset=\"https:\/\/zecovalve.com\/wp-content\/uploads\/2022\/06\/surge-anticipating-valve-features-300x225.png 300w, https:\/\/zecovalve.com\/wp-content\/uploads\/2022\/06\/surge-anticipating-valve-features.png 600w\" sizes=\"auto, (max-width: 300px) 100vw, 300px\" \/><\/div>\n<ul class=\"list-paddingleft-2\">\n<li>Control de presi\u00f3n sensible y preciso<\/li>\n<li>Presi\u00f3n est\u00e1tica ajustable y presi\u00f3n din\u00e1mica.<\/li>\n<li>La presi\u00f3n de salida no fluct\u00faa con la presi\u00f3n de entrada<\/li>\n<li>Puerto completo, peque\u00f1a resistencia a los fluidos<\/li>\n<\/ul>\n<\/div>\n<div class=\"richtext\">\n<h2>Principio de funcionamiento de la v\u00e1lvula reductora de presi\u00f3n<\/h2>\n<div class=\"text-center\">\u00a0<img loading=\"lazy\" decoding=\"async\" class=\"alignnone size-medium wp-image-17208\" src=\"https:\/\/zecovalve.com\/wp-content\/uploads\/2022\/06\/pressure-reducing-control-valve-working-principle-300x225.jpg\" alt=\"\" width=\"300\" height=\"225\" srcset=\"https:\/\/zecovalve.com\/wp-content\/uploads\/2022\/06\/pressure-reducing-control-valve-working-principle-300x225.jpg 300w, https:\/\/zecovalve.com\/wp-content\/uploads\/2022\/06\/pressure-reducing-control-valve-working-principle.jpg 482w\" sizes=\"auto, (max-width: 300px) 100vw, 300px\" \/><\/div>\n<p>Cuando el agua fluye a trav\u00e9s de la v\u00e1lvula, el agua fluye hacia la c\u00e1mara de control de la v\u00e1lvula principal a trav\u00e9s de la v\u00e1lvula de aguja y la presi\u00f3n de salida se impone sobre la v\u00e1lvula piloto a trav\u00e9s del conducto gu\u00eda. Cuando la presi\u00f3n de salida es mayor que la presi\u00f3n establecida de la v\u00e1lvula piloto, la presi\u00f3n de salida ya no aumenta; cuando la presi\u00f3n de salida de la v\u00e1lvula se reduce a la presi\u00f3n establecida de la v\u00e1lvula piloto, la v\u00e1lvula piloto se abre y el agua se descarga fuera de la c\u00e1mara de control. Debido a que el agua descargada del sistema de v\u00e1lvula piloto es mayor que el flujo de agua entrante, la presi\u00f3n en la c\u00e1mara de control de la v\u00e1lvula principal se reduce. La presi\u00f3n de entrada fuerza la apertura de la v\u00e1lvula principal. En un estado estable, la entrada de agua y el agua descargada de la c\u00e1mara de control son iguales. La apertura de la v\u00e1lvula principal se mantiene constante, con una presi\u00f3n de salida estable.<\/p>\n<\/div>\n<div class=\"richtext\">\n<h2>Instalaci\u00f3n y puesta en marcha de v\u00e1lvulas reductoras de presi\u00f3n<\/h2>\n<div class=\"text-center\"><img loading=\"lazy\" decoding=\"async\" class=\"alignnone size-medium wp-image-17207\" src=\"https:\/\/zecovalve.com\/wp-content\/uploads\/2022\/06\/pressure-reducing-control-valve-installation-300x225.jpg\" alt=\"\" width=\"300\" height=\"225\" srcset=\"https:\/\/zecovalve.com\/wp-content\/uploads\/2022\/06\/pressure-reducing-control-valve-installation-300x225.jpg 300w, https:\/\/zecovalve.com\/wp-content\/uploads\/2022\/06\/pressure-reducing-control-valve-installation.jpg 489w\" sizes=\"auto, (max-width: 300px) 100vw, 300px\" \/><\/div>\n<p>Para comodidad de operaci\u00f3n, ajuste y mantenimiento, el <a href=\"https:\/\/zecovalve.com\/es\/water-pressure-reducing-valve-manufacturer-zeco-valve.html\/\" data-internallinksmanager029f6b8e52c=\"8\" title=\"V\u00e1lvula reductora de presi\u00f3n\" target=\"_blank\" rel=\"noopener\">v\u00e1lvula reductora de presi\u00f3n<\/a> Por lo general, se instala en una tuber\u00eda horizontal junto con un respaldo. <a href=\"https:\/\/zecovalve.com\/es\/water-pressure-reducing-valve-manufacturer-zeco-valve.html\/\" data-internallinksmanager029f6b8e52c=\"8\" title=\"V\u00e1lvula reductora de presi\u00f3n\" target=\"_blank\" rel=\"noopener\">v\u00e1lvula reductora de presi\u00f3n<\/a> grupo. Cada grado de primavera del <a href=\"https:\/\/zecovalve.com\/es\/water-pressure-reducing-valve-manufacturer-zeco-valve.html\/\" data-internallinksmanager029f6b8e52c=\"8\" title=\"V\u00e1lvula reductora de presi\u00f3n\" target=\"_blank\" rel=\"noopener\">v\u00e1lvula reductora de presi\u00f3n<\/a> \u00a0Solo se puede aplicar en un cierto rango de presi\u00f3n de salida, y la presi\u00f3n de salida solo se puede configurar ajustando el resorte de la v\u00e1lvula piloto. Para uso espec\u00edfico, consulte con ZECO Valve Group.<\/p>\n<\/div>\n<div class=\"richtext\">\n<h2>Material y est\u00e1ndar de la v\u00e1lvula reductora de presi\u00f3n<\/h2>\n<p>Rango de tama\u00f1o: 2\u2033~24\u2033<\/p>\n<p>Presi\u00f3n nominal: 10bar ~ 25bar<\/p>\n<p>Dimensiones cara a cara: AMSE B16.10, EN558-1<\/p>\n<p>Dimensi\u00f3n del extremo de la brida: AMSE B16.1\/16.42, AS4087, EN1092-2<\/p>\n<p>Revestimiento: Revestimiento epoxi por fusi\u00f3n<\/p>\n<p>Inspecci\u00f3n y ensayo: ISO 5208 \/ EN 12226-2<\/p>\n<div class=\"over-tabs\">\n<table width=\"1248\">\n<tbody>\n<tr class=\"firstRow\">\n<td>Pieza<\/td>\n<td>Material<\/td>\n<td>Est\u00e1ndar<\/td>\n<\/tr>\n<tr>\n<td>Cuerpo<\/td>\n<td>Hierro d\u00factil<\/td>\n<td>ES 1563\/DIN 1693<\/td>\n<\/tr>\n<tr>\n<td>Cap\u00f3<\/td>\n<td>Hierro d\u00factil<\/td>\n<td>ES 1563\/DIN 1693<\/td>\n<\/tr>\n<tr>\n<td>Recorte<\/td>\n<td>Acero inoxidable 431<\/td>\n<td>EN10088-1\/ASTM A959<\/td>\n<\/tr>\n<tr>\n<td>Asiento<\/td>\n<td>Acero inoxidable 431<\/td>\n<td>EN10088-1\/ASTM A959<\/td>\n<\/tr>\n<tr>\n<td>Diafragma<\/td>\n<td>EPDM \/ NBR<\/td>\n<td>ISO 4633<\/td>\n<\/tr>\n<tr>\n<td>V\u00e1lvula piloto<\/td>\n<td>Acero inoxidable 431<\/td>\n<td>EN10088-1\/ASTM A959<\/td>\n<\/tr>\n<tr>\n<td colspan=\"3\">Para las opciones de materiales que no figuran en la lista, consulte con la f\u00e1brica.<\/p>\n<p>ZECO fabrica v\u00e1lvulas en m\u00e1s de 50 aleaciones diferentes.<\/td>\n<\/tr>\n<\/tbody>\n<\/table>\n<\/div>\n<\/div>\n<\/div>\n<\/div>\n<\/div>\n<\/div>","protected":false},"excerpt":{"rendered":"<p>V\u00e1lvula reductora de presi\u00f3n Caracter\u00edsticas de la v\u00e1lvula de control reductora de presi\u00f3n Control de presi\u00f3n sensible y preciso Presi\u00f3n est\u00e1tica y presi\u00f3n din\u00e1mica ajustables Presi\u00f3n de salida... <a title=\"V\u00e1lvula reductora de presi\u00f3n\" class=\"read-more\" href=\"https:\/\/zecovalve.com\/es\/producto\/pressure-reducing-valve\" aria-label=\"M\u00e1s en V\u00e1lvula Reductora de Presi\u00f3n\">Leer m\u00e1s<\/a><\/p>","protected":false},"featured_media":27951,"comment_status":"closed","ping_status":"closed","template":"","meta":{"_generate-full-width-content":"","kt_blocks_editor_width":""},"product_cat":[2597,2526],"product_tag":[2662,2805,2723],"class_list":["post-17206","product","type-product","status-publish","has-post-thumbnail","hentry","product_cat-pressure-control-valve","product_cat-water-control-valve","product_tag-pressure-control-valve","product_tag-pump-valve","product_tag-what-is-a-valve","sales-flash-overlay","woocommerce-text-align-center","woocommerce-image-align-center","do-quantity-buttons"],"featured_image_src_large":["https:\/\/zecovalve.com\/wp-content\/uploads\/2022\/06\/Pressure-Reducing-Valve-3.jpg",800,600,false],"author_info":[],"comment_info":0,"taxonomy_info":{"product_cat":[{"value":2597,"label":"Pressure Control Valve"},{"value":2526,"label":"Water Control Valve"}],"product_tag":[{"value":2662,"label":"Pressure Control Valve"},{"value":2805,"label":"Pump Valve"},{"value":2723,"label":"What is a Valve"}]},"yoast_head":"<!-- This site is optimized with the Yoast SEO Premium plugin v15.4 - https:\/\/yoast.com\/wordpress\/plugins\/seo\/ -->\n<title>Pressure Reducing Valve - ZECO Valve<\/title>\n<meta name=\"robots\" content=\"index, follow, max-snippet:-1, max-image-preview:large, max-video-preview:-1\" \/>\n<link rel=\"canonical\" href=\"https:\/\/zecovalve.com\/es\/producto\/pressure-reducing-valve\" \/>\n<meta property=\"og:locale\" content=\"es_ES\" \/>\n<meta property=\"og:type\" content=\"article\" \/>\n<meta property=\"og:title\" content=\"Pressure Reducing Valve - ZECO Valve\" \/>\n<meta property=\"og:description\" content=\"Pressure Reducing Valve Festures of Pressure Reducing Control Valve Sensitive and accurate pressure control Adjustable static pressure and dynamic pressure Outlet pressure ... Leer m\u00e1s\" \/>\n<meta property=\"og:url\" content=\"https:\/\/zecovalve.com\/es\/producto\/pressure-reducing-valve\" \/>\n<meta property=\"og:site_name\" content=\"ZECO Valve\" \/>\n<meta property=\"article:modified_time\" content=\"2023-06-26T05:40:05+00:00\" \/>\n<meta property=\"og:image\" content=\"https:\/\/zecovalve.com\/wp-content\/uploads\/2022\/06\/Pressure-Reducing-Valve-3.jpg\" \/>\n\t<meta property=\"og:image:width\" content=\"800\" \/>\n\t<meta property=\"og:image:height\" content=\"600\" \/>\n<meta name=\"twitter:card\" content=\"summary_large_image\" \/>\n<meta name=\"twitter:label1\" content=\"Escrito por\">\n\t<meta name=\"twitter:data1\" content=\"Jerry\">\n\t<meta name=\"twitter:label2\" content=\"Tiempo de lectura\">\n\t<meta name=\"twitter:data2\" content=\"1 minuto\">\n<script type=\"application\/ld+json\" class=\"yoast-schema-graph\">{\"@context\":\"https:\/\/schema.org\",\"@graph\":[{\"@type\":\"WebSite\",\"@id\":\"https:\/\/zecovalve.com\/#website\",\"url\":\"https:\/\/zecovalve.com\/\",\"name\":\"ZECO Valve\",\"description\":\"Industrial Ball Valve, Gate Valve and Globe Valve Manufacturer\",\"potentialAction\":[{\"@type\":\"SearchAction\",\"target\":\"https:\/\/zecovalve.com\/?s={search_term_string}\",\"query-input\":\"required name=search_term_string\"}],\"inLanguage\":\"es\"},{\"@type\":\"ImageObject\",\"@id\":\"https:\/\/zecovalve.com\/product\/pressure-reducing-valve#primaryimage\",\"inLanguage\":\"es\",\"url\":\"https:\/\/zecovalve.com\/wp-content\/uploads\/2022\/06\/Pressure-Reducing-Valve-3.jpg\",\"width\":800,\"height\":600,\"caption\":\"Pressure Reducing Valve\"},{\"@type\":\"WebPage\",\"@id\":\"https:\/\/zecovalve.com\/product\/pressure-reducing-valve#webpage\",\"url\":\"https:\/\/zecovalve.com\/product\/pressure-reducing-valve\",\"name\":\"Pressure Reducing Valve - ZECO Valve\",\"isPartOf\":{\"@id\":\"https:\/\/zecovalve.com\/#website\"},\"primaryImageOfPage\":{\"@id\":\"https:\/\/zecovalve.com\/product\/pressure-reducing-valve#primaryimage\"},\"datePublished\":\"2022-06-27T09:26:51+00:00\",\"dateModified\":\"2023-06-26T05:40:05+00:00\",\"breadcrumb\":{\"@id\":\"https:\/\/zecovalve.com\/product\/pressure-reducing-valve#breadcrumb\"},\"inLanguage\":\"es\",\"potentialAction\":[{\"@type\":\"ReadAction\",\"target\":[\"https:\/\/zecovalve.com\/product\/pressure-reducing-valve\"]}]},{\"@type\":\"BreadcrumbList\",\"@id\":\"https:\/\/zecovalve.com\/product\/pressure-reducing-valve#breadcrumb\",\"itemListElement\":[{\"@type\":\"ListItem\",\"position\":1,\"item\":{\"@type\":\"WebPage\",\"@id\":\"https:\/\/zecovalve.com\/\",\"url\":\"https:\/\/zecovalve.com\/\",\"name\":\"Home\"}},{\"@type\":\"ListItem\",\"position\":2,\"item\":{\"@type\":\"WebPage\",\"@id\":\"https:\/\/zecovalve.com\/product-category\",\"url\":\"https:\/\/zecovalve.com\/product-category\",\"name\":\"Industrial Valve Manufacturer | Water Valve Manufacturer\"}},{\"@type\":\"ListItem\",\"position\":3,\"item\":{\"@type\":\"WebPage\",\"@id\":\"https:\/\/zecovalve.com\/product\/pressure-reducing-valve\",\"url\":\"https:\/\/zecovalve.com\/product\/pressure-reducing-valve\",\"name\":\"Pressure Reducing Valve\"}}]}]}<\/script>\n<!-- \/ Yoast SEO Premium plugin. -->","_links":{"self":[{"href":"https:\/\/zecovalve.com\/es\/wp-json\/wp\/v2\/product\/17206","targetHints":{"allow":["GET"]}}],"collection":[{"href":"https:\/\/zecovalve.com\/es\/wp-json\/wp\/v2\/product"}],"about":[{"href":"https:\/\/zecovalve.com\/es\/wp-json\/wp\/v2\/types\/product"}],"replies":[{"embeddable":true,"href":"https:\/\/zecovalve.com\/es\/wp-json\/wp\/v2\/comments?post=17206"}],"wp:featuredmedia":[{"embeddable":true,"href":"https:\/\/zecovalve.com\/es\/wp-json\/wp\/v2\/media\/27951"}],"wp:attachment":[{"href":"https:\/\/zecovalve.com\/es\/wp-json\/wp\/v2\/media?parent=17206"}],"wp:term":[{"taxonomy":"product_cat","embeddable":true,"href":"https:\/\/zecovalve.com\/es\/wp-json\/wp\/v2\/product_cat?post=17206"},{"taxonomy":"product_tag","embeddable":true,"href":"https:\/\/zecovalve.com\/es\/wp-json\/wp\/v2\/product_tag?post=17206"}],"curies":[{"name":"wp","href":"https:\/\/api.w.org\/{rel}","templated":true}]}}