{"id":17215,"date":"2022-06-27T09:34:46","date_gmt":"2022-06-27T09:34:46","guid":{"rendered":"https:\/\/zecovalve.com\/?post_type=product&#038;p=17215"},"modified":"2023-06-15T13:13:43","modified_gmt":"2023-06-15T13:13:43","slug":"resilient-seated-gate-valve","status":"publish","type":"product","link":"https:\/\/zecovalve.com\/es\/producto\/resilient-seated-gate-valve","title":{"rendered":"V\u00e1lvula de compuerta de asiento el\u00e1stico"},"content":{"rendered":"<div class=\"sep-pages-boxs bgs clearfix\">\n<div class=\"sep-container clearfix\">\n<p><img loading=\"lazy\" decoding=\"async\" class=\"size-medium wp-image-27896\" src=\"https:\/\/zecovalve.com\/wp-content\/uploads\/2022\/06\/Resilient-Gate-Valve-300x225.jpg\" alt=\"V\u00e1lvula de compuerta resistente\" width=\"300\" height=\"225\" srcset=\"https:\/\/zecovalve.com\/wp-content\/uploads\/2022\/06\/Resilient-Gate-Valve-300x225.jpg 300w, https:\/\/zecovalve.com\/wp-content\/uploads\/2022\/06\/Resilient-Gate-Valve-768x576.jpg 768w, https:\/\/zecovalve.com\/wp-content\/uploads\/2022\/06\/Resilient-Gate-Valve-600x450.jpg 600w, https:\/\/zecovalve.com\/wp-content\/uploads\/2022\/06\/Resilient-Gate-Valve.jpg 800w\" sizes=\"auto, (max-width: 300px) 100vw, 300px\" \/><\/p>\n<\/div>\n<\/div>\n<div class=\"sep-pages-boxs clearfix\">\n<div class=\"sep-container clearfix\">\n<div id=\"zf-nexts\" class=\"flex clearfix\">\n<div class=\"bq-zf-lefts\">\n<div class=\"richtext\">\n<h2>Caracter\u00edsticas de la v\u00e1lvula de compuerta con asiento el\u00e1stico<\/h2>\n<div class=\"text-center\">\u00a0\u00a0<img loading=\"lazy\" decoding=\"async\" class=\"alignnone size-medium wp-image-17218\" src=\"https:\/\/zecovalve.com\/wp-content\/uploads\/2022\/06\/resilient-gate-valve-disc1534317028-300x225.png\" alt=\"\" width=\"300\" height=\"225\" srcset=\"https:\/\/zecovalve.com\/wp-content\/uploads\/2022\/06\/resilient-gate-valve-disc1534317028-300x225.png 300w, https:\/\/zecovalve.com\/wp-content\/uploads\/2022\/06\/resilient-gate-valve-disc1534317028.png 600w\" sizes=\"auto, (max-width: 300px) 100vw, 300px\" \/><\/div>\n<ul class=\"list-paddingleft-2\">\n<li>Plano de di\u00e1metro completo: gu\u00eda inferior, sin acumulaci\u00f3n de residuos;<\/li>\n<li>Disco EPDM totalmente cubierto, sin corrosi\u00f3n;<\/li>\n<li>Tuerca del disco m\u00f3vil, desplazamiento adaptativo;<\/li>\n<li>La junta t\u00f3rica de cambio de presi\u00f3n variable.<\/li>\n<\/ul>\n<\/div>\n<div class=\"richtext\">\n<h2>Principio de funcionamiento de la v\u00e1lvula de compuerta con asiento resistente<\/h2>\n<div class=\"text-center\"><img loading=\"lazy\" decoding=\"async\" class=\"alignnone size-medium wp-image-17217\" src=\"https:\/\/zecovalve.com\/wp-content\/uploads\/2022\/06\/manual-resilient-gate-valve-principle-300x225.jpg\" alt=\"\" width=\"300\" height=\"225\" srcset=\"https:\/\/zecovalve.com\/wp-content\/uploads\/2022\/06\/manual-resilient-gate-valve-principle-300x225.jpg 300w, https:\/\/zecovalve.com\/wp-content\/uploads\/2022\/06\/manual-resilient-gate-valve-principle.jpg 600w\" sizes=\"auto, (max-width: 300px) 100vw, 300px\" \/><\/div>\n<p>El sello principal es una compuerta cubierta enteramente de goma, bajo<span style=\"font-size: inherit;\">La acci\u00f3n de la fuerza operativa y la presi\u00f3n hidr\u00e1ulica produjo una peque\u00f1a cantidad de deformaci\u00f3n el\u00e1stica adaptativa y la fundici\u00f3n de precisi\u00f3n de la carrera del asiento tiene un excelente efecto de sellado.<\/span><\/p>\n<\/div>\n<div class=\"richtext\">\n<h2>Instalaci\u00f3n y puesta en marcha de v\u00e1lvulas de compuerta de asiento resistente<\/h2>\n<div class=\"text-center\"><img loading=\"lazy\" decoding=\"async\" class=\"alignnone size-medium wp-image-17216\" src=\"https:\/\/zecovalve.com\/wp-content\/uploads\/2022\/06\/manual-resilient-gate-valve-2_1631946385-300x225.png\" alt=\"\" width=\"300\" height=\"225\" srcset=\"https:\/\/zecovalve.com\/wp-content\/uploads\/2022\/06\/manual-resilient-gate-valve-2_1631946385-300x225.png 300w, https:\/\/zecovalve.com\/wp-content\/uploads\/2022\/06\/manual-resilient-gate-valve-2_1631946385.png 600w\" sizes=\"auto, (max-width: 300px) 100vw, 300px\" \/><\/div>\n<p>Si se requiere mantenimiento, la junta t\u00f3rica se puede reemplazar en l\u00ednea directamente en la tuber\u00eda. Cuando se instala, preste atenci\u00f3n al uso de temperatura y corrosividad, se puede usar para reemplazar piezas de goma adecuadas para el uso de temperatura. Para uso espec\u00edfico, consulte con ZECO Valve Group.<\/p>\n<\/div>\n<div class=\"richtext\">\n<h2>Material y est\u00e1ndar de la v\u00e1lvula de compuerta con asiento resistente<\/h2>\n<p>Gama de tama\u00f1os: 2\u2033~48\u2033.<br \/>\nPresi\u00f3n nominal: 10bar ~ 25bar<br \/>\nDimensiones cara a cara: AMSE B16.10, EN558-1<br \/>\nDimensi\u00f3n del extremo de la brida: AMSE B16.1\/16.42, AS4087, EN1092-2<br \/>\nRevestimiento: Revestimiento epoxi por fusi\u00f3n<br \/>\nInspecci\u00f3n y ensayo: ISO 5208 \/ EN 12226-2<\/p>\n<div class=\"over-tabs\">\n<table>\n<tbody>\n<tr class=\"firstRow\">\n<td>Pieza<\/td>\n<td>Material<\/td>\n<td>Est\u00e1ndar<\/td>\n<\/tr>\n<tr>\n<td>Cuerpo<\/td>\n<td>Hierro d\u00factil<\/td>\n<td>ES 1563\/DIN 1693<\/td>\n<\/tr>\n<tr>\n<td>Cap\u00f3<\/td>\n<td>Hierro d\u00factil<\/td>\n<td>ES 1563\/DIN 1693<\/td>\n<\/tr>\n<tr>\n<td>V\u00e1stago<\/td>\n<td>Acero inoxidable 431<\/td>\n<td>EN10088-1\/ASTM A959<\/td>\n<\/tr>\n<tr>\n<td>Cu\u00f1a<\/td>\n<td>Hierro D\u00factil + EPDM \/ NBR<\/td>\n<td>EN 1563\/ISO 4633<\/td>\n<\/tr>\n<tr>\n<td>Tuerca<\/td>\n<td>CuZn39Pb1 \/ C37000<\/td>\n<td>EN12167\/ASTM B135<\/td>\n<\/tr>\n<tr>\n<td>Volante<\/td>\n<td>Hierro d\u00factil<\/td>\n<td>ES 1563\/DIN 1693<\/td>\n<\/tr>\n<tr>\n<td colspan=\"3\">Para las opciones de materiales que no figuran en la lista, consulte con la f\u00e1brica.<\/p>\n<p>ZECO fabrica v\u00e1lvulas en m\u00e1s de 50 aleaciones diferentes.<\/td>\n<\/tr>\n<\/tbody>\n<\/table>\n<\/div>\n<\/div>\n<\/div>\n<\/div>\n<\/div>\n<\/div>","protected":false},"excerpt":{"rendered":"<p>Caracter\u00edsticas de la v\u00e1lvula de compuerta con asiento el\u00e1stico Di\u00e1metro completo, canal inferior plano, sin acumulaci\u00f3n de residuos; Disco EPDM totalmente cubierto, sin corrosi\u00f3n; \u2026 <a title=\"V\u00e1lvula de compuerta de asiento el\u00e1stico\" class=\"read-more\" href=\"https:\/\/zecovalve.com\/es\/producto\/resilient-seated-gate-valve\" aria-label=\"M\u00e1s en V\u00e1lvula de compuerta de asiento resistente\">Leer m\u00e1s<\/a><\/p>","protected":false},"featured_media":27896,"comment_status":"closed","ping_status":"closed","template":"","meta":{"_generate-full-width-content":"","kt_blocks_editor_width":""},"product_cat":[2510],"product_tag":[2654,2658],"class_list":["post-17215","product","type-product","status-publish","has-post-thumbnail","hentry","product_cat-water-gate-valve","product_tag-hvac-valve","product_tag-isolation-valve","sales-flash-overlay","woocommerce-text-align-center","woocommerce-image-align-center","do-quantity-buttons"],"featured_image_src_large":["https:\/\/zecovalve.com\/wp-content\/uploads\/2022\/06\/Resilient-Gate-Valve.jpg",800,600,false],"author_info":[],"comment_info":0,"taxonomy_info":{"product_cat":[{"value":2510,"label":"Water Gate Valve"}],"product_tag":[{"value":2654,"label":"HVAC Valve"},{"value":2658,"label":"Isolation Valve"}]},"yoast_head":"<!-- This site is optimized with the Yoast SEO Premium plugin v15.4 - https:\/\/yoast.com\/wordpress\/plugins\/seo\/ -->\n<title>Resilient Seated Gate Valve - ZECO Valve<\/title>\n<meta name=\"robots\" content=\"index, follow, max-snippet:-1, max-image-preview:large, max-video-preview:-1\" \/>\n<link rel=\"canonical\" href=\"https:\/\/zecovalve.com\/es\/producto\/resilient-seated-gate-valve\" \/>\n<meta property=\"og:locale\" content=\"es_ES\" \/>\n<meta property=\"og:type\" content=\"article\" \/>\n<meta property=\"og:title\" content=\"Resilient Seated Gate Valve - ZECO Valve\" \/>\n<meta property=\"og:description\" content=\"Features of Resilient Seated Gate Valve \u00a0\u00a0 Full diameter flat &#8211; bottom runner, no debris pooling; Fully covered EPDM disc, no corrosion; ... Leer m\u00e1s\" \/>\n<meta property=\"og:url\" content=\"https:\/\/zecovalve.com\/es\/producto\/resilient-seated-gate-valve\" \/>\n<meta property=\"og:site_name\" content=\"ZECO Valve\" \/>\n<meta property=\"article:modified_time\" content=\"2023-06-15T13:13:43+00:00\" \/>\n<meta property=\"og:image\" content=\"https:\/\/zecovalve.com\/wp-content\/uploads\/2022\/06\/Resilient-Gate-Valve.jpg\" \/>\n\t<meta property=\"og:image:width\" content=\"800\" \/>\n\t<meta property=\"og:image:height\" content=\"600\" \/>\n<meta name=\"twitter:card\" content=\"summary_large_image\" \/>\n<meta name=\"twitter:label1\" content=\"Escrito por\">\n\t<meta name=\"twitter:data1\" content=\"Jerry\">\n\t<meta name=\"twitter:label2\" content=\"Tiempo de lectura\">\n\t<meta name=\"twitter:data2\" content=\"1 minuto\">\n<script type=\"application\/ld+json\" class=\"yoast-schema-graph\">{\"@context\":\"https:\/\/schema.org\",\"@graph\":[{\"@type\":\"WebSite\",\"@id\":\"https:\/\/zecovalve.com\/#website\",\"url\":\"https:\/\/zecovalve.com\/\",\"name\":\"ZECO Valve\",\"description\":\"Industrial Ball Valve, Gate Valve and Globe Valve Manufacturer\",\"potentialAction\":[{\"@type\":\"SearchAction\",\"target\":\"https:\/\/zecovalve.com\/?s={search_term_string}\",\"query-input\":\"required name=search_term_string\"}],\"inLanguage\":\"es\"},{\"@type\":\"ImageObject\",\"@id\":\"https:\/\/zecovalve.com\/product\/resilient-seated-gate-valve#primaryimage\",\"inLanguage\":\"es\",\"url\":\"https:\/\/zecovalve.com\/wp-content\/uploads\/2022\/06\/Resilient-Gate-Valve.jpg\",\"width\":800,\"height\":600,\"caption\":\"Resilient Gate Valve\"},{\"@type\":\"WebPage\",\"@id\":\"https:\/\/zecovalve.com\/product\/resilient-seated-gate-valve#webpage\",\"url\":\"https:\/\/zecovalve.com\/product\/resilient-seated-gate-valve\",\"name\":\"Resilient Seated Gate Valve - ZECO Valve\",\"isPartOf\":{\"@id\":\"https:\/\/zecovalve.com\/#website\"},\"primaryImageOfPage\":{\"@id\":\"https:\/\/zecovalve.com\/product\/resilient-seated-gate-valve#primaryimage\"},\"datePublished\":\"2022-06-27T09:34:46+00:00\",\"dateModified\":\"2023-06-15T13:13:43+00:00\",\"breadcrumb\":{\"@id\":\"https:\/\/zecovalve.com\/product\/resilient-seated-gate-valve#breadcrumb\"},\"inLanguage\":\"es\",\"potentialAction\":[{\"@type\":\"ReadAction\",\"target\":[\"https:\/\/zecovalve.com\/product\/resilient-seated-gate-valve\"]}]},{\"@type\":\"BreadcrumbList\",\"@id\":\"https:\/\/zecovalve.com\/product\/resilient-seated-gate-valve#breadcrumb\",\"itemListElement\":[{\"@type\":\"ListItem\",\"position\":1,\"item\":{\"@type\":\"WebPage\",\"@id\":\"https:\/\/zecovalve.com\/\",\"url\":\"https:\/\/zecovalve.com\/\",\"name\":\"Home\"}},{\"@type\":\"ListItem\",\"position\":2,\"item\":{\"@type\":\"WebPage\",\"@id\":\"https:\/\/zecovalve.com\/product-category\",\"url\":\"https:\/\/zecovalve.com\/product-category\",\"name\":\"Industrial Valve Manufacturer | Water Valve Manufacturer\"}},{\"@type\":\"ListItem\",\"position\":3,\"item\":{\"@type\":\"WebPage\",\"@id\":\"https:\/\/zecovalve.com\/product\/resilient-seated-gate-valve\",\"url\":\"https:\/\/zecovalve.com\/product\/resilient-seated-gate-valve\",\"name\":\"Resilient Seated Gate Valve\"}}]}]}<\/script>\n<!-- \/ Yoast SEO Premium plugin. -->","_links":{"self":[{"href":"https:\/\/zecovalve.com\/es\/wp-json\/wp\/v2\/product\/17215","targetHints":{"allow":["GET"]}}],"collection":[{"href":"https:\/\/zecovalve.com\/es\/wp-json\/wp\/v2\/product"}],"about":[{"href":"https:\/\/zecovalve.com\/es\/wp-json\/wp\/v2\/types\/product"}],"replies":[{"embeddable":true,"href":"https:\/\/zecovalve.com\/es\/wp-json\/wp\/v2\/comments?post=17215"}],"wp:featuredmedia":[{"embeddable":true,"href":"https:\/\/zecovalve.com\/es\/wp-json\/wp\/v2\/media\/27896"}],"wp:attachment":[{"href":"https:\/\/zecovalve.com\/es\/wp-json\/wp\/v2\/media?parent=17215"}],"wp:term":[{"taxonomy":"product_cat","embeddable":true,"href":"https:\/\/zecovalve.com\/es\/wp-json\/wp\/v2\/product_cat?post=17215"},{"taxonomy":"product_tag","embeddable":true,"href":"https:\/\/zecovalve.com\/es\/wp-json\/wp\/v2\/product_tag?post=17215"}],"curies":[{"name":"wp","href":"https:\/\/api.w.org\/{rel}","templated":true}]}}