{"id":17240,"date":"2022-06-27T12:22:00","date_gmt":"2022-06-27T12:22:00","guid":{"rendered":"https:\/\/zecovalve.com\/?post_type=product&#038;p=17240"},"modified":"2023-06-26T06:05:35","modified_gmt":"2023-06-26T06:05:35","slug":"picv","status":"publish","type":"product","link":"https:\/\/zecovalve.com\/es\/producto\/picv","title":{"rendered":"PICV"},"content":{"rendered":"<div class=\"sep-pages-boxs bgs clearfix\">\n<div class=\"sep-container clearfix\">\n<h1 class=\"titles sizes1 cens gtj-ff-bold\">PICV<\/h1>\n<div class=\"bq-sep-pro-detail-thumbs ons clearfix\">\n<div class=\"thumbs\">\n<div class=\"imgs ons\">\n<div class=\"swiper-container swiper-container-initialized swiper-container-horizontal\">\n<div class=\"swiper-wrapper\">\n<div class=\"swiper-slide swiper-slide-active\">\n<p><img loading=\"lazy\" decoding=\"async\" class=\"wp-image-27958 size-medium\" src=\"https:\/\/zecovalve.com\/wp-content\/uploads\/2022\/06\/PICV-300x225.jpg\" alt=\"PICV\" width=\"300\" height=\"225\" srcset=\"https:\/\/zecovalve.com\/wp-content\/uploads\/2022\/06\/PICV-300x225.jpg 300w, https:\/\/zecovalve.com\/wp-content\/uploads\/2022\/06\/PICV-768x576.jpg 768w, https:\/\/zecovalve.com\/wp-content\/uploads\/2022\/06\/PICV-600x450.jpg 600w, https:\/\/zecovalve.com\/wp-content\/uploads\/2022\/06\/PICV.jpg 800w\" sizes=\"auto, (max-width: 300px) 100vw, 300px\" \/><\/p>\n<\/div>\n<\/div>\n<\/div>\n<div class=\"lr-lists-boxs\"><\/div>\n<\/div>\n<\/div>\n<\/div>\n<\/div>\n<\/div>\n<div class=\"sep-pages-boxs clearfix\">\n<div class=\"sep-container clearfix\">\n<div id=\"zf-nexts\" class=\"flex clearfix\">\n<div class=\"bq-zf-lefts\">\n<div class=\"richtext\">\n<h2>Caracter\u00edsticas de la v\u00e1lvula de control independiente de la presi\u00f3n<\/h2>\n<div class=\"text-center\"><\/div>\n<ul class=\"list-paddingleft-2\">\n<li>No se requiere energ\u00eda externa para la regulaci\u00f3n autom\u00e1tica del caudal;<\/li>\n<li>Ajuste autom\u00e1ticamente el caudal de los equipos o tuber\u00edas para satisfacer el caudal de dise\u00f1o requerido;<\/li>\n<li>No es necesario depurar el equilibrio antes de ejecutar el sistema;<\/li>\n<li>Mantener constante el caudal de la tuber\u00eda.<\/li>\n<\/ul>\n<\/div>\n<div class=\"richtext\">\n<h2>Principio de funcionamiento del PICV<\/h2>\n<div class=\"text-center\"><\/div>\n<p>Cuando el rango de control de la diferencia de presi\u00f3n est\u00e1 por encima, el tanque de la v\u00e1lvula est\u00e1 completamente comprimido, el \u00e1rea de flujo transversal es s\u00f3lo el canal de dise\u00f1o m\u00ednimo, y el caudal cambia con la diferencia de presi\u00f3n. Cuando la diferencia de presi\u00f3n est\u00e1 dentro del rango de control, el tanque de la v\u00e1lvula se mueve con la diferencia de presi\u00f3n, cambiando as\u00ed el \u00e1rea de flujo y manteniendo el caudal en el valor establecido. Bajo el rango de control de la diferencia de presi\u00f3n, la v\u00e1lvula se extiende completamente para revelar el \u00e1rea m\u00e1xima de sobrecorriente, y el caudal cambia con la diferencia de presi\u00f3n.<\/p>\n<\/div>\n<div class=\"richtext\">\n<h2>Instalaci\u00f3n y puesta en marcha de PICV<\/h2>\n<div class=\"text-center\"><img decoding=\"async\" title=\"Instalaci\u00f3n y puesta en servicio de v\u00e1lvulas de equilibrado din\u00e1mico\" src=\"https:\/\/www.zhengfengvalve.com\/uploads\/image\/20210918\/14\/dynamic-balancing-valve-installation-and-commissioning.png\" alt=\"Instalaci\u00f3n y puesta en servicio de v\u00e1lvulas de equilibrado din\u00e1mico\" \/><\/div>\n<p>Esta v\u00e1lvula se utiliza principalmente para la regulaci\u00f3n del caudal y el equilibrado hidr\u00e1ulico. No se puede utilizar como v\u00e1lvula de cierre porque hay una cierta cantidad de fugas cuando est\u00e1 cerrada. Para usos espec\u00edficos, consulte a Zeco Valve Group.<\/p>\n<\/div>\n<div class=\"richtext\">\n<h2>Material y norma PICV<\/h2>\n<p>Rango de tama\u00f1o: 1\/2\u2033~2\u2033<br \/>\nPresi\u00f3n nominal: 10bar ~ 25bar<\/p>\n<p>Dimensiones cara a cara:EN 558-1, ASME B 16.10<\/p>\n<p>Dimensi\u00f3n del extremo de la brida: BS 21<\/p>\n<p>Inspecci\u00f3n y ensayo: ISO 5208 \/ EN 12226-2<\/p>\n<div class=\"over-tabs\">\n<table cellspacing=\"0\">\n<tbody>\n<tr class=\"firstRow\">\n<td valign=\"center\">Pieza<\/td>\n<td valign=\"center\">Material<\/td>\n<td valign=\"center\">Est\u00e1ndar<\/td>\n<\/tr>\n<tr>\n<td valign=\"center\">Cuerpo<\/td>\n<td valign=\"center\">CuZn39Pb1 \/ C37000<\/td>\n<td valign=\"center\">EN12167\/ASTM B135<\/td>\n<\/tr>\n<tr>\n<td valign=\"center\">Cap\u00f3<\/td>\n<td valign=\"center\">CuZn39Pb1 \/ C37000<\/td>\n<td valign=\"center\">EN12167\/ASTM B135<\/td>\n<\/tr>\n<tr>\n<td valign=\"center\">Recorte<\/td>\n<td valign=\"center\">CuZn39Pb1 \/ C37000<\/td>\n<td valign=\"center\">EN12167\/ASTM B135<\/td>\n<\/tr>\n<tr>\n<td valign=\"center\">Puerto de medici\u00f3n<\/td>\n<td valign=\"center\">CuZn39Pb1 \/ C37000<\/td>\n<td valign=\"center\">EN12167\/ASTM B135<\/td>\n<\/tr>\n<tr>\n<td valign=\"center\">Junta t\u00f3rica<\/td>\n<td valign=\"center\">EPDM \/ NBR<\/td>\n<td valign=\"center\">ISO 4633<\/td>\n<\/tr>\n<tr>\n<td valign=\"center\">Volante<\/td>\n<td valign=\"center\">Nylon<\/td>\n<td valign=\"center\">ISO 4633<\/td>\n<\/tr>\n<tr>\n<td colspan=\"3\" valign=\"center\">Para opciones de materiales no listados, consultar con f\u00e1brica.<\/p>\n<p>Zeco fabrica v\u00e1lvulas en m\u00e1s de 50 aleaciones diferentes.<\/td>\n<\/tr>\n<\/tbody>\n<\/table>\n<\/div>\n<\/div>\n<\/div>\n<\/div>\n<\/div>\n<\/div>","protected":false},"excerpt":{"rendered":"<p>Caracter\u00edsticas PICV de la v\u00e1lvula de control independiente de la presi\u00f3n No se requiere energ\u00eda externa para la regulaci\u00f3n autom\u00e1tica del flujo; Ajustar autom\u00e1ticamente el flujo del equipo o de la tuber\u00eda... <a title=\"PICV\" class=\"read-more\" href=\"https:\/\/zecovalve.com\/es\/producto\/picv\" aria-label=\"M\u00e1s en PICV\">Leer m\u00e1s<\/a><\/p>","protected":false},"featured_media":27958,"comment_status":"closed","ping_status":"closed","template":"","meta":{"_generate-full-width-content":"","kt_blocks_editor_width":""},"product_cat":[2512],"product_tag":[2724,2654,2766,2727],"class_list":["post-17240","product","type-product","status-publish","has-post-thumbnail","hentry","product_cat-balancing-valve","product_tag-balancing-valve","product_tag-hvac-valve","product_tag-motorised-valve","product_tag-motorized-valve","sales-flash-overlay","woocommerce-text-align-center","woocommerce-image-align-center","do-quantity-buttons"],"featured_image_src_large":["https:\/\/zecovalve.com\/wp-content\/uploads\/2022\/06\/PICV.jpg",800,600,false],"author_info":[],"comment_info":0,"taxonomy_info":{"product_cat":[{"value":2512,"label":"Balancing Valve"}],"product_tag":[{"value":2724,"label":"Balancing Valve"},{"value":2654,"label":"HVAC Valve"},{"value":2766,"label":"Motorised Valve"},{"value":2727,"label":"Motorized Valve"}]},"yoast_head":"<!-- This site is optimized with the Yoast SEO Premium plugin v15.4 - https:\/\/yoast.com\/wordpress\/plugins\/seo\/ -->\n<title>PICV - ZECO Valve<\/title>\n<meta name=\"robots\" content=\"index, follow, max-snippet:-1, max-image-preview:large, max-video-preview:-1\" \/>\n<link rel=\"canonical\" href=\"https:\/\/zecovalve.com\/es\/producto\/picv\" \/>\n<meta property=\"og:locale\" content=\"es_ES\" \/>\n<meta property=\"og:type\" content=\"article\" \/>\n<meta property=\"og:title\" content=\"PICV - ZECO Valve\" \/>\n<meta property=\"og:description\" content=\"PICV Features of Pressure Independent Control Valve No external energy is required for automatic flow regulation; Automatically adjust equipment or pipeline flow ... Leer m\u00e1s\" \/>\n<meta property=\"og:url\" content=\"https:\/\/zecovalve.com\/es\/producto\/picv\" \/>\n<meta property=\"og:site_name\" content=\"ZECO Valve\" \/>\n<meta property=\"article:modified_time\" content=\"2023-06-26T06:05:35+00:00\" \/>\n<meta property=\"og:image\" content=\"https:\/\/zecovalve.com\/wp-content\/uploads\/2022\/06\/PICV.jpg\" \/>\n\t<meta property=\"og:image:width\" content=\"800\" \/>\n\t<meta property=\"og:image:height\" content=\"600\" \/>\n<meta name=\"twitter:card\" content=\"summary_large_image\" \/>\n<meta name=\"twitter:label1\" content=\"Escrito por\">\n\t<meta name=\"twitter:data1\" content=\"Jerry\">\n\t<meta name=\"twitter:label2\" content=\"Tiempo de lectura\">\n\t<meta name=\"twitter:data2\" content=\"1 minuto\">\n<script type=\"application\/ld+json\" class=\"yoast-schema-graph\">{\"@context\":\"https:\/\/schema.org\",\"@graph\":[{\"@type\":\"WebSite\",\"@id\":\"https:\/\/zecovalve.com\/#website\",\"url\":\"https:\/\/zecovalve.com\/\",\"name\":\"ZECO Valve\",\"description\":\"Industrial Ball Valve, Gate Valve and Globe Valve Manufacturer\",\"potentialAction\":[{\"@type\":\"SearchAction\",\"target\":\"https:\/\/zecovalve.com\/?s={search_term_string}\",\"query-input\":\"required name=search_term_string\"}],\"inLanguage\":\"es\"},{\"@type\":\"ImageObject\",\"@id\":\"https:\/\/zecovalve.com\/product\/picv#primaryimage\",\"inLanguage\":\"es\",\"url\":\"https:\/\/zecovalve.com\/wp-content\/uploads\/2022\/06\/PICV.jpg\",\"width\":800,\"height\":600,\"caption\":\"PICV\"},{\"@type\":\"WebPage\",\"@id\":\"https:\/\/zecovalve.com\/product\/picv#webpage\",\"url\":\"https:\/\/zecovalve.com\/product\/picv\",\"name\":\"PICV - ZECO Valve\",\"isPartOf\":{\"@id\":\"https:\/\/zecovalve.com\/#website\"},\"primaryImageOfPage\":{\"@id\":\"https:\/\/zecovalve.com\/product\/picv#primaryimage\"},\"datePublished\":\"2022-06-27T12:22:00+00:00\",\"dateModified\":\"2023-06-26T06:05:35+00:00\",\"breadcrumb\":{\"@id\":\"https:\/\/zecovalve.com\/product\/picv#breadcrumb\"},\"inLanguage\":\"es\",\"potentialAction\":[{\"@type\":\"ReadAction\",\"target\":[\"https:\/\/zecovalve.com\/product\/picv\"]}]},{\"@type\":\"BreadcrumbList\",\"@id\":\"https:\/\/zecovalve.com\/product\/picv#breadcrumb\",\"itemListElement\":[{\"@type\":\"ListItem\",\"position\":1,\"item\":{\"@type\":\"WebPage\",\"@id\":\"https:\/\/zecovalve.com\/\",\"url\":\"https:\/\/zecovalve.com\/\",\"name\":\"Home\"}},{\"@type\":\"ListItem\",\"position\":2,\"item\":{\"@type\":\"WebPage\",\"@id\":\"https:\/\/zecovalve.com\/product-category\",\"url\":\"https:\/\/zecovalve.com\/product-category\",\"name\":\"Industrial Valve Manufacturer | Water Valve Manufacturer\"}},{\"@type\":\"ListItem\",\"position\":3,\"item\":{\"@type\":\"WebPage\",\"@id\":\"https:\/\/zecovalve.com\/product\/picv\",\"url\":\"https:\/\/zecovalve.com\/product\/picv\",\"name\":\"PICV\"}}]}]}<\/script>\n<!-- \/ Yoast SEO Premium plugin. -->","_links":{"self":[{"href":"https:\/\/zecovalve.com\/es\/wp-json\/wp\/v2\/product\/17240","targetHints":{"allow":["GET"]}}],"collection":[{"href":"https:\/\/zecovalve.com\/es\/wp-json\/wp\/v2\/product"}],"about":[{"href":"https:\/\/zecovalve.com\/es\/wp-json\/wp\/v2\/types\/product"}],"replies":[{"embeddable":true,"href":"https:\/\/zecovalve.com\/es\/wp-json\/wp\/v2\/comments?post=17240"}],"wp:featuredmedia":[{"embeddable":true,"href":"https:\/\/zecovalve.com\/es\/wp-json\/wp\/v2\/media\/27958"}],"wp:attachment":[{"href":"https:\/\/zecovalve.com\/es\/wp-json\/wp\/v2\/media?parent=17240"}],"wp:term":[{"taxonomy":"product_cat","embeddable":true,"href":"https:\/\/zecovalve.com\/es\/wp-json\/wp\/v2\/product_cat?post=17240"},{"taxonomy":"product_tag","embeddable":true,"href":"https:\/\/zecovalve.com\/es\/wp-json\/wp\/v2\/product_tag?post=17240"}],"curies":[{"name":"wp","href":"https:\/\/api.w.org\/{rel}","templated":true}]}}