{"id":17283,"date":"2022-06-27T12:55:57","date_gmt":"2022-06-27T12:55:57","guid":{"rendered":"https:\/\/zecovalve.com\/?post_type=product&#038;p=17283"},"modified":"2023-06-15T13:14:22","modified_gmt":"2023-06-15T13:14:22","slug":"metal-seated-gate-valve","status":"publish","type":"product","link":"https:\/\/zecovalve.com\/es\/producto\/metal-seated-gate-valve","title":{"rendered":"V\u00e1lvula de compuerta con asiento de metal"},"content":{"rendered":"<div class=\"sep-pages-boxs bgs clearfix\">\n<div class=\"sep-container clearfix\">\n<p><img loading=\"lazy\" decoding=\"async\" class=\"size-medium wp-image-27897\" src=\"https:\/\/zecovalve.com\/wp-content\/uploads\/2022\/06\/Metal-Seated-Gate-Valve-1-300x225.jpg\" alt=\"V\u00e1lvula de compuerta con asiento de metal\" width=\"300\" height=\"225\" srcset=\"https:\/\/zecovalve.com\/wp-content\/uploads\/2022\/06\/Metal-Seated-Gate-Valve-1-300x225.jpg 300w, https:\/\/zecovalve.com\/wp-content\/uploads\/2022\/06\/Metal-Seated-Gate-Valve-1-768x576.jpg 768w, https:\/\/zecovalve.com\/wp-content\/uploads\/2022\/06\/Metal-Seated-Gate-Valve-1-600x450.jpg 600w, https:\/\/zecovalve.com\/wp-content\/uploads\/2022\/06\/Metal-Seated-Gate-Valve-1.jpg 800w\" sizes=\"auto, (max-width: 300px) 100vw, 300px\" \/><\/p>\n<\/div>\n<\/div>\n<div class=\"sep-pages-boxs clearfix\">\n<div class=\"sep-container clearfix\">\n<div id=\"zf-nexts\" class=\"flex clearfix\">\n<div class=\"bq-zf-lefts\">\n<div class=\"richtext\">\n<h2>Caracter\u00edsticas de la v\u00e1lvula de compuerta con asiento met\u00e1lico<\/h2>\n<div class=\"text-center\"><img loading=\"lazy\" decoding=\"async\" class=\"alignnone size-medium wp-image-16925\" src=\"https:\/\/zecovalve.com\/wp-content\/uploads\/2022\/06\/how-gate-valve-works-300x300.jpg\" alt=\"\" width=\"300\" height=\"300\" srcset=\"https:\/\/zecovalve.com\/wp-content\/uploads\/2022\/06\/how-gate-valve-works-300x300.jpg 300w, https:\/\/zecovalve.com\/wp-content\/uploads\/2022\/06\/how-gate-valve-works-150x150.jpg 150w, https:\/\/zecovalve.com\/wp-content\/uploads\/2022\/06\/how-gate-valve-works-768x768.jpg 768w, https:\/\/zecovalve.com\/wp-content\/uploads\/2022\/06\/how-gate-valve-works-400x400.jpg 400w, https:\/\/zecovalve.com\/wp-content\/uploads\/2022\/06\/how-gate-valve-works-600x600.jpg 600w, https:\/\/zecovalve.com\/wp-content\/uploads\/2022\/06\/how-gate-valve-works-100x100.jpg 100w, https:\/\/zecovalve.com\/wp-content\/uploads\/2022\/06\/how-gate-valve-works.jpg 800w\" sizes=\"auto, (max-width: 300px) 100vw, 300px\" \/><\/div>\n<ul class=\"list-paddingleft-2\">\n<li>El v\u00e1stago est\u00e1 sellado permanentemente mediante tres sellos independientes, y si el sello se desgasta despu\u00e9s de un uso prolongado, solo es necesario apretar los pernos del casquillo;<\/li>\n<li>V\u00e1stago de tope esf\u00e9rico, baja resistencia a la fricci\u00f3n, por lo que la v\u00e1lvula es ligera para abrir y cerrar, bajo par de operaci\u00f3n;<\/li>\n<li>La junta t\u00f3rica del v\u00e1stago principal se puede reemplazar con presi\u00f3n en la tuber\u00eda;<\/li>\n<li>Resina epoxi rociada sobre la superficie interior y exterior del producto, no es f\u00e1cil de corroer.<\/li>\n<\/ul>\n<\/div>\n<div class=\"richtext\">\n<h2>Principio de funcionamiento de la v\u00e1lvula de compuerta con asiento met\u00e1lico<\/h2>\n<div class=\"text-center\"><img loading=\"lazy\" decoding=\"async\" class=\"alignnone size-medium wp-image-17284\" src=\"https:\/\/zecovalve.com\/wp-content\/uploads\/2022\/06\/metal-seated-gate-valve-2-300x225.jpg\" alt=\"\" width=\"300\" height=\"225\" srcset=\"https:\/\/zecovalve.com\/wp-content\/uploads\/2022\/06\/metal-seated-gate-valve-2-300x225.jpg 300w, https:\/\/zecovalve.com\/wp-content\/uploads\/2022\/06\/metal-seated-gate-valve-2.jpg 600w\" sizes=\"auto, (max-width: 300px) 100vw, 300px\" \/><\/div>\n<p>V\u00e1lvula de compuerta con asiento de metal versus v\u00e1lvula de compuerta con asiento resistente. Por lo general, ambas se pueden usar en la tuber\u00eda de agua, la v\u00e1lvula de compuerta con asiento resistente es m\u00e1s para tuber\u00edas de agua limpia, porque el medio granular causar\u00e1 da\u00f1os al caucho de la compuerta, mientras que la v\u00e1lvula de compuerta con asiento de metal Se usa m\u00e1s ampliamente, la dureza del asiento de bronce en el medio granular tambi\u00e9n puede ser muy buena para lograr el efecto de sellado y la vida \u00fatil no se ver\u00e1 muy afectada. Pero el ciclo de producci\u00f3n de la v\u00e1lvula de compuerta con asiento met\u00e1lico es m\u00e1s largo y el uso conlleva mayores costos, por lo que se puede elegir entre los dos o seg\u00fan las condiciones de trabajo de las condiciones de los medios y el presupuesto.<\/p>\n<\/div>\n<div class=\"richtext\">\n<h2>Instalaci\u00f3n y puesta en marcha de v\u00e1lvulas de compuerta con asiento met\u00e1lico<\/h2>\n<div class=\"text-center\"><img loading=\"lazy\" decoding=\"async\" class=\"alignnone size-medium wp-image-17285\" src=\"https:\/\/zecovalve.com\/wp-content\/uploads\/2022\/06\/metal-seated-gate-valve-3-300x225.jpg\" alt=\"\" width=\"300\" height=\"225\" srcset=\"https:\/\/zecovalve.com\/wp-content\/uploads\/2022\/06\/metal-seated-gate-valve-3-300x225.jpg 300w, https:\/\/zecovalve.com\/wp-content\/uploads\/2022\/06\/metal-seated-gate-valve-3.jpg 600w\" sizes=\"auto, (max-width: 300px) 100vw, 300px\" \/><\/div>\n<p>La v\u00e1lvula de compuerta con asiento met\u00e1lico en la tuber\u00eda no requiere mantenimiento frecuente; dependiendo del tiempo de uso, la junta t\u00f3rica del v\u00e1stago se puede reemplazar peri\u00f3dicamente para reducir la posibilidad de fugas. Para uso espec\u00edfico, consulte con Zeco Valve Group.<\/p>\n<\/div>\n<div class=\"richtext\">\n<h2>Material y est\u00e1ndar de la v\u00e1lvula de compuerta con asiento de metal<\/h2>\n<p>Rango de tama\u00f1o: 2\u2033~64\u2033<br \/>\nPresi\u00f3n nominal: 10bar ~ 25bar<\/p>\n<p>Dimensiones cara a cara: AMSE B16.10, EN558-1<\/p>\n<p>Dimensi\u00f3n del extremo de la brida: AMSE B16.5, AS4087, EN1092-2<\/p>\n<p>Recubrimiento: Revestimiento epoxi adherido por fusi\u00f3n aprobado por WRAS<\/p>\n<p>Inspecci\u00f3n y ensayo: ISO 5208 \/ EN 12226-2<\/p>\n<div class=\"over-tabs\">\n<table cellspacing=\"0\">\n<tbody>\n<tr class=\"firstRow\">\n<td valign=\"center\">Pieza<\/td>\n<td valign=\"center\">Material<\/td>\n<td valign=\"center\">Est\u00e1ndar<\/td>\n<\/tr>\n<tr>\n<td valign=\"center\">Cuerpo<\/td>\n<td valign=\"center\">Hierro d\u00factil\/hierro fundido<\/td>\n<td valign=\"center\">ES 1563\/DIN 1693<\/td>\n<\/tr>\n<tr>\n<td valign=\"center\">Cap\u00f3<\/td>\n<td valign=\"center\">Hierro d\u00factil\/hierro fundido<\/td>\n<td valign=\"center\">ES 1563\/DIN 1693<\/td>\n<\/tr>\n<tr>\n<td valign=\"center\">Recorte<\/td>\n<td valign=\"center\">Hierro d\u00factil\/hierro fundido<\/td>\n<td valign=\"center\">ES 1563\/DIN 1693<\/td>\n<\/tr>\n<tr>\n<td valign=\"center\">Asiento<\/td>\n<td valign=\"center\">Bronce\/Lat\u00f3n<\/td>\n<td valign=\"center\">ASTM B62\/ASTM B148<\/td>\n<\/tr>\n<tr>\n<td valign=\"center\">Junta t\u00f3rica<\/td>\n<td valign=\"center\">EPDM \/ NBR<\/td>\n<td valign=\"center\">ISO 4633<\/td>\n<\/tr>\n<tr>\n<td colspan=\"3\" valign=\"center\">Para opciones de materiales no listados, consultar con f\u00e1brica.<\/p>\n<p>Zeco fabrica v\u00e1lvulas en m\u00e1s de 50 aleaciones diferentes.<\/td>\n<\/tr>\n<\/tbody>\n<\/table>\n<\/div>\n<\/div>\n<\/div>\n<\/div>\n<\/div>\n<\/div>","protected":false},"excerpt":{"rendered":"<p>Caracter\u00edsticas de la v\u00e1lvula de compuerta con asiento met\u00e1lico El v\u00e1stago est\u00e1 sellado permanentemente mediante tres sellos independientes, y si el sello se desgasta despu\u00e9s... <a title=\"V\u00e1lvula de compuerta con asiento de metal\" class=\"read-more\" href=\"https:\/\/zecovalve.com\/es\/producto\/metal-seated-gate-valve\" aria-label=\"M\u00e1s en V\u00e1lvula de compuerta con asiento met\u00e1lico\">Leer m\u00e1s<\/a><\/p>","protected":false},"featured_media":27897,"comment_status":"closed","ping_status":"closed","template":"","meta":{"_generate-full-width-content":"","kt_blocks_editor_width":""},"product_cat":[2510],"product_tag":[2658,2798],"class_list":["post-17283","product","type-product","status-publish","has-post-thumbnail","hentry","product_cat-water-gate-valve","product_tag-isolation-valve","product_tag-osy-valve","sales-flash-overlay","woocommerce-text-align-center","woocommerce-image-align-center","do-quantity-buttons"],"featured_image_src_large":["https:\/\/zecovalve.com\/wp-content\/uploads\/2022\/06\/Metal-Seated-Gate-Valve-1.jpg",800,600,false],"author_info":[],"comment_info":0,"taxonomy_info":{"product_cat":[{"value":2510,"label":"Water Gate Valve"}],"product_tag":[{"value":2658,"label":"Isolation Valve"},{"value":2798,"label":"OS&amp;Y Valve"}]},"yoast_head":"<!-- This site is optimized with the Yoast SEO Premium plugin v15.4 - https:\/\/yoast.com\/wordpress\/plugins\/seo\/ -->\n<title>Metal Seated Gate Valve - ZECO Valve<\/title>\n<meta name=\"robots\" content=\"index, follow, max-snippet:-1, max-image-preview:large, max-video-preview:-1\" \/>\n<link rel=\"canonical\" href=\"https:\/\/zecovalve.com\/es\/producto\/metal-seated-gate-valve\" \/>\n<meta property=\"og:locale\" content=\"es_ES\" \/>\n<meta property=\"og:type\" content=\"article\" \/>\n<meta property=\"og:title\" content=\"Metal Seated Gate Valve - ZECO Valve\" \/>\n<meta property=\"og:description\" content=\"Features of Metal Seated Gate Valve The stem is permanently sealed by three independent seals, and if the seal wears out after ... Leer m\u00e1s\" \/>\n<meta property=\"og:url\" content=\"https:\/\/zecovalve.com\/es\/producto\/metal-seated-gate-valve\" \/>\n<meta property=\"og:site_name\" content=\"ZECO Valve\" \/>\n<meta property=\"article:modified_time\" content=\"2023-06-15T13:14:22+00:00\" \/>\n<meta property=\"og:image\" content=\"https:\/\/zecovalve.com\/wp-content\/uploads\/2022\/06\/Metal-Seated-Gate-Valve-1.jpg\" \/>\n\t<meta property=\"og:image:width\" content=\"800\" \/>\n\t<meta property=\"og:image:height\" content=\"600\" \/>\n<meta name=\"twitter:card\" content=\"summary_large_image\" \/>\n<meta name=\"twitter:label1\" content=\"Escrito por\">\n\t<meta name=\"twitter:data1\" content=\"Jerry\">\n\t<meta name=\"twitter:label2\" content=\"Tiempo de lectura\">\n\t<meta name=\"twitter:data2\" content=\"1 minuto\">\n<script type=\"application\/ld+json\" class=\"yoast-schema-graph\">{\"@context\":\"https:\/\/schema.org\",\"@graph\":[{\"@type\":\"WebSite\",\"@id\":\"https:\/\/zecovalve.com\/#website\",\"url\":\"https:\/\/zecovalve.com\/\",\"name\":\"ZECO Valve\",\"description\":\"Industrial Ball Valve, Gate Valve and Globe Valve Manufacturer\",\"potentialAction\":[{\"@type\":\"SearchAction\",\"target\":\"https:\/\/zecovalve.com\/?s={search_term_string}\",\"query-input\":\"required name=search_term_string\"}],\"inLanguage\":\"es\"},{\"@type\":\"ImageObject\",\"@id\":\"https:\/\/zecovalve.com\/product\/metal-seated-gate-valve#primaryimage\",\"inLanguage\":\"es\",\"url\":\"https:\/\/zecovalve.com\/wp-content\/uploads\/2022\/06\/Metal-Seated-Gate-Valve-1.jpg\",\"width\":800,\"height\":600,\"caption\":\"Metal Seated Gate Valve\"},{\"@type\":\"WebPage\",\"@id\":\"https:\/\/zecovalve.com\/product\/metal-seated-gate-valve#webpage\",\"url\":\"https:\/\/zecovalve.com\/product\/metal-seated-gate-valve\",\"name\":\"Metal Seated Gate Valve - ZECO Valve\",\"isPartOf\":{\"@id\":\"https:\/\/zecovalve.com\/#website\"},\"primaryImageOfPage\":{\"@id\":\"https:\/\/zecovalve.com\/product\/metal-seated-gate-valve#primaryimage\"},\"datePublished\":\"2022-06-27T12:55:57+00:00\",\"dateModified\":\"2023-06-15T13:14:22+00:00\",\"breadcrumb\":{\"@id\":\"https:\/\/zecovalve.com\/product\/metal-seated-gate-valve#breadcrumb\"},\"inLanguage\":\"es\",\"potentialAction\":[{\"@type\":\"ReadAction\",\"target\":[\"https:\/\/zecovalve.com\/product\/metal-seated-gate-valve\"]}]},{\"@type\":\"BreadcrumbList\",\"@id\":\"https:\/\/zecovalve.com\/product\/metal-seated-gate-valve#breadcrumb\",\"itemListElement\":[{\"@type\":\"ListItem\",\"position\":1,\"item\":{\"@type\":\"WebPage\",\"@id\":\"https:\/\/zecovalve.com\/\",\"url\":\"https:\/\/zecovalve.com\/\",\"name\":\"Home\"}},{\"@type\":\"ListItem\",\"position\":2,\"item\":{\"@type\":\"WebPage\",\"@id\":\"https:\/\/zecovalve.com\/product-category\",\"url\":\"https:\/\/zecovalve.com\/product-category\",\"name\":\"Industrial Valve Manufacturer | Water Valve Manufacturer\"}},{\"@type\":\"ListItem\",\"position\":3,\"item\":{\"@type\":\"WebPage\",\"@id\":\"https:\/\/zecovalve.com\/product\/metal-seated-gate-valve\",\"url\":\"https:\/\/zecovalve.com\/product\/metal-seated-gate-valve\",\"name\":\"Metal Seated Gate Valve\"}}]}]}<\/script>\n<!-- \/ Yoast SEO Premium plugin. -->","_links":{"self":[{"href":"https:\/\/zecovalve.com\/es\/wp-json\/wp\/v2\/product\/17283","targetHints":{"allow":["GET"]}}],"collection":[{"href":"https:\/\/zecovalve.com\/es\/wp-json\/wp\/v2\/product"}],"about":[{"href":"https:\/\/zecovalve.com\/es\/wp-json\/wp\/v2\/types\/product"}],"replies":[{"embeddable":true,"href":"https:\/\/zecovalve.com\/es\/wp-json\/wp\/v2\/comments?post=17283"}],"wp:featuredmedia":[{"embeddable":true,"href":"https:\/\/zecovalve.com\/es\/wp-json\/wp\/v2\/media\/27897"}],"wp:attachment":[{"href":"https:\/\/zecovalve.com\/es\/wp-json\/wp\/v2\/media?parent=17283"}],"wp:term":[{"taxonomy":"product_cat","embeddable":true,"href":"https:\/\/zecovalve.com\/es\/wp-json\/wp\/v2\/product_cat?post=17283"},{"taxonomy":"product_tag","embeddable":true,"href":"https:\/\/zecovalve.com\/es\/wp-json\/wp\/v2\/product_tag?post=17283"}],"curies":[{"name":"wp","href":"https:\/\/api.w.org\/{rel}","templated":true}]}}