{"id":17293,"date":"2022-06-27T13:02:29","date_gmt":"2022-06-27T13:02:29","guid":{"rendered":"https:\/\/zecovalve.com\/?post_type=product&#038;p=17293"},"modified":"2023-06-26T06:06:16","modified_gmt":"2023-06-26T06:06:16","slug":"two-way-globe-valve","status":"publish","type":"product","link":"https:\/\/zecovalve.com\/es\/producto\/two-way-globe-valve","title":{"rendered":"V\u00e1lvula de globo de dos v\u00edas"},"content":{"rendered":"<div class=\"sep-pages-boxs bgs clearfix\">\n<div class=\"sep-container clearfix\">\n<h1 class=\"titles sizes1 cens gtj-ff-bold\">V\u00e1lvula de globo de dos v\u00edas<\/h1>\n<div class=\"bq-sep-pro-detail-thumbs ons clearfix\">\n<div class=\"thumbs\">\n<div class=\"imgs ons\">\n<div class=\"swiper-container swiper-container-initialized swiper-container-horizontal\">\n<div class=\"swiper-wrapper\">\n<div class=\"swiper-slide swiper-slide-active\">\n<figure id=\"attachment_17036\" aria-describedby=\"caption-attachment-17036\" style=\"width: 290px\" class=\"wp-caption alignnone\"><img loading=\"lazy\" decoding=\"async\" class=\"size-medium wp-image-17036\" src=\"https:\/\/zecovalve.com\/wp-content\/uploads\/2022\/06\/two-way-globe-valve-300x273.jpg\" alt=\"V\u00e1lvula de globo de dos v\u00edas\" width=\"300\" height=\"273\" srcset=\"https:\/\/zecovalve.com\/wp-content\/uploads\/2022\/06\/two-way-globe-valve-300x273.jpg 300w, https:\/\/zecovalve.com\/wp-content\/uploads\/2022\/06\/two-way-globe-valve.jpg 330w\" sizes=\"auto, (max-width: 300px) 100vw, 300px\" \/><figcaption id=\"caption-attachment-17036\" class=\"wp-caption-text\">V\u00e1lvula de globo de dos v\u00edas<\/figcaption><\/figure>\n<\/div>\n<\/div>\n<\/div>\n<div class=\"lr-lists-boxs\"><\/div>\n<\/div>\n<\/div>\n<\/div>\n<\/div>\n<\/div>\n<div class=\"sep-pages-boxs clearfix\">\n<div class=\"sep-container clearfix\">\n<div id=\"zf-nexts\" class=\"flex clearfix\">\n<div class=\"bq-zf-lefts\">\n<div class=\"richtext\">\n<h2>Caracter\u00edsticas de la v\u00e1lvula de globo de dos v\u00edas para HVAC<\/h2>\n<div class=\"text-center\"><img loading=\"lazy\" decoding=\"async\" class=\"alignnone size-medium wp-image-17294\" src=\"https:\/\/zecovalve.com\/wp-content\/uploads\/2022\/06\/two-way-globe-valve-for-hvac-feature-300x250.jpg\" alt=\"\" width=\"300\" height=\"250\" srcset=\"https:\/\/zecovalve.com\/wp-content\/uploads\/2022\/06\/two-way-globe-valve-for-hvac-feature-300x250.jpg 300w, https:\/\/zecovalve.com\/wp-content\/uploads\/2022\/06\/two-way-globe-valve-for-hvac-feature.jpg 600w\" sizes=\"auto, (max-width: 300px) 100vw, 300px\" \/><\/div>\n<p>La v\u00e1lvula de globo el\u00e9ctrica de dos v\u00edas para HVAC consigue una temperatura constante del ciclo de calefacci\u00f3n controlando el intercambio de calor del intercambiador de calor.<\/p>\n<ul class=\"list-paddingleft-2\">\n<li>Caracter\u00edstica de porcentaje igual;<\/li>\n<li>Baja fuga y funcionamiento eficaz;<\/li>\n<li>Mejora la eficacia del funcionamiento de la bomba de agua y ahorra energ\u00eda;<\/li>\n<li>Datos precisos, valor KV comprobado por instituto de pruebas.<\/li>\n<\/ul>\n<\/div>\n<div class=\"richtext\">\n<h2>V\u00e1lvula de globo de dos v\u00edas para HVAC Principio de funcionamiento<\/h2>\n<div class=\"text-center\">\n<h2 style=\"font-family: -apple-system, system-ui, BlinkMacSystemFont, 'Segoe UI', Helvetica, Arial, sans-serif, 'Apple Color Emoji', 'Segoe UI Emoji', 'Segoe UI Symbol'; font-style: normal;\"><img loading=\"lazy\" decoding=\"async\" class=\"alignnone size-medium wp-image-17295\" style=\"font-size: 17px;\" src=\"https:\/\/zecovalve.com\/wp-content\/uploads\/2022\/06\/two-way-globe-valve-for-hvac-principle-300x250.jpg\" alt=\"\" width=\"300\" height=\"250\" srcset=\"https:\/\/zecovalve.com\/wp-content\/uploads\/2022\/06\/two-way-globe-valve-for-hvac-principle-300x250.jpg 300w, https:\/\/zecovalve.com\/wp-content\/uploads\/2022\/06\/two-way-globe-valve-for-hvac-principle.jpg 600w\" sizes=\"auto, (max-width: 300px) 100vw, 300px\" \/><\/h2>\n<\/div>\n<p>La v\u00e1lvula de globo el\u00e9ctrica de dos v\u00edas se compone de sensor de temperatura, controlador de temperatura integral proporcional y v\u00e1lvula reguladora el\u00e9ctrica. El sensor de temperatura instalado en la tuber\u00eda de retorno transmite la se\u00f1al de temperatura detectada al controlador de temperatura, que compara constantemente el valor detectado del sensor de temperatura con el valor establecido, y al mismo tiempo emite constantemente una se\u00f1al para controlar el grado de apertura de la v\u00e1lvula reguladora el\u00e9ctrica conectada al ajustable, haciendo finalmente que la temperatura ambiente medida por el sensor de temperatura se mantenga dentro del rango de temperatura establecido.<\/p>\n<\/div>\n<div class=\"richtext\">\n<h2>Instalaci\u00f3n y puesta en servicio de v\u00e1lvulas de globo de dos v\u00edas<\/h2>\n<div class=\"text-center\">\n<h2 style=\"font-family: -apple-system, system-ui, BlinkMacSystemFont, 'Segoe UI', Helvetica, Arial, sans-serif, 'Apple Color Emoji', 'Segoe UI Emoji', 'Segoe UI Symbol'; font-style: normal;\"><img loading=\"lazy\" decoding=\"async\" class=\"alignnone size-medium wp-image-17296\" style=\"font-size: 17px;\" src=\"https:\/\/zecovalve.com\/wp-content\/uploads\/2022\/06\/two-way-globe-valve-for-hvac-typical-applcaitions-300x250.jpg\" alt=\"\" width=\"300\" height=\"250\" srcset=\"https:\/\/zecovalve.com\/wp-content\/uploads\/2022\/06\/two-way-globe-valve-for-hvac-typical-applcaitions-300x250.jpg 300w, https:\/\/zecovalve.com\/wp-content\/uploads\/2022\/06\/two-way-globe-valve-for-hvac-typical-applcaitions.jpg 600w\" sizes=\"auto, (max-width: 300px) 100vw, 300px\" \/><\/h2>\n<\/div>\n<p>Las especificaciones se determinan seg\u00fan el caudal de dise\u00f1o de la caja de aire acondicionado y el rango de presi\u00f3n admisible de la v\u00e1lvula de equilibrado independiente de la presi\u00f3n, y los par\u00e1metros t\u00e9cnicos se determinan seg\u00fan los requisitos. Para usos espec\u00edficos, consulte a Zeco Valve Group.<\/p>\n<\/div>\n<div class=\"richtext\">\n<h2>V\u00e1lvula de globo de dos v\u00edas Material y norma<\/h2>\n<p>Gama de tama\u00f1os: 2\u2033~12\u2033.<\/p>\n<p>Presi\u00f3n nominal\uff1a10bar ~ 25bar<\/p>\n<p>Dimensiones cara a cara:AMSE B16.10, EN558-1<\/p>\n<p>Dimensi\u00f3n del extremo de la brida: AMSE B16.1\/16.42, AS4087, EN1092-2<\/p>\n<p>Revestimiento: Revestimiento epoxi por fusi\u00f3n<\/p>\n<p>Inspecci\u00f3n y ensayo\uff1aISO 5208 \/ EN 12226-2<\/p>\n<p>&nbsp;<\/p>\n<div class=\"over-tabs\">\n<table cellspacing=\"0\">\n<tbody>\n<tr class=\"firstRow\">\n<td>Pieza<\/td>\n<td>Material<\/td>\n<td>Est\u00e1ndar<\/td>\n<\/tr>\n<tr>\n<td>Cuerpo<\/td>\n<td>Hierro d\u00factil<\/td>\n<td>ES 1563\/DIN 1693<\/td>\n<\/tr>\n<tr>\n<td>Cap\u00f3<\/td>\n<td>Hierro d\u00factil<\/td>\n<td>ES 1563\/DIN 1693<\/td>\n<\/tr>\n<tr>\n<td>Recorte<\/td>\n<td>Acero inoxidable 304<\/td>\n<td>EN10088-1\/ASTM A959<\/td>\n<\/tr>\n<tr>\n<td>Asiento<\/td>\n<td>Acero inoxidable 304<\/td>\n<td>EN10088-1\/ASTM A959<\/td>\n<\/tr>\n<tr>\n<td>Actuador el\u00e9ctrico<\/td>\n<td>Honeywell<\/td>\n<td>ML7421A-A\/B<\/td>\n<\/tr>\n<tr>\n<td colspan=\"3\">Para opciones de materiales no indicados, consulte con la f\u00e1brica.<\/p>\n<p>Zeco fabrica v\u00e1lvulas en m\u00e1s de 50 aleaciones diferentes.<\/td>\n<\/tr>\n<\/tbody>\n<\/table>\n<\/div>\n<\/div>\n<\/div>\n<\/div>\n<\/div>\n<\/div>","protected":false},"excerpt":{"rendered":"<p>V\u00e1lvula de globo de dos v\u00edas Caracter\u00edsticas de la v\u00e1lvula de globo de dos v\u00edas para HVAC La v\u00e1lvula de globo el\u00e9ctrica de dos v\u00edas para HVAC logra una temperatura constante de... <a title=\"V\u00e1lvula de globo de dos v\u00edas\" class=\"read-more\" href=\"https:\/\/zecovalve.com\/es\/producto\/two-way-globe-valve\" aria-label=\"M\u00e1s en V\u00e1lvula de globo de dos v\u00edas\">Leer m\u00e1s<\/a><\/p>","protected":false},"featured_media":27960,"comment_status":"closed","ping_status":"closed","template":"","meta":{"_generate-full-width-content":"","kt_blocks_editor_width":""},"product_cat":[2512],"product_tag":[2724,2654,2766,2727],"class_list":["post-17293","product","type-product","status-publish","has-post-thumbnail","hentry","product_cat-balancing-valve","product_tag-balancing-valve","product_tag-hvac-valve","product_tag-motorised-valve","product_tag-motorized-valve","sales-flash-overlay","woocommerce-text-align-center","woocommerce-image-align-center","do-quantity-buttons"],"featured_image_src_large":["https:\/\/zecovalve.com\/wp-content\/uploads\/2022\/06\/Two-Way-Globe-Valve-1.jpg",800,600,false],"author_info":[],"comment_info":0,"taxonomy_info":{"product_cat":[{"value":2512,"label":"Balancing Valve"}],"product_tag":[{"value":2724,"label":"Balancing Valve"},{"value":2654,"label":"HVAC Valve"},{"value":2766,"label":"Motorised Valve"},{"value":2727,"label":"Motorized Valve"}]},"yoast_head":"<!-- This site is optimized with the Yoast SEO Premium plugin v15.4 - https:\/\/yoast.com\/wordpress\/plugins\/seo\/ -->\n<title>Two Way Globe Valve - ZECO Valve<\/title>\n<meta name=\"robots\" content=\"index, follow, max-snippet:-1, max-image-preview:large, max-video-preview:-1\" \/>\n<link rel=\"canonical\" href=\"https:\/\/zecovalve.com\/es\/producto\/two-way-globe-valve\" \/>\n<meta property=\"og:locale\" content=\"es_ES\" \/>\n<meta property=\"og:type\" content=\"article\" \/>\n<meta property=\"og:title\" content=\"Two Way Globe Valve - ZECO Valve\" \/>\n<meta property=\"og:description\" content=\"Two Way Globe Valve Features of Two Way Globe Valve for HVAC Electric two way globe valve for HVAC\u00a0realizes constant temperature of ... Leer m\u00e1s\" \/>\n<meta property=\"og:url\" content=\"https:\/\/zecovalve.com\/es\/producto\/two-way-globe-valve\" \/>\n<meta property=\"og:site_name\" content=\"ZECO Valve\" \/>\n<meta property=\"article:modified_time\" content=\"2023-06-26T06:06:16+00:00\" \/>\n<meta property=\"og:image\" content=\"https:\/\/zecovalve.com\/wp-content\/uploads\/2022\/06\/Two-Way-Globe-Valve-1.jpg\" \/>\n\t<meta property=\"og:image:width\" content=\"800\" \/>\n\t<meta property=\"og:image:height\" content=\"600\" \/>\n<meta name=\"twitter:card\" content=\"summary_large_image\" \/>\n<meta name=\"twitter:label1\" content=\"Escrito por\">\n\t<meta name=\"twitter:data1\" content=\"Jerry\">\n\t<meta name=\"twitter:label2\" content=\"Tiempo de lectura\">\n\t<meta name=\"twitter:data2\" content=\"1 minuto\">\n<script type=\"application\/ld+json\" class=\"yoast-schema-graph\">{\"@context\":\"https:\/\/schema.org\",\"@graph\":[{\"@type\":\"WebSite\",\"@id\":\"https:\/\/zecovalve.com\/#website\",\"url\":\"https:\/\/zecovalve.com\/\",\"name\":\"ZECO Valve\",\"description\":\"Industrial Ball Valve, Gate Valve and Globe Valve Manufacturer\",\"potentialAction\":[{\"@type\":\"SearchAction\",\"target\":\"https:\/\/zecovalve.com\/?s={search_term_string}\",\"query-input\":\"required name=search_term_string\"}],\"inLanguage\":\"es\"},{\"@type\":\"ImageObject\",\"@id\":\"https:\/\/zecovalve.com\/product\/two-way-globe-valve#primaryimage\",\"inLanguage\":\"es\",\"url\":\"https:\/\/zecovalve.com\/wp-content\/uploads\/2022\/06\/Two-Way-Globe-Valve-1.jpg\",\"width\":800,\"height\":600,\"caption\":\"Two Way Globe Valve\"},{\"@type\":\"WebPage\",\"@id\":\"https:\/\/zecovalve.com\/product\/two-way-globe-valve#webpage\",\"url\":\"https:\/\/zecovalve.com\/product\/two-way-globe-valve\",\"name\":\"Two Way Globe Valve - ZECO Valve\",\"isPartOf\":{\"@id\":\"https:\/\/zecovalve.com\/#website\"},\"primaryImageOfPage\":{\"@id\":\"https:\/\/zecovalve.com\/product\/two-way-globe-valve#primaryimage\"},\"datePublished\":\"2022-06-27T13:02:29+00:00\",\"dateModified\":\"2023-06-26T06:06:16+00:00\",\"breadcrumb\":{\"@id\":\"https:\/\/zecovalve.com\/product\/two-way-globe-valve#breadcrumb\"},\"inLanguage\":\"es\",\"potentialAction\":[{\"@type\":\"ReadAction\",\"target\":[\"https:\/\/zecovalve.com\/product\/two-way-globe-valve\"]}]},{\"@type\":\"BreadcrumbList\",\"@id\":\"https:\/\/zecovalve.com\/product\/two-way-globe-valve#breadcrumb\",\"itemListElement\":[{\"@type\":\"ListItem\",\"position\":1,\"item\":{\"@type\":\"WebPage\",\"@id\":\"https:\/\/zecovalve.com\/\",\"url\":\"https:\/\/zecovalve.com\/\",\"name\":\"Home\"}},{\"@type\":\"ListItem\",\"position\":2,\"item\":{\"@type\":\"WebPage\",\"@id\":\"https:\/\/zecovalve.com\/product-category\",\"url\":\"https:\/\/zecovalve.com\/product-category\",\"name\":\"Industrial Valve Manufacturer | Water Valve Manufacturer\"}},{\"@type\":\"ListItem\",\"position\":3,\"item\":{\"@type\":\"WebPage\",\"@id\":\"https:\/\/zecovalve.com\/product\/two-way-globe-valve\",\"url\":\"https:\/\/zecovalve.com\/product\/two-way-globe-valve\",\"name\":\"Two Way Globe Valve\"}}]}]}<\/script>\n<!-- \/ Yoast SEO Premium plugin. -->","_links":{"self":[{"href":"https:\/\/zecovalve.com\/es\/wp-json\/wp\/v2\/product\/17293","targetHints":{"allow":["GET"]}}],"collection":[{"href":"https:\/\/zecovalve.com\/es\/wp-json\/wp\/v2\/product"}],"about":[{"href":"https:\/\/zecovalve.com\/es\/wp-json\/wp\/v2\/types\/product"}],"replies":[{"embeddable":true,"href":"https:\/\/zecovalve.com\/es\/wp-json\/wp\/v2\/comments?post=17293"}],"wp:featuredmedia":[{"embeddable":true,"href":"https:\/\/zecovalve.com\/es\/wp-json\/wp\/v2\/media\/27960"}],"wp:attachment":[{"href":"https:\/\/zecovalve.com\/es\/wp-json\/wp\/v2\/media?parent=17293"}],"wp:term":[{"taxonomy":"product_cat","embeddable":true,"href":"https:\/\/zecovalve.com\/es\/wp-json\/wp\/v2\/product_cat?post=17293"},{"taxonomy":"product_tag","embeddable":true,"href":"https:\/\/zecovalve.com\/es\/wp-json\/wp\/v2\/product_tag?post=17293"}],"curies":[{"name":"wp","href":"https:\/\/api.w.org\/{rel}","templated":true}]}}