{"id":17313,"date":"2022-06-27T13:21:26","date_gmt":"2022-06-27T13:21:26","guid":{"rendered":"https:\/\/zecovalve.com\/?post_type=product&#038;p=17313"},"modified":"2023-06-15T13:14:51","modified_gmt":"2023-06-15T13:14:51","slug":"ductile-iron-gate-valve","status":"publish","type":"product","link":"https:\/\/zecovalve.com\/es\/producto\/ductile-iron-gate-valve","title":{"rendered":"V\u00e1lvula de compuerta de hierro d\u00factil"},"content":{"rendered":"<div class=\"sep-pages-boxs bgs clearfix\">\n<div class=\"sep-container clearfix\">\n<p class=\"titles sizes1 cens gtj-ff-bold\">\n<div class=\"bq-sep-pro-detail-thumbs ons clearfix\">\n<div class=\"thumbs\">\n<div class=\"imgs ons\">\n<div class=\"swiper-container swiper-container-initialized swiper-container-horizontal\">\n<div class=\"swiper-wrapper\">\n<div class=\"swiper-slide swiper-slide-active\">\n<p><img loading=\"lazy\" decoding=\"async\" class=\"size-medium wp-image-16922\" src=\"https:\/\/zecovalve.com\/wp-content\/uploads\/2022\/06\/ductile-iron-gate-valve-300x273.jpg\" alt=\"V\u00e1lvula de compuerta de hierro d\u00factil\" width=\"300\" height=\"273\" srcset=\"https:\/\/zecovalve.com\/wp-content\/uploads\/2022\/06\/ductile-iron-gate-valve-300x273.jpg 300w, https:\/\/zecovalve.com\/wp-content\/uploads\/2022\/06\/ductile-iron-gate-valve.jpg 330w\" sizes=\"auto, (max-width: 300px) 100vw, 300px\" \/><\/p>\n<\/div>\n<\/div>\n<\/div>\n<div class=\"lr-lists-boxs\"><\/div>\n<\/div>\n<\/div>\n<\/div>\n<\/div>\n<\/div>\n<div class=\"sep-pages-boxs clearfix\">\n<div class=\"sep-container clearfix\">\n<div id=\"zf-nexts\" class=\"flex clearfix\">\n<div class=\"bq-zf-lefts\">\n<div class=\"richtext\">\n<h2>Caracter\u00edsticas de la v\u00e1lvula de compuerta de hierro d\u00factil<\/h2>\n<div class=\"text-center\">\u00a0\u00a0<img loading=\"lazy\" decoding=\"async\" class=\"alignnone size-medium wp-image-17316\" src=\"https:\/\/zecovalve.com\/wp-content\/uploads\/2022\/06\/resilient-gate-valve-1-300x225.jpg\" alt=\"\" width=\"300\" height=\"225\" srcset=\"https:\/\/zecovalve.com\/wp-content\/uploads\/2022\/06\/resilient-gate-valve-1-300x225.jpg 300w, https:\/\/zecovalve.com\/wp-content\/uploads\/2022\/06\/resilient-gate-valve-1.jpg 600w\" sizes=\"auto, (max-width: 300px) 100vw, 300px\" \/><\/div>\n<ul class=\"list-paddingleft-2\">\n<li>La v\u00e1lvula visual cambia f\u00e1cilmente;<\/li>\n<li>Apertura y cierre r\u00e1pidos, par ligero;<\/li>\n<li>Tuerca de lat\u00f3n resistente al desgaste, larga vida \u00fatil del interruptor;<\/li>\n<li>Totalmente recubierto con disco de EPDM, resistente a la corrosi\u00f3n.<\/li>\n<\/ul>\n<\/div>\n<div class=\"richtext\">\n<h2>Principio de funcionamiento de la v\u00e1lvula de compuerta de hierro d\u00factil<\/h2>\n<div class=\"text-center\"><img loading=\"lazy\" decoding=\"async\" class=\"alignnone size-medium wp-image-17314\" src=\"https:\/\/zecovalve.com\/wp-content\/uploads\/2022\/06\/fm-rising-stem-resilient-gate-valve-2-300x225.jpg\" alt=\"\" width=\"300\" height=\"225\" srcset=\"https:\/\/zecovalve.com\/wp-content\/uploads\/2022\/06\/fm-rising-stem-resilient-gate-valve-2-300x225.jpg 300w, https:\/\/zecovalve.com\/wp-content\/uploads\/2022\/06\/fm-rising-stem-resilient-gate-valve-2.jpg 600w\" sizes=\"auto, (max-width: 300px) 100vw, 300px\" \/><\/div>\n<p>Gire el volante para abrir y cerrar el disco de la v\u00e1lvula conectado con el v\u00e1stago a trav\u00e9s de la rosca del volante y el v\u00e1stago.<\/p>\n<\/div>\n<div class=\"richtext\">\n<h2>Instalaci\u00f3n y puesta en marcha de v\u00e1lvulas de compuerta de hierro d\u00factil<\/h2>\n<div class=\"text-center\"><img loading=\"lazy\" decoding=\"async\" class=\"alignnone size-medium wp-image-17315\" src=\"https:\/\/zecovalve.com\/wp-content\/uploads\/2022\/06\/fm-rising-stem-resilient-gate-valve-3-300x225.jpg\" alt=\"\" width=\"300\" height=\"225\" srcset=\"https:\/\/zecovalve.com\/wp-content\/uploads\/2022\/06\/fm-rising-stem-resilient-gate-valve-3-300x225.jpg 300w, https:\/\/zecovalve.com\/wp-content\/uploads\/2022\/06\/fm-rising-stem-resilient-gate-valve-3.jpg 600w\" sizes=\"auto, (max-width: 300px) 100vw, 300px\" \/><\/div>\n<p>Esta v\u00e1lvula suele colocarse en una posici\u00f3n m\u00e1s elevada del suelo. Preste atenci\u00f3n al espacio de instalaci\u00f3n en uso. Cuando se abre, el tallo se elevar\u00e1 una cierta distancia. Para uso espec\u00edfico, consulte con ZECO Valve Group.<\/p>\n<\/div>\n<div class=\"richtext\">\n<h2>Material y est\u00e1ndar de la v\u00e1lvula de compuerta de hierro d\u00factil<\/h2>\n<p>Rango de tama\u00f1o: 2\u2033~24\u2033<br \/>\nPresi\u00f3n nominal: 10bar ~ 25bar<br \/>\nDimensiones cara a cara: AMSE B16.10, EN558-1<br \/>\nDimensi\u00f3n del extremo de la brida: AMSE B16.1\/16.42, AS4087, EN1092-2<br \/>\nRevestimiento: Revestimiento epoxi por fusi\u00f3n<br \/>\nInspecci\u00f3n y ensayo: ISO 5208 \/ EN 12226-2<\/p>\n<div class=\"over-tabs\">\n<table>\n<tbody>\n<tr class=\"firstRow\">\n<td>Pieza<\/td>\n<td>Material<\/td>\n<td>Est\u00e1ndar<\/td>\n<\/tr>\n<tr>\n<td>Cuerpo<\/td>\n<td>Hierro d\u00factil<\/td>\n<td>ES 1563\/DIN 1693<\/td>\n<\/tr>\n<tr>\n<td>Cap\u00f3<\/td>\n<td>Hierro d\u00factil<\/td>\n<td>ES 1563\/DIN 1693<\/td>\n<\/tr>\n<tr>\n<td>V\u00e1stago<\/td>\n<td>Acero inoxidable 431<\/td>\n<td>EN10088-1\/ASTM A959<\/td>\n<\/tr>\n<tr>\n<td>Cu\u00f1a<\/td>\n<td>Hierro D\u00factil + EPDM \/ NBR<\/td>\n<td>EN 1563\/ISO 4633<\/td>\n<\/tr>\n<tr>\n<td>Tuerca<\/td>\n<td>CuZn39Pb1 \/ C37000<\/td>\n<td>EN12167\/ASTM B135<\/td>\n<\/tr>\n<tr>\n<td>Volante<\/td>\n<td>Hierro d\u00factil<\/td>\n<td>ES 1563\/DIN 1693<\/td>\n<\/tr>\n<tr>\n<td colspan=\"3\">Para las opciones de materiales que no figuran en la lista, consulte con la f\u00e1brica.<\/p>\n<p>ZECO fabrica v\u00e1lvulas en m\u00e1s de 50 aleaciones diferentes.<\/td>\n<\/tr>\n<\/tbody>\n<\/table>\n<\/div>\n<\/div>\n<\/div>\n<\/div>\n<\/div>\n<\/div>","protected":false},"excerpt":{"rendered":"<p>Caracter\u00edsticas de la v\u00e1lvula de compuerta de hierro d\u00factil La v\u00e1lvula visual cambia f\u00e1cilmente; Apertura y cierre r\u00e1pidos, par ligero; Tuerca de lat\u00f3n resistente al desgaste, interruptor largo... <a title=\"V\u00e1lvula de compuerta de hierro d\u00factil\" class=\"read-more\" href=\"https:\/\/zecovalve.com\/es\/producto\/ductile-iron-gate-valve\" aria-label=\"M\u00e1s en V\u00e1lvula de compuerta de hierro d\u00factil\">Leer m\u00e1s<\/a><\/p>","protected":false},"featured_media":27898,"comment_status":"closed","ping_status":"closed","template":"","meta":{"_generate-full-width-content":"","kt_blocks_editor_width":""},"product_cat":[2510],"product_tag":[2654,2658,2798],"class_list":["post-17313","product","type-product","status-publish","has-post-thumbnail","hentry","product_cat-water-gate-valve","product_tag-hvac-valve","product_tag-isolation-valve","product_tag-osy-valve","sales-flash-overlay","woocommerce-text-align-center","woocommerce-image-align-center","do-quantity-buttons"],"featured_image_src_large":["https:\/\/zecovalve.com\/wp-content\/uploads\/2022\/06\/Ductile-Iron-Gate-Valve-1.jpg",800,600,false],"author_info":[],"comment_info":0,"taxonomy_info":{"product_cat":[{"value":2510,"label":"Water Gate Valve"}],"product_tag":[{"value":2654,"label":"HVAC Valve"},{"value":2658,"label":"Isolation Valve"},{"value":2798,"label":"OS&amp;Y Valve"}]},"yoast_head":"<!-- This site is optimized with the Yoast SEO Premium plugin v15.4 - https:\/\/yoast.com\/wordpress\/plugins\/seo\/ -->\n<title>Ductile Iron Gate Valve - ZECO Valve<\/title>\n<meta name=\"robots\" content=\"index, follow, max-snippet:-1, max-image-preview:large, max-video-preview:-1\" \/>\n<link rel=\"canonical\" href=\"https:\/\/zecovalve.com\/es\/producto\/ductile-iron-gate-valve\" \/>\n<meta property=\"og:locale\" content=\"es_ES\" \/>\n<meta property=\"og:type\" content=\"article\" \/>\n<meta property=\"og:title\" content=\"Ductile Iron Gate Valve - ZECO Valve\" \/>\n<meta property=\"og:description\" content=\"Features of Ductile Iron Gate Valve \u00a0\u00a0 Visual valve switch easily; Quick opening and closing, light torque; Brass nut wear-resistant, long switch ... Leer m\u00e1s\" \/>\n<meta property=\"og:url\" content=\"https:\/\/zecovalve.com\/es\/producto\/ductile-iron-gate-valve\" \/>\n<meta property=\"og:site_name\" content=\"ZECO Valve\" \/>\n<meta property=\"article:modified_time\" content=\"2023-06-15T13:14:51+00:00\" \/>\n<meta property=\"og:image\" content=\"https:\/\/zecovalve.com\/wp-content\/uploads\/2022\/06\/Ductile-Iron-Gate-Valve-1.jpg\" \/>\n\t<meta property=\"og:image:width\" content=\"800\" \/>\n\t<meta property=\"og:image:height\" content=\"600\" \/>\n<meta name=\"twitter:card\" content=\"summary_large_image\" \/>\n<meta name=\"twitter:label1\" content=\"Escrito por\">\n\t<meta name=\"twitter:data1\" content=\"Jerry\">\n\t<meta name=\"twitter:label2\" content=\"Tiempo de lectura\">\n\t<meta name=\"twitter:data2\" content=\"1 minuto\">\n<script type=\"application\/ld+json\" class=\"yoast-schema-graph\">{\"@context\":\"https:\/\/schema.org\",\"@graph\":[{\"@type\":\"WebSite\",\"@id\":\"https:\/\/zecovalve.com\/#website\",\"url\":\"https:\/\/zecovalve.com\/\",\"name\":\"ZECO Valve\",\"description\":\"Industrial Ball Valve, Gate Valve and Globe Valve Manufacturer\",\"potentialAction\":[{\"@type\":\"SearchAction\",\"target\":\"https:\/\/zecovalve.com\/?s={search_term_string}\",\"query-input\":\"required name=search_term_string\"}],\"inLanguage\":\"es\"},{\"@type\":\"ImageObject\",\"@id\":\"https:\/\/zecovalve.com\/product\/ductile-iron-gate-valve#primaryimage\",\"inLanguage\":\"es\",\"url\":\"https:\/\/zecovalve.com\/wp-content\/uploads\/2022\/06\/Ductile-Iron-Gate-Valve-1.jpg\",\"width\":800,\"height\":600,\"caption\":\"Ductile Iron Gate Valve\"},{\"@type\":\"WebPage\",\"@id\":\"https:\/\/zecovalve.com\/product\/ductile-iron-gate-valve#webpage\",\"url\":\"https:\/\/zecovalve.com\/product\/ductile-iron-gate-valve\",\"name\":\"Ductile Iron Gate Valve - ZECO Valve\",\"isPartOf\":{\"@id\":\"https:\/\/zecovalve.com\/#website\"},\"primaryImageOfPage\":{\"@id\":\"https:\/\/zecovalve.com\/product\/ductile-iron-gate-valve#primaryimage\"},\"datePublished\":\"2022-06-27T13:21:26+00:00\",\"dateModified\":\"2023-06-15T13:14:51+00:00\",\"breadcrumb\":{\"@id\":\"https:\/\/zecovalve.com\/product\/ductile-iron-gate-valve#breadcrumb\"},\"inLanguage\":\"es\",\"potentialAction\":[{\"@type\":\"ReadAction\",\"target\":[\"https:\/\/zecovalve.com\/product\/ductile-iron-gate-valve\"]}]},{\"@type\":\"BreadcrumbList\",\"@id\":\"https:\/\/zecovalve.com\/product\/ductile-iron-gate-valve#breadcrumb\",\"itemListElement\":[{\"@type\":\"ListItem\",\"position\":1,\"item\":{\"@type\":\"WebPage\",\"@id\":\"https:\/\/zecovalve.com\/\",\"url\":\"https:\/\/zecovalve.com\/\",\"name\":\"Home\"}},{\"@type\":\"ListItem\",\"position\":2,\"item\":{\"@type\":\"WebPage\",\"@id\":\"https:\/\/zecovalve.com\/product-category\",\"url\":\"https:\/\/zecovalve.com\/product-category\",\"name\":\"Industrial Valve Manufacturer | Water Valve Manufacturer\"}},{\"@type\":\"ListItem\",\"position\":3,\"item\":{\"@type\":\"WebPage\",\"@id\":\"https:\/\/zecovalve.com\/product\/ductile-iron-gate-valve\",\"url\":\"https:\/\/zecovalve.com\/product\/ductile-iron-gate-valve\",\"name\":\"Ductile Iron Gate Valve\"}}]}]}<\/script>\n<!-- \/ Yoast SEO Premium plugin. -->","_links":{"self":[{"href":"https:\/\/zecovalve.com\/es\/wp-json\/wp\/v2\/product\/17313","targetHints":{"allow":["GET"]}}],"collection":[{"href":"https:\/\/zecovalve.com\/es\/wp-json\/wp\/v2\/product"}],"about":[{"href":"https:\/\/zecovalve.com\/es\/wp-json\/wp\/v2\/types\/product"}],"replies":[{"embeddable":true,"href":"https:\/\/zecovalve.com\/es\/wp-json\/wp\/v2\/comments?post=17313"}],"wp:featuredmedia":[{"embeddable":true,"href":"https:\/\/zecovalve.com\/es\/wp-json\/wp\/v2\/media\/27898"}],"wp:attachment":[{"href":"https:\/\/zecovalve.com\/es\/wp-json\/wp\/v2\/media?parent=17313"}],"wp:term":[{"taxonomy":"product_cat","embeddable":true,"href":"https:\/\/zecovalve.com\/es\/wp-json\/wp\/v2\/product_cat?post=17313"},{"taxonomy":"product_tag","embeddable":true,"href":"https:\/\/zecovalve.com\/es\/wp-json\/wp\/v2\/product_tag?post=17313"}],"curies":[{"name":"wp","href":"https:\/\/api.w.org\/{rel}","templated":true}]}}