{"id":17356,"date":"2022-06-27T13:49:24","date_gmt":"2022-06-27T13:49:24","guid":{"rendered":"https:\/\/zecovalve.com\/?post_type=product&#038;p=17356"},"modified":"2022-08-03T16:06:55","modified_gmt":"2022-08-03T16:06:55","slug":"flanged-butterfly-valve","status":"publish","type":"product","link":"https:\/\/zecovalve.com\/es\/producto\/flanged-butterfly-valve","title":{"rendered":"V\u00e1lvula de mariposa con bridas"},"content":{"rendered":"<div class=\"sep-pages-boxs bgs clearfix\">\n<div class=\"sep-container clearfix\">\n<h1 class=\"titles sizes1 cens gtj-ff-bold\">V\u00e1lvula de mariposa con bridas<\/h1>\n<div class=\"bq-sep-pro-detail-thumbs ons clearfix\">\n<div class=\"thumbs\">\n<div class=\"imgs ons\">\n<div class=\"swiper-container swiper-container-initialized swiper-container-horizontal\">\n<div class=\"swiper-wrapper\">\n<div class=\"swiper-slide swiper-slide-active\">\n<figure id=\"attachment_16940\" aria-describedby=\"caption-attachment-16940\" style=\"width: 290px\" class=\"wp-caption alignnone\"><img loading=\"lazy\" decoding=\"async\" class=\"size-medium wp-image-16940\" src=\"https:\/\/zecovalve.com\/wp-content\/uploads\/2022\/06\/flanged-butterfly-valve-300x273.jpg\" alt=\"V\u00e1lvula de mariposa con brida\" width=\"300\" height=\"273\" srcset=\"https:\/\/zecovalve.com\/wp-content\/uploads\/2022\/06\/flanged-butterfly-valve-300x273.jpg 300w, https:\/\/zecovalve.com\/wp-content\/uploads\/2022\/06\/flanged-butterfly-valve.jpg 330w\" sizes=\"auto, (max-width: 300px) 100vw, 300px\" \/><figcaption id=\"caption-attachment-16940\" class=\"wp-caption-text\">V\u00e1lvula de mariposa con brida<\/figcaption><\/figure>\n<\/div>\n<\/div>\n<\/div>\n<div class=\"lr-lists-boxs\"><\/div>\n<\/div>\n<\/div>\n<\/div>\n<\/div>\n<\/div>\n<div class=\"sep-pages-boxs clearfix\">\n<div class=\"sep-container clearfix\">\n<div id=\"zf-nexts\" class=\"flex clearfix\">\n<div class=\"bq-zf-lefts\">\n<div class=\"richtext\">\n<h2>Caracter\u00edsticas de la v\u00e1lvula de mariposa con bridas<\/h2>\n<div class=\"text-center\">\u00a0<img loading=\"lazy\" decoding=\"async\" class=\"alignnone size-medium wp-image-17358\" src=\"https:\/\/zecovalve.com\/wp-content\/uploads\/2022\/06\/flanged-concentric-butterfly-valve-2-300x225.png\" alt=\"\" width=\"300\" height=\"225\" srcset=\"https:\/\/zecovalve.com\/wp-content\/uploads\/2022\/06\/flanged-concentric-butterfly-valve-2-300x225.png 300w, https:\/\/zecovalve.com\/wp-content\/uploads\/2022\/06\/flanged-concentric-butterfly-valve-2.png 600w\" sizes=\"auto, (max-width: 300px) 100vw, 300px\" \/><\/div>\n<ul class=\"list-paddingleft-2\">\n<li>Sellado bidireccional, sin direcci\u00f3n de flujo del medio;<\/li>\n<li>Cuerpo de la v\u00e1lvula de EPDM vulcanizado, estanqueidad fiable;<\/li>\n<li>Una esfera con indicaci\u00f3n de apertura que muestra la posici\u00f3n del interruptor de disco;<\/li>\n<li>Caracter\u00edsticas de flujo en l\u00ednea recta, buen rendimiento de regulaci\u00f3n.<\/li>\n<\/ul>\n<\/div>\n<div class=\"richtext\">\n<h2>Principio de funcionamiento de la v\u00e1lvula de mariposa con bridas<\/h2>\n<div class=\"text-center\"><img loading=\"lazy\" decoding=\"async\" class=\"alignnone size-medium wp-image-17359\" src=\"https:\/\/zecovalve.com\/wp-content\/uploads\/2022\/06\/flanged-concentric-butterfly-valve-with-electric-actuator-300x225.png\" alt=\"\" width=\"300\" height=\"225\" srcset=\"https:\/\/zecovalve.com\/wp-content\/uploads\/2022\/06\/flanged-concentric-butterfly-valve-with-electric-actuator-300x225.png 300w, https:\/\/zecovalve.com\/wp-content\/uploads\/2022\/06\/flanged-concentric-butterfly-valve-with-electric-actuator.png 600w\" sizes=\"auto, (max-width: 300px) 100vw, 300px\" \/><\/div>\n<p>El centro giratorio del disco de mariposa con brida (es decir, el centro del v\u00e1stago) est\u00e1 situado en la l\u00ednea central del cuerpo de la v\u00e1lvula y la secci\u00f3n de la superficie de sellado del disco. Cuando el disco est\u00e1 cerrado, la superficie de sellado circular del disco aprieta el asiento de caucho sint\u00e9tico de modo que el asiento produce una deformaci\u00f3n el\u00e1stica y forma la fuerza el\u00e1stica para sellar la v\u00e1lvula de mariposa. Si se requiere el control remoto, se pueden equipar diferentes tipos de dispositivos el\u00e9ctricos seg\u00fan las diferentes condiciones de trabajo.<\/p>\n<\/div>\n<div class=\"richtext\">\n<h2>Instalaci\u00f3n y puesta en servicio de v\u00e1lvulas de mariposa con bridas<\/h2>\n<div class=\"text-center\"><img loading=\"lazy\" decoding=\"async\" class=\"alignnone size-medium wp-image-17357\" src=\"https:\/\/zecovalve.com\/wp-content\/uploads\/2022\/06\/flanged-concentric-butterfly-valve-1-300x225.png\" alt=\"\" width=\"300\" height=\"225\" srcset=\"https:\/\/zecovalve.com\/wp-content\/uploads\/2022\/06\/flanged-concentric-butterfly-valve-1-300x225.png 300w, https:\/\/zecovalve.com\/wp-content\/uploads\/2022\/06\/flanged-concentric-butterfly-valve-1.png 600w\" sizes=\"auto, (max-width: 300px) 100vw, 300px\" \/><\/div>\n<p>Limpie la cavidad interior y la tapa de sellado de la v\u00e1lvula antes de la instalaci\u00f3n. Esta v\u00e1lvula de mariposa se puede instalar en la tuber\u00eda horizontal, vertical y en cualquier \u00e1ngulo, y se puede utilizar en ambas direcciones. La v\u00e1lvula de mariposa debe estar en posici\u00f3n cerrada durante la instalaci\u00f3n para asegurar que el disco no choque con la brida de la tuber\u00eda. Aseg\u00farese de que la soldadura de la brida es correcta. Una vez instalada la v\u00e1lvula de mariposa, no est\u00e1 permitido volver a soldar la brida, para no quemar las piezas de goma y el revestimiento anticorrosi\u00f3n. Para usos espec\u00edficos, consulte al Grupo de V\u00e1lvulas ZECO.<\/p>\n<\/div>\n<div class=\"richtext\">\n<h2>V\u00e1lvula de mariposa con bridas Material y norma<\/h2>\n<p>Gama de tama\u00f1os: 2\u2033~48\u2033.<\/p>\n<p>Presi\u00f3n nominal: 10bar ~ 25bar<\/p>\n<p>Dimensiones cara a cara: AMSE B16.10, EN558-1<\/p>\n<p>Dimensi\u00f3n del extremo de la brida: AMSE B16.1\/16.42, AS4087, EN1092-2<\/p>\n<p>Revestimiento: Revestimiento epoxi por fusi\u00f3n<\/p>\n<p>Inspecci\u00f3n y ensayo: ISO 5208 \/ EN 12226-2<\/p>\n<div class=\"over-tabs\">\n<table width=\"1389\">\n<tbody>\n<tr class=\"firstRow\">\n<td>Pieza<\/td>\n<td>Material<\/td>\n<td>Est\u00e1ndar<\/td>\n<\/tr>\n<tr>\n<td>Cuerpo<\/td>\n<td>Hierro d\u00factil<\/td>\n<td>ES 1563\/DIN 1693<\/td>\n<\/tr>\n<tr>\n<td>Disco<\/td>\n<td>Hierro d\u00factil<\/td>\n<td>ES 1563\/DIN 1693<\/td>\n<\/tr>\n<tr>\n<td>Asiento<\/td>\n<td>EPDM \/ NBR<\/td>\n<td>ISO 4633<\/td>\n<\/tr>\n<tr>\n<td>V\u00e1stago<\/td>\n<td>Acero inoxidable 431<\/td>\n<td>EN10088-1\/ASTM A959<\/td>\n<\/tr>\n<tr>\n<td>Perno<\/td>\n<td>Acero inoxidable 431<\/td>\n<td>EN10088-1\/ASTM A959<\/td>\n<\/tr>\n<tr>\n<td>Actuador helicoidal<\/td>\n<td>Hierro d\u00factil<\/td>\n<td>ES 1563\/DIN 1693<\/td>\n<\/tr>\n<tr>\n<td colspan=\"3\">Para las opciones de materiales que no figuran en la lista, consulte con la f\u00e1brica.<\/p>\n<p>ZECO fabrica v\u00e1lvulas en m\u00e1s de 50 aleaciones diferentes.<\/td>\n<\/tr>\n<\/tbody>\n<\/table>\n<\/div>\n<\/div>\n<\/div>\n<\/div>\n<\/div>\n<\/div>","protected":false},"excerpt":{"rendered":"<p>V\u00e1lvula de mariposa con bridas Festures de la v\u00e1lvula de mariposa con bridas Sellado bidireccional, sin direcci\u00f3n de flujo del medio; Cuerpo de v\u00e1lvula EPDM vulcanizado, fiable\u2026 <a title=\"V\u00e1lvula de mariposa con bridas\" class=\"read-more\" href=\"https:\/\/zecovalve.com\/es\/producto\/flanged-butterfly-valve\" aria-label=\"M\u00e1s en V\u00e1lvula de mariposa con bridas\">Leer m\u00e1s<\/a><\/p>","protected":false},"featured_media":16940,"comment_status":"closed","ping_status":"closed","template":"","meta":{"_generate-full-width-content":"","kt_blocks_editor_width":""},"product_cat":[2514],"product_tag":[2654,2658],"class_list":["post-17356","product","type-product","status-publish","has-post-thumbnail","hentry","product_cat-concentric-butterfly-valve","product_tag-hvac-valve","product_tag-isolation-valve","sales-flash-overlay","woocommerce-text-align-center","woocommerce-image-align-center","do-quantity-buttons"],"featured_image_src_large":["https:\/\/zecovalve.com\/wp-content\/uploads\/2022\/06\/flanged-butterfly-valve.jpg",330,300,false],"author_info":[],"comment_info":0,"taxonomy_info":{"product_cat":[{"value":2514,"label":"Concentric Butterfly Valve"}],"product_tag":[{"value":2654,"label":"HVAC Valve"},{"value":2658,"label":"Isolation Valve"}]},"yoast_head":"<!-- This site is optimized with the Yoast SEO Premium plugin v15.4 - https:\/\/yoast.com\/wordpress\/plugins\/seo\/ -->\n<title>Flanged Butterfly Valve - ZECO Valve<\/title>\n<meta name=\"robots\" content=\"index, follow, max-snippet:-1, max-image-preview:large, max-video-preview:-1\" \/>\n<link rel=\"canonical\" href=\"https:\/\/zecovalve.com\/es\/producto\/flanged-butterfly-valve\" \/>\n<meta property=\"og:locale\" content=\"es_ES\" \/>\n<meta property=\"og:type\" content=\"article\" \/>\n<meta property=\"og:title\" content=\"Flanged Butterfly Valve - ZECO Valve\" \/>\n<meta property=\"og:description\" content=\"Flanged Butterfly Valve Festures of Flanged Butterfly Valve \u00a0 Bidirectional sealing, no flow direction of the medium; Valve body vulcanized EPDM, reliable ... Leer m\u00e1s\" \/>\n<meta property=\"og:url\" content=\"https:\/\/zecovalve.com\/es\/producto\/flanged-butterfly-valve\" \/>\n<meta property=\"og:site_name\" content=\"ZECO Valve\" \/>\n<meta property=\"article:modified_time\" content=\"2022-08-03T16:06:55+00:00\" \/>\n<meta property=\"og:image\" content=\"https:\/\/zecovalve.com\/wp-content\/uploads\/2022\/06\/flanged-butterfly-valve.jpg\" \/>\n\t<meta property=\"og:image:width\" content=\"330\" \/>\n\t<meta property=\"og:image:height\" content=\"300\" \/>\n<meta name=\"twitter:card\" content=\"summary_large_image\" \/>\n<meta name=\"twitter:label1\" content=\"Escrito por\">\n\t<meta name=\"twitter:data1\" content=\"Jerry\">\n\t<meta name=\"twitter:label2\" content=\"Tiempo de lectura\">\n\t<meta name=\"twitter:data2\" content=\"1 minuto\">\n<script type=\"application\/ld+json\" class=\"yoast-schema-graph\">{\"@context\":\"https:\/\/schema.org\",\"@graph\":[{\"@type\":\"WebSite\",\"@id\":\"https:\/\/zecovalve.com\/#website\",\"url\":\"https:\/\/zecovalve.com\/\",\"name\":\"ZECO Valve\",\"description\":\"Industrial Ball Valve, Gate Valve and Globe Valve Manufacturer\",\"potentialAction\":[{\"@type\":\"SearchAction\",\"target\":\"https:\/\/zecovalve.com\/?s={search_term_string}\",\"query-input\":\"required name=search_term_string\"}],\"inLanguage\":\"es\"},{\"@type\":\"ImageObject\",\"@id\":\"https:\/\/zecovalve.com\/product\/flanged-butterfly-valve#primaryimage\",\"inLanguage\":\"es\",\"url\":\"https:\/\/zecovalve.com\/wp-content\/uploads\/2022\/06\/flanged-butterfly-valve.jpg\",\"width\":330,\"height\":300,\"caption\":\"Flange Butterfly Valve\"},{\"@type\":\"WebPage\",\"@id\":\"https:\/\/zecovalve.com\/product\/flanged-butterfly-valve#webpage\",\"url\":\"https:\/\/zecovalve.com\/product\/flanged-butterfly-valve\",\"name\":\"Flanged Butterfly Valve - ZECO Valve\",\"isPartOf\":{\"@id\":\"https:\/\/zecovalve.com\/#website\"},\"primaryImageOfPage\":{\"@id\":\"https:\/\/zecovalve.com\/product\/flanged-butterfly-valve#primaryimage\"},\"datePublished\":\"2022-06-27T13:49:24+00:00\",\"dateModified\":\"2022-08-03T16:06:55+00:00\",\"breadcrumb\":{\"@id\":\"https:\/\/zecovalve.com\/product\/flanged-butterfly-valve#breadcrumb\"},\"inLanguage\":\"es\",\"potentialAction\":[{\"@type\":\"ReadAction\",\"target\":[\"https:\/\/zecovalve.com\/product\/flanged-butterfly-valve\"]}]},{\"@type\":\"BreadcrumbList\",\"@id\":\"https:\/\/zecovalve.com\/product\/flanged-butterfly-valve#breadcrumb\",\"itemListElement\":[{\"@type\":\"ListItem\",\"position\":1,\"item\":{\"@type\":\"WebPage\",\"@id\":\"https:\/\/zecovalve.com\/\",\"url\":\"https:\/\/zecovalve.com\/\",\"name\":\"Home\"}},{\"@type\":\"ListItem\",\"position\":2,\"item\":{\"@type\":\"WebPage\",\"@id\":\"https:\/\/zecovalve.com\/product-category\",\"url\":\"https:\/\/zecovalve.com\/product-category\",\"name\":\"Industrial Valve Manufacturer | Water Valve Manufacturer\"}},{\"@type\":\"ListItem\",\"position\":3,\"item\":{\"@type\":\"WebPage\",\"@id\":\"https:\/\/zecovalve.com\/product\/flanged-butterfly-valve\",\"url\":\"https:\/\/zecovalve.com\/product\/flanged-butterfly-valve\",\"name\":\"Flanged Butterfly Valve\"}}]}]}<\/script>\n<!-- \/ Yoast SEO Premium plugin. -->","_links":{"self":[{"href":"https:\/\/zecovalve.com\/es\/wp-json\/wp\/v2\/product\/17356","targetHints":{"allow":["GET"]}}],"collection":[{"href":"https:\/\/zecovalve.com\/es\/wp-json\/wp\/v2\/product"}],"about":[{"href":"https:\/\/zecovalve.com\/es\/wp-json\/wp\/v2\/types\/product"}],"replies":[{"embeddable":true,"href":"https:\/\/zecovalve.com\/es\/wp-json\/wp\/v2\/comments?post=17356"}],"wp:featuredmedia":[{"embeddable":true,"href":"https:\/\/zecovalve.com\/es\/wp-json\/wp\/v2\/media\/16940"}],"wp:attachment":[{"href":"https:\/\/zecovalve.com\/es\/wp-json\/wp\/v2\/media?parent=17356"}],"wp:term":[{"taxonomy":"product_cat","embeddable":true,"href":"https:\/\/zecovalve.com\/es\/wp-json\/wp\/v2\/product_cat?post=17356"},{"taxonomy":"product_tag","embeddable":true,"href":"https:\/\/zecovalve.com\/es\/wp-json\/wp\/v2\/product_tag?post=17356"}],"curies":[{"name":"wp","href":"https:\/\/api.w.org\/{rel}","templated":true}]}}