{"id":17507,"date":"2022-06-28T02:33:45","date_gmt":"2022-06-28T02:33:45","guid":{"rendered":"https:\/\/zecovalve.com\/?post_type=product&#038;p=17507"},"modified":"2023-06-15T13:17:23","modified_gmt":"2023-06-15T13:17:23","slug":"gear-operated-gate-valve-2","status":"publish","type":"product","link":"https:\/\/zecovalve.com\/es\/producto\/gear-operated-gate-valve-2","title":{"rendered":"V\u00e1lvula de compuerta accionada por engranaje"},"content":{"rendered":"<div class=\"col-xs-12\">\n<div class=\"rbt\">\n<h1><img loading=\"lazy\" decoding=\"async\" class=\"size-medium wp-image-17508\" style=\"font-size: inherit;\" src=\"https:\/\/zecovalve.com\/wp-content\/uploads\/2022\/06\/g-2-105309-300x225.jpg\" alt=\"V\u00e1lvula de compuerta accionada por engranajes-1\" width=\"300\" height=\"225\" srcset=\"https:\/\/zecovalve.com\/wp-content\/uploads\/2022\/06\/g-2-105309-300x225.jpg 300w, https:\/\/zecovalve.com\/wp-content\/uploads\/2022\/06\/g-2-105309-768x576.jpg 768w, https:\/\/zecovalve.com\/wp-content\/uploads\/2022\/06\/g-2-105309-600x450.jpg 600w, https:\/\/zecovalve.com\/wp-content\/uploads\/2022\/06\/g-2-105309.jpg 800w\" sizes=\"auto, (max-width: 300px) 100vw, 300px\" \/><\/h1>\n<\/div>\n<\/div>\n<div class=\"text\">\n<div id=\"productdetail\">\n<div id=\"productdetail_txt\" class=\"col-md-7 col-sm-6 col-xs-12\">\n<p><strong><a href=\"https:\/\/zecovalve.com\/es\/producto\/gear-operated-gate-valve\/\" data-internallinksmanager029f6b8e52c=\"2\" title=\"v\u00e1lvulas de compuerta accionadas por engranajes\" target=\"_blank\" rel=\"noopener\">V\u00e1lvula de compuerta accionada por engranaje<\/a><\/strong>Las v\u00e1lvulas de compuerta operadas por engranajes de Zeco sirven como v\u00e1lvulas de cierre eficientes con flujo en cualquier direcci\u00f3n.<\/p>\n<\/div>\n<\/div>\n<div id=\"myTabContent\" class=\"tab-content\">\n<div id=\"page1\" class=\"tab-pane fade in active\">\n<div class=\"col-xs-12\">\n<div class=\"\">\n<p><b>Principio<\/b><b>:<\/b><b>\u00a0<\/b><b><\/b><\/p>\n<p>Las v\u00e1lvulas de compuerta accionadas por engranajes sirven como v\u00e1lvulas de cierre eficientes con flujo en cualquier direcci\u00f3n. En tal dise\u00f1o, una cu\u00f1a se desliza cruzando un pasillo general para controlar el flujo de fluido (como una puerta corrediza, de ah\u00ed el nombre). Una de las caracter\u00edsticas m\u00e1s importantes de este tipo de v\u00e1lvulas accionadas por engranajes es su paso recto y sin obstrucciones cuando se coloca en la posici\u00f3n completamente abierta. Esto es posible gracias a que la cu\u00f1a se levanta completamente fuera del pasillo. Como resultado, las v\u00e1lvulas de compuerta industriales se caracterizan por un m\u00ednimo de turbulencia y ca\u00edda de presi\u00f3n durante su funcionamiento.<\/p>\n<p>Si bien las v\u00e1lvulas de compuerta operadas por engranajes son buenas para aplicaciones que requieren estos dos factores, no se recomiendan para instalaciones en las que la estrangulaci\u00f3n ser\u00eda una funci\u00f3n. Est\u00e1n dise\u00f1ados para servicio de encendido\/apagado.<\/p>\n<p>Las v\u00e1lvulas de compuerta operadas por engranajes cuentan con una cu\u00f1a flexible a menos que el cliente especifique lo contrario. La cu\u00f1a flexible se desplaza a lo largo del cuerpo de la v\u00e1lvula durante la apertura y el cierre, y se mantiene en su posici\u00f3n mediante una ranura gu\u00eda que minimiza la fricci\u00f3n entre el asiento del cuerpo y la cu\u00f1a. Este dise\u00f1o est\u00e1 especialmente indicado para compensar ligeras deformaciones t\u00e9rmicas producidas por el propio tubo de la v\u00e1lvula salvaguardando una mejor estanqueidad entre el cuerpo y los asientos de la cu\u00f1a.<\/p>\n<p align=\"justify\"><b>Caracter\u00edsticas\uff1a<\/b><b><\/b><\/p>\n<p align=\"justify\">1. Peque\u00f1a resistencia al flujo de fluidos;<\/p>\n<p align=\"justify\">2. S\u00f3lo se requiere una peque\u00f1a fuerza para abrir\/cerrar;<\/p>\n<p align=\"justify\">3. No hay limitaci\u00f3n en la direcci\u00f3n del flujo del medio;<\/p>\n<p align=\"justify\">4. Durante el proceso de apertura y cierre, la fricci\u00f3n entre la cu\u00f1a del disco y el asiento es peque\u00f1a, por lo que el sellado es confiable y garantiza estanqueidad y una larga vida \u00fatil;<\/p>\n<p align=\"justify\">5. El sellado del v\u00e1stago de la v\u00e1lvula se realiza mediante la colaboraci\u00f3n de grafito tejido y flexible. asegurar una estanqueidad m\u00e1s fiable;<\/p>\n<p align=\"justify\">6. Tipo de cap\u00f3 con sello de presi\u00f3n opcional;<\/p>\n<p align=\"justify\">7. Tipo de cu\u00f1a s\u00f3lida opcional;<\/p>\n<p align=\"justify\">8. Estructuras de v\u00e1stago no ascendente opcionales;<\/p>\n<p align=\"justify\">9. Estructura de chaqueta opcional.<\/p>\n<p align=\"justify\"><b>Gama de productos:<\/b><b><\/b><\/p>\n<p>Material del cuerpo: acero al carbono, acero inoxidable, acero aleado<\/p>\n<p>Di\u00e1metro nominal: 1\/2~60<\/p>\n<p>Rango de presi\u00f3n: Clase150\uff5e2500<\/p>\n<p>Conexi\u00f3n final: RF, RTJ, BW<\/p>\n<p>Temperatura de trabajo:-29\u2103\uff5e+560\u2103<\/p>\n<p>Modo de funcionamiento: volante, caja de cambios, actuador el\u00e9ctrico, actuador neum\u00e1tico, etc.<\/p>\n<table class=\"ke-zeroborder\" border=\"0\" cellspacing=\"0\">\n<tbody>\n<tr>\n<td valign=\"center\" width=\"112\">Marca<\/td>\n<td valign=\"center\" width=\"770\">Zeco<\/td>\n<\/tr>\n<tr>\n<td valign=\"center\" width=\"112\">Tipo de v\u00e1lvula<\/td>\n<td valign=\"center\" width=\"770\"><a href=\"https:\/\/zecovalve.com\/es\/producto\/gear-operated-gate-valve\/\" data-internallinksmanager029f6b8e52c=\"2\" title=\"v\u00e1lvulas de compuerta accionadas por engranajes\" target=\"_blank\" rel=\"noopener\">V\u00e1lvula de compuerta accionada por engranaje<\/a><\/td>\n<\/tr>\n<tr>\n<td valign=\"center\" width=\"112\">Material de la v\u00e1lvula<\/td>\n<td valign=\"center\" width=\"770\">Acero fundido, acero inoxidable, aleaciones especiales, etc.<\/td>\n<\/tr>\n<tr>\n<td valign=\"center\" width=\"112\">Prueba de v\u00e1lvulas<\/td>\n<td valign=\"center\" width=\"770\">100% cantidad probada antes de la entrega<\/td>\n<\/tr>\n<tr>\n<td valign=\"center\" width=\"112\">Garant\u00eda de v\u00e1lvulas<\/td>\n<td valign=\"center\" width=\"770\">18 meses a partir de la fecha de env\u00edo desde f\u00e1brica, o 12 meses a partir de la fecha de instalaci\u00f3n de la mercanc\u00eda.<\/td>\n<\/tr>\n<tr>\n<td valign=\"center\" width=\"112\">Pintura de v\u00e1lvulas<\/td>\n<td valign=\"center\" width=\"770\">Solicitud del cliente<\/td>\n<\/tr>\n<tr>\n<td valign=\"center\" width=\"112\">Paquete de v\u00e1lvulas<\/td>\n<td valign=\"center\" width=\"770\">Caja de madera<\/td>\n<\/tr>\n<tr>\n<td valign=\"center\" width=\"112\">MOQ<\/td>\n<td valign=\"center\" width=\"770\">Ning\u00fan requisito<\/td>\n<\/tr>\n<tr>\n<td valign=\"center\" width=\"112\">Certificado de v\u00e1lvulas<\/td>\n<td valign=\"center\" width=\"770\">API 6D\/CE\/ISO9001\/ISO14001<\/td>\n<\/tr>\n<tr>\n<td valign=\"center\" width=\"112\">Detalle de entrega<\/td>\n<td valign=\"center\" width=\"770\">Env\u00edo en 4 \u00f3 6 semanas tras el pago<\/td>\n<\/tr>\n<tr>\n<td valign=\"center\" width=\"112\">Puerto<\/td>\n<td valign=\"center\" width=\"770\">SHANGHAI<\/td>\n<\/tr>\n<tr>\n<td valign=\"center\" width=\"112\">Condiciones de pago<\/td>\n<td valign=\"center\" width=\"770\">L\/C, D\/A, D\/P, T\/T<\/td>\n<\/tr>\n<tr>\n<td valign=\"center\" width=\"112\">Certificado ofrecido<\/td>\n<td valign=\"center\" width=\"770\">Lista de empaque, factura comercial, informes de pruebas y certificados de materiales, certificado de calidad y cantidad, certificado de garant\u00eda del vendedor.<\/td>\n<\/tr>\n<\/tbody>\n<\/table>\n<p align=\"justify\"><img loading=\"lazy\" decoding=\"async\" class=\"alignnone size-medium wp-image-17509\" src=\"https:\/\/zecovalve.com\/wp-content\/uploads\/2022\/06\/20190205124042_9202-300x182.jpg\" alt=\"\" width=\"300\" height=\"182\" srcset=\"https:\/\/zecovalve.com\/wp-content\/uploads\/2022\/06\/20190205124042_9202-300x182.jpg 300w, https:\/\/zecovalve.com\/wp-content\/uploads\/2022\/06\/20190205124042_9202-600x365.jpg 600w, https:\/\/zecovalve.com\/wp-content\/uploads\/2022\/06\/20190205124042_9202.jpg 750w\" sizes=\"auto, (max-width: 300px) 100vw, 300px\" \/><\/p>\n<\/div>\n<\/div>\n<\/div>\n<\/div>\n<\/div>","protected":false},"excerpt":{"rendered":"<p>V\u00e1lvula de compuerta accionada por engranajesLas v\u00e1lvulas de compuerta accionadas por engranajes de Zeco sirven como v\u00e1lvulas de cierre eficientes con flujo en cualquier direcci\u00f3n. Principio: Puerta accionada por engranajes... <a title=\"V\u00e1lvula de compuerta accionada por engranaje\" class=\"read-more\" href=\"https:\/\/zecovalve.com\/es\/producto\/gear-operated-gate-valve-2\" aria-label=\"M\u00e1s en V\u00e1lvula de compuerta accionada por engranajes\">Leer m\u00e1s<\/a><\/p>","protected":false},"featured_media":27870,"comment_status":"closed","ping_status":"closed","template":"","meta":{"_generate-full-width-content":"","kt_blocks_editor_width":""},"product_cat":[2052,2457],"product_tag":[2658,2798],"class_list":["post-17507","product","type-product","status-publish","has-post-thumbnail","hentry","product_cat-gate-valve","product_cat-gate-valve-by-drive-mode","product_tag-isolation-valve","product_tag-osy-valve","sales-flash-overlay","woocommerce-text-align-center","woocommerce-image-align-center","do-quantity-buttons"],"featured_image_src_large":["https:\/\/zecovalve.com\/wp-content\/uploads\/2022\/06\/Gear-Valve-Gear-Operated-Gate-Valve.jpg",800,600,false],"author_info":[],"comment_info":0,"taxonomy_info":{"product_cat":[{"value":2052,"label":"Gate Valve"},{"value":2457,"label":"Gate Valve with Actuator"}],"product_tag":[{"value":2658,"label":"Isolation Valve"},{"value":2798,"label":"OS&amp;Y Valve"}]},"yoast_head":"<!-- This site is optimized with the Yoast SEO Premium plugin v15.4 - https:\/\/yoast.com\/wordpress\/plugins\/seo\/ -->\n<title>Gear Operated Gate Valve - ZECO Valve<\/title>\n<meta name=\"robots\" content=\"index, follow, max-snippet:-1, max-image-preview:large, max-video-preview:-1\" \/>\n<link rel=\"canonical\" href=\"https:\/\/zecovalve.com\/es\/producto\/gear-operated-gate-valve-2\" \/>\n<meta property=\"og:locale\" content=\"es_ES\" \/>\n<meta property=\"og:type\" content=\"article\" \/>\n<meta property=\"og:title\" content=\"Gear Operated Gate Valve - ZECO Valve\" \/>\n<meta property=\"og:description\" content=\"Gear Operated Gate ValveZeco&#8217;s gear operated gate valves serve as efficient on-off valves with flow in either direction. Principle:\u00a0 Gear operated Gate ... Leer m\u00e1s\" \/>\n<meta property=\"og:url\" content=\"https:\/\/zecovalve.com\/es\/producto\/gear-operated-gate-valve-2\" \/>\n<meta property=\"og:site_name\" content=\"ZECO Valve\" \/>\n<meta property=\"article:modified_time\" content=\"2023-06-15T13:17:23+00:00\" \/>\n<meta property=\"og:image\" content=\"https:\/\/zecovalve.com\/wp-content\/uploads\/2022\/06\/Gear-Valve-Gear-Operated-Gate-Valve.jpg\" \/>\n\t<meta property=\"og:image:width\" content=\"800\" \/>\n\t<meta property=\"og:image:height\" content=\"600\" \/>\n<meta name=\"twitter:card\" content=\"summary_large_image\" \/>\n<meta name=\"twitter:label1\" content=\"Escrito por\">\n\t<meta name=\"twitter:data1\" content=\"Jerry\">\n\t<meta name=\"twitter:label2\" content=\"Tiempo de lectura\">\n\t<meta name=\"twitter:data2\" content=\"2 minutos\">\n<script type=\"application\/ld+json\" class=\"yoast-schema-graph\">{\"@context\":\"https:\/\/schema.org\",\"@graph\":[{\"@type\":\"WebSite\",\"@id\":\"https:\/\/zecovalve.com\/#website\",\"url\":\"https:\/\/zecovalve.com\/\",\"name\":\"ZECO Valve\",\"description\":\"Industrial Ball Valve, Gate Valve and Globe Valve Manufacturer\",\"potentialAction\":[{\"@type\":\"SearchAction\",\"target\":\"https:\/\/zecovalve.com\/?s={search_term_string}\",\"query-input\":\"required name=search_term_string\"}],\"inLanguage\":\"es\"},{\"@type\":\"ImageObject\",\"@id\":\"https:\/\/zecovalve.com\/product\/gear-operated-gate-valve-2#primaryimage\",\"inLanguage\":\"es\",\"url\":\"https:\/\/zecovalve.com\/wp-content\/uploads\/2022\/06\/Gear-Valve-Gear-Operated-Gate-Valve.jpg\",\"width\":800,\"height\":600,\"caption\":\"Gear Valve - Gear Operated Gate Valve\"},{\"@type\":\"WebPage\",\"@id\":\"https:\/\/zecovalve.com\/product\/gear-operated-gate-valve-2#webpage\",\"url\":\"https:\/\/zecovalve.com\/product\/gear-operated-gate-valve-2\",\"name\":\"Gear Operated Gate Valve - ZECO Valve\",\"isPartOf\":{\"@id\":\"https:\/\/zecovalve.com\/#website\"},\"primaryImageOfPage\":{\"@id\":\"https:\/\/zecovalve.com\/product\/gear-operated-gate-valve-2#primaryimage\"},\"datePublished\":\"2022-06-28T02:33:45+00:00\",\"dateModified\":\"2023-06-15T13:17:23+00:00\",\"breadcrumb\":{\"@id\":\"https:\/\/zecovalve.com\/product\/gear-operated-gate-valve-2#breadcrumb\"},\"inLanguage\":\"es\",\"potentialAction\":[{\"@type\":\"ReadAction\",\"target\":[\"https:\/\/zecovalve.com\/product\/gear-operated-gate-valve-2\"]}]},{\"@type\":\"BreadcrumbList\",\"@id\":\"https:\/\/zecovalve.com\/product\/gear-operated-gate-valve-2#breadcrumb\",\"itemListElement\":[{\"@type\":\"ListItem\",\"position\":1,\"item\":{\"@type\":\"WebPage\",\"@id\":\"https:\/\/zecovalve.com\/\",\"url\":\"https:\/\/zecovalve.com\/\",\"name\":\"Home\"}},{\"@type\":\"ListItem\",\"position\":2,\"item\":{\"@type\":\"WebPage\",\"@id\":\"https:\/\/zecovalve.com\/product-category\",\"url\":\"https:\/\/zecovalve.com\/product-category\",\"name\":\"Industrial Valve Manufacturer | Water Valve Manufacturer\"}},{\"@type\":\"ListItem\",\"position\":3,\"item\":{\"@type\":\"WebPage\",\"@id\":\"https:\/\/zecovalve.com\/product\/gear-operated-gate-valve-2\",\"url\":\"https:\/\/zecovalve.com\/product\/gear-operated-gate-valve-2\",\"name\":\"Gear Operated Gate Valve\"}}]}]}<\/script>\n<!-- \/ Yoast SEO Premium plugin. -->","_links":{"self":[{"href":"https:\/\/zecovalve.com\/es\/wp-json\/wp\/v2\/product\/17507","targetHints":{"allow":["GET"]}}],"collection":[{"href":"https:\/\/zecovalve.com\/es\/wp-json\/wp\/v2\/product"}],"about":[{"href":"https:\/\/zecovalve.com\/es\/wp-json\/wp\/v2\/types\/product"}],"replies":[{"embeddable":true,"href":"https:\/\/zecovalve.com\/es\/wp-json\/wp\/v2\/comments?post=17507"}],"wp:featuredmedia":[{"embeddable":true,"href":"https:\/\/zecovalve.com\/es\/wp-json\/wp\/v2\/media\/27870"}],"wp:attachment":[{"href":"https:\/\/zecovalve.com\/es\/wp-json\/wp\/v2\/media?parent=17507"}],"wp:term":[{"taxonomy":"product_cat","embeddable":true,"href":"https:\/\/zecovalve.com\/es\/wp-json\/wp\/v2\/product_cat?post=17507"},{"taxonomy":"product_tag","embeddable":true,"href":"https:\/\/zecovalve.com\/es\/wp-json\/wp\/v2\/product_tag?post=17507"}],"curies":[{"name":"wp","href":"https:\/\/api.w.org\/{rel}","templated":true}]}}