{"id":17510,"date":"2022-06-28T02:36:35","date_gmt":"2022-06-28T02:36:35","guid":{"rendered":"https:\/\/zecovalve.com\/?post_type=product&#038;p=17510"},"modified":"2022-09-22T03:26:16","modified_gmt":"2022-09-22T03:26:16","slug":"forged-steel-trunnion-ball-valve","status":"publish","type":"product","link":"https:\/\/zecovalve.com\/es\/producto\/forged-steel-trunnion-ball-valve","title":{"rendered":"V\u00e1lvula de bola de mu\u00f1\u00f3n de acero forjado"},"content":{"rendered":"La v\u00e1lvula de bola montada en mu\u00f1\u00f3n de acero forjado ha sido dise\u00f1ada con un cuerpo de dos piezas o de tres piezas y con dos asientos flotantes, que se pueden mover bajo la presi\u00f3n del medio.\r\n\r\n\r\n\r\n\r\n<figure class=\"wp-block-image alignnone size-medium wp-image-17511\"><img loading=\"lazy\" decoding=\"async\" width=\"300\" height=\"225\" class=\"wp-image-17511\" src=\"https:\/\/zecovalve.com\/wp-content\/uploads\/2022\/06\/F-2-104749-300x225.jpg\" alt=\"V\u00e1lvula de bola de mu\u00f1\u00f3n de acero forjado\" srcset=\"https:\/\/zecovalve.com\/wp-content\/uploads\/2022\/06\/F-2-104749-300x225.jpg 300w, https:\/\/zecovalve.com\/wp-content\/uploads\/2022\/06\/F-2-104749-768x576.jpg 768w, https:\/\/zecovalve.com\/wp-content\/uploads\/2022\/06\/F-2-104749-600x450.jpg 600w, https:\/\/zecovalve.com\/wp-content\/uploads\/2022\/06\/F-2-104749.jpg 800w\" sizes=\"auto, (max-width: 300px) 100vw, 300px\" \/><\/figure>\r\n\r\n\r\n\r\n\r\n<div class=\"gb-button-wrapper gb-button-wrapper-6d8495a3\">\r\n\r\n<a class=\"gb-button gb-button-3d442e11 gb-button-text\" href=\"mailto:commercial@zecovalve.com\" target=\"_blank\" rel=\"noopener noreferrer\"><strong>OBT\u00c9N PRECIO DE V\u00c1LVULA DE BOLA DE MU\u00d1\u00d3N DE ACERO FORJADO<\/strong><\/a>\r\n\r\n<\/div>\r\n\r\n\r\n<h2 class=\"wp-block-heading\">\u00bfQu\u00e9 es la v\u00e1lvula de bola de mu\u00f1\u00f3n?<\/h2>\r\n\r\n\r\n\r\n\r\nUna v\u00e1lvula de bola utiliza una bola giratoria y un v\u00e1stago para proporcionar control de flujo de encendido\/apagado. Cuando la v\u00e1lvula se coloca donde el orificio est\u00e1 alineado en la misma direcci\u00f3n que la tuber\u00eda, est\u00e1 en la posici\u00f3n abierta y el fluido puede pasar aguas abajo. Cuando la bola gira 90 grados, el orificio se vuelve perpendicular a la trayectoria del flujo, lo que significa que la v\u00e1lvula se cierra y el fluido no puede pasar. Las ventajas de una v\u00e1lvula de bola incluyen un cierre r\u00e1pido: solo se requiere un giro de 90 grados para cerrar la v\u00e1lvula. El estado abierto o cerrado de la v\u00e1lvula se puede detectar f\u00e1cilmente por la posici\u00f3n del mango. La v\u00e1lvula de bola proporciona un sello herm\u00e9tico, incluso despu\u00e9s de largos per\u00edodos, utilizando componentes de sellado suaves. El dise\u00f1o de bola montada en mu\u00f1\u00f3n presenta un anclaje de \u201cmu\u00f1\u00f3n\u201d en la parte superior e inferior de la bola. Este dise\u00f1o proporciona un sello positivo en los asientos aguas abajo y aguas arriba, independientemente de la presi\u00f3n, lo que permite la funci\u00f3n de doble bloqueo y purga, o doble aislamiento y purga. Esto hace que las v\u00e1lvulas de bola con dise\u00f1o de mu\u00f1\u00f3n sean adecuadas para operaciones de mayor di\u00e1metro y mayor presi\u00f3n. Adem\u00e1s, este dise\u00f1o reduce el torque requerido para accionar la v\u00e1lvula, lo que hace que el dise\u00f1o de mu\u00f1\u00f3n sea ideal para aplicaciones de v\u00e1lvulas de bola automatizadas.\r\n\r\n\r\n\r\n\r\n<h2 class=\"wp-block-heading\" id=\"h-specifications-of-forged-steel-trunnion-ball-valve\">Especificaciones de la v\u00e1lvula de bola de mu\u00f1\u00f3n de acero forjado<\/h2>\r\n\r\n\r\n\r\n\r\nLas v\u00e1lvulas de bola montadas en mu\u00f1\u00f3n ZECO cuentan con una l\u00ednea completa de productos con v\u00e1lvulas que van desde 2\u2033-56\u2033, clases ANSI de 150LB a 2500LB, cuerpo de acero forjado atornillado o completamente soldado, dise\u00f1o de bloque de mu\u00f1\u00f3n de acoplamiento cerrado para pares de operaci\u00f3n bajos y caracter\u00edstica de sellador de asiento secundario. . Las v\u00e1lvulas API-6D se ofrecen con asientos de alivio autom\u00e1tico o sellado de doble pist\u00f3n opcional. Tambi\u00e9n se encuentran disponibles compuestos especiales para asientos. Cada v\u00e1lvula cumple con los requisitos API-6D, API 6FA y Nace. Las opciones incluyen extensiones de v\u00e1stago, actuadores, soportes para tuber\u00edas y revestimientos especializados.\r\n\r\n\r\n\r\n\r\n<ol class=\"wp-block-list\">\r\n \t<li>Certificaci\u00f3n: ISO9001, API6D, CE, TS<\/li>\r\n \t<li>Tama\u00f1o: 2\u2033-56\u2033<\/li>\r\n \t<li>Presi\u00f3n: Clase 150LB-2500LB<\/li>\r\n \t<li>Materiales: A105, LF2, F11, F22, F5, F304, F316, F304L, F316L<\/li>\r\n \t<li>Garant\u00eda: 12 meses<\/li>\r\n \t<li>Medio adecuado: agua, petr\u00f3leo, gas<\/li>\r\n \t<li>Dise\u00f1o y Fabricaci\u00f3n: API6D, ASME B 16.34, BS5351<\/li>\r\n \t<li>Inspecci\u00f3n y prueba: API598<\/li>\r\n \t<li>Dimensi\u00f3n de la brida final: ASME B16.5 (para NPS\u226424); AMSE B16.47 serie B<\/li>\r\n \t<li>Dimensi\u00f3n de soldadura por encaje: ASME B16.11<\/li>\r\n \t<li>Cara a cara y de extremo a extremo: ASME B 16.10<\/li>\r\n \t<li>Clasificaci\u00f3n de presi\u00f3n\/temperatura: ASME B16.34<\/li>\r\n<\/ol>\r\n\r\n\r\n\r\n<h2 class=\"wp-block-heading\">Principio de funcionamiento de la v\u00e1lvula de bola montada sobre mu\u00f1\u00f3n de acero forjado<\/h2>\r\n\r\n\r\n\r\n\r\nDebajo de la parte inferior de los asientos, se colocan resortes de precarga de los asientos para garantizar que dos asientos flotantes puedan fijarse firmemente a la superficie de la bola; adem\u00e1s, la presi\u00f3n del medio tambi\u00e9n puede empujar los asientos para fijar la bola firmemente y garantizar que el sellado sea m\u00e1s confiable. Las v\u00e1lvulas de bola se utilizan ampliamente en las industrias de refinaci\u00f3n de petr\u00f3leo, qu\u00edmica, fabricaci\u00f3n de papel, farmacia, alimentaci\u00f3n, energ\u00eda hidr\u00e1ulica, municipal, sider\u00fargica y otras. Entre ellas, las v\u00e1lvulas de bola de serie resistentes al azufre son particularmente adecuadas para tuber\u00edas de larga distancia para la transmisi\u00f3n de gas natural altamente corrosivo con medio de hidr\u00f3geno sulfureto y muchas impurezas. La v\u00e1lvula de bola de mu\u00f1\u00f3n est\u00e1 equipada con un anillo de sello de asiento m\u00f3vil que puede generar desplazamiento bajo la presi\u00f3n del medio. En caso de que exista presi\u00f3n media, la presi\u00f3n presionar\u00e1 firmemente el anillo de sello del asiento de la v\u00e1lvula contra la bola, garantizando el rendimiento de sellado de la v\u00e1lvula de bola.\r\n\r\n\r\n\r\n\r\n<h2 class=\"wp-block-heading\">Caracter\u00edsticas de la v\u00e1lvula de bola de mu\u00f1\u00f3n forjado<\/h2>\r\n\r\n\r\n\r\n<ul class=\"wp-block-list\">\r\n \t<li>1. Estructura simple con buen rendimiento de sellado y torque peque\u00f1o;<\/li>\r\n \t<li>2. Dise\u00f1o de paso total y de paso reducido con m\u00ednima resistencia al flujo (cero en realidad);<\/li>\r\n \t<li>3. Inyecci\u00f3n de sellador de emergencia;<\/li>\r\n \t<li>4. Bola y v\u00e1stago independientes;<\/li>\r\n \t<li>5. Embalaje de bajas emisiones;<\/li>\r\n \t<li>6. Dise\u00f1o de v\u00e1stago resistente al fuego, antiest\u00e1tico y antiexplosi\u00f3n;<\/li>\r\n \t<li>7. Autoalivio de la presi\u00f3n de la cavidad;<\/li>\r\n \t<li>8. Cap\u00f3 extendido opcional\u3002<\/li>\r\n<\/ul>\r\n\r\n\r\n\r\n<h2 class=\"wp-block-heading\">Informaci\u00f3n de env\u00edo de la v\u00e1lvula de bola de mu\u00f1\u00f3n de acero forjado<\/h2>\r\n\r\n\r\n\r\n<figure class=\"wp-block-table\">\r\n<table>\r\n<tbody>\r\n<tr>\r\n<td>Marca<\/td>\r\n<td>ZECO<\/td>\r\n<\/tr>\r\n<tr>\r\n<td>Tipo de v\u00e1lvula<\/td>\r\n<td>V\u00e1lvula de bola de mu\u00f1\u00f3n de acero forjado<\/td>\r\n<\/tr>\r\n<tr>\r\n<td>Material de la v\u00e1lvula<\/td>\r\n<td>\u00a0acero forjado, acero inoxidable, etc.<\/td>\r\n<\/tr>\r\n<tr>\r\n<td>Prueba de v\u00e1lvulas<\/td>\r\n<td>100% cantidad probada antes de la entrega<\/td>\r\n<\/tr>\r\n<tr>\r\n<td>Garant\u00eda de v\u00e1lvulas<\/td>\r\n<td>18 meses a partir de la fecha de env\u00edo franco f\u00e1brica o 12 meses a partir de la fecha de instalaci\u00f3n del producto.<\/td>\r\n<\/tr>\r\n<tr>\r\n<td>Pintura de v\u00e1lvulas<\/td>\r\n<td>Solicitud del cliente<\/td>\r\n<\/tr>\r\n<tr>\r\n<td>Paquete de v\u00e1lvulas<\/td>\r\n<td>Caja de madera<\/td>\r\n<\/tr>\r\n<tr>\r\n<td>MOQ<\/td>\r\n<td>Ning\u00fan requisito<\/td>\r\n<\/tr>\r\n<tr>\r\n<td>Certificado de v\u00e1lvulas<\/td>\r\n<td>API 6D\/CE\/ISO9001\/ISO14001<\/td>\r\n<\/tr>\r\n<tr>\r\n<td>Detalle de entrega<\/td>\r\n<td>Env\u00edo en 4 \u00f3 6 semanas tras el pago<\/td>\r\n<\/tr>\r\n<tr>\r\n<td>Puerto<\/td>\r\n<td>SHANGH\u00c1I, NINGBO<\/td>\r\n<\/tr>\r\n<tr>\r\n<td>Condiciones de pago<\/td>\r\n<td>LC, T\/T<\/td>\r\n<\/tr>\r\n<tr>\r\n<td>Certificado ofrecido<\/td>\r\n<td>Lista de empaque, factura comercial, informes de prueba y certificados de materiales, certificado de calidad y cantidad, certificado de garant\u00eda del vendedor<\/td>\r\n<\/tr>\r\n<\/tbody>\r\n<\/table>\r\n<\/figure>","protected":false},"excerpt":{"rendered":"<p>La v\u00e1lvula de bola montada en mu\u00f1\u00f3n de acero forjado ha sido dise\u00f1ada con cuerpo de dos piezas o de tres piezas y con dos flotantes... <a title=\"V\u00e1lvula de bola de mu\u00f1\u00f3n de acero forjado\" class=\"read-more\" href=\"https:\/\/zecovalve.com\/es\/producto\/forged-steel-trunnion-ball-valve\" aria-label=\"M\u00e1s en V\u00e1lvula de bola de mu\u00f1\u00f3n de acero forjado\">Leer m\u00e1s<\/a><\/p>","protected":false},"featured_media":17511,"comment_status":"closed","ping_status":"closed","template":"","meta":{"_generate-full-width-content":"","kt_blocks_editor_width":""},"product_cat":[2047,2461],"product_tag":[3920,2658,3914,2723],"class_list":["post-17510","product","type-product","status-publish","has-post-thumbnail","hentry","product_cat-ball-valve","product_cat-ball-valve-by-material","product_tag-api-6d-ball-valve","product_tag-isolation-valve","product_tag-reduced-bore-ball-valve","product_tag-what-is-a-valve","sales-flash-overlay","woocommerce-text-align-center","woocommerce-image-align-center","do-quantity-buttons"],"featured_image_src_large":["https:\/\/zecovalve.com\/wp-content\/uploads\/2022\/06\/F-2-104749.jpg",800,600,false],"author_info":[],"comment_info":0,"taxonomy_info":{"product_cat":[{"value":2047,"label":"Ball Valve"},{"value":2461,"label":"Ball Valve By Material"}],"product_tag":[{"value":3920,"label":"API 6D Ball Valve"},{"value":2658,"label":"Isolation Valve"},{"value":3914,"label":"Reduced Bore Ball Valve"},{"value":2723,"label":"What is a Valve"}]},"yoast_head":"<!-- This site is optimized with the Yoast SEO Premium plugin v15.4 - https:\/\/yoast.com\/wordpress\/plugins\/seo\/ -->\n<title>Forged Steel Trunnion Ball Valve - Trunnion Mounted Ball Valve | ZECO<\/title>\n<meta name=\"robots\" content=\"index, follow, max-snippet:-1, max-image-preview:large, max-video-preview:-1\" \/>\n<link rel=\"canonical\" href=\"https:\/\/zecovalve.com\/es\/producto\/forged-steel-trunnion-ball-valve\" \/>\n<meta property=\"og:locale\" content=\"es_ES\" \/>\n<meta property=\"og:type\" content=\"article\" \/>\n<meta property=\"og:title\" content=\"Forged Steel Trunnion Ball Valve - Trunnion Mounted Ball Valve | ZECO\" \/>\n<meta property=\"og:description\" content=\"Forged steel trunnion mounted ball valve has been designed two piece body type or three piece body type and with two floating ... Leer m\u00e1s\" \/>\n<meta property=\"og:url\" content=\"https:\/\/zecovalve.com\/es\/producto\/forged-steel-trunnion-ball-valve\" \/>\n<meta property=\"og:site_name\" content=\"ZECO Valve\" \/>\n<meta property=\"article:modified_time\" content=\"2022-09-22T03:26:16+00:00\" \/>\n<meta property=\"og:image\" content=\"https:\/\/zecovalve.com\/wp-content\/uploads\/2022\/06\/F-2-104749.jpg\" \/>\n\t<meta property=\"og:image:width\" content=\"800\" \/>\n\t<meta property=\"og:image:height\" content=\"600\" \/>\n<meta name=\"twitter:card\" content=\"summary_large_image\" \/>\n<meta name=\"twitter:label1\" content=\"Escrito por\">\n\t<meta name=\"twitter:data1\" content=\"Jerry\">\n\t<meta name=\"twitter:label2\" content=\"Tiempo de lectura\">\n\t<meta name=\"twitter:data2\" content=\"3 minutos\">\n<script type=\"application\/ld+json\" class=\"yoast-schema-graph\">{\"@context\":\"https:\/\/schema.org\",\"@graph\":[{\"@type\":\"WebSite\",\"@id\":\"https:\/\/zecovalve.com\/#website\",\"url\":\"https:\/\/zecovalve.com\/\",\"name\":\"ZECO Valve\",\"description\":\"Industrial Ball Valve, Gate Valve and Globe Valve Manufacturer\",\"potentialAction\":[{\"@type\":\"SearchAction\",\"target\":\"https:\/\/zecovalve.com\/?s={search_term_string}\",\"query-input\":\"required name=search_term_string\"}],\"inLanguage\":\"es\"},{\"@type\":\"ImageObject\",\"@id\":\"https:\/\/zecovalve.com\/product\/forged-steel-trunnion-ball-valve#primaryimage\",\"inLanguage\":\"es\",\"url\":\"https:\/\/zecovalve.com\/wp-content\/uploads\/2022\/06\/F-2-104749.jpg\",\"width\":800,\"height\":600,\"caption\":\"Forged Steel Trunnion Ball Valve\"},{\"@type\":\"WebPage\",\"@id\":\"https:\/\/zecovalve.com\/product\/forged-steel-trunnion-ball-valve#webpage\",\"url\":\"https:\/\/zecovalve.com\/product\/forged-steel-trunnion-ball-valve\",\"name\":\"Forged Steel Trunnion Ball Valve - Trunnion Mounted Ball Valve | ZECO\",\"isPartOf\":{\"@id\":\"https:\/\/zecovalve.com\/#website\"},\"primaryImageOfPage\":{\"@id\":\"https:\/\/zecovalve.com\/product\/forged-steel-trunnion-ball-valve#primaryimage\"},\"datePublished\":\"2022-06-28T02:36:35+00:00\",\"dateModified\":\"2022-09-22T03:26:16+00:00\",\"breadcrumb\":{\"@id\":\"https:\/\/zecovalve.com\/product\/forged-steel-trunnion-ball-valve#breadcrumb\"},\"inLanguage\":\"es\",\"potentialAction\":[{\"@type\":\"ReadAction\",\"target\":[\"https:\/\/zecovalve.com\/product\/forged-steel-trunnion-ball-valve\"]}]},{\"@type\":\"BreadcrumbList\",\"@id\":\"https:\/\/zecovalve.com\/product\/forged-steel-trunnion-ball-valve#breadcrumb\",\"itemListElement\":[{\"@type\":\"ListItem\",\"position\":1,\"item\":{\"@type\":\"WebPage\",\"@id\":\"https:\/\/zecovalve.com\/\",\"url\":\"https:\/\/zecovalve.com\/\",\"name\":\"Home\"}},{\"@type\":\"ListItem\",\"position\":2,\"item\":{\"@type\":\"WebPage\",\"@id\":\"https:\/\/zecovalve.com\/product-category\",\"url\":\"https:\/\/zecovalve.com\/product-category\",\"name\":\"Industrial Valve Manufacturer | Water Valve Manufacturer\"}},{\"@type\":\"ListItem\",\"position\":3,\"item\":{\"@type\":\"WebPage\",\"@id\":\"https:\/\/zecovalve.com\/product\/forged-steel-trunnion-ball-valve\",\"url\":\"https:\/\/zecovalve.com\/product\/forged-steel-trunnion-ball-valve\",\"name\":\"Forged Steel Trunnion Ball Valve\"}}]}]}<\/script>\n<!-- \/ Yoast SEO Premium plugin. -->","_links":{"self":[{"href":"https:\/\/zecovalve.com\/es\/wp-json\/wp\/v2\/product\/17510","targetHints":{"allow":["GET"]}}],"collection":[{"href":"https:\/\/zecovalve.com\/es\/wp-json\/wp\/v2\/product"}],"about":[{"href":"https:\/\/zecovalve.com\/es\/wp-json\/wp\/v2\/types\/product"}],"replies":[{"embeddable":true,"href":"https:\/\/zecovalve.com\/es\/wp-json\/wp\/v2\/comments?post=17510"}],"wp:featuredmedia":[{"embeddable":true,"href":"https:\/\/zecovalve.com\/es\/wp-json\/wp\/v2\/media\/17511"}],"wp:attachment":[{"href":"https:\/\/zecovalve.com\/es\/wp-json\/wp\/v2\/media?parent=17510"}],"wp:term":[{"taxonomy":"product_cat","embeddable":true,"href":"https:\/\/zecovalve.com\/es\/wp-json\/wp\/v2\/product_cat?post=17510"},{"taxonomy":"product_tag","embeddable":true,"href":"https:\/\/zecovalve.com\/es\/wp-json\/wp\/v2\/product_tag?post=17510"}],"curies":[{"name":"wp","href":"https:\/\/api.w.org\/{rel}","templated":true}]}}