{"id":17513,"date":"2022-06-28T02:39:39","date_gmt":"2022-06-28T02:39:39","guid":{"rendered":"https:\/\/zecovalve.com\/?post_type=product&#038;p=17513"},"modified":"2023-06-15T14:00:37","modified_gmt":"2023-06-15T14:00:37","slug":"gear-operated-globe-valve","status":"publish","type":"product","link":"https:\/\/zecovalve.com\/es\/producto\/gear-operated-globe-valve","title":{"rendered":"V\u00e1lvula de globo accionada por engranaje"},"content":{"rendered":"<div class=\"col-xs-12\">\n<div class=\"rbt\">\n<p><img loading=\"lazy\" decoding=\"async\" class=\"size-medium wp-image-27910\" src=\"https:\/\/zecovalve.com\/wp-content\/uploads\/2022\/06\/Gear-Operated-Globe-Valve-300x225.jpg\" alt=\"V\u00e1lvula de globo accionada por engranaje\" width=\"300\" height=\"225\" srcset=\"https:\/\/zecovalve.com\/wp-content\/uploads\/2022\/06\/Gear-Operated-Globe-Valve-300x225.jpg 300w, https:\/\/zecovalve.com\/wp-content\/uploads\/2022\/06\/Gear-Operated-Globe-Valve-768x576.jpg 768w, https:\/\/zecovalve.com\/wp-content\/uploads\/2022\/06\/Gear-Operated-Globe-Valve-600x450.jpg 600w, https:\/\/zecovalve.com\/wp-content\/uploads\/2022\/06\/Gear-Operated-Globe-Valve.jpg 800w\" sizes=\"auto, (max-width: 300px) 100vw, 300px\" \/><\/p>\n<\/div>\n<\/div>\n<div class=\"text\">\n<div id=\"productdetail\">\n<div id=\"productdetail_txt\" class=\"col-md-7 col-sm-6 col-xs-12\">\n<p><strong>V\u00e1lvula de globo accionada por engranaje<\/strong><\/p>\n<p>Las v\u00e1lvulas de globo accionadas por engranajes de Zeco est\u00e1n dise\u00f1adas de acuerdo con BS1873 y ASME B16.34 para servicio de alta temperatura y alta presi\u00f3n y se utilizan ampliamente en plantas de energ\u00eda de combustibles f\u00f3siles.<\/p>\n<\/div>\n<\/div>\n<div id=\"myTabContent\" class=\"tab-content\">\n<div id=\"page1\" class=\"tab-pane fade in active\">\n<div class=\"col-xs-12\">\n<div class=\"\">\n<p><strong>Principio<\/strong><strong>:<\/strong><strong>\u00a0<\/strong><\/p>\n<p>Las dos aberturas para la entrada y salida del medio est\u00e1n en la misma direcci\u00f3n, formando un \u00e1ngulo de 180\u00b0. Adem\u00e1s, las superficies del asiento y del sello del disco est\u00e1n recubiertas con una aleaci\u00f3n a base de hierro, una aleaci\u00f3n de base co o una aleaci\u00f3n de carburo para una mayor duraci\u00f3n. Para v\u00e1lvulas de gran tama\u00f1o, se dise\u00f1ar\u00e1n con disco principal y disco de tornillo de banco, y un flujo medio desde el disco superior al disco inferior, de modo que el par de operaci\u00f3n disminuir\u00e1 considerablemente y el rendimiento de estanqueidad del asiento ser\u00e1 m\u00e1s confiable.<\/p>\n<p align=\"justify\"><strong>Caracter\u00edsticas<\/strong><strong>\uff1a<\/strong><\/p>\n<p align=\"justify\">1. Peque\u00f1a resistencia al flujo del fluido, solo se requiere una peque\u00f1a fuerza al abrir\/cerrar;<\/p>\n<p align=\"justify\">2. No hay limitaci\u00f3n en la direcci\u00f3n del flujo del medio;<\/p>\n<p align=\"justify\">3. Cuando la v\u00e1lvula est\u00e1 completamente abierta, la superficie de sellado sufri\u00f3 una peque\u00f1a fricci\u00f3n por parte del medio de trabajo;<\/p>\n<p align=\"justify\">4. Se puede elegir el dise\u00f1o extendido del v\u00e1stago;<\/p>\n<p align=\"justify\">5. Se puede elegir una empaquetadura de bajas emisiones de acuerdo con los requisitos de ISO 15848;<\/p>\n<p align=\"justify\">6. Se elegir\u00e1 con dise\u00f1o By-pass.<\/p>\n<p align=\"justify\"><strong>Gama de productos:<\/strong><\/p>\n<p>Material del cuerpo: acero al carbono, acero inoxidable, acero aleado<\/p>\n<p>Di\u00e1metro nominal: 1\/2\u2033\uff5e24\u2033.<\/p>\n<p>Rango de presi\u00f3n: Clase 150 ~ 2500<\/p>\n<p>Conexi\u00f3n final: RF, RTJ, BW<\/p>\n<p>Temperatura de trabajo: -29 \u2103 ~ 560 \u2103<\/p>\n<p>Operaci\u00f3n: Volante, Caja de cambios, Actuador el\u00e9ctrico, etc.<\/p>\n<p>&nbsp;<\/p>\n<table class=\"ke-zeroborder\" border=\"0\" cellspacing=\"0\">\n<tbody>\n<tr>\n<td valign=\"center\" width=\"112\">Marca<\/td>\n<td valign=\"center\" width=\"770\">Zeco<\/td>\n<\/tr>\n<tr>\n<td valign=\"center\" width=\"112\">Tipo de v\u00e1lvula<\/td>\n<td valign=\"center\" width=\"770\">V\u00e1lvula de globo accionada por engranajes<\/td>\n<\/tr>\n<tr>\n<td valign=\"center\" width=\"112\">Material de la v\u00e1lvula<\/td>\n<td valign=\"center\" width=\"770\">Acero fundido, acero inoxidable, aleaciones especiales, etc.<\/td>\n<\/tr>\n<tr>\n<td valign=\"center\" width=\"112\">Prueba de v\u00e1lvulas<\/td>\n<td valign=\"center\" width=\"770\">100% cantidad probada antes de la entrega<\/td>\n<\/tr>\n<tr>\n<td valign=\"center\" width=\"112\">Garant\u00eda de v\u00e1lvulas<\/td>\n<td valign=\"center\" width=\"770\">18 meses a partir de la fecha de env\u00edo desde f\u00e1brica, o 12 meses a partir de la fecha de instalaci\u00f3n de la mercanc\u00eda.<\/td>\n<\/tr>\n<tr>\n<td valign=\"center\" width=\"112\">Pintura de v\u00e1lvulas<\/td>\n<td valign=\"center\" width=\"770\">Solicitud del cliente<\/td>\n<\/tr>\n<tr>\n<td valign=\"center\" width=\"112\">Paquete de v\u00e1lvulas<\/td>\n<td valign=\"center\" width=\"770\">Caja de madera<\/td>\n<\/tr>\n<tr>\n<td valign=\"center\" width=\"112\">MOQ<\/td>\n<td valign=\"center\" width=\"770\">Ning\u00fan requisito<\/td>\n<\/tr>\n<tr>\n<td valign=\"center\" width=\"112\">Certificado de v\u00e1lvulas<\/td>\n<td valign=\"center\" width=\"770\">API 6D\/CE\/ISO9001\/ISO14001<\/td>\n<\/tr>\n<tr>\n<td valign=\"center\" width=\"112\">Detalle de entrega<\/td>\n<td valign=\"center\" width=\"770\">Env\u00edo en 4 \u00f3 6 semanas tras el pago<\/td>\n<\/tr>\n<tr>\n<td valign=\"center\" width=\"112\">Puerto<\/td>\n<td valign=\"center\" width=\"770\">SHANGHAI<\/td>\n<\/tr>\n<tr>\n<td valign=\"center\" width=\"112\">Condiciones de pago<\/td>\n<td valign=\"center\" width=\"770\">L\/C, D\/A, D\/P, T\/T<\/td>\n<\/tr>\n<tr>\n<td valign=\"center\" width=\"112\">Certificado ofrecido<\/td>\n<td valign=\"center\" width=\"770\">Lista de empaque, factura comercial, informes de pruebas y certificados de materiales, certificado de calidad y cantidad, certificado de garant\u00eda del vendedor.<\/td>\n<\/tr>\n<\/tbody>\n<\/table>\n<p align=\"justify\"><img loading=\"lazy\" decoding=\"async\" class=\"alignnone size-medium wp-image-17516\" src=\"https:\/\/zecovalve.com\/wp-content\/uploads\/2022\/06\/20190203143035_6841-300x182.jpg\" alt=\"\" width=\"300\" height=\"182\" srcset=\"https:\/\/zecovalve.com\/wp-content\/uploads\/2022\/06\/20190203143035_6841-300x182.jpg 300w, https:\/\/zecovalve.com\/wp-content\/uploads\/2022\/06\/20190203143035_6841-600x365.jpg 600w, https:\/\/zecovalve.com\/wp-content\/uploads\/2022\/06\/20190203143035_6841.jpg 750w\" sizes=\"auto, (max-width: 300px) 100vw, 300px\" \/><\/p>\n<\/div>\n<\/div>\n<\/div>\n<\/div>\n<\/div>","protected":false},"excerpt":{"rendered":"<p>V\u00e1lvula de globo operada por engranajes Las v\u00e1lvulas de globo operadas por engranajes de Zeco est\u00e1n dise\u00f1adas de acuerdo con BS1873 y ASME B16.34 para servicio de alta... <a title=\"V\u00e1lvula de globo accionada por engranaje\" class=\"read-more\" href=\"https:\/\/zecovalve.com\/es\/producto\/gear-operated-globe-valve\" aria-label=\"M\u00e1s en V\u00e1lvula de globo operada por engranajes\">Leer m\u00e1s<\/a><\/p>","protected":false},"featured_media":27910,"comment_status":"closed","ping_status":"closed","template":"","meta":{"_generate-full-width-content":"","kt_blocks_editor_width":""},"product_cat":[2049],"product_tag":[2658,2723],"class_list":["post-17513","product","type-product","status-publish","has-post-thumbnail","hentry","product_cat-globe-valve","product_tag-isolation-valve","product_tag-what-is-a-valve","sales-flash-overlay","woocommerce-text-align-center","woocommerce-image-align-center","do-quantity-buttons"],"featured_image_src_large":["https:\/\/zecovalve.com\/wp-content\/uploads\/2022\/06\/Gear-Operated-Globe-Valve.jpg",800,600,false],"author_info":[],"comment_info":0,"taxonomy_info":{"product_cat":[{"value":2049,"label":"Globe Valve"}],"product_tag":[{"value":2658,"label":"Isolation Valve"},{"value":2723,"label":"What is a Valve"}]},"yoast_head":"<!-- This site is optimized with the Yoast SEO Premium plugin v15.4 - https:\/\/yoast.com\/wordpress\/plugins\/seo\/ -->\n<title>Gear Operated Globe Valve - ZECO Valve<\/title>\n<meta name=\"robots\" content=\"index, follow, max-snippet:-1, max-image-preview:large, max-video-preview:-1\" \/>\n<link rel=\"canonical\" href=\"https:\/\/zecovalve.com\/es\/producto\/gear-operated-globe-valve\" \/>\n<meta property=\"og:locale\" content=\"es_ES\" \/>\n<meta property=\"og:type\" content=\"article\" \/>\n<meta property=\"og:title\" content=\"Gear Operated Globe Valve - ZECO Valve\" \/>\n<meta property=\"og:description\" content=\"Gear Operated Globe Valve Zeco&#8217;s gear operated globe valves are designed in accordance with BS1873 and ASME B16.34 for service of high ... Leer m\u00e1s\" \/>\n<meta property=\"og:url\" content=\"https:\/\/zecovalve.com\/es\/producto\/gear-operated-globe-valve\" \/>\n<meta property=\"og:site_name\" content=\"ZECO Valve\" \/>\n<meta property=\"article:modified_time\" content=\"2023-06-15T14:00:37+00:00\" \/>\n<meta property=\"og:image\" content=\"https:\/\/zecovalve.com\/wp-content\/uploads\/2022\/06\/Gear-Operated-Globe-Valve.jpg\" \/>\n\t<meta property=\"og:image:width\" content=\"800\" \/>\n\t<meta property=\"og:image:height\" content=\"600\" \/>\n<meta name=\"twitter:card\" content=\"summary_large_image\" \/>\n<meta name=\"twitter:label1\" content=\"Escrito por\">\n\t<meta name=\"twitter:data1\" content=\"Jerry\">\n\t<meta name=\"twitter:label2\" content=\"Tiempo de lectura\">\n\t<meta name=\"twitter:data2\" content=\"1 minuto\">\n<script type=\"application\/ld+json\" class=\"yoast-schema-graph\">{\"@context\":\"https:\/\/schema.org\",\"@graph\":[{\"@type\":\"WebSite\",\"@id\":\"https:\/\/zecovalve.com\/#website\",\"url\":\"https:\/\/zecovalve.com\/\",\"name\":\"ZECO Valve\",\"description\":\"Industrial Ball Valve, Gate Valve and Globe Valve Manufacturer\",\"potentialAction\":[{\"@type\":\"SearchAction\",\"target\":\"https:\/\/zecovalve.com\/?s={search_term_string}\",\"query-input\":\"required name=search_term_string\"}],\"inLanguage\":\"es\"},{\"@type\":\"ImageObject\",\"@id\":\"https:\/\/zecovalve.com\/product\/gear-operated-globe-valve#primaryimage\",\"inLanguage\":\"es\",\"url\":\"https:\/\/zecovalve.com\/wp-content\/uploads\/2022\/06\/Gear-Operated-Globe-Valve.jpg\",\"width\":800,\"height\":600,\"caption\":\"Gear Operated Globe Valve\"},{\"@type\":\"WebPage\",\"@id\":\"https:\/\/zecovalve.com\/product\/gear-operated-globe-valve#webpage\",\"url\":\"https:\/\/zecovalve.com\/product\/gear-operated-globe-valve\",\"name\":\"Gear Operated Globe Valve - ZECO Valve\",\"isPartOf\":{\"@id\":\"https:\/\/zecovalve.com\/#website\"},\"primaryImageOfPage\":{\"@id\":\"https:\/\/zecovalve.com\/product\/gear-operated-globe-valve#primaryimage\"},\"datePublished\":\"2022-06-28T02:39:39+00:00\",\"dateModified\":\"2023-06-15T14:00:37+00:00\",\"breadcrumb\":{\"@id\":\"https:\/\/zecovalve.com\/product\/gear-operated-globe-valve#breadcrumb\"},\"inLanguage\":\"es\",\"potentialAction\":[{\"@type\":\"ReadAction\",\"target\":[\"https:\/\/zecovalve.com\/product\/gear-operated-globe-valve\"]}]},{\"@type\":\"BreadcrumbList\",\"@id\":\"https:\/\/zecovalve.com\/product\/gear-operated-globe-valve#breadcrumb\",\"itemListElement\":[{\"@type\":\"ListItem\",\"position\":1,\"item\":{\"@type\":\"WebPage\",\"@id\":\"https:\/\/zecovalve.com\/\",\"url\":\"https:\/\/zecovalve.com\/\",\"name\":\"Home\"}},{\"@type\":\"ListItem\",\"position\":2,\"item\":{\"@type\":\"WebPage\",\"@id\":\"https:\/\/zecovalve.com\/product-category\",\"url\":\"https:\/\/zecovalve.com\/product-category\",\"name\":\"Industrial Valve Manufacturer | Water Valve Manufacturer\"}},{\"@type\":\"ListItem\",\"position\":3,\"item\":{\"@type\":\"WebPage\",\"@id\":\"https:\/\/zecovalve.com\/product\/gear-operated-globe-valve\",\"url\":\"https:\/\/zecovalve.com\/product\/gear-operated-globe-valve\",\"name\":\"Gear Operated Globe Valve\"}}]}]}<\/script>\n<!-- \/ Yoast SEO Premium plugin. -->","_links":{"self":[{"href":"https:\/\/zecovalve.com\/es\/wp-json\/wp\/v2\/product\/17513","targetHints":{"allow":["GET"]}}],"collection":[{"href":"https:\/\/zecovalve.com\/es\/wp-json\/wp\/v2\/product"}],"about":[{"href":"https:\/\/zecovalve.com\/es\/wp-json\/wp\/v2\/types\/product"}],"replies":[{"embeddable":true,"href":"https:\/\/zecovalve.com\/es\/wp-json\/wp\/v2\/comments?post=17513"}],"wp:featuredmedia":[{"embeddable":true,"href":"https:\/\/zecovalve.com\/es\/wp-json\/wp\/v2\/media\/27910"}],"wp:attachment":[{"href":"https:\/\/zecovalve.com\/es\/wp-json\/wp\/v2\/media?parent=17513"}],"wp:term":[{"taxonomy":"product_cat","embeddable":true,"href":"https:\/\/zecovalve.com\/es\/wp-json\/wp\/v2\/product_cat?post=17513"},{"taxonomy":"product_tag","embeddable":true,"href":"https:\/\/zecovalve.com\/es\/wp-json\/wp\/v2\/product_tag?post=17513"}],"curies":[{"name":"wp","href":"https:\/\/api.w.org\/{rel}","templated":true}]}}