{"id":17517,"date":"2022-06-28T02:42:43","date_gmt":"2022-06-28T02:42:43","guid":{"rendered":"https:\/\/zecovalve.com\/?post_type=product&#038;p=17517"},"modified":"2022-09-22T03:26:08","modified_gmt":"2022-09-22T03:26:08","slug":"cast-steel-trunnion-ball-valve","status":"publish","type":"product","link":"https:\/\/zecovalve.com\/es\/producto\/cast-steel-trunnion-ball-valve","title":{"rendered":"V\u00e1lvula de bola de mu\u00f1\u00f3n de acero fundido"},"content":{"rendered":"<div class=\"col-xs-12\">\n<div class=\"rbt\">\n<h1>V\u00e1lvula de bola de mu\u00f1\u00f3n de acero fundido<\/h1>\n<figure id=\"attachment_17518\" aria-describedby=\"caption-attachment-17518\" style=\"width: 290px\" class=\"wp-caption alignnone\"><img loading=\"lazy\" decoding=\"async\" class=\"size-medium wp-image-17518\" src=\"https:\/\/zecovalve.com\/wp-content\/uploads\/2022\/06\/F-2-104945-300x225.jpg\" alt=\"V\u00e1lvula de bola de mu\u00f1\u00f3n de acero fundido\" width=\"300\" height=\"225\" srcset=\"https:\/\/zecovalve.com\/wp-content\/uploads\/2022\/06\/F-2-104945-300x225.jpg 300w, https:\/\/zecovalve.com\/wp-content\/uploads\/2022\/06\/F-2-104945-768x576.jpg 768w, https:\/\/zecovalve.com\/wp-content\/uploads\/2022\/06\/F-2-104945-600x450.jpg 600w, https:\/\/zecovalve.com\/wp-content\/uploads\/2022\/06\/F-2-104945.jpg 800w\" sizes=\"auto, (max-width: 300px) 100vw, 300px\" \/><figcaption id=\"caption-attachment-17518\" class=\"wp-caption-text\">V\u00e1lvula de bola de mu\u00f1\u00f3n de acero fundido<\/figcaption><\/figure>\n<\/div>\n<\/div>\n<div class=\"text\">\n<div id=\"productdetail\">\n<div id=\"productdetail_txt\" class=\"col-md-7 col-sm-6 col-xs-12\"><strong>V\u00e1lvula de bola de mu\u00f1\u00f3n de acero fundido<\/strong>La v\u00e1lvula de bola montada en mu\u00f1\u00f3n de acero fundido de Zeco ha sido dise\u00f1ada con un cuerpo de dos o tres piezas y con dos asientos flotantes, que se pueden mover bajo la presi\u00f3n del medio.<\/p>\n<\/div>\n<\/div>\n<div id=\"myTabContent\" class=\"tab-content\">\n<div id=\"page1\" class=\"tab-pane fade in active\">\n<div class=\"col-xs-12\">\n<div class=\"\">\n<p align=\"justify\"><b>Principio:<\/b><b><\/b><\/p>\n<p>La v\u00e1lvula de bola montada en mu\u00f1\u00f3n de acero fundido ha sido dise\u00f1ada con un cuerpo de dos piezas o de tres piezas y con dos asientos flotantes, que se pueden mover bajo la presi\u00f3n del medio. Debajo de la parte inferior de los asientos, se colocan resortes de precarga del asiento para garantizar que dos asientos flotantes puedan sujetar firmemente la superficie de la bola, adem\u00e1s, la presi\u00f3n del medio tambi\u00e9n puede empujar los asientos para fijar la bola firmemente para garantizar un sellado m\u00e1s confiable.<\/p>\n<p>La v\u00e1lvula de bola de mu\u00f1\u00f3n de acero fundido est\u00e1 equipada con un anillo de sello de asiento m\u00f3vil que puede generar desplazamiento bajo la presi\u00f3n del medio. En caso de que exista presi\u00f3n media, la presi\u00f3n presionar\u00e1 firmemente el anillo de sello del asiento de la v\u00e1lvula contra la bola, garantizando el rendimiento de sellado de la v\u00e1lvula de bola.<\/p>\n<p>A pedido se instalan racores de lubricaci\u00f3n con sellador. En caso de que se da\u00f1e el inserto del asiento o el sello del v\u00e1stago, pueden ocurrir fugas externas o internas. La inyecci\u00f3n de sellador de emergencia puede salvar la integridad de la v\u00e1lvula incorporando un sello sellador alrededor del v\u00e1stago o entre el asiento y la bola hasta que se pueda realizar el mantenimiento adecuado a la v\u00e1lvula. El resorte provisto en el v\u00e1stago permite que las cargas est\u00e1ticas sean conducidas a la tuber\u00eda. De esta manera se elimina una carga electrost\u00e1tica de la bola. El v\u00e1stago es independiente de la bola y tiene un dise\u00f1o a prueba de explosiones. Como parte integral, un v\u00e1stago tiene una brida en su lado inferior. Gracias a un dise\u00f1o tan espec\u00edfico, la brida del v\u00e1stago evita que el v\u00e1stago se salga volando. Esta caracter\u00edstica tambi\u00e9n permite el reemplazo de la bola por una junta de acoplamiento de generosas proporciones, por lo que el v\u00e1stago no se ve afectado por el empuje lateral.<\/p>\n<p align=\"justify\"><b>Caracter\u00edsticas\uff1a<\/b><b><\/b><\/p>\n<p align=\"justify\">1. Estructura simple con buen rendimiento de sellado y torque peque\u00f1o;<\/p>\n<p align=\"justify\">2. Dise\u00f1o de paso total y de paso reducido con m\u00ednima resistencia al flujo (cero en realidad);<\/p>\n<p align=\"justify\">3. Inyecci\u00f3n de sellador de emergencia;<\/p>\n<p align=\"justify\">4. Autoalivio de la presi\u00f3n de la cavidad;<\/p>\n<p align=\"justify\">5. Bola y v\u00e1stago independientes;<\/p>\n<p align=\"justify\">6. Embalaje de bajas emisiones;<\/p>\n<p align=\"justify\">7. Dise\u00f1o de v\u00e1stago resistente al fuego, antiest\u00e1tico y antiexplosi\u00f3n;<\/p>\n<p align=\"justify\">8. Cap\u00f3 extendido opcional.<\/p>\n<p align=\"justify\"><strong>Gama de productos:<\/strong><\/p>\n<p>Material del cuerpo: acero al carbono, acero inoxidable, acero aleado<\/p>\n<p>Di\u00e1metro nominal: 1\/2\u201d~60\u201d<\/p>\n<p>Rango de presi\u00f3n: Clase 150 \u2013 2500<\/p>\n<p>Conexi\u00f3n final: RF, RTJ, BW<\/p>\n<p>Temperatura de trabajo:-46\u2103\uff5e+200\u2103<\/p>\n<p>Operaci\u00f3n: Llave, engranaje helicoidal, actuador el\u00e9ctrico, neum\u00e1tico, de gas sobre aceite y actuador electrohidr\u00e1ulico<\/p>\n<p>&nbsp;<\/p>\n<table class=\"ke-zeroborder\" border=\"0\" cellspacing=\"0\">\n<tbody>\n<tr>\n<td valign=\"center\" width=\"112\">Marca<\/td>\n<td valign=\"center\" width=\"770\">Zeco<\/td>\n<\/tr>\n<tr>\n<td valign=\"center\" width=\"112\">Tipo de v\u00e1lvula<\/td>\n<td valign=\"center\" width=\"770\">V\u00e1lvula de bola de mu\u00f1\u00f3n de acero fundido<\/td>\n<\/tr>\n<tr>\n<td valign=\"center\" width=\"112\">Material de la v\u00e1lvula<\/td>\n<td valign=\"center\" width=\"770\">Acero fundido, acero inoxidable, aleaciones especiales, etc.<\/td>\n<\/tr>\n<tr>\n<td valign=\"center\" width=\"112\">Prueba de v\u00e1lvulas<\/td>\n<td valign=\"center\" width=\"770\">100% cantidad probada antes de la entrega<\/td>\n<\/tr>\n<tr>\n<td valign=\"center\" width=\"112\">Garant\u00eda de v\u00e1lvulas<\/td>\n<td valign=\"center\" width=\"770\">18 meses a partir de la fecha de env\u00edo desde f\u00e1brica, o 12 meses a partir de la fecha de instalaci\u00f3n de la mercanc\u00eda.<\/td>\n<\/tr>\n<tr>\n<td valign=\"center\" width=\"112\">Pintura de v\u00e1lvulas<\/td>\n<td valign=\"center\" width=\"770\">Solicitud del cliente<\/td>\n<\/tr>\n<tr>\n<td valign=\"center\" width=\"112\">Paquete de v\u00e1lvulas<\/td>\n<td valign=\"center\" width=\"770\">Caja de madera<\/td>\n<\/tr>\n<tr>\n<td valign=\"center\" width=\"112\">MOQ<\/td>\n<td valign=\"center\" width=\"770\">Ning\u00fan requisito<\/td>\n<\/tr>\n<tr>\n<td valign=\"center\" width=\"112\">Certificado de v\u00e1lvulas<\/td>\n<td valign=\"center\" width=\"770\">API 6D\/CE\/ISO9001\/ISO14001<\/td>\n<\/tr>\n<tr>\n<td valign=\"center\" width=\"112\">Detalle de entrega<\/td>\n<td valign=\"center\" width=\"770\">Env\u00edo en 4 \u00f3 6 semanas tras el pago<\/td>\n<\/tr>\n<tr>\n<td valign=\"center\" width=\"112\">Puerto<\/td>\n<td valign=\"center\" width=\"770\">SHANGHAI<\/td>\n<\/tr>\n<tr>\n<td valign=\"center\" width=\"112\">Condiciones de pago<\/td>\n<td valign=\"center\" width=\"770\">L\/C,D\/A,D\/P,T\/T<\/td>\n<\/tr>\n<tr>\n<td valign=\"center\" width=\"112\">Certificado ofrecido<\/td>\n<td valign=\"center\" width=\"770\">Lista de empaque\uff0cFactura comercial\uff0cInformes de pruebas y certificados de materiales\uff0cCertificado de calidad y cantidad, Certificado de garant\u00eda del vendedor.<\/td>\n<\/tr>\n<\/tbody>\n<\/table>\n<p><img loading=\"lazy\" decoding=\"async\" class=\"alignnone size-medium wp-image-17519\" src=\"https:\/\/zecovalve.com\/wp-content\/uploads\/2022\/06\/20190207042048_2320-300x182.jpg\" alt=\"\" width=\"300\" height=\"182\" srcset=\"https:\/\/zecovalve.com\/wp-content\/uploads\/2022\/06\/20190207042048_2320-300x182.jpg 300w, https:\/\/zecovalve.com\/wp-content\/uploads\/2022\/06\/20190207042048_2320-600x365.jpg 600w, https:\/\/zecovalve.com\/wp-content\/uploads\/2022\/06\/20190207042048_2320.jpg 750w\" sizes=\"auto, (max-width: 300px) 100vw, 300px\" \/><\/p>\n<\/div>\n<\/div>\n<\/div>\n<\/div>\n<\/div>","protected":false},"excerpt":{"rendered":"<p>V\u00e1lvula de bola de mu\u00f1\u00f3n de acero fundido V\u00e1lvula de bola de mu\u00f1\u00f3n de acero fundidoLa v\u00e1lvula de bola montada en mu\u00f1\u00f3n de acero fundido de Zeco ha sido dise\u00f1ada con un cuerpo de dos piezas... <a title=\"V\u00e1lvula de bola de mu\u00f1\u00f3n de acero fundido\" class=\"read-more\" href=\"https:\/\/zecovalve.com\/es\/producto\/cast-steel-trunnion-ball-valve\" aria-label=\"M\u00e1s en V\u00e1lvula de bola de mu\u00f1\u00f3n de acero fundido\">Leer m\u00e1s<\/a><\/p>","protected":false},"featured_media":17518,"comment_status":"closed","ping_status":"closed","template":"","meta":{"_generate-full-width-content":"","kt_blocks_editor_width":""},"product_cat":[2047,2461],"product_tag":[3920,2658,2723],"class_list":["post-17517","product","type-product","status-publish","has-post-thumbnail","hentry","product_cat-ball-valve","product_cat-ball-valve-by-material","product_tag-api-6d-ball-valve","product_tag-isolation-valve","product_tag-what-is-a-valve","sales-flash-overlay","woocommerce-text-align-center","woocommerce-image-align-center","do-quantity-buttons"],"featured_image_src_large":["https:\/\/zecovalve.com\/wp-content\/uploads\/2022\/06\/F-2-104945.jpg",800,600,false],"author_info":[],"comment_info":0,"taxonomy_info":{"product_cat":[{"value":2047,"label":"Ball Valve"},{"value":2461,"label":"Ball Valve By Material"}],"product_tag":[{"value":3920,"label":"API 6D Ball Valve"},{"value":2658,"label":"Isolation Valve"},{"value":2723,"label":"What is a Valve"}]},"yoast_head":"<!-- This site is optimized with the Yoast SEO Premium plugin v15.4 - https:\/\/yoast.com\/wordpress\/plugins\/seo\/ -->\n<title>Cast Steel Trunnion Ball Valve - ZECO Valve<\/title>\n<meta name=\"robots\" content=\"index, follow, max-snippet:-1, max-image-preview:large, max-video-preview:-1\" \/>\n<link rel=\"canonical\" href=\"https:\/\/zecovalve.com\/es\/producto\/cast-steel-trunnion-ball-valve\" \/>\n<meta property=\"og:locale\" content=\"es_ES\" \/>\n<meta property=\"og:type\" content=\"article\" \/>\n<meta property=\"og:title\" content=\"Cast Steel Trunnion Ball Valve - ZECO Valve\" \/>\n<meta property=\"og:description\" content=\"Cast Steel Trunnion Ball Valve Cast Steel Trunnion Ball ValveZeco&#8217;s cast steel trunnion mounted ball valve has been designed two piece body ... Leer m\u00e1s\" \/>\n<meta property=\"og:url\" content=\"https:\/\/zecovalve.com\/es\/producto\/cast-steel-trunnion-ball-valve\" \/>\n<meta property=\"og:site_name\" content=\"ZECO Valve\" \/>\n<meta property=\"article:modified_time\" content=\"2022-09-22T03:26:08+00:00\" \/>\n<meta property=\"og:image\" content=\"https:\/\/zecovalve.com\/wp-content\/uploads\/2022\/06\/F-2-104945.jpg\" \/>\n\t<meta property=\"og:image:width\" content=\"800\" \/>\n\t<meta property=\"og:image:height\" content=\"600\" \/>\n<meta name=\"twitter:card\" content=\"summary_large_image\" \/>\n<meta name=\"twitter:label1\" content=\"Escrito por\">\n\t<meta name=\"twitter:data1\" content=\"Jerry\">\n\t<meta name=\"twitter:label2\" content=\"Tiempo de lectura\">\n\t<meta name=\"twitter:data2\" content=\"2 minutos\">\n<script type=\"application\/ld+json\" class=\"yoast-schema-graph\">{\"@context\":\"https:\/\/schema.org\",\"@graph\":[{\"@type\":\"WebSite\",\"@id\":\"https:\/\/zecovalve.com\/#website\",\"url\":\"https:\/\/zecovalve.com\/\",\"name\":\"ZECO Valve\",\"description\":\"Industrial Ball Valve, Gate Valve and Globe Valve Manufacturer\",\"potentialAction\":[{\"@type\":\"SearchAction\",\"target\":\"https:\/\/zecovalve.com\/?s={search_term_string}\",\"query-input\":\"required name=search_term_string\"}],\"inLanguage\":\"es\"},{\"@type\":\"ImageObject\",\"@id\":\"https:\/\/zecovalve.com\/product\/cast-steel-trunnion-ball-valve#primaryimage\",\"inLanguage\":\"es\",\"url\":\"https:\/\/zecovalve.com\/wp-content\/uploads\/2022\/06\/F-2-104945.jpg\",\"width\":800,\"height\":600,\"caption\":\"Cast Steel Trunnion Ball Valve\"},{\"@type\":\"WebPage\",\"@id\":\"https:\/\/zecovalve.com\/product\/cast-steel-trunnion-ball-valve#webpage\",\"url\":\"https:\/\/zecovalve.com\/product\/cast-steel-trunnion-ball-valve\",\"name\":\"Cast Steel Trunnion Ball Valve - ZECO Valve\",\"isPartOf\":{\"@id\":\"https:\/\/zecovalve.com\/#website\"},\"primaryImageOfPage\":{\"@id\":\"https:\/\/zecovalve.com\/product\/cast-steel-trunnion-ball-valve#primaryimage\"},\"datePublished\":\"2022-06-28T02:42:43+00:00\",\"dateModified\":\"2022-09-22T03:26:08+00:00\",\"breadcrumb\":{\"@id\":\"https:\/\/zecovalve.com\/product\/cast-steel-trunnion-ball-valve#breadcrumb\"},\"inLanguage\":\"es\",\"potentialAction\":[{\"@type\":\"ReadAction\",\"target\":[\"https:\/\/zecovalve.com\/product\/cast-steel-trunnion-ball-valve\"]}]},{\"@type\":\"BreadcrumbList\",\"@id\":\"https:\/\/zecovalve.com\/product\/cast-steel-trunnion-ball-valve#breadcrumb\",\"itemListElement\":[{\"@type\":\"ListItem\",\"position\":1,\"item\":{\"@type\":\"WebPage\",\"@id\":\"https:\/\/zecovalve.com\/\",\"url\":\"https:\/\/zecovalve.com\/\",\"name\":\"Home\"}},{\"@type\":\"ListItem\",\"position\":2,\"item\":{\"@type\":\"WebPage\",\"@id\":\"https:\/\/zecovalve.com\/product-category\",\"url\":\"https:\/\/zecovalve.com\/product-category\",\"name\":\"Industrial Valve Manufacturer | Water Valve Manufacturer\"}},{\"@type\":\"ListItem\",\"position\":3,\"item\":{\"@type\":\"WebPage\",\"@id\":\"https:\/\/zecovalve.com\/product\/cast-steel-trunnion-ball-valve\",\"url\":\"https:\/\/zecovalve.com\/product\/cast-steel-trunnion-ball-valve\",\"name\":\"Cast Steel Trunnion Ball Valve\"}}]}]}<\/script>\n<!-- \/ Yoast SEO Premium plugin. -->","_links":{"self":[{"href":"https:\/\/zecovalve.com\/es\/wp-json\/wp\/v2\/product\/17517","targetHints":{"allow":["GET"]}}],"collection":[{"href":"https:\/\/zecovalve.com\/es\/wp-json\/wp\/v2\/product"}],"about":[{"href":"https:\/\/zecovalve.com\/es\/wp-json\/wp\/v2\/types\/product"}],"replies":[{"embeddable":true,"href":"https:\/\/zecovalve.com\/es\/wp-json\/wp\/v2\/comments?post=17517"}],"wp:featuredmedia":[{"embeddable":true,"href":"https:\/\/zecovalve.com\/es\/wp-json\/wp\/v2\/media\/17518"}],"wp:attachment":[{"href":"https:\/\/zecovalve.com\/es\/wp-json\/wp\/v2\/media?parent=17517"}],"wp:term":[{"taxonomy":"product_cat","embeddable":true,"href":"https:\/\/zecovalve.com\/es\/wp-json\/wp\/v2\/product_cat?post=17517"},{"taxonomy":"product_tag","embeddable":true,"href":"https:\/\/zecovalve.com\/es\/wp-json\/wp\/v2\/product_tag?post=17517"}],"curies":[{"name":"wp","href":"https:\/\/api.w.org\/{rel}","templated":true}]}}