{"id":17522,"date":"2022-06-28T02:47:32","date_gmt":"2022-06-28T02:47:32","guid":{"rendered":"https:\/\/zecovalve.com\/?post_type=product&#038;p=17522"},"modified":"2023-06-15T14:01:42","modified_gmt":"2023-06-15T14:01:42","slug":"carbon-steel-globe-valve","status":"publish","type":"product","link":"https:\/\/zecovalve.com\/es\/producto\/carbon-steel-globe-valve","title":{"rendered":"V\u00e1lvula de globo de acero al carbono"},"content":{"rendered":"<p>La v\u00e1lvula de globo de acero al carbono es una v\u00e1lvula sellada forzada; el cierre de la v\u00e1lvula se debe aplicar a la presi\u00f3n del disco para forzar que la superficie de sellado no tenga fugas.<\/p>\r\n\r\n\r\n\r\n<figure class=\"wp-block-image alignnone size-medium wp-image-16109\">\r\n<p><img loading=\"lazy\" decoding=\"async\" class=\"wp-image-27912 size-medium\" src=\"https:\/\/zecovalve.com\/wp-content\/uploads\/2022\/06\/Carbon-Steel-Globe-Valve-300x225.jpg\" alt=\"V\u00e1lvula de globo de acero al carbono\" width=\"300\" height=\"225\" srcset=\"https:\/\/zecovalve.com\/wp-content\/uploads\/2022\/06\/Carbon-Steel-Globe-Valve-300x225.jpg 300w, https:\/\/zecovalve.com\/wp-content\/uploads\/2022\/06\/Carbon-Steel-Globe-Valve-768x576.jpg 768w, https:\/\/zecovalve.com\/wp-content\/uploads\/2022\/06\/Carbon-Steel-Globe-Valve-600x450.jpg 600w, https:\/\/zecovalve.com\/wp-content\/uploads\/2022\/06\/Carbon-Steel-Globe-Valve.jpg 800w\" sizes=\"auto, (max-width: 300px) 100vw, 300px\" \/><\/p>\r\n<\/figure>\r\n\r\n\r\n<div class=\"gb-button-wrapper gb-button-wrapper-6d8495a3\">\r\n\r\n\r\n<p><a class=\"gb-button gb-button-3d442e11 gb-button-text\" href=\"https:\/\/zecovalve.com\/es\/contact\/\" target=\"_blank\" rel=\"noopener noreferrer\"><strong>OBTENER PRECIO DE V\u00c1LVULA DE GLOBO DE ACERO AL CARBONO<\/strong><\/a><\/p>\r\n<\/div>\r\n\r\n\r\n\r\n\r\n<h2 class=\"wp-block-heading\">\u00bfQu\u00e9 es el acero al carbono?<\/h2>\r\n\r\n\r\n\r\n<p>El acero al carbono es una aleaci\u00f3n de hierro y carbono que contiene hasta 2,1 en peso de carbono %. Para los aceros al carbono, no existe un contenido m\u00ednimo especificado de otros elementos de aleaci\u00f3n, aunque a menudo contienen manganeso. El contenido m\u00e1ximo de manganeso, silicio y cobre debe ser inferior a 1,65 peso %, 0,6 peso % y 0,6 peso %, respectivamente.<\/p>\r\n\r\n\r\n\r\n<p>El acero al carbono se utiliza a temperaturas m\u00e1s altas, o la preocupaci\u00f3n por los choques t\u00e9rmicos o mec\u00e1nicos es un problema, lo que los hace populares en las industrias petrolera y petroqu\u00edmica.<\/p>\r\n\r\n\r\n\r\n<h2 class=\"wp-block-heading\">Estructura de la v\u00e1lvula de globo de acero al carbono<\/h2>\r\n\r\n\r\n\r\n<p>El cuerpo y los cap\u00f3s est\u00e1n moldeados de alta calidad y luego mecanizados con precisi\u00f3n, dirigiendo la atenci\u00f3n para evitar la concentraci\u00f3n de tensiones. Los cap\u00f3s est\u00e1n hechos de una sola pieza (el yugo es entonces parte integrante de ella) o de dos piezas, dependiendo del tama\u00f1o de la v\u00e1lvula de globo. Esto asegura la perfecta alineaci\u00f3n con el cuerpo lo que conduce a una apertura y cierre precisos. Los cuerpos de las v\u00e1lvulas de globo est\u00e1n dise\u00f1ados considerando las mismas caracter\u00edsticas que las v\u00e1lvulas de compuerta, lo que en este caso significa que el disco es guiado en v\u00e1lvulas de mayor tama\u00f1o o en servicio de alta presi\u00f3n para evitar vibraciones y un mejor asiento. El dise\u00f1o de la junta cuerpo-bonete var\u00eda seg\u00fan la clase de v\u00e1lvula de globo. Las v\u00e1lvulas de globo de clase 150 a 600 constan de una conexi\u00f3n circular macho-hembra con una junta de grafito o espiral. Las v\u00e1lvulas de globo de clase 900 y superiores constan de una junta tipo anillo.<\/p>\r\n\r\n\r\n\r\n<p>En los dise\u00f1os de sellos de presi\u00f3n el sellado se logra a trav\u00e9s de una junta que aprovecha la presi\u00f3n interna de la l\u00ednea. El material m\u00e1s utilizado es el grafito de alta pureza situado entre el cuerpo y el anillo de retenci\u00f3n del cuerpo.<\/p>\r\n\r\n\r\n\r\n<h2 class=\"wp-block-heading\">Gama de productos de V\u00e1lvula de globo de acero al carbono<\/h2>\r\n\r\n\r\n\r\n<ul class=\"wp-block-list\">\r\n<li>Material del cuerpo: acero inoxidable, acero al carbono, acero forjado, acero aleado<\/li>\r\n<li>Di\u00e1metro nominal: 1\/2\u2033\uff5e24\u2033.<\/li>\r\n<li>Rango de presi\u00f3n: Clase150\uff5e2500<\/li>\r\n<li>Conexi\u00f3n final: RF, RTJ, BW<\/li>\r\n<li>Temperatura de trabajo: -29 \u2103 ~ 560 \u2103<\/li>\r\n<li>Funcionamiento: Volante, caja de cambios, actuador el\u00e9ctrico, etc.<\/li>\r\n<\/ul>\r\n\r\n\r\n\r\n<h2 class=\"wp-block-heading\" id=\"h-specifications-of-carbon-steel-globe-valve\">Especificaciones de la v\u00e1lvula de globo de acero al carbono<\/h2>\r\n\r\n\r\n\r\n<ul class=\"wp-block-list\">\r\n<li>Norma presencial: ASME B16.10<\/li>\r\n<li>Dimensiones de brida: ASME B16.5<\/li>\r\n<li>Dise\u00f1o: ASME B16.34 \/ BS1873<\/li>\r\n<li>Prueba: API 598<\/li>\r\n<\/ul>\r\n\r\n\r\n\r\n<h2 class=\"wp-block-heading\">Caracter\u00edsticas de la v\u00e1lvula de globo de acero al carbono<\/h2>\r\n\r\n\r\n\r\n<ul class=\"wp-block-list\">\r\n<li>Cuerpos bien dise\u00f1ados que minimizan las turbulencias y las p\u00e9rdidas de flujo;<\/li>\r\n<li>La disposici\u00f3n del asiento trasero permite el reemplazo del empaque mientras la v\u00e1lvula est\u00e1 en posici\u00f3n completamente abierta y est\u00e1 disponible en dos dise\u00f1os de disco diferentes, tipo ON\/OFF y tipo de control de flujo;<\/li>\r\n<li>Para garantizar un rendimiento sin problemas, las superficies de los asientos est\u00e1n mecanizadas con precisi\u00f3n y perfectamente lapeadas;<\/li>\r\n<li>Dispositivo de bloqueo opcional o tapa de sellado de presi\u00f3n de extensi\u00f3n del v\u00e1stago;<\/li>\r\n<li>Montaje directo opcional seg\u00fan ISO 5211.<\/li>\r\n<\/ul>","protected":false},"excerpt":{"rendered":"<p>La v\u00e1lvula de globo de acero al carbono es una v\u00e1lvula de sellado forzado, el cierre de la v\u00e1lvula se debe aplicar a la presi\u00f3n del disco para forzar el sellado... <a title=\"V\u00e1lvula de globo de acero al carbono\" class=\"read-more\" href=\"https:\/\/zecovalve.com\/es\/producto\/carbon-steel-globe-valve\" aria-label=\"M\u00e1s en V\u00e1lvula de globo de acero al carbono\">Leer m\u00e1s<\/a><\/p>","protected":false},"featured_media":27912,"comment_status":"closed","ping_status":"closed","template":"","meta":{"_generate-full-width-content":"","kt_blocks_editor_width":""},"product_cat":[2049],"product_tag":[2658],"class_list":["post-17522","product","type-product","status-publish","has-post-thumbnail","hentry","product_cat-globe-valve","product_tag-isolation-valve","sales-flash-overlay","woocommerce-text-align-center","woocommerce-image-align-center","do-quantity-buttons"],"featured_image_src_large":["https:\/\/zecovalve.com\/wp-content\/uploads\/2022\/06\/Carbon-Steel-Globe-Valve.jpg",800,600,false],"author_info":[],"comment_info":0,"taxonomy_info":{"product_cat":[{"value":2049,"label":"Globe Valve"}],"product_tag":[{"value":2658,"label":"Isolation Valve"}]},"yoast_head":"<!-- This site is optimized with the Yoast SEO Premium plugin v15.4 - https:\/\/yoast.com\/wordpress\/plugins\/seo\/ -->\n<title>Carbon Steel Globe Valve - Carbon Steel\/WCB Globe Valve | ZECO Valve<\/title>\n<meta name=\"robots\" content=\"index, follow, max-snippet:-1, max-image-preview:large, max-video-preview:-1\" \/>\n<link rel=\"canonical\" href=\"https:\/\/zecovalve.com\/es\/producto\/carbon-steel-globe-valve\" \/>\n<meta property=\"og:locale\" content=\"es_ES\" \/>\n<meta property=\"og:type\" content=\"article\" \/>\n<meta property=\"og:title\" content=\"Carbon Steel Globe Valve - Carbon Steel\/WCB Globe Valve | ZECO Valve\" \/>\n<meta property=\"og:description\" content=\"Carbon steel globe valve is a forced sealed valve, valve closure, must be applied to the disc pressure to force the sealing ... Leer m\u00e1s\" \/>\n<meta property=\"og:url\" content=\"https:\/\/zecovalve.com\/es\/producto\/carbon-steel-globe-valve\" \/>\n<meta property=\"og:site_name\" content=\"ZECO Valve\" \/>\n<meta property=\"article:modified_time\" content=\"2023-06-15T14:01:42+00:00\" \/>\n<meta property=\"og:image\" content=\"https:\/\/zecovalve.com\/wp-content\/uploads\/2022\/06\/Carbon-Steel-Globe-Valve.jpg\" \/>\n\t<meta property=\"og:image:width\" content=\"800\" \/>\n\t<meta property=\"og:image:height\" content=\"600\" \/>\n<meta name=\"twitter:card\" content=\"summary_large_image\" \/>\n<meta name=\"twitter:label1\" content=\"Escrito por\">\n\t<meta name=\"twitter:data1\" content=\"Jerry\">\n\t<meta name=\"twitter:label2\" content=\"Tiempo de lectura\">\n\t<meta name=\"twitter:data2\" content=\"2 minutos\">\n<script type=\"application\/ld+json\" class=\"yoast-schema-graph\">{\"@context\":\"https:\/\/schema.org\",\"@graph\":[{\"@type\":\"WebSite\",\"@id\":\"https:\/\/zecovalve.com\/#website\",\"url\":\"https:\/\/zecovalve.com\/\",\"name\":\"ZECO Valve\",\"description\":\"Industrial Ball Valve, Gate Valve and Globe Valve Manufacturer\",\"potentialAction\":[{\"@type\":\"SearchAction\",\"target\":\"https:\/\/zecovalve.com\/?s={search_term_string}\",\"query-input\":\"required name=search_term_string\"}],\"inLanguage\":\"es\"},{\"@type\":\"ImageObject\",\"@id\":\"https:\/\/zecovalve.com\/product\/carbon-steel-globe-valve#primaryimage\",\"inLanguage\":\"es\",\"url\":\"https:\/\/zecovalve.com\/wp-content\/uploads\/2022\/06\/Carbon-Steel-Globe-Valve.jpg\",\"width\":800,\"height\":600,\"caption\":\"Carbon Steel Globe Valve\"},{\"@type\":\"WebPage\",\"@id\":\"https:\/\/zecovalve.com\/product\/carbon-steel-globe-valve#webpage\",\"url\":\"https:\/\/zecovalve.com\/product\/carbon-steel-globe-valve\",\"name\":\"Carbon Steel Globe Valve - Carbon Steel\/WCB Globe Valve | ZECO Valve\",\"isPartOf\":{\"@id\":\"https:\/\/zecovalve.com\/#website\"},\"primaryImageOfPage\":{\"@id\":\"https:\/\/zecovalve.com\/product\/carbon-steel-globe-valve#primaryimage\"},\"datePublished\":\"2022-06-28T02:47:32+00:00\",\"dateModified\":\"2023-06-15T14:01:42+00:00\",\"breadcrumb\":{\"@id\":\"https:\/\/zecovalve.com\/product\/carbon-steel-globe-valve#breadcrumb\"},\"inLanguage\":\"es\",\"potentialAction\":[{\"@type\":\"ReadAction\",\"target\":[\"https:\/\/zecovalve.com\/product\/carbon-steel-globe-valve\"]}]},{\"@type\":\"BreadcrumbList\",\"@id\":\"https:\/\/zecovalve.com\/product\/carbon-steel-globe-valve#breadcrumb\",\"itemListElement\":[{\"@type\":\"ListItem\",\"position\":1,\"item\":{\"@type\":\"WebPage\",\"@id\":\"https:\/\/zecovalve.com\/\",\"url\":\"https:\/\/zecovalve.com\/\",\"name\":\"Home\"}},{\"@type\":\"ListItem\",\"position\":2,\"item\":{\"@type\":\"WebPage\",\"@id\":\"https:\/\/zecovalve.com\/product-category\",\"url\":\"https:\/\/zecovalve.com\/product-category\",\"name\":\"Industrial Valve Manufacturer | Water Valve Manufacturer\"}},{\"@type\":\"ListItem\",\"position\":3,\"item\":{\"@type\":\"WebPage\",\"@id\":\"https:\/\/zecovalve.com\/product\/carbon-steel-globe-valve\",\"url\":\"https:\/\/zecovalve.com\/product\/carbon-steel-globe-valve\",\"name\":\"Carbon Steel Globe Valve\"}}]}]}<\/script>\n<!-- \/ Yoast SEO Premium plugin. -->","_links":{"self":[{"href":"https:\/\/zecovalve.com\/es\/wp-json\/wp\/v2\/product\/17522","targetHints":{"allow":["GET"]}}],"collection":[{"href":"https:\/\/zecovalve.com\/es\/wp-json\/wp\/v2\/product"}],"about":[{"href":"https:\/\/zecovalve.com\/es\/wp-json\/wp\/v2\/types\/product"}],"replies":[{"embeddable":true,"href":"https:\/\/zecovalve.com\/es\/wp-json\/wp\/v2\/comments?post=17522"}],"wp:featuredmedia":[{"embeddable":true,"href":"https:\/\/zecovalve.com\/es\/wp-json\/wp\/v2\/media\/27912"}],"wp:attachment":[{"href":"https:\/\/zecovalve.com\/es\/wp-json\/wp\/v2\/media?parent=17522"}],"wp:term":[{"taxonomy":"product_cat","embeddable":true,"href":"https:\/\/zecovalve.com\/es\/wp-json\/wp\/v2\/product_cat?post=17522"},{"taxonomy":"product_tag","embeddable":true,"href":"https:\/\/zecovalve.com\/es\/wp-json\/wp\/v2\/product_tag?post=17522"}],"curies":[{"name":"wp","href":"https:\/\/api.w.org\/{rel}","templated":true}]}}