{"id":17524,"date":"2022-06-28T02:50:27","date_gmt":"2022-06-28T02:50:27","guid":{"rendered":"https:\/\/zecovalve.com\/?post_type=product&#038;p=17524"},"modified":"2023-06-15T13:15:14","modified_gmt":"2023-06-15T13:15:14","slug":"slab-through-conduit-gate-valve","status":"publish","type":"product","link":"https:\/\/zecovalve.com\/es\/producto\/slab-through-conduit-gate-valve","title":{"rendered":"V\u00e1lvula de compuerta de conducto pasante de losa"},"content":{"rendered":"<div class=\"col-xs-12\">\n<div class=\"rbt\">\n<h1>V\u00e1lvula de compuerta de conducto pasante de losa<\/h1>\n<\/div>\n<\/div>\n<div class=\"text\">\n<div id=\"productdetail\">\n<div class=\"col-xs-12\">\n<div class=\"underline-solid\"><\/div>\n<\/div>\n<div id=\"productdetail_img\" class=\"col-md-5 col-sm-6 col-xs-12\">\n<div class=\"product\">\n<figure id=\"attachment_16156\" aria-describedby=\"caption-attachment-16156\" style=\"width: 290px\" class=\"wp-caption alignnone\"><img loading=\"lazy\" decoding=\"async\" class=\"size-medium wp-image-16156\" src=\"https:\/\/zecovalve.com\/wp-content\/uploads\/2022\/06\/through-conduit-gate-valve-300x225.jpg\" alt=\"V\u00e1lvula de compuerta pasante\" width=\"300\" height=\"225\" srcset=\"https:\/\/zecovalve.com\/wp-content\/uploads\/2022\/06\/through-conduit-gate-valve-300x225.jpg 300w, https:\/\/zecovalve.com\/wp-content\/uploads\/2022\/06\/through-conduit-gate-valve-768x576.jpg 768w, https:\/\/zecovalve.com\/wp-content\/uploads\/2022\/06\/through-conduit-gate-valve-600x450.jpg 600w, https:\/\/zecovalve.com\/wp-content\/uploads\/2022\/06\/through-conduit-gate-valve.jpg 800w\" sizes=\"auto, (max-width: 300px) 100vw, 300px\" \/><figcaption id=\"caption-attachment-16156\" class=\"wp-caption-text\">V\u00e1lvula de compuerta de conducto pasante de losa<\/figcaption><\/figure>\n<\/div>\n<\/div>\n<div id=\"productdetail_txt\" class=\"col-md-7 col-sm-6 col-xs-12\">\n<p><strong>V\u00e1lvula de compuerta de conducto pasante de losa<\/strong>Las v\u00e1lvulas de compuerta de losa a trav\u00e9s de conducto de Zeco se fabrican con un puerto de paso total, v\u00e1stago ascendente OS&amp;Y y con asientos y compuerta flotantes, energizados por presi\u00f3n, para un cierre herm\u00e9tico aguas arriba y aguas abajo bajo presi\u00f3n diferencial alta y baja.<\/p>\n<\/div>\n<\/div>\n<div id=\"myTabContent\" class=\"tab-content\">\n<div id=\"page1\" class=\"tab-pane fade in active\">\n<div class=\"col-xs-12\">\n<div class=\"\">\n<p><strong>Principio<\/strong><strong>:<\/strong><strong>\u00a0<\/strong><\/p>\n<p>La capacidad de doble bloqueo y purga y el alivio autom\u00e1tico del exceso de presi\u00f3n corporal son una caracter\u00edstica est\u00e1ndar de este dise\u00f1o de asiento. El orificio liso y continuo minimiza la turbulencia dentro de la v\u00e1lvula y, cuando est\u00e1 en la posici\u00f3n abierta, produce una ca\u00edda de presi\u00f3n equivalente a una porci\u00f3n de tuber\u00eda de la misma longitud y di\u00e1metro. Las caras del asiento est\u00e1n fuera de la corriente de flujo y, por lo tanto, est\u00e1n protegidas de la acci\u00f3n erosiva del flujo. Los raspadores y raspadores pueden pasar a trav\u00e9s de la v\u00e1lvula sin sufrir da\u00f1os.<\/p>\n<p align=\"justify\"><strong>Caracter\u00edsticas<\/strong><strong>\uff1a<\/strong><\/p>\n<p align=\"justify\">1. El asiento es un anillo tipo O y una estructura de asiento flotante, hace que la v\u00e1lvula plana sea un sello de importaci\u00f3n y exportaci\u00f3n; Y la estructura del momento de apertura y cierre para la v\u00e1lvula com\u00fan solo 1\/2, puede lograr abrir y cerrar f\u00e1cilmente la v\u00e1lvula;<\/p>\n<p align=\"justify\">2. Cuando est\u00e1 completamente abierto, el canal es suave a lineal, el coeficiente de resistencia al flujo es peque\u00f1o, la p\u00e9rdida de presi\u00f3n puede conectar la l\u00ednea de limpieza;<\/p>\n<p align=\"justify\">3. Con la estructura de empaque de capacidad de sellado, sin ajuste constante, las caracter\u00edsticas de apertura y cierre son muy ligeras y el sellado es confiable, el prensaestopas coloca una estructura de inyecci\u00f3n de grasa de sellado auxiliar, el rendimiento del sellado es absolutamente confiable y obtiene una verdadera fuga cero; resuelva la v\u00e1lvula com\u00fan el lugar de embalaje es el lugar donde es m\u00e1s f\u00e1cil que se escapen los males;<\/p>\n<p align=\"justify\">4. La v\u00e1lvula cerrada puede descargar autom\u00e1ticamente la alta presi\u00f3n del lumen, garantizando un funcionamiento seguro;<\/p>\n<p align=\"justify\">5. Estructura completamente cerrada, el rendimiento de protecci\u00f3n es bueno y adecuado para los requisitos.<\/p>\n<p align=\"justify\"><strong>Gama de productos:<\/strong><\/p>\n<p>Material del cuerpo: acero inoxidable, acero al carbono, acero forjado, acero aleado<\/p>\n<p>Di\u00e1metro nominal: 1\/2 \u2033 ~ 48 \u2033<\/p>\n<p>Rango de presi\u00f3n: Clase 150 ~ 1500<\/p>\n<p>Conexi\u00f3n final: FF, RF, RTJ, BW<\/p>\n<p>Temperatura de trabajo: -196 \u2103 ~ 593 \u2103<\/p>\n<p>Funcionamiento: Volante, caja de cambios, actuador el\u00e9ctrico, etc.<\/p>\n<p>&nbsp;<\/p>\n<table class=\"ke-zeroborder\" border=\"0\" cellspacing=\"0\">\n<tbody>\n<tr>\n<td valign=\"center\" width=\"112\">Marca<\/td>\n<td valign=\"center\" width=\"770\">Zeco<\/td>\n<\/tr>\n<tr>\n<td valign=\"center\" width=\"112\">Tipo de v\u00e1lvula<\/td>\n<td valign=\"center\" width=\"770\">V\u00e1lvula de compuerta de conducto pasante de losa<\/td>\n<\/tr>\n<tr>\n<td valign=\"center\" width=\"112\">Material de la v\u00e1lvula<\/td>\n<td valign=\"center\" width=\"770\">Acero fundido, acero inoxidable, aleaciones especiales, etc.<\/td>\n<\/tr>\n<tr>\n<td valign=\"center\" width=\"112\">Prueba de v\u00e1lvulas<\/td>\n<td valign=\"center\" width=\"770\">100% cantidad probada antes de la entrega<\/td>\n<\/tr>\n<tr>\n<td valign=\"center\" width=\"112\">Garant\u00eda de v\u00e1lvulas<\/td>\n<td valign=\"center\" width=\"770\">18 meses a partir de la fecha de env\u00edo desde f\u00e1brica, o 12 meses a partir de la fecha de instalaci\u00f3n de la mercanc\u00eda.<\/td>\n<\/tr>\n<tr>\n<td valign=\"center\" width=\"112\">Pintura de v\u00e1lvulas<\/td>\n<td valign=\"center\" width=\"770\">Solicitud del cliente<\/td>\n<\/tr>\n<tr>\n<td valign=\"center\" width=\"112\">Paquete de v\u00e1lvulas<\/td>\n<td valign=\"center\" width=\"770\">Caja de madera<\/td>\n<\/tr>\n<tr>\n<td valign=\"center\" width=\"112\">MOQ<\/td>\n<td valign=\"center\" width=\"770\">Ning\u00fan requisito<\/td>\n<\/tr>\n<tr>\n<td valign=\"center\" width=\"112\">Certificado de v\u00e1lvulas<\/td>\n<td valign=\"center\" width=\"770\">API 6D\/CE\/ISO9001\/ISO14001<\/td>\n<\/tr>\n<tr>\n<td valign=\"center\" width=\"112\">Detalle de entrega<\/td>\n<td valign=\"center\" width=\"770\">Env\u00edo en 4 \u00f3 6 semanas tras el pago<\/td>\n<\/tr>\n<tr>\n<td valign=\"center\" width=\"112\">Puerto<\/td>\n<td valign=\"center\" width=\"770\">SHANGHAI<\/td>\n<\/tr>\n<tr>\n<td valign=\"center\" width=\"112\">Condiciones de pago<\/td>\n<td valign=\"center\" width=\"770\">L\/C, D\/A, D\/P, T\/T<\/td>\n<\/tr>\n<tr>\n<td valign=\"center\" width=\"112\">Certificado ofrecido<\/td>\n<td valign=\"center\" width=\"770\">Lista de empaque, factura comercial, informes de pruebas y certificados de materiales, certificado de calidad y cantidad, certificado de garant\u00eda del vendedor.<\/td>\n<\/tr>\n<\/tbody>\n<\/table>\n<p><img loading=\"lazy\" decoding=\"async\" class=\"alignnone size-medium wp-image-17509\" src=\"https:\/\/zecovalve.com\/wp-content\/uploads\/2022\/06\/20190205124042_9202-300x182.jpg\" alt=\"\" width=\"300\" height=\"182\" srcset=\"https:\/\/zecovalve.com\/wp-content\/uploads\/2022\/06\/20190205124042_9202-300x182.jpg 300w, https:\/\/zecovalve.com\/wp-content\/uploads\/2022\/06\/20190205124042_9202-600x365.jpg 600w, https:\/\/zecovalve.com\/wp-content\/uploads\/2022\/06\/20190205124042_9202.jpg 750w\" sizes=\"auto, (max-width: 300px) 100vw, 300px\" \/><\/p>\n<\/div>\n<\/div>\n<\/div>\n<\/div>\n<\/div>","protected":false},"excerpt":{"rendered":"<p>V\u00e1lvula de compuerta de losa a trav\u00e9s de conducto V\u00e1lvula de compuerta de losa a trav\u00e9s de conductoLas v\u00e1lvulas de compuerta de losa a trav\u00e9s de conducto de Zeco se fabrican con un puerto de paso total,... <a title=\"V\u00e1lvula de compuerta de conducto pasante de losa\" class=\"read-more\" href=\"https:\/\/zecovalve.com\/es\/producto\/slab-through-conduit-gate-valve\" aria-label=\"M\u00e1s en V\u00e1lvula de compuerta pasante por conducto para losa\">Leer m\u00e1s<\/a><\/p>","protected":false},"featured_media":27899,"comment_status":"closed","ping_status":"closed","template":"","meta":{"_generate-full-width-content":"","kt_blocks_editor_width":""},"product_cat":[2052,2456],"product_tag":[2658,2798],"class_list":["post-17524","product","type-product","status-publish","has-post-thumbnail","hentry","product_cat-gate-valve","product_cat-gate-valve-by-form","product_tag-isolation-valve","product_tag-osy-valve","sales-flash-overlay","woocommerce-text-align-center","woocommerce-image-align-center","do-quantity-buttons"],"featured_image_src_large":["https:\/\/zecovalve.com\/wp-content\/uploads\/2022\/06\/Slab-Through-Conduit-Gate-Valve.jpg",800,600,false],"author_info":[],"comment_info":0,"taxonomy_info":{"product_cat":[{"value":2052,"label":"Gate Valve"},{"value":2456,"label":"Gate Valve By Form"}],"product_tag":[{"value":2658,"label":"Isolation Valve"},{"value":2798,"label":"OS&amp;Y Valve"}]},"yoast_head":"<!-- This site is optimized with the Yoast SEO Premium plugin v15.4 - https:\/\/yoast.com\/wordpress\/plugins\/seo\/ -->\n<title>Slab Through Conduit Gate Valve - ZECO Valve<\/title>\n<meta name=\"robots\" content=\"index, follow, max-snippet:-1, max-image-preview:large, max-video-preview:-1\" \/>\n<link rel=\"canonical\" href=\"https:\/\/zecovalve.com\/es\/producto\/slab-through-conduit-gate-valve\" \/>\n<meta property=\"og:locale\" content=\"es_ES\" \/>\n<meta property=\"og:type\" content=\"article\" \/>\n<meta property=\"og:title\" content=\"Slab Through Conduit Gate Valve - ZECO Valve\" \/>\n<meta property=\"og:description\" content=\"Slab Through Conduit Gate Valve Slab Through Conduit Gate ValveZeco&#8217;s slab through conduit gate valves are manufactured with a full bore port, ... Leer m\u00e1s\" \/>\n<meta property=\"og:url\" content=\"https:\/\/zecovalve.com\/es\/producto\/slab-through-conduit-gate-valve\" \/>\n<meta property=\"og:site_name\" content=\"ZECO Valve\" \/>\n<meta property=\"article:modified_time\" content=\"2023-06-15T13:15:14+00:00\" \/>\n<meta property=\"og:image\" content=\"https:\/\/zecovalve.com\/wp-content\/uploads\/2022\/06\/Slab-Through-Conduit-Gate-Valve.jpg\" \/>\n\t<meta property=\"og:image:width\" content=\"800\" \/>\n\t<meta property=\"og:image:height\" content=\"600\" \/>\n<meta name=\"twitter:card\" content=\"summary_large_image\" \/>\n<meta name=\"twitter:label1\" content=\"Escrito por\">\n\t<meta name=\"twitter:data1\" content=\"Jerry\">\n\t<meta name=\"twitter:label2\" content=\"Tiempo de lectura\">\n\t<meta name=\"twitter:data2\" content=\"2 minutos\">\n<script type=\"application\/ld+json\" class=\"yoast-schema-graph\">{\"@context\":\"https:\/\/schema.org\",\"@graph\":[{\"@type\":\"WebSite\",\"@id\":\"https:\/\/zecovalve.com\/#website\",\"url\":\"https:\/\/zecovalve.com\/\",\"name\":\"ZECO Valve\",\"description\":\"Industrial Ball Valve, Gate Valve and Globe Valve Manufacturer\",\"potentialAction\":[{\"@type\":\"SearchAction\",\"target\":\"https:\/\/zecovalve.com\/?s={search_term_string}\",\"query-input\":\"required name=search_term_string\"}],\"inLanguage\":\"es\"},{\"@type\":\"ImageObject\",\"@id\":\"https:\/\/zecovalve.com\/product\/slab-through-conduit-gate-valve#primaryimage\",\"inLanguage\":\"es\",\"url\":\"https:\/\/zecovalve.com\/wp-content\/uploads\/2022\/06\/Slab-Through-Conduit-Gate-Valve.jpg\",\"width\":800,\"height\":600,\"caption\":\"Slab Through Conduit Gate Valve\"},{\"@type\":\"WebPage\",\"@id\":\"https:\/\/zecovalve.com\/product\/slab-through-conduit-gate-valve#webpage\",\"url\":\"https:\/\/zecovalve.com\/product\/slab-through-conduit-gate-valve\",\"name\":\"Slab Through Conduit Gate Valve - ZECO Valve\",\"isPartOf\":{\"@id\":\"https:\/\/zecovalve.com\/#website\"},\"primaryImageOfPage\":{\"@id\":\"https:\/\/zecovalve.com\/product\/slab-through-conduit-gate-valve#primaryimage\"},\"datePublished\":\"2022-06-28T02:50:27+00:00\",\"dateModified\":\"2023-06-15T13:15:14+00:00\",\"breadcrumb\":{\"@id\":\"https:\/\/zecovalve.com\/product\/slab-through-conduit-gate-valve#breadcrumb\"},\"inLanguage\":\"es\",\"potentialAction\":[{\"@type\":\"ReadAction\",\"target\":[\"https:\/\/zecovalve.com\/product\/slab-through-conduit-gate-valve\"]}]},{\"@type\":\"BreadcrumbList\",\"@id\":\"https:\/\/zecovalve.com\/product\/slab-through-conduit-gate-valve#breadcrumb\",\"itemListElement\":[{\"@type\":\"ListItem\",\"position\":1,\"item\":{\"@type\":\"WebPage\",\"@id\":\"https:\/\/zecovalve.com\/\",\"url\":\"https:\/\/zecovalve.com\/\",\"name\":\"Home\"}},{\"@type\":\"ListItem\",\"position\":2,\"item\":{\"@type\":\"WebPage\",\"@id\":\"https:\/\/zecovalve.com\/product-category\",\"url\":\"https:\/\/zecovalve.com\/product-category\",\"name\":\"Industrial Valve Manufacturer | Water Valve Manufacturer\"}},{\"@type\":\"ListItem\",\"position\":3,\"item\":{\"@type\":\"WebPage\",\"@id\":\"https:\/\/zecovalve.com\/product\/slab-through-conduit-gate-valve\",\"url\":\"https:\/\/zecovalve.com\/product\/slab-through-conduit-gate-valve\",\"name\":\"Slab Through Conduit Gate Valve\"}}]}]}<\/script>\n<!-- \/ Yoast SEO Premium plugin. -->","_links":{"self":[{"href":"https:\/\/zecovalve.com\/es\/wp-json\/wp\/v2\/product\/17524","targetHints":{"allow":["GET"]}}],"collection":[{"href":"https:\/\/zecovalve.com\/es\/wp-json\/wp\/v2\/product"}],"about":[{"href":"https:\/\/zecovalve.com\/es\/wp-json\/wp\/v2\/types\/product"}],"replies":[{"embeddable":true,"href":"https:\/\/zecovalve.com\/es\/wp-json\/wp\/v2\/comments?post=17524"}],"wp:featuredmedia":[{"embeddable":true,"href":"https:\/\/zecovalve.com\/es\/wp-json\/wp\/v2\/media\/27899"}],"wp:attachment":[{"href":"https:\/\/zecovalve.com\/es\/wp-json\/wp\/v2\/media?parent=17524"}],"wp:term":[{"taxonomy":"product_cat","embeddable":true,"href":"https:\/\/zecovalve.com\/es\/wp-json\/wp\/v2\/product_cat?post=17524"},{"taxonomy":"product_tag","embeddable":true,"href":"https:\/\/zecovalve.com\/es\/wp-json\/wp\/v2\/product_tag?post=17524"}],"curies":[{"name":"wp","href":"https:\/\/api.w.org\/{rel}","templated":true}]}}