{"id":17532,"date":"2022-06-28T03:04:34","date_gmt":"2022-06-28T03:04:34","guid":{"rendered":"https:\/\/zecovalve.com\/?post_type=product&#038;p=17532"},"modified":"2023-06-17T02:54:18","modified_gmt":"2023-06-17T02:54:18","slug":"combined-butterfly-check-valve","status":"publish","type":"product","link":"https:\/\/zecovalve.com\/es\/producto\/combined-butterfly-check-valve","title":{"rendered":"V\u00e1lvula combinada de mariposa y retenci\u00f3n"},"content":{"rendered":"<div class=\"col-xs-12\">\n<div class=\"rbt\">\n<h1><\/h1>\n<\/div>\n<\/div>\n<div class=\"text\">\n<div id=\"productdetail\">\n<div class=\"col-xs-12\">\n<div class=\"underline-solid\"><\/div>\n<\/div>\n<div id=\"productdetail_img\" class=\"col-md-5 col-sm-6 col-xs-12\">\n<p><img loading=\"lazy\" decoding=\"async\" class=\"wp-image-27936 size-medium\" src=\"https:\/\/zecovalve.com\/wp-content\/uploads\/2022\/06\/Combined-Butterfly-Check-Valve-1-300x225.jpg\" alt=\"V\u00e1lvula combinada de mariposa y retenci\u00f3n\" width=\"300\" height=\"225\" srcset=\"https:\/\/zecovalve.com\/wp-content\/uploads\/2022\/06\/Combined-Butterfly-Check-Valve-1-300x225.jpg 300w, https:\/\/zecovalve.com\/wp-content\/uploads\/2022\/06\/Combined-Butterfly-Check-Valve-1-768x576.jpg 768w, https:\/\/zecovalve.com\/wp-content\/uploads\/2022\/06\/Combined-Butterfly-Check-Valve-1-600x450.jpg 600w, https:\/\/zecovalve.com\/wp-content\/uploads\/2022\/06\/Combined-Butterfly-Check-Valve-1.jpg 800w\" sizes=\"auto, (max-width: 300px) 100vw, 300px\" \/><\/p>\n<div class=\"product\"><\/div>\n<\/div>\n<div id=\"productdetail_txt\" class=\"col-md-7 col-sm-6 col-xs-12\">\n<p><strong>V\u00e1lvula combinada de mariposa y retenci\u00f3n<\/strong><\/p>\n<p>La v\u00e1lvula combinada de mariposa y retenci\u00f3n Zeco se utiliza para la tuber\u00eda de entrada de la salida de la bomba y la turbina.<\/p>\n<\/div>\n<\/div>\n<div id=\"myTabContent\" class=\"tab-content\">\n<div id=\"page1\" class=\"tab-pane fade in active\">\n<div class=\"col-xs-12\">\n<div class=\"\">\n<p><strong>Aplicaci\u00f3n<\/strong><\/p>\n<p>Alcance del producto: NPS 20\" ~ NPS56\" , 10bar ~ 16bar<\/p>\n<p><strong>Caracter\u00edsticas:<\/strong><\/p>\n<p>Tama\u00f1o total de la tuber\u00eda \u00c1rea de caudal<\/p>\n<p>Sistema de cierre por gravedad y sistema de control hidr\u00e1ulico absolutamente fiables<\/p>\n<p>La acci\u00f3n de cierre de dos velocidades evita las sobrepresiones<\/p>\n<p>La v\u00e1lvula puede abrirse con una bomba manual de emergencia<\/p>\n<p>Evitar que la bomba invierta su marcha cuando se corta la corriente<\/p>\n<p>Dimensiones cara a cara:AMSE B16.10<\/p>\n<p>Dimensi\u00f3n del extremo de la brida: AMSE B16.10<\/p>\n<p>Revestimiento: Revestimiento epoxi por fusi\u00f3n<\/p>\n<p>Inspecci\u00f3n y ensayo\uff1aAPI 598 \/ ISO 5208 \/ EN 12226-2<\/p>\n<p><img loading=\"lazy\" decoding=\"async\" class=\"alignnone size-medium wp-image-17534\" src=\"https:\/\/zecovalve.com\/wp-content\/uploads\/2022\/06\/20180828142424_9674-300x225.png\" alt=\"\" width=\"300\" height=\"225\" srcset=\"https:\/\/zecovalve.com\/wp-content\/uploads\/2022\/06\/20180828142424_9674-300x225.png 300w, https:\/\/zecovalve.com\/wp-content\/uploads\/2022\/06\/20180828142424_9674.png 600w\" sizes=\"auto, (max-width: 300px) 100vw, 300px\" \/><\/p>\n<table border=\"1\">\n<tbody>\n<tr>\n<td>Pieza<\/td>\n<td>Material<\/td>\n<td>EN Spec.<\/td>\n<\/tr>\n<tr>\n<td>Cuerpo<\/td>\n<td>Hierro d\u00factil<\/td>\n<td>ES-JS1050<\/td>\n<\/tr>\n<tr>\n<td>Pu\u00f1etazo fuerte<\/td>\n<td>Hierro d\u00factil<\/td>\n<td>ES-JS1050<\/td>\n<\/tr>\n<tr>\n<td>Disco\/Tallo<\/td>\n<td>Acero inoxidable 420<\/p>\n<p>Acero inoxidable 431<\/td>\n<td>BS970 420S37<\/p>\n<p>BS970 431S29<\/td>\n<\/tr>\n<tr>\n<td>Grupo hidr\u00e1ulico<\/td>\n<td>Siemens u otros<\/td>\n<td>Comercial<\/td>\n<\/tr>\n<tr>\n<td colspan=\"3\">Para opciones de materiales no indicados, consulte con la f\u00e1brica.<\/p>\n<p>Zeco fabrica v\u00e1lvulas en m\u00e1s de 50 aleaciones diferentes.<\/td>\n<\/tr>\n<\/tbody>\n<\/table>\n<p><img loading=\"lazy\" decoding=\"async\" class=\"alignnone size-medium wp-image-17535\" src=\"https:\/\/zecovalve.com\/wp-content\/uploads\/2022\/06\/20180828142433_1548-300x225.png\" alt=\"\" width=\"300\" height=\"225\" srcset=\"https:\/\/zecovalve.com\/wp-content\/uploads\/2022\/06\/20180828142433_1548-300x225.png 300w, https:\/\/zecovalve.com\/wp-content\/uploads\/2022\/06\/20180828142433_1548.png 600w\" sizes=\"auto, (max-width: 300px) 100vw, 300px\" \/><\/p>\n<table border=\"1\">\n<tbody>\n<tr>\n<td>NPS<\/td>\n<td>En<\/td>\n<td>20<\/td>\n<td>24<\/td>\n<td>28<\/td>\n<td>32<\/td>\n<td>36<\/td>\n<td>40<\/td>\n<td>48<\/td>\n<td>56<\/td>\n<\/tr>\n<tr>\n<td>O<\/td>\n<td>mm<\/td>\n<td>400<\/td>\n<td>400<\/td>\n<td>400<\/td>\n<td>400<\/td>\n<td>400<\/td>\n<td>400<\/td>\n<td>400<\/td>\n<td>500<\/td>\n<\/tr>\n<tr>\n<td>N<\/td>\n<td>mm<\/td>\n<td>342<\/td>\n<td>397<\/td>\n<td>437<\/td>\n<td>517<\/td>\n<td>567<\/td>\n<td>637<\/td>\n<td>730<\/td>\n<td>902<\/td>\n<\/tr>\n<tr>\n<td>Q<\/td>\n<td>mm<\/td>\n<td>358<\/td>\n<td>439<\/td>\n<td>451<\/td>\n<td>546<\/td>\n<td>588<\/td>\n<td>646<\/td>\n<td>756<\/td>\n<td>993<\/td>\n<\/tr>\n<tr>\n<td>P<\/td>\n<td>mm<\/td>\n<td>1012<\/td>\n<td>1067<\/td>\n<td>1107<\/td>\n<td>1187<\/td>\n<td>1237<\/td>\n<td>1307<\/td>\n<td>1400<\/td>\n<td>1582<\/td>\n<\/tr>\n<\/tbody>\n<\/table>\n<\/div>\n<\/div>\n<\/div>\n<\/div>\n<div class=\"col-md-12 col-sm-12 col-xs-12\"><\/div>\n<\/div>","protected":false},"excerpt":{"rendered":"<p>V\u00e1lvula de retenci\u00f3n de mariposa combinada La v\u00e1lvula de retenci\u00f3n de mariposa combinada Zeco se utiliza para la tuber\u00eda de entrada de la salida de la bomba y la turbina. Aplicaci\u00f3n Alcance del producto: NPS... <a title=\"V\u00e1lvula combinada de mariposa y retenci\u00f3n\" class=\"read-more\" href=\"https:\/\/zecovalve.com\/es\/producto\/combined-butterfly-check-valve\" aria-label=\"M\u00e1s en V\u00e1lvula de mariposa de retenci\u00f3n combinada\">Leer m\u00e1s<\/a><\/p>","protected":false},"featured_media":27936,"comment_status":"closed","ping_status":"closed","template":"","meta":{"_generate-full-width-content":"","kt_blocks_editor_width":""},"product_cat":[2455],"product_tag":[2657,2661],"class_list":["post-17532","product","type-product","status-publish","has-post-thumbnail","hentry","product_cat-check-valve","product_tag-non-return-valve","product_tag-nrv-valve","sales-flash-overlay","woocommerce-text-align-center","woocommerce-image-align-center","do-quantity-buttons"],"featured_image_src_large":["https:\/\/zecovalve.com\/wp-content\/uploads\/2022\/06\/Combined-Butterfly-Check-Valve-1.jpg",800,600,false],"author_info":[],"comment_info":0,"taxonomy_info":{"product_cat":[{"value":2455,"label":"Check Valve"}],"product_tag":[{"value":2657,"label":"Non Return Valve"},{"value":2661,"label":"NRV Valve"}]},"yoast_head":"<!-- This site is optimized with the Yoast SEO Premium plugin v15.4 - https:\/\/yoast.com\/wordpress\/plugins\/seo\/ -->\n<title>Combined Butterfly-Check Valve - ZECO Valve<\/title>\n<meta name=\"robots\" content=\"index, follow, max-snippet:-1, max-image-preview:large, max-video-preview:-1\" \/>\n<link rel=\"canonical\" href=\"https:\/\/zecovalve.com\/es\/producto\/combined-butterfly-check-valve\" \/>\n<meta property=\"og:locale\" content=\"es_ES\" \/>\n<meta property=\"og:type\" content=\"article\" \/>\n<meta property=\"og:title\" content=\"Combined Butterfly-Check Valve - ZECO Valve\" \/>\n<meta property=\"og:description\" content=\"Combined Butterfly-Check Valve Zeco Combined Butterfly-Check Valve is used for the inlet pipe of pump outlet and turbine. Application Product Scope: NPS ... Leer m\u00e1s\" \/>\n<meta property=\"og:url\" content=\"https:\/\/zecovalve.com\/es\/producto\/combined-butterfly-check-valve\" \/>\n<meta property=\"og:site_name\" content=\"ZECO Valve\" \/>\n<meta property=\"article:modified_time\" content=\"2023-06-17T02:54:18+00:00\" \/>\n<meta property=\"og:image\" content=\"https:\/\/zecovalve.com\/wp-content\/uploads\/2022\/06\/Combined-Butterfly-Check-Valve-1.jpg\" \/>\n\t<meta property=\"og:image:width\" content=\"800\" \/>\n\t<meta property=\"og:image:height\" content=\"600\" \/>\n<meta name=\"twitter:card\" content=\"summary_large_image\" \/>\n<meta name=\"twitter:label1\" content=\"Escrito por\">\n\t<meta name=\"twitter:data1\" content=\"Jerry\">\n\t<meta name=\"twitter:label2\" content=\"Tiempo de lectura\">\n\t<meta name=\"twitter:data2\" content=\"1 minuto\">\n<script type=\"application\/ld+json\" class=\"yoast-schema-graph\">{\"@context\":\"https:\/\/schema.org\",\"@graph\":[{\"@type\":\"WebSite\",\"@id\":\"https:\/\/zecovalve.com\/#website\",\"url\":\"https:\/\/zecovalve.com\/\",\"name\":\"ZECO Valve\",\"description\":\"Industrial Ball Valve, Gate Valve and Globe Valve Manufacturer\",\"potentialAction\":[{\"@type\":\"SearchAction\",\"target\":\"https:\/\/zecovalve.com\/?s={search_term_string}\",\"query-input\":\"required name=search_term_string\"}],\"inLanguage\":\"es\"},{\"@type\":\"ImageObject\",\"@id\":\"https:\/\/zecovalve.com\/product\/combined-butterfly-check-valve#primaryimage\",\"inLanguage\":\"es\",\"url\":\"https:\/\/zecovalve.com\/wp-content\/uploads\/2022\/06\/Combined-Butterfly-Check-Valve-1.jpg\",\"width\":800,\"height\":600,\"caption\":\"Combined Butterfly-Check Valve\"},{\"@type\":\"WebPage\",\"@id\":\"https:\/\/zecovalve.com\/product\/combined-butterfly-check-valve#webpage\",\"url\":\"https:\/\/zecovalve.com\/product\/combined-butterfly-check-valve\",\"name\":\"Combined Butterfly-Check Valve - ZECO Valve\",\"isPartOf\":{\"@id\":\"https:\/\/zecovalve.com\/#website\"},\"primaryImageOfPage\":{\"@id\":\"https:\/\/zecovalve.com\/product\/combined-butterfly-check-valve#primaryimage\"},\"datePublished\":\"2022-06-28T03:04:34+00:00\",\"dateModified\":\"2023-06-17T02:54:18+00:00\",\"breadcrumb\":{\"@id\":\"https:\/\/zecovalve.com\/product\/combined-butterfly-check-valve#breadcrumb\"},\"inLanguage\":\"es\",\"potentialAction\":[{\"@type\":\"ReadAction\",\"target\":[\"https:\/\/zecovalve.com\/product\/combined-butterfly-check-valve\"]}]},{\"@type\":\"BreadcrumbList\",\"@id\":\"https:\/\/zecovalve.com\/product\/combined-butterfly-check-valve#breadcrumb\",\"itemListElement\":[{\"@type\":\"ListItem\",\"position\":1,\"item\":{\"@type\":\"WebPage\",\"@id\":\"https:\/\/zecovalve.com\/\",\"url\":\"https:\/\/zecovalve.com\/\",\"name\":\"Home\"}},{\"@type\":\"ListItem\",\"position\":2,\"item\":{\"@type\":\"WebPage\",\"@id\":\"https:\/\/zecovalve.com\/product-category\",\"url\":\"https:\/\/zecovalve.com\/product-category\",\"name\":\"Industrial Valve Manufacturer | Water Valve Manufacturer\"}},{\"@type\":\"ListItem\",\"position\":3,\"item\":{\"@type\":\"WebPage\",\"@id\":\"https:\/\/zecovalve.com\/product\/combined-butterfly-check-valve\",\"url\":\"https:\/\/zecovalve.com\/product\/combined-butterfly-check-valve\",\"name\":\"Combined Butterfly-Check Valve\"}}]}]}<\/script>\n<!-- \/ Yoast SEO Premium plugin. -->","_links":{"self":[{"href":"https:\/\/zecovalve.com\/es\/wp-json\/wp\/v2\/product\/17532","targetHints":{"allow":["GET"]}}],"collection":[{"href":"https:\/\/zecovalve.com\/es\/wp-json\/wp\/v2\/product"}],"about":[{"href":"https:\/\/zecovalve.com\/es\/wp-json\/wp\/v2\/types\/product"}],"replies":[{"embeddable":true,"href":"https:\/\/zecovalve.com\/es\/wp-json\/wp\/v2\/comments?post=17532"}],"wp:featuredmedia":[{"embeddable":true,"href":"https:\/\/zecovalve.com\/es\/wp-json\/wp\/v2\/media\/27936"}],"wp:attachment":[{"href":"https:\/\/zecovalve.com\/es\/wp-json\/wp\/v2\/media?parent=17532"}],"wp:term":[{"taxonomy":"product_cat","embeddable":true,"href":"https:\/\/zecovalve.com\/es\/wp-json\/wp\/v2\/product_cat?post=17532"},{"taxonomy":"product_tag","embeddable":true,"href":"https:\/\/zecovalve.com\/es\/wp-json\/wp\/v2\/product_tag?post=17532"}],"curies":[{"name":"wp","href":"https:\/\/api.w.org\/{rel}","templated":true}]}}