{"id":17573,"date":"2022-06-28T04:42:00","date_gmt":"2022-06-28T04:42:00","guid":{"rendered":"https:\/\/zecovalve.com\/?post_type=product&#038;p=17573"},"modified":"2023-06-16T13:51:21","modified_gmt":"2023-06-16T13:51:21","slug":"pressure-seal-check-valve","status":"publish","type":"product","link":"https:\/\/zecovalve.com\/es\/producto\/pressure-seal-check-valve","title":{"rendered":"V\u00e1lvula de retenci\u00f3n de cierre a presi\u00f3n"},"content":{"rendered":"<div class=\"col-xs-12\">\n<div class=\"rbt\">\n<p><img loading=\"lazy\" decoding=\"async\" class=\"size-medium wp-image-27919\" src=\"https:\/\/zecovalve.com\/wp-content\/uploads\/2022\/06\/Pressure-Seal-Check-Valve-1-300x225.jpg\" alt=\"V\u00e1lvula de retenci\u00f3n de cierre a presi\u00f3n\" width=\"300\" height=\"225\" srcset=\"https:\/\/zecovalve.com\/wp-content\/uploads\/2022\/06\/Pressure-Seal-Check-Valve-1-300x225.jpg 300w, https:\/\/zecovalve.com\/wp-content\/uploads\/2022\/06\/Pressure-Seal-Check-Valve-1-768x576.jpg 768w, https:\/\/zecovalve.com\/wp-content\/uploads\/2022\/06\/Pressure-Seal-Check-Valve-1-600x450.jpg 600w, https:\/\/zecovalve.com\/wp-content\/uploads\/2022\/06\/Pressure-Seal-Check-Valve-1.jpg 800w\" sizes=\"auto, (max-width: 300px) 100vw, 300px\" \/><\/p>\n<\/div>\n<\/div>\n<div class=\"text\">\n<div id=\"productdetail\">\n<div id=\"productdetail_img\" class=\"col-md-5 col-sm-6 col-xs-12\">\n<div class=\"product\"><\/div>\n<\/div>\n<div id=\"productdetail_txt\" class=\"col-md-7 col-sm-6 col-xs-12\">\n<p><strong>V\u00e1lvula de retenci\u00f3n de cierre a presi\u00f3n<\/strong>Las v\u00e1lvulas antirretorno selladas a presi\u00f3n de Zeco est\u00e1n dise\u00f1adas para aplicaciones de alta presi\u00f3n y alta temperatura en todo tipo de fluidos, excepto en condiciones severas.<\/p>\n<\/div>\n<\/div>\n<div id=\"myTabContent\" class=\"tab-content\">\n<div id=\"page1\" class=\"tab-pane fade in active\">\n<div class=\"col-xs-12\">\n<div class=\"\">\n<p>Las v\u00e1lvulas de retenci\u00f3n de sello a presi\u00f3n est\u00e1n dise\u00f1adas de acuerdo con BS1868 y ASME B16.34 para servicio de alta temperatura y alta presi\u00f3n y se utilizan ampliamente en centrales el\u00e9ctricas de combustibles f\u00f3siles. En comparaci\u00f3n con las v\u00e1lvulas de junta de bonete atornillada, proporciona un sellado absolutamente fiable de la junta del bonete, por lo que las v\u00e1lvulas de retenci\u00f3n de sello de presi\u00f3n son m\u00e1s compactas y r\u00edgidas, as\u00ed como de mantenimiento rentable en servicio de alta temperatura y alta presi\u00f3n.<\/p>\n<p>Es una v\u00e1lvula de retenci\u00f3n autom\u00e1tica cuando se abre o cierra autom\u00e1ticamente por la fuerza generada por el medio que fluye dentro de la tuber\u00eda. Su funci\u00f3n principal es evitar el reflujo del medio en la tuber\u00eda, la rotaci\u00f3n inversa de la bomba y su motor de accionamiento, y la descarga del medio en el recipiente.<\/p>\n<p align=\"justify\"><b>Caracter\u00edsticas\uff1a<\/b><b><\/b><\/p>\n<p align=\"justify\">1. El cuerpo y el disco de la v\u00e1lvula s\u00f3lo tienen una cara de sellado;<\/p>\n<p align=\"justify\">2. Superficie de sellado del asiento totalmente recubierta de estelita;<\/p>\n<p align=\"justify\">3. Bueno para el proceso de fabricaci\u00f3n y f\u00e1cil de mantener;<\/p>\n<p align=\"justify\">4. Utilizar embalaje de tipo colaboraci\u00f3n de grafito flexible y tejido\uff1b.<\/p>\n<p align=\"justify\">5. A prueba de fugas absoluta de la junta del bonete\uff1b<\/p>\n<p align=\"justify\">6.  Dise\u00f1o de derivaci\u00f3n opcional\uff1b<\/p>\n<p align=\"justify\">7. Dise\u00f1ado opcionalmente con un cilindro amortiguador.<\/p>\n<p align=\"justify\"><b>Gama de productos:<\/b><b><\/b><\/p>\n<p>Material del cuerpo: acero al carbono, acero inoxidable, acero aleado, etc.<br \/>\nDi\u00e1metro nominal:1\/2\u2033\uff5e24\u2033.<\/p>\n<p>Pressure range:Class150\uff5e2500\uff08PN10~PN420\uff09<\/p>\n<p>Conexi\u00f3n final: RF, RTJ, BW<\/p>\n<p>Temperatura de trabajo:-29\u2103\uff5e+560\u2103<\/p>\n<table class=\"ke-zeroborder\" border=\"0\" cellspacing=\"0\">\n<tbody>\n<tr>\n<td valign=\"center\" width=\"112\">Marca<\/td>\n<td valign=\"center\" width=\"770\">Zeco<\/td>\n<\/tr>\n<tr>\n<td valign=\"center\" width=\"112\">Tipo de v\u00e1lvula<\/td>\n<td valign=\"center\" width=\"770\">V\u00e1lvula de retenci\u00f3n de cierre a presi\u00f3n<\/td>\n<\/tr>\n<tr>\n<td valign=\"center\" width=\"112\">Material de la v\u00e1lvula<\/td>\n<td valign=\"center\" width=\"770\">acero al carbono, acero inoxidable, acero aleado, etc.<\/td>\n<\/tr>\n<tr>\n<td valign=\"center\" width=\"112\">Prueba de v\u00e1lvulas<\/td>\n<td valign=\"center\" width=\"770\">100% cantidad probada antes de la entrega<\/td>\n<\/tr>\n<tr>\n<td valign=\"center\" width=\"112\">Garant\u00eda de v\u00e1lvulas<\/td>\n<td valign=\"center\" width=\"770\">18 meses a partir de la fecha de env\u00edo desde f\u00e1brica, o 12 meses a partir de la fecha de instalaci\u00f3n de la mercanc\u00eda.<\/td>\n<\/tr>\n<tr>\n<td valign=\"center\" width=\"112\">Pintura de v\u00e1lvulas<\/td>\n<td valign=\"center\" width=\"770\">Solicitud del cliente<\/td>\n<\/tr>\n<tr>\n<td valign=\"center\" width=\"112\">Paquete de v\u00e1lvulas<\/td>\n<td valign=\"center\" width=\"770\">Caja de madera<\/td>\n<\/tr>\n<tr>\n<td valign=\"center\" width=\"112\">MOQ<\/td>\n<td valign=\"center\" width=\"770\">Ning\u00fan requisito<\/td>\n<\/tr>\n<tr>\n<td valign=\"center\" width=\"112\">Certificado de v\u00e1lvulas<\/td>\n<td valign=\"center\" width=\"770\">API 6D\/CE\/ISO9001\/ISO14001<\/td>\n<\/tr>\n<tr>\n<td valign=\"center\" width=\"112\">Detalle de entrega<\/td>\n<td valign=\"center\" width=\"770\">Env\u00edo en 4 \u00f3 6 semanas tras el pago<\/td>\n<\/tr>\n<tr>\n<td valign=\"center\" width=\"112\">Puerto<\/td>\n<td valign=\"center\" width=\"770\">SHANGHAI<\/td>\n<\/tr>\n<tr>\n<td valign=\"center\" width=\"112\">Condiciones de pago<\/td>\n<td valign=\"center\" width=\"770\">L\/C,D\/A,D\/P,T\/T<\/td>\n<\/tr>\n<tr>\n<td valign=\"center\" width=\"112\">Certificado ofrecido<\/td>\n<td valign=\"center\" width=\"770\">Lista de empaque\uff0cFactura comercial\uff0cInformes de pruebas y certificados de materiales\uff0cCertificado de calidad y cantidad, Certificado de garant\u00eda del vendedor.<\/td>\n<\/tr>\n<\/tbody>\n<\/table>\n<p><img loading=\"lazy\" decoding=\"async\" class=\"alignnone size-medium wp-image-17528\" src=\"https:\/\/zecovalve.com\/wp-content\/uploads\/2022\/06\/20190205155834_8781-300x182.jpg\" alt=\"\" width=\"300\" height=\"182\" srcset=\"https:\/\/zecovalve.com\/wp-content\/uploads\/2022\/06\/20190205155834_8781-300x182.jpg 300w, https:\/\/zecovalve.com\/wp-content\/uploads\/2022\/06\/20190205155834_8781-600x365.jpg 600w, https:\/\/zecovalve.com\/wp-content\/uploads\/2022\/06\/20190205155834_8781.jpg 750w\" sizes=\"auto, (max-width: 300px) 100vw, 300px\" \/><\/p>\n<\/div>\n<\/div>\n<\/div>\n<\/div>\n<\/div>","protected":false},"excerpt":{"rendered":"<p>V\u00e1lvula de retenci\u00f3n con sello de presi\u00f3nLas v\u00e1lvulas de retenci\u00f3n selladas con presi\u00f3n de Zeco est\u00e1n dise\u00f1adas para aplicaciones de alta presi\u00f3n y alta temperatura en todo tipo de fluidos excepto... <a title=\"V\u00e1lvula de retenci\u00f3n de cierre a presi\u00f3n\" class=\"read-more\" href=\"https:\/\/zecovalve.com\/es\/producto\/pressure-seal-check-valve\" aria-label=\"M\u00e1s en V\u00e1lvula de retenci\u00f3n de cierre a presi\u00f3n\">Leer m\u00e1s<\/a><\/p>","protected":false},"featured_media":27919,"comment_status":"closed","ping_status":"closed","template":"","meta":{"_generate-full-width-content":"","kt_blocks_editor_width":""},"product_cat":[2455,2067],"product_tag":[2657,2661,2660,2723],"class_list":["post-17573","product","type-product","status-publish","has-post-thumbnail","hentry","product_cat-check-valve","product_cat-swing-check-valve","product_tag-non-return-valve","product_tag-nrv-valve","product_tag-swing-check-valve","product_tag-what-is-a-valve","sales-flash-overlay","woocommerce-text-align-center","woocommerce-image-align-center","do-quantity-buttons"],"featured_image_src_large":["https:\/\/zecovalve.com\/wp-content\/uploads\/2022\/06\/Pressure-Seal-Check-Valve-1.jpg",800,600,false],"author_info":[],"comment_info":0,"taxonomy_info":{"product_cat":[{"value":2455,"label":"Check Valve"},{"value":2067,"label":"Swing Check Valve"}],"product_tag":[{"value":2657,"label":"Non Return Valve"},{"value":2661,"label":"NRV Valve"},{"value":2660,"label":"Swing Check Valve"},{"value":2723,"label":"What is a Valve"}]},"yoast_head":"<!-- This site is optimized with the Yoast SEO Premium plugin v15.4 - https:\/\/yoast.com\/wordpress\/plugins\/seo\/ -->\n<title>Pressure Seal Check Valve - ZECO Valve<\/title>\n<meta name=\"robots\" content=\"index, follow, max-snippet:-1, max-image-preview:large, max-video-preview:-1\" \/>\n<link rel=\"canonical\" href=\"https:\/\/zecovalve.com\/es\/producto\/pressure-seal-check-valve\" \/>\n<meta property=\"og:locale\" content=\"es_ES\" \/>\n<meta property=\"og:type\" content=\"article\" \/>\n<meta property=\"og:title\" content=\"Pressure Seal Check Valve - ZECO Valve\" \/>\n<meta property=\"og:description\" content=\"Pressure Seal Check ValveZeco&#8217;s pressure sealed check valves are intended for high pressure, high temperature applications in all types of fluid except ... Leer m\u00e1s\" \/>\n<meta property=\"og:url\" content=\"https:\/\/zecovalve.com\/es\/producto\/pressure-seal-check-valve\" \/>\n<meta property=\"og:site_name\" content=\"ZECO Valve\" \/>\n<meta property=\"article:modified_time\" content=\"2023-06-16T13:51:21+00:00\" \/>\n<meta property=\"og:image\" content=\"https:\/\/zecovalve.com\/wp-content\/uploads\/2022\/06\/Pressure-Seal-Check-Valve-1.jpg\" \/>\n\t<meta property=\"og:image:width\" content=\"800\" \/>\n\t<meta property=\"og:image:height\" content=\"600\" \/>\n<meta name=\"twitter:card\" content=\"summary_large_image\" \/>\n<meta name=\"twitter:label1\" content=\"Escrito por\">\n\t<meta name=\"twitter:data1\" content=\"Jerry\">\n\t<meta name=\"twitter:label2\" content=\"Tiempo de lectura\">\n\t<meta name=\"twitter:data2\" content=\"1 minuto\">\n<script type=\"application\/ld+json\" class=\"yoast-schema-graph\">{\"@context\":\"https:\/\/schema.org\",\"@graph\":[{\"@type\":\"WebSite\",\"@id\":\"https:\/\/zecovalve.com\/#website\",\"url\":\"https:\/\/zecovalve.com\/\",\"name\":\"ZECO Valve\",\"description\":\"Industrial Ball Valve, Gate Valve and Globe Valve Manufacturer\",\"potentialAction\":[{\"@type\":\"SearchAction\",\"target\":\"https:\/\/zecovalve.com\/?s={search_term_string}\",\"query-input\":\"required name=search_term_string\"}],\"inLanguage\":\"es\"},{\"@type\":\"ImageObject\",\"@id\":\"https:\/\/zecovalve.com\/product\/pressure-seal-check-valve#primaryimage\",\"inLanguage\":\"es\",\"url\":\"https:\/\/zecovalve.com\/wp-content\/uploads\/2022\/06\/Pressure-Seal-Check-Valve-1.jpg\",\"width\":800,\"height\":600,\"caption\":\"Pressure Seal Check Valve\"},{\"@type\":\"WebPage\",\"@id\":\"https:\/\/zecovalve.com\/product\/pressure-seal-check-valve#webpage\",\"url\":\"https:\/\/zecovalve.com\/product\/pressure-seal-check-valve\",\"name\":\"Pressure Seal Check Valve - ZECO Valve\",\"isPartOf\":{\"@id\":\"https:\/\/zecovalve.com\/#website\"},\"primaryImageOfPage\":{\"@id\":\"https:\/\/zecovalve.com\/product\/pressure-seal-check-valve#primaryimage\"},\"datePublished\":\"2022-06-28T04:42:00+00:00\",\"dateModified\":\"2023-06-16T13:51:21+00:00\",\"breadcrumb\":{\"@id\":\"https:\/\/zecovalve.com\/product\/pressure-seal-check-valve#breadcrumb\"},\"inLanguage\":\"es\",\"potentialAction\":[{\"@type\":\"ReadAction\",\"target\":[\"https:\/\/zecovalve.com\/product\/pressure-seal-check-valve\"]}]},{\"@type\":\"BreadcrumbList\",\"@id\":\"https:\/\/zecovalve.com\/product\/pressure-seal-check-valve#breadcrumb\",\"itemListElement\":[{\"@type\":\"ListItem\",\"position\":1,\"item\":{\"@type\":\"WebPage\",\"@id\":\"https:\/\/zecovalve.com\/\",\"url\":\"https:\/\/zecovalve.com\/\",\"name\":\"Home\"}},{\"@type\":\"ListItem\",\"position\":2,\"item\":{\"@type\":\"WebPage\",\"@id\":\"https:\/\/zecovalve.com\/product-category\",\"url\":\"https:\/\/zecovalve.com\/product-category\",\"name\":\"Industrial Valve Manufacturer | Water Valve Manufacturer\"}},{\"@type\":\"ListItem\",\"position\":3,\"item\":{\"@type\":\"WebPage\",\"@id\":\"https:\/\/zecovalve.com\/product\/pressure-seal-check-valve\",\"url\":\"https:\/\/zecovalve.com\/product\/pressure-seal-check-valve\",\"name\":\"Pressure Seal Check Valve\"}}]}]}<\/script>\n<!-- \/ Yoast SEO Premium plugin. -->","_links":{"self":[{"href":"https:\/\/zecovalve.com\/es\/wp-json\/wp\/v2\/product\/17573","targetHints":{"allow":["GET"]}}],"collection":[{"href":"https:\/\/zecovalve.com\/es\/wp-json\/wp\/v2\/product"}],"about":[{"href":"https:\/\/zecovalve.com\/es\/wp-json\/wp\/v2\/types\/product"}],"replies":[{"embeddable":true,"href":"https:\/\/zecovalve.com\/es\/wp-json\/wp\/v2\/comments?post=17573"}],"wp:featuredmedia":[{"embeddable":true,"href":"https:\/\/zecovalve.com\/es\/wp-json\/wp\/v2\/media\/27919"}],"wp:attachment":[{"href":"https:\/\/zecovalve.com\/es\/wp-json\/wp\/v2\/media?parent=17573"}],"wp:term":[{"taxonomy":"product_cat","embeddable":true,"href":"https:\/\/zecovalve.com\/es\/wp-json\/wp\/v2\/product_cat?post=17573"},{"taxonomy":"product_tag","embeddable":true,"href":"https:\/\/zecovalve.com\/es\/wp-json\/wp\/v2\/product_tag?post=17573"}],"curies":[{"name":"wp","href":"https:\/\/api.w.org\/{rel}","templated":true}]}}