{"id":17575,"date":"2022-06-28T04:49:21","date_gmt":"2022-06-28T04:49:21","guid":{"rendered":"https:\/\/zecovalve.com\/?post_type=product&#038;p=17575"},"modified":"2023-06-26T05:40:32","modified_gmt":"2023-06-26T05:40:32","slug":"pressure-relief-valve-double-chamber","status":"publish","type":"product","link":"https:\/\/zecovalve.com\/es\/producto\/pressure-relief-valve-double-chamber","title":{"rendered":"V\u00e1lvula de alivio de presi\u00f3n de doble c\u00e1mara"},"content":{"rendered":"<div class=\"col-xs-12\">\n<div class=\"rbt\">\n<h1>V\u00e1lvula de alivio de presi\u00f3n (doble c\u00e1mara)<\/h1>\n<\/div>\n<\/div>\n<div class=\"text\">\n<div id=\"productdetail\">\n<div class=\"col-xs-12\">\n<div class=\"underline-solid\"><\/div>\n<\/div>\n<div id=\"productdetail_img\" class=\"col-md-5 col-sm-6 col-xs-12\">\n<figure id=\"attachment_17927\" aria-describedby=\"caption-attachment-17927\" style=\"width: 290px\" class=\"wp-caption alignnone\"><img loading=\"lazy\" decoding=\"async\" class=\"size-medium wp-image-17927\" src=\"https:\/\/zecovalve.com\/wp-content\/uploads\/2022\/06\/Pressure-Relief-Valve-Double-Chamber-300x225.jpg\" alt=\"V\u00e1lvula de alivio de presi\u00f3n de doble c\u00e1mara\" width=\"300\" height=\"225\" srcset=\"https:\/\/zecovalve.com\/wp-content\/uploads\/2022\/06\/Pressure-Relief-Valve-Double-Chamber-300x225.jpg 300w, https:\/\/zecovalve.com\/wp-content\/uploads\/2022\/06\/Pressure-Relief-Valve-Double-Chamber-768x576.jpg 768w, https:\/\/zecovalve.com\/wp-content\/uploads\/2022\/06\/Pressure-Relief-Valve-Double-Chamber-600x450.jpg 600w, https:\/\/zecovalve.com\/wp-content\/uploads\/2022\/06\/Pressure-Relief-Valve-Double-Chamber.jpg 800w\" sizes=\"auto, (max-width: 300px) 100vw, 300px\" \/><figcaption id=\"caption-attachment-17927\" class=\"wp-caption-text\">V\u00e1lvula de alivio de presi\u00f3n de doble c\u00e1mara<\/figcaption><\/figure>\n<div class=\"product\"><\/div>\n<\/div>\n<div id=\"productdetail_txt\" class=\"col-md-7 col-sm-6 col-xs-12\">\n<p><strong>V\u00e1lvula de alivio de presi\u00f3n (doble c\u00e1mara)<\/strong>La v\u00e1lvula de alivio de presi\u00f3n Zeco (doble c\u00e1mara) se utiliza para sistemas de circulaci\u00f3n de prueba de fuego y otros sistemas de suministro de agua en edificios de gran altura.<\/p>\n<\/div>\n<\/div>\n<div id=\"myTabContent\" class=\"tab-content\">\n<div id=\"page1\" class=\"tab-pane fade in active\">\n<div class=\"col-xs-12\">\n<div class=\"\">\n<p><strong>Aplicaci\u00f3n<\/strong><\/p>\n<p>Alcance del producto: NPS 2\u201d ~ NPS22\u201d, 10bar ~ 25bar<\/p>\n<p><strong>Caracter\u00edsticas:<\/strong><\/p>\n<p>Control de presi\u00f3n preciso<\/p>\n<p>Apertura r\u00e1pida para mantener la presi\u00f3n de la l\u00ednea<\/p>\n<p>Cierre lento para evitar sobretensiones<\/p>\n<p>Accesorios externos m\u00ednimos<\/p>\n<p>Dimensiones cara a cara:AMSE B16.10<\/p>\n<p>Dimensi\u00f3n del extremo de la brida: AMSE B16.10<\/p>\n<p>Revestimiento: Revestimiento epoxi por fusi\u00f3n<\/p>\n<p>Inspecci\u00f3n y ensayo\uff1aAPI 598 \/ ISO 5208 \/ EN 12226-2<\/p>\n<p><img loading=\"lazy\" decoding=\"async\" class=\"alignnone size-medium wp-image-17578\" src=\"https:\/\/zecovalve.com\/wp-content\/uploads\/2022\/06\/20180828134459_3106-300x225.png\" alt=\"\" width=\"300\" height=\"225\" srcset=\"https:\/\/zecovalve.com\/wp-content\/uploads\/2022\/06\/20180828134459_3106-300x225.png 300w, https:\/\/zecovalve.com\/wp-content\/uploads\/2022\/06\/20180828134459_3106.png 600w\" sizes=\"auto, (max-width: 300px) 100vw, 300px\" \/><\/p>\n<table border=\"1\">\n<tbody>\n<tr>\n<td>Pieza<\/td>\n<td>Material<\/td>\n<td>EN Spec.<\/td>\n<\/tr>\n<tr>\n<td>Cuerpo<\/td>\n<td>Hierro d\u00factil<\/td>\n<td>ES-JS1050<\/td>\n<\/tr>\n<tr>\n<td>Cap\u00f3<\/td>\n<td>Hierro d\u00factil<\/td>\n<td>ES-JS1050<\/td>\n<\/tr>\n<tr>\n<td>Recorte<\/td>\n<td>Acero inoxidable 420<\/p>\n<p>Acero inoxidable 431<\/td>\n<td>BS970 420S37<\/p>\n<p>BS970 431S29<\/td>\n<\/tr>\n<tr>\n<td>Asiento<\/td>\n<td>Acero inoxidable 420<\/p>\n<p>Acero inoxidable 431<\/td>\n<td>BS970 420S37<\/p>\n<p>BS970 431S29<\/td>\n<\/tr>\n<tr>\n<td>Diafragma<\/td>\n<td>EPDM \/ NBR<\/td>\n<td>Comercial<\/td>\n<\/tr>\n<tr>\n<td colspan=\"3\">Para opciones de materiales no indicados, consulte con la f\u00e1brica.<\/p>\n<p>Zeco fabrica v\u00e1lvulas en m\u00e1s de 50 aleaciones diferentes.<\/td>\n<\/tr>\n<\/tbody>\n<\/table>\n<p><img loading=\"lazy\" decoding=\"async\" class=\"alignnone size-medium wp-image-17577\" src=\"https:\/\/zecovalve.com\/wp-content\/uploads\/2022\/06\/20180828134437_6076-300x225.png\" alt=\"\" width=\"300\" height=\"225\" srcset=\"https:\/\/zecovalve.com\/wp-content\/uploads\/2022\/06\/20180828134437_6076-300x225.png 300w, https:\/\/zecovalve.com\/wp-content\/uploads\/2022\/06\/20180828134437_6076.png 600w\" sizes=\"auto, (max-width: 300px) 100vw, 300px\" \/><\/p>\n<p><img loading=\"lazy\" decoding=\"async\" class=\"alignnone size-medium wp-image-17576\" src=\"https:\/\/zecovalve.com\/wp-content\/uploads\/2022\/06\/20180515155433_2889-300x118.jpg\" alt=\"\" width=\"300\" height=\"118\" srcset=\"https:\/\/zecovalve.com\/wp-content\/uploads\/2022\/06\/20180515155433_2889-300x118.jpg 300w, https:\/\/zecovalve.com\/wp-content\/uploads\/2022\/06\/20180515155433_2889-1024x404.jpg 1024w, https:\/\/zecovalve.com\/wp-content\/uploads\/2022\/06\/20180515155433_2889-768x303.jpg 768w, https:\/\/zecovalve.com\/wp-content\/uploads\/2022\/06\/20180515155433_2889-600x237.jpg 600w, https:\/\/zecovalve.com\/wp-content\/uploads\/2022\/06\/20180515155433_2889.jpg 1267w\" sizes=\"auto, (max-width: 300px) 100vw, 300px\" \/><\/p>\n<table border=\"1\">\n<tbody>\n<tr>\n<td>NPS<\/td>\n<td>En<\/td>\n<td>2<\/td>\n<td>2 1\/2<\/td>\n<td>3<\/td>\n<td>4<\/td>\n<td>5<\/td>\n<td>6<\/td>\n<td>8<\/td>\n<td>10<\/td>\n<td>12<\/td>\n<td>14<\/td>\n<td>16<\/td>\n<td>18<\/td>\n<td>20<\/td>\n<td>22<\/td>\n<\/tr>\n<tr>\n<td>L<\/td>\n<td>mm<\/td>\n<td>210<\/td>\n<td>230<\/td>\n<td>260<\/td>\n<td>292<\/td>\n<td>320<\/td>\n<td>380<\/td>\n<td>500<\/td>\n<td>605<\/td>\n<td>725<\/td>\n<td>733<\/td>\n<td>914<\/td>\n<td>978<\/td>\n<td>1075<\/td>\n<td>1219<\/td>\n<\/tr>\n<tr>\n<td>H1<\/td>\n<td>mm<\/td>\n<td>160<\/td>\n<td>190<\/td>\n<td>226<\/td>\n<td>260<\/td>\n<td>318<\/td>\n<td>345<\/td>\n<td>410<\/td>\n<td>531<\/td>\n<td>640<\/td>\n<td>700<\/td>\n<td>720<\/td>\n<td>781<\/td>\n<td>830<\/td>\n<td>916<\/td>\n<\/tr>\n<tr>\n<td>H<\/td>\n<td>mm<\/td>\n<td>90<\/td>\n<td>100<\/td>\n<td>110<\/td>\n<td>120<\/td>\n<td>130<\/td>\n<td>150<\/td>\n<td>180<\/td>\n<td>215<\/td>\n<td>235<\/td>\n<td>265<\/td>\n<td>300<\/td>\n<td>330<\/td>\n<td>370<\/td>\n<td>430<\/td>\n<\/tr>\n<tr>\n<td>A1<\/td>\n<td>mm<\/td>\n<td>135<\/td>\n<td>140<\/td>\n<td>161<\/td>\n<td>170<\/td>\n<td>178<\/td>\n<td>209<\/td>\n<td>230<\/td>\n<td>248<\/td>\n<td>293<\/td>\n<td>335<\/td>\n<td>335<\/td>\n<td>370<\/td>\n<td>416<\/td>\n<td>470<\/td>\n<\/tr>\n<tr>\n<td>A<\/td>\n<td>mm<\/td>\n<td>226<\/td>\n<td>243<\/td>\n<td>263<\/td>\n<td>290<\/td>\n<td>320<\/td>\n<td>356<\/td>\n<td>410<\/td>\n<td>466<\/td>\n<td>510<\/td>\n<td>571<\/td>\n<td>633<\/td>\n<td>690<\/td>\n<td>776<\/td>\n<td>908<\/td>\n<\/tr>\n<\/tbody>\n<\/table>\n<\/div>\n<\/div>\n<\/div>\n<\/div>\n<\/div>","protected":false},"excerpt":{"rendered":"<p>V\u00e1lvula de alivio de presi\u00f3n (doble c\u00e1mara) V\u00e1lvula de alivio de presi\u00f3n (doble c\u00e1mara)La v\u00e1lvula de alivio de presi\u00f3n Zeco (doble c\u00e1mara) se utiliza para sistemas de circulaci\u00f3n de pruebas de incendio y otros tipos de agua... <a title=\"V\u00e1lvula de alivio de presi\u00f3n de doble c\u00e1mara\" class=\"read-more\" href=\"https:\/\/zecovalve.com\/es\/producto\/pressure-relief-valve-double-chamber\" aria-label=\"M\u00e1s en V\u00e1lvula Alivio de Presi\u00f3n Doble C\u00e1mara\">Leer m\u00e1s<\/a><\/p>","protected":false},"featured_media":27952,"comment_status":"closed","ping_status":"closed","template":"","meta":{"_generate-full-width-content":"","kt_blocks_editor_width":""},"product_cat":[2597,2526],"product_tag":[2662,2805],"class_list":["post-17575","product","type-product","status-publish","has-post-thumbnail","hentry","product_cat-pressure-control-valve","product_cat-water-control-valve","product_tag-pressure-control-valve","product_tag-pump-valve","sales-flash-overlay","woocommerce-text-align-center","woocommerce-image-align-center","do-quantity-buttons"],"featured_image_src_large":["https:\/\/zecovalve.com\/wp-content\/uploads\/2022\/06\/Pressure-Relief-Valve-Double-Chamber-1.jpg",800,600,false],"author_info":[],"comment_info":0,"taxonomy_info":{"product_cat":[{"value":2597,"label":"Pressure Control Valve"},{"value":2526,"label":"Water Control Valve"}],"product_tag":[{"value":2662,"label":"Pressure Control Valve"},{"value":2805,"label":"Pump Valve"}]},"yoast_head":"<!-- This site is optimized with the Yoast SEO Premium plugin v15.4 - https:\/\/yoast.com\/wordpress\/plugins\/seo\/ -->\n<title>Pressure Relief Valve Double Chamber - ZECO Valve<\/title>\n<meta name=\"robots\" content=\"index, follow, max-snippet:-1, max-image-preview:large, max-video-preview:-1\" \/>\n<link rel=\"canonical\" href=\"https:\/\/zecovalve.com\/es\/producto\/pressure-relief-valve-double-chamber\" \/>\n<meta property=\"og:locale\" content=\"es_ES\" \/>\n<meta property=\"og:type\" content=\"article\" \/>\n<meta property=\"og:title\" content=\"Pressure Relief Valve Double Chamber - ZECO Valve\" \/>\n<meta property=\"og:description\" content=\"Pressure Relief Valve(Double Chamber) Pressure Relief Valve(Double Chamber)Zeco Pressure Relief Valve(Double Chamber) is used for fire test circulation systems and other water ... Leer m\u00e1s\" \/>\n<meta property=\"og:url\" content=\"https:\/\/zecovalve.com\/es\/producto\/pressure-relief-valve-double-chamber\" \/>\n<meta property=\"og:site_name\" content=\"ZECO Valve\" \/>\n<meta property=\"article:modified_time\" content=\"2023-06-26T05:40:32+00:00\" \/>\n<meta property=\"og:image\" content=\"https:\/\/zecovalve.com\/wp-content\/uploads\/2022\/06\/Pressure-Relief-Valve-Double-Chamber-1.jpg\" \/>\n\t<meta property=\"og:image:width\" content=\"800\" \/>\n\t<meta property=\"og:image:height\" content=\"600\" \/>\n<meta name=\"twitter:card\" content=\"summary_large_image\" \/>\n<meta name=\"twitter:label1\" content=\"Escrito por\">\n\t<meta name=\"twitter:data1\" content=\"Jerry\">\n\t<meta name=\"twitter:label2\" content=\"Tiempo de lectura\">\n\t<meta name=\"twitter:data2\" content=\"1 minuto\">\n<script type=\"application\/ld+json\" class=\"yoast-schema-graph\">{\"@context\":\"https:\/\/schema.org\",\"@graph\":[{\"@type\":\"WebSite\",\"@id\":\"https:\/\/zecovalve.com\/#website\",\"url\":\"https:\/\/zecovalve.com\/\",\"name\":\"ZECO Valve\",\"description\":\"Industrial Ball Valve, Gate Valve and Globe Valve Manufacturer\",\"potentialAction\":[{\"@type\":\"SearchAction\",\"target\":\"https:\/\/zecovalve.com\/?s={search_term_string}\",\"query-input\":\"required name=search_term_string\"}],\"inLanguage\":\"es\"},{\"@type\":\"ImageObject\",\"@id\":\"https:\/\/zecovalve.com\/product\/pressure-relief-valve-double-chamber#primaryimage\",\"inLanguage\":\"es\",\"url\":\"https:\/\/zecovalve.com\/wp-content\/uploads\/2022\/06\/Pressure-Relief-Valve-Double-Chamber-1.jpg\",\"width\":800,\"height\":600,\"caption\":\"Pressure Relief Valve Double Chamber\"},{\"@type\":\"WebPage\",\"@id\":\"https:\/\/zecovalve.com\/product\/pressure-relief-valve-double-chamber#webpage\",\"url\":\"https:\/\/zecovalve.com\/product\/pressure-relief-valve-double-chamber\",\"name\":\"Pressure Relief Valve Double Chamber - ZECO Valve\",\"isPartOf\":{\"@id\":\"https:\/\/zecovalve.com\/#website\"},\"primaryImageOfPage\":{\"@id\":\"https:\/\/zecovalve.com\/product\/pressure-relief-valve-double-chamber#primaryimage\"},\"datePublished\":\"2022-06-28T04:49:21+00:00\",\"dateModified\":\"2023-06-26T05:40:32+00:00\",\"breadcrumb\":{\"@id\":\"https:\/\/zecovalve.com\/product\/pressure-relief-valve-double-chamber#breadcrumb\"},\"inLanguage\":\"es\",\"potentialAction\":[{\"@type\":\"ReadAction\",\"target\":[\"https:\/\/zecovalve.com\/product\/pressure-relief-valve-double-chamber\"]}]},{\"@type\":\"BreadcrumbList\",\"@id\":\"https:\/\/zecovalve.com\/product\/pressure-relief-valve-double-chamber#breadcrumb\",\"itemListElement\":[{\"@type\":\"ListItem\",\"position\":1,\"item\":{\"@type\":\"WebPage\",\"@id\":\"https:\/\/zecovalve.com\/\",\"url\":\"https:\/\/zecovalve.com\/\",\"name\":\"Home\"}},{\"@type\":\"ListItem\",\"position\":2,\"item\":{\"@type\":\"WebPage\",\"@id\":\"https:\/\/zecovalve.com\/product-category\",\"url\":\"https:\/\/zecovalve.com\/product-category\",\"name\":\"Industrial Valve Manufacturer | Water Valve Manufacturer\"}},{\"@type\":\"ListItem\",\"position\":3,\"item\":{\"@type\":\"WebPage\",\"@id\":\"https:\/\/zecovalve.com\/product\/pressure-relief-valve-double-chamber\",\"url\":\"https:\/\/zecovalve.com\/product\/pressure-relief-valve-double-chamber\",\"name\":\"Pressure Relief Valve Double Chamber\"}}]}]}<\/script>\n<!-- \/ Yoast SEO Premium plugin. -->","_links":{"self":[{"href":"https:\/\/zecovalve.com\/es\/wp-json\/wp\/v2\/product\/17575","targetHints":{"allow":["GET"]}}],"collection":[{"href":"https:\/\/zecovalve.com\/es\/wp-json\/wp\/v2\/product"}],"about":[{"href":"https:\/\/zecovalve.com\/es\/wp-json\/wp\/v2\/types\/product"}],"replies":[{"embeddable":true,"href":"https:\/\/zecovalve.com\/es\/wp-json\/wp\/v2\/comments?post=17575"}],"wp:featuredmedia":[{"embeddable":true,"href":"https:\/\/zecovalve.com\/es\/wp-json\/wp\/v2\/media\/27952"}],"wp:attachment":[{"href":"https:\/\/zecovalve.com\/es\/wp-json\/wp\/v2\/media?parent=17575"}],"wp:term":[{"taxonomy":"product_cat","embeddable":true,"href":"https:\/\/zecovalve.com\/es\/wp-json\/wp\/v2\/product_cat?post=17575"},{"taxonomy":"product_tag","embeddable":true,"href":"https:\/\/zecovalve.com\/es\/wp-json\/wp\/v2\/product_tag?post=17575"}],"curies":[{"name":"wp","href":"https:\/\/api.w.org\/{rel}","templated":true}]}}