{"id":17915,"date":"2022-07-01T02:04:08","date_gmt":"2022-07-01T02:04:08","guid":{"rendered":"https:\/\/zecovalve.com\/?post_type=product&#038;p=17915"},"modified":"2023-06-16T14:05:21","modified_gmt":"2023-06-16T14:05:21","slug":"swing-check-valve","status":"publish","type":"product","link":"https:\/\/zecovalve.com\/es\/producto\/swing-check-valve","title":{"rendered":"V\u00e1lvula antirretorno de vaiv\u00e9n"},"content":{"rendered":"<p>La v\u00e1lvula de retenci\u00f3n basculante se utiliza en sistemas de suministro y drenaje de petr\u00f3leo y gas.<\/p>\n<p><img loading=\"lazy\" decoding=\"async\" class=\"wp-image-27923 size-medium\" src=\"https:\/\/zecovalve.com\/wp-content\/uploads\/2022\/07\/Swing-Check-Valve-4-300x225.jpg\" alt=\"V\u00e1lvula antirretorno de vaiv\u00e9n\" width=\"300\" height=\"225\" srcset=\"https:\/\/zecovalve.com\/wp-content\/uploads\/2022\/07\/Swing-Check-Valve-4-300x225.jpg 300w, https:\/\/zecovalve.com\/wp-content\/uploads\/2022\/07\/Swing-Check-Valve-4-768x576.jpg 768w, https:\/\/zecovalve.com\/wp-content\/uploads\/2022\/07\/Swing-Check-Valve-4-600x450.jpg 600w, https:\/\/zecovalve.com\/wp-content\/uploads\/2022\/07\/Swing-Check-Valve-4.jpg 800w\" sizes=\"auto, (max-width: 300px) 100vw, 300px\" \/><\/p>\n<p>Esta v\u00e1lvula puede instalarse en la salida de agua de la bomba o en la tuber\u00eda de salida de agua para evitar el reflujo del medio.<\/p>\n<p><img loading=\"lazy\" decoding=\"async\" class=\"alignnone size-medium wp-image-17918\" src=\"https:\/\/zecovalve.com\/wp-content\/uploads\/2022\/07\/Swing-Flex-Check-Valve\u66f2\u7ebf-300x225.png\" alt=\"\" width=\"300\" height=\"225\" srcset=\"https:\/\/zecovalve.com\/wp-content\/uploads\/2022\/07\/Swing-Flex-Check-Valve\u66f2\u7ebf-300x225.png 300w, https:\/\/zecovalve.com\/wp-content\/uploads\/2022\/07\/Swing-Flex-Check-Valve\u66f2\u7ebf.png 600w\" sizes=\"auto, (max-width: 300px) 100vw, 300px\" \/><\/p>\n<h2><strong><b>Caracter\u00edsticas<\/b><\/strong><strong><b>\uff1a<\/b><\/strong><\/h2>\n<ol>\n<li>Se puede cambiar hasta 100.000 veces;<\/li>\n<li>\u00c1rea de flujo total, baja resistencia al flujo;<\/li>\n<li>Menos propensos a acumular residuos;<\/li>\n<li>Estructura sencilla y mantenimiento c\u00f3modo.<\/li>\n<\/ol>\n<h2><strong><b>Principio<\/b><\/strong><strong><b>\uff1a<\/b><\/strong><\/h2>\n<p>El anillo de sellado de esta v\u00e1lvula adopta el dise\u00f1o basculante, y el tiempo de cierre es corto, lo que puede reducir la presi\u00f3n del golpe de ariete.<\/p>\n<p><img loading=\"lazy\" decoding=\"async\" class=\"alignnone size-medium wp-image-17917\" src=\"https:\/\/zecovalve.com\/wp-content\/uploads\/2022\/07\/Swing-Flex-Check-Valve\u5b89\u88c5-300x225.png\" alt=\"\" width=\"300\" height=\"225\" srcset=\"https:\/\/zecovalve.com\/wp-content\/uploads\/2022\/07\/Swing-Flex-Check-Valve\u5b89\u88c5-300x225.png 300w, https:\/\/zecovalve.com\/wp-content\/uploads\/2022\/07\/Swing-Flex-Check-Valve\u5b89\u88c5.png 600w\" sizes=\"auto, (max-width: 300px) 100vw, 300px\" \/><\/p>\n<h2><strong><b>Instalaci\u00f3n y <\/b><\/strong><strong><b>C<\/b><\/strong><strong><b>omisi\u00f3n<\/b><\/strong><strong><b>\uff1a<\/b><\/strong><\/h2>\n<p>Esta v\u00e1lvula puede instalarse en aguas residuales. Para usos espec\u00edficos, consulte a Zeco Valve Group.<\/p>\n<h2><strong><b>Alcance del producto<\/b><\/strong><strong><b>, Normas y M<\/b><\/strong><strong><b>ateriales<\/b><\/strong><\/h2>\n<p>Gama de tama\u00f1os: 2\u2033~48\u2033.<\/p>\n<p>Presi\u00f3n nominal: 150LB~2500LB<\/p>\n<p>Dimensiones cara a cara: AMSE B16.10, EN558-1<\/p>\n<p>Dimensi\u00f3n del extremo de la brida: AMSE B16.1\/16.42, AS4087, EN1092-2<\/p>\n<p>Inspecci\u00f3n y ensayo: API 598<\/p>\n<table>\n<tbody>\n<tr>\n<td width=\"146\">Pieza<\/td>\n<td width=\"251\">Material<\/td>\n<td width=\"171\">Est\u00e1ndar<\/td>\n<\/tr>\n<tr>\n<td width=\"146\">Cuerpo<\/td>\n<td width=\"251\">WCB<\/td>\n<td width=\"171\">ASTM A216<\/td>\n<\/tr>\n<tr>\n<td width=\"146\">Cap\u00f3<\/td>\n<td width=\"251\">WCB<\/td>\n<td width=\"171\">ASTM A216<\/td>\n<\/tr>\n<tr>\n<td width=\"146\">Disco<\/td>\n<td width=\"251\">WCB+13Cr<\/td>\n<td width=\"171\">ASTM A216<\/td>\n<\/tr>\n<tr>\n<td width=\"146\">Asiento<\/td>\n<td width=\"251\">A105+13Cr<\/td>\n<td width=\"171\">ASTM A105<\/td>\n<\/tr>\n<tr>\n<td width=\"146\">Nueces<\/td>\n<td width=\"251\">2H<\/td>\n<td width=\"171\">ASTM A194<\/td>\n<\/tr>\n<tr>\n<td width=\"146\">Pernos<\/td>\n<td width=\"251\">B7<\/td>\n<td width=\"171\">ASTM A193<\/td>\n<\/tr>\n<tr>\n<td colspan=\"3\" width=\"568\">Para opciones de materiales que no figuran en la lista, consulte a la f\u00e1brica.<\/p>\n<p>Zeco fabrica v\u00e1lvulas en m\u00e1s de 50 aleaciones diferentes.<\/td>\n<\/tr>\n<\/tbody>\n<\/table>\n<p>&nbsp;<\/p>\n<p>&nbsp;<\/p>\n<p>&nbsp;<\/p>","protected":false},"excerpt":{"rendered":"<p>La v\u00e1lvula de retenci\u00f3n oscilante se utiliza en sistemas de drenaje y suministro de petr\u00f3leo y gas. Esta v\u00e1lvula se puede instalar en la salida de agua... <a title=\"V\u00e1lvula antirretorno de vaiv\u00e9n\" class=\"read-more\" href=\"https:\/\/zecovalve.com\/es\/producto\/swing-check-valve\" aria-label=\"M\u00e1s en V\u00e1lvula de retenci\u00f3n de vaiv\u00e9n\">Leer m\u00e1s<\/a><\/p>","protected":false},"featured_media":27923,"comment_status":"closed","ping_status":"closed","template":"","meta":{"_generate-full-width-content":"","kt_blocks_editor_width":""},"product_cat":[2455,2067],"product_tag":[2657,2661,2660],"class_list":["post-17915","product","type-product","status-publish","has-post-thumbnail","hentry","product_cat-check-valve","product_cat-swing-check-valve","product_tag-non-return-valve","product_tag-nrv-valve","product_tag-swing-check-valve","sales-flash-overlay","woocommerce-text-align-center","woocommerce-image-align-center","do-quantity-buttons"],"featured_image_src_large":["https:\/\/zecovalve.com\/wp-content\/uploads\/2022\/07\/Swing-Check-Valve-4.jpg",800,600,false],"author_info":[],"comment_info":0,"taxonomy_info":{"product_cat":[{"value":2455,"label":"Check Valve"},{"value":2067,"label":"Swing Check Valve"}],"product_tag":[{"value":2657,"label":"Non Return Valve"},{"value":2661,"label":"NRV Valve"},{"value":2660,"label":"Swing Check Valve"}]},"yoast_head":"<!-- This site is optimized with the Yoast SEO Premium plugin v15.4 - https:\/\/yoast.com\/wordpress\/plugins\/seo\/ -->\n<title>Swing Check Valve - ZECO Valve<\/title>\n<meta name=\"robots\" content=\"index, follow, max-snippet:-1, max-image-preview:large, max-video-preview:-1\" \/>\n<link rel=\"canonical\" href=\"https:\/\/zecovalve.com\/es\/producto\/swing-check-valve\" \/>\n<meta property=\"og:locale\" content=\"es_ES\" \/>\n<meta property=\"og:type\" content=\"article\" \/>\n<meta property=\"og:title\" content=\"Swing Check Valve - ZECO Valve\" \/>\n<meta property=\"og:description\" content=\"Swing Check Valve is used in oil &amp; gas supply and drainage systems. This valve can be installed at the water outlet ... Leer m\u00e1s\" \/>\n<meta property=\"og:url\" content=\"https:\/\/zecovalve.com\/es\/producto\/swing-check-valve\" \/>\n<meta property=\"og:site_name\" content=\"ZECO Valve\" \/>\n<meta property=\"article:modified_time\" content=\"2023-06-16T14:05:21+00:00\" \/>\n<meta property=\"og:image\" content=\"https:\/\/zecovalve.com\/wp-content\/uploads\/2022\/07\/Swing-Check-Valve-4.jpg\" \/>\n\t<meta property=\"og:image:width\" content=\"800\" \/>\n\t<meta property=\"og:image:height\" content=\"600\" \/>\n<meta name=\"twitter:card\" content=\"summary_large_image\" \/>\n<meta name=\"twitter:label1\" content=\"Escrito por\">\n\t<meta name=\"twitter:data1\" content=\"Jerry\">\n\t<meta name=\"twitter:label2\" content=\"Tiempo de lectura\">\n\t<meta name=\"twitter:data2\" content=\"1 minuto\">\n<script type=\"application\/ld+json\" class=\"yoast-schema-graph\">{\"@context\":\"https:\/\/schema.org\",\"@graph\":[{\"@type\":\"WebSite\",\"@id\":\"https:\/\/zecovalve.com\/#website\",\"url\":\"https:\/\/zecovalve.com\/\",\"name\":\"ZECO Valve\",\"description\":\"Industrial Ball Valve, Gate Valve and Globe Valve Manufacturer\",\"potentialAction\":[{\"@type\":\"SearchAction\",\"target\":\"https:\/\/zecovalve.com\/?s={search_term_string}\",\"query-input\":\"required name=search_term_string\"}],\"inLanguage\":\"es\"},{\"@type\":\"ImageObject\",\"@id\":\"https:\/\/zecovalve.com\/product\/swing-check-valve#primaryimage\",\"inLanguage\":\"es\",\"url\":\"https:\/\/zecovalve.com\/wp-content\/uploads\/2022\/07\/Swing-Check-Valve-4.jpg\",\"width\":800,\"height\":600,\"caption\":\"Swing Check Valve\"},{\"@type\":\"WebPage\",\"@id\":\"https:\/\/zecovalve.com\/product\/swing-check-valve#webpage\",\"url\":\"https:\/\/zecovalve.com\/product\/swing-check-valve\",\"name\":\"Swing Check Valve - ZECO Valve\",\"isPartOf\":{\"@id\":\"https:\/\/zecovalve.com\/#website\"},\"primaryImageOfPage\":{\"@id\":\"https:\/\/zecovalve.com\/product\/swing-check-valve#primaryimage\"},\"datePublished\":\"2022-07-01T02:04:08+00:00\",\"dateModified\":\"2023-06-16T14:05:21+00:00\",\"breadcrumb\":{\"@id\":\"https:\/\/zecovalve.com\/product\/swing-check-valve#breadcrumb\"},\"inLanguage\":\"es\",\"potentialAction\":[{\"@type\":\"ReadAction\",\"target\":[\"https:\/\/zecovalve.com\/product\/swing-check-valve\"]}]},{\"@type\":\"BreadcrumbList\",\"@id\":\"https:\/\/zecovalve.com\/product\/swing-check-valve#breadcrumb\",\"itemListElement\":[{\"@type\":\"ListItem\",\"position\":1,\"item\":{\"@type\":\"WebPage\",\"@id\":\"https:\/\/zecovalve.com\/\",\"url\":\"https:\/\/zecovalve.com\/\",\"name\":\"Home\"}},{\"@type\":\"ListItem\",\"position\":2,\"item\":{\"@type\":\"WebPage\",\"@id\":\"https:\/\/zecovalve.com\/product-category\",\"url\":\"https:\/\/zecovalve.com\/product-category\",\"name\":\"Industrial Valve Manufacturer | Water Valve Manufacturer\"}},{\"@type\":\"ListItem\",\"position\":3,\"item\":{\"@type\":\"WebPage\",\"@id\":\"https:\/\/zecovalve.com\/product\/swing-check-valve\",\"url\":\"https:\/\/zecovalve.com\/product\/swing-check-valve\",\"name\":\"Swing Check Valve\"}}]}]}<\/script>\n<!-- \/ Yoast SEO Premium plugin. -->","_links":{"self":[{"href":"https:\/\/zecovalve.com\/es\/wp-json\/wp\/v2\/product\/17915","targetHints":{"allow":["GET"]}}],"collection":[{"href":"https:\/\/zecovalve.com\/es\/wp-json\/wp\/v2\/product"}],"about":[{"href":"https:\/\/zecovalve.com\/es\/wp-json\/wp\/v2\/types\/product"}],"replies":[{"embeddable":true,"href":"https:\/\/zecovalve.com\/es\/wp-json\/wp\/v2\/comments?post=17915"}],"wp:featuredmedia":[{"embeddable":true,"href":"https:\/\/zecovalve.com\/es\/wp-json\/wp\/v2\/media\/27923"}],"wp:attachment":[{"href":"https:\/\/zecovalve.com\/es\/wp-json\/wp\/v2\/media?parent=17915"}],"wp:term":[{"taxonomy":"product_cat","embeddable":true,"href":"https:\/\/zecovalve.com\/es\/wp-json\/wp\/v2\/product_cat?post=17915"},{"taxonomy":"product_tag","embeddable":true,"href":"https:\/\/zecovalve.com\/es\/wp-json\/wp\/v2\/product_tag?post=17915"}],"curies":[{"name":"wp","href":"https:\/\/api.w.org\/{rel}","templated":true}]}}