{"id":17931,"date":"2022-07-01T06:26:49","date_gmt":"2022-07-01T06:26:49","guid":{"rendered":"https:\/\/zecovalve.com\/?post_type=product&#038;p=17931"},"modified":"2023-06-17T03:03:04","modified_gmt":"2023-06-17T03:03:04","slug":"wafer-swing-check-valve","status":"publish","type":"product","link":"https:\/\/zecovalve.com\/es\/producto\/wafer-swing-check-valve","title":{"rendered":"V\u00e1lvula antirretorno oscilante wafer"},"content":{"rendered":"<p>La v\u00e1lvula de retenci\u00f3n oscilante Wafer recibe su nombre de su dise\u00f1o delgado como una oblea. Estas v\u00e1lvulas son elegantes y est\u00e1n hechas para encajar en espacios reducidos entre dos bridas. Esta v\u00e1lvula no tiene mandos. El componente principal de la v\u00e1lvula es un disco oscilante en el centro que se abre en una direcci\u00f3n y se cierra si los l\u00edquidos fluyen en la otra direcci\u00f3n.<\/p>\n<p><img loading=\"lazy\" decoding=\"async\" class=\"wp-image-27937 size-medium\" src=\"https:\/\/zecovalve.com\/wp-content\/uploads\/2022\/07\/Wafer-Swing-Check-Valve-2-300x225.jpg\" alt=\"V\u00e1lvula antirretorno oscilante wafer\" width=\"300\" height=\"225\" srcset=\"https:\/\/zecovalve.com\/wp-content\/uploads\/2022\/07\/Wafer-Swing-Check-Valve-2-300x225.jpg 300w, https:\/\/zecovalve.com\/wp-content\/uploads\/2022\/07\/Wafer-Swing-Check-Valve-2-768x576.jpg 768w, https:\/\/zecovalve.com\/wp-content\/uploads\/2022\/07\/Wafer-Swing-Check-Valve-2-600x450.jpg 600w, https:\/\/zecovalve.com\/wp-content\/uploads\/2022\/07\/Wafer-Swing-Check-Valve-2.jpg 800w\" sizes=\"auto, (max-width: 300px) 100vw, 300px\" \/><\/p>\n<h2>\u00bfC\u00f3mo funciona una v\u00e1lvula de retenci\u00f3n oscilante Wafer?<\/h2>\n<p>El perfil en forma de oblea de la v\u00e1lvula la convierte en una gran elecci\u00f3n para sistemas que requieren longitudes de salida cortas. Las v\u00e1lvulas antirretorno wafer funcionan de forma muy similar a las v\u00e1lvulas antirretorno oscilantes. Al igual que las v\u00e1lvulas de retenci\u00f3n oscilantes, las v\u00e1lvulas de retenci\u00f3n wafer constan de un disco y un asiento. Cuando el material fluye en una direcci\u00f3n, el flujo levanta el disco del asiento. Esto permite que el material fluya a trav\u00e9s de la v\u00e1lvula. Cuando el flujo se invierte a trav\u00e9s de la v\u00e1lvula, el flujo de material empuja el disco de nuevo hacia el asiento, cerrando as\u00ed la v\u00e1lvula al flujo de material.<br \/>\nLas v\u00e1lvulas de retenci\u00f3n Wafer est\u00e1n dise\u00f1adas para ser delgadas y no atascarse. Este dise\u00f1o las hace ideales para su uso con materiales que contengan part\u00edculas s\u00f3lidas o residuos. Este tipo de v\u00e1lvula puede montarse tanto vertical como horizontalmente, siempre que la contrapresi\u00f3n necesaria para asentar la v\u00e1lvula de retenci\u00f3n sea suficiente. Existen mecanismos que ayudan a proporcionar v\u00e1lvulas de asistencia en caso de que la contrapresi\u00f3n sea insuficiente.<\/p>\n<h2>Aplicaciones de la v\u00e1lvula de retenci\u00f3n oscilante Wafer<\/h2>\n<ul>\n<li>Vapor<\/li>\n<li>Agua fr\u00eda y caliente<\/li>\n<li>Ingenier\u00eda el\u00e9ctrica y t\u00e9rmica<\/li>\n<li>Aire a presi\u00f3n<\/li>\n<li>Tecnolog\u00edas industriales<\/li>\n<li>Fluidos sin propiedades de acidez o alcalinidad<\/li>\n<\/ul>\n<h2>Ventajas de la v\u00e1lvula de retenci\u00f3n oscilante Wafer<\/h2>\n<ul>\n<li>Minimiza el soporte de las tuber\u00edas gracias a su cuerpo compacto tipo wafer. Esta gama de v\u00e1lvulas de retenci\u00f3n wafer es de dos a tres veces m\u00e1s ligera que las v\u00e1lvulas de retenci\u00f3n tradicionales de cuerpo completo.<\/li>\n<li>Para satisfacer aplicaciones y condiciones de servicio especiales, estas v\u00e1lvulas pueden ofrecerse con muchas opciones diferentes, como limpieza sin silicona, limpieza con ox\u00edgeno, servicio vertical, funcionamiento a la izquierda, palancas, pesos y cojines.<\/li>\n<li>Para los medios que contienen materia fibrosa o c\u00e1ustica, \u00e9stos ofrecen un resorte externo que elimina el resorte de la trayectoria del flujo. Esto evitar\u00e1 que la fibra se enrolle alrededor del muelle o que \u00e9ste sufra un ataque qu\u00edmico.<\/li>\n<li>El mantenimiento es m\u00ednimo con el asiento de junta t\u00f3rica sustituible in situ, disponible en todos los estilos y tama\u00f1os.<\/li>\n<\/ul>","protected":false},"excerpt":{"rendered":"<p>La v\u00e1lvula de retenci\u00f3n tipo oblea recibe su nombre de su dise\u00f1o delgado como una oblea. Estas v\u00e1lvulas son elegantes y est\u00e1n hechas para caber en espacios reducidos... <a title=\"V\u00e1lvula antirretorno oscilante wafer\" class=\"read-more\" href=\"https:\/\/zecovalve.com\/es\/producto\/wafer-swing-check-valve\" aria-label=\"M\u00e1s en V\u00e1lvula de retenci\u00f3n oscilante Wafer\">Leer m\u00e1s<\/a><\/p>","protected":false},"featured_media":27937,"comment_status":"closed","ping_status":"closed","template":"","meta":{"_generate-full-width-content":"","kt_blocks_editor_width":""},"product_cat":[2455,2067,2442],"product_tag":[2657,2661,2660,2725,2723],"class_list":["post-17931","product","type-product","status-publish","has-post-thumbnail","hentry","product_cat-check-valve","product_cat-swing-check-valve","product_cat-wafer-check-valve","product_tag-non-return-valve","product_tag-nrv-valve","product_tag-swing-check-valve","product_tag-wafer-check-valve","product_tag-what-is-a-valve","sales-flash-overlay","woocommerce-text-align-center","woocommerce-image-align-center","do-quantity-buttons"],"featured_image_src_large":["https:\/\/zecovalve.com\/wp-content\/uploads\/2022\/07\/Wafer-Swing-Check-Valve-2.jpg",800,600,false],"author_info":[],"comment_info":0,"taxonomy_info":{"product_cat":[{"value":2455,"label":"Check Valve"},{"value":2067,"label":"Swing Check Valve"},{"value":2442,"label":"Wafer Check Valve"}],"product_tag":[{"value":2657,"label":"Non Return Valve"},{"value":2661,"label":"NRV Valve"},{"value":2660,"label":"Swing Check Valve"},{"value":2725,"label":"Wafer Check Valve"},{"value":2723,"label":"What is a Valve"}]},"yoast_head":"<!-- This site is optimized with the Yoast SEO Premium plugin v15.4 - https:\/\/yoast.com\/wordpress\/plugins\/seo\/ -->\n<title>Wafer Swing Check Valve - ZECO Valve<\/title>\n<meta name=\"robots\" content=\"index, follow, max-snippet:-1, max-image-preview:large, max-video-preview:-1\" \/>\n<link rel=\"canonical\" href=\"https:\/\/zecovalve.com\/es\/producto\/wafer-swing-check-valve\" \/>\n<meta property=\"og:locale\" content=\"es_ES\" \/>\n<meta property=\"og:type\" content=\"article\" \/>\n<meta property=\"og:title\" content=\"Wafer Swing Check Valve - ZECO Valve\" \/>\n<meta property=\"og:description\" content=\"Wafer Swing Check Valve gets its name from its wafer-thin design. These valves are sleek and made to fit in tight spaces ... Leer m\u00e1s\" \/>\n<meta property=\"og:url\" content=\"https:\/\/zecovalve.com\/es\/producto\/wafer-swing-check-valve\" \/>\n<meta property=\"og:site_name\" content=\"ZECO Valve\" \/>\n<meta property=\"article:modified_time\" content=\"2023-06-17T03:03:04+00:00\" \/>\n<meta property=\"og:image\" content=\"https:\/\/zecovalve.com\/wp-content\/uploads\/2022\/07\/Wafer-Swing-Check-Valve-2.jpg\" \/>\n\t<meta property=\"og:image:width\" content=\"800\" \/>\n\t<meta property=\"og:image:height\" content=\"600\" \/>\n<meta name=\"twitter:card\" content=\"summary_large_image\" \/>\n<meta name=\"twitter:label1\" content=\"Escrito por\">\n\t<meta name=\"twitter:data1\" content=\"Jerry\">\n\t<meta name=\"twitter:label2\" content=\"Tiempo de lectura\">\n\t<meta name=\"twitter:data2\" content=\"1 minuto\">\n<script type=\"application\/ld+json\" class=\"yoast-schema-graph\">{\"@context\":\"https:\/\/schema.org\",\"@graph\":[{\"@type\":\"WebSite\",\"@id\":\"https:\/\/zecovalve.com\/#website\",\"url\":\"https:\/\/zecovalve.com\/\",\"name\":\"ZECO Valve\",\"description\":\"Industrial Ball Valve, Gate Valve and Globe Valve Manufacturer\",\"potentialAction\":[{\"@type\":\"SearchAction\",\"target\":\"https:\/\/zecovalve.com\/?s={search_term_string}\",\"query-input\":\"required name=search_term_string\"}],\"inLanguage\":\"es\"},{\"@type\":\"ImageObject\",\"@id\":\"https:\/\/zecovalve.com\/product\/wafer-swing-check-valve#primaryimage\",\"inLanguage\":\"es\",\"url\":\"https:\/\/zecovalve.com\/wp-content\/uploads\/2022\/07\/Wafer-Swing-Check-Valve-2.jpg\",\"width\":800,\"height\":600,\"caption\":\"Wafer Swing Check Valve\"},{\"@type\":\"WebPage\",\"@id\":\"https:\/\/zecovalve.com\/product\/wafer-swing-check-valve#webpage\",\"url\":\"https:\/\/zecovalve.com\/product\/wafer-swing-check-valve\",\"name\":\"Wafer Swing Check Valve - ZECO Valve\",\"isPartOf\":{\"@id\":\"https:\/\/zecovalve.com\/#website\"},\"primaryImageOfPage\":{\"@id\":\"https:\/\/zecovalve.com\/product\/wafer-swing-check-valve#primaryimage\"},\"datePublished\":\"2022-07-01T06:26:49+00:00\",\"dateModified\":\"2023-06-17T03:03:04+00:00\",\"breadcrumb\":{\"@id\":\"https:\/\/zecovalve.com\/product\/wafer-swing-check-valve#breadcrumb\"},\"inLanguage\":\"es\",\"potentialAction\":[{\"@type\":\"ReadAction\",\"target\":[\"https:\/\/zecovalve.com\/product\/wafer-swing-check-valve\"]}]},{\"@type\":\"BreadcrumbList\",\"@id\":\"https:\/\/zecovalve.com\/product\/wafer-swing-check-valve#breadcrumb\",\"itemListElement\":[{\"@type\":\"ListItem\",\"position\":1,\"item\":{\"@type\":\"WebPage\",\"@id\":\"https:\/\/zecovalve.com\/\",\"url\":\"https:\/\/zecovalve.com\/\",\"name\":\"Home\"}},{\"@type\":\"ListItem\",\"position\":2,\"item\":{\"@type\":\"WebPage\",\"@id\":\"https:\/\/zecovalve.com\/product-category\",\"url\":\"https:\/\/zecovalve.com\/product-category\",\"name\":\"Industrial Valve Manufacturer | Water Valve Manufacturer\"}},{\"@type\":\"ListItem\",\"position\":3,\"item\":{\"@type\":\"WebPage\",\"@id\":\"https:\/\/zecovalve.com\/product\/wafer-swing-check-valve\",\"url\":\"https:\/\/zecovalve.com\/product\/wafer-swing-check-valve\",\"name\":\"Wafer Swing Check Valve\"}}]}]}<\/script>\n<!-- \/ Yoast SEO Premium plugin. -->","_links":{"self":[{"href":"https:\/\/zecovalve.com\/es\/wp-json\/wp\/v2\/product\/17931","targetHints":{"allow":["GET"]}}],"collection":[{"href":"https:\/\/zecovalve.com\/es\/wp-json\/wp\/v2\/product"}],"about":[{"href":"https:\/\/zecovalve.com\/es\/wp-json\/wp\/v2\/types\/product"}],"replies":[{"embeddable":true,"href":"https:\/\/zecovalve.com\/es\/wp-json\/wp\/v2\/comments?post=17931"}],"wp:featuredmedia":[{"embeddable":true,"href":"https:\/\/zecovalve.com\/es\/wp-json\/wp\/v2\/media\/27937"}],"wp:attachment":[{"href":"https:\/\/zecovalve.com\/es\/wp-json\/wp\/v2\/media?parent=17931"}],"wp:term":[{"taxonomy":"product_cat","embeddable":true,"href":"https:\/\/zecovalve.com\/es\/wp-json\/wp\/v2\/product_cat?post=17931"},{"taxonomy":"product_tag","embeddable":true,"href":"https:\/\/zecovalve.com\/es\/wp-json\/wp\/v2\/product_tag?post=17931"}],"curies":[{"name":"wp","href":"https:\/\/api.w.org\/{rel}","templated":true}]}}