{"id":18002,"date":"2022-07-03T08:08:53","date_gmt":"2022-07-03T08:08:53","guid":{"rendered":"https:\/\/zecovalve.com\/?post_type=product&#038;p=18002"},"modified":"2023-06-16T13:52:24","modified_gmt":"2023-06-16T13:52:24","slug":"dual-plate-check-valve","status":"publish","type":"product","link":"https:\/\/zecovalve.com\/es\/producto\/dual-plate-check-valve","title":{"rendered":"V\u00e1lvula de retenci\u00f3n de doble placa"},"content":{"rendered":"<p><img loading=\"lazy\" decoding=\"async\" class=\"size-medium wp-image-27920\" src=\"https:\/\/zecovalve.com\/wp-content\/uploads\/2022\/07\/Dual-Plate-Check-Valve-1-300x225.jpg\" alt=\"V\u00e1lvula de retenci\u00f3n de doble placa\" width=\"300\" height=\"225\" srcset=\"https:\/\/zecovalve.com\/wp-content\/uploads\/2022\/07\/Dual-Plate-Check-Valve-1-300x225.jpg 300w, https:\/\/zecovalve.com\/wp-content\/uploads\/2022\/07\/Dual-Plate-Check-Valve-1-768x576.jpg 768w, https:\/\/zecovalve.com\/wp-content\/uploads\/2022\/07\/Dual-Plate-Check-Valve-1-600x450.jpg 600w, https:\/\/zecovalve.com\/wp-content\/uploads\/2022\/07\/Dual-Plate-Check-Valve-1.jpg 800w\" sizes=\"auto, (max-width: 300px) 100vw, 300px\" \/><\/p>\n<p>Formadas por 2 discos unidos al cuerpo de la v\u00e1lvula por un pasador y accionados por la acci\u00f3n de muelles, que inician inmediatamente el cierre de la v\u00e1lvula, cuando el fluido se detiene, las v\u00e1lvulas de retenci\u00f3n de doble plato se utilizan para evitar el reflujo y tambi\u00e9n funcionan como prevenci\u00f3n del golpe de ariete.<br \/>\nLas v\u00e1lvulas antirretorno de doble plato se fabrican con una amplia gama de materiales, como hierro fundido, aceros inoxidables especiales, ect. Pueden ser de asiento blando o de construcci\u00f3n de asiento met\u00e1lico y tambi\u00e9n tienen la capacidad de ajustar el par del muelle de acuerdo con la aplicaci\u00f3n, lo que hace que sea un producto adecuado para fines generales y especiales.<\/p>\n<h2>Caracter\u00edsticas de la v\u00e1lvula de retenci\u00f3n de doble placa:<\/h2>\n<ol>\n<li>Dise\u00f1o patentado sin retenedor - Sellado de alta integridad, facilita el desmontaje r\u00e1pido in situ;<\/li>\n<li>Dos asientos independientes: estanqueidad constante incluso en caso de caudal irregular;<\/li>\n<li>El perfil elevado del asiento blando mejora la estanqueidad;<\/li>\n<li>Forro moldeado integralmente;<\/li>\n<li>El pasador de tope impide que los discos entren en contacto entre s\u00ed y, por tanto, evita que se da\u00f1en. El pasador de tope tambi\u00e9n evita el fallo del muelle, ya que garantiza que los discos no se desplacen m\u00e1s all\u00e1 de la posici\u00f3n de apertura total;<\/li>\n<li>Para tama\u00f1os de 6\" y superiores, se proporciona la opci\u00f3n de c\u00e1ncamo de elevaci\u00f3n;<\/li>\n<li>Conexiones de desag\u00fce a petici\u00f3n<\/li>\n<\/ol>\n<h2>Material de la v\u00e1lvula de retenci\u00f3n de doble placa:<\/h2>\n<table>\n<tbody>\n<tr class=\"firstRow\">\n<td valign=\"center\">No<\/td>\n<td valign=\"center\">Pieza<\/td>\n<td valign=\"center\">Material<\/td>\n<\/tr>\n<tr>\n<td valign=\"center\">1<\/td>\n<td valign=\"center\">Cuerpo<\/td>\n<td valign=\"center\">ASTM A216 WCB<\/td>\n<\/tr>\n<tr>\n<td valign=\"center\">2<\/td>\n<td valign=\"center\">Anillo de asiento<\/td>\n<td valign=\"center\">13Cr<\/td>\n<\/tr>\n<tr>\n<td valign=\"center\">3<\/td>\n<td valign=\"center\">Disco<\/td>\n<td valign=\"center\">ASTM A216 WCB<\/td>\n<\/tr>\n<tr>\n<td valign=\"center\">4<\/td>\n<td valign=\"center\">Primavera<\/td>\n<td valign=\"center\">InconelX 750<\/td>\n<\/tr>\n<tr>\n<td valign=\"center\">5<\/td>\n<td valign=\"center\">Pin<\/td>\n<td valign=\"center\">ASTM A182 F6a<\/td>\n<\/tr>\n<\/tbody>\n<\/table>","protected":false},"excerpt":{"rendered":"<p>Consta de 2 discos unidos al cuerpo de la v\u00e1lvula mediante un pasador y accionados por la acci\u00f3n de resortes, que inmediatamente arrancan... <a title=\"V\u00e1lvula de retenci\u00f3n de doble placa\" class=\"read-more\" href=\"https:\/\/zecovalve.com\/es\/producto\/dual-plate-check-valve\" aria-label=\"M\u00e1s en V\u00e1lvula de retenci\u00f3n de doble plato\">Leer m\u00e1s<\/a><\/p>","protected":false},"featured_media":27920,"comment_status":"closed","ping_status":"closed","template":"","meta":{"_generate-full-width-content":"","kt_blocks_editor_width":""},"product_cat":[2455,2442],"product_tag":[2657,2661,2725],"class_list":["post-18002","product","type-product","status-publish","has-post-thumbnail","hentry","product_cat-check-valve","product_cat-wafer-check-valve","product_tag-non-return-valve","product_tag-nrv-valve","product_tag-wafer-check-valve","sales-flash-overlay","woocommerce-text-align-center","woocommerce-image-align-center","do-quantity-buttons"],"featured_image_src_large":["https:\/\/zecovalve.com\/wp-content\/uploads\/2022\/07\/Dual-Plate-Check-Valve-1.jpg",800,600,false],"author_info":[],"comment_info":0,"taxonomy_info":{"product_cat":[{"value":2455,"label":"Check Valve"},{"value":2442,"label":"Wafer Check Valve"}],"product_tag":[{"value":2657,"label":"Non Return Valve"},{"value":2661,"label":"NRV Valve"},{"value":2725,"label":"Wafer Check Valve"}]},"yoast_head":"<!-- This site is optimized with the Yoast SEO Premium plugin v15.4 - https:\/\/yoast.com\/wordpress\/plugins\/seo\/ -->\n<title>Dual Plate Check Valve - ZECO Valve<\/title>\n<meta name=\"robots\" content=\"index, follow, max-snippet:-1, max-image-preview:large, max-video-preview:-1\" \/>\n<link rel=\"canonical\" href=\"https:\/\/zecovalve.com\/es\/producto\/dual-plate-check-valve\" \/>\n<meta property=\"og:locale\" content=\"es_ES\" \/>\n<meta property=\"og:type\" content=\"article\" \/>\n<meta property=\"og:title\" content=\"Dual Plate Check Valve - ZECO Valve\" \/>\n<meta property=\"og:description\" content=\"Consisting of 2 discs attached to the valve body by a pin and operated by the action of springs, which immediately start ... Leer m\u00e1s\" \/>\n<meta property=\"og:url\" content=\"https:\/\/zecovalve.com\/es\/producto\/dual-plate-check-valve\" \/>\n<meta property=\"og:site_name\" content=\"ZECO Valve\" \/>\n<meta property=\"article:modified_time\" content=\"2023-06-16T13:52:24+00:00\" \/>\n<meta property=\"og:image\" content=\"https:\/\/zecovalve.com\/wp-content\/uploads\/2022\/07\/Dual-Plate-Check-Valve-1.jpg\" \/>\n\t<meta property=\"og:image:width\" content=\"800\" \/>\n\t<meta property=\"og:image:height\" content=\"600\" \/>\n<meta name=\"twitter:card\" content=\"summary_large_image\" \/>\n<meta name=\"twitter:label1\" content=\"Escrito por\">\n\t<meta name=\"twitter:data1\" content=\"Jerry\">\n\t<meta name=\"twitter:label2\" content=\"Tiempo de lectura\">\n\t<meta name=\"twitter:data2\" content=\"1 minuto\">\n<script type=\"application\/ld+json\" class=\"yoast-schema-graph\">{\"@context\":\"https:\/\/schema.org\",\"@graph\":[{\"@type\":\"WebSite\",\"@id\":\"https:\/\/zecovalve.com\/#website\",\"url\":\"https:\/\/zecovalve.com\/\",\"name\":\"ZECO Valve\",\"description\":\"Industrial Ball Valve, Gate Valve and Globe Valve Manufacturer\",\"potentialAction\":[{\"@type\":\"SearchAction\",\"target\":\"https:\/\/zecovalve.com\/?s={search_term_string}\",\"query-input\":\"required name=search_term_string\"}],\"inLanguage\":\"es\"},{\"@type\":\"ImageObject\",\"@id\":\"https:\/\/zecovalve.com\/product\/dual-plate-check-valve#primaryimage\",\"inLanguage\":\"es\",\"url\":\"https:\/\/zecovalve.com\/wp-content\/uploads\/2022\/07\/Dual-Plate-Check-Valve-1.jpg\",\"width\":800,\"height\":600,\"caption\":\"Dual Plate Check Valve\"},{\"@type\":\"WebPage\",\"@id\":\"https:\/\/zecovalve.com\/product\/dual-plate-check-valve#webpage\",\"url\":\"https:\/\/zecovalve.com\/product\/dual-plate-check-valve\",\"name\":\"Dual Plate Check Valve - ZECO Valve\",\"isPartOf\":{\"@id\":\"https:\/\/zecovalve.com\/#website\"},\"primaryImageOfPage\":{\"@id\":\"https:\/\/zecovalve.com\/product\/dual-plate-check-valve#primaryimage\"},\"datePublished\":\"2022-07-03T08:08:53+00:00\",\"dateModified\":\"2023-06-16T13:52:24+00:00\",\"breadcrumb\":{\"@id\":\"https:\/\/zecovalve.com\/product\/dual-plate-check-valve#breadcrumb\"},\"inLanguage\":\"es\",\"potentialAction\":[{\"@type\":\"ReadAction\",\"target\":[\"https:\/\/zecovalve.com\/product\/dual-plate-check-valve\"]}]},{\"@type\":\"BreadcrumbList\",\"@id\":\"https:\/\/zecovalve.com\/product\/dual-plate-check-valve#breadcrumb\",\"itemListElement\":[{\"@type\":\"ListItem\",\"position\":1,\"item\":{\"@type\":\"WebPage\",\"@id\":\"https:\/\/zecovalve.com\/\",\"url\":\"https:\/\/zecovalve.com\/\",\"name\":\"Home\"}},{\"@type\":\"ListItem\",\"position\":2,\"item\":{\"@type\":\"WebPage\",\"@id\":\"https:\/\/zecovalve.com\/product-category\",\"url\":\"https:\/\/zecovalve.com\/product-category\",\"name\":\"Industrial Valve Manufacturer | Water Valve Manufacturer\"}},{\"@type\":\"ListItem\",\"position\":3,\"item\":{\"@type\":\"WebPage\",\"@id\":\"https:\/\/zecovalve.com\/product\/dual-plate-check-valve\",\"url\":\"https:\/\/zecovalve.com\/product\/dual-plate-check-valve\",\"name\":\"Dual Plate Check Valve\"}}]}]}<\/script>\n<!-- \/ Yoast SEO Premium plugin. -->","_links":{"self":[{"href":"https:\/\/zecovalve.com\/es\/wp-json\/wp\/v2\/product\/18002","targetHints":{"allow":["GET"]}}],"collection":[{"href":"https:\/\/zecovalve.com\/es\/wp-json\/wp\/v2\/product"}],"about":[{"href":"https:\/\/zecovalve.com\/es\/wp-json\/wp\/v2\/types\/product"}],"replies":[{"embeddable":true,"href":"https:\/\/zecovalve.com\/es\/wp-json\/wp\/v2\/comments?post=18002"}],"wp:featuredmedia":[{"embeddable":true,"href":"https:\/\/zecovalve.com\/es\/wp-json\/wp\/v2\/media\/27920"}],"wp:attachment":[{"href":"https:\/\/zecovalve.com\/es\/wp-json\/wp\/v2\/media?parent=18002"}],"wp:term":[{"taxonomy":"product_cat","embeddable":true,"href":"https:\/\/zecovalve.com\/es\/wp-json\/wp\/v2\/product_cat?post=18002"},{"taxonomy":"product_tag","embeddable":true,"href":"https:\/\/zecovalve.com\/es\/wp-json\/wp\/v2\/product_tag?post=18002"}],"curies":[{"name":"wp","href":"https:\/\/api.w.org\/{rel}","templated":true}]}}