{"id":18004,"date":"2022-07-03T08:33:32","date_gmt":"2022-07-03T08:33:32","guid":{"rendered":"https:\/\/zecovalve.com\/?post_type=product&#038;p=18004"},"modified":"2023-08-17T05:33:04","modified_gmt":"2023-08-17T05:33:04","slug":"wafer-type-check-valve","status":"publish","type":"product","link":"https:\/\/zecovalve.com\/es\/producto\/wafer-type-check-valve","title":{"rendered":"V\u00e1lvula de retenci\u00f3n tipo wafer"},"content":{"rendered":"<h1 class=\"sep-title\"><\/h1>\n<p><img loading=\"lazy\" decoding=\"async\" class=\"wp-image-27928 size-medium\" src=\"https:\/\/zecovalve.com\/wp-content\/uploads\/2022\/07\/Wafer-Type-Check-Valve-1-300x225.jpg\" alt=\"V\u00e1lvula de retenci\u00f3n tipo wafer\" width=\"300\" height=\"225\" srcset=\"https:\/\/zecovalve.com\/wp-content\/uploads\/2022\/07\/Wafer-Type-Check-Valve-1-300x225.jpg 300w, https:\/\/zecovalve.com\/wp-content\/uploads\/2022\/07\/Wafer-Type-Check-Valve-1-768x576.jpg 768w, https:\/\/zecovalve.com\/wp-content\/uploads\/2022\/07\/Wafer-Type-Check-Valve-1-600x450.jpg 600w, https:\/\/zecovalve.com\/wp-content\/uploads\/2022\/07\/Wafer-Type-Check-Valve-1.jpg 800w\" sizes=\"auto, (max-width: 300px) 100vw, 300px\" \/><\/p>\n<h1 class=\"sep-title\"><a style=\"font-size: 17px;\" href=\"https:\/\/zecovalve.com\/es\/contact\/\"><strong>OBTENER PRECIO DE V\u00c1LVULA<\/strong><\/a><\/h1>\n<div class=\"richtext\">\n<h2>Descripci\u00f3n de la v\u00e1lvula de retenci\u00f3n tipo wafer:<\/h2>\n<p>Las v\u00e1lvulas de retenci\u00f3n Wafer deben su nombre a su tama\u00f1o compacto. El peque\u00f1o tama\u00f1o de la v\u00e1lvula permite colocarla entre un juego de bridas. Las bridas son materiales dise\u00f1ados para conectar tuber\u00edas, v\u00e1lvulas y diversos equipos de tuber\u00edas con el fin de crear un sistema de tuber\u00edas. Ayudan a proporcionar un acceso r\u00e1pido en caso de que sea necesario limpiar o realizar otro tipo de mantenimiento.<\/p>\n<h2>Caracter\u00edsticas de la v\u00e1lvula de retenci\u00f3n tipo wafer:<\/h2>\n<ol>\n<li>El recorrido del disco es corto con menos fuerza de impacto causada por el cierre de la v\u00e1lvula;<\/li>\n<li>El disco se cierra r\u00e1pidamente con menos presi\u00f3n de golpe de ariete. La presi\u00f3n del golpe de ariete es s\u00f3lo de 1\/2 a 1\/5 veces la de la v\u00e1lvula de retenci\u00f3n basculante tipo brida y la de la v\u00e1lvula de retenci\u00f3n elevadora tipo brida;<\/li>\n<li>Baja resistencia al flujo;<\/li>\n<li>Instalaci\u00f3n horizontal y vertical disponible;<\/li>\n<li>Diferencial de presi\u00f3n de apertura (rotura) muy bajo;<\/li>\n<li>M\u00e1s fiable debido a las menores fuerzas de impacto, y menos golpes de ariete.<\/li>\n<\/ol>\n<h2>Material de la v\u00e1lvula de retenci\u00f3n tipo oblea:<\/h2>\n<table>\n<tbody>\n<tr class=\"firstRow\">\n<td valign=\"center\">No<\/td>\n<td valign=\"center\">Pieza<\/td>\n<td valign=\"center\">Material<\/td>\n<\/tr>\n<tr>\n<td valign=\"center\">1<\/td>\n<td valign=\"center\">Cuerpo<\/td>\n<td valign=\"center\">ASTM A351 CF8<\/td>\n<\/tr>\n<tr>\n<td valign=\"center\">2<\/td>\n<td valign=\"center\">Anillo de asiento<\/td>\n<td valign=\"center\">ASTM A182 F304<\/td>\n<\/tr>\n<tr>\n<td valign=\"center\">3<\/td>\n<td valign=\"center\">Disco<\/td>\n<td valign=\"center\">ASTM A351 CF8<\/td>\n<\/tr>\n<tr>\n<td valign=\"center\">4<\/td>\n<td valign=\"center\">Primavera<\/td>\n<td valign=\"center\">InconelX 750<\/td>\n<\/tr>\n<tr>\n<td valign=\"center\">5<\/td>\n<td valign=\"center\">Pin<\/td>\n<td valign=\"center\">ASTM A182 F304<\/td>\n<\/tr>\n<\/tbody>\n<\/table>\n<\/div>\n<h2><\/h2>","protected":false},"excerpt":{"rendered":"<p>OBTENER PRECIO DE V\u00c1LVULA Descripci\u00f3n de la v\u00e1lvula de retenci\u00f3n tipo wafer: Las v\u00e1lvulas de retenci\u00f3n tipo wafer reciben su nombre por su tama\u00f1o compacto. El peque\u00f1o tama\u00f1o de\u2026 <a title=\"V\u00e1lvula de retenci\u00f3n tipo wafer\" class=\"read-more\" href=\"https:\/\/zecovalve.com\/es\/producto\/wafer-type-check-valve\" aria-label=\"M\u00e1s en V\u00e1lvula de retenci\u00f3n tipo wafer\">Leer m\u00e1s<\/a><\/p>","protected":false},"featured_media":27928,"comment_status":"closed","ping_status":"closed","template":"","meta":{"_generate-full-width-content":"","kt_blocks_editor_width":""},"product_cat":[2455,2442],"product_tag":[2657,2661,2725],"class_list":["post-18004","product","type-product","status-publish","has-post-thumbnail","hentry","product_cat-check-valve","product_cat-wafer-check-valve","product_tag-non-return-valve","product_tag-nrv-valve","product_tag-wafer-check-valve","sales-flash-overlay","woocommerce-text-align-center","woocommerce-image-align-center","do-quantity-buttons"],"featured_image_src_large":["https:\/\/zecovalve.com\/wp-content\/uploads\/2022\/07\/Wafer-Type-Check-Valve-1.jpg",800,600,false],"author_info":[],"comment_info":0,"taxonomy_info":{"product_cat":[{"value":2455,"label":"Check Valve"},{"value":2442,"label":"Wafer Check Valve"}],"product_tag":[{"value":2657,"label":"Non Return Valve"},{"value":2661,"label":"NRV Valve"},{"value":2725,"label":"Wafer Check Valve"}]},"yoast_head":"<!-- This site is optimized with the Yoast SEO Premium plugin v15.4 - https:\/\/yoast.com\/wordpress\/plugins\/seo\/ -->\n<title>Wafer Type Check Valve - ZECO Valve<\/title>\n<meta name=\"robots\" content=\"index, follow, max-snippet:-1, max-image-preview:large, max-video-preview:-1\" \/>\n<link rel=\"canonical\" href=\"https:\/\/zecovalve.com\/es\/producto\/wafer-type-check-valve\" \/>\n<meta property=\"og:locale\" content=\"es_ES\" \/>\n<meta property=\"og:type\" content=\"article\" \/>\n<meta property=\"og:title\" content=\"Wafer Type Check Valve - ZECO Valve\" \/>\n<meta property=\"og:description\" content=\"GET VALVE PRICE Description of Wafer Type Check Valve: Wafer check valves are named for their compact size. The small size of ... Leer m\u00e1s\" \/>\n<meta property=\"og:url\" content=\"https:\/\/zecovalve.com\/es\/producto\/wafer-type-check-valve\" \/>\n<meta property=\"og:site_name\" content=\"ZECO Valve\" \/>\n<meta property=\"article:modified_time\" content=\"2023-08-17T05:33:04+00:00\" \/>\n<meta property=\"og:image\" content=\"https:\/\/zecovalve.com\/wp-content\/uploads\/2022\/07\/Wafer-Type-Check-Valve-1.jpg\" \/>\n\t<meta property=\"og:image:width\" content=\"800\" \/>\n\t<meta property=\"og:image:height\" content=\"600\" \/>\n<meta name=\"twitter:card\" content=\"summary_large_image\" \/>\n<meta name=\"twitter:label1\" content=\"Escrito por\">\n\t<meta name=\"twitter:data1\" content=\"Jerry\">\n\t<meta name=\"twitter:label2\" content=\"Tiempo de lectura\">\n\t<meta name=\"twitter:data2\" content=\"1 minuto\">\n<script type=\"application\/ld+json\" class=\"yoast-schema-graph\">{\"@context\":\"https:\/\/schema.org\",\"@graph\":[{\"@type\":\"WebSite\",\"@id\":\"https:\/\/zecovalve.com\/#website\",\"url\":\"https:\/\/zecovalve.com\/\",\"name\":\"ZECO Valve\",\"description\":\"Industrial Ball Valve, Gate Valve and Globe Valve Manufacturer\",\"potentialAction\":[{\"@type\":\"SearchAction\",\"target\":\"https:\/\/zecovalve.com\/?s={search_term_string}\",\"query-input\":\"required name=search_term_string\"}],\"inLanguage\":\"es\"},{\"@type\":\"ImageObject\",\"@id\":\"https:\/\/zecovalve.com\/product\/wafer-type-check-valve#primaryimage\",\"inLanguage\":\"es\",\"url\":\"https:\/\/zecovalve.com\/wp-content\/uploads\/2022\/07\/Wafer-Type-Check-Valve-1.jpg\",\"width\":800,\"height\":600,\"caption\":\"Wafer Type Check Valve\"},{\"@type\":\"WebPage\",\"@id\":\"https:\/\/zecovalve.com\/product\/wafer-type-check-valve#webpage\",\"url\":\"https:\/\/zecovalve.com\/product\/wafer-type-check-valve\",\"name\":\"Wafer Type Check Valve - ZECO Valve\",\"isPartOf\":{\"@id\":\"https:\/\/zecovalve.com\/#website\"},\"primaryImageOfPage\":{\"@id\":\"https:\/\/zecovalve.com\/product\/wafer-type-check-valve#primaryimage\"},\"datePublished\":\"2022-07-03T08:33:32+00:00\",\"dateModified\":\"2023-08-17T05:33:04+00:00\",\"breadcrumb\":{\"@id\":\"https:\/\/zecovalve.com\/product\/wafer-type-check-valve#breadcrumb\"},\"inLanguage\":\"es\",\"potentialAction\":[{\"@type\":\"ReadAction\",\"target\":[\"https:\/\/zecovalve.com\/product\/wafer-type-check-valve\"]}]},{\"@type\":\"BreadcrumbList\",\"@id\":\"https:\/\/zecovalve.com\/product\/wafer-type-check-valve#breadcrumb\",\"itemListElement\":[{\"@type\":\"ListItem\",\"position\":1,\"item\":{\"@type\":\"WebPage\",\"@id\":\"https:\/\/zecovalve.com\/\",\"url\":\"https:\/\/zecovalve.com\/\",\"name\":\"Home\"}},{\"@type\":\"ListItem\",\"position\":2,\"item\":{\"@type\":\"WebPage\",\"@id\":\"https:\/\/zecovalve.com\/product-category\",\"url\":\"https:\/\/zecovalve.com\/product-category\",\"name\":\"Industrial Valve Manufacturer | Water Valve Manufacturer\"}},{\"@type\":\"ListItem\",\"position\":3,\"item\":{\"@type\":\"WebPage\",\"@id\":\"https:\/\/zecovalve.com\/product\/wafer-type-check-valve\",\"url\":\"https:\/\/zecovalve.com\/product\/wafer-type-check-valve\",\"name\":\"Wafer Type Check Valve\"}}]}]}<\/script>\n<!-- \/ Yoast SEO Premium plugin. -->","_links":{"self":[{"href":"https:\/\/zecovalve.com\/es\/wp-json\/wp\/v2\/product\/18004","targetHints":{"allow":["GET"]}}],"collection":[{"href":"https:\/\/zecovalve.com\/es\/wp-json\/wp\/v2\/product"}],"about":[{"href":"https:\/\/zecovalve.com\/es\/wp-json\/wp\/v2\/types\/product"}],"replies":[{"embeddable":true,"href":"https:\/\/zecovalve.com\/es\/wp-json\/wp\/v2\/comments?post=18004"}],"wp:featuredmedia":[{"embeddable":true,"href":"https:\/\/zecovalve.com\/es\/wp-json\/wp\/v2\/media\/27928"}],"wp:attachment":[{"href":"https:\/\/zecovalve.com\/es\/wp-json\/wp\/v2\/media?parent=18004"}],"wp:term":[{"taxonomy":"product_cat","embeddable":true,"href":"https:\/\/zecovalve.com\/es\/wp-json\/wp\/v2\/product_cat?post=18004"},{"taxonomy":"product_tag","embeddable":true,"href":"https:\/\/zecovalve.com\/es\/wp-json\/wp\/v2\/product_tag?post=18004"}],"curies":[{"name":"wp","href":"https:\/\/api.w.org\/{rel}","templated":true}]}}