{"id":18006,"date":"2022-07-03T08:46:55","date_gmt":"2022-07-03T08:46:55","guid":{"rendered":"https:\/\/zecovalve.com\/?post_type=product&#038;p=18006"},"modified":"2023-06-17T02:28:07","modified_gmt":"2023-06-17T02:28:07","slug":"duo-check-valve","status":"publish","type":"product","link":"https:\/\/zecovalve.com\/es\/producto\/duo-check-valve","title":{"rendered":"V\u00e1lvula antirretorno Duo"},"content":{"rendered":"<h2><\/h2>\n<p><img loading=\"lazy\" decoding=\"async\" class=\"wp-image-27929 size-medium\" src=\"https:\/\/zecovalve.com\/wp-content\/uploads\/2022\/07\/Duo-Check-Valve-300x225.jpg\" alt=\"V\u00e1lvula antirretorno Duo\" width=\"300\" height=\"225\" srcset=\"https:\/\/zecovalve.com\/wp-content\/uploads\/2022\/07\/Duo-Check-Valve-300x225.jpg 300w, https:\/\/zecovalve.com\/wp-content\/uploads\/2022\/07\/Duo-Check-Valve-768x576.jpg 768w, https:\/\/zecovalve.com\/wp-content\/uploads\/2022\/07\/Duo-Check-Valve-600x450.jpg 600w, https:\/\/zecovalve.com\/wp-content\/uploads\/2022\/07\/Duo-Check-Valve.jpg 800w\" sizes=\"auto, (max-width: 300px) 100vw, 300px\" \/><\/p>\n<div class=\"sep-box-detail clearfix\">\n<div class=\"box-lf\">\n<div class=\"thumb\"><\/div>\n<div class=\"info\"><a href=\"https:\/\/zecovalve.com\/es\/contact\/\"><i class=\"fa fa-commenting-o\" aria-hidden=\"true\"><\/i>\u00a0OBTENER PRECIO DE V\u00c1LVULA<\/a><\/div>\n<\/div>\n<div class=\"box-rt\">\n<div class=\"gg\">\n<div class=\"swiper-container swiper-container-initialized swiper-container-vertical\">\n<div class=\"swiper-wrapper\"><\/div>\n<\/div>\n<\/div>\n<\/div>\n<\/div>\n<div class=\"richtext\">\n<h2>Descripci\u00f3n de la v\u00e1lvula de retenci\u00f3n Duo:<\/h2>\n<p>Dise\u00f1os de doble placa compactos y ligeros para un asiento y un funcionamiento eficientes y un menor coste de instalaci\u00f3n. Resortes independientes con patas largas para evitar el rozamiento del asiento y proporcionar un rendimiento antigolpe. Dise\u00f1o de v\u00e1lvula sin retenedor y sin penetraci\u00f3n en el cuerpo para aplicaciones de servicio cr\u00edtico.<\/p>\n<h2>Caracter\u00edsticas de la v\u00e1lvula de retenci\u00f3n Duo:<\/h2>\n<ol>\n<li>Dise\u00f1os de doble placa compactos y ligeros para un asiento y un funcionamiento eficientes y un menor coste de instalaci\u00f3n;<\/li>\n<li>Muelles independientes con patas largas para evitar que el asiento se restriegue y proporcionar un rendimiento antideslizante;<\/li>\n<li>Dise\u00f1o de v\u00e1lvula sin retenedor y sin penetraci\u00f3n en el cuerpo para aplicaciones de servicio cr\u00edtico.<\/li>\n<\/ol>\n<h2>Material de la v\u00e1lvula de retenci\u00f3n Duo:<\/h2>\n<table>\n<tbody>\n<tr class=\"firstRow\">\n<td valign=\"center\">No<\/td>\n<td valign=\"center\">Pieza<\/td>\n<td valign=\"center\">Material<\/td>\n<\/tr>\n<tr>\n<td valign=\"center\">1<\/td>\n<td valign=\"center\">Cuerpo<\/td>\n<td valign=\"center\">ASTM A351 CF8<\/td>\n<\/tr>\n<tr>\n<td valign=\"center\">2<\/td>\n<td valign=\"center\">Anillo de asiento<\/td>\n<td valign=\"center\">SS304<\/td>\n<\/tr>\n<tr>\n<td valign=\"center\">3<\/td>\n<td valign=\"center\">Disco<\/td>\n<td valign=\"center\">ASTM A351 CF8<\/td>\n<\/tr>\n<tr>\n<td valign=\"center\">4<\/td>\n<td valign=\"center\">Primavera<\/td>\n<td valign=\"center\">Inconel X 750<\/td>\n<\/tr>\n<tr>\n<td valign=\"center\">5<\/td>\n<td valign=\"center\">Pin<\/td>\n<td valign=\"center\">ASTM A182 F304<\/td>\n<\/tr>\n<\/tbody>\n<\/table>\n<\/div>","protected":false},"excerpt":{"rendered":"<p>\u00a0OBTENER PRECIO DE V\u00c1LVULA Descripci\u00f3n de la v\u00e1lvula de retenci\u00f3n Duo: dise\u00f1os de placa doble que son compactos y livianos para un asiento, operaci\u00f3n e instalaci\u00f3n m\u00e1s bajos eficientes... <a title=\"V\u00e1lvula antirretorno Duo\" class=\"read-more\" href=\"https:\/\/zecovalve.com\/es\/producto\/duo-check-valve\" aria-label=\"M\u00e1s en V\u00e1lvula antirretorno Duo\">Leer m\u00e1s<\/a><\/p>","protected":false},"featured_media":27929,"comment_status":"closed","ping_status":"closed","template":"","meta":{"_generate-full-width-content":"","kt_blocks_editor_width":""},"product_cat":[2455,2442],"product_tag":[2657,2661,2725],"class_list":["post-18006","product","type-product","status-publish","has-post-thumbnail","hentry","product_cat-check-valve","product_cat-wafer-check-valve","product_tag-non-return-valve","product_tag-nrv-valve","product_tag-wafer-check-valve","sales-flash-overlay","woocommerce-text-align-center","woocommerce-image-align-center","do-quantity-buttons"],"featured_image_src_large":["https:\/\/zecovalve.com\/wp-content\/uploads\/2022\/07\/Duo-Check-Valve.jpg",800,600,false],"author_info":[],"comment_info":0,"taxonomy_info":{"product_cat":[{"value":2455,"label":"Check Valve"},{"value":2442,"label":"Wafer Check Valve"}],"product_tag":[{"value":2657,"label":"Non Return Valve"},{"value":2661,"label":"NRV Valve"},{"value":2725,"label":"Wafer Check Valve"}]},"yoast_head":"<!-- This site is optimized with the Yoast SEO Premium plugin v15.4 - https:\/\/yoast.com\/wordpress\/plugins\/seo\/ -->\n<title>Duo Check Valve - ZECO Valve<\/title>\n<meta name=\"robots\" content=\"index, follow, max-snippet:-1, max-image-preview:large, max-video-preview:-1\" \/>\n<link rel=\"canonical\" href=\"https:\/\/zecovalve.com\/es\/producto\/duo-check-valve\" \/>\n<meta property=\"og:locale\" content=\"es_ES\" \/>\n<meta property=\"og:type\" content=\"article\" \/>\n<meta property=\"og:title\" content=\"Duo Check Valve - ZECO Valve\" \/>\n<meta property=\"og:description\" content=\"\u00a0GET VALVE PRICE Description of Duo Check Valve: Dual-plate designs that are compact and lightweight for efficient seating, operation and lower installation ... Leer m\u00e1s\" \/>\n<meta property=\"og:url\" content=\"https:\/\/zecovalve.com\/es\/producto\/duo-check-valve\" \/>\n<meta property=\"og:site_name\" content=\"ZECO Valve\" \/>\n<meta property=\"article:modified_time\" content=\"2023-06-17T02:28:07+00:00\" \/>\n<meta property=\"og:image\" content=\"https:\/\/zecovalve.com\/wp-content\/uploads\/2022\/07\/Duo-Check-Valve.jpg\" \/>\n\t<meta property=\"og:image:width\" content=\"800\" \/>\n\t<meta property=\"og:image:height\" content=\"600\" \/>\n<meta name=\"twitter:card\" content=\"summary_large_image\" \/>\n<meta name=\"twitter:label1\" content=\"Escrito por\">\n\t<meta name=\"twitter:data1\" content=\"Jerry\">\n\t<meta name=\"twitter:label2\" content=\"Tiempo de lectura\">\n\t<meta name=\"twitter:data2\" content=\"0 minutos\">\n<script type=\"application\/ld+json\" class=\"yoast-schema-graph\">{\"@context\":\"https:\/\/schema.org\",\"@graph\":[{\"@type\":\"WebSite\",\"@id\":\"https:\/\/zecovalve.com\/#website\",\"url\":\"https:\/\/zecovalve.com\/\",\"name\":\"ZECO Valve\",\"description\":\"Industrial Ball Valve, Gate Valve and Globe Valve Manufacturer\",\"potentialAction\":[{\"@type\":\"SearchAction\",\"target\":\"https:\/\/zecovalve.com\/?s={search_term_string}\",\"query-input\":\"required name=search_term_string\"}],\"inLanguage\":\"es\"},{\"@type\":\"ImageObject\",\"@id\":\"https:\/\/zecovalve.com\/product\/duo-check-valve#primaryimage\",\"inLanguage\":\"es\",\"url\":\"https:\/\/zecovalve.com\/wp-content\/uploads\/2022\/07\/Duo-Check-Valve.jpg\",\"width\":800,\"height\":600,\"caption\":\"Duo Check Valve\"},{\"@type\":\"WebPage\",\"@id\":\"https:\/\/zecovalve.com\/product\/duo-check-valve#webpage\",\"url\":\"https:\/\/zecovalve.com\/product\/duo-check-valve\",\"name\":\"Duo Check Valve - ZECO Valve\",\"isPartOf\":{\"@id\":\"https:\/\/zecovalve.com\/#website\"},\"primaryImageOfPage\":{\"@id\":\"https:\/\/zecovalve.com\/product\/duo-check-valve#primaryimage\"},\"datePublished\":\"2022-07-03T08:46:55+00:00\",\"dateModified\":\"2023-06-17T02:28:07+00:00\",\"breadcrumb\":{\"@id\":\"https:\/\/zecovalve.com\/product\/duo-check-valve#breadcrumb\"},\"inLanguage\":\"es\",\"potentialAction\":[{\"@type\":\"ReadAction\",\"target\":[\"https:\/\/zecovalve.com\/product\/duo-check-valve\"]}]},{\"@type\":\"BreadcrumbList\",\"@id\":\"https:\/\/zecovalve.com\/product\/duo-check-valve#breadcrumb\",\"itemListElement\":[{\"@type\":\"ListItem\",\"position\":1,\"item\":{\"@type\":\"WebPage\",\"@id\":\"https:\/\/zecovalve.com\/\",\"url\":\"https:\/\/zecovalve.com\/\",\"name\":\"Home\"}},{\"@type\":\"ListItem\",\"position\":2,\"item\":{\"@type\":\"WebPage\",\"@id\":\"https:\/\/zecovalve.com\/product-category\",\"url\":\"https:\/\/zecovalve.com\/product-category\",\"name\":\"Industrial Valve Manufacturer | Water Valve Manufacturer\"}},{\"@type\":\"ListItem\",\"position\":3,\"item\":{\"@type\":\"WebPage\",\"@id\":\"https:\/\/zecovalve.com\/product\/duo-check-valve\",\"url\":\"https:\/\/zecovalve.com\/product\/duo-check-valve\",\"name\":\"Duo Check Valve\"}}]}]}<\/script>\n<!-- \/ Yoast SEO Premium plugin. -->","_links":{"self":[{"href":"https:\/\/zecovalve.com\/es\/wp-json\/wp\/v2\/product\/18006","targetHints":{"allow":["GET"]}}],"collection":[{"href":"https:\/\/zecovalve.com\/es\/wp-json\/wp\/v2\/product"}],"about":[{"href":"https:\/\/zecovalve.com\/es\/wp-json\/wp\/v2\/types\/product"}],"replies":[{"embeddable":true,"href":"https:\/\/zecovalve.com\/es\/wp-json\/wp\/v2\/comments?post=18006"}],"wp:featuredmedia":[{"embeddable":true,"href":"https:\/\/zecovalve.com\/es\/wp-json\/wp\/v2\/media\/27929"}],"wp:attachment":[{"href":"https:\/\/zecovalve.com\/es\/wp-json\/wp\/v2\/media?parent=18006"}],"wp:term":[{"taxonomy":"product_cat","embeddable":true,"href":"https:\/\/zecovalve.com\/es\/wp-json\/wp\/v2\/product_cat?post=18006"},{"taxonomy":"product_tag","embeddable":true,"href":"https:\/\/zecovalve.com\/es\/wp-json\/wp\/v2\/product_tag?post=18006"}],"curies":[{"name":"wp","href":"https:\/\/api.w.org\/{rel}","templated":true}]}}