{"id":18082,"date":"2022-07-06T08:43:40","date_gmt":"2022-07-06T08:43:40","guid":{"rendered":"https:\/\/zecovalve.com\/?post_type=product&#038;p=18082"},"modified":"2023-06-26T06:46:40","modified_gmt":"2023-06-26T06:46:40","slug":"air-vent-valve","status":"publish","type":"product","link":"https:\/\/zecovalve.com\/es\/producto\/air-vent-valve","title":{"rendered":"V\u00e1lvula de purga de aire"},"content":{"rendered":"<p>ZECO Valve es un fabricante profesional de V\u00e1lvula de purga de aire<\/p>\r\n\r\n\r\n\r\n<figure id=\"attachment_16152\" class=\"wp-block-image size-full is-resized\"><img loading=\"lazy\" decoding=\"async\" class=\"wp-image-18081\" src=\"https:\/\/zecovalve.com\/wp-content\/uploads\/2022\/07\/Air-Vent-Valve-1.jpg\" alt=\"\" width=\"217\" height=\"198\" srcset=\"https:\/\/zecovalve.com\/wp-content\/uploads\/2022\/07\/Air-Vent-Valve-1.jpg 866w, https:\/\/zecovalve.com\/wp-content\/uploads\/2022\/07\/Air-Vent-Valve-1-300x274.jpg 300w, https:\/\/zecovalve.com\/wp-content\/uploads\/2022\/07\/Air-Vent-Valve-1-768x701.jpg 768w, https:\/\/zecovalve.com\/wp-content\/uploads\/2022\/07\/Air-Vent-Valve-1-600x548.jpg 600w\" sizes=\"auto, (max-width: 217px) 100vw, 217px\" \/><\/figure>\r\n\r\n\r\n<div class=\"gb-button-wrapper gb-button-wrapper-6d8495a3\">\r\n\r\n\r\n<p><a class=\"gb-button gb-button-3d442e11 gb-button-text\" href=\"https:\/\/zecovalve.com\/es\/contact\/\" target=\"_blank\" rel=\"noopener noreferrer\"><strong>OBTENER PRECIO DE V\u00c1LVULA<\/strong><\/a><\/p>\r\n<\/div>\r\n\r\n\r\n\r\n\r\n<h2 class=\"wp-block-heading\" id=\"h-what-is-an-air-vent-valve\">\u00bfQu\u00e9 es una v\u00e1lvula de purga de aire?<\/h2>\r\n\r\n\r\n\r\n<p>Una v\u00e1lvula de purga de aire es un dispositivo de seguridad que descarga aire en las tuber\u00edas de suministro de agua para evitar problemas relacionados con el aire en los sistemas de tuber\u00edas de agua.<\/p>\r\n\r\n\r\n\r\n<h2 class=\"wp-block-heading\">\u00bfC\u00f3mo funciona una v\u00e1lvula de purga de aire?<\/h2>\r\n\r\n\r\n\r\n<p>Cuando se bombea l\u00edquido a trav\u00e9s del sistema en el arranque, el aire inicial dentro de la tuber\u00eda es empujado hacia el purgador de aire por la presi\u00f3n del flujo. El flotador permanece en la parte inferior del purgador de aire, lo que permite que la v\u00e1lvula permanezca abierta y descargue aire continuamente.<\/p>\r\n\r\n\r\n\r\n<p>Tras la purga de aire inicial, el l\u00edquido fluye hacia el respiradero. El flotador sube con el l\u00edquido ascendente y cierra la v\u00e1lvula.<\/p>\r\n\r\n\r\n\r\n<p>Si entra aire en el purgador mientras est\u00e1 cerrado, el nivel de l\u00edquido desciende y el flotador baja, permitiendo que la v\u00e1lvula se abra y descargue aire de nuevo.<\/p>\r\n\r\n\r\n\r\n<h2 class=\"wp-block-heading\">\u00bfPara qu\u00e9 sirven las v\u00e1lvulas de purga de aire?<\/h2>\r\n\r\n\r\n\r\n<ul class=\"wp-block-list\">\r\n<li>Para proteger los materiales y sistemas de tuber\u00edas de la corrosi\u00f3n debida al aire (ox\u00edgeno).<\/li>\r\n<li>Para evitar salpicaduras de agua en el grifo debido a la existencia de aire.<\/li>\r\n<li>Para evitar el ruido provocado por la entrada de aire en sistemas de suministro de agua fr\u00eda\/caliente, sistemas de aire acondicionado y otros sistemas.<\/li>\r\n<li>Para la puesta en marcha sin problemas y el funcionamiento estable del suministro de agua y otros sistemas\/dispositivos mediante la descarga de aire en el momento de la conducci\u00f3n inicial del agua.<\/li>\r\n<\/ul>\r\n\r\n\r\n\r\n<h2 class=\"wp-block-heading\">Aplicaciones de la v\u00e1lvula de purga de aire<\/h2>\r\n\r\n\r\n\r\n<ul class=\"wp-block-list\">\r\n<li>Sistema de suministro de agua fr\u00eda y caliente<\/li>\r\n<li>Caldera de agua caliente<\/li>\r\n<li>Sistema solar de agua caliente<\/li>\r\n<li>Otros dispositivos diversos<\/li>\r\n<li>Sistema de aire acondicionado<\/li>\r\n<li>Calentador de agua<\/li>\r\n<li>Dep\u00f3sito a presi\u00f3n<\/li>\r\n<\/ul>\r\n\r\n\r\n\r\n<h2 class=\"wp-block-heading\" id=\"h-features-of-air-vent-valves\">Caracter\u00edsticas de las v\u00e1lvulas de purga de aire:<\/h2>\r\n\r\n\r\n\r\n<ul class=\"wp-block-list\">\r\n<li>Alta calidad: El mecanismo de escape es muy fiable y est\u00e1 fundido con componentes de alta precisi\u00f3n<\/li>\r\n<li>Buena caracter\u00edstica: Esta v\u00e1lvula cuenta con alta resistencia a la temperatura, protecci\u00f3n contra la oxidaci\u00f3n, sellado fiable.<\/li>\r\n<li>Dise\u00f1o exquisito: La bandeja de separaci\u00f3n de vapor y agua est\u00e1 dise\u00f1ada con una estructura especial para asegurar que el agua no se descargar\u00e1 durante el escape. Mientras el sistema tenga presi\u00f3n, la v\u00e1lvula de escape seguir\u00e1 ventilando.<\/li>\r\n<li>Conveniente: Es conveniente para desmontar y mantenimiento, mientras que el agua en el sistema no fluir\u00e1 hacia fuera, as\u00ed que no hay necesidad de vaciar el sistema.<\/li>\r\n<li>La bandeja de separaci\u00f3n de vapor y agua est\u00e1 dise\u00f1ada con una estructura especial para garantizar que el agua no se descargue durante el escape.<\/li>\r\n<\/ul>\r\n\r\n\r\n\r\n<h2 class=\"wp-block-heading\" id=\"h-material-of-air-vent-valves\">Material de las v\u00e1lvulas de ventilaci\u00f3n:<\/h2>\r\n\r\n\r\n\r\n<figure class=\"wp-block-table\">\r\n<table>\r\n<tbody>\r\n<tr>\r\n<td>No<\/td>\r\n<td>Pieza<\/td>\r\n<td>Material<\/td>\r\n<\/tr>\r\n<tr>\r\n<td>1<\/td>\r\n<td>Cuerpo<\/td>\r\n<td>Lat\u00f3n CW 617N<\/td>\r\n<\/tr>\r\n<tr>\r\n<td>2<\/td>\r\n<td>Cap\u00f3<\/td>\r\n<td>Lat\u00f3n CW 617N<\/td>\r\n<\/tr>\r\n<tr>\r\n<td>3<\/td>\r\n<td>Flotador<\/td>\r\n<td>Polietileno<\/td>\r\n<\/tr>\r\n<tr>\r\n<td>4<\/td>\r\n<td>Gorra<\/td>\r\n<td>Polietileno<\/td>\r\n<\/tr>\r\n<tr>\r\n<td>5<\/td>\r\n<td>Lavadora<\/td>\r\n<td>Lat\u00f3n<\/td>\r\n<\/tr>\r\n<tr>\r\n<td>6<\/td>\r\n<td>Empalme<\/td>\r\n<td>Resina acet\u00e1lica<\/td>\r\n<\/tr>\r\n<tr>\r\n<td>7<\/td>\r\n<td>Palanca<\/td>\r\n<td>Resina acet\u00e1lica<\/td>\r\n<\/tr>\r\n<tr>\r\n<td>8<\/td>\r\n<td>Stop<\/td>\r\n<td>Resina acet\u00e1lica<\/td>\r\n<\/tr>\r\n<\/tbody>\r\n<\/table>\r\n<\/figure>","protected":false},"excerpt":{"rendered":"<p>ZECO Valve es un fabricante profesional de v\u00e1lvulas de ventilaci\u00f3n de aire. \u00bfQu\u00e9 es una v\u00e1lvula de ventilaci\u00f3n de aire? Una v\u00e1lvula de ventilaci\u00f3n es una seguridad ... <a title=\"V\u00e1lvula de purga de aire\" class=\"read-more\" href=\"https:\/\/zecovalve.com\/es\/producto\/air-vent-valve\" aria-label=\"M\u00e1s en V\u00e1lvula de purga de aire\">Leer m\u00e1s<\/a><\/p>","protected":false},"featured_media":27971,"comment_status":"closed","ping_status":"closed","template":"","meta":{"_generate-full-width-content":"","kt_blocks_editor_width":""},"product_cat":[2520],"product_tag":[2796,2654,2765],"class_list":["post-18082","product","type-product","status-publish","has-post-thumbnail","hentry","product_cat-air-valve","product_tag-air-vent-valve","product_tag-hvac-valve","product_tag-vent-valve","sales-flash-overlay","woocommerce-text-align-center","woocommerce-image-align-center","do-quantity-buttons"],"featured_image_src_large":["https:\/\/zecovalve.com\/wp-content\/uploads\/2022\/07\/Air-Vent-Valve-2.jpg",800,600,false],"author_info":[],"comment_info":0,"taxonomy_info":{"product_cat":[{"value":2520,"label":"Air Valve Manufacturer and Supplier"}],"product_tag":[{"value":2796,"label":"Air Vent Valve"},{"value":2654,"label":"HVAC Valve"},{"value":2765,"label":"Vent Valve"}]},"yoast_head":"<!-- This site is optimized with the Yoast SEO Premium plugin v15.4 - https:\/\/yoast.com\/wordpress\/plugins\/seo\/ -->\n<title>Air Vent Valve - Vent Valve Manufacturer | ZECO Valve<\/title>\n<meta name=\"robots\" content=\"index, follow, max-snippet:-1, max-image-preview:large, max-video-preview:-1\" \/>\n<link rel=\"canonical\" href=\"https:\/\/zecovalve.com\/es\/producto\/air-vent-valve\" \/>\n<meta property=\"og:locale\" content=\"es_ES\" \/>\n<meta property=\"og:type\" content=\"article\" \/>\n<meta property=\"og:title\" content=\"Air Vent Valve - Vent Valve Manufacturer | ZECO Valve\" \/>\n<meta property=\"og:description\" content=\"ZECO Valve is an professional Air Vent Valve manufacturer What is an Air Vent Valve? An air vent valve is a safety ... Leer m\u00e1s\" \/>\n<meta property=\"og:url\" content=\"https:\/\/zecovalve.com\/es\/producto\/air-vent-valve\" \/>\n<meta property=\"og:site_name\" content=\"ZECO Valve\" \/>\n<meta property=\"article:modified_time\" content=\"2023-06-26T06:46:40+00:00\" \/>\n<meta property=\"og:image\" content=\"https:\/\/zecovalve.com\/wp-content\/uploads\/2022\/07\/Air-Vent-Valve-2.jpg\" \/>\n\t<meta property=\"og:image:width\" content=\"800\" \/>\n\t<meta property=\"og:image:height\" content=\"600\" \/>\n<meta name=\"twitter:card\" content=\"summary_large_image\" \/>\n<meta name=\"twitter:label1\" content=\"Escrito por\">\n\t<meta name=\"twitter:data1\" content=\"Jerry\">\n\t<meta name=\"twitter:label2\" content=\"Tiempo de lectura\">\n\t<meta name=\"twitter:data2\" content=\"2 minutos\">\n<script type=\"application\/ld+json\" class=\"yoast-schema-graph\">{\"@context\":\"https:\/\/schema.org\",\"@graph\":[{\"@type\":\"WebSite\",\"@id\":\"https:\/\/zecovalve.com\/#website\",\"url\":\"https:\/\/zecovalve.com\/\",\"name\":\"ZECO Valve\",\"description\":\"Industrial Ball Valve, Gate Valve and Globe Valve Manufacturer\",\"potentialAction\":[{\"@type\":\"SearchAction\",\"target\":\"https:\/\/zecovalve.com\/?s={search_term_string}\",\"query-input\":\"required name=search_term_string\"}],\"inLanguage\":\"es\"},{\"@type\":\"ImageObject\",\"@id\":\"https:\/\/zecovalve.com\/product\/air-vent-valve#primaryimage\",\"inLanguage\":\"es\",\"url\":\"https:\/\/zecovalve.com\/wp-content\/uploads\/2022\/07\/Air-Vent-Valve-2.jpg\",\"width\":800,\"height\":600,\"caption\":\"Air Vent Valve\"},{\"@type\":\"WebPage\",\"@id\":\"https:\/\/zecovalve.com\/product\/air-vent-valve#webpage\",\"url\":\"https:\/\/zecovalve.com\/product\/air-vent-valve\",\"name\":\"Air Vent Valve - Vent Valve Manufacturer | ZECO Valve\",\"isPartOf\":{\"@id\":\"https:\/\/zecovalve.com\/#website\"},\"primaryImageOfPage\":{\"@id\":\"https:\/\/zecovalve.com\/product\/air-vent-valve#primaryimage\"},\"datePublished\":\"2022-07-06T08:43:40+00:00\",\"dateModified\":\"2023-06-26T06:46:40+00:00\",\"breadcrumb\":{\"@id\":\"https:\/\/zecovalve.com\/product\/air-vent-valve#breadcrumb\"},\"inLanguage\":\"es\",\"potentialAction\":[{\"@type\":\"ReadAction\",\"target\":[\"https:\/\/zecovalve.com\/product\/air-vent-valve\"]}]},{\"@type\":\"BreadcrumbList\",\"@id\":\"https:\/\/zecovalve.com\/product\/air-vent-valve#breadcrumb\",\"itemListElement\":[{\"@type\":\"ListItem\",\"position\":1,\"item\":{\"@type\":\"WebPage\",\"@id\":\"https:\/\/zecovalve.com\/\",\"url\":\"https:\/\/zecovalve.com\/\",\"name\":\"Home\"}},{\"@type\":\"ListItem\",\"position\":2,\"item\":{\"@type\":\"WebPage\",\"@id\":\"https:\/\/zecovalve.com\/product-category\",\"url\":\"https:\/\/zecovalve.com\/product-category\",\"name\":\"Industrial Valve Manufacturer | Water Valve Manufacturer\"}},{\"@type\":\"ListItem\",\"position\":3,\"item\":{\"@type\":\"WebPage\",\"@id\":\"https:\/\/zecovalve.com\/product\/air-vent-valve\",\"url\":\"https:\/\/zecovalve.com\/product\/air-vent-valve\",\"name\":\"Air Vent Valve\"}}]}]}<\/script>\n<!-- \/ Yoast SEO Premium plugin. -->","_links":{"self":[{"href":"https:\/\/zecovalve.com\/es\/wp-json\/wp\/v2\/product\/18082","targetHints":{"allow":["GET"]}}],"collection":[{"href":"https:\/\/zecovalve.com\/es\/wp-json\/wp\/v2\/product"}],"about":[{"href":"https:\/\/zecovalve.com\/es\/wp-json\/wp\/v2\/types\/product"}],"replies":[{"embeddable":true,"href":"https:\/\/zecovalve.com\/es\/wp-json\/wp\/v2\/comments?post=18082"}],"wp:featuredmedia":[{"embeddable":true,"href":"https:\/\/zecovalve.com\/es\/wp-json\/wp\/v2\/media\/27971"}],"wp:attachment":[{"href":"https:\/\/zecovalve.com\/es\/wp-json\/wp\/v2\/media?parent=18082"}],"wp:term":[{"taxonomy":"product_cat","embeddable":true,"href":"https:\/\/zecovalve.com\/es\/wp-json\/wp\/v2\/product_cat?post=18082"},{"taxonomy":"product_tag","embeddable":true,"href":"https:\/\/zecovalve.com\/es\/wp-json\/wp\/v2\/product_tag?post=18082"}],"curies":[{"name":"wp","href":"https:\/\/api.w.org\/{rel}","templated":true}]}}