{"id":19481,"date":"2022-07-09T14:47:01","date_gmt":"2022-07-09T14:47:01","guid":{"rendered":"https:\/\/zecovalve.com\/?post_type=product&#038;p=19481"},"modified":"2022-07-14T06:31:38","modified_gmt":"2022-07-14T06:31:38","slug":"brass-ball-valve","status":"publish","type":"product","link":"https:\/\/zecovalve.com\/es\/producto\/brass-ball-valve","title":{"rendered":"V\u00e1lvula de bola de lat\u00f3n de 3\/4 \u2033"},"content":{"rendered":"<p>La v\u00e1lvula de bola de lat\u00f3n de 3\/4 \u2033 con rosca (interna-externa) utiliza una bola de metal con un orificio perforado en el centro, intercalada entre dos asientos para controlar el flujo.<\/p>\r\n\r\n\r\n\r\n<figure class=\"wp-block-image size-full is-resized\"><img loading=\"lazy\" decoding=\"async\" class=\"wp-image-19482\" src=\"https:\/\/zecovalve.com\/wp-content\/uploads\/2022\/07\/Globe-Valve-Check-Valve.jpg\" alt=\"\" width=\"400\" height=\"300\" srcset=\"https:\/\/zecovalve.com\/wp-content\/uploads\/2022\/07\/Globe-Valve-Check-Valve.jpg 800w, https:\/\/zecovalve.com\/wp-content\/uploads\/2022\/07\/Globe-Valve-Check-Valve-300x225.jpg 300w, https:\/\/zecovalve.com\/wp-content\/uploads\/2022\/07\/Globe-Valve-Check-Valve-768x576.jpg 768w, https:\/\/zecovalve.com\/wp-content\/uploads\/2022\/07\/Globe-Valve-Check-Valve-600x450.jpg 600w\" sizes=\"auto, (max-width: 400px) 100vw, 400px\" \/><\/figure>\r\n\r\n\r\n<div class=\"gb-button-wrapper gb-button-wrapper-6d8495a3\">\r\n\r\n\r\n<p><a class=\"gb-button gb-button-3d442e11 gb-button-text\" href=\"https:\/\/zecovalve.com\/es\/contact\/\" target=\"_blank\" rel=\"noopener noreferrer\"><strong>OBT\u00c9N PRECIO DE V\u00c1LVULA DE BOLA DE BRONCE DE 3\/4\u2033<\/strong><\/a><\/p>\r\n<\/div>\r\n\r\n\r\n\r\n\r\n<h2 class=\"wp-block-heading\" id=\"h-what-is-a-brass-ball-valve\">\u00bfQu\u00e9 es una v\u00e1lvula de bola de lat\u00f3n de 3\/4 \u2033?<\/h2>\r\n\r\n\r\n\r\n<p>La v\u00e1lvula de bola de lat\u00f3n ZECO es perfecta cuando se busca una opci\u00f3n de control de flujo y est\u00e1 dise\u00f1ada para funcionar en sistemas comerciales y residenciales est\u00e1ndar que utilizan agua, petr\u00f3leo, gas o vapor. Dise\u00f1ado para permitir un caudal m\u00e1ximo con un puerto completo y f\u00e1cil operaci\u00f3n con la palanca. Esta v\u00e1lvula ser\u00e1 una soluci\u00f3n duradera para sus necesidades de control de flujo.<\/p>\r\n\r\n\r\n\r\n<h2 class=\"wp-block-heading\">Aplicaciones de las v\u00e1lvulas de bola de lat\u00f3n de 3\/4 \u2033<\/h2>\r\n\r\n\r\n\r\n<p>La v\u00e1lvula de bola de lat\u00f3n se puede utilizar en plomer\u00eda residencial, comercial, pozos de agua y muchas otras aplicaciones. Las v\u00e1lvulas de bola son capaces de estrangular gases y vapores y son especialmente \u00fatiles para situaciones de bajo flujo.<\/p>\r\n\r\n\r\n\r\n<h2 class=\"wp-block-heading\">Caracter\u00edsticas de las v\u00e1lvulas de bola de lat\u00f3n de 3\/4 \u2033:<\/h2>\r\n\r\n\r\n\r\n<ul class=\"wp-block-list\">\r\n<li>Extremos hembra atornillados seg\u00fan IS 554 \/ BS 21 \/ ISO 7.<\/li>\r\n<li>Dise\u00f1o de dos piezas de paso total.<\/li>\r\n<li>Cuarto de vuelta, accionado por palanca.<\/li>\r\n<li>Provisto de bola cromada dura de lat\u00f3n forjado.<\/li>\r\n<li>Anillos del cuerpo y prensaestopas de tefl\u00f3n rellenos de vidrio, asientos de PTFE.<\/li>\r\n<li>Aspecto visual asombroso.<\/li>\r\n<li>Acabado cromado.<\/li>\r\n<\/ul>\r\n\r\n\r\n\r\n<h2 class=\"wp-block-heading\">Material de las v\u00e1lvulas de bola de lat\u00f3n de 3\/4 \u2033:<\/h2>\r\n\r\n\r\n\r\n<figure class=\"wp-block-table is-style-stripes\">\r\n<table>\r\n<tbody>\r\n<tr>\r\n<td>No<\/td>\r\n<td>Pieza<\/td>\r\n<td>Material<\/td>\r\n<\/tr>\r\n<tr>\r\n<td>1<\/td>\r\n<td>Cuerpo<\/td>\r\n<td>Lat\u00f3n<\/td>\r\n<\/tr>\r\n<tr>\r\n<td>2<\/td>\r\n<td>Tapa final<\/td>\r\n<td>Lat\u00f3n<\/td>\r\n<\/tr>\r\n<tr>\r\n<td>3<\/td>\r\n<td>Bola<\/td>\r\n<td>Aleaci\u00f3n de cobre, cromada<\/td>\r\n<\/tr>\r\n<tr>\r\n<td>4<\/td>\r\n<td>Asiento<\/td>\r\n<td>PTFE<\/td>\r\n<\/tr>\r\n<tr>\r\n<td>5<\/td>\r\n<td>V\u00e1stago<\/td>\r\n<td>Aleaci\u00f3n de cobre<\/td>\r\n<\/tr>\r\n<tr>\r\n<td>6<\/td>\r\n<td>Lavadora de empuje<\/td>\r\n<td>PTFE<\/td>\r\n<\/tr>\r\n<tr>\r\n<td>7<\/td>\r\n<td>Embalaje<\/td>\r\n<td>PTFE<\/td>\r\n<\/tr>\r\n<tr>\r\n<td>8<\/td>\r\n<td>Gl\u00e1ndula<\/td>\r\n<td>Aleaci\u00f3n de cobre<\/td>\r\n<\/tr>\r\n<tr>\r\n<td>9<\/td>\r\n<td>Mango<\/td>\r\n<td>Chapado en acero al carbono.<\/td>\r\n<\/tr>\r\n<tr>\r\n<td>10<\/td>\r\n<td>Tuerca<\/td>\r\n<td>Chapado en acero al carbono.<\/td>\r\n<\/tr>\r\n<\/tbody>\r\n<\/table>\r\n<\/figure>","protected":false},"excerpt":{"rendered":"<p>La v\u00e1lvula de bola de lat\u00f3n de 3\/4 \u2033 con rosca (interna-externa) utiliza una bola de metal con un orificio perforado en el centro, intercalada entre dos asientos... <a title=\"V\u00e1lvula de bola de lat\u00f3n de 3\/4 \u2033\" class=\"read-more\" href=\"https:\/\/zecovalve.com\/es\/producto\/brass-ball-valve\" aria-label=\"M\u00e1s en V\u00e1lvula de bola de lat\u00f3n de 3\/4\u2033\">Leer m\u00e1s<\/a><\/p>","protected":false},"featured_media":19482,"comment_status":"closed","ping_status":"closed","template":"","meta":{"_generate-full-width-content":"","kt_blocks_editor_width":""},"product_cat":[2047,2461],"product_tag":[2656,2802,2833],"class_list":["post-19481","product","type-product","status-publish","has-post-thumbnail","hentry","product_cat-ball-valve","product_cat-ball-valve-by-material","product_tag-3-4-ball-valve","product_tag-ball-valve-price","product_tag-brass-ball-valve","sales-flash-overlay","woocommerce-text-align-center","woocommerce-image-align-center","do-quantity-buttons"],"featured_image_src_large":["https:\/\/zecovalve.com\/wp-content\/uploads\/2022\/07\/Globe-Valve-Check-Valve.jpg",800,600,false],"author_info":[],"comment_info":0,"taxonomy_info":{"product_cat":[{"value":2047,"label":"Ball Valve"},{"value":2461,"label":"Ball Valve By Material"}],"product_tag":[{"value":2656,"label":"3 4 ball valve"},{"value":2802,"label":"Ball Valve Price"},{"value":2833,"label":"Brass Ball Valve"}]},"yoast_head":"<!-- This site is optimized with the Yoast SEO Premium plugin v15.4 - https:\/\/yoast.com\/wordpress\/plugins\/seo\/ -->\n<title>3\/4&quot; Brass Ball Valve - Competitive Ball Valve Price | ZECO Valve<\/title>\n<meta name=\"robots\" content=\"index, follow, max-snippet:-1, max-image-preview:large, max-video-preview:-1\" \/>\n<link rel=\"canonical\" href=\"https:\/\/zecovalve.com\/es\/producto\/brass-ball-valve\" \/>\n<meta property=\"og:locale\" content=\"es_ES\" \/>\n<meta property=\"og:type\" content=\"article\" \/>\n<meta property=\"og:title\" content=\"3\/4&quot; Brass Ball Valve - Competitive Ball Valve Price | ZECO Valve\" \/>\n<meta property=\"og:description\" content=\"3\/4&#8243; Brass ball valve with (internal-external) threading uses a metal ball with a hole bored through the center, sandwiched between two seats ... Leer m\u00e1s\" \/>\n<meta property=\"og:url\" content=\"https:\/\/zecovalve.com\/es\/producto\/brass-ball-valve\" \/>\n<meta property=\"og:site_name\" content=\"ZECO Valve\" \/>\n<meta property=\"article:modified_time\" content=\"2022-07-14T06:31:38+00:00\" \/>\n<meta property=\"og:image\" content=\"https:\/\/zecovalve.com\/wp-content\/uploads\/2022\/07\/Globe-Valve-Check-Valve.jpg\" \/>\n\t<meta property=\"og:image:width\" content=\"800\" \/>\n\t<meta property=\"og:image:height\" content=\"600\" \/>\n<meta name=\"twitter:card\" content=\"summary_large_image\" \/>\n<meta name=\"twitter:label1\" content=\"Escrito por\">\n\t<meta name=\"twitter:data1\" content=\"Jerry\">\n\t<meta name=\"twitter:label2\" content=\"Tiempo de lectura\">\n\t<meta name=\"twitter:data2\" content=\"1 minuto\">\n<script type=\"application\/ld+json\" class=\"yoast-schema-graph\">{\"@context\":\"https:\/\/schema.org\",\"@graph\":[{\"@type\":\"WebSite\",\"@id\":\"https:\/\/zecovalve.com\/#website\",\"url\":\"https:\/\/zecovalve.com\/\",\"name\":\"ZECO Valve\",\"description\":\"Industrial Ball Valve, Gate Valve and Globe Valve Manufacturer\",\"potentialAction\":[{\"@type\":\"SearchAction\",\"target\":\"https:\/\/zecovalve.com\/?s={search_term_string}\",\"query-input\":\"required name=search_term_string\"}],\"inLanguage\":\"es\"},{\"@type\":\"ImageObject\",\"@id\":\"https:\/\/zecovalve.com\/product\/brass-ball-valve#primaryimage\",\"inLanguage\":\"es\",\"url\":\"https:\/\/zecovalve.com\/wp-content\/uploads\/2022\/07\/Globe-Valve-Check-Valve.jpg\",\"width\":800,\"height\":600,\"caption\":\"Brass Ball Valve\"},{\"@type\":\"WebPage\",\"@id\":\"https:\/\/zecovalve.com\/product\/brass-ball-valve#webpage\",\"url\":\"https:\/\/zecovalve.com\/product\/brass-ball-valve\",\"name\":\"3\/4\\\" Brass Ball Valve - Competitive Ball Valve Price | ZECO Valve\",\"isPartOf\":{\"@id\":\"https:\/\/zecovalve.com\/#website\"},\"primaryImageOfPage\":{\"@id\":\"https:\/\/zecovalve.com\/product\/brass-ball-valve#primaryimage\"},\"datePublished\":\"2022-07-09T14:47:01+00:00\",\"dateModified\":\"2022-07-14T06:31:38+00:00\",\"breadcrumb\":{\"@id\":\"https:\/\/zecovalve.com\/product\/brass-ball-valve#breadcrumb\"},\"inLanguage\":\"es\",\"potentialAction\":[{\"@type\":\"ReadAction\",\"target\":[\"https:\/\/zecovalve.com\/product\/brass-ball-valve\"]}]},{\"@type\":\"BreadcrumbList\",\"@id\":\"https:\/\/zecovalve.com\/product\/brass-ball-valve#breadcrumb\",\"itemListElement\":[{\"@type\":\"ListItem\",\"position\":1,\"item\":{\"@type\":\"WebPage\",\"@id\":\"https:\/\/zecovalve.com\/\",\"url\":\"https:\/\/zecovalve.com\/\",\"name\":\"Home\"}},{\"@type\":\"ListItem\",\"position\":2,\"item\":{\"@type\":\"WebPage\",\"@id\":\"https:\/\/zecovalve.com\/product-category\",\"url\":\"https:\/\/zecovalve.com\/product-category\",\"name\":\"Industrial Valve Manufacturer | Water Valve Manufacturer\"}},{\"@type\":\"ListItem\",\"position\":3,\"item\":{\"@type\":\"WebPage\",\"@id\":\"https:\/\/zecovalve.com\/product\/brass-ball-valve\",\"url\":\"https:\/\/zecovalve.com\/product\/brass-ball-valve\",\"name\":\"3\/4&#8243; Brass Ball Valve\"}}]}]}<\/script>\n<!-- \/ Yoast SEO Premium plugin. -->","_links":{"self":[{"href":"https:\/\/zecovalve.com\/es\/wp-json\/wp\/v2\/product\/19481","targetHints":{"allow":["GET"]}}],"collection":[{"href":"https:\/\/zecovalve.com\/es\/wp-json\/wp\/v2\/product"}],"about":[{"href":"https:\/\/zecovalve.com\/es\/wp-json\/wp\/v2\/types\/product"}],"replies":[{"embeddable":true,"href":"https:\/\/zecovalve.com\/es\/wp-json\/wp\/v2\/comments?post=19481"}],"wp:featuredmedia":[{"embeddable":true,"href":"https:\/\/zecovalve.com\/es\/wp-json\/wp\/v2\/media\/19482"}],"wp:attachment":[{"href":"https:\/\/zecovalve.com\/es\/wp-json\/wp\/v2\/media?parent=19481"}],"wp:term":[{"taxonomy":"product_cat","embeddable":true,"href":"https:\/\/zecovalve.com\/es\/wp-json\/wp\/v2\/product_cat?post=19481"},{"taxonomy":"product_tag","embeddable":true,"href":"https:\/\/zecovalve.com\/es\/wp-json\/wp\/v2\/product_tag?post=19481"}],"curies":[{"name":"wp","href":"https:\/\/api.w.org\/{rel}","templated":true}]}}