{"id":19486,"date":"2022-07-10T09:37:28","date_gmt":"2022-07-10T09:37:28","guid":{"rendered":"https:\/\/zecovalve.com\/?post_type=product&#038;p=19486"},"modified":"2022-09-22T06:28:53","modified_gmt":"2022-09-22T06:28:53","slug":"2-inch-ball-valve","status":"publish","type":"product","link":"https:\/\/zecovalve.com\/es\/producto\/2-inch-ball-valve","title":{"rendered":"V\u00e1lvula de bola de 2 pulgadas"},"content":{"rendered":"<p>Las v\u00e1lvulas de bola de 2 pulgadas son normalmente v\u00e1lvulas de bola flotantes seg\u00fan el est\u00e1ndar API 6D, API 608.<\/p>\r\n\r\n\r\n\r\n<figure class=\"wp-block-image size-full is-resized\">\r\n<p><img loading=\"lazy\" decoding=\"async\" class=\"size-medium wp-image-19557\" src=\"https:\/\/zecovalve.com\/wp-content\/uploads\/2022\/07\/2-Inch-Ball-Valve-1-300x225.jpg\" alt=\"V\u00e1lvula de bola de 2 pulgadas\" width=\"300\" height=\"225\" srcset=\"https:\/\/zecovalve.com\/wp-content\/uploads\/2022\/07\/2-Inch-Ball-Valve-1-300x225.jpg 300w, https:\/\/zecovalve.com\/wp-content\/uploads\/2022\/07\/2-Inch-Ball-Valve-1-1024x768.jpg 1024w, https:\/\/zecovalve.com\/wp-content\/uploads\/2022\/07\/2-Inch-Ball-Valve-1-768x576.jpg 768w, https:\/\/zecovalve.com\/wp-content\/uploads\/2022\/07\/2-Inch-Ball-Valve-1-1536x1152.jpg 1536w, https:\/\/zecovalve.com\/wp-content\/uploads\/2022\/07\/2-Inch-Ball-Valve-1-2048x1536.jpg 2048w, https:\/\/zecovalve.com\/wp-content\/uploads\/2022\/07\/2-Inch-Ball-Valve-1-600x450.jpg 600w\" sizes=\"auto, (max-width: 300px) 100vw, 300px\" \/><\/p>\r\n<\/figure>\r\n\r\n\r\n<div class=\"gb-button-wrapper gb-button-wrapper-6d8495a3\">\r\n\r\n\r\n<p><a class=\"gb-button gb-button-3d442e11 gb-button-text\" href=\"https:\/\/zecovalve.com\/es\/contact\/\" target=\"_blank\" rel=\"noopener noreferrer\"><strong>OBTENER PRECIO DE V\u00c1LVULA<\/strong><\/a><\/p>\r\n<\/div>\r\n\r\n\r\n\r\n\r\n<h2 class=\"wp-block-heading\" id=\"h-what-is-2-inch-ball-valve\">\u00bfQu\u00e9 es la v\u00e1lvula de bola de 2 pulgadas?<\/h2>\r\n\r\n\r\n\r\n<p>La v\u00e1lvula de bola ZECO de 2 pulgadas suele ser una v\u00e1lvula de bola flotante y est\u00e1 disponible en v\u00e1lvula de bola de lat\u00f3n, v\u00e1lvula de bola de acero fundido y v\u00e1lvula de bola de acero forjado.<\/p>\r\n\r\n\r\n\r\n<p>Una v\u00e1lvula de bola flotante de 2 pulgadas recibe su nombre de la esfera en forma de bola que \u201cflota\u201d libremente dentro del cuerpo de la v\u00e1lvula, que se comprime entre dos asientos flexibles mientras est\u00e1 suspendida en el l\u00edquido. Lo que normalmente hace una v\u00e1lvula de bola flotante durante su funcionamiento es flotar ligeramente aguas abajo, lo que hace que el mecanismo de asiento se comprima debajo de la bola. Si el asiento se desintegra, la bola flota hacia el v\u00e1stago de metal para sellarlo. Esto proporciona un mecanismo de seguridad dentro del dise\u00f1o.<\/p>\r\n\r\n\r\n\r\n<h2 class=\"wp-block-heading\" id=\"dimensions--weight-of-12-inch-ball-valve\">Dimensiones y peso de la v\u00e1lvula de bola de 2 pulgadas<\/h2>\r\n\r\n\r\n\r\n<table border=\"=1\" width=\"800\">\r\n<tbody>\r\n<tr>\r\n<td rowspan=\"2\">Presi\u00f3n nominal<\/td>\r\n<td>Taladro<\/td>\r\n<td colspan=\"3\">\u00a0Dimensi\u00f3n cara a cara (en mm)<\/td>\r\n<td>Peso<\/td>\r\n<\/tr>\r\n<tr>\r\n<td>(en mm)<\/td>\r\n<td>RF<\/td>\r\n<td>BW<\/td>\r\n<td>RTJ<\/td>\r\n<td>kg<\/td>\r\n<\/tr>\r\n<tr>\r\n<td>CLASE 150<\/td>\r\n<td>49<\/td>\r\n<td>178<\/td>\r\n<td>216<\/td>\r\n<td>191<\/td>\r\n<td>9<\/td>\r\n<\/tr>\r\n<tr>\r\n<td>CLASE 300<\/td>\r\n<td>49<\/td>\r\n<td>216<\/td>\r\n<td>216<\/td>\r\n<td>232<\/td>\r\n<td>9<\/td>\r\n<\/tr>\r\n<tr>\r\n<td>CLASE 600<\/td>\r\n<td>49<\/td>\r\n<td>292<\/td>\r\n<td>292<\/td>\r\n<td>295<\/td>\r\n<td>19<\/td>\r\n<\/tr>\r\n<tr>\r\n<td>CLASE 900<\/td>\r\n<td>49<\/td>\r\n<td>368<\/td>\r\n<td>368<\/td>\r\n<td>371<\/td>\r\n<td>40<\/td>\r\n<\/tr>\r\n<tr>\r\n<td>CLASE 1500<\/td>\r\n<td>49<\/td>\r\n<td>368<\/td>\r\n<td>368<\/td>\r\n<td>371<\/td>\r\n<td>60<\/td>\r\n<\/tr>\r\n<tr>\r\n<td>CLASE 2500<\/td>\r\n<td>42<\/td>\r\n<td>451<\/td>\r\n<td>451<\/td>\r\n<td>454<\/td>\r\n<td>85<\/td>\r\n<\/tr>\r\n<\/tbody>\r\n<\/table>\r\n\r\n\r\n\r\n<h2 class=\"wp-block-heading\" id=\"specification-of-6-gate-valve\">Especificaci\u00f3n de 2 v\u00e1lvulas de bola<\/h2>\r\n\r\n\r\n\r\n<figure class=\"wp-block-table\">\r\n<table>\r\n<tbody>\r\n<tr>\r\n<td>Confirma el dise\u00f1o<\/td>\r\n<td>API6D, API608<\/td>\r\n<\/tr>\r\n<tr>\r\n<td>El est\u00e1ndar final confirma<\/td>\r\n<td>ASME B16.5, EN 1092-1, ASME B1.20.1<\/td>\r\n<\/tr>\r\n<tr>\r\n<td>Comprobaci\u00f3n de estanqueidad<\/td>\r\n<td>API 598, ISO 5208, EN 12266-1<\/td>\r\n<\/tr>\r\n<tr>\r\n<td>Confirmaciones cara a cara<\/td>\r\n<td>API 6D, ASME B16.10, EN 558-1<\/td>\r\n<\/tr>\r\n<tr>\r\n<td>Presi\u00f3n normal<\/td>\r\n<td>Clase 150 ~ Clase 2500, PN10 ~ PN400<\/td>\r\n<\/tr>\r\n<tr>\r\n<td>Presi\u00f3n de prueba de la carcasa<\/td>\r\n<td>1,5 * Presi\u00f3n de dise\u00f1o<\/td>\r\n<\/tr>\r\n<tr>\r\n<td>Presi\u00f3n de prueba de estanqueidad<\/td>\r\n<td>1,1 * Presi\u00f3n de dise\u00f1o (agua)<\/td>\r\n<\/tr>\r\n<tr>\r\n<td>Presi\u00f3n de prueba de estanqueidad (baja presi\u00f3n)<\/td>\r\n<td>6 Bar (Aire)<\/td>\r\n<\/tr>\r\n<\/tbody>\r\n<\/table>\r\n<\/figure>\r\n\r\n\r\n\r\n<h2 class=\"wp-block-heading\" id=\"h-features-of-2-inch-ball-valve\">Caracter\u00edsticas de la v\u00e1lvula de bola de 2 pulgadas:<\/h2>\r\n\r\n\r\n\r\n<ul class=\"wp-block-list\">\r\n<li>Dise\u00f1o compacto.<\/li>\r\n<li>Rentabilidad.<\/li>\r\n<li>Personalizable.<\/li>\r\n<li>Poca resistencia al flujo.<\/li>\r\n<li>Funciones de sellado confiables.<\/li>\r\n<li>Construcci\u00f3n sin complicaciones.<\/li>\r\n<\/ul>\r\n\r\n\r\n\r\n<h2 class=\"wp-block-heading\" id=\"h-material-of-2-inch-ball-valve\">Material de la v\u00e1lvula de bola de 2 pulgadas:<\/h2>\r\n\r\n\r\n\r\n<figure class=\"wp-block-table\">\r\n<table>\r\n<tbody>\r\n<tr>\r\n<td>No<\/td>\r\n<td>Pieza<\/td>\r\n<td>Material<\/td>\r\n<\/tr>\r\n<tr>\r\n<td>1<\/td>\r\n<td>Cuerpo<\/td>\r\n<td>ASTM A105<\/td>\r\n<\/tr>\r\n<tr>\r\n<td>2<\/td>\r\n<td>Cap\u00f3<\/td>\r\n<td>ASTM A105<\/td>\r\n<\/tr>\r\n<tr>\r\n<td>3<\/td>\r\n<td>Bola<\/td>\r\n<td>ASTM A182 F316<\/td>\r\n<\/tr>\r\n<tr>\r\n<td>4<\/td>\r\n<td>Asiento<\/td>\r\n<td>ASTM A182 F316<\/td>\r\n<\/tr>\r\n<tr>\r\n<td>5<\/td>\r\n<td>V\u00e1stago<\/td>\r\n<td>ASTM A276 316<\/td>\r\n<\/tr>\r\n<tr>\r\n<td>6<\/td>\r\n<td>Dispositivo antiest\u00e1tico<\/td>\r\n<td>SS316<\/td>\r\n<\/tr>\r\n<tr>\r\n<td>7<\/td>\r\n<td>Junta<\/td>\r\n<td>Grafito + SS316<\/td>\r\n<\/tr>\r\n<tr>\r\n<td>8<\/td>\r\n<td>Perno<\/td>\r\n<td>ASTM A193 B7<\/td>\r\n<\/tr>\r\n<tr>\r\n<td>9<\/td>\r\n<td>Tuerca<\/td>\r\n<td>ASTM A194 2H<\/td>\r\n<\/tr>\r\n<tr>\r\n<td>10<\/td>\r\n<td>Junta t\u00f3rica<\/td>\r\n<td>Vit\u00f3n A<\/td>\r\n<\/tr>\r\n<tr>\r\n<td>11<\/td>\r\n<td>Rueda colgante<\/td>\r\n<td>ASTM A276 304<\/td>\r\n<\/tr>\r\n<\/tbody>\r\n<\/table>\r\n<\/figure>","protected":false},"excerpt":{"rendered":"<p>Las v\u00e1lvulas de bola de 2 pulgadas normalmente son v\u00e1lvulas de bola flotantes seg\u00fan el est\u00e1ndar API 6D, API 608. \u00bfQu\u00e9 es la v\u00e1lvula de bola de 2 pulgadas? \u2026 <a title=\"V\u00e1lvula de bola de 2 pulgadas\" class=\"read-more\" href=\"https:\/\/zecovalve.com\/es\/producto\/2-inch-ball-valve\" aria-label=\"M\u00e1s en V\u00e1lvula de bola de 2 pulgadas\">Leer m\u00e1s<\/a><\/p>","protected":false},"featured_media":19557,"comment_status":"closed","ping_status":"closed","template":"","meta":{"_generate-full-width-content":"","kt_blocks_editor_width":""},"product_cat":[2047,2462],"product_tag":[2804,3920,3913,3922,3921],"class_list":["post-19486","product","type-product","status-publish","has-post-thumbnail","hentry","product_cat-ball-valve","product_cat-ball-valve-by-size","product_tag-2-inch-ball-valve","product_tag-api-6d-ball-valve","product_tag-full-port-ball-valve","product_tag-metal-seat-ball-valve","product_tag-metal-seated-ball-valve","sales-flash-overlay","woocommerce-text-align-center","woocommerce-image-align-center","do-quantity-buttons"],"featured_image_src_large":["https:\/\/zecovalve.com\/wp-content\/uploads\/2022\/07\/2-Inch-Ball-Valve-1-1024x768.jpg",1024,768,true],"author_info":[],"comment_info":0,"taxonomy_info":{"product_cat":[{"value":2047,"label":"Ball Valve"},{"value":2462,"label":"Ball Valve By Size"}],"product_tag":[{"value":2804,"label":"2 inch Ball Valve"},{"value":3920,"label":"API 6D Ball Valve"},{"value":3913,"label":"Full Port Ball Valve"},{"value":3922,"label":"Metal Seat Ball Valve"},{"value":3921,"label":"Metal Seated Ball Valve"}]},"yoast_head":"<!-- This site is optimized with the Yoast SEO Premium plugin v15.4 - https:\/\/yoast.com\/wordpress\/plugins\/seo\/ -->\n<title>2 inch Ball Valve - 2 Ball Valve Manufacturer | ZECO Valve<\/title>\n<meta name=\"robots\" content=\"index, follow, max-snippet:-1, max-image-preview:large, max-video-preview:-1\" \/>\n<link rel=\"canonical\" href=\"https:\/\/zecovalve.com\/es\/producto\/2-inch-ball-valve\" \/>\n<meta property=\"og:locale\" content=\"es_ES\" \/>\n<meta property=\"og:type\" content=\"article\" \/>\n<meta property=\"og:title\" content=\"2 inch Ball Valve - 2 Ball Valve Manufacturer | ZECO Valve\" \/>\n<meta property=\"og:description\" content=\"2 inch Ball Valves are normally floating ball valves according to API 6D, API 608 standard What is 2 Inch Ball Valve? ... Leer m\u00e1s\" \/>\n<meta property=\"og:url\" content=\"https:\/\/zecovalve.com\/es\/producto\/2-inch-ball-valve\" \/>\n<meta property=\"og:site_name\" content=\"ZECO Valve\" \/>\n<meta property=\"article:modified_time\" content=\"2022-09-22T06:28:53+00:00\" \/>\n<meta property=\"og:image\" content=\"https:\/\/zecovalve.com\/wp-content\/uploads\/2022\/07\/2-Inch-Ball-Valve-1-scaled.jpg\" \/>\n\t<meta property=\"og:image:width\" content=\"2560\" \/>\n\t<meta property=\"og:image:height\" content=\"1920\" \/>\n<meta name=\"twitter:card\" content=\"summary_large_image\" \/>\n<meta name=\"twitter:label1\" content=\"Escrito por\">\n\t<meta name=\"twitter:data1\" content=\"Jerry\">\n\t<meta name=\"twitter:label2\" content=\"Tiempo de lectura\">\n\t<meta name=\"twitter:data2\" content=\"1 minuto\">\n<script type=\"application\/ld+json\" class=\"yoast-schema-graph\">{\"@context\":\"https:\/\/schema.org\",\"@graph\":[{\"@type\":\"WebSite\",\"@id\":\"https:\/\/zecovalve.com\/#website\",\"url\":\"https:\/\/zecovalve.com\/\",\"name\":\"ZECO Valve\",\"description\":\"Industrial Ball Valve, Gate Valve and Globe Valve Manufacturer\",\"potentialAction\":[{\"@type\":\"SearchAction\",\"target\":\"https:\/\/zecovalve.com\/?s={search_term_string}\",\"query-input\":\"required name=search_term_string\"}],\"inLanguage\":\"es\"},{\"@type\":\"ImageObject\",\"@id\":\"https:\/\/zecovalve.com\/product\/2-inch-ball-valve#primaryimage\",\"inLanguage\":\"es\",\"url\":\"https:\/\/zecovalve.com\/wp-content\/uploads\/2022\/07\/2-Inch-Ball-Valve-1-scaled.jpg\",\"width\":2560,\"height\":1920,\"caption\":\"2 Inch Ball Valve\"},{\"@type\":\"WebPage\",\"@id\":\"https:\/\/zecovalve.com\/product\/2-inch-ball-valve#webpage\",\"url\":\"https:\/\/zecovalve.com\/product\/2-inch-ball-valve\",\"name\":\"2 inch Ball Valve - 2 Ball Valve Manufacturer | ZECO Valve\",\"isPartOf\":{\"@id\":\"https:\/\/zecovalve.com\/#website\"},\"primaryImageOfPage\":{\"@id\":\"https:\/\/zecovalve.com\/product\/2-inch-ball-valve#primaryimage\"},\"datePublished\":\"2022-07-10T09:37:28+00:00\",\"dateModified\":\"2022-09-22T06:28:53+00:00\",\"breadcrumb\":{\"@id\":\"https:\/\/zecovalve.com\/product\/2-inch-ball-valve#breadcrumb\"},\"inLanguage\":\"es\",\"potentialAction\":[{\"@type\":\"ReadAction\",\"target\":[\"https:\/\/zecovalve.com\/product\/2-inch-ball-valve\"]}]},{\"@type\":\"BreadcrumbList\",\"@id\":\"https:\/\/zecovalve.com\/product\/2-inch-ball-valve#breadcrumb\",\"itemListElement\":[{\"@type\":\"ListItem\",\"position\":1,\"item\":{\"@type\":\"WebPage\",\"@id\":\"https:\/\/zecovalve.com\/\",\"url\":\"https:\/\/zecovalve.com\/\",\"name\":\"Home\"}},{\"@type\":\"ListItem\",\"position\":2,\"item\":{\"@type\":\"WebPage\",\"@id\":\"https:\/\/zecovalve.com\/product-category\",\"url\":\"https:\/\/zecovalve.com\/product-category\",\"name\":\"Industrial Valve Manufacturer | Water Valve Manufacturer\"}},{\"@type\":\"ListItem\",\"position\":3,\"item\":{\"@type\":\"WebPage\",\"@id\":\"https:\/\/zecovalve.com\/product\/2-inch-ball-valve\",\"url\":\"https:\/\/zecovalve.com\/product\/2-inch-ball-valve\",\"name\":\"2 inch Ball Valve\"}}]}]}<\/script>\n<!-- \/ Yoast SEO Premium plugin. -->","_links":{"self":[{"href":"https:\/\/zecovalve.com\/es\/wp-json\/wp\/v2\/product\/19486","targetHints":{"allow":["GET"]}}],"collection":[{"href":"https:\/\/zecovalve.com\/es\/wp-json\/wp\/v2\/product"}],"about":[{"href":"https:\/\/zecovalve.com\/es\/wp-json\/wp\/v2\/types\/product"}],"replies":[{"embeddable":true,"href":"https:\/\/zecovalve.com\/es\/wp-json\/wp\/v2\/comments?post=19486"}],"wp:featuredmedia":[{"embeddable":true,"href":"https:\/\/zecovalve.com\/es\/wp-json\/wp\/v2\/media\/19557"}],"wp:attachment":[{"href":"https:\/\/zecovalve.com\/es\/wp-json\/wp\/v2\/media?parent=19486"}],"wp:term":[{"taxonomy":"product_cat","embeddable":true,"href":"https:\/\/zecovalve.com\/es\/wp-json\/wp\/v2\/product_cat?post=19486"},{"taxonomy":"product_tag","embeddable":true,"href":"https:\/\/zecovalve.com\/es\/wp-json\/wp\/v2\/product_tag?post=19486"}],"curies":[{"name":"wp","href":"https:\/\/api.w.org\/{rel}","templated":true}]}}