{"id":19525,"date":"2022-07-11T11:54:01","date_gmt":"2022-07-11T11:54:01","guid":{"rendered":"https:\/\/zecovalve.com\/?post_type=product&#038;p=19525"},"modified":"2023-06-26T06:47:07","modified_gmt":"2023-06-26T06:47:07","slug":"automatic-air-vent-valve","status":"publish","type":"product","link":"https:\/\/zecovalve.com\/es\/producto\/automatic-air-vent-valve","title":{"rendered":"V\u00e1lvula autom\u00e1tica de purga de aire"},"content":{"rendered":"<p>ZECO Valve es un fabricante profesional de V\u00e1lvulas Autom\u00e1ticas de Purga de Aire.<\/p>\r\n\r\n\r\n\r\n<figure id=\"attachment_16152\" class=\"wp-block-image size-full is-resized\"><img loading=\"lazy\" decoding=\"async\" class=\"wp-image-19526\" src=\"https:\/\/zecovalve.com\/wp-content\/uploads\/2022\/07\/Automatic-Air-Vent-Valve.jpg\" alt=\"\" width=\"250\" height=\"250\" srcset=\"https:\/\/zecovalve.com\/wp-content\/uploads\/2022\/07\/Automatic-Air-Vent-Valve.jpg 500w, https:\/\/zecovalve.com\/wp-content\/uploads\/2022\/07\/Automatic-Air-Vent-Valve-300x300.jpg 300w, https:\/\/zecovalve.com\/wp-content\/uploads\/2022\/07\/Automatic-Air-Vent-Valve-150x150.jpg 150w, https:\/\/zecovalve.com\/wp-content\/uploads\/2022\/07\/Automatic-Air-Vent-Valve-400x400.jpg 400w, https:\/\/zecovalve.com\/wp-content\/uploads\/2022\/07\/Automatic-Air-Vent-Valve-100x100.jpg 100w\" sizes=\"auto, (max-width: 250px) 100vw, 250px\" \/><\/figure>\r\n\r\n\r\n<div class=\"gb-button-wrapper gb-button-wrapper-6d8495a3\">\r\n\r\n\r\n<p><a class=\"gb-button gb-button-3d442e11 gb-button-text\" href=\"https:\/\/zecovalve.com\/es\/contact\/\" target=\"_blank\" rel=\"noopener noreferrer\"><strong>OBTENER PRECIO DE V\u00c1LVULA<\/strong><\/a><\/p>\r\n<\/div>\r\n\r\n\r\n\r\n\r\n<h2 class=\"wp-block-heading\" id=\"h-what-is-an-automatic-air-vent-valve\">\u00bfQu\u00e9 es una v\u00e1lvula autom\u00e1tica de purga de aire?<\/h2>\r\n\r\n\r\n\r\n<p>La v\u00e1lvula autom\u00e1tica de purga de aire est\u00e1 dise\u00f1ada para su uso en sistemas de calefacci\u00f3n.<\/p>\r\n\r\n\r\n\r\n<h2 class=\"wp-block-heading\" id=\"how-does-an-air-vent-valve-work\">\u00bfC\u00f3mo funciona una v\u00e1lvula autom\u00e1tica de purga de aire?<\/h2>\r\n\r\n\r\n\r\n<p>La v\u00e1lvula autom\u00e1tica de purga de aire se instala en el sistema de calefacci\u00f3n, normalmente dentro de armarios de botellas, para purgar autom\u00e1ticamente el aire del sistema de calefacci\u00f3n. El dispositivo consta de un flotador de polipropileno conectado a una v\u00e1lvula sencilla. Cuando la acumulaci\u00f3n de aire en la c\u00e1mara del flotador supera un determinado nivel, el flotador desciende, abriendo la v\u00e1lvula y liberando el aire atrapado en la c\u00e1mara. A medida que el aire se libera, el agua lo sustituye y hace que el flotador vuelva a la posici\u00f3n superior, lo que cierra la v\u00e1lvula.<\/p>\r\n\r\n\r\n\r\n<h2 class=\"wp-block-heading\" id=\"what-are-air-vent-valves-used-for\">\u00bfPara qu\u00e9 sirven las v\u00e1lvulas autom\u00e1ticas de purga de aire?<\/h2>\r\n\r\n\r\n\r\n<p>Cuando el aire queda atrapado en un sistema de calefacci\u00f3n sellado, puede causar una gran variedad de problemas, como ruido excesivo, corrosi\u00f3n y mayores costes de mantenimiento relacionados con los bloqueos de aire que pueden impedir que el sistema funcione de forma eficaz y eficiente. El purgador de aire autom\u00e1tico se instala en el sistema de calefacci\u00f3n, normalmente dentro de armarios de botellas, para purgar autom\u00e1ticamente el aire del sistema de calefacci\u00f3n.<\/p>\r\n\r\n\r\n\r\n<h2 class=\"wp-block-heading\" id=\"applications-of-air-vent-valve\">Aplicaciones de las v\u00e1lvulas autom\u00e1ticas de purga de aire<\/h2>\r\n\r\n\r\n\r\n<p>Las v\u00e1lvulas autom\u00e1ticas de purga de aire son las m\u00e1s adecuadas para sistemas de calefacci\u00f3n y otros sistemas de agua caliente de circuito cerrado que requieren una eliminaci\u00f3n eficaz y autom\u00e1tica del aire mientras el sistema se llena de agua. En la parte inferior de la v\u00e1lvula se instala un rompedor de vac\u00edo para evitar que se forme un bloqueo de aire y favorecer la salida de aire del agua dentro del sistema.<\/p>\r\n\r\n\r\n\r\n<h2 class=\"wp-block-heading\" id=\"h-features-of-automatic-air-vent-valves\">Caracter\u00edsticas de las v\u00e1lvulas autom\u00e1ticas de purga de aire:<\/h2>\r\n\r\n\r\n\r\n<ul class=\"wp-block-list\">\r\n<li>Ventila autom\u00e1ticamente el aire atrapado en el interior de los sistemas de calefacci\u00f3n estancos<\/li>\r\n<li>Robusta construcci\u00f3n de lat\u00f3n macizo y flotador de polipropileno resistente al calor<\/li>\r\n<li>Disponible con varios extremos de conexi\u00f3n<\/li>\r\n<\/ul>\r\n\r\n\r\n\r\n<h2 class=\"wp-block-heading\" id=\"h-material-of-automatic-air-vent-valves\">Material de las v\u00e1lvulas autom\u00e1ticas de purga de aire:<\/h2>\r\n\r\n\r\n\r\n<figure class=\"wp-block-table\">\r\n<table>\r\n<tbody>\r\n<tr>\r\n<td>No<\/td>\r\n<td>Pieza<\/td>\r\n<td>Material<\/td>\r\n<\/tr>\r\n<tr>\r\n<td>1<\/td>\r\n<td>Cuerpo<\/td>\r\n<td>Lat\u00f3n CW 617N<\/td>\r\n<\/tr>\r\n<tr>\r\n<td>2<\/td>\r\n<td>Cap\u00f3<\/td>\r\n<td>Lat\u00f3n CW 617N<\/td>\r\n<\/tr>\r\n<tr>\r\n<td>3<\/td>\r\n<td>Flotador<\/td>\r\n<td>Polietileno<\/td>\r\n<\/tr>\r\n<tr>\r\n<td>4<\/td>\r\n<td>Gorra<\/td>\r\n<td>Polietileno<\/td>\r\n<\/tr>\r\n<tr>\r\n<td>5<\/td>\r\n<td>Lavadora<\/td>\r\n<td>Lat\u00f3n<\/td>\r\n<\/tr>\r\n<tr>\r\n<td>6<\/td>\r\n<td>Empalme<\/td>\r\n<td>Resina acet\u00e1lica<\/td>\r\n<\/tr>\r\n<tr>\r\n<td>7<\/td>\r\n<td>Palanca<\/td>\r\n<td>Resina acet\u00e1lica<\/td>\r\n<\/tr>\r\n<tr>\r\n<td>8<\/td>\r\n<td>Stop<\/td>\r\n<td>Resina acet\u00e1lica<\/td>\r\n<\/tr>\r\n<\/tbody>\r\n<\/table>\r\n<\/figure>","protected":false},"excerpt":{"rendered":"<p>ZECO Valve es un fabricante profesional de v\u00e1lvulas de ventilaci\u00f3n autom\u00e1ticas. \u00bfQu\u00e9 es una v\u00e1lvula de ventilaci\u00f3n autom\u00e1tica? La v\u00e1lvula de ventilaci\u00f3n de aire autom\u00e1tica es... <a title=\"V\u00e1lvula autom\u00e1tica de purga de aire\" class=\"read-more\" href=\"https:\/\/zecovalve.com\/es\/producto\/automatic-air-vent-valve\" aria-label=\"M\u00e1s en V\u00e1lvula autom\u00e1tica de purga de aire\">Leer m\u00e1s<\/a><\/p>","protected":false},"featured_media":27972,"comment_status":"closed","ping_status":"closed","template":"","meta":{"_generate-full-width-content":"","kt_blocks_editor_width":""},"product_cat":[2520],"product_tag":[2796,2765],"class_list":["post-19525","product","type-product","status-publish","has-post-thumbnail","hentry","product_cat-air-valve","product_tag-air-vent-valve","product_tag-vent-valve","sales-flash-overlay","woocommerce-text-align-center","woocommerce-image-align-center","do-quantity-buttons"],"featured_image_src_large":["https:\/\/zecovalve.com\/wp-content\/uploads\/2022\/07\/Automatic-Air-Vent-Valve-1.jpg",800,600,false],"author_info":[],"comment_info":0,"taxonomy_info":{"product_cat":[{"value":2520,"label":"Air Valve Manufacturer and Supplier"}],"product_tag":[{"value":2796,"label":"Air Vent Valve"},{"value":2765,"label":"Vent Valve"}]},"yoast_head":"<!-- This site is optimized with the Yoast SEO Premium plugin v15.4 - https:\/\/yoast.com\/wordpress\/plugins\/seo\/ -->\n<title>Automatic Air Vent Valve - Air Vent Valve | ZECO Valve<\/title>\n<meta name=\"robots\" content=\"index, follow, max-snippet:-1, max-image-preview:large, max-video-preview:-1\" \/>\n<link rel=\"canonical\" href=\"https:\/\/zecovalve.com\/es\/producto\/automatic-air-vent-valve\" \/>\n<meta property=\"og:locale\" content=\"es_ES\" \/>\n<meta property=\"og:type\" content=\"article\" \/>\n<meta property=\"og:title\" content=\"Automatic Air Vent Valve - Air Vent Valve | ZECO Valve\" \/>\n<meta property=\"og:description\" content=\"ZECO Valve is an professional Automatic Air Vent Valve manufacturer. What is an Automatic Air Vent Valve? Automatic Air Vent Valve is ... Leer m\u00e1s\" \/>\n<meta property=\"og:url\" content=\"https:\/\/zecovalve.com\/es\/producto\/automatic-air-vent-valve\" \/>\n<meta property=\"og:site_name\" content=\"ZECO Valve\" \/>\n<meta property=\"article:modified_time\" content=\"2023-06-26T06:47:07+00:00\" \/>\n<meta property=\"og:image\" content=\"https:\/\/zecovalve.com\/wp-content\/uploads\/2022\/07\/Automatic-Air-Vent-Valve-1.jpg\" \/>\n\t<meta property=\"og:image:width\" content=\"800\" \/>\n\t<meta property=\"og:image:height\" content=\"600\" \/>\n<meta name=\"twitter:card\" content=\"summary_large_image\" \/>\n<meta name=\"twitter:label1\" content=\"Escrito por\">\n\t<meta name=\"twitter:data1\" content=\"Jerry\">\n\t<meta name=\"twitter:label2\" content=\"Tiempo de lectura\">\n\t<meta name=\"twitter:data2\" content=\"1 minuto\">\n<script type=\"application\/ld+json\" class=\"yoast-schema-graph\">{\"@context\":\"https:\/\/schema.org\",\"@graph\":[{\"@type\":\"WebSite\",\"@id\":\"https:\/\/zecovalve.com\/#website\",\"url\":\"https:\/\/zecovalve.com\/\",\"name\":\"ZECO Valve\",\"description\":\"Industrial Ball Valve, Gate Valve and Globe Valve Manufacturer\",\"potentialAction\":[{\"@type\":\"SearchAction\",\"target\":\"https:\/\/zecovalve.com\/?s={search_term_string}\",\"query-input\":\"required name=search_term_string\"}],\"inLanguage\":\"es\"},{\"@type\":\"ImageObject\",\"@id\":\"https:\/\/zecovalve.com\/product\/automatic-air-vent-valve#primaryimage\",\"inLanguage\":\"es\",\"url\":\"https:\/\/zecovalve.com\/wp-content\/uploads\/2022\/07\/Automatic-Air-Vent-Valve-1.jpg\",\"width\":800,\"height\":600,\"caption\":\"Automatic Air Vent Valve\"},{\"@type\":\"WebPage\",\"@id\":\"https:\/\/zecovalve.com\/product\/automatic-air-vent-valve#webpage\",\"url\":\"https:\/\/zecovalve.com\/product\/automatic-air-vent-valve\",\"name\":\"Automatic Air Vent Valve - Air Vent Valve | ZECO Valve\",\"isPartOf\":{\"@id\":\"https:\/\/zecovalve.com\/#website\"},\"primaryImageOfPage\":{\"@id\":\"https:\/\/zecovalve.com\/product\/automatic-air-vent-valve#primaryimage\"},\"datePublished\":\"2022-07-11T11:54:01+00:00\",\"dateModified\":\"2023-06-26T06:47:07+00:00\",\"breadcrumb\":{\"@id\":\"https:\/\/zecovalve.com\/product\/automatic-air-vent-valve#breadcrumb\"},\"inLanguage\":\"es\",\"potentialAction\":[{\"@type\":\"ReadAction\",\"target\":[\"https:\/\/zecovalve.com\/product\/automatic-air-vent-valve\"]}]},{\"@type\":\"BreadcrumbList\",\"@id\":\"https:\/\/zecovalve.com\/product\/automatic-air-vent-valve#breadcrumb\",\"itemListElement\":[{\"@type\":\"ListItem\",\"position\":1,\"item\":{\"@type\":\"WebPage\",\"@id\":\"https:\/\/zecovalve.com\/\",\"url\":\"https:\/\/zecovalve.com\/\",\"name\":\"Home\"}},{\"@type\":\"ListItem\",\"position\":2,\"item\":{\"@type\":\"WebPage\",\"@id\":\"https:\/\/zecovalve.com\/product-category\",\"url\":\"https:\/\/zecovalve.com\/product-category\",\"name\":\"Industrial Valve Manufacturer | Water Valve Manufacturer\"}},{\"@type\":\"ListItem\",\"position\":3,\"item\":{\"@type\":\"WebPage\",\"@id\":\"https:\/\/zecovalve.com\/product\/automatic-air-vent-valve\",\"url\":\"https:\/\/zecovalve.com\/product\/automatic-air-vent-valve\",\"name\":\"Automatic Air Vent Valve\"}}]}]}<\/script>\n<!-- \/ Yoast SEO Premium plugin. -->","_links":{"self":[{"href":"https:\/\/zecovalve.com\/es\/wp-json\/wp\/v2\/product\/19525","targetHints":{"allow":["GET"]}}],"collection":[{"href":"https:\/\/zecovalve.com\/es\/wp-json\/wp\/v2\/product"}],"about":[{"href":"https:\/\/zecovalve.com\/es\/wp-json\/wp\/v2\/types\/product"}],"replies":[{"embeddable":true,"href":"https:\/\/zecovalve.com\/es\/wp-json\/wp\/v2\/comments?post=19525"}],"wp:featuredmedia":[{"embeddable":true,"href":"https:\/\/zecovalve.com\/es\/wp-json\/wp\/v2\/media\/27972"}],"wp:attachment":[{"href":"https:\/\/zecovalve.com\/es\/wp-json\/wp\/v2\/media?parent=19525"}],"wp:term":[{"taxonomy":"product_cat","embeddable":true,"href":"https:\/\/zecovalve.com\/es\/wp-json\/wp\/v2\/product_cat?post=19525"},{"taxonomy":"product_tag","embeddable":true,"href":"https:\/\/zecovalve.com\/es\/wp-json\/wp\/v2\/product_tag?post=19525"}],"curies":[{"name":"wp","href":"https:\/\/api.w.org\/{rel}","templated":true}]}}