{"id":19527,"date":"2022-07-11T12:30:10","date_gmt":"2022-07-11T12:30:10","guid":{"rendered":"https:\/\/zecovalve.com\/?post_type=product&#038;p=19527"},"modified":"2023-06-26T06:47:53","modified_gmt":"2023-06-26T06:47:53","slug":"auto-air-vent-valve","status":"publish","type":"product","link":"https:\/\/zecovalve.com\/es\/producto\/auto-air-vent-valve","title":{"rendered":"V\u00e1lvula de purga de aire autom\u00e1tica"},"content":{"rendered":"<p>ZECO Valve es un fabricante profesional de V\u00e1lvula de purga de aire para autom\u00f3viles.<\/p>\r\n\r\n\r\n\r\n<figure id=\"attachment_16152\" class=\"wp-block-image size-full is-resized\"><img loading=\"lazy\" decoding=\"async\" class=\"wp-image-19528\" src=\"https:\/\/zecovalve.com\/wp-content\/uploads\/2022\/07\/Auto-Air-Vent-Valve.webp\" alt=\"V\u00e1lvula de purga de aire autom\u00e1tica\" width=\"256\" height=\"256\" \/><\/figure>\r\n\r\n\r\n<div class=\"gb-button-wrapper gb-button-wrapper-6d8495a3\">\r\n\r\n\r\n<p><a class=\"gb-button gb-button-3d442e11 gb-button-text\" href=\"https:\/\/zecovalve.com\/es\/contact\/\" target=\"_blank\" rel=\"noopener noreferrer\"><strong>OBTENER PRECIO DE V\u00c1LVULA<\/strong><\/a><\/p>\r\n<\/div>\r\n\r\n\r\n\r\n\r\n<h2 class=\"wp-block-heading\" id=\"h-what-is-an-auto-air-vent-valve\">\u00bfQu\u00e9 es una v\u00e1lvula de purga de aire para autom\u00f3viles?<\/h2>\r\n\r\n\r\n\r\n<p>La v\u00e1lvula de purga de aire autom\u00e1tica est\u00e1 dise\u00f1ada para su uso en sistemas de calefacci\u00f3n.<\/p>\r\n\r\n\r\n\r\n<h2 class=\"wp-block-heading\" id=\"how-does-an-air-vent-valve-work\">\u00bfC\u00f3mo funciona una v\u00e1lvula de purga de aire para autom\u00f3viles?<\/h2>\r\n\r\n\r\n\r\n<p>La v\u00e1lvula de purga de aire autom\u00e1tica es un dispositivo para purgar el aire del sistema de tuber\u00edas. Se basa en el principio de un flotador. El flotador flota, presionando la aguja o el tap\u00f3n contra la salida. El aire del sistema de calefacci\u00f3n o de suministro de agua sube, el flotador baja, abriendo la salida. En cuanto sale el aire, el flotador vuelve a subir y bloquea la salida. De ah\u00ed que estos productos se denominen purgadores de aire autom\u00e1ticos o v\u00e1lvulas de aire. Es cierto que tambi\u00e9n hay v\u00e1lvulas de aire en el sistema de alcantarillado, pero all\u00ed desempe\u00f1an una funci\u00f3n diferente.<\/p>\r\n\r\n\r\n\r\n<h2 class=\"wp-block-heading\" id=\"applications-of-air-vent-valve\">Aplicaciones de las v\u00e1lvulas de purga de aire para autom\u00f3viles<\/h2>\r\n\r\n\r\n\r\n<p>Las v\u00e1lvulas de purga de aire autom\u00e1tica se utilizan para sistemas de distribuci\u00f3n de agua caliente o fr\u00eda y modelos con funci\u00f3n de purga manual para la purga r\u00e1pida de sistemas residenciales y comerciales.<\/p>\r\n\r\n\r\n\r\n<h2 class=\"wp-block-heading\" id=\"h-features-of-auto-air-vent-valves\">Caracter\u00edsticas de las v\u00e1lvulas de purga de aire autom\u00e1ticas:<\/h2>\r\n\r\n\r\n\r\n<ul class=\"wp-block-list\">\r\n<li>Cuerpo de lat\u00f3n niquelado.<\/li>\r\n<li>Flotador en resina polietil\u00e9nica.<\/li>\r\n<li>Temperatura m\u00e1xima de trabajo: 110\u00b0C.<\/li>\r\n<li>Presi\u00f3n m\u00e1xima de descarga: 6 bar.<\/li>\r\n<li>Roscas: ISO 228 (equivalente a DIN EN ISO 228 y BS EN ISO 228).<\/li>\r\n<li>Disponible con rosca NPT en los tama\u00f1os 1\/2\u2033 - 3\/4\u2033 - 1\u2033.<\/li>\r\n<\/ul>\r\n\r\n\r\n\r\n<h2 class=\"wp-block-heading\" id=\"h-material-of-auto-air-vent-valves\">Material de las v\u00e1lvulas de purga de aire para autom\u00f3viles:<\/h2>\r\n\r\n\r\n\r\n<figure class=\"wp-block-table\">\r\n<table>\r\n<tbody>\r\n<tr>\r\n<td>No<\/td>\r\n<td>Pieza<\/td>\r\n<td>Material<\/td>\r\n<\/tr>\r\n<tr>\r\n<td>1<\/td>\r\n<td>Cuerpo<\/td>\r\n<td>Lat\u00f3n niquelado<\/td>\r\n<\/tr>\r\n<tr>\r\n<td>2<\/td>\r\n<td>Cap\u00f3<\/td>\r\n<td>Lat\u00f3n niquelado<\/td>\r\n<\/tr>\r\n<tr>\r\n<td>3<\/td>\r\n<td>Flotador<\/td>\r\n<td>Polietileno<\/td>\r\n<\/tr>\r\n<tr>\r\n<td>4<\/td>\r\n<td>Gorra<\/td>\r\n<td>Polietileno<\/td>\r\n<\/tr>\r\n<tr>\r\n<td>5<\/td>\r\n<td>Lavadora<\/td>\r\n<td>Lat\u00f3n niquelado<\/td>\r\n<\/tr>\r\n<tr>\r\n<td>6<\/td>\r\n<td>Empalme<\/td>\r\n<td>Resina acet\u00e1lica<\/td>\r\n<\/tr>\r\n<tr>\r\n<td>7<\/td>\r\n<td>Palanca<\/td>\r\n<td>Resina acet\u00e1lica<\/td>\r\n<\/tr>\r\n<tr>\r\n<td>8<\/td>\r\n<td>Stop<\/td>\r\n<td>Resina acet\u00e1lica<\/td>\r\n<\/tr>\r\n<\/tbody>\r\n<\/table>\r\n<\/figure>","protected":false},"excerpt":{"rendered":"<p>ZECO Valve es un fabricante profesional de v\u00e1lvulas de ventilaci\u00f3n para autom\u00f3viles. \u00bfQu\u00e9 es una v\u00e1lvula de ventilaci\u00f3n autom\u00e1tica? La v\u00e1lvula de ventilaci\u00f3n de aire autom\u00e1tica es... <a title=\"V\u00e1lvula de purga de aire autom\u00e1tica\" class=\"read-more\" href=\"https:\/\/zecovalve.com\/es\/producto\/auto-air-vent-valve\" aria-label=\"M\u00e1s en V\u00e1lvula de purga de aire para autom\u00f3viles\">Leer m\u00e1s<\/a><\/p>","protected":false},"featured_media":27973,"comment_status":"closed","ping_status":"closed","template":"","meta":{"_generate-full-width-content":"","kt_blocks_editor_width":""},"product_cat":[2520],"product_tag":[2796,2765],"class_list":["post-19527","product","type-product","status-publish","has-post-thumbnail","hentry","product_cat-air-valve","product_tag-air-vent-valve","product_tag-vent-valve","sales-flash-overlay","woocommerce-text-align-center","woocommerce-image-align-center","do-quantity-buttons"],"featured_image_src_large":["https:\/\/zecovalve.com\/wp-content\/uploads\/2022\/07\/Auto-Air-Vent-Valve.jpg",800,600,false],"author_info":[],"comment_info":0,"taxonomy_info":{"product_cat":[{"value":2520,"label":"Air Valve Manufacturer and Supplier"}],"product_tag":[{"value":2796,"label":"Air Vent Valve"},{"value":2765,"label":"Vent Valve"}]},"yoast_head":"<!-- This site is optimized with the Yoast SEO Premium plugin v15.4 - https:\/\/yoast.com\/wordpress\/plugins\/seo\/ -->\n<title>Auto Air Vent Valve - Air Vent Valve | ZECO Valve<\/title>\n<meta name=\"robots\" content=\"index, follow, max-snippet:-1, max-image-preview:large, max-video-preview:-1\" \/>\n<link rel=\"canonical\" href=\"https:\/\/zecovalve.com\/es\/producto\/auto-air-vent-valve\" \/>\n<meta property=\"og:locale\" content=\"es_ES\" \/>\n<meta property=\"og:type\" content=\"article\" \/>\n<meta property=\"og:title\" content=\"Auto Air Vent Valve - Air Vent Valve | ZECO Valve\" \/>\n<meta property=\"og:description\" content=\"ZECO Valve is an professional Auto Air Vent Valve manufacturer. What is an Auto Air Vent Valve? Auto Air Vent Valve is ... Leer m\u00e1s\" \/>\n<meta property=\"og:url\" content=\"https:\/\/zecovalve.com\/es\/producto\/auto-air-vent-valve\" \/>\n<meta property=\"og:site_name\" content=\"ZECO Valve\" \/>\n<meta property=\"article:modified_time\" content=\"2023-06-26T06:47:53+00:00\" \/>\n<meta property=\"og:image\" content=\"https:\/\/zecovalve.com\/wp-content\/uploads\/2022\/07\/Auto-Air-Vent-Valve.jpg\" \/>\n\t<meta property=\"og:image:width\" content=\"800\" \/>\n\t<meta property=\"og:image:height\" content=\"600\" \/>\n<meta name=\"twitter:card\" content=\"summary_large_image\" \/>\n<meta name=\"twitter:label1\" content=\"Escrito por\">\n\t<meta name=\"twitter:data1\" content=\"Jerry\">\n\t<meta name=\"twitter:label2\" content=\"Tiempo de lectura\">\n\t<meta name=\"twitter:data2\" content=\"1 minuto\">\n<script type=\"application\/ld+json\" class=\"yoast-schema-graph\">{\"@context\":\"https:\/\/schema.org\",\"@graph\":[{\"@type\":\"WebSite\",\"@id\":\"https:\/\/zecovalve.com\/#website\",\"url\":\"https:\/\/zecovalve.com\/\",\"name\":\"ZECO Valve\",\"description\":\"Industrial Ball Valve, Gate Valve and Globe Valve Manufacturer\",\"potentialAction\":[{\"@type\":\"SearchAction\",\"target\":\"https:\/\/zecovalve.com\/?s={search_term_string}\",\"query-input\":\"required name=search_term_string\"}],\"inLanguage\":\"es\"},{\"@type\":\"ImageObject\",\"@id\":\"https:\/\/zecovalve.com\/product\/auto-air-vent-valve#primaryimage\",\"inLanguage\":\"es\",\"url\":\"https:\/\/zecovalve.com\/wp-content\/uploads\/2022\/07\/Auto-Air-Vent-Valve.jpg\",\"width\":800,\"height\":600,\"caption\":\"Auto Air Vent Valve\"},{\"@type\":\"WebPage\",\"@id\":\"https:\/\/zecovalve.com\/product\/auto-air-vent-valve#webpage\",\"url\":\"https:\/\/zecovalve.com\/product\/auto-air-vent-valve\",\"name\":\"Auto Air Vent Valve - Air Vent Valve | ZECO Valve\",\"isPartOf\":{\"@id\":\"https:\/\/zecovalve.com\/#website\"},\"primaryImageOfPage\":{\"@id\":\"https:\/\/zecovalve.com\/product\/auto-air-vent-valve#primaryimage\"},\"datePublished\":\"2022-07-11T12:30:10+00:00\",\"dateModified\":\"2023-06-26T06:47:53+00:00\",\"breadcrumb\":{\"@id\":\"https:\/\/zecovalve.com\/product\/auto-air-vent-valve#breadcrumb\"},\"inLanguage\":\"es\",\"potentialAction\":[{\"@type\":\"ReadAction\",\"target\":[\"https:\/\/zecovalve.com\/product\/auto-air-vent-valve\"]}]},{\"@type\":\"BreadcrumbList\",\"@id\":\"https:\/\/zecovalve.com\/product\/auto-air-vent-valve#breadcrumb\",\"itemListElement\":[{\"@type\":\"ListItem\",\"position\":1,\"item\":{\"@type\":\"WebPage\",\"@id\":\"https:\/\/zecovalve.com\/\",\"url\":\"https:\/\/zecovalve.com\/\",\"name\":\"Home\"}},{\"@type\":\"ListItem\",\"position\":2,\"item\":{\"@type\":\"WebPage\",\"@id\":\"https:\/\/zecovalve.com\/product-category\",\"url\":\"https:\/\/zecovalve.com\/product-category\",\"name\":\"Industrial Valve Manufacturer | Water Valve Manufacturer\"}},{\"@type\":\"ListItem\",\"position\":3,\"item\":{\"@type\":\"WebPage\",\"@id\":\"https:\/\/zecovalve.com\/product\/auto-air-vent-valve\",\"url\":\"https:\/\/zecovalve.com\/product\/auto-air-vent-valve\",\"name\":\"Auto Air Vent Valve\"}}]}]}<\/script>\n<!-- \/ Yoast SEO Premium plugin. -->","_links":{"self":[{"href":"https:\/\/zecovalve.com\/es\/wp-json\/wp\/v2\/product\/19527","targetHints":{"allow":["GET"]}}],"collection":[{"href":"https:\/\/zecovalve.com\/es\/wp-json\/wp\/v2\/product"}],"about":[{"href":"https:\/\/zecovalve.com\/es\/wp-json\/wp\/v2\/types\/product"}],"replies":[{"embeddable":true,"href":"https:\/\/zecovalve.com\/es\/wp-json\/wp\/v2\/comments?post=19527"}],"wp:featuredmedia":[{"embeddable":true,"href":"https:\/\/zecovalve.com\/es\/wp-json\/wp\/v2\/media\/27973"}],"wp:attachment":[{"href":"https:\/\/zecovalve.com\/es\/wp-json\/wp\/v2\/media?parent=19527"}],"wp:term":[{"taxonomy":"product_cat","embeddable":true,"href":"https:\/\/zecovalve.com\/es\/wp-json\/wp\/v2\/product_cat?post=19527"},{"taxonomy":"product_tag","embeddable":true,"href":"https:\/\/zecovalve.com\/es\/wp-json\/wp\/v2\/product_tag?post=19527"}],"curies":[{"name":"wp","href":"https:\/\/api.w.org\/{rel}","templated":true}]}}