{"id":19530,"date":"2022-07-11T13:22:59","date_gmt":"2022-07-11T13:22:59","guid":{"rendered":"https:\/\/zecovalve.com\/?post_type=product&#038;p=19530"},"modified":"2023-06-26T06:08:28","modified_gmt":"2023-06-26T06:08:28","slug":"manual-balancing-valve","status":"publish","type":"product","link":"https:\/\/zecovalve.com\/es\/producto\/manual-balancing-valve","title":{"rendered":"V\u00e1lvula de equilibrado manual"},"content":{"rendered":"<p>Los sistemas de calefacci\u00f3n y refrigeraci\u00f3n dise\u00f1ados con un principio de caudal constante hacen circular grandes cantidades de agua. Para hacerlo de la forma m\u00e1s eficiente posible, es importante asegurarse de que los caudales de dise\u00f1o en las distintas partes del sistema son correctos. Las v\u00e1lvulas de equilibrado manuales son la mejor opci\u00f3n en este tipo de sistemas.<\/p>\r\n\r\n\r\n\r\n<figure id=\"attachment_17032\" class=\"wp-block-image\"><img loading=\"lazy\" decoding=\"async\" width=\"300\" height=\"273\" class=\"wp-image-17032\" src=\"https:\/\/zecovalve.com\/wp-content\/uploads\/2022\/06\/bronze-flow-balancing-valve-300x273.jpg\" alt=\"V\u00e1lvula de equilibrado de lat\u00f3n\" srcset=\"https:\/\/zecovalve.com\/wp-content\/uploads\/2022\/06\/bronze-flow-balancing-valve-300x273.jpg 300w, https:\/\/zecovalve.com\/wp-content\/uploads\/2022\/06\/bronze-flow-balancing-valve.jpg 330w\" sizes=\"auto, (max-width: 300px) 100vw, 300px\" \/><\/figure>\r\n\r\n\r\n<div class=\"gb-button-wrapper gb-button-wrapper-6d8495a3\">\r\n\r\n\r\n<p><a class=\"gb-button gb-button-3d442e11 gb-button-text\" href=\"https:\/\/zecovalve.com\/es\/contact\/\" target=\"_blank\" rel=\"noopener noreferrer\"><strong>OBTENER PRECIO DE V\u00c1LVULA<\/strong><\/a><\/p>\r\n<\/div>\r\n\r\n\r\n\r\n\r\n<h2 class=\"wp-block-heading\">\u00bfQu\u00e9 es una v\u00e1lvula de equilibrado manual?<\/h2>\r\n\r\n\r\n\r\n<p>La v\u00e1lvula de equilibrado manual ZECO est\u00e1 dise\u00f1ada para un equilibrado hidr\u00f3nico preciso en muchas aplicaciones. Se utiliza con mayor frecuencia para sistemas de calefacci\u00f3n o refrigeraci\u00f3n con agua sanitaria.<\/p>\r\n\r\n\r\n\r\n<h2 class=\"wp-block-heading\" id=\"h-festures-of-manual-balancing-valve\">Festejos de la v\u00e1lvula de equilibrado manual<\/h2>\r\n\r\n\r\n\r\n<h3 class=\"wp-block-heading\">Amplia gama de productos<\/h3>\r\n\r\n\r\n\r\n<p>Con v\u00e1lvulas en tama\u00f1os desde DN 15 hasta DN 50, opciones de montaje con rosca interior, rosca exterior o bridas y disponibilidad de herramientas de medici\u00f3n y accesorios, siempre hay una v\u00e1lvula de equilibrado manual ZECO que se corresponde con sus requisitos.<\/p>\r\n\r\n\r\n\r\n<h3 class=\"wp-block-heading\">Construcci\u00f3n compacta<\/h3>\r\n\r\n\r\n\r\n<p>Todas las v\u00e1lvulas de equilibrado ZECO est\u00e1n dise\u00f1adas para ocupar el m\u00ednimo espacio y ser f\u00e1ciles de instalar.<\/p>\r\n\r\n\r\n\r\n<h2 class=\"wp-block-heading\" id=\"h-manual-balancing-valve-working-principle\">Principio de funcionamiento de la v\u00e1lvula de equilibrado manual<\/h2>\r\n\r\n\r\n\r\n<figure class=\"wp-block-image\"><img loading=\"lazy\" decoding=\"async\" width=\"300\" height=\"225\" class=\"wp-image-17065\" src=\"https:\/\/zecovalve.com\/wp-content\/uploads\/2022\/06\/bronze-flow-balancing-valve-3-300x225.png\" alt=\"\" srcset=\"https:\/\/zecovalve.com\/wp-content\/uploads\/2022\/06\/bronze-flow-balancing-valve-3-300x225.png 300w, https:\/\/zecovalve.com\/wp-content\/uploads\/2022\/06\/bronze-flow-balancing-valve-3.png 600w\" sizes=\"auto, (max-width: 300px) 100vw, 300px\" \/><\/figure>\r\n\r\n\r\n\r\n<p>La v\u00e1lvula de equilibrado manual es una v\u00e1lvula de funci\u00f3n especial. Tiene buenas caracter\u00edsticas de flujo. Adem\u00e1s, dispone de \u00edndice de apertura de la v\u00e1lvula, dispositivo de bloqueo de apertura y v\u00e1lvula de medici\u00f3n de presi\u00f3n para la medici\u00f3n del caudal. Mediante el uso de un instrumento inteligente especial, el valor de flujo que fluye a trav\u00e9s de la v\u00e1lvula de equilibrado se puede visualizar directamente introduciendo el tipo de v\u00e1lvula y el valor de apertura de acuerdo con la se\u00f1al de diferencia de presi\u00f3n medida. Siempre que se instale la v\u00e1lvula de equilibrio con las especificaciones adecuadas en cada ramal y entrada de usuario y se depure una vez con el instrumento inteligente especial, el caudal de cada usuario puede alcanzar el valor establecido.<\/p>\r\n\r\n\r\n\r\n<h2 class=\"wp-block-heading\" id=\"h-manual-balancing-valve-installation-and-commissioning\">Instalaci\u00f3n y puesta en servicio de la v\u00e1lvula de equilibrado manual<\/h2>\r\n\r\n\r\n\r\n<figure class=\"wp-block-image\"><img loading=\"lazy\" decoding=\"async\" width=\"300\" height=\"225\" class=\"wp-image-17066\" src=\"https:\/\/zecovalve.com\/wp-content\/uploads\/2022\/06\/pressure-control-valve-300x225.png\" alt=\"\" srcset=\"https:\/\/zecovalve.com\/wp-content\/uploads\/2022\/06\/pressure-control-valve-300x225.png 300w, https:\/\/zecovalve.com\/wp-content\/uploads\/2022\/06\/pressure-control-valve.png 600w\" sizes=\"auto, (max-width: 300px) 100vw, 300px\" \/><\/figure>\r\n\r\n\r\n\r\n<p>Esta v\u00e1lvula puede instalarse en la tuber\u00eda de suministro de agua o en la tuber\u00eda de retorno de agua. Por lo general, se recomienda instalarla en la tuber\u00eda de retorno de agua, especialmente en el bucle de alta temperatura.<\/p>\r\n\r\n\r\n\r\n<h2 class=\"wp-block-heading\" id=\"h-manual-balancing-valve-material-and-standard\">Descripci\u00f3n general de las v\u00e1lvulas de equilibrado manuales<\/h2>\r\n\r\n\r\n\r\n<p>Rango de tama\u00f1o: 3\/4\u2033~2\u2033<\/p>\r\n\r\n\r\n\r\n<p>Presi\u00f3n nominal: 10bar ~ 16bar<\/p>\r\n\r\n\r\n\r\n<p>Dimensiones cara a cara: EN 558-1, ASME B 16.10<\/p>\r\n\r\n\r\n\r\n<p>Dimensi\u00f3n del extremo de la brida: BS 21<\/p>\r\n\r\n\r\n\r\n<p>Inspecci\u00f3n y ensayo: ISO 5208 \/ EN 12226-2<\/p>\r\n<div class=\"over-tabs\">\r\n<table width=\"1389\">\r\n<tbody>\r\n<tr class=\"firstRow\">\r\n<td>Pieza<\/td>\r\n<td>Material<\/td>\r\n<td>Est\u00e1ndar<\/td>\r\n<\/tr>\r\n<tr>\r\n<td>Cuerpo<\/td>\r\n<td>CuZn39Pb1 \/ C37000<\/td>\r\n<td>EN12167\/ASTM B135<\/td>\r\n<\/tr>\r\n<tr>\r\n<td>Cap\u00f3<\/td>\r\n<td>CuZn39Pb1 \/ C37000<\/td>\r\n<td>EN12167\/ASTM B135<\/td>\r\n<\/tr>\r\n<tr>\r\n<td>Recorte<\/td>\r\n<td>CuZn39Pb1 \/ C37000<\/td>\r\n<td>EN12167\/ASTM B135<\/td>\r\n<\/tr>\r\n<tr>\r\n<td>Puerto de medici\u00f3n<\/td>\r\n<td>CuZn39Pb1 \/ C37000<\/td>\r\n<td>EN12167\/ASTM B135<\/td>\r\n<\/tr>\r\n<tr>\r\n<td>Junta t\u00f3rica<\/td>\r\n<td>EPDM \/ NBR<\/td>\r\n<td>ISO 4633<\/td>\r\n<\/tr>\r\n<tr>\r\n<td>Volante<\/td>\r\n<td>Nylon<\/td>\r\n<td>ISO 4633<\/td>\r\n<\/tr>\r\n<tr>\r\n<td colspan=\"3\">Para las opciones de materiales que no figuran en la lista, consulte con la f\u00e1brica. ZECO fabrica v\u00e1lvulas en m\u00e1s de 50 aleaciones diferentes.<\/td>\r\n<\/tr>\r\n<\/tbody>\r\n<\/table>\r\n<h2>Dimensiones de las v\u00e1lvulas de equilibrado manuales<\/h2>\r\n<\/div>\r\n<figure class=\"wp-block-table\">\r\n<table>\r\n<tbody>\r\n<tr>\r\n<td>NPS<\/td>\r\n<td>En<\/td>\r\n<td>3\/4<\/td>\r\n<td>1<\/td>\r\n<td>1 1\/4<\/td>\r\n<td>1 1\/2<\/td>\r\n<td>2<\/td>\r\n<\/tr>\r\n<tr>\r\n<td>A<\/td>\r\n<td>mm<\/td>\r\n<td>86.5<\/td>\r\n<td>105<\/td>\r\n<td>123.5<\/td>\r\n<td>125<\/td>\r\n<td>144<\/td>\r\n<\/tr>\r\n<tr>\r\n<td>H<\/td>\r\n<td>mm<\/td>\r\n<td>102<\/td>\r\n<td>105<\/td>\r\n<td>110<\/td>\r\n<td>120<\/td>\r\n<td>127<\/td>\r\n<\/tr>\r\n<tr>\r\n<td>G<\/td>\r\n<td>mm<\/td>\r\n<td>G3\/4<\/td>\r\n<td>G1<\/td>\r\n<td>G1 1\/4<\/td>\r\n<td>G1 1\/2<\/td>\r\n<td>G2<\/td>\r\n<\/tr>\r\n<tr>\r\n<td>SW<\/td>\r\n<td>mm<\/td>\r\n<td>32.5<\/td>\r\n<td>40.5<\/td>\r\n<td>49.5<\/td>\r\n<td>57<\/td>\r\n<td>69.5<\/td>\r\n<\/tr>\r\n<tr>\r\n<td>KVS<\/td>\r\n<td>m3\/h<\/td>\r\n<td>5.77<\/td>\r\n<td>8.7<\/td>\r\n<td>14.2<\/td>\r\n<td>19.2<\/td>\r\n<td>33<\/td>\r\n<\/tr>\r\n<\/tbody>\r\n<\/table>\r\n<\/figure>","protected":false},"excerpt":{"rendered":"<p>Los sistemas de calefacci\u00f3n y refrigeraci\u00f3n dise\u00f1ados con un principio de flujo constante hacen circular grandes cantidades de agua. Para hacerlo de la manera m\u00e1s eficiente posible,... <a title=\"V\u00e1lvula de equilibrado manual\" class=\"read-more\" href=\"https:\/\/zecovalve.com\/es\/producto\/manual-balancing-valve\" aria-label=\"M\u00e1s en V\u00e1lvula de equilibrado manual\">Leer m\u00e1s<\/a><\/p>","protected":false},"featured_media":27965,"comment_status":"closed","ping_status":"closed","template":"","meta":{"_generate-full-width-content":"","kt_blocks_editor_width":""},"product_cat":[2512],"product_tag":[2724],"class_list":["post-19530","product","type-product","status-publish","has-post-thumbnail","hentry","product_cat-balancing-valve","product_tag-balancing-valve","sales-flash-overlay","woocommerce-text-align-center","woocommerce-image-align-center","do-quantity-buttons"],"featured_image_src_large":["https:\/\/zecovalve.com\/wp-content\/uploads\/2022\/07\/Manual-Balancing-Valve.jpg",800,600,false],"author_info":[],"comment_info":0,"taxonomy_info":{"product_cat":[{"value":2512,"label":"Balancing Valve"}],"product_tag":[{"value":2724,"label":"Balancing Valve"}]},"yoast_head":"<!-- This site is optimized with the Yoast SEO Premium plugin v15.4 - https:\/\/yoast.com\/wordpress\/plugins\/seo\/ -->\n<title>Manual Balancing Valve - Balancing Valve | ZECO Valve<\/title>\n<meta name=\"robots\" content=\"index, follow, max-snippet:-1, max-image-preview:large, max-video-preview:-1\" \/>\n<link rel=\"canonical\" href=\"https:\/\/zecovalve.com\/es\/producto\/manual-balancing-valve\" \/>\n<meta property=\"og:locale\" content=\"es_ES\" \/>\n<meta property=\"og:type\" content=\"article\" \/>\n<meta property=\"og:title\" content=\"Manual Balancing Valve - Balancing Valve | ZECO Valve\" \/>\n<meta property=\"og:description\" content=\"Heating and cooling systems designed with a constant flow principle circulate large amounts of water. To do that as efficiently as possible, ... Leer m\u00e1s\" \/>\n<meta property=\"og:url\" content=\"https:\/\/zecovalve.com\/es\/producto\/manual-balancing-valve\" \/>\n<meta property=\"og:site_name\" content=\"ZECO Valve\" \/>\n<meta property=\"article:modified_time\" content=\"2023-06-26T06:08:28+00:00\" \/>\n<meta property=\"og:image\" content=\"https:\/\/zecovalve.com\/wp-content\/uploads\/2022\/07\/Manual-Balancing-Valve.jpg\" \/>\n\t<meta property=\"og:image:width\" content=\"800\" \/>\n\t<meta property=\"og:image:height\" content=\"600\" \/>\n<meta name=\"twitter:card\" content=\"summary_large_image\" \/>\n<meta name=\"twitter:label1\" content=\"Escrito por\">\n\t<meta name=\"twitter:data1\" content=\"Jerry\">\n\t<meta name=\"twitter:label2\" content=\"Tiempo de lectura\">\n\t<meta name=\"twitter:data2\" content=\"2 minutos\">\n<script type=\"application\/ld+json\" class=\"yoast-schema-graph\">{\"@context\":\"https:\/\/schema.org\",\"@graph\":[{\"@type\":\"WebSite\",\"@id\":\"https:\/\/zecovalve.com\/#website\",\"url\":\"https:\/\/zecovalve.com\/\",\"name\":\"ZECO Valve\",\"description\":\"Industrial Ball Valve, Gate Valve and Globe Valve Manufacturer\",\"potentialAction\":[{\"@type\":\"SearchAction\",\"target\":\"https:\/\/zecovalve.com\/?s={search_term_string}\",\"query-input\":\"required name=search_term_string\"}],\"inLanguage\":\"es\"},{\"@type\":\"ImageObject\",\"@id\":\"https:\/\/zecovalve.com\/product\/manual-balancing-valve#primaryimage\",\"inLanguage\":\"es\",\"url\":\"https:\/\/zecovalve.com\/wp-content\/uploads\/2022\/07\/Manual-Balancing-Valve.jpg\",\"width\":800,\"height\":600,\"caption\":\"Manual Balancing Valve\"},{\"@type\":\"WebPage\",\"@id\":\"https:\/\/zecovalve.com\/product\/manual-balancing-valve#webpage\",\"url\":\"https:\/\/zecovalve.com\/product\/manual-balancing-valve\",\"name\":\"Manual Balancing Valve - Balancing Valve | ZECO Valve\",\"isPartOf\":{\"@id\":\"https:\/\/zecovalve.com\/#website\"},\"primaryImageOfPage\":{\"@id\":\"https:\/\/zecovalve.com\/product\/manual-balancing-valve#primaryimage\"},\"datePublished\":\"2022-07-11T13:22:59+00:00\",\"dateModified\":\"2023-06-26T06:08:28+00:00\",\"breadcrumb\":{\"@id\":\"https:\/\/zecovalve.com\/product\/manual-balancing-valve#breadcrumb\"},\"inLanguage\":\"es\",\"potentialAction\":[{\"@type\":\"ReadAction\",\"target\":[\"https:\/\/zecovalve.com\/product\/manual-balancing-valve\"]}]},{\"@type\":\"BreadcrumbList\",\"@id\":\"https:\/\/zecovalve.com\/product\/manual-balancing-valve#breadcrumb\",\"itemListElement\":[{\"@type\":\"ListItem\",\"position\":1,\"item\":{\"@type\":\"WebPage\",\"@id\":\"https:\/\/zecovalve.com\/\",\"url\":\"https:\/\/zecovalve.com\/\",\"name\":\"Home\"}},{\"@type\":\"ListItem\",\"position\":2,\"item\":{\"@type\":\"WebPage\",\"@id\":\"https:\/\/zecovalve.com\/product-category\",\"url\":\"https:\/\/zecovalve.com\/product-category\",\"name\":\"Industrial Valve Manufacturer | Water Valve Manufacturer\"}},{\"@type\":\"ListItem\",\"position\":3,\"item\":{\"@type\":\"WebPage\",\"@id\":\"https:\/\/zecovalve.com\/product\/manual-balancing-valve\",\"url\":\"https:\/\/zecovalve.com\/product\/manual-balancing-valve\",\"name\":\"Manual Balancing Valve\"}}]}]}<\/script>\n<!-- \/ Yoast SEO Premium plugin. -->","_links":{"self":[{"href":"https:\/\/zecovalve.com\/es\/wp-json\/wp\/v2\/product\/19530","targetHints":{"allow":["GET"]}}],"collection":[{"href":"https:\/\/zecovalve.com\/es\/wp-json\/wp\/v2\/product"}],"about":[{"href":"https:\/\/zecovalve.com\/es\/wp-json\/wp\/v2\/types\/product"}],"replies":[{"embeddable":true,"href":"https:\/\/zecovalve.com\/es\/wp-json\/wp\/v2\/comments?post=19530"}],"wp:featuredmedia":[{"embeddable":true,"href":"https:\/\/zecovalve.com\/es\/wp-json\/wp\/v2\/media\/27965"}],"wp:attachment":[{"href":"https:\/\/zecovalve.com\/es\/wp-json\/wp\/v2\/media?parent=19530"}],"wp:term":[{"taxonomy":"product_cat","embeddable":true,"href":"https:\/\/zecovalve.com\/es\/wp-json\/wp\/v2\/product_cat?post=19530"},{"taxonomy":"product_tag","embeddable":true,"href":"https:\/\/zecovalve.com\/es\/wp-json\/wp\/v2\/product_tag?post=19530"}],"curies":[{"name":"wp","href":"https:\/\/api.w.org\/{rel}","templated":true}]}}