{"id":19533,"date":"2022-07-12T03:03:24","date_gmt":"2022-07-12T03:03:24","guid":{"rendered":"https:\/\/zecovalve.com\/?post_type=product&#038;p=19533"},"modified":"2022-07-14T06:30:23","modified_gmt":"2022-07-14T06:30:23","slug":"1-inch-brass-ball-valve-price","status":"publish","type":"product","link":"https:\/\/zecovalve.com\/es\/producto\/1-inch-brass-ball-valve-price","title":{"rendered":"V\u00e1lvula de bola de lat\u00f3n de 1 pulgada"},"content":{"rendered":"<p>Ofrecemos v\u00e1lvula de bola de lat\u00f3n de 1 pulgada.<\/p>\r\n\r\n\r\n\r\n<figure class=\"wp-block-image size-full is-resized\"><img loading=\"lazy\" decoding=\"async\" class=\"wp-image-19482\" src=\"https:\/\/zecovalve.com\/wp-content\/uploads\/2022\/07\/Globe-Valve-Check-Valve.jpg\" alt=\"V\u00e1lvula de bola de lat\u00f3n\" width=\"400\" height=\"300\" srcset=\"https:\/\/zecovalve.com\/wp-content\/uploads\/2022\/07\/Globe-Valve-Check-Valve.jpg 800w, https:\/\/zecovalve.com\/wp-content\/uploads\/2022\/07\/Globe-Valve-Check-Valve-300x225.jpg 300w, https:\/\/zecovalve.com\/wp-content\/uploads\/2022\/07\/Globe-Valve-Check-Valve-768x576.jpg 768w, https:\/\/zecovalve.com\/wp-content\/uploads\/2022\/07\/Globe-Valve-Check-Valve-600x450.jpg 600w\" sizes=\"auto, (max-width: 400px) 100vw, 400px\" \/><\/figure>\r\n\r\n\r\n<div class=\"gb-button-wrapper gb-button-wrapper-6d8495a3\">\r\n\r\n\r\n<p><a class=\"gb-button gb-button-3d442e11 gb-button-text\" href=\"https:\/\/zecovalve.com\/es\/contact\/\" target=\"_blank\" rel=\"noopener noreferrer\"><strong>OBT\u00c9N PRECIO DE V\u00c1LVULA DE BOLA DE BRONCE DE 1 pulgada<\/strong><\/a><\/p>\r\n<\/div>\r\n\r\n\r\n\r\n\r\n<h2 class=\"wp-block-heading\">Aprox. Precio: US$ 2.5~15 \/ Pieza<\/h2>\r\n\r\n\r\n\r\n<h2 class=\"wp-block-heading\">Informaci\u00f3n del producto de la v\u00e1lvula de bola de lat\u00f3n de 1 pulgada<\/h2>\r\n\r\n\r\n\r\n<p>V\u00e1lvula de bola de lat\u00f3n forjado con dise\u00f1o de dos piezas tipo atornillado de 1 pulgada ZECO, ZF-101 es un producto de calidad superior de ZECO. Todas las v\u00e1lvulas de bola de lat\u00f3n forjado con dise\u00f1o de dos piezas tipo rosca ZECO de 1 pulgada, ZF-101, se fabrican utilizando materiales de calidad garantizada y t\u00e9cnicas avanzadas, que las hacen cumplir con el est\u00e1ndar en este campo tan desafiante. Los materiales utilizados para fabricar la v\u00e1lvula de bola de lat\u00f3n forjado con dise\u00f1o de dos piezas tipo roscado de 1 pulgada ZECO, ZF-101, provienen de los proveedores oficiales y m\u00e1s confiables, elegidos despu\u00e9s de realizar estudios de mercado detallados. Los productos ZECO son ampliamente reconocidos en el mercado por su alta calidad. Estamos dedicados a proporcionar una gama de v\u00e1lvulas de bola de lat\u00f3n ZECO de excelente calidad.<\/p>\r\n\r\n\r\n\r\n<h2 class=\"wp-block-heading\">Caracter\u00edsticas de la v\u00e1lvula de bola de lat\u00f3n de 1 pulgada<\/h2>\r\n\r\n\r\n\r\n<ul class=\"wp-block-list\">\r\n<li>El prensaestopas del v\u00e1stago ajustable proporciona una vida \u00fatil m\u00e1s larga.<\/li>\r\n<li>V\u00e1stago a prueba de reventones con carga inferior.<\/li>\r\n<li>Sellos y asientos de empaquetadura de v\u00e1stago de PTFE.<\/li>\r\n<li>Bola mecanizada de lat\u00f3n cromado.<\/li>\r\n<\/ul>\r\n\r\n\r\n\r\n<h2 class=\"wp-block-heading\" id=\"h-product-details-of-1-inch-brass-ball-valve\">Detalles del producto de la v\u00e1lvula de bola de lat\u00f3n de 1 pulgada<\/h2>\r\n\r\n\r\n\r\n<figure class=\"wp-block-table\">\r\n<table>\r\n<tbody>\r\n<tr>\r\n<td>Cantidad m\u00ednima de pedido<\/td>\r\n<td>200 piezas<\/td>\r\n<\/tr>\r\n<tr>\r\n<td>Medios de comunicaci\u00f3n<\/td>\r\n<td>agua, aire<\/td>\r\n<\/tr>\r\n<tr>\r\n<td>Talla<\/td>\r\n<td>1 PULGADA<\/td>\r\n<\/tr>\r\n<tr>\r\n<td>Tama\u00f1o de la v\u00e1lvula<\/td>\r\n<td>1 PULGADA<\/td>\r\n<\/tr>\r\n<tr>\r\n<td>Presi\u00f3n<\/td>\r\n<td>Baja presi\u00f3n, media presi\u00f3n, alta presi\u00f3n<\/td>\r\n<\/tr>\r\n<tr>\r\n<td>Temperatura de los medios<\/td>\r\n<td>Temperatura media, temperatura alta, temperatura normal, temperatura baja<\/td>\r\n<\/tr>\r\n<tr>\r\n<td>Tama\u00f1o del puerto<\/td>\r\n<td>25mm<\/td>\r\n<\/tr>\r\n<tr>\r\n<td>Condici\u00f3n<\/td>\r\n<td>Nuevo<\/td>\r\n<\/tr>\r\n<tr>\r\n<td>Modelo<\/td>\r\n<td>ZF-101<\/td>\r\n<\/tr>\r\n<tr>\r\n<td>Tipo de embalaje<\/td>\r\n<td>200 PCS EN UNA CAJA<\/td>\r\n<\/tr>\r\n<tr>\r\n<td>Tipo de orificio<\/td>\r\n<td>A PLENO<\/td>\r\n<\/tr>\r\n<tr>\r\n<td>Material del mango<\/td>\r\n<td>EM<\/td>\r\n<\/tr>\r\n<tr>\r\n<td>Cubierta del mango<\/td>\r\n<td>Revestimiento de pl\u00e1stico<\/td>\r\n<\/tr>\r\n<tr>\r\n<td>Tipo de acabado<\/td>\r\n<td>Lat\u00f3n cromado<\/td>\r\n<\/tr>\r\n<tr>\r\n<td>Seguridad contra incendios<\/td>\r\n<td>S\u00ed<\/td>\r\n<\/tr>\r\n<tr>\r\n<td>Material<\/td>\r\n<td>Lat\u00f3n<\/td>\r\n<\/tr>\r\n<tr>\r\n<td>Tipo de cuerpo<\/td>\r\n<td>Lat\u00f3n<\/td>\r\n<\/tr>\r\n<tr>\r\n<td>Aplicaci\u00f3n<\/td>\r\n<td>Agua, Gas, Petr\u00f3leo<\/td>\r\n<\/tr>\r\n<tr>\r\n<td>Color<\/td>\r\n<td>Plata<\/td>\r\n<\/tr>\r\n<tr>\r\n<td>De marca<\/td>\r\n<td>De marca<\/td>\r\n<\/tr>\r\n<tr>\r\n<td>Barra de presi\u00f3n nominal<\/td>\r\n<td>10~25 barras, 1000WOG<\/td>\r\n<\/tr>\r\n<tr>\r\n<td>Junta del v\u00e1stago<\/td>\r\n<td>PTFE<\/td>\r\n<\/tr>\r\n<tr>\r\n<td>Hilo<\/td>\r\n<td>BSP<\/td>\r\n<\/tr>\r\n<tr>\r\n<td>Temperatura de trabajo<\/td>\r\n<td>-10 a 100 grados C<\/td>\r\n<\/tr>\r\n<tr>\r\n<td>Tama\u00f1o del hilo<\/td>\r\n<td>1 PULGADA<\/td>\r\n<\/tr>\r\n<\/tbody>\r\n<\/table>\r\n<\/figure>","protected":false},"excerpt":{"rendered":"<p>Ofrecemos v\u00e1lvula de bola de lat\u00f3n de 1 pulgada. Aprox. Precio: US$ 2.5~15 \/ Pieza Informaci\u00f3n del producto de la v\u00e1lvula de bola de lat\u00f3n de 1 pulgada ZECO 1 pulgada\u2026 <a title=\"V\u00e1lvula de bola de lat\u00f3n de 1 pulgada\" class=\"read-more\" href=\"https:\/\/zecovalve.com\/es\/producto\/1-inch-brass-ball-valve-price\" aria-label=\"M\u00e1s en V\u00e1lvula de bola de lat\u00f3n de 1 pulgada\">Leer m\u00e1s<\/a><\/p>","protected":false},"featured_media":19482,"comment_status":"closed","ping_status":"closed","template":"","meta":{"_generate-full-width-content":"","kt_blocks_editor_width":""},"product_cat":[2047,2461],"product_tag":[3054,2802,2833],"class_list":["post-19533","product","type-product","status-publish","has-post-thumbnail","hentry","product_cat-ball-valve","product_cat-ball-valve-by-material","product_tag-1-ball-valve","product_tag-ball-valve-price","product_tag-brass-ball-valve","sales-flash-overlay","woocommerce-text-align-center","woocommerce-image-align-center","do-quantity-buttons"],"featured_image_src_large":["https:\/\/zecovalve.com\/wp-content\/uploads\/2022\/07\/Globe-Valve-Check-Valve.jpg",800,600,false],"author_info":[],"comment_info":0,"taxonomy_info":{"product_cat":[{"value":2047,"label":"Ball Valve"},{"value":2461,"label":"Ball Valve By Material"}],"product_tag":[{"value":3054,"label":"1\" Ball Valve"},{"value":2802,"label":"Ball Valve Price"},{"value":2833,"label":"Brass Ball Valve"}]},"yoast_head":"<!-- This site is optimized with the Yoast SEO Premium plugin v15.4 - https:\/\/yoast.com\/wordpress\/plugins\/seo\/ -->\n<title>1 Inch Brass Ball Valve - Competitive Brass Ball Valve Price | ZECO<\/title>\n<meta name=\"robots\" content=\"index, follow, max-snippet:-1, max-image-preview:large, max-video-preview:-1\" \/>\n<link rel=\"canonical\" href=\"https:\/\/zecovalve.com\/es\/producto\/1-inch-brass-ball-valve-price\" \/>\n<meta property=\"og:locale\" content=\"es_ES\" \/>\n<meta property=\"og:type\" content=\"article\" \/>\n<meta property=\"og:title\" content=\"1 Inch Brass Ball Valve - Competitive Brass Ball Valve Price | ZECO\" \/>\n<meta property=\"og:description\" content=\"We are offering 1 inch Brass Ball Valve. Approx. Price:\u00a0US$\u00a02.5~15\u00a0\/ Piece Product Information of 1 Inch Brass Ball Valve ZECO 1 inch ... Leer m\u00e1s\" \/>\n<meta property=\"og:url\" content=\"https:\/\/zecovalve.com\/es\/producto\/1-inch-brass-ball-valve-price\" \/>\n<meta property=\"og:site_name\" content=\"ZECO Valve\" \/>\n<meta property=\"article:modified_time\" content=\"2022-07-14T06:30:23+00:00\" \/>\n<meta property=\"og:image\" content=\"https:\/\/zecovalve.com\/wp-content\/uploads\/2022\/07\/Globe-Valve-Check-Valve.jpg\" \/>\n\t<meta property=\"og:image:width\" content=\"800\" \/>\n\t<meta property=\"og:image:height\" content=\"600\" \/>\n<meta name=\"twitter:card\" content=\"summary_large_image\" \/>\n<meta name=\"twitter:label1\" content=\"Escrito por\">\n\t<meta name=\"twitter:data1\" content=\"Jerry\">\n\t<meta name=\"twitter:label2\" content=\"Tiempo de lectura\">\n\t<meta name=\"twitter:data2\" content=\"1 minuto\">\n<script type=\"application\/ld+json\" class=\"yoast-schema-graph\">{\"@context\":\"https:\/\/schema.org\",\"@graph\":[{\"@type\":\"WebSite\",\"@id\":\"https:\/\/zecovalve.com\/#website\",\"url\":\"https:\/\/zecovalve.com\/\",\"name\":\"ZECO Valve\",\"description\":\"Industrial Ball Valve, Gate Valve and Globe Valve Manufacturer\",\"potentialAction\":[{\"@type\":\"SearchAction\",\"target\":\"https:\/\/zecovalve.com\/?s={search_term_string}\",\"query-input\":\"required name=search_term_string\"}],\"inLanguage\":\"es\"},{\"@type\":\"ImageObject\",\"@id\":\"https:\/\/zecovalve.com\/product\/1-inch-brass-ball-valve-price#primaryimage\",\"inLanguage\":\"es\",\"url\":\"https:\/\/zecovalve.com\/wp-content\/uploads\/2022\/07\/Globe-Valve-Check-Valve.jpg\",\"width\":800,\"height\":600,\"caption\":\"Brass Ball Valve\"},{\"@type\":\"WebPage\",\"@id\":\"https:\/\/zecovalve.com\/product\/1-inch-brass-ball-valve-price#webpage\",\"url\":\"https:\/\/zecovalve.com\/product\/1-inch-brass-ball-valve-price\",\"name\":\"1 Inch Brass Ball Valve - Competitive Brass Ball Valve Price | ZECO\",\"isPartOf\":{\"@id\":\"https:\/\/zecovalve.com\/#website\"},\"primaryImageOfPage\":{\"@id\":\"https:\/\/zecovalve.com\/product\/1-inch-brass-ball-valve-price#primaryimage\"},\"datePublished\":\"2022-07-12T03:03:24+00:00\",\"dateModified\":\"2022-07-14T06:30:23+00:00\",\"breadcrumb\":{\"@id\":\"https:\/\/zecovalve.com\/product\/1-inch-brass-ball-valve-price#breadcrumb\"},\"inLanguage\":\"es\",\"potentialAction\":[{\"@type\":\"ReadAction\",\"target\":[\"https:\/\/zecovalve.com\/product\/1-inch-brass-ball-valve-price\"]}]},{\"@type\":\"BreadcrumbList\",\"@id\":\"https:\/\/zecovalve.com\/product\/1-inch-brass-ball-valve-price#breadcrumb\",\"itemListElement\":[{\"@type\":\"ListItem\",\"position\":1,\"item\":{\"@type\":\"WebPage\",\"@id\":\"https:\/\/zecovalve.com\/\",\"url\":\"https:\/\/zecovalve.com\/\",\"name\":\"Home\"}},{\"@type\":\"ListItem\",\"position\":2,\"item\":{\"@type\":\"WebPage\",\"@id\":\"https:\/\/zecovalve.com\/product-category\",\"url\":\"https:\/\/zecovalve.com\/product-category\",\"name\":\"Industrial Valve Manufacturer | Water Valve Manufacturer\"}},{\"@type\":\"ListItem\",\"position\":3,\"item\":{\"@type\":\"WebPage\",\"@id\":\"https:\/\/zecovalve.com\/product\/1-inch-brass-ball-valve-price\",\"url\":\"https:\/\/zecovalve.com\/product\/1-inch-brass-ball-valve-price\",\"name\":\"1 inch Brass Ball Valve\"}}]}]}<\/script>\n<!-- \/ Yoast SEO Premium plugin. -->","_links":{"self":[{"href":"https:\/\/zecovalve.com\/es\/wp-json\/wp\/v2\/product\/19533","targetHints":{"allow":["GET"]}}],"collection":[{"href":"https:\/\/zecovalve.com\/es\/wp-json\/wp\/v2\/product"}],"about":[{"href":"https:\/\/zecovalve.com\/es\/wp-json\/wp\/v2\/types\/product"}],"replies":[{"embeddable":true,"href":"https:\/\/zecovalve.com\/es\/wp-json\/wp\/v2\/comments?post=19533"}],"wp:featuredmedia":[{"embeddable":true,"href":"https:\/\/zecovalve.com\/es\/wp-json\/wp\/v2\/media\/19482"}],"wp:attachment":[{"href":"https:\/\/zecovalve.com\/es\/wp-json\/wp\/v2\/media?parent=19533"}],"wp:term":[{"taxonomy":"product_cat","embeddable":true,"href":"https:\/\/zecovalve.com\/es\/wp-json\/wp\/v2\/product_cat?post=19533"},{"taxonomy":"product_tag","embeddable":true,"href":"https:\/\/zecovalve.com\/es\/wp-json\/wp\/v2\/product_tag?post=19533"}],"curies":[{"name":"wp","href":"https:\/\/api.w.org\/{rel}","templated":true}]}}