{"id":19536,"date":"2022-07-12T03:18:25","date_gmt":"2022-07-12T03:18:25","guid":{"rendered":"https:\/\/zecovalve.com\/?post_type=product&#038;p=19536"},"modified":"2022-07-26T05:47:23","modified_gmt":"2022-07-26T05:47:23","slug":"3-way-ball-valve-price","status":"publish","type":"product","link":"https:\/\/zecovalve.com\/es\/producto\/3-way-ball-valve-price","title":{"rendered":"V\u00e1lvula de bola de acero inoxidable de 3 v\u00edas"},"content":{"rendered":"<p>Ofrecemos v\u00e1lvula de bola de acero inoxidable de 3 v\u00edas.<\/p>\r\n\r\n\r\n\r\n<figure class=\"wp-block-image size-full is-resized\">\r\n<p><img loading=\"lazy\" decoding=\"async\" class=\"size-medium wp-image-19544\" src=\"https:\/\/zecovalve.com\/wp-content\/uploads\/2022\/07\/3-WAY-BALL-VALVE-T-L-TYPE-300x255.png\" alt=\"V\u00e1lvula de bola de 3 v\u00edas\" width=\"300\" height=\"255\" srcset=\"https:\/\/zecovalve.com\/wp-content\/uploads\/2022\/07\/3-WAY-BALL-VALVE-T-L-TYPE-300x255.png 300w, https:\/\/zecovalve.com\/wp-content\/uploads\/2022\/07\/3-WAY-BALL-VALVE-T-L-TYPE-768x652.png 768w, https:\/\/zecovalve.com\/wp-content\/uploads\/2022\/07\/3-WAY-BALL-VALVE-T-L-TYPE-600x510.png 600w, https:\/\/zecovalve.com\/wp-content\/uploads\/2022\/07\/3-WAY-BALL-VALVE-T-L-TYPE.png 937w\" sizes=\"auto, (max-width: 300px) 100vw, 300px\" \/><\/p>\r\n<\/figure>\r\n\r\n\r\n<div class=\"gb-button-wrapper gb-button-wrapper-6d8495a3\">\r\n\r\n\r\n<p><a class=\"gb-button gb-button-3d442e11 gb-button-text\" href=\"https:\/\/zecovalve.com\/es\/contact\/\" target=\"_blank\" rel=\"noopener noreferrer\"><strong>OBTENER PRECIO DE V\u00c1LVULA DE BOLA DE 3 V\u00cdAS<\/strong><\/a><\/p>\r\n<\/div>\r\n\r\n\r\n\r\n\r\n<h2 class=\"wp-block-heading\" id=\"h-what-is-a-3-way-ball-valve\">\u00bfQu\u00e9 es una v\u00e1lvula de bola de 3 v\u00edas?<\/h2>\r\n\r\n\r\n\r\n<p>Una v\u00e1lvula de bola de 3 v\u00edas tiene 3 puertos y est\u00e1 disponible en variedades de puerto T y puerto L seg\u00fan el patr\u00f3n de flujo requerido. Una v\u00e1lvula de 3 v\u00edas es ideal si busca una forma de desviar y controlar el flujo sin la necesidad de una T y m\u00faltiples v\u00e1lvulas. Estas v\u00e1lvulas se pueden utilizar como desviadoras, donde el flujo de una entrada se puede desviar a cualquiera de las dos salidas. Tambi\u00e9n se pueden utilizar como selector de entrada donde la salida se alimenta desde cualquiera de los otros dos puertos.<\/p>\r\n\r\n\r\n<div class=\"wp-block-image\">\r\n<figure class=\"aligncenter size-full\"><img loading=\"lazy\" decoding=\"async\" width=\"726\" height=\"512\" class=\"wp-image-19537\" src=\"https:\/\/zecovalve.com\/wp-content\/uploads\/2022\/07\/T-PORT-L-PORT.jpg\" alt=\"\" srcset=\"https:\/\/zecovalve.com\/wp-content\/uploads\/2022\/07\/T-PORT-L-PORT.jpg 726w, https:\/\/zecovalve.com\/wp-content\/uploads\/2022\/07\/T-PORT-L-PORT-300x212.jpg 300w, https:\/\/zecovalve.com\/wp-content\/uploads\/2022\/07\/T-PORT-L-PORT-600x423.jpg 600w\" sizes=\"auto, (max-width: 726px) 100vw, 726px\" \/><\/figure>\r\n<\/div>\r\n\r\n\r\n<h3 class=\"wp-block-heading\" id=\"h-t-port-ball-valve\">V\u00e1lvula de bola con puerto en T:<\/h3>\r\n\r\n\r\n\r\n<ul class=\"wp-block-list\">\r\n<li>Excelente para mezclar fluidos ya que puedes fusionar dos entradas en una sola salida. (Tambi\u00e9n llamadas v\u00e1lvulas de bola mezcladoras)<\/li>\r\n<li>Tambi\u00e9n es posible la direcci\u00f3n de flujo opuesta, lo que permite que una sola fuente desv\u00ede el flujo en dos direcciones simult\u00e1neamente.<\/li>\r\n<li>Las v\u00e1lvulas de bola con puerto en T tambi\u00e9n se pueden usar para fluir entre solo dos puertos, ya sea hacia la izquierda, hacia la derecha o en l\u00ednea recta.<\/li>\r\n<\/ul>\r\n\r\n\r\n\r\n<h3 class=\"wp-block-heading\" id=\"h-l-port-ball-valve\">V\u00e1lvula de bola con puerto L:<\/h3>\r\n\r\n\r\n\r\n<ul class=\"wp-block-list\">\r\n<li>El dise\u00f1o del puerto L le permite dirigir el flujo en una direcci\u00f3n a la vez.<\/li>\r\n<li>Desde una entrada puede dirigir el flujo hacia dos salidas diferentes.<\/li>\r\n<li>O desde la direcci\u00f3n opuesta del flujo, para una salida el usuario puede elegir entre dos entradas.<\/li>\r\n<\/ul>\r\n\r\n\r\n\r\n<h2 class=\"wp-block-heading\">\u00bfC\u00f3mo funciona la v\u00e1lvula de bola de acero inoxidable de 3 v\u00edas?<\/h2>\r\n\r\n\r\n\r\n<p>La v\u00e1lvula desviadora o estilo patr\u00f3n en L realiza un cambio en el flujo de un puerto a otro girando la manija o el actuador a 90 grados. Supongamos que la primera posici\u00f3n se abre mediante el puerto inferior y el puerto izquierdo. Un cuarto de vuelta en el sentido contrario a las agujas del reloj hace que la v\u00e1lvula desv\u00ede el flujo del medio hacia la salida derecha. Otro cuarto de vuelta en la otra direcci\u00f3n, permitiendo una rotaci\u00f3n completa de 180 grados, bloquea el paso del medio. Un giro de 270 tambi\u00e9n obstaculizar\u00e1 el movimiento de los medios. Sin embargo, tener un giro completo de 360 permite que la v\u00e1lvula regrese a su lugar original. En cierto modo, dos de los tres puertos est\u00e1n disponibles al mismo tiempo. Esto hace posible que la v\u00e1lvula tenga dos posiciones de cierre y tres opciones de flujo.<\/p>\r\n\r\n\r\n\r\n<p>El modelo en T se llama v\u00e1lvula mezcladora porque los medios de dos flujos de entrada se pueden mezclar dentro de la v\u00e1lvula. Est\u00e1 saliendo de la v\u00e1lvula en el otro extremo. En cierto modo, los tres puertos se pueden abrir al mismo tiempo. La v\u00e1lvula de bola con patr\u00f3n en T tambi\u00e9n actuar\u00e1 como desviador para que pueda funcionar de la misma manera que la v\u00e1lvula tipo L. Se podr\u00eda lograr con un cuarto de vuelta del mango. Los patrones en T no pueden tener un cierre herm\u00e9tico, pero pueden restringir el flujo a dos puertos o facilitar el paso a los tres puertos.<\/p>\r\n\r\n\r\n\r\n<p>Como mezclador, la v\u00e1lvula de bola con forma de T separar\u00e1 el medio en dos direcciones opuestas. Su dise\u00f1o ayuda al patr\u00f3n en T a dividir el flujo o simplemente a crear un patr\u00f3n de flujo directo, al igual que la v\u00e1lvula de bola de dos v\u00edas. El puerto t\u00edpico todav\u00eda est\u00e1 abierto para la v\u00e1lvula de bola en forma de T montada verticalmente. La \u00fanica forma de desviar el flujo es gir\u00e1ndolo un cuarto de vuelta. Un giro de 180 grados no va a alterar el flujo de los medios.<\/p>\r\n\r\n\r\n\r\n<h2 class=\"wp-block-heading\">Ventajas de la v\u00e1lvula de bola de acero inoxidable de 3 v\u00edas<\/h2>\r\n\r\n\r\n\r\n<ul class=\"wp-block-list\">\r\n<li>Puerto completo para flujo sin restricciones<\/li>\r\n<li>V\u00e1stago a prueba de explosiones<\/li>\r\n<li>Dise\u00f1o de sello de v\u00e1stago piramidal con carga din\u00e1mica<\/li>\r\n<li>Almohadilla de montaje integrada para actuadores<\/li>\r\n<li>Montaje compacto<\/li>\r\n<li>L\u00ednea completa de accesorios<\/li>\r\n<\/ul>\r\n\r\n\r\n\r\n<h2 class=\"wp-block-heading\" id=\"h-specification-of-3-way-stainless-steel-ball-valve\">Especificaci\u00f3n de la v\u00e1lvula de bola de acero inoxidable de 3 v\u00edas<\/h2>\r\n\r\n\r\n\r\n<figure class=\"wp-block-table\">\r\n<table>\r\n<tbody>\r\n<tr>\r\n<td>Presi\u00f3n laboral<\/td>\r\n<td>Hasta 6000 psig (413 bar)<\/td>\r\n<\/tr>\r\n<tr>\r\n<td>Temperatura<\/td>\r\n<td>-40 a 248\u00b0F (-40 a 120\u00b0C)<\/td>\r\n<\/tr>\r\n<tr>\r\n<td>Coeficiente de flujo<\/td>\r\n<td>3,8 a 40<\/td>\r\n<\/tr>\r\n<tr>\r\n<td>Material del cuerpo<\/td>\r\n<td>Acero inoxidable CF8M\/316, aleaciones 6-Mo, Duplex 2507, Inconel 625, Monel Alloy 400, Incoloy 825 y Hastelloy C276<\/td>\r\n<\/tr>\r\n<tr>\r\n<td>Materiales del asiento<\/td>\r\n<td>PEEK<\/td>\r\n<\/tr>\r\n<tr>\r\n<td>Conexi\u00f3n final<\/td>\r\n<td>BSP\/NPT\/RF\/RTJ\/SW\/BW<\/td>\r\n<\/tr>\r\n<tr>\r\n<td>Tallas<\/td>\r\n<td>1\/2 a 12 pulgadas; 15 a 300 mil\u00edmetros<\/td>\r\n<\/tr>\r\n<tr>\r\n<td>Configuraciones<\/td>\r\n<td>Encendido apagado<\/td>\r\n<\/tr>\r\n<tr>\r\n<td>Fabricante de todo tipo de v\u00e1lvulas de bola de 3 v\u00edas<\/td>\r\n<td>\r\n<ul>\r\n<li>V\u00e1lvula de bola de paso total<\/li>\r\n<li>V\u00e1lvula de bola de instrumentaci\u00f3n de una sola pieza<\/li>\r\n<li>V\u00e1lvula de bola multiusos<\/li>\r\n<li>V\u00e1lvula de bola de tres piezas para instrumentaci\u00f3n de procesos<\/li>\r\n<li>V\u00e1lvula de bola Trunnion<\/li>\r\n<\/ul>\r\n<\/td>\r\n<\/tr>\r\n<tr>\r\n<td>Clasificaci\u00f3n de presi\u00f3n (CWP) de v\u00e1lvula de bola de 3 v\u00edas de alta presi\u00f3n<\/td>\r\n<td>\r\n<ul>\r\n<li>1000 PSI \/ 69 barras<\/li>\r\n<li>400 PSI \/ 27,6 barras<\/li>\r\n<li>600 PSI \/ 41,4 barras<\/li>\r\n<\/ul>\r\n<\/td>\r\n<\/tr>\r\n<tr>\r\n<td>Clasificaci\u00f3n de presi\u00f3n (SWP) de v\u00e1lvula de bola con brida de 3 v\u00edas<\/td>\r\n<td>\r\n<ul>\r\n<li>150 PSI \/ 10,3 barras<\/li>\r\n<li>200 PSI \/ 13,8 barras<\/li>\r\n<\/ul>\r\n<\/td>\r\n<\/tr>\r\n<tr>\r\n<td>Clasificaci\u00f3n de presi\u00f3n de v\u00e1lvula de bola accionada de 3 v\u00edas (WWP)<\/td>\r\n<td>300 PSI \/ 20,7 barras<\/td>\r\n<\/tr>\r\n<tr>\r\n<td>Caracter\u00edsticas<\/td>\r\n<td>\r\n<ul>\r\n<li>M\u00faltiples opciones de manija<\/li>\r\n<li>Funci\u00f3n de detecci\u00f3n de fugas de prensa<\/li>\r\n<li>Conexiones finales bridadas<\/li>\r\n<li>Palanca de bloqueo Mango de bloqueo o operador de engranaje manual<\/li>\r\n<li>Conexiones finales roscadas soldadas con l\u00e1ser<\/li>\r\n<li>Presione x presione conexiones de extremo hembra<\/li>\r\n<li>Anillos de asiento de PTFE reforzados<\/li>\r\n<\/ul>\r\n<\/td>\r\n<\/tr>\r\n<tr>\r\n<td>De acuerdo a<\/td>\r\n<td>\r\n<ul>\r\n<li>MSS SP-110<\/li>\r\n<li>MSS SP-145<\/li>\r\n<li>CSA B125.14<\/li>\r\n<li>NSF\/ANSI-372<\/li>\r\n<li>API-608 Antiest\u00e1tico<\/li>\r\n<li>CC-ES PMG-1558<\/li>\r\n<li>ASME A112.4.14I<\/li>\r\n<li>APMO\/ANSI Z1157<\/li>\r\n<li>NACE MR0175<\/li>\r\n<li>API-607 Cuarta Edici\u00f3n Caja Fuerte contra Incendios<\/li>\r\n<\/ul>\r\n<\/td>\r\n<\/tr>\r\n<\/tbody>\r\n<\/table>\r\n<\/figure>\r\n\r\n\r\n\r\n<h2 class=\"wp-block-heading\" id=\"h-3-way-ball-valve-price-us-5-150-piece\">Precio de la v\u00e1lvula de bola de 3 v\u00edas: US$ 5~150 \/ pieza<\/h2>\r\n\r\n\r\n\r\n<p>Para obtener precios detallados, comun\u00edquese con ZECO Valve.<\/p>","protected":false},"excerpt":{"rendered":"<p>Ofrecemos v\u00e1lvula de bola de acero inoxidable de 3 v\u00edas. \u00bfQu\u00e9 es una v\u00e1lvula de bola de 3 v\u00edas? Una v\u00e1lvula de bola de 3 v\u00edas tiene 3... <a title=\"V\u00e1lvula de bola de acero inoxidable de 3 v\u00edas\" class=\"read-more\" href=\"https:\/\/zecovalve.com\/es\/producto\/3-way-ball-valve-price\" aria-label=\"M\u00e1s en V\u00e1lvula de bola de 3 v\u00edas de acero inoxidable\">Leer m\u00e1s<\/a><\/p>","protected":false},"featured_media":19544,"comment_status":"closed","ping_status":"closed","template":"","meta":{"_generate-full-width-content":"","kt_blocks_editor_width":""},"product_cat":[2047],"product_tag":[2802,3254,3244,2832],"class_list":["post-19536","product","type-product","status-publish","has-post-thumbnail","hentry","product_cat-ball-valve","product_tag-ball-valve-price","product_tag-ball-valve-stainless-steel","product_tag-stainless-ball-valve","product_tag-stainless-steel-ball-valve","sales-flash-overlay","woocommerce-text-align-center","woocommerce-image-align-center","do-quantity-buttons"],"featured_image_src_large":["https:\/\/zecovalve.com\/wp-content\/uploads\/2022\/07\/3-WAY-BALL-VALVE-T-L-TYPE.png",937,796,false],"author_info":[],"comment_info":0,"taxonomy_info":{"product_cat":[{"value":2047,"label":"Ball Valve"}],"product_tag":[{"value":2802,"label":"Ball Valve Price"},{"value":3254,"label":"Ball Valve Stainless Steel"},{"value":3244,"label":"Stainless Ball Valve"},{"value":2832,"label":"Stainless Steel Ball Valve"}]},"yoast_head":"<!-- This site is optimized with the Yoast SEO Premium plugin v15.4 - https:\/\/yoast.com\/wordpress\/plugins\/seo\/ -->\n<title>3 Way Stainless Steel Ball Valve - 3 Way Ball Valve Price | ZECO Valve<\/title>\n<meta name=\"robots\" content=\"index, follow, max-snippet:-1, max-image-preview:large, max-video-preview:-1\" \/>\n<link rel=\"canonical\" href=\"https:\/\/zecovalve.com\/es\/producto\/3-way-ball-valve-price\" \/>\n<meta property=\"og:locale\" content=\"es_ES\" \/>\n<meta property=\"og:type\" content=\"article\" \/>\n<meta property=\"og:title\" content=\"3 Way Stainless Steel Ball Valve - 3 Way Ball Valve Price | ZECO Valve\" \/>\n<meta property=\"og:description\" content=\"We are offering 3 Way Stainless Steel Ball Valve. What is a 3 Way Ball Valve? A 3-way ball valve has 3 ... Leer m\u00e1s\" \/>\n<meta property=\"og:url\" content=\"https:\/\/zecovalve.com\/es\/producto\/3-way-ball-valve-price\" \/>\n<meta property=\"og:site_name\" content=\"ZECO Valve\" \/>\n<meta property=\"article:modified_time\" content=\"2022-07-26T05:47:23+00:00\" \/>\n<meta property=\"og:image\" content=\"https:\/\/zecovalve.com\/wp-content\/uploads\/2022\/07\/3-WAY-BALL-VALVE-T-L-TYPE.png\" \/>\n\t<meta property=\"og:image:width\" content=\"937\" \/>\n\t<meta property=\"og:image:height\" content=\"796\" \/>\n<meta name=\"twitter:card\" content=\"summary_large_image\" \/>\n<meta name=\"twitter:label1\" content=\"Escrito por\">\n\t<meta name=\"twitter:data1\" content=\"Jerry\">\n\t<meta name=\"twitter:label2\" content=\"Tiempo de lectura\">\n\t<meta name=\"twitter:data2\" content=\"3 minutos\">\n<script type=\"application\/ld+json\" class=\"yoast-schema-graph\">{\"@context\":\"https:\/\/schema.org\",\"@graph\":[{\"@type\":\"WebSite\",\"@id\":\"https:\/\/zecovalve.com\/#website\",\"url\":\"https:\/\/zecovalve.com\/\",\"name\":\"ZECO Valve\",\"description\":\"Industrial Ball Valve, Gate Valve and Globe Valve Manufacturer\",\"potentialAction\":[{\"@type\":\"SearchAction\",\"target\":\"https:\/\/zecovalve.com\/?s={search_term_string}\",\"query-input\":\"required name=search_term_string\"}],\"inLanguage\":\"es\"},{\"@type\":\"ImageObject\",\"@id\":\"https:\/\/zecovalve.com\/product\/3-way-ball-valve-price#primaryimage\",\"inLanguage\":\"es\",\"url\":\"https:\/\/zecovalve.com\/wp-content\/uploads\/2022\/07\/3-WAY-BALL-VALVE-T-L-TYPE.png\",\"width\":937,\"height\":796,\"caption\":\"3 Way Ball Valve\"},{\"@type\":\"WebPage\",\"@id\":\"https:\/\/zecovalve.com\/product\/3-way-ball-valve-price#webpage\",\"url\":\"https:\/\/zecovalve.com\/product\/3-way-ball-valve-price\",\"name\":\"3 Way Stainless Steel Ball Valve - 3 Way Ball Valve Price | ZECO Valve\",\"isPartOf\":{\"@id\":\"https:\/\/zecovalve.com\/#website\"},\"primaryImageOfPage\":{\"@id\":\"https:\/\/zecovalve.com\/product\/3-way-ball-valve-price#primaryimage\"},\"datePublished\":\"2022-07-12T03:18:25+00:00\",\"dateModified\":\"2022-07-26T05:47:23+00:00\",\"breadcrumb\":{\"@id\":\"https:\/\/zecovalve.com\/product\/3-way-ball-valve-price#breadcrumb\"},\"inLanguage\":\"es\",\"potentialAction\":[{\"@type\":\"ReadAction\",\"target\":[\"https:\/\/zecovalve.com\/product\/3-way-ball-valve-price\"]}]},{\"@type\":\"BreadcrumbList\",\"@id\":\"https:\/\/zecovalve.com\/product\/3-way-ball-valve-price#breadcrumb\",\"itemListElement\":[{\"@type\":\"ListItem\",\"position\":1,\"item\":{\"@type\":\"WebPage\",\"@id\":\"https:\/\/zecovalve.com\/\",\"url\":\"https:\/\/zecovalve.com\/\",\"name\":\"Home\"}},{\"@type\":\"ListItem\",\"position\":2,\"item\":{\"@type\":\"WebPage\",\"@id\":\"https:\/\/zecovalve.com\/product-category\",\"url\":\"https:\/\/zecovalve.com\/product-category\",\"name\":\"Industrial Valve Manufacturer | Water Valve Manufacturer\"}},{\"@type\":\"ListItem\",\"position\":3,\"item\":{\"@type\":\"WebPage\",\"@id\":\"https:\/\/zecovalve.com\/product\/3-way-ball-valve-price\",\"url\":\"https:\/\/zecovalve.com\/product\/3-way-ball-valve-price\",\"name\":\"3 Way Stainless Steel Ball Valve\"}}]}]}<\/script>\n<!-- \/ Yoast SEO Premium plugin. -->","_links":{"self":[{"href":"https:\/\/zecovalve.com\/es\/wp-json\/wp\/v2\/product\/19536","targetHints":{"allow":["GET"]}}],"collection":[{"href":"https:\/\/zecovalve.com\/es\/wp-json\/wp\/v2\/product"}],"about":[{"href":"https:\/\/zecovalve.com\/es\/wp-json\/wp\/v2\/types\/product"}],"replies":[{"embeddable":true,"href":"https:\/\/zecovalve.com\/es\/wp-json\/wp\/v2\/comments?post=19536"}],"wp:featuredmedia":[{"embeddable":true,"href":"https:\/\/zecovalve.com\/es\/wp-json\/wp\/v2\/media\/19544"}],"wp:attachment":[{"href":"https:\/\/zecovalve.com\/es\/wp-json\/wp\/v2\/media?parent=19536"}],"wp:term":[{"taxonomy":"product_cat","embeddable":true,"href":"https:\/\/zecovalve.com\/es\/wp-json\/wp\/v2\/product_cat?post=19536"},{"taxonomy":"product_tag","embeddable":true,"href":"https:\/\/zecovalve.com\/es\/wp-json\/wp\/v2\/product_tag?post=19536"}],"curies":[{"name":"wp","href":"https:\/\/api.w.org\/{rel}","templated":true}]}}