{"id":19855,"date":"2022-07-14T03:07:09","date_gmt":"2022-07-14T03:07:09","guid":{"rendered":"https:\/\/zecovalve.com\/?post_type=product&#038;p=19855"},"modified":"2022-07-14T06:31:12","modified_gmt":"2022-07-14T06:31:12","slug":"2-inch-brass-ball-valve","status":"publish","type":"product","link":"https:\/\/zecovalve.com\/es\/producto\/2-inch-brass-ball-valve","title":{"rendered":"V\u00e1lvula de bola de lat\u00f3n de 2 pulgadas"},"content":{"rendered":"<figure class=\"wp-block-image size-full is-resized\"><img loading=\"lazy\" decoding=\"async\" class=\"wp-image-19482\" src=\"https:\/\/zecovalve.com\/wp-content\/uploads\/2022\/07\/Globe-Valve-Check-Valve.jpg\" alt=\"V\u00e1lvula de bola de lat\u00f3n\" width=\"400\" height=\"300\" srcset=\"https:\/\/zecovalve.com\/wp-content\/uploads\/2022\/07\/Globe-Valve-Check-Valve.jpg 800w, https:\/\/zecovalve.com\/wp-content\/uploads\/2022\/07\/Globe-Valve-Check-Valve-300x225.jpg 300w, https:\/\/zecovalve.com\/wp-content\/uploads\/2022\/07\/Globe-Valve-Check-Valve-768x576.jpg 768w, https:\/\/zecovalve.com\/wp-content\/uploads\/2022\/07\/Globe-Valve-Check-Valve-600x450.jpg 600w\" sizes=\"auto, (max-width: 400px) 100vw, 400px\" \/><\/figure>\r\n\r\n\r\n<div class=\"gb-button-wrapper gb-button-wrapper-6d8495a3\">\r\n\r\n\r\n<p><a class=\"gb-button gb-button-3d442e11 gb-button-text\" href=\"https:\/\/zecovalve.com\/es\/contact\/\" target=\"_blank\" rel=\"noopener noreferrer\"><strong>OBT\u00c9N PRECIO DE V\u00c1LVULA DE BOLA DE BRONCE DE 2 pulgadas<\/strong><\/a><\/p>\r\n<\/div>\r\n\r\n\r\n\r\n\r\n<h2 class=\"wp-block-heading\" id=\"h-what-is-a-2-inch-brass-ball-valve\">\u00bfQu\u00e9 es una v\u00e1lvula de bola de lat\u00f3n de 2 pulgadas?<\/h2>\r\n\r\n\r\n\r\n<p>Las v\u00e1lvulas de bola de lat\u00f3n se utilizan mucho en aplicaciones comerciales e industriales para una amplia gama de l\u00edquidos y gases. La v\u00e1lvula de bola de lat\u00f3n ZECO de 2\u2033 se utiliza para controlar el paso de l\u00edquidos, aceites, gases y est\u00e1 equipada con una c\u00f3moda manija para abrir y cerrar la v\u00e1lvula con facilidad.<\/p>\r\n\r\n\r\n\r\n<h2 class=\"wp-block-heading\">Especificaciones t\u00e9cnicas de la v\u00e1lvula de bola de lat\u00f3n de 2 pulgadas<\/h2>\r\n\r\n\r\n\r\n<ul class=\"wp-block-list\">\r\n<li>Rosca de 2\u2033 NPT en ambos extremos<\/li>\r\n<li>600 WOG \/ 150 SWP<\/li>\r\n<li>Mango de acero de 1\/4 de vuelta<\/li>\r\n<li>V\u00e1stago a prueba de explosiones<\/li>\r\n<li>Asientos de tefl\u00f3n<\/li>\r\n<li>Los extremos roscados se encuentran con ANSI B2.1<\/li>\r\n<\/ul>\r\n\r\n\r\n\r\n<figure id=\"attrTable\" class=\"wp-block-table is-style-stripes\">\r\n<table>\r\n<tbody>\r\n<tr>\r\n<td>Peso<\/td>\r\n<td>3,3 libras<\/td>\r\n<\/tr>\r\n<tr>\r\n<td>Nombre del \u00e1rticulo<\/td>\r\n<td>V\u00e1lvula de bola de puerto completo de lat\u00f3n NPTF de 2 pulg.<\/td>\r\n<\/tr>\r\n<tr>\r\n<td>Tama\u00f1o de conexi\u00f3n<\/td>\r\n<td>2 pulg.<\/td>\r\n<\/tr>\r\n<tr>\r\n<td>Apertura del puerto<\/td>\r\n<td>Puerto completo<\/td>\r\n<\/tr>\r\n<tr>\r\n<td>Material de la bola<\/td>\r\n<td>Acero inoxidable<\/td>\r\n<\/tr>\r\n<tr>\r\n<td>Clase de presi\u00f3n<\/td>\r\n<td>WOG sin impacto de 600 PSI<\/td>\r\n<\/tr>\r\n<tr>\r\n<td>Tipo de conexi\u00f3n<\/td>\r\n<td>NPTF<\/td>\r\n<\/tr>\r\n<tr>\r\n<td>Clasificaci\u00f3n de presi\u00f3n (PSI)<\/td>\r\n<td>600<\/td>\r\n<\/tr>\r\n<tr>\r\n<td>Tipo de operaci\u00f3n<\/td>\r\n<td>1\/4 de vuelta<\/td>\r\n<\/tr>\r\n<tr>\r\n<td>Material del tallo<\/td>\r\n<td>Lat\u00f3n sin plomo<\/td>\r\n<\/tr>\r\n<tr>\r\n<td>Material de la carcasa<\/td>\r\n<td>Lat\u00f3n sin plomo<\/td>\r\n<\/tr>\r\n<tr>\r\n<td>Material del sello<\/td>\r\n<td>PTFE<\/td>\r\n<\/tr>\r\n<tr>\r\n<td>Clasificaci\u00f3n de temperatura<\/td>\r\n<td>-30 a 150\u00b0C (-20 a 300\u00b0F)<\/td>\r\n<\/tr>\r\n<\/tbody>\r\n<\/table>\r\n<\/figure>\r\n\r\n\r\n\r\n<h2 class=\"wp-block-heading\">Ventajas de la v\u00e1lvula de bola de lat\u00f3n de 2 pulgadas<\/h2>\r\n\r\n\r\n\r\n<p>Dise\u00f1o de puerto completo para un cuerpo m\u00e1s grande que el de las v\u00e1lvulas est\u00e1ndar, que ofrece poca o ninguna resistencia al flujo. Construcci\u00f3n de lat\u00f3n sin plomo para uso con plomer\u00eda, sistemas de riego y m\u00e1s.<\/p>\r\n\r\n\r\n\r\n<h2 class=\"wp-block-heading\">Aplicaciones de la v\u00e1lvula de bola de lat\u00f3n de 2 pulgadas<\/h2>\r\n\r\n\r\n\r\n<p>Controla el flujo de l\u00edquido para tuber\u00edas de 2 pulgadas para una variedad de aplicaciones, incluidas plomer\u00eda, riego y m\u00e1s, y es ideal para aplicaciones que requieren poca o ninguna p\u00e9rdida de flujo.<\/p>","protected":false},"excerpt":{"rendered":"<p>\u00bfQu\u00e9 es una v\u00e1lvula de bola de lat\u00f3n de 2 pulgadas? Las v\u00e1lvulas de bola de lat\u00f3n se utilizan ampliamente en aplicaciones comerciales e industriales para un completo... <a title=\"V\u00e1lvula de bola de lat\u00f3n de 2 pulgadas\" class=\"read-more\" href=\"https:\/\/zecovalve.com\/es\/producto\/2-inch-brass-ball-valve\" aria-label=\"M\u00e1s en V\u00e1lvula de bola de lat\u00f3n de 2 pulgadas\">Leer m\u00e1s<\/a><\/p>","protected":false},"featured_media":19482,"comment_status":"closed","ping_status":"closed","template":"","meta":{"_generate-full-width-content":"","kt_blocks_editor_width":""},"product_cat":[2047],"product_tag":[2804,2802,2833],"class_list":["post-19855","product","type-product","status-publish","has-post-thumbnail","hentry","product_cat-ball-valve","product_tag-2-inch-ball-valve","product_tag-ball-valve-price","product_tag-brass-ball-valve","sales-flash-overlay","woocommerce-text-align-center","woocommerce-image-align-center","do-quantity-buttons"],"featured_image_src_large":["https:\/\/zecovalve.com\/wp-content\/uploads\/2022\/07\/Globe-Valve-Check-Valve.jpg",800,600,false],"author_info":[],"comment_info":0,"taxonomy_info":{"product_cat":[{"value":2047,"label":"Ball Valve"}],"product_tag":[{"value":2804,"label":"2 inch Ball Valve"},{"value":2802,"label":"Ball Valve Price"},{"value":2833,"label":"Brass Ball Valve"}]},"yoast_head":"<!-- This site is optimized with the Yoast SEO Premium plugin v15.4 - https:\/\/yoast.com\/wordpress\/plugins\/seo\/ -->\n<title>2 Inch Brass Ball Valve Manufacturer | Competitive Ball Valve Price | ZECO<\/title>\n<meta name=\"robots\" content=\"index, follow, max-snippet:-1, max-image-preview:large, max-video-preview:-1\" \/>\n<link rel=\"canonical\" href=\"https:\/\/zecovalve.com\/es\/producto\/2-inch-brass-ball-valve\" \/>\n<meta property=\"og:locale\" content=\"es_ES\" \/>\n<meta property=\"og:type\" content=\"article\" \/>\n<meta property=\"og:title\" content=\"2 Inch Brass Ball Valve Manufacturer | Competitive Ball Valve Price | ZECO\" \/>\n<meta property=\"og:description\" content=\"What is a 2 inch Brass Ball Valve? Brass ball valves are greatly used in commercial and industrial applications for a full ... Leer m\u00e1s\" \/>\n<meta property=\"og:url\" content=\"https:\/\/zecovalve.com\/es\/producto\/2-inch-brass-ball-valve\" \/>\n<meta property=\"og:site_name\" content=\"ZECO Valve\" \/>\n<meta property=\"article:modified_time\" content=\"2022-07-14T06:31:12+00:00\" \/>\n<meta property=\"og:image\" content=\"https:\/\/zecovalve.com\/wp-content\/uploads\/2022\/07\/Globe-Valve-Check-Valve.jpg\" \/>\n\t<meta property=\"og:image:width\" content=\"800\" \/>\n\t<meta property=\"og:image:height\" content=\"600\" \/>\n<meta name=\"twitter:card\" content=\"summary_large_image\" \/>\n<meta name=\"twitter:label1\" content=\"Escrito por\">\n\t<meta name=\"twitter:data1\" content=\"Jerry\">\n\t<meta name=\"twitter:label2\" content=\"Tiempo de lectura\">\n\t<meta name=\"twitter:data2\" content=\"1 minuto\">\n<script type=\"application\/ld+json\" class=\"yoast-schema-graph\">{\"@context\":\"https:\/\/schema.org\",\"@graph\":[{\"@type\":\"WebSite\",\"@id\":\"https:\/\/zecovalve.com\/#website\",\"url\":\"https:\/\/zecovalve.com\/\",\"name\":\"ZECO Valve\",\"description\":\"Industrial Ball Valve, Gate Valve and Globe Valve Manufacturer\",\"potentialAction\":[{\"@type\":\"SearchAction\",\"target\":\"https:\/\/zecovalve.com\/?s={search_term_string}\",\"query-input\":\"required name=search_term_string\"}],\"inLanguage\":\"es\"},{\"@type\":\"ImageObject\",\"@id\":\"https:\/\/zecovalve.com\/product\/2-inch-brass-ball-valve#primaryimage\",\"inLanguage\":\"es\",\"url\":\"https:\/\/zecovalve.com\/wp-content\/uploads\/2022\/07\/Globe-Valve-Check-Valve.jpg\",\"width\":800,\"height\":600,\"caption\":\"Brass Ball Valve\"},{\"@type\":\"WebPage\",\"@id\":\"https:\/\/zecovalve.com\/product\/2-inch-brass-ball-valve#webpage\",\"url\":\"https:\/\/zecovalve.com\/product\/2-inch-brass-ball-valve\",\"name\":\"2 Inch Brass Ball Valve Manufacturer | Competitive Ball Valve Price | ZECO\",\"isPartOf\":{\"@id\":\"https:\/\/zecovalve.com\/#website\"},\"primaryImageOfPage\":{\"@id\":\"https:\/\/zecovalve.com\/product\/2-inch-brass-ball-valve#primaryimage\"},\"datePublished\":\"2022-07-14T03:07:09+00:00\",\"dateModified\":\"2022-07-14T06:31:12+00:00\",\"breadcrumb\":{\"@id\":\"https:\/\/zecovalve.com\/product\/2-inch-brass-ball-valve#breadcrumb\"},\"inLanguage\":\"es\",\"potentialAction\":[{\"@type\":\"ReadAction\",\"target\":[\"https:\/\/zecovalve.com\/product\/2-inch-brass-ball-valve\"]}]},{\"@type\":\"BreadcrumbList\",\"@id\":\"https:\/\/zecovalve.com\/product\/2-inch-brass-ball-valve#breadcrumb\",\"itemListElement\":[{\"@type\":\"ListItem\",\"position\":1,\"item\":{\"@type\":\"WebPage\",\"@id\":\"https:\/\/zecovalve.com\/\",\"url\":\"https:\/\/zecovalve.com\/\",\"name\":\"Home\"}},{\"@type\":\"ListItem\",\"position\":2,\"item\":{\"@type\":\"WebPage\",\"@id\":\"https:\/\/zecovalve.com\/product-category\",\"url\":\"https:\/\/zecovalve.com\/product-category\",\"name\":\"Industrial Valve Manufacturer | Water Valve Manufacturer\"}},{\"@type\":\"ListItem\",\"position\":3,\"item\":{\"@type\":\"WebPage\",\"@id\":\"https:\/\/zecovalve.com\/product\/2-inch-brass-ball-valve\",\"url\":\"https:\/\/zecovalve.com\/product\/2-inch-brass-ball-valve\",\"name\":\"2 inch Brass Ball Valve\"}}]}]}<\/script>\n<!-- \/ Yoast SEO Premium plugin. -->","_links":{"self":[{"href":"https:\/\/zecovalve.com\/es\/wp-json\/wp\/v2\/product\/19855","targetHints":{"allow":["GET"]}}],"collection":[{"href":"https:\/\/zecovalve.com\/es\/wp-json\/wp\/v2\/product"}],"about":[{"href":"https:\/\/zecovalve.com\/es\/wp-json\/wp\/v2\/types\/product"}],"replies":[{"embeddable":true,"href":"https:\/\/zecovalve.com\/es\/wp-json\/wp\/v2\/comments?post=19855"}],"wp:featuredmedia":[{"embeddable":true,"href":"https:\/\/zecovalve.com\/es\/wp-json\/wp\/v2\/media\/19482"}],"wp:attachment":[{"href":"https:\/\/zecovalve.com\/es\/wp-json\/wp\/v2\/media?parent=19855"}],"wp:term":[{"taxonomy":"product_cat","embeddable":true,"href":"https:\/\/zecovalve.com\/es\/wp-json\/wp\/v2\/product_cat?post=19855"},{"taxonomy":"product_tag","embeddable":true,"href":"https:\/\/zecovalve.com\/es\/wp-json\/wp\/v2\/product_tag?post=19855"}],"curies":[{"name":"wp","href":"https:\/\/api.w.org\/{rel}","templated":true}]}}