{"id":19857,"date":"2022-07-14T03:35:13","date_gmt":"2022-07-14T03:35:13","guid":{"rendered":"https:\/\/zecovalve.com\/?post_type=product&#038;p=19857"},"modified":"2022-07-14T06:31:27","modified_gmt":"2022-07-14T06:31:27","slug":"2-brass-ball-valve","status":"publish","type":"product","link":"https:\/\/zecovalve.com\/es\/producto\/2-brass-ball-valve","title":{"rendered":"V\u00e1lvula de bola de lat\u00f3n de 2 \u2033"},"content":{"rendered":"<figure class=\"wp-block-image size-full is-resized\"><img loading=\"lazy\" decoding=\"async\" class=\"wp-image-19482\" src=\"https:\/\/zecovalve.com\/wp-content\/uploads\/2022\/07\/Globe-Valve-Check-Valve.jpg\" alt=\"V\u00e1lvula de bola de lat\u00f3n\" width=\"400\" height=\"300\" srcset=\"https:\/\/zecovalve.com\/wp-content\/uploads\/2022\/07\/Globe-Valve-Check-Valve.jpg 800w, https:\/\/zecovalve.com\/wp-content\/uploads\/2022\/07\/Globe-Valve-Check-Valve-300x225.jpg 300w, https:\/\/zecovalve.com\/wp-content\/uploads\/2022\/07\/Globe-Valve-Check-Valve-768x576.jpg 768w, https:\/\/zecovalve.com\/wp-content\/uploads\/2022\/07\/Globe-Valve-Check-Valve-600x450.jpg 600w\" sizes=\"auto, (max-width: 400px) 100vw, 400px\" \/><\/figure>\r\n\r\n\r\n<div class=\"gb-button-wrapper gb-button-wrapper-6d8495a3\">\r\n\r\n\r\n<p><a class=\"gb-button gb-button-3d442e11 gb-button-text\" href=\"https:\/\/zecovalve.com\/es\/contact\/\" target=\"_blank\" rel=\"noopener noreferrer\"><strong>OBT\u00c9N PRECIO DE V\u00c1LVULA DE BOLA DE BRONCE DE 2\u2033<\/strong><\/a><\/p>\r\n<\/div>\r\n\r\n\r\n\r\n\r\n<h2 class=\"wp-block-heading\" id=\"h-what-is-a-2-brass-ball-valve\">\u00bfQu\u00e9 es una v\u00e1lvula de bola de lat\u00f3n de 2 \u2033?<\/h2>\r\n\r\n\r\n\r\n<p>Las v\u00e1lvulas de bola de lat\u00f3n sin plomo de puerto completo est\u00e1n dise\u00f1adas para usarse con aire, aceite, agua y otros medios compatibles con los materiales de construcci\u00f3n. Ideal donde se requiere una construcci\u00f3n sin plomo y aprobada por la NSF para agua potable u otras aplicaciones industriales generales. Las v\u00e1lvulas pueden operarse manualmente con una palanca de acero inoxidable o montarse directamente en actuadores neum\u00e1ticos o el\u00e9ctricos utilizando la plataforma de montaje est\u00e1ndar ISO5211. Al girar la v\u00e1lvula un cuarto de vuelta, la bola gira desde la posici\u00f3n cerrada hasta la posici\u00f3n completamente abierta. El dispositivo de bloqueo del pestillo permite bloquear la v\u00e1lvula con una almohadilla en la posici\u00f3n abierta o cerrada.<\/p>\r\n\r\n\r\n\r\n<h2 class=\"wp-block-heading\">Especificaciones t\u00e9cnicas de la v\u00e1lvula de bola de lat\u00f3n de 2 \u2033<\/h2>\r\n\r\n\r\n\r\n<figure class=\"wp-block-table\">\r\n<table>\r\n<tbody>\r\n<tr>\r\n<th>Tama\u00f1o de la tuber\u00eda<\/th>\r\n<td>2\u2033 NPT hembra<\/td>\r\n<\/tr>\r\n<tr>\r\n<th>Tama\u00f1o del puerto<\/th>\r\n<td>Puerto completo, orificio de 2,0 pulgadas, Cv 240<\/td>\r\n<\/tr>\r\n<tr>\r\n<th>Presi\u00f3n nominal<\/th>\r\n<td>600 PSI CWP sin impacto (consulte la tabla P\/T) Servicio de vac\u00edo a 29 \u2033 Hg, servicio de vapor 150 PSI<\/td>\r\n<\/tr>\r\n<tr>\r\n<th>Mango<\/th>\r\n<td>Acero inoxidable con agarre de vinilo.<\/td>\r\n<\/tr>\r\n<tr>\r\n<th>Cuerpo de la v\u00e1lvula<\/th>\r\n<td>Lat\u00f3n sin plomo C69300<\/td>\r\n<\/tr>\r\n<tr>\r\n<th>Bola y tallo<\/th>\r\n<td>316 acero inoxidable<\/td>\r\n<\/tr>\r\n<tr>\r\n<th>Sellos de v\u00e1stago<\/th>\r\n<td>PTFE (tefl\u00f3n) con sellos dobles de FKM (vit\u00f3n)<\/td>\r\n<\/tr>\r\n<tr>\r\n<th>Asientos de bola<\/th>\r\n<td>PTFE (Tefl\u00f3n) energizado con FKM (viton)<\/td>\r\n<\/tr>\r\n<tr>\r\n<th>Temperatura<\/th>\r\n<td>0 a 366 \u00baF (-20 a 186 \u00baC)<\/td>\r\n<\/tr>\r\n<tr>\r\n<th>Par de rotura<\/th>\r\n<td>170 pulgadas-libras (0 PSI, 68\u00baF), 19,2 Nm (0 bar, 20\u00baC)<\/td>\r\n<\/tr>\r\n<tr>\r\n<th>Montaje ISO5211<\/th>\r\n<td>F05\/F07, v\u00e1stago cuadrado de 11 mm<\/td>\r\n<\/tr>\r\n<\/tbody>\r\n<\/table>\r\n<\/figure>\r\n\r\n\r\n\r\n<h2 class=\"wp-block-heading\">Ventajas de la v\u00e1lvula de bola de lat\u00f3n de 2 \u2033<\/h2>\r\n\r\n\r\n\r\n<ul class=\"wp-block-list\">\r\n<li>Construcci\u00f3n de lat\u00f3n sin plomo y respetuosa con el medio ambiente.<\/li>\r\n<li>Puerto completo para flujo sin restricciones<\/li>\r\n<li>Bola y v\u00e1stago de acero inoxidable 316.<\/li>\r\n<li>V\u00e1stago a prueba de explosi\u00f3n<\/li>\r\n<li>Asientos de bolas de PTFE energizados para una vida \u00fatil prolongada y un par reducido<\/li>\r\n<li>Dise\u00f1o de sello de v\u00e1stago triple de PTFE\/Viton sin fugas<\/li>\r\n<li>Manija de bloqueo con pestillo (bloqueable con candado)<\/li>\r\n<li>Almohadilla de montaje directo ISO5211 lista para actuador<\/li>\r\n<li>Certificado seg\u00fan NSF372 y NSF61 para uso con agua potable\/potable<\/li>\r\n<\/ul>\r\n\r\n\r\n\r\n<h2 class=\"wp-block-heading\">Aplicaciones de la v\u00e1lvula de bola de lat\u00f3n de 2 \u2033<\/h2>\r\n\r\n\r\n\r\n<p>Controla el flujo de l\u00edquido para tuber\u00edas de 2\u2033 para una variedad de aplicaciones, incluidas plomer\u00eda, riego y m\u00e1s, y es ideal para aplicaciones que requieren poca o ninguna p\u00e9rdida de flujo.<\/p>","protected":false},"excerpt":{"rendered":"<p>\u00bfQu\u00e9 es una v\u00e1lvula de bola de lat\u00f3n de 2 \u2033? Las v\u00e1lvulas de bola de lat\u00f3n sin plomo de puerto completo est\u00e1n dise\u00f1adas para usarse con aire, aceite, agua... <a title=\"V\u00e1lvula de bola de lat\u00f3n de 2 \u2033\" class=\"read-more\" href=\"https:\/\/zecovalve.com\/es\/producto\/2-brass-ball-valve\" aria-label=\"M\u00e1s en V\u00e1lvula de Bola de Lat\u00f3n 2\u2033\">Leer m\u00e1s<\/a><\/p>","protected":false},"featured_media":19482,"comment_status":"closed","ping_status":"closed","template":"","meta":{"_generate-full-width-content":"","kt_blocks_editor_width":""},"product_cat":[2047],"product_tag":[2804,2802,2833],"class_list":["post-19857","product","type-product","status-publish","has-post-thumbnail","hentry","product_cat-ball-valve","product_tag-2-inch-ball-valve","product_tag-ball-valve-price","product_tag-brass-ball-valve","sales-flash-overlay","woocommerce-text-align-center","woocommerce-image-align-center","do-quantity-buttons"],"featured_image_src_large":["https:\/\/zecovalve.com\/wp-content\/uploads\/2022\/07\/Globe-Valve-Check-Valve.jpg",800,600,false],"author_info":[],"comment_info":0,"taxonomy_info":{"product_cat":[{"value":2047,"label":"Ball Valve"}],"product_tag":[{"value":2804,"label":"2 inch Ball Valve"},{"value":2802,"label":"Ball Valve Price"},{"value":2833,"label":"Brass Ball Valve"}]},"yoast_head":"<!-- This site is optimized with the Yoast SEO Premium plugin v15.4 - https:\/\/yoast.com\/wordpress\/plugins\/seo\/ -->\n<title>2&quot; Brass Ball Valve - Competitive Ball Valve Price | ZECO Valve<\/title>\n<meta name=\"robots\" content=\"index, follow, max-snippet:-1, max-image-preview:large, max-video-preview:-1\" \/>\n<link rel=\"canonical\" href=\"https:\/\/zecovalve.com\/es\/producto\/2-brass-ball-valve\" \/>\n<meta property=\"og:locale\" content=\"es_ES\" \/>\n<meta property=\"og:type\" content=\"article\" \/>\n<meta property=\"og:title\" content=\"2&quot; Brass Ball Valve - Competitive Ball Valve Price | ZECO Valve\" \/>\n<meta property=\"og:description\" content=\"What is a 2&#8243; Brass Ball Valve? Full port lead free brass ball valves are designed for use with air, oil, water ... Leer m\u00e1s\" \/>\n<meta property=\"og:url\" content=\"https:\/\/zecovalve.com\/es\/producto\/2-brass-ball-valve\" \/>\n<meta property=\"og:site_name\" content=\"ZECO Valve\" \/>\n<meta property=\"article:modified_time\" content=\"2022-07-14T06:31:27+00:00\" \/>\n<meta property=\"og:image\" content=\"https:\/\/zecovalve.com\/wp-content\/uploads\/2022\/07\/Globe-Valve-Check-Valve.jpg\" \/>\n\t<meta property=\"og:image:width\" content=\"800\" \/>\n\t<meta property=\"og:image:height\" content=\"600\" \/>\n<meta name=\"twitter:card\" content=\"summary_large_image\" \/>\n<meta name=\"twitter:label1\" content=\"Escrito por\">\n\t<meta name=\"twitter:data1\" content=\"Jerry\">\n\t<meta name=\"twitter:label2\" content=\"Tiempo de lectura\">\n\t<meta name=\"twitter:data2\" content=\"1 minuto\">\n<script type=\"application\/ld+json\" class=\"yoast-schema-graph\">{\"@context\":\"https:\/\/schema.org\",\"@graph\":[{\"@type\":\"WebSite\",\"@id\":\"https:\/\/zecovalve.com\/#website\",\"url\":\"https:\/\/zecovalve.com\/\",\"name\":\"ZECO Valve\",\"description\":\"Industrial Ball Valve, Gate Valve and Globe Valve Manufacturer\",\"potentialAction\":[{\"@type\":\"SearchAction\",\"target\":\"https:\/\/zecovalve.com\/?s={search_term_string}\",\"query-input\":\"required name=search_term_string\"}],\"inLanguage\":\"es\"},{\"@type\":\"ImageObject\",\"@id\":\"https:\/\/zecovalve.com\/product\/2-brass-ball-valve#primaryimage\",\"inLanguage\":\"es\",\"url\":\"https:\/\/zecovalve.com\/wp-content\/uploads\/2022\/07\/Globe-Valve-Check-Valve.jpg\",\"width\":800,\"height\":600,\"caption\":\"Brass Ball Valve\"},{\"@type\":\"WebPage\",\"@id\":\"https:\/\/zecovalve.com\/product\/2-brass-ball-valve#webpage\",\"url\":\"https:\/\/zecovalve.com\/product\/2-brass-ball-valve\",\"name\":\"2\\\" Brass Ball Valve - Competitive Ball Valve Price | ZECO Valve\",\"isPartOf\":{\"@id\":\"https:\/\/zecovalve.com\/#website\"},\"primaryImageOfPage\":{\"@id\":\"https:\/\/zecovalve.com\/product\/2-brass-ball-valve#primaryimage\"},\"datePublished\":\"2022-07-14T03:35:13+00:00\",\"dateModified\":\"2022-07-14T06:31:27+00:00\",\"breadcrumb\":{\"@id\":\"https:\/\/zecovalve.com\/product\/2-brass-ball-valve#breadcrumb\"},\"inLanguage\":\"es\",\"potentialAction\":[{\"@type\":\"ReadAction\",\"target\":[\"https:\/\/zecovalve.com\/product\/2-brass-ball-valve\"]}]},{\"@type\":\"BreadcrumbList\",\"@id\":\"https:\/\/zecovalve.com\/product\/2-brass-ball-valve#breadcrumb\",\"itemListElement\":[{\"@type\":\"ListItem\",\"position\":1,\"item\":{\"@type\":\"WebPage\",\"@id\":\"https:\/\/zecovalve.com\/\",\"url\":\"https:\/\/zecovalve.com\/\",\"name\":\"Home\"}},{\"@type\":\"ListItem\",\"position\":2,\"item\":{\"@type\":\"WebPage\",\"@id\":\"https:\/\/zecovalve.com\/product-category\",\"url\":\"https:\/\/zecovalve.com\/product-category\",\"name\":\"Industrial Valve Manufacturer | Water Valve Manufacturer\"}},{\"@type\":\"ListItem\",\"position\":3,\"item\":{\"@type\":\"WebPage\",\"@id\":\"https:\/\/zecovalve.com\/product\/2-brass-ball-valve\",\"url\":\"https:\/\/zecovalve.com\/product\/2-brass-ball-valve\",\"name\":\"2&#8243; Brass Ball Valve\"}}]}]}<\/script>\n<!-- \/ Yoast SEO Premium plugin. -->","_links":{"self":[{"href":"https:\/\/zecovalve.com\/es\/wp-json\/wp\/v2\/product\/19857","targetHints":{"allow":["GET"]}}],"collection":[{"href":"https:\/\/zecovalve.com\/es\/wp-json\/wp\/v2\/product"}],"about":[{"href":"https:\/\/zecovalve.com\/es\/wp-json\/wp\/v2\/types\/product"}],"replies":[{"embeddable":true,"href":"https:\/\/zecovalve.com\/es\/wp-json\/wp\/v2\/comments?post=19857"}],"wp:featuredmedia":[{"embeddable":true,"href":"https:\/\/zecovalve.com\/es\/wp-json\/wp\/v2\/media\/19482"}],"wp:attachment":[{"href":"https:\/\/zecovalve.com\/es\/wp-json\/wp\/v2\/media?parent=19857"}],"wp:term":[{"taxonomy":"product_cat","embeddable":true,"href":"https:\/\/zecovalve.com\/es\/wp-json\/wp\/v2\/product_cat?post=19857"},{"taxonomy":"product_tag","embeddable":true,"href":"https:\/\/zecovalve.com\/es\/wp-json\/wp\/v2\/product_tag?post=19857"}],"curies":[{"name":"wp","href":"https:\/\/api.w.org\/{rel}","templated":true}]}}