{"id":19860,"date":"2022-07-14T06:29:32","date_gmt":"2022-07-14T06:29:32","guid":{"rendered":"https:\/\/zecovalve.com\/?post_type=product&#038;p=19860"},"modified":"2022-07-14T06:29:46","modified_gmt":"2022-07-14T06:29:46","slug":"3-brass-ball-valve","status":"publish","type":"product","link":"https:\/\/zecovalve.com\/es\/producto\/3-brass-ball-valve","title":{"rendered":"V\u00e1lvula de bola de lat\u00f3n de 3 \u2033"},"content":{"rendered":"<figure class=\"wp-block-image size-full is-resized\"><img loading=\"lazy\" decoding=\"async\" class=\"wp-image-19482\" src=\"https:\/\/zecovalve.com\/wp-content\/uploads\/2022\/07\/Globe-Valve-Check-Valve.jpg\" alt=\"V\u00e1lvula de bola de lat\u00f3n\" width=\"400\" height=\"300\" srcset=\"https:\/\/zecovalve.com\/wp-content\/uploads\/2022\/07\/Globe-Valve-Check-Valve.jpg 800w, https:\/\/zecovalve.com\/wp-content\/uploads\/2022\/07\/Globe-Valve-Check-Valve-300x225.jpg 300w, https:\/\/zecovalve.com\/wp-content\/uploads\/2022\/07\/Globe-Valve-Check-Valve-768x576.jpg 768w, https:\/\/zecovalve.com\/wp-content\/uploads\/2022\/07\/Globe-Valve-Check-Valve-600x450.jpg 600w\" sizes=\"auto, (max-width: 400px) 100vw, 400px\" \/><\/figure>\r\n\r\n\r\n<div class=\"gb-button-wrapper gb-button-wrapper-6d8495a3\">\r\n\r\n\r\n<p><a class=\"gb-button gb-button-3d442e11 gb-button-text\" href=\"https:\/\/zecovalve.com\/es\/contact\/\" target=\"_blank\" rel=\"noopener noreferrer\"><strong>OBT\u00c9N PRECIO DE V\u00c1LVULA DE BOLA DE BRONCE DE 3\u2033<\/strong><\/a><\/p>\r\n<\/div>\r\n\r\n\r\n\r\n\r\n<h2 class=\"wp-block-heading\" id=\"h-what-is-a-3-brass-ball-valve\">\u00bfQu\u00e9 es una v\u00e1lvula de bola de lat\u00f3n de 3 \u2033?<\/h2>\r\n\r\n\r\n\r\n<p>V\u00e1lvula de bola de puerto completo de lat\u00f3n de 3\u2033: v\u00e1lvula de bola de lat\u00f3n, rosca FNPT, rango de temperatura de -60 \u00b0F a 400 \u00b0F, v\u00e1stago a prueba de explosiones, bola de lat\u00f3n cromada. La v\u00e1lvula solo debe usarse en posici\u00f3n completamente abierta o cerrada.<\/p>\r\n\r\n\r\n\r\n<p>V\u00e1lvula de bola de lat\u00f3n de puerto completo, rosca de tubo nacional hembra roscada con manija de palanca.<\/p>\r\n\r\n\r\n\r\n<h2 class=\"wp-block-heading\">Especificaciones T\u00e9cnicas de V\u00e1lvulas de Bola de Lat\u00f3n de 3\u2033<\/h2>\r\n\r\n\r\n\r\n<figure class=\"wp-block-table\">\r\n<table>\r\n<tbody>\r\n<tr>\r\n<td>Material<\/td>\r\n<td>Lat\u00f3n<\/td>\r\n<\/tr>\r\n<tr>\r\n<td>Tama\u00f1o de la v\u00e1lvula<\/td>\r\n<td>3 pulgadas<\/td>\r\n<\/tr>\r\n<tr>\r\n<td>Presi\u00f3n<\/td>\r\n<td>Baja presi\u00f3n, media presi\u00f3n, alta presi\u00f3n<\/td>\r\n<\/tr>\r\n<tr>\r\n<td>Temperatura<\/td>\r\n<td>-60\u00b0F \u2013 400\u00b0F<\/td>\r\n<\/tr>\r\n<tr>\r\n<td>Lugar de origen<\/td>\r\n<td>Porcelana<\/td>\r\n<\/tr>\r\n<tr>\r\n<td>Medios de comunicaci\u00f3n<\/td>\r\n<td>Aire agua<\/td>\r\n<\/tr>\r\n<tr>\r\n<td>Temperatura de los medios<\/td>\r\n<td>Baja temperatura, temperatura media, temperatura alta<\/td>\r\n<\/tr>\r\n<tr>\r\n<td>Uso\/Aplicaci\u00f3n<\/td>\r\n<td>Industriales\/Plomer\u00eda<\/td>\r\n<\/tr>\r\n<tr>\r\n<td>N\u00famero de modelo<\/td>\r\n<td>ZF 01<\/td>\r\n<\/tr>\r\n<tr>\r\n<td>Condici\u00f3n<\/td>\r\n<td>Nuevo<\/td>\r\n<\/tr>\r\n<tr>\r\n<td>Cantidad m\u00ednima de pedido<\/td>\r\n<td>10<\/td>\r\n<\/tr>\r\n<\/tbody>\r\n<\/table>\r\n<\/figure>\r\n\r\n\r\n\r\n<h2 class=\"wp-block-heading\">Ventajas de las v\u00e1lvulas de bola de lat\u00f3n de 3 \u2033<\/h2>\r\n\r\n\r\n\r\n<ul class=\"wp-block-list\">\r\n<li>Adecuado para una amplia gama de l\u00edquidos y gases.<\/li>\r\n<li>Ca\u00edda de presi\u00f3n m\u00ednima debido a los grandes puertos de tama\u00f1o completo<\/li>\r\n<li>V\u00e1stago de retenci\u00f3n de presi\u00f3n con carga inferior<\/li>\r\n<li>Presi\u00f3n nominal de 1\/4\u2033-2\u2033 a 600 psi (42 bares)<\/li>\r\n<li>2-1\/2\u2033-4\u2033 a 400 psi WOG (sin impacto) y 150 WSP (10,34 bares) de vapor saturado.<\/li>\r\n<li>Sello de empaquetadura de v\u00e1stago de PTFE virgen, arandela de empuje y asientos<\/li>\r\n<li>Aislante de vinilo amarillo sobre mangos de acero al carbono chapados de alta resistencia.<\/li>\r\n<li>Operaci\u00f3n r\u00e1pida de apertura o cierre de 1\/4 de vuelta<\/li>\r\n<li>No libre de plomo<\/li>\r\n<li>bueno para gasolina<\/li>\r\n<\/ul>\r\n\r\n\r\n\r\n<h2 class=\"wp-block-heading\">Aplicaciones de las v\u00e1lvulas de bola de lat\u00f3n de 3\u2033<\/h2>\r\n\r\n\r\n\r\n<p>Las v\u00e1lvulas de bola de lat\u00f3n de 3\u2033 de puerto completo son adecuadas para una gama completa de l\u00edquidos y gases en aplicaciones residenciales y comerciales.<\/p>","protected":false},"excerpt":{"rendered":"<p>\u00bfQu\u00e9 es una v\u00e1lvula de bola de lat\u00f3n de 3 \u2033? V\u00e1lvula de bola de puerto completo de lat\u00f3n de 3\u2033: v\u00e1lvula de bola de lat\u00f3n, rosca FNPT, rango de temperatura -60 \u00b0F... <a title=\"V\u00e1lvula de bola de lat\u00f3n de 3 \u2033\" class=\"read-more\" href=\"https:\/\/zecovalve.com\/es\/producto\/3-brass-ball-valve\" aria-label=\"M\u00e1s en V\u00e1lvula de Bola de Lat\u00f3n de 3\u2033\">Leer m\u00e1s<\/a><\/p>","protected":false},"featured_media":19482,"comment_status":"closed","ping_status":"closed","template":"","meta":{"_generate-full-width-content":"","kt_blocks_editor_width":""},"product_cat":[2047,2461],"product_tag":[2802,2833],"class_list":["post-19860","product","type-product","status-publish","has-post-thumbnail","hentry","product_cat-ball-valve","product_cat-ball-valve-by-material","product_tag-ball-valve-price","product_tag-brass-ball-valve","sales-flash-overlay","woocommerce-text-align-center","woocommerce-image-align-center","do-quantity-buttons"],"featured_image_src_large":["https:\/\/zecovalve.com\/wp-content\/uploads\/2022\/07\/Globe-Valve-Check-Valve.jpg",800,600,false],"author_info":[],"comment_info":0,"taxonomy_info":{"product_cat":[{"value":2047,"label":"Ball Valve"},{"value":2461,"label":"Ball Valve By Material"}],"product_tag":[{"value":2802,"label":"Ball Valve Price"},{"value":2833,"label":"Brass Ball Valve"}]},"yoast_head":"<!-- This site is optimized with the Yoast SEO Premium plugin v15.4 - https:\/\/yoast.com\/wordpress\/plugins\/seo\/ -->\n<title>3&quot; Brass Ball Valve - Competitive Ball Valve Price | ZECO Valve<\/title>\n<meta name=\"robots\" content=\"index, follow, max-snippet:-1, max-image-preview:large, max-video-preview:-1\" \/>\n<link rel=\"canonical\" href=\"https:\/\/zecovalve.com\/es\/producto\/3-brass-ball-valve\" \/>\n<meta property=\"og:locale\" content=\"es_ES\" \/>\n<meta property=\"og:type\" content=\"article\" \/>\n<meta property=\"og:title\" content=\"3&quot; Brass Ball Valve - Competitive Ball Valve Price | ZECO Valve\" \/>\n<meta property=\"og:description\" content=\"What is a 3&#8243; Brass Ball Valve? 3\u2033 Brass Full Port Ball Valve \u2013 Brass ball valve, FNPT threaded, temperature range -60\u00b0F ... Leer m\u00e1s\" \/>\n<meta property=\"og:url\" content=\"https:\/\/zecovalve.com\/es\/producto\/3-brass-ball-valve\" \/>\n<meta property=\"og:site_name\" content=\"ZECO Valve\" \/>\n<meta property=\"article:modified_time\" content=\"2022-07-14T06:29:46+00:00\" \/>\n<meta property=\"og:image\" content=\"https:\/\/zecovalve.com\/wp-content\/uploads\/2022\/07\/Globe-Valve-Check-Valve.jpg\" \/>\n\t<meta property=\"og:image:width\" content=\"800\" \/>\n\t<meta property=\"og:image:height\" content=\"600\" \/>\n<meta name=\"twitter:card\" content=\"summary_large_image\" \/>\n<meta name=\"twitter:label1\" content=\"Escrito por\">\n\t<meta name=\"twitter:data1\" content=\"Jerry\">\n\t<meta name=\"twitter:label2\" content=\"Tiempo de lectura\">\n\t<meta name=\"twitter:data2\" content=\"1 minuto\">\n<script type=\"application\/ld+json\" class=\"yoast-schema-graph\">{\"@context\":\"https:\/\/schema.org\",\"@graph\":[{\"@type\":\"WebSite\",\"@id\":\"https:\/\/zecovalve.com\/#website\",\"url\":\"https:\/\/zecovalve.com\/\",\"name\":\"ZECO Valve\",\"description\":\"Industrial Ball Valve, Gate Valve and Globe Valve Manufacturer\",\"potentialAction\":[{\"@type\":\"SearchAction\",\"target\":\"https:\/\/zecovalve.com\/?s={search_term_string}\",\"query-input\":\"required name=search_term_string\"}],\"inLanguage\":\"es\"},{\"@type\":\"ImageObject\",\"@id\":\"https:\/\/zecovalve.com\/product\/3-brass-ball-valve#primaryimage\",\"inLanguage\":\"es\",\"url\":\"https:\/\/zecovalve.com\/wp-content\/uploads\/2022\/07\/Globe-Valve-Check-Valve.jpg\",\"width\":800,\"height\":600,\"caption\":\"Brass Ball Valve\"},{\"@type\":\"WebPage\",\"@id\":\"https:\/\/zecovalve.com\/product\/3-brass-ball-valve#webpage\",\"url\":\"https:\/\/zecovalve.com\/product\/3-brass-ball-valve\",\"name\":\"3\\\" Brass Ball Valve - Competitive Ball Valve Price | ZECO Valve\",\"isPartOf\":{\"@id\":\"https:\/\/zecovalve.com\/#website\"},\"primaryImageOfPage\":{\"@id\":\"https:\/\/zecovalve.com\/product\/3-brass-ball-valve#primaryimage\"},\"datePublished\":\"2022-07-14T06:29:32+00:00\",\"dateModified\":\"2022-07-14T06:29:46+00:00\",\"breadcrumb\":{\"@id\":\"https:\/\/zecovalve.com\/product\/3-brass-ball-valve#breadcrumb\"},\"inLanguage\":\"es\",\"potentialAction\":[{\"@type\":\"ReadAction\",\"target\":[\"https:\/\/zecovalve.com\/product\/3-brass-ball-valve\"]}]},{\"@type\":\"BreadcrumbList\",\"@id\":\"https:\/\/zecovalve.com\/product\/3-brass-ball-valve#breadcrumb\",\"itemListElement\":[{\"@type\":\"ListItem\",\"position\":1,\"item\":{\"@type\":\"WebPage\",\"@id\":\"https:\/\/zecovalve.com\/\",\"url\":\"https:\/\/zecovalve.com\/\",\"name\":\"Home\"}},{\"@type\":\"ListItem\",\"position\":2,\"item\":{\"@type\":\"WebPage\",\"@id\":\"https:\/\/zecovalve.com\/product-category\",\"url\":\"https:\/\/zecovalve.com\/product-category\",\"name\":\"Industrial Valve Manufacturer | Water Valve Manufacturer\"}},{\"@type\":\"ListItem\",\"position\":3,\"item\":{\"@type\":\"WebPage\",\"@id\":\"https:\/\/zecovalve.com\/product\/3-brass-ball-valve\",\"url\":\"https:\/\/zecovalve.com\/product\/3-brass-ball-valve\",\"name\":\"3&#8243; Brass Ball Valve\"}}]}]}<\/script>\n<!-- \/ Yoast SEO Premium plugin. -->","_links":{"self":[{"href":"https:\/\/zecovalve.com\/es\/wp-json\/wp\/v2\/product\/19860","targetHints":{"allow":["GET"]}}],"collection":[{"href":"https:\/\/zecovalve.com\/es\/wp-json\/wp\/v2\/product"}],"about":[{"href":"https:\/\/zecovalve.com\/es\/wp-json\/wp\/v2\/types\/product"}],"replies":[{"embeddable":true,"href":"https:\/\/zecovalve.com\/es\/wp-json\/wp\/v2\/comments?post=19860"}],"wp:featuredmedia":[{"embeddable":true,"href":"https:\/\/zecovalve.com\/es\/wp-json\/wp\/v2\/media\/19482"}],"wp:attachment":[{"href":"https:\/\/zecovalve.com\/es\/wp-json\/wp\/v2\/media?parent=19860"}],"wp:term":[{"taxonomy":"product_cat","embeddable":true,"href":"https:\/\/zecovalve.com\/es\/wp-json\/wp\/v2\/product_cat?post=19860"},{"taxonomy":"product_tag","embeddable":true,"href":"https:\/\/zecovalve.com\/es\/wp-json\/wp\/v2\/product_tag?post=19860"}],"curies":[{"name":"wp","href":"https:\/\/api.w.org\/{rel}","templated":true}]}}