{"id":19862,"date":"2022-07-14T07:26:02","date_gmt":"2022-07-14T07:26:02","guid":{"rendered":"https:\/\/zecovalve.com\/?post_type=product&#038;p=19862"},"modified":"2022-07-14T07:29:38","modified_gmt":"2022-07-14T07:29:38","slug":"3-way-brass-ball-valve","status":"publish","type":"product","link":"https:\/\/zecovalve.com\/es\/producto\/3-way-brass-ball-valve","title":{"rendered":"V\u00e1lvula de bola de lat\u00f3n de 3 v\u00edas"},"content":{"rendered":"<p>Las v\u00e1lvulas de bola de lat\u00f3n de 3 v\u00edas se utilizan en aplicaciones con m\u00e1s de una fuente de medios o para desviar medios en dos direcciones diferentes.<\/p>\r\n\r\n\r\n\r\n<figure class=\"wp-block-image size-full\"><img loading=\"lazy\" decoding=\"async\" width=\"230\" height=\"350\" class=\"wp-image-19863\" src=\"https:\/\/zecovalve.com\/wp-content\/uploads\/2022\/07\/3-Way-Brass-Ball-Valve.png\" alt=\"\" srcset=\"https:\/\/zecovalve.com\/wp-content\/uploads\/2022\/07\/3-Way-Brass-Ball-Valve.png 230w, https:\/\/zecovalve.com\/wp-content\/uploads\/2022\/07\/3-Way-Brass-Ball-Valve-197x300.png 197w\" sizes=\"auto, (max-width: 230px) 100vw, 230px\" \/><\/figure>\r\n\r\n\r\n<div class=\"gb-button-wrapper gb-button-wrapper-6d8495a3\">\r\n\r\n\r\n<p><a class=\"gb-button gb-button-3d442e11 gb-button-text\" href=\"https:\/\/zecovalve.com\/es\/contact\/\" target=\"_blank\" rel=\"noopener noreferrer\"><strong>OBTENER PRECIO DE V\u00c1LVULA DE BOLA DE BRONCE DE 3 V\u00cdAS<\/strong><\/a><\/p>\r\n<\/div>\r\n\r\n\r\n\r\n\r\n<h2 class=\"wp-block-heading\" id=\"h-what-is-a-3-way-brass-ball-valve\">\u00bfQu\u00e9 es una v\u00e1lvula de bola de lat\u00f3n de 3 v\u00edas?<\/h2>\r\n\r\n\r\n\r\n<p>Las v\u00e1lvulas de bola de lat\u00f3n de 3 v\u00edas est\u00e1n dise\u00f1adas para desviar el flujo en diferentes direcciones seg\u00fan sea necesario. Todas las v\u00e1lvulas son de estilo \u201cL\u201d, pero tambi\u00e9n est\u00e1n disponibles las de estilo \u201cT\u201d. Estas v\u00e1lvulas son ideales para usar en una variedad de aplicaciones qu\u00edmicas y l\u00edquidas. Las manijas de bloqueo y los puertos FPT hembra son est\u00e1ndar. Todas las v\u00e1lvulas se operan manualmente, pero incluyen almohadillas de montaje para actuadores o indicadores de posici\u00f3n si es necesario.<\/p>\r\n\r\n\r\n\r\n<h2 class=\"wp-block-heading\">\u00bfPara qu\u00e9 se utilizan las v\u00e1lvulas de bola de lat\u00f3n de 3 v\u00edas?<\/h2>\r\n\r\n\r\n\r\n<p>Las v\u00e1lvulas de bola de lat\u00f3n de tres v\u00edas tienen tres puertos y pueden operarse manualmente o automatizarse con un actuador el\u00e9ctrico o neum\u00e1tico. El orificio a trav\u00e9s de la bola viene en dos variedades: puerto \u201cL\u201d y \u201cT\u201d. Las v\u00e1lvulas de tres v\u00edas pueden:<\/p>\r\n\r\n\r\n\r\n<ul class=\"wp-block-list\">\r\n<li>Cortar o cerrar el flujo<\/li>\r\n<li>Cambiar el flujo entre dos fuentes diferentes<\/li>\r\n<li>Combine el flujo de dos fuentes diferentes<\/li>\r\n<li>Flujo alternativo entre dos destinos diferentes.<\/li>\r\n<li>Desviar el flujo proveniente de una fuente a otro destino.<\/li>\r\n<li>Dividir el flujo proveniente de una fuente entre dos destinos salientes<\/li>\r\n<\/ul>\r\n\r\n\r\n\r\n<h2 class=\"wp-block-heading\">Especificaciones t\u00e9cnicas de las v\u00e1lvulas de bola de lat\u00f3n de 3 v\u00edas<\/h2>\r\n\r\n\r\n\r\n<figure class=\"wp-block-table is-style-stripes\">\r\n<table>\r\n<tbody>\r\n<tr>\r\n<td>Material del cuerpo<\/td>\r\n<td>Lat\u00f3n<\/td>\r\n<\/tr>\r\n<tr>\r\n<td>Material del tallo<\/td>\r\n<td>Lat\u00f3n<\/td>\r\n<\/tr>\r\n<tr>\r\n<td>Material de la bola<\/td>\r\n<td>Lat\u00f3n cromado<\/td>\r\n<\/tr>\r\n<tr>\r\n<td>Material del asiento<\/td>\r\n<td>PTFE<\/td>\r\n<\/tr>\r\n<tr>\r\n<td>Material de los sellos del v\u00e1stago<\/td>\r\n<td>PTFE, con junta t\u00f3rica de Viton\u00ae o RPTFE<\/td>\r\n<\/tr>\r\n<tr>\r\n<td>Conexiones finales<\/td>\r\n<td>Rosca NPT (1\/4\u2033 a 3\u2033)<\/td>\r\n<\/tr>\r\n<tr>\r\n<td>Rango de temperatura:<\/td>\r\n<td>-30 a 320\u00b0F<\/td>\r\n<\/tr>\r\n<tr>\r\n<td>Rango de presi\u00f3n:<\/td>\r\n<td>hasta 400 PSIG<\/td>\r\n<\/tr>\r\n<\/tbody>\r\n<\/table>\r\n<\/figure>\r\n\r\n\r\n\r\n<h2 class=\"wp-block-heading\">Ventajas de las v\u00e1lvulas de bola de lat\u00f3n de 3 v\u00edas<\/h2>\r\n\r\n\r\n\r\n<ul class=\"wp-block-list\">\r\n<li>Puerto est\u00e1ndar<\/li>\r\n<li>V\u00e1stago a prueba de explosiones<\/li>\r\n<li>Dise\u00f1o de sello de v\u00e1stago piramidal con carga din\u00e1mica<\/li>\r\n<li>Almohadilla de montaje integrada para actuadores<\/li>\r\n<li>Montaje compacto<\/li>\r\n<li>L\u00ednea completa de accesorios<\/li>\r\n<\/ul>\r\n\r\n\r\n\r\n<h2 class=\"wp-block-heading\">Aplicaciones de las v\u00e1lvulas de bola de lat\u00f3n de 3 v\u00edas<\/h2>\r\n\r\n\r\n\r\n<ul class=\"wp-block-list\">\r\n<li>Equipo de secado al aire<\/li>\r\n<li>Equipos de control de la contaminaci\u00f3n<\/li>\r\n<li>Aplicaciones de control de procesos<\/li>\r\n<li>Equipo de lavander\u00eda<\/li>\r\n<li>Te\u00f1ido y secado de textiles<\/li>\r\n<li>Equipos de embotellado y dispensaci\u00f3n<\/li>\r\n<\/ul>","protected":false},"excerpt":{"rendered":"<p>Las v\u00e1lvulas de bola de lat\u00f3n de 3 v\u00edas se utilizan en aplicaciones con m\u00e1s de una fuente de medios o para desviar medios en dos... <a title=\"V\u00e1lvula de bola de lat\u00f3n de 3 v\u00edas\" class=\"read-more\" href=\"https:\/\/zecovalve.com\/es\/producto\/3-way-brass-ball-valve\" aria-label=\"M\u00e1s en V\u00e1lvula de bola de lat\u00f3n de 3 v\u00edas\">Leer m\u00e1s<\/a><\/p>","protected":false},"featured_media":19863,"comment_status":"closed","ping_status":"closed","template":"","meta":{"_generate-full-width-content":"","kt_blocks_editor_width":""},"product_cat":[2047],"product_tag":[2802,2833],"class_list":["post-19862","product","type-product","status-publish","has-post-thumbnail","hentry","product_cat-ball-valve","product_tag-ball-valve-price","product_tag-brass-ball-valve","sales-flash-overlay","woocommerce-text-align-center","woocommerce-image-align-center","do-quantity-buttons"],"featured_image_src_large":["https:\/\/zecovalve.com\/wp-content\/uploads\/2022\/07\/3-Way-Brass-Ball-Valve.png",230,350,false],"author_info":[],"comment_info":0,"taxonomy_info":{"product_cat":[{"value":2047,"label":"Ball Valve"}],"product_tag":[{"value":2802,"label":"Ball Valve Price"},{"value":2833,"label":"Brass Ball Valve"}]},"yoast_head":"<!-- This site is optimized with the Yoast SEO Premium plugin v15.4 - https:\/\/yoast.com\/wordpress\/plugins\/seo\/ -->\n<title>3 Way Brass Ball Valve - Competitive Ball Valve Price | ZECO Valve<\/title>\n<meta name=\"robots\" content=\"index, follow, max-snippet:-1, max-image-preview:large, max-video-preview:-1\" \/>\n<link rel=\"canonical\" href=\"https:\/\/zecovalve.com\/es\/producto\/3-way-brass-ball-valve\" \/>\n<meta property=\"og:locale\" content=\"es_ES\" \/>\n<meta property=\"og:type\" content=\"article\" \/>\n<meta property=\"og:title\" content=\"3 Way Brass Ball Valve - Competitive Ball Valve Price | ZECO Valve\" \/>\n<meta property=\"og:description\" content=\"3 way brass ball valves are used in applications with more than one source of media or to divert media in two ... Leer m\u00e1s\" \/>\n<meta property=\"og:url\" content=\"https:\/\/zecovalve.com\/es\/producto\/3-way-brass-ball-valve\" \/>\n<meta property=\"og:site_name\" content=\"ZECO Valve\" \/>\n<meta property=\"article:modified_time\" content=\"2022-07-14T07:29:38+00:00\" \/>\n<meta property=\"og:image\" content=\"https:\/\/zecovalve.com\/wp-content\/uploads\/2022\/07\/3-Way-Brass-Ball-Valve.png\" \/>\n\t<meta property=\"og:image:width\" content=\"230\" \/>\n\t<meta property=\"og:image:height\" content=\"350\" \/>\n<meta name=\"twitter:card\" content=\"summary_large_image\" \/>\n<meta name=\"twitter:label1\" content=\"Escrito por\">\n\t<meta name=\"twitter:data1\" content=\"Jerry\">\n\t<meta name=\"twitter:label2\" content=\"Tiempo de lectura\">\n\t<meta name=\"twitter:data2\" content=\"1 minuto\">\n<script type=\"application\/ld+json\" class=\"yoast-schema-graph\">{\"@context\":\"https:\/\/schema.org\",\"@graph\":[{\"@type\":\"WebSite\",\"@id\":\"https:\/\/zecovalve.com\/#website\",\"url\":\"https:\/\/zecovalve.com\/\",\"name\":\"ZECO Valve\",\"description\":\"Industrial Ball Valve, Gate Valve and Globe Valve Manufacturer\",\"potentialAction\":[{\"@type\":\"SearchAction\",\"target\":\"https:\/\/zecovalve.com\/?s={search_term_string}\",\"query-input\":\"required name=search_term_string\"}],\"inLanguage\":\"es\"},{\"@type\":\"ImageObject\",\"@id\":\"https:\/\/zecovalve.com\/product\/3-way-brass-ball-valve#primaryimage\",\"inLanguage\":\"es\",\"url\":\"https:\/\/zecovalve.com\/wp-content\/uploads\/2022\/07\/3-Way-Brass-Ball-Valve.png\",\"width\":230,\"height\":350},{\"@type\":\"WebPage\",\"@id\":\"https:\/\/zecovalve.com\/product\/3-way-brass-ball-valve#webpage\",\"url\":\"https:\/\/zecovalve.com\/product\/3-way-brass-ball-valve\",\"name\":\"3 Way Brass Ball Valve - Competitive Ball Valve Price | ZECO Valve\",\"isPartOf\":{\"@id\":\"https:\/\/zecovalve.com\/#website\"},\"primaryImageOfPage\":{\"@id\":\"https:\/\/zecovalve.com\/product\/3-way-brass-ball-valve#primaryimage\"},\"datePublished\":\"2022-07-14T07:26:02+00:00\",\"dateModified\":\"2022-07-14T07:29:38+00:00\",\"breadcrumb\":{\"@id\":\"https:\/\/zecovalve.com\/product\/3-way-brass-ball-valve#breadcrumb\"},\"inLanguage\":\"es\",\"potentialAction\":[{\"@type\":\"ReadAction\",\"target\":[\"https:\/\/zecovalve.com\/product\/3-way-brass-ball-valve\"]}]},{\"@type\":\"BreadcrumbList\",\"@id\":\"https:\/\/zecovalve.com\/product\/3-way-brass-ball-valve#breadcrumb\",\"itemListElement\":[{\"@type\":\"ListItem\",\"position\":1,\"item\":{\"@type\":\"WebPage\",\"@id\":\"https:\/\/zecovalve.com\/\",\"url\":\"https:\/\/zecovalve.com\/\",\"name\":\"Home\"}},{\"@type\":\"ListItem\",\"position\":2,\"item\":{\"@type\":\"WebPage\",\"@id\":\"https:\/\/zecovalve.com\/product-category\",\"url\":\"https:\/\/zecovalve.com\/product-category\",\"name\":\"Industrial Valve Manufacturer | Water Valve Manufacturer\"}},{\"@type\":\"ListItem\",\"position\":3,\"item\":{\"@type\":\"WebPage\",\"@id\":\"https:\/\/zecovalve.com\/product\/3-way-brass-ball-valve\",\"url\":\"https:\/\/zecovalve.com\/product\/3-way-brass-ball-valve\",\"name\":\"3 Way Brass Ball Valve\"}}]}]}<\/script>\n<!-- \/ Yoast SEO Premium plugin. -->","_links":{"self":[{"href":"https:\/\/zecovalve.com\/es\/wp-json\/wp\/v2\/product\/19862","targetHints":{"allow":["GET"]}}],"collection":[{"href":"https:\/\/zecovalve.com\/es\/wp-json\/wp\/v2\/product"}],"about":[{"href":"https:\/\/zecovalve.com\/es\/wp-json\/wp\/v2\/types\/product"}],"replies":[{"embeddable":true,"href":"https:\/\/zecovalve.com\/es\/wp-json\/wp\/v2\/comments?post=19862"}],"wp:featuredmedia":[{"embeddable":true,"href":"https:\/\/zecovalve.com\/es\/wp-json\/wp\/v2\/media\/19863"}],"wp:attachment":[{"href":"https:\/\/zecovalve.com\/es\/wp-json\/wp\/v2\/media?parent=19862"}],"wp:term":[{"taxonomy":"product_cat","embeddable":true,"href":"https:\/\/zecovalve.com\/es\/wp-json\/wp\/v2\/product_cat?post=19862"},{"taxonomy":"product_tag","embeddable":true,"href":"https:\/\/zecovalve.com\/es\/wp-json\/wp\/v2\/product_tag?post=19862"}],"curies":[{"name":"wp","href":"https:\/\/api.w.org\/{rel}","templated":true}]}}