{"id":19864,"date":"2022-07-14T07:38:29","date_gmt":"2022-07-14T07:38:29","guid":{"rendered":"https:\/\/zecovalve.com\/?post_type=product&#038;p=19864"},"modified":"2022-07-14T08:10:54","modified_gmt":"2022-07-14T08:10:54","slug":"1-4-brass-ball-valve","status":"publish","type":"product","link":"https:\/\/zecovalve.com\/es\/producto\/1-4-brass-ball-valve","title":{"rendered":"V\u00e1lvula de bola de lat\u00f3n de 1\/4 \u2033"},"content":{"rendered":"<figure class=\"wp-block-image size-full is-resized\"><img loading=\"lazy\" decoding=\"async\" class=\"wp-image-19482\" src=\"https:\/\/zecovalve.com\/wp-content\/uploads\/2022\/07\/Globe-Valve-Check-Valve.jpg\" alt=\"V\u00e1lvula de bola de lat\u00f3n\" width=\"400\" height=\"300\" srcset=\"https:\/\/zecovalve.com\/wp-content\/uploads\/2022\/07\/Globe-Valve-Check-Valve.jpg 800w, https:\/\/zecovalve.com\/wp-content\/uploads\/2022\/07\/Globe-Valve-Check-Valve-300x225.jpg 300w, https:\/\/zecovalve.com\/wp-content\/uploads\/2022\/07\/Globe-Valve-Check-Valve-768x576.jpg 768w, https:\/\/zecovalve.com\/wp-content\/uploads\/2022\/07\/Globe-Valve-Check-Valve-600x450.jpg 600w\" sizes=\"auto, (max-width: 400px) 100vw, 400px\" \/><\/figure>\r\n\r\n\r\n<div class=\"gb-button-wrapper gb-button-wrapper-6d8495a3\">\r\n\r\n\r\n<p><a class=\"gb-button gb-button-3d442e11 gb-button-text\" href=\"https:\/\/zecovalve.com\/es\/contact\/\" target=\"_blank\" rel=\"noopener noreferrer\"><strong>OBT\u00c9N PRECIO DE V\u00c1LVULA DE BOLA DE BRONCE DE 1\/4\u2033<\/strong><\/a><\/p>\r\n<\/div>\r\n\r\n\r\n\r\n\r\n<h2 class=\"wp-block-heading\" id=\"h-what-is-a-1-2-brass-ball-valve\">\u00bfQu\u00e9 es una v\u00e1lvula de bola de lat\u00f3n de 1\/4 \u2033?<\/h2>\r\n\r\n\r\n\r\n<p>Utilice esta v\u00e1lvula de bola de lat\u00f3n ZECO de 1\/2 \u2033 con conexiones roscadas para iniciar o detener el flujo en un sistema de cobre. Las conexiones roscadas son excelentes para crear sellos fuertes que se pueden desenroscar para mantenimiento. Esta v\u00e1lvula de bola de puerto completo est\u00e1 certificada sin plomo, lo que significa que las superficies mojadas contienen menos de 0,251 TP3T de plomo en promedio. ZECO Valve fabrica algunas de las mejores v\u00e1lvulas de bola de lat\u00f3n disponibles, \u00a1as\u00ed que consiga una hoy!<\/p>\r\n\r\n\r\n\r\n<h2 class=\"wp-block-heading\">Especificaciones t\u00e9cnicas de las v\u00e1lvulas de bola de lat\u00f3n de 1\/4\u2033<\/h2>\r\n\r\n\r\n\r\n<figure class=\"wp-block-table is-style-stripes\">\r\n<table>\r\n<tbody>\r\n<tr>\r\n<td>Art\u00edculo<\/td>\r\n<td>V\u00e1lvula de bola<\/td>\r\n<td>Material del asiento<\/td>\r\n<td>PTFE<\/td>\r\n<\/tr>\r\n<tr>\r\n<td>Material del cuerpo<\/td>\r\n<td>Lat\u00f3n<\/td>\r\n<td>Tipo de tallo<\/td>\r\n<td>A prueba de explosiones<\/td>\r\n<\/tr>\r\n<tr>\r\n<td>Estilo de carrocer\u00eda<\/td>\r\n<td>En l\u00ednea<\/td>\r\n<td>Tipo de asa<\/td>\r\n<td>Palanca<\/td>\r\n<\/tr>\r\n<tr>\r\n<td>Estructura de v\u00e1lvula<\/td>\r\n<td>2 piezas<\/td>\r\n<td>Material del mango<\/td>\r\n<td>Acero con revestimiento resistente a la corrosi\u00f3n<\/td>\r\n<\/tr>\r\n<tr>\r\n<td>Tama\u00f1o de la tuber\u00eda<\/td>\r\n<td>1\/4 pulg.<\/td>\r\n<td>Material del tallo<\/td>\r\n<td>Lat\u00f3n<\/td>\r\n<\/tr>\r\n<tr>\r\n<td>Tipo de conexi\u00f3n<\/td>\r\n<td>FNPT x FNPT<\/td>\r\n<td>Caracter\u00edsticas<\/td>\r\n<td>Prop\u00f3sito general<\/td>\r\n<\/tr>\r\n<tr>\r\n<td>Puerto<\/td>\r\n<td>Lleno<\/td>\r\n<td>Grupo de productos de v\u00e1lvulas de bola<\/td>\r\n<td>Manual<\/td>\r\n<\/tr>\r\n<tr>\r\n<td>M\u00e1x. Presi\u00f3n<\/td>\r\n<td>600 psi CWP<\/td>\r\n<td>Material b\u00e1sico del cuerpo de la v\u00e1lvula<\/td>\r\n<td>Lat\u00f3n<\/td>\r\n<\/tr>\r\n<tr>\r\n<td>Temperatura. Rango<\/td>\r\n<td>0 grados a 400 grados F<\/td>\r\n<td>Material de la bola<\/td>\r\n<td>Lat\u00f3n cromado<\/td>\r\n<\/tr>\r\n<\/tbody>\r\n<\/table>\r\n<\/figure>\r\n\r\n\r\n\r\n<h2 class=\"wp-block-heading\">Ventajas de las v\u00e1lvulas de bola de lat\u00f3n de 1\/4 \u2033<\/h2>\r\n\r\n\r\n\r\n<ul class=\"wp-block-list\">\r\n<li>Construcci\u00f3n de lat\u00f3n sin plomo y respetuosa con el medio ambiente.<\/li>\r\n<li>Puerto completo para flujo sin restricciones<\/li>\r\n<li>V\u00e1stago a prueba de explosi\u00f3n<\/li>\r\n<li>Asientos de bolas de PTFE energizados para una vida \u00fatil prolongada y un par reducido<\/li>\r\n<li>Dise\u00f1o de sello de v\u00e1stago triple de PTFE\/Viton sin fugas<\/li>\r\n<li>Manija de bloqueo con pestillo (bloqueable con candado)<\/li>\r\n<li>Almohadilla de montaje directo ISO5211 lista para actuador<\/li>\r\n<\/ul>\r\n\r\n\r\n\r\n<h2 class=\"wp-block-heading\">Aplicaciones de las v\u00e1lvulas de bola de lat\u00f3n de 1\/4 \u2033<\/h2>\r\n\r\n\r\n\r\n<ul class=\"wp-block-list\">\r\n<li>Agua (sin vapor)<\/li>\r\n<li>Neutral<\/li>\r\n<li>Gaseoso y no agresivo<\/li>\r\n<li>Medios l\u00edquidos<\/li>\r\n<li>Aceites minerales<\/li>\r\n<li>Combustible y aire comprimido<\/li>\r\n<li>Vac\u00edo (m\u00e1x. -0,9 bar)<\/li>\r\n<\/ul>","protected":false},"excerpt":{"rendered":"<p>\u00bfQu\u00e9 es una v\u00e1lvula de bola de lat\u00f3n de 1\/4 \u2033? Utilice esta v\u00e1lvula de bola de lat\u00f3n ZECO de 1\/2 \u2033 con conexiones roscadas para iniciar o detener el flujo... <a title=\"V\u00e1lvula de bola de lat\u00f3n de 1\/4 \u2033\" class=\"read-more\" href=\"https:\/\/zecovalve.com\/es\/producto\/1-4-brass-ball-valve\" aria-label=\"M\u00e1s en V\u00e1lvula de bola de lat\u00f3n de 1\/4\u2033\">Leer m\u00e1s<\/a><\/p>","protected":false},"featured_media":19482,"comment_status":"closed","ping_status":"closed","template":"","meta":{"_generate-full-width-content":"","kt_blocks_editor_width":""},"product_cat":[2047,2461],"product_tag":[2802,2833],"class_list":["post-19864","product","type-product","status-publish","has-post-thumbnail","hentry","product_cat-ball-valve","product_cat-ball-valve-by-material","product_tag-ball-valve-price","product_tag-brass-ball-valve","sales-flash-overlay","woocommerce-text-align-center","woocommerce-image-align-center","do-quantity-buttons"],"featured_image_src_large":["https:\/\/zecovalve.com\/wp-content\/uploads\/2022\/07\/Globe-Valve-Check-Valve.jpg",800,600,false],"author_info":[],"comment_info":0,"taxonomy_info":{"product_cat":[{"value":2047,"label":"Ball Valve"},{"value":2461,"label":"Ball Valve By Material"}],"product_tag":[{"value":2802,"label":"Ball Valve Price"},{"value":2833,"label":"Brass Ball Valve"}]},"yoast_head":"<!-- This site is optimized with the Yoast SEO Premium plugin v15.4 - https:\/\/yoast.com\/wordpress\/plugins\/seo\/ -->\n<title>1\/4&quot; Brass Ball Valve - Competitive Ball Valve Price | ZECO Valve<\/title>\n<meta name=\"robots\" content=\"index, follow, max-snippet:-1, max-image-preview:large, max-video-preview:-1\" \/>\n<link rel=\"canonical\" href=\"https:\/\/zecovalve.com\/es\/producto\/1-4-brass-ball-valve\" \/>\n<meta property=\"og:locale\" content=\"es_ES\" \/>\n<meta property=\"og:type\" content=\"article\" \/>\n<meta property=\"og:title\" content=\"1\/4&quot; Brass Ball Valve - Competitive Ball Valve Price | ZECO Valve\" \/>\n<meta property=\"og:description\" content=\"What is a 1\/4&#8243; Brass Ball Valve? Use this ZECO 1\/2&#8243; Brass Ball Valve with threaded connections to start or stop flow ... Leer m\u00e1s\" \/>\n<meta property=\"og:url\" content=\"https:\/\/zecovalve.com\/es\/producto\/1-4-brass-ball-valve\" \/>\n<meta property=\"og:site_name\" content=\"ZECO Valve\" \/>\n<meta property=\"article:modified_time\" content=\"2022-07-14T08:10:54+00:00\" \/>\n<meta property=\"og:image\" content=\"https:\/\/zecovalve.com\/wp-content\/uploads\/2022\/07\/Globe-Valve-Check-Valve.jpg\" \/>\n\t<meta property=\"og:image:width\" content=\"800\" \/>\n\t<meta property=\"og:image:height\" content=\"600\" \/>\n<meta name=\"twitter:card\" content=\"summary_large_image\" \/>\n<meta name=\"twitter:label1\" content=\"Escrito por\">\n\t<meta name=\"twitter:data1\" content=\"Jerry\">\n\t<meta name=\"twitter:label2\" content=\"Tiempo de lectura\">\n\t<meta name=\"twitter:data2\" content=\"1 minuto\">\n<script type=\"application\/ld+json\" class=\"yoast-schema-graph\">{\"@context\":\"https:\/\/schema.org\",\"@graph\":[{\"@type\":\"WebSite\",\"@id\":\"https:\/\/zecovalve.com\/#website\",\"url\":\"https:\/\/zecovalve.com\/\",\"name\":\"ZECO Valve\",\"description\":\"Industrial Ball Valve, Gate Valve and Globe Valve Manufacturer\",\"potentialAction\":[{\"@type\":\"SearchAction\",\"target\":\"https:\/\/zecovalve.com\/?s={search_term_string}\",\"query-input\":\"required name=search_term_string\"}],\"inLanguage\":\"es\"},{\"@type\":\"ImageObject\",\"@id\":\"https:\/\/zecovalve.com\/product\/1-4-brass-ball-valve#primaryimage\",\"inLanguage\":\"es\",\"url\":\"https:\/\/zecovalve.com\/wp-content\/uploads\/2022\/07\/Globe-Valve-Check-Valve.jpg\",\"width\":800,\"height\":600,\"caption\":\"Brass Ball Valve\"},{\"@type\":\"WebPage\",\"@id\":\"https:\/\/zecovalve.com\/product\/1-4-brass-ball-valve#webpage\",\"url\":\"https:\/\/zecovalve.com\/product\/1-4-brass-ball-valve\",\"name\":\"1\/4\\\" Brass Ball Valve - Competitive Ball Valve Price | ZECO Valve\",\"isPartOf\":{\"@id\":\"https:\/\/zecovalve.com\/#website\"},\"primaryImageOfPage\":{\"@id\":\"https:\/\/zecovalve.com\/product\/1-4-brass-ball-valve#primaryimage\"},\"datePublished\":\"2022-07-14T07:38:29+00:00\",\"dateModified\":\"2022-07-14T08:10:54+00:00\",\"breadcrumb\":{\"@id\":\"https:\/\/zecovalve.com\/product\/1-4-brass-ball-valve#breadcrumb\"},\"inLanguage\":\"es\",\"potentialAction\":[{\"@type\":\"ReadAction\",\"target\":[\"https:\/\/zecovalve.com\/product\/1-4-brass-ball-valve\"]}]},{\"@type\":\"BreadcrumbList\",\"@id\":\"https:\/\/zecovalve.com\/product\/1-4-brass-ball-valve#breadcrumb\",\"itemListElement\":[{\"@type\":\"ListItem\",\"position\":1,\"item\":{\"@type\":\"WebPage\",\"@id\":\"https:\/\/zecovalve.com\/\",\"url\":\"https:\/\/zecovalve.com\/\",\"name\":\"Home\"}},{\"@type\":\"ListItem\",\"position\":2,\"item\":{\"@type\":\"WebPage\",\"@id\":\"https:\/\/zecovalve.com\/product-category\",\"url\":\"https:\/\/zecovalve.com\/product-category\",\"name\":\"Industrial Valve Manufacturer | Water Valve Manufacturer\"}},{\"@type\":\"ListItem\",\"position\":3,\"item\":{\"@type\":\"WebPage\",\"@id\":\"https:\/\/zecovalve.com\/product\/1-4-brass-ball-valve\",\"url\":\"https:\/\/zecovalve.com\/product\/1-4-brass-ball-valve\",\"name\":\"1\/4&#8243; Brass Ball Valve\"}}]}]}<\/script>\n<!-- \/ Yoast SEO Premium plugin. -->","_links":{"self":[{"href":"https:\/\/zecovalve.com\/es\/wp-json\/wp\/v2\/product\/19864","targetHints":{"allow":["GET"]}}],"collection":[{"href":"https:\/\/zecovalve.com\/es\/wp-json\/wp\/v2\/product"}],"about":[{"href":"https:\/\/zecovalve.com\/es\/wp-json\/wp\/v2\/types\/product"}],"replies":[{"embeddable":true,"href":"https:\/\/zecovalve.com\/es\/wp-json\/wp\/v2\/comments?post=19864"}],"wp:featuredmedia":[{"embeddable":true,"href":"https:\/\/zecovalve.com\/es\/wp-json\/wp\/v2\/media\/19482"}],"wp:attachment":[{"href":"https:\/\/zecovalve.com\/es\/wp-json\/wp\/v2\/media?parent=19864"}],"wp:term":[{"taxonomy":"product_cat","embeddable":true,"href":"https:\/\/zecovalve.com\/es\/wp-json\/wp\/v2\/product_cat?post=19864"},{"taxonomy":"product_tag","embeddable":true,"href":"https:\/\/zecovalve.com\/es\/wp-json\/wp\/v2\/product_tag?post=19864"}],"curies":[{"name":"wp","href":"https:\/\/api.w.org\/{rel}","templated":true}]}}