{"id":19868,"date":"2022-07-15T03:28:56","date_gmt":"2022-07-15T03:28:56","guid":{"rendered":"https:\/\/zecovalve.com\/?post_type=product&#038;p=19868"},"modified":"2022-10-31T05:45:45","modified_gmt":"2022-10-31T05:45:45","slug":"1-inch-ball-valve","status":"publish","type":"product","link":"https:\/\/zecovalve.com\/es\/producto\/1-inch-ball-valve","title":{"rendered":"V\u00e1lvula de bola de 1 pulgada"},"content":{"rendered":"<div class=\"wp-block-columns is-layout-flex wp-container-core-columns-is-layout-9d6595d7 wp-block-columns-is-layout-flex\">\r\n<div class=\"wp-block-column is-layout-flow wp-block-column-is-layout-flow\"><div class=\"wp-block-image\">\r\n<figure class=\"aligncenter size-full is-resized\"><img loading=\"lazy\" decoding=\"async\" class=\"wp-image-19482\" src=\"https:\/\/zecovalve.com\/wp-content\/uploads\/2022\/07\/Globe-Valve-Check-Valve.jpg\" alt=\"V\u00e1lvula de bola de lat\u00f3n\" width=\"400\" height=\"300\" srcset=\"https:\/\/zecovalve.com\/wp-content\/uploads\/2022\/07\/Globe-Valve-Check-Valve.jpg 800w, https:\/\/zecovalve.com\/wp-content\/uploads\/2022\/07\/Globe-Valve-Check-Valve-300x225.jpg 300w, https:\/\/zecovalve.com\/wp-content\/uploads\/2022\/07\/Globe-Valve-Check-Valve-768x576.jpg 768w, https:\/\/zecovalve.com\/wp-content\/uploads\/2022\/07\/Globe-Valve-Check-Valve-600x450.jpg 600w\" sizes=\"auto, (max-width: 400px) 100vw, 400px\" \/><\/figure>\r\n<\/div><\/div>\r\n\r\n\r\n\r\n<div class=\"wp-block-column is-layout-flow wp-block-column-is-layout-flow\"><div class=\"wp-block-image\">\r\n<figure class=\"aligncenter size-full is-resized\"><img loading=\"lazy\" decoding=\"async\" class=\"wp-image-19544\" src=\"https:\/\/zecovalve.com\/wp-content\/uploads\/2022\/07\/3-WAY-BALL-VALVE-T-L-TYPE.png\" alt=\"V\u00e1lvula de bola de 3 v\u00edas\" width=\"400\" height=\"300\" \/><\/figure>\r\n<\/div><\/div>\r\n\r\n\r\n\r\n<div class=\"wp-block-column is-layout-flow wp-block-column-is-layout-flow\"><div class=\"wp-block-image\">\r\n<figure class=\"aligncenter size-full is-resized\"><img loading=\"lazy\" decoding=\"async\" class=\"wp-image-17821\" src=\"https:\/\/zecovalve.com\/wp-content\/uploads\/2022\/06\/3-pc-ball-valve.jpg\" alt=\"\" width=\"400\" height=\"400\" srcset=\"https:\/\/zecovalve.com\/wp-content\/uploads\/2022\/06\/3-pc-ball-valve.jpg 600w, https:\/\/zecovalve.com\/wp-content\/uploads\/2022\/06\/3-pc-ball-valve-300x300.jpg 300w, https:\/\/zecovalve.com\/wp-content\/uploads\/2022\/06\/3-pc-ball-valve-150x150.jpg 150w, https:\/\/zecovalve.com\/wp-content\/uploads\/2022\/06\/3-pc-ball-valve-400x400.jpg 400w, https:\/\/zecovalve.com\/wp-content\/uploads\/2022\/06\/3-pc-ball-valve-100x100.jpg 100w\" sizes=\"auto, (max-width: 400px) 100vw, 400px\" \/><\/figure>\r\n<\/div><\/div>\r\n<\/div>\r\n\r\n\r\n<div class=\"gb-button-wrapper gb-button-wrapper-6d8495a3\">\r\n\r\n\r\n<p><a class=\"gb-button gb-button-3d442e11 gb-button-text\" href=\"mailto:commercial@zecovalve.com\" target=\"_blank\" rel=\"noopener noreferrer\"><strong>PRECIO V\u00c1LVULA DE BOLA DE 1 pulgada<\/strong><\/a><\/p>\r\n<\/div>\r\n\r\n\r\n\r\n\r\n<h2 class=\"wp-block-heading\" id=\"h-what-is-a-1-inch-ball-valve\">\u00bfQu\u00e9 es una v\u00e1lvula de bola de 1 pulgada?<\/h2>\r\n\r\n\r\n\r\n<p>Nuestras v\u00e1lvulas de bola de 1 pulgada se dise\u00f1an, fabrican y distribuyen directamente desde nuestra sede de Yancheng.<\/p>\r\n\r\n\r\n\r\n<p>V\u00e1lvula de bola con v\u00e1stago y bola de acero inoxidable 316 y cuerpo de lat\u00f3n de dos piezas de puerto est\u00e1ndar de la serie General Industrial. Los asientos y las juntas del v\u00e1stago son de P.T.F.E. (Teflon\u00ae) reforzado con fibra de vidrio. Las conexiones a tuber\u00eda son roscadas hembra NPT (National Pipe Taper). Rango de temperatura -45,5\u00b0C a 232,2\u00b0C (-50\u00b0F a 450\u00b0F). Presi\u00f3n nominal del cuerpo de la v\u00e1lvula 720 psi C.W.P. (presi\u00f3n de trabajo en fr\u00edo), presi\u00f3n diferencial m\u00e1xima 400 psi (consulte tambi\u00e9n la tabla de temperaturas de presi\u00f3n diferencial), vapor saturado 150 PSI y una clasificaci\u00f3n de vac\u00edo de 20 micras. Dise\u00f1o de cierre del v\u00e1stago autocompensante.<\/p>\r\n\r\n\r\n\r\n<h2 class=\"wp-block-heading\">Norma general de la v\u00e1lvula de bola de 1 pulgada<\/h2>\r\n\r\n\r\n\r\n<figure class=\"wp-block-table is-style-stripes\">\r\n<table>\r\n<tbody>\r\n<tr>\r\n<td>Dise\u00f1o<\/td>\r\n<td>BS 5351, ASME B16.34, ISO 17292, API 6D, API 608<\/td>\r\n<\/tr>\r\n<tr>\r\n<td>Brida superior<\/td>\r\n<td>ISO 5211<\/td>\r\n<\/tr>\r\n<tr>\r\n<td>Seguridad contra incendios<\/td>\r\n<td>API 6FA, API 607, ISO 10497, BS 6755<\/td>\r\n<\/tr>\r\n<tr>\r\n<td>Pruebas de presi\u00f3n<\/td>\r\n<td>API 598, ISO 5208, API 6D<\/td>\r\n<\/tr>\r\n<tr>\r\n<td>Cara a cara<\/td>\r\n<td>ASME B16.10, API 6D<\/td>\r\n<\/tr>\r\n<tr>\r\n<td>Conexi\u00f3n final<\/td>\r\n<td>RF, RTJ seg\u00fan ASME B16.5, <br \/>SW seg\u00fan ASME B16.11, <br \/>BW seg\u00fan ASME B16.25, <br \/>NPT seg\u00fan ASME B1.20.1, <br \/>BSPP seg\u00fan BS21, ISO 228\/1, DIN 259, <br \/>BSPT seg\u00fan BS21, ISO 7\/1<\/td>\r\n<\/tr>\r\n<\/tbody>\r\n<\/table>\r\n<\/figure>\r\n\r\n\r\n\r\n<h2 class=\"wp-block-heading\">Especificaciones de las v\u00e1lvulas de bola de 1 pulgada<\/h2>\r\n\r\n\r\n\r\n<figure class=\"wp-block-table is-style-stripes\">\r\n<table>\r\n<tbody>\r\n<tr>\r\n<td>Tipo de v\u00e1lvula<\/td>\r\n<td>Dos v\u00edas \/ 3 v\u00edas<\/td>\r\n<\/tr>\r\n<tr>\r\n<td>Estilo de v\u00e1lvula<\/td>\r\n<td>Cuerpo de dos piezas \/ Cuerpo de tres piezas - Puerto est\u00e1ndar \/ Puerto reducido<\/td>\r\n<\/tr>\r\n<tr>\r\n<td>Tama\u00f1o de la conexi\u00f3n de la v\u00e1lvula<\/td>\r\n<td>1\u2033 NPT hembra \/ RF \/ RTJ \/ SW \/ BW<\/td>\r\n<\/tr>\r\n<tr>\r\n<td>Tama\u00f1o del orificio de la v\u00e1lvula<\/td>\r\n<td>0.80<\/td>\r\n<\/tr>\r\n<tr>\r\n<td>Material del cuerpo de la v\u00e1lvula<\/td>\r\n<td>Lat\u00f3n \/ Acero inoxidable \/ Acero al carbono \/ Acero forjado<\/td>\r\n<\/tr>\r\n<tr>\r\n<td>Material de la bola y el v\u00e1stago de la v\u00e1lvula<\/td>\r\n<td>Lat\u00f3n \/ Acero inoxidable \/ Acero forjado<\/td>\r\n<\/tr>\r\n<tr>\r\n<td>Material de la junta de la v\u00e1lvula<\/td>\r\n<td>P.T.F.E. (Tefl\u00f3n\u00ae reforzado con fibra de vidrio) \/ DEVLON \/ PEEK<\/td>\r\n<\/tr>\r\n<tr>\r\n<td>Rango de temperatura de la v\u00e1lvula<\/td>\r\n<td>-45,5\u00b0C a 232,2\u00b0C (-50\u00b0F a 450\u00b0F)<\/td>\r\n<\/tr>\r\n<tr>\r\n<td>Presi\u00f3n nominal de la v\u00e1lvula<\/td>\r\n<td>CLASE 150 - CLASE 2500<\/td>\r\n<\/tr>\r\n<tr>\r\n<td>Capacidad de vac\u00edo de la v\u00e1lvula<\/td>\r\n<td>20 micras<\/td>\r\n<\/tr>\r\n<tr>\r\n<td>Tipo de accionamiento de v\u00e1lvula<\/td>\r\n<td>Mando de palanca \/ EL\u00c9CTRICO \/ NEUM\u00c1TICO<\/td>\r\n<\/tr>\r\n<\/tbody>\r\n<\/table>\r\n<\/figure>\r\n\r\n\r\n\r\n<h2 class=\"wp-block-heading\">Dimensiones de la v\u00e1lvula de bola de 1 pulgada<\/h2>\r\n\r\n\r\n\r\n<figure class=\"wp-block-table\">\r\n<table>\r\n<tbody>\r\n<tr>\r\n<td class=\"has-text-align-center\" data-align=\"center\">En pulgadas<\/td>\r\n<td class=\"has-text-align-center\" data-align=\"center\">Clase L 150<\/td>\r\n<td class=\"has-text-align-center\" data-align=\"center\">Clase L 300<\/td>\r\n<td class=\"has-text-align-center\" data-align=\"center\">Clase L 600<\/td>\r\n<td class=\"has-text-align-center\" data-align=\"center\">Clase L 800<\/td>\r\n<\/tr>\r\n<tr>\r\n<td class=\"has-text-align-center\" data-align=\"center\">1\u2033<\/td>\r\n<td class=\"has-text-align-center\" data-align=\"center\">127<\/td>\r\n<td class=\"has-text-align-center\" data-align=\"center\">165<\/td>\r\n<td class=\"has-text-align-center\" data-align=\"center\">216<\/td>\r\n<td class=\"has-text-align-center\" data-align=\"center\">110<\/td>\r\n<\/tr>\r\n<\/tbody>\r\n<\/table>\r\n<\/figure>\r\n\r\n\r\n\r\n<h2 class=\"wp-block-heading\">Construcciones del cuerpo de la v\u00e1lvula de bola de una pulgada<\/h2>\r\n\r\n\r\n\r\n<ul class=\"wp-block-list\">\r\n<li>Bola flotante<\/li>\r\n<li>Bal\u00f3n guiado<\/li>\r\n<li>Cuerpo dividido en 2-3 piezas o 1 pieza (entrada lateral)<\/li>\r\n<li>Bidireccional<\/li>\r\n<li>V\u00e1stago antiexplosi\u00f3n<\/li>\r\n<li>Tallo antiest\u00e1tico<\/li>\r\n<li>Empaquetadura autoajustable \/ Sin mantenimiento<\/li>\r\n<li>Caja fuerte ign\u00edfuga de construcci\u00f3n est\u00e1ndar<\/li>\r\n<li>Alivio de presi\u00f3n en cavidad propia<\/li>\r\n<li>Dise\u00f1o de bajas emisiones<\/li>\r\n<\/ul>\r\n\r\n\r\n\r\n<h2 class=\"wp-block-heading\">Ventajas de las v\u00e1lvulas de bola de una pulgada<\/h2>\r\n\r\n\r\n\r\n<ul class=\"wp-block-list\">\r\n<li>Configuraci\u00f3n del v\u00e1stago: A prueba de reventones<\/li>\r\n<li>Topes de desplazamiento en el cuerpo para evitar tensiones en el v\u00e1stago<\/li>\r\n<li>Prueba de estanquidad garantizada 24h 100%<\/li>\r\n<li>Sin piezas m\u00f3viles met\u00e1licas<\/li>\r\n<li>Nunca requiere mantenimiento<\/li>\r\n<\/ul>\r\n\r\n\r\n\r\n<h2 class=\"wp-block-heading\">Aplicaciones de las v\u00e1lvulas de bola de 1 pulgada<\/h2>\r\n\r\n\r\n\r\n<p>Las v\u00e1lvulas de bola ZECO de 1 pulgada y paso total son adecuadas para una amplia gama de l\u00edquidos y gases en aplicaciones residenciales y comerciales.<\/p>","protected":false},"excerpt":{"rendered":"<p>\u00bfQu\u00e9 es una v\u00e1lvula de bola de 1 pulgada? Nuestras v\u00e1lvulas de bola de 1 pulgada est\u00e1n dise\u00f1adas, fabricadas y distribuidas directamente desde nuestra sede en Yancheng. \u2026 <a title=\"V\u00e1lvula de bola de 1 pulgada\" class=\"read-more\" href=\"https:\/\/zecovalve.com\/es\/producto\/1-inch-ball-valve\" aria-label=\"M\u00e1s en V\u00e1lvula de bola de 1 pulgada\">Leer m\u00e1s<\/a><\/p>","protected":false},"featured_media":17821,"comment_status":"closed","ping_status":"closed","template":"","meta":{"_generate-full-width-content":"","kt_blocks_editor_width":""},"product_cat":[2047,2462],"product_tag":[3054,3254,2833,3244,2832],"class_list":["post-19868","product","type-product","status-publish","has-post-thumbnail","hentry","product_cat-ball-valve","product_cat-ball-valve-by-size","product_tag-1-ball-valve","product_tag-ball-valve-stainless-steel","product_tag-brass-ball-valve","product_tag-stainless-ball-valve","product_tag-stainless-steel-ball-valve","sales-flash-overlay","woocommerce-text-align-center","woocommerce-image-align-center","do-quantity-buttons"],"featured_image_src_large":["https:\/\/zecovalve.com\/wp-content\/uploads\/2022\/06\/3-pc-ball-valve.jpg",600,600,false],"author_info":[],"comment_info":0,"taxonomy_info":{"product_cat":[{"value":2047,"label":"Ball Valve"},{"value":2462,"label":"Ball Valve By Size"}],"product_tag":[{"value":3054,"label":"1\" Ball Valve"},{"value":3254,"label":"Ball Valve Stainless Steel"},{"value":2833,"label":"Brass Ball Valve"},{"value":3244,"label":"Stainless Ball Valve"},{"value":2832,"label":"Stainless Steel Ball Valve"}]},"yoast_head":"<!-- This site is optimized with the Yoast SEO Premium plugin v15.4 - https:\/\/yoast.com\/wordpress\/plugins\/seo\/ -->\n<title>1&quot; Ball Valve | 1 inch Stainless Steel Ball Valve &amp; Brass Ball Valve - ZECO<\/title>\n<meta name=\"robots\" content=\"index, follow, max-snippet:-1, max-image-preview:large, max-video-preview:-1\" \/>\n<link rel=\"canonical\" href=\"https:\/\/zecovalve.com\/es\/producto\/1-inch-ball-valve\" \/>\n<meta property=\"og:locale\" content=\"es_ES\" \/>\n<meta property=\"og:type\" content=\"article\" \/>\n<meta property=\"og:title\" content=\"1&quot; Ball Valve | 1 inch Stainless Steel Ball Valve &amp; Brass Ball Valve - ZECO\" \/>\n<meta property=\"og:description\" content=\"What is a 1 inch Ball Valve? Our 1 inch ball valves are designed, manufactured, and distributed directly from our Yancheng headquarters. ... Leer m\u00e1s\" \/>\n<meta property=\"og:url\" content=\"https:\/\/zecovalve.com\/es\/producto\/1-inch-ball-valve\" \/>\n<meta property=\"og:site_name\" content=\"ZECO Valve\" \/>\n<meta property=\"article:modified_time\" content=\"2022-10-31T05:45:45+00:00\" \/>\n<meta property=\"og:image\" content=\"https:\/\/zecovalve.com\/wp-content\/uploads\/2022\/06\/3-pc-ball-valve.jpg\" \/>\n\t<meta property=\"og:image:width\" content=\"600\" \/>\n\t<meta property=\"og:image:height\" content=\"600\" \/>\n<meta name=\"twitter:card\" content=\"summary_large_image\" \/>\n<meta name=\"twitter:label1\" content=\"Escrito por\">\n\t<meta name=\"twitter:data1\" content=\"Jerry\">\n\t<meta name=\"twitter:label2\" content=\"Tiempo de lectura\">\n\t<meta name=\"twitter:data2\" content=\"2 minutos\">\n<script type=\"application\/ld+json\" class=\"yoast-schema-graph\">{\"@context\":\"https:\/\/schema.org\",\"@graph\":[{\"@type\":\"WebSite\",\"@id\":\"https:\/\/zecovalve.com\/#website\",\"url\":\"https:\/\/zecovalve.com\/\",\"name\":\"ZECO Valve\",\"description\":\"Industrial Ball Valve, Gate Valve and Globe Valve Manufacturer\",\"potentialAction\":[{\"@type\":\"SearchAction\",\"target\":\"https:\/\/zecovalve.com\/?s={search_term_string}\",\"query-input\":\"required name=search_term_string\"}],\"inLanguage\":\"es\"},{\"@type\":\"ImageObject\",\"@id\":\"https:\/\/zecovalve.com\/product\/1-inch-ball-valve#primaryimage\",\"inLanguage\":\"es\",\"url\":\"https:\/\/zecovalve.com\/wp-content\/uploads\/2022\/06\/3-pc-ball-valve.jpg\",\"width\":600,\"height\":600},{\"@type\":\"WebPage\",\"@id\":\"https:\/\/zecovalve.com\/product\/1-inch-ball-valve#webpage\",\"url\":\"https:\/\/zecovalve.com\/product\/1-inch-ball-valve\",\"name\":\"1\\\" Ball Valve | 1 inch Stainless Steel Ball Valve & Brass Ball Valve - ZECO\",\"isPartOf\":{\"@id\":\"https:\/\/zecovalve.com\/#website\"},\"primaryImageOfPage\":{\"@id\":\"https:\/\/zecovalve.com\/product\/1-inch-ball-valve#primaryimage\"},\"datePublished\":\"2022-07-15T03:28:56+00:00\",\"dateModified\":\"2022-10-31T05:45:45+00:00\",\"breadcrumb\":{\"@id\":\"https:\/\/zecovalve.com\/product\/1-inch-ball-valve#breadcrumb\"},\"inLanguage\":\"es\",\"potentialAction\":[{\"@type\":\"ReadAction\",\"target\":[\"https:\/\/zecovalve.com\/product\/1-inch-ball-valve\"]}]},{\"@type\":\"BreadcrumbList\",\"@id\":\"https:\/\/zecovalve.com\/product\/1-inch-ball-valve#breadcrumb\",\"itemListElement\":[{\"@type\":\"ListItem\",\"position\":1,\"item\":{\"@type\":\"WebPage\",\"@id\":\"https:\/\/zecovalve.com\/\",\"url\":\"https:\/\/zecovalve.com\/\",\"name\":\"Home\"}},{\"@type\":\"ListItem\",\"position\":2,\"item\":{\"@type\":\"WebPage\",\"@id\":\"https:\/\/zecovalve.com\/product-category\",\"url\":\"https:\/\/zecovalve.com\/product-category\",\"name\":\"Industrial Valve Manufacturer | Water Valve Manufacturer\"}},{\"@type\":\"ListItem\",\"position\":3,\"item\":{\"@type\":\"WebPage\",\"@id\":\"https:\/\/zecovalve.com\/product\/1-inch-ball-valve\",\"url\":\"https:\/\/zecovalve.com\/product\/1-inch-ball-valve\",\"name\":\"1 inch Ball Valve\"}}]}]}<\/script>\n<!-- \/ Yoast SEO Premium plugin. -->","_links":{"self":[{"href":"https:\/\/zecovalve.com\/es\/wp-json\/wp\/v2\/product\/19868","targetHints":{"allow":["GET"]}}],"collection":[{"href":"https:\/\/zecovalve.com\/es\/wp-json\/wp\/v2\/product"}],"about":[{"href":"https:\/\/zecovalve.com\/es\/wp-json\/wp\/v2\/types\/product"}],"replies":[{"embeddable":true,"href":"https:\/\/zecovalve.com\/es\/wp-json\/wp\/v2\/comments?post=19868"}],"wp:featuredmedia":[{"embeddable":true,"href":"https:\/\/zecovalve.com\/es\/wp-json\/wp\/v2\/media\/17821"}],"wp:attachment":[{"href":"https:\/\/zecovalve.com\/es\/wp-json\/wp\/v2\/media?parent=19868"}],"wp:term":[{"taxonomy":"product_cat","embeddable":true,"href":"https:\/\/zecovalve.com\/es\/wp-json\/wp\/v2\/product_cat?post=19868"},{"taxonomy":"product_tag","embeddable":true,"href":"https:\/\/zecovalve.com\/es\/wp-json\/wp\/v2\/product_tag?post=19868"}],"curies":[{"name":"wp","href":"https:\/\/api.w.org\/{rel}","templated":true}]}}