{"id":19870,"date":"2022-07-15T05:43:40","date_gmt":"2022-07-15T05:43:40","guid":{"rendered":"https:\/\/zecovalve.com\/?post_type=product&#038;p=19870"},"modified":"2022-08-18T08:49:53","modified_gmt":"2022-08-18T08:49:53","slug":"1-in-ball-valve","status":"publish","type":"product","link":"https:\/\/zecovalve.com\/es\/producto\/1-in-ball-valve","title":{"rendered":"V\u00e1lvula de bola de 1 pulg."},"content":{"rendered":"<div class=\"wp-block-columns is-layout-flex wp-container-core-columns-is-layout-9d6595d7 wp-block-columns-is-layout-flex\">\r\n<div class=\"wp-block-column is-layout-flow wp-block-column-is-layout-flow\"><div class=\"wp-block-image\">\r\n<figure class=\"aligncenter size-full is-resized\"><img loading=\"lazy\" decoding=\"async\" class=\"wp-image-19482\" src=\"https:\/\/zecovalve.com\/wp-content\/uploads\/2022\/07\/Globe-Valve-Check-Valve.jpg\" alt=\"V\u00e1lvula de bola de lat\u00f3n\" width=\"400\" height=\"300\" srcset=\"https:\/\/zecovalve.com\/wp-content\/uploads\/2022\/07\/Globe-Valve-Check-Valve.jpg 800w, https:\/\/zecovalve.com\/wp-content\/uploads\/2022\/07\/Globe-Valve-Check-Valve-300x225.jpg 300w, https:\/\/zecovalve.com\/wp-content\/uploads\/2022\/07\/Globe-Valve-Check-Valve-768x576.jpg 768w, https:\/\/zecovalve.com\/wp-content\/uploads\/2022\/07\/Globe-Valve-Check-Valve-600x450.jpg 600w\" sizes=\"auto, (max-width: 400px) 100vw, 400px\" \/><\/figure>\r\n<\/div><\/div>\r\n\r\n\r\n\r\n<div class=\"wp-block-column is-layout-flow wp-block-column-is-layout-flow\"><div class=\"wp-block-image\">\r\n<figure class=\"aligncenter size-full is-resized\"><img loading=\"lazy\" decoding=\"async\" class=\"wp-image-19544\" src=\"https:\/\/zecovalve.com\/wp-content\/uploads\/2022\/07\/3-WAY-BALL-VALVE-T-L-TYPE.png\" alt=\"V\u00e1lvula de bola de 3 v\u00edas\" width=\"400\" height=\"300\" \/><\/figure>\r\n<\/div><\/div>\r\n\r\n\r\n\r\n<div class=\"wp-block-column is-layout-flow wp-block-column-is-layout-flow\"><div class=\"wp-block-image\">\r\n<figure class=\"aligncenter size-full is-resized\"><img loading=\"lazy\" decoding=\"async\" class=\"wp-image-17821\" src=\"https:\/\/zecovalve.com\/wp-content\/uploads\/2022\/06\/3-pc-ball-valve.jpg\" alt=\"\" width=\"400\" height=\"400\" srcset=\"https:\/\/zecovalve.com\/wp-content\/uploads\/2022\/06\/3-pc-ball-valve.jpg 600w, https:\/\/zecovalve.com\/wp-content\/uploads\/2022\/06\/3-pc-ball-valve-300x300.jpg 300w, https:\/\/zecovalve.com\/wp-content\/uploads\/2022\/06\/3-pc-ball-valve-150x150.jpg 150w, https:\/\/zecovalve.com\/wp-content\/uploads\/2022\/06\/3-pc-ball-valve-400x400.jpg 400w, https:\/\/zecovalve.com\/wp-content\/uploads\/2022\/06\/3-pc-ball-valve-100x100.jpg 100w\" sizes=\"auto, (max-width: 400px) 100vw, 400px\" \/><\/figure>\r\n<\/div><\/div>\r\n<\/div>\r\n\r\n\r\n<div class=\"gb-button-wrapper gb-button-wrapper-6d8495a3\">\r\n\r\n\r\n<p><a class=\"gb-button gb-button-3d442e11 gb-button-text\" href=\"https:\/\/zecovalve.com\/es\/contact\/\" target=\"_blank\" rel=\"noopener noreferrer\"><strong>GET 1 en PRECIO V\u00c1LVULA DE BOLA<\/strong><\/a><\/p>\r\n<\/div>\r\n\r\n\r\n\r\n\r\n<h2 class=\"wp-block-heading\" id=\"h-what-is-a-1-in-ball-valve\">\u00bfQu\u00e9 es una v\u00e1lvula de bola de 1 in?<\/h2>\r\n\r\n\r\n\r\n<p>1 in Las v\u00e1lvulas de bola se utilizan sobre todo como v\u00e1lvulas de cierre. La simplicidad de su dise\u00f1o y los materiales utilizados para fabricarlas hacen que las v\u00e1lvulas sean extremadamente fiables. Tenemos una amplia selecci\u00f3n para que usted elija, incluyendo una l\u00ednea completa de productos DuraChoice.<\/p>\r\n\r\n\r\n\r\n<h2 class=\"wp-block-heading\">Especificaciones de las v\u00e1lvulas de bola de 1 pulg.<\/h2>\r\n\r\n\r\n\r\n<figure class=\"wp-block-table is-style-stripes\">\r\n<table>\r\n<tbody>\r\n<tr>\r\n<td>Tama\u00f1o de la v\u00e1lvula<\/td>\r\n<td>1 pulgada<\/td>\r\n<\/tr>\r\n<tr>\r\n<td>Tipo de conexi\u00f3n<\/td>\r\n<td>NPT Hembra \/ SW \/ BW \/ RF \/ RTJ<\/td>\r\n<\/tr>\r\n<tr>\r\n<td>Material del cuerpo<\/td>\r\n<td>Lat\u00f3n \/ Bronce \/ Acero inoxidable \/ Acero al carbono \/ Acero forjado<\/td>\r\n<\/tr>\r\n<tr>\r\n<td>Tipo de operador<\/td>\r\n<td>Nivel \/ Mango oval \/ El\u00e9ctrico \/ Neum\u00e1tico<\/td>\r\n<\/tr>\r\n<\/tbody>\r\n<\/table>\r\n<\/figure>\r\n\r\n\r\n\r\n<h2 class=\"wp-block-heading\">Ventajas de las v\u00e1lvulas de bola 1 in<\/h2>\r\n\r\n\r\n\r\n<ul class=\"wp-block-list\">\r\n<li>V\u00e1lvula de cuarto de vuelta en l\u00ednea que abre o cierra el flujo de aire a la l\u00ednea de aire<\/li>\r\n<li>Cuerpo de lat\u00f3n macizo resistente a la corrosi\u00f3n de larga duraci\u00f3n<\/li>\r\n<li>Tambi\u00e9n se puede utilizar como drenaje de humedad en el sistema<\/li>\r\n<li>Tuerca prensaestopas ajustable<\/li>\r\n<\/ul>\r\n\r\n\r\n\r\n<h2 class=\"wp-block-heading\">Aplicaciones de las v\u00e1lvulas de bola de 1 pulg.<\/h2>\r\n\r\n\r\n\r\n<p>Las v\u00e1lvulas de bola son v\u00e1lvulas de un cuarto de vuelta que se utilizan en aplicaciones residenciales, comerciales e institucionales para controlar el flujo de l\u00edquidos y gases.<\/p>","protected":false},"excerpt":{"rendered":"<p>\u00bfQu\u00e9 es una v\u00e1lvula de bola de 1 pulgada? 1 en Las v\u00e1lvulas de bola se utilizan principalmente como v\u00e1lvulas de cierre. La sencillez de sus\u2026 <a title=\"V\u00e1lvula de bola de 1 pulg.\" class=\"read-more\" href=\"https:\/\/zecovalve.com\/es\/producto\/1-in-ball-valve\" aria-label=\"M\u00e1s en 1 in V\u00e1lvula de bola\">Leer m\u00e1s<\/a><\/p>","protected":false},"featured_media":19493,"comment_status":"closed","ping_status":"closed","template":"","meta":{"_generate-full-width-content":"","kt_blocks_editor_width":""},"product_cat":[2047,2462],"product_tag":[3054,3254,2833,3244,2832],"class_list":["post-19870","product","type-product","status-publish","has-post-thumbnail","hentry","product_cat-ball-valve","product_cat-ball-valve-by-size","product_tag-1-ball-valve","product_tag-ball-valve-stainless-steel","product_tag-brass-ball-valve","product_tag-stainless-ball-valve","product_tag-stainless-steel-ball-valve","sales-flash-overlay","woocommerce-text-align-center","woocommerce-image-align-center","do-quantity-buttons"],"featured_image_src_large":["https:\/\/zecovalve.com\/wp-content\/uploads\/2022\/06\/Cryogenic-Ball-Valve-2-1024x1024.jpg",1024,1024,true],"author_info":[],"comment_info":0,"taxonomy_info":{"product_cat":[{"value":2047,"label":"Ball Valve"},{"value":2462,"label":"Ball Valve By Size"}],"product_tag":[{"value":3054,"label":"1\" Ball Valve"},{"value":3254,"label":"Ball Valve Stainless Steel"},{"value":2833,"label":"Brass Ball Valve"},{"value":3244,"label":"Stainless Ball Valve"},{"value":2832,"label":"Stainless Steel Ball Valve"}]},"yoast_head":"<!-- This site is optimized with the Yoast SEO Premium plugin v15.4 - https:\/\/yoast.com\/wordpress\/plugins\/seo\/ -->\n<title>1 in Ball Valve - 1&quot; Stainless Steel Ball Valve &amp; 1&#039; Brass Ball Valve | ZECO<\/title>\n<meta name=\"robots\" content=\"index, follow, max-snippet:-1, max-image-preview:large, max-video-preview:-1\" \/>\n<link rel=\"canonical\" href=\"https:\/\/zecovalve.com\/es\/producto\/1-in-ball-valve\" \/>\n<meta property=\"og:locale\" content=\"es_ES\" \/>\n<meta property=\"og:type\" content=\"article\" \/>\n<meta property=\"og:title\" content=\"1 in Ball Valve - 1&quot; Stainless Steel Ball Valve &amp; 1&#039; Brass Ball Valve | ZECO\" \/>\n<meta property=\"og:description\" content=\"What is a 1 in Ball Valve? 1 in Ball valves are mostly use as shut off valves. The simplicity of their ... Leer m\u00e1s\" \/>\n<meta property=\"og:url\" content=\"https:\/\/zecovalve.com\/es\/producto\/1-in-ball-valve\" \/>\n<meta property=\"og:site_name\" content=\"ZECO Valve\" \/>\n<meta property=\"article:modified_time\" content=\"2022-08-18T08:49:53+00:00\" \/>\n<meta property=\"og:image\" content=\"https:\/\/zecovalve.com\/wp-content\/uploads\/2022\/06\/Cryogenic-Ball-Valve-2-scaled.jpg\" \/>\n\t<meta property=\"og:image:width\" content=\"2560\" \/>\n\t<meta property=\"og:image:height\" content=\"2560\" \/>\n<meta name=\"twitter:card\" content=\"summary_large_image\" \/>\n<meta name=\"twitter:label1\" content=\"Escrito por\">\n\t<meta name=\"twitter:data1\" content=\"Jerry\">\n\t<meta name=\"twitter:label2\" content=\"Tiempo de lectura\">\n\t<meta name=\"twitter:data2\" content=\"1 minuto\">\n<script type=\"application\/ld+json\" class=\"yoast-schema-graph\">{\"@context\":\"https:\/\/schema.org\",\"@graph\":[{\"@type\":\"WebSite\",\"@id\":\"https:\/\/zecovalve.com\/#website\",\"url\":\"https:\/\/zecovalve.com\/\",\"name\":\"ZECO Valve\",\"description\":\"Industrial Ball Valve, Gate Valve and Globe Valve Manufacturer\",\"potentialAction\":[{\"@type\":\"SearchAction\",\"target\":\"https:\/\/zecovalve.com\/?s={search_term_string}\",\"query-input\":\"required name=search_term_string\"}],\"inLanguage\":\"es\"},{\"@type\":\"ImageObject\",\"@id\":\"https:\/\/zecovalve.com\/product\/1-in-ball-valve#primaryimage\",\"inLanguage\":\"es\",\"url\":\"https:\/\/zecovalve.com\/wp-content\/uploads\/2022\/06\/Cryogenic-Ball-Valve-2-scaled.jpg\",\"width\":2560,\"height\":2560},{\"@type\":\"WebPage\",\"@id\":\"https:\/\/zecovalve.com\/product\/1-in-ball-valve#webpage\",\"url\":\"https:\/\/zecovalve.com\/product\/1-in-ball-valve\",\"name\":\"1 in Ball Valve - 1\\\" Stainless Steel Ball Valve & 1' Brass Ball Valve | ZECO\",\"isPartOf\":{\"@id\":\"https:\/\/zecovalve.com\/#website\"},\"primaryImageOfPage\":{\"@id\":\"https:\/\/zecovalve.com\/product\/1-in-ball-valve#primaryimage\"},\"datePublished\":\"2022-07-15T05:43:40+00:00\",\"dateModified\":\"2022-08-18T08:49:53+00:00\",\"breadcrumb\":{\"@id\":\"https:\/\/zecovalve.com\/product\/1-in-ball-valve#breadcrumb\"},\"inLanguage\":\"es\",\"potentialAction\":[{\"@type\":\"ReadAction\",\"target\":[\"https:\/\/zecovalve.com\/product\/1-in-ball-valve\"]}]},{\"@type\":\"BreadcrumbList\",\"@id\":\"https:\/\/zecovalve.com\/product\/1-in-ball-valve#breadcrumb\",\"itemListElement\":[{\"@type\":\"ListItem\",\"position\":1,\"item\":{\"@type\":\"WebPage\",\"@id\":\"https:\/\/zecovalve.com\/\",\"url\":\"https:\/\/zecovalve.com\/\",\"name\":\"Home\"}},{\"@type\":\"ListItem\",\"position\":2,\"item\":{\"@type\":\"WebPage\",\"@id\":\"https:\/\/zecovalve.com\/product-category\",\"url\":\"https:\/\/zecovalve.com\/product-category\",\"name\":\"Industrial Valve Manufacturer | Water Valve Manufacturer\"}},{\"@type\":\"ListItem\",\"position\":3,\"item\":{\"@type\":\"WebPage\",\"@id\":\"https:\/\/zecovalve.com\/product\/1-in-ball-valve\",\"url\":\"https:\/\/zecovalve.com\/product\/1-in-ball-valve\",\"name\":\"1 in Ball Valve\"}}]}]}<\/script>\n<!-- \/ Yoast SEO Premium plugin. -->","_links":{"self":[{"href":"https:\/\/zecovalve.com\/es\/wp-json\/wp\/v2\/product\/19870","targetHints":{"allow":["GET"]}}],"collection":[{"href":"https:\/\/zecovalve.com\/es\/wp-json\/wp\/v2\/product"}],"about":[{"href":"https:\/\/zecovalve.com\/es\/wp-json\/wp\/v2\/types\/product"}],"replies":[{"embeddable":true,"href":"https:\/\/zecovalve.com\/es\/wp-json\/wp\/v2\/comments?post=19870"}],"wp:featuredmedia":[{"embeddable":true,"href":"https:\/\/zecovalve.com\/es\/wp-json\/wp\/v2\/media\/19493"}],"wp:attachment":[{"href":"https:\/\/zecovalve.com\/es\/wp-json\/wp\/v2\/media?parent=19870"}],"wp:term":[{"taxonomy":"product_cat","embeddable":true,"href":"https:\/\/zecovalve.com\/es\/wp-json\/wp\/v2\/product_cat?post=19870"},{"taxonomy":"product_tag","embeddable":true,"href":"https:\/\/zecovalve.com\/es\/wp-json\/wp\/v2\/product_tag?post=19870"}],"curies":[{"name":"wp","href":"https:\/\/api.w.org\/{rel}","templated":true}]}}