{"id":19871,"date":"2022-07-15T05:56:20","date_gmt":"2022-07-15T05:56:20","guid":{"rendered":"https:\/\/zecovalve.com\/?post_type=product&#038;p=19871"},"modified":"2022-09-07T02:14:59","modified_gmt":"2022-09-07T02:14:59","slug":"1-stainless-steel-ball-valve","status":"publish","type":"product","link":"https:\/\/zecovalve.com\/es\/producto\/1-stainless-steel-ball-valve","title":{"rendered":"V\u00e1lvula de bola de acero inoxidable de 1 \u2033"},"content":{"rendered":"<figure class=\"wp-block-image size-full is-resized\"><img loading=\"lazy\" decoding=\"async\" class=\"wp-image-19872\" src=\"https:\/\/zecovalve.com\/wp-content\/uploads\/2022\/07\/1-stainless-steel-ball-valve.jpg\" alt=\"\" width=\"250\" height=\"205\" srcset=\"https:\/\/zecovalve.com\/wp-content\/uploads\/2022\/07\/1-stainless-steel-ball-valve.jpg 1000w, https:\/\/zecovalve.com\/wp-content\/uploads\/2022\/07\/1-stainless-steel-ball-valve-300x246.jpg 300w, https:\/\/zecovalve.com\/wp-content\/uploads\/2022\/07\/1-stainless-steel-ball-valve-768x631.jpg 768w, https:\/\/zecovalve.com\/wp-content\/uploads\/2022\/07\/1-stainless-steel-ball-valve-600x493.jpg 600w\" sizes=\"auto, (max-width: 250px) 100vw, 250px\" \/><\/figure>\r\n\r\n\r\n<div class=\"gb-button-wrapper gb-button-wrapper-6d8495a3\">\r\n\r\n\r\n<p><a class=\"gb-button gb-button-3d442e11 gb-button-text\" href=\"https:\/\/zecovalve.com\/es\/contact\/\" target=\"_blank\" rel=\"noopener noreferrer\"><strong>OBTENER 1\u2033 V\u00c1LVULA DE BOLA DE ACERO INOXIDABLE PRECIO<\/strong><\/a><\/p>\r\n<\/div>\r\n\r\n\r\n\r\n\r\n<h2 class=\"wp-block-heading\" id=\"h-what-is-a-1-stainless-steel-ball-valve\">Qu\u00e9 es una v\u00e1lvula de bola de acero inoxidable de 1\u2033?<\/h2>\r\n\r\n\r\n\r\n<p>1\u2033 v\u00e1lvula de bola de acero inoxidable se hace para una mayor resistencia a la corrosi\u00f3n que el lat\u00f3n y el cobre.<\/p>\r\n\r\n\r\n\r\n<h2 class=\"wp-block-heading\">Material de las v\u00e1lvulas de bola de acero inoxidable de 1 pulgada<\/h2>\r\n\r\n\r\n\r\n<ul class=\"wp-block-list\">\r\n<li>Cuerpo y tapa - ASTM A351-CF8M\/ASTM A216-WCB<\/li>\r\n<li>Bola - ASTM A351-CF8M<\/li>\r\n<li>V\u00e1stago - ASTM A276-316<\/li>\r\n<li>Prensaestopas - AISI 304<\/li>\r\n<li>Asiento - PTFE\/RTFE<\/li>\r\n<li>Junta, empaquetadura y arandela de empuje - PTFE<\/li>\r\n<li>Arandela el\u00e1stica y tuerca - AISI 304<\/li>\r\n<li>Asa y dispositivo de bloqueo - Acero inoxidable<\/li>\r\n<li>Manguito del asa - PVC<\/li>\r\n<\/ul>\r\n\r\n\r\n\r\n<h2 class=\"wp-block-heading\">Especificaciones de la v\u00e1lvula de bola inoxidable de 1 pulgada<\/h2>\r\n\r\n\r\n\r\n<figure class=\"wp-block-table is-style-stripes\">\r\n<table>\r\n<tbody>\r\n<tr>\r\n<td>Tipo de asa<\/td>\r\n<td>PALANCA<\/td>\r\n<\/tr>\r\n<tr>\r\n<td>Material<\/td>\r\n<td>Acero inoxidable<\/td>\r\n<\/tr>\r\n<tr>\r\n<td>Tipo de hilo<\/td>\r\n<td>ASME B1.20.1 (NPT) DIN2999 y BS21 ISO7\/1 y EN10226\u2033.<\/td>\r\n<\/tr>\r\n<tr>\r\n<td>Presi\u00f3n m\u00e1xima de trabajo<\/td>\r\n<td>1000 PSI<\/td>\r\n<\/tr>\r\n<tr>\r\n<td>Temperatura m\u00e1xima de trabajo<\/td>\r\n<td>300 grados Fahrenheit<\/td>\r\n<\/tr>\r\n<tr>\r\n<td>Tipo de producto<\/td>\r\n<td>V\u00e1lvulas de bola<\/td>\r\n<\/tr>\r\n<tr>\r\n<td>Construcci\u00f3n de v\u00e1lvulas<\/td>\r\n<td>Dos piezas<\/td>\r\n<\/tr>\r\n<tr>\r\n<td>Talla<\/td>\r\n<td>1 pulgada<\/td>\r\n<\/tr>\r\n<\/tbody>\r\n<\/table>\r\n<\/figure>\r\n\r\n\r\n\r\n<h2 class=\"wp-block-heading\">Ventajas de las v\u00e1lvulas de bola de acero inoxidable de 1<\/h2>\r\n\r\n\r\n\r\n<ul class=\"wp-block-list\">\r\n<li>V\u00e1lvula de bola en l\u00ednea de acero inoxidable de Homewerks<\/li>\r\n<li>Cuerpo de dos piezas de acero inoxidable duradero con v\u00e1stago a prueba de reventones<\/li>\r\n<li>Cumple las normas sobre agua potable y sin plomo<\/li>\r\n<li>Conexiones FIP x FIP<\/li>\r\n<li>Mango de palanca con empu\u00f1adura que facilita el manejo con un cuarto de vuelta<\/li>\r\n<li>Esta v\u00e1lvula no est\u00e1 dise\u00f1ada para estrangular el flujo de agua; util\u00edcela s\u00f3lo en posici\u00f3n totalmente abierta o totalmente cerrada.<\/li>\r\n<li>100% prueba de fugas<\/li>\r\n<li>Presi\u00f3n m\u00e1xima 150 PSI para aire o gas<\/li>\r\n<\/ul>\r\n\r\n\r\n\r\n<h2 class=\"wp-block-heading\">Aplicaciones de las v\u00e1lvulas de bola de acero inoxidable de 1\u2033.<\/h2>\r\n\r\n\r\n\r\n<p>Las v\u00e1lvulas de bola de acero inoxidable de 1\u2033 funcionan bien en aplicaciones que incluyen, entre otras, agua, aceite, gas\/aire, \u00e1lcalis ligeros, \u00e1cidos, biodi\u00e9sel, combustibles y alcohol.<\/p>","protected":false},"excerpt":{"rendered":"<p>\u00bfQu\u00e9 es una v\u00e1lvula de bola de acero inoxidable de 1 \u2033? La v\u00e1lvula de bola de acero inoxidable de 1 \u2033 est\u00e1 hecha para una mayor resistencia a la corrosi\u00f3n que el lat\u00f3n y... <a title=\"V\u00e1lvula de bola de acero inoxidable de 1\" class=\"read-more\" href=\"https:\/\/zecovalve.com\/es\/producto\/1-stainless-steel-ball-valve\" aria-label=\"M\u00e1s en 1\u2033 V\u00e1lvula de bola de acero inoxidable\">Leer m\u00e1s<\/a><\/p>","protected":false},"featured_media":19872,"comment_status":"closed","ping_status":"closed","template":"","meta":{"_generate-full-width-content":"","kt_blocks_editor_width":""},"product_cat":[2047,2462],"product_tag":[3054,2802,3254,3244,2832],"class_list":["post-19871","product","type-product","status-publish","has-post-thumbnail","hentry","product_cat-ball-valve","product_cat-ball-valve-by-size","product_tag-1-ball-valve","product_tag-ball-valve-price","product_tag-ball-valve-stainless-steel","product_tag-stainless-ball-valve","product_tag-stainless-steel-ball-valve","sales-flash-overlay","woocommerce-text-align-center","woocommerce-image-align-center","do-quantity-buttons"],"featured_image_src_large":["https:\/\/zecovalve.com\/wp-content\/uploads\/2022\/07\/1-stainless-steel-ball-valve.jpg",1000,821,false],"author_info":[],"comment_info":0,"taxonomy_info":{"product_cat":[{"value":2047,"label":"Ball Valve"},{"value":2462,"label":"Ball Valve By Size"}],"product_tag":[{"value":3054,"label":"1\" Ball Valve"},{"value":2802,"label":"Ball Valve Price"},{"value":3254,"label":"Ball Valve Stainless Steel"},{"value":3244,"label":"Stainless Ball Valve"},{"value":2832,"label":"Stainless Steel Ball Valve"}]},"yoast_head":"<!-- This site is optimized with the Yoast SEO Premium plugin v15.4 - https:\/\/yoast.com\/wordpress\/plugins\/seo\/ -->\n<title>1&quot; Stainless Steel Ball Valve - Competitive Ball Valve Price | ZECO Valve<\/title>\n<meta name=\"robots\" content=\"index, follow, max-snippet:-1, max-image-preview:large, max-video-preview:-1\" \/>\n<link rel=\"canonical\" href=\"https:\/\/zecovalve.com\/es\/producto\/1-stainless-steel-ball-valve\" \/>\n<meta property=\"og:locale\" content=\"es_ES\" \/>\n<meta property=\"og:type\" content=\"article\" \/>\n<meta property=\"og:title\" content=\"1&quot; Stainless Steel Ball Valve - Competitive Ball Valve Price | ZECO Valve\" \/>\n<meta property=\"og:description\" content=\"What is a 1&#8243; Stainless Steel Ball Valve? 1&#8243; stainless steel ball valve is made for higher corrosion resistance than brass and ... Leer m\u00e1s\" \/>\n<meta property=\"og:url\" content=\"https:\/\/zecovalve.com\/es\/producto\/1-stainless-steel-ball-valve\" \/>\n<meta property=\"og:site_name\" content=\"ZECO Valve\" \/>\n<meta property=\"article:modified_time\" content=\"2022-09-07T02:14:59+00:00\" \/>\n<meta property=\"og:image\" content=\"https:\/\/zecovalve.com\/wp-content\/uploads\/2022\/07\/1-stainless-steel-ball-valve.jpg\" \/>\n\t<meta property=\"og:image:width\" content=\"1000\" \/>\n\t<meta property=\"og:image:height\" content=\"821\" \/>\n<meta name=\"twitter:card\" content=\"summary_large_image\" \/>\n<meta name=\"twitter:label1\" content=\"Escrito por\">\n\t<meta name=\"twitter:data1\" content=\"Jerry\">\n\t<meta name=\"twitter:label2\" content=\"Tiempo de lectura\">\n\t<meta name=\"twitter:data2\" content=\"1 minuto\">\n<script type=\"application\/ld+json\" class=\"yoast-schema-graph\">{\"@context\":\"https:\/\/schema.org\",\"@graph\":[{\"@type\":\"WebSite\",\"@id\":\"https:\/\/zecovalve.com\/#website\",\"url\":\"https:\/\/zecovalve.com\/\",\"name\":\"ZECO Valve\",\"description\":\"Industrial Ball Valve, Gate Valve and Globe Valve Manufacturer\",\"potentialAction\":[{\"@type\":\"SearchAction\",\"target\":\"https:\/\/zecovalve.com\/?s={search_term_string}\",\"query-input\":\"required name=search_term_string\"}],\"inLanguage\":\"es\"},{\"@type\":\"ImageObject\",\"@id\":\"https:\/\/zecovalve.com\/product\/1-stainless-steel-ball-valve#primaryimage\",\"inLanguage\":\"es\",\"url\":\"https:\/\/zecovalve.com\/wp-content\/uploads\/2022\/07\/1-stainless-steel-ball-valve.jpg\",\"width\":1000,\"height\":821},{\"@type\":\"WebPage\",\"@id\":\"https:\/\/zecovalve.com\/product\/1-stainless-steel-ball-valve#webpage\",\"url\":\"https:\/\/zecovalve.com\/product\/1-stainless-steel-ball-valve\",\"name\":\"1\\\" Stainless Steel Ball Valve - Competitive Ball Valve Price | ZECO Valve\",\"isPartOf\":{\"@id\":\"https:\/\/zecovalve.com\/#website\"},\"primaryImageOfPage\":{\"@id\":\"https:\/\/zecovalve.com\/product\/1-stainless-steel-ball-valve#primaryimage\"},\"datePublished\":\"2022-07-15T05:56:20+00:00\",\"dateModified\":\"2022-09-07T02:14:59+00:00\",\"breadcrumb\":{\"@id\":\"https:\/\/zecovalve.com\/product\/1-stainless-steel-ball-valve#breadcrumb\"},\"inLanguage\":\"es\",\"potentialAction\":[{\"@type\":\"ReadAction\",\"target\":[\"https:\/\/zecovalve.com\/product\/1-stainless-steel-ball-valve\"]}]},{\"@type\":\"BreadcrumbList\",\"@id\":\"https:\/\/zecovalve.com\/product\/1-stainless-steel-ball-valve#breadcrumb\",\"itemListElement\":[{\"@type\":\"ListItem\",\"position\":1,\"item\":{\"@type\":\"WebPage\",\"@id\":\"https:\/\/zecovalve.com\/\",\"url\":\"https:\/\/zecovalve.com\/\",\"name\":\"Home\"}},{\"@type\":\"ListItem\",\"position\":2,\"item\":{\"@type\":\"WebPage\",\"@id\":\"https:\/\/zecovalve.com\/product-category\",\"url\":\"https:\/\/zecovalve.com\/product-category\",\"name\":\"Industrial Valve Manufacturer | Water Valve Manufacturer\"}},{\"@type\":\"ListItem\",\"position\":3,\"item\":{\"@type\":\"WebPage\",\"@id\":\"https:\/\/zecovalve.com\/product\/1-stainless-steel-ball-valve\",\"url\":\"https:\/\/zecovalve.com\/product\/1-stainless-steel-ball-valve\",\"name\":\"1&#8243; Stainless Steel Ball Valve\"}}]}]}<\/script>\n<!-- \/ Yoast SEO Premium plugin. -->","_links":{"self":[{"href":"https:\/\/zecovalve.com\/es\/wp-json\/wp\/v2\/product\/19871","targetHints":{"allow":["GET"]}}],"collection":[{"href":"https:\/\/zecovalve.com\/es\/wp-json\/wp\/v2\/product"}],"about":[{"href":"https:\/\/zecovalve.com\/es\/wp-json\/wp\/v2\/types\/product"}],"replies":[{"embeddable":true,"href":"https:\/\/zecovalve.com\/es\/wp-json\/wp\/v2\/comments?post=19871"}],"wp:featuredmedia":[{"embeddable":true,"href":"https:\/\/zecovalve.com\/es\/wp-json\/wp\/v2\/media\/19872"}],"wp:attachment":[{"href":"https:\/\/zecovalve.com\/es\/wp-json\/wp\/v2\/media?parent=19871"}],"wp:term":[{"taxonomy":"product_cat","embeddable":true,"href":"https:\/\/zecovalve.com\/es\/wp-json\/wp\/v2\/product_cat?post=19871"},{"taxonomy":"product_tag","embeddable":true,"href":"https:\/\/zecovalve.com\/es\/wp-json\/wp\/v2\/product_tag?post=19871"}],"curies":[{"name":"wp","href":"https:\/\/api.w.org\/{rel}","templated":true}]}}