{"id":19873,"date":"2022-07-15T06:10:04","date_gmt":"2022-07-15T06:10:04","guid":{"rendered":"https:\/\/zecovalve.com\/?post_type=product&#038;p=19873"},"modified":"2022-09-22T06:28:36","modified_gmt":"2022-09-22T06:28:36","slug":"1-threaded-ball-valve","status":"publish","type":"product","link":"https:\/\/zecovalve.com\/es\/producto\/1-threaded-ball-valve","title":{"rendered":"V\u00e1lvula de bola roscada de 1\u2033"},"content":{"rendered":"<figure class=\"wp-block-image size-full is-resized\"><img loading=\"lazy\" decoding=\"async\" class=\"alignnone size-medium wp-image-16473\" src=\"https:\/\/zecovalve.com\/wp-content\/uploads\/2022\/06\/3pc-ball-valve-5-300x225.jpg\" alt=\"\" width=\"300\" height=\"225\" srcset=\"https:\/\/zecovalve.com\/wp-content\/uploads\/2022\/06\/3pc-ball-valve-5-300x225.jpg 300w, https:\/\/zecovalve.com\/wp-content\/uploads\/2022\/06\/3pc-ball-valve-5-768x576.jpg 768w, https:\/\/zecovalve.com\/wp-content\/uploads\/2022\/06\/3pc-ball-valve-5-600x450.jpg 600w, https:\/\/zecovalve.com\/wp-content\/uploads\/2022\/06\/3pc-ball-valve-5.jpg 800w\" sizes=\"auto, (max-width: 300px) 100vw, 300px\" \/><\/figure>\r\n\r\n\r\n<div class=\"gb-button-wrapper gb-button-wrapper-6d8495a3\">\r\n\r\n\r\n<p><a class=\"gb-button gb-button-3d442e11 gb-button-text\" href=\"https:\/\/zecovalve.com\/es\/contact\/\" target=\"_blank\" rel=\"noopener noreferrer\"><strong>OBTENER 1\u2033 V\u00c1LVULA DE BOLA ROSCADA PRECIO<\/strong><\/a><\/p>\r\n<\/div>\r\n\r\n\r\n\r\n\r\n<h2 class=\"wp-block-heading\" id=\"h-what-is-a-1-threaded-ball-valve\">Qu\u00e9 es una v\u00e1lvula de bola roscada de 1\u2033?<\/h2>\r\n\r\n\r\n\r\n<p>Esta v\u00e1lvula de bola de 2 v\u00edas de Tameson con un di\u00e1metro nominal de 25 mm est\u00e1 dise\u00f1ada para el control de flujo de encendido\/apagado.<\/p>\r\n\r\n\r\n\r\n<p>La v\u00e1lvula tiene puertos roscados G de 1 pulgada. Se trata de BSPP (British Standard Pipe Parallel). Con nuestra gama de accesorios de 1 pulgada, la v\u00e1lvula se puede instalar en cualquier tuber\u00eda.<\/p>\r\n\r\n\r\n\r\n<p>V\u00e1lvula de bola de lat\u00f3n de 2 v\u00edas y rosca macho con puertos G de 1 pulgada y maneta para control de flujo on\/off. Di\u00e1metro nominal de 25 mm y presi\u00f3n m\u00e1xima de 40 bar (580 psi).<\/p>\r\n\r\n\r\n\r\n<h2 class=\"wp-block-heading\">C\u00f3mo funciona una v\u00e1lvula de bola roscada de 1\u2033?<\/h2>\r\n\r\n\r\n\r\n<p>Utilice la manivela para accionar la v\u00e1lvula. Gir\u00e1ndola 90 grados, la v\u00e1lvula se abrir\u00e1 o cerrar\u00e1. Si la maneta est\u00e1 perpendicular a la tuber\u00eda, la v\u00e1lvula estar\u00e1 cerrada. Esta v\u00e1lvula no es adecuada para control el\u00e9ctrico o neum\u00e1tico. Para este fin, se recomiendan v\u00e1lvulas con brida ISO-Top (ISO 5211). Para ello, se recomiendan v\u00e1lvulas con brida ISO-Top (ISO 5211).<\/p>\r\n\r\n\r\n\r\n<h2 class=\"wp-block-heading\">Ventajas de las v\u00e1lvulas de bola roscadas de 1<\/h2>\r\n\r\n\r\n\r\n<ul class=\"wp-block-list\">\r\n<li>Topes de asa elevados.<\/li>\r\n<li>Dise\u00f1o del v\u00e1stago a prueba de reventones.<\/li>\r\n<li>Prensaestopas ajustable.<\/li>\r\n<li>Protecci\u00f3n anticorrosi\u00f3n con fosfato de zinc.<\/li>\r\n<li>Ign\u00edfugo seg\u00fan API 607 (requiere sufijo -24).<\/li>\r\n<\/ul>\r\n\r\n\r\n\r\n<h2 class=\"wp-block-heading\">Aplicaciones de las v\u00e1lvulas de bola roscadas de 1<\/h2>\r\n\r\n\r\n\r\n<p>La v\u00e1lvula de bola roscada de 1\u2033 se utiliza en aplicaciones residenciales y comerciales de agua potable, apta para una gama completa de l\u00edquidos y gases.<\/p>\r\n\r\n\r\n\r\n<p>La v\u00e1lvula puede utilizarse en un rango de temperaturas de -10 a 95 \u00b0C (14 a 203 \u00b0F).<\/p>","protected":false},"excerpt":{"rendered":"<p>\u00bfQu\u00e9 es una v\u00e1lvula de bola roscada de 1\u2033? Esta v\u00e1lvula de bola de 2 v\u00edas de Tameson con un di\u00e1metro nominal de 25 mm est\u00e1 dise\u00f1ada... <a title=\"V\u00e1lvula de bola roscada de 1\" class=\"read-more\" href=\"https:\/\/zecovalve.com\/es\/producto\/1-threaded-ball-valve\" aria-label=\"M\u00e1s en V\u00e1lvula de bola roscada de 1\">Leer m\u00e1s<\/a><\/p>","protected":false},"featured_media":16470,"comment_status":"closed","ping_status":"closed","template":"","meta":{"_generate-full-width-content":"","kt_blocks_editor_width":""},"product_cat":[2047,2462],"product_tag":[3054,2802,3922,3921],"class_list":["post-19873","product","type-product","status-publish","has-post-thumbnail","hentry","product_cat-ball-valve","product_cat-ball-valve-by-size","product_tag-1-ball-valve","product_tag-ball-valve-price","product_tag-metal-seat-ball-valve","product_tag-metal-seated-ball-valve","sales-flash-overlay","woocommerce-text-align-center","woocommerce-image-align-center","do-quantity-buttons"],"featured_image_src_large":["https:\/\/zecovalve.com\/wp-content\/uploads\/2022\/06\/3pc-ball-valve-2.jpg",800,600,false],"author_info":[],"comment_info":0,"taxonomy_info":{"product_cat":[{"value":2047,"label":"Ball Valve"},{"value":2462,"label":"Ball Valve By Size"}],"product_tag":[{"value":3054,"label":"1\" Ball Valve"},{"value":2802,"label":"Ball Valve Price"},{"value":3922,"label":"Metal Seat Ball Valve"},{"value":3921,"label":"Metal Seated Ball Valve"}]},"yoast_head":"<!-- This site is optimized with the Yoast SEO Premium plugin v15.4 - https:\/\/yoast.com\/wordpress\/plugins\/seo\/ -->\n<title>1&quot; Thread Ball Valve - Competitive Ball Valve Price | ZECO Valve<\/title>\n<meta name=\"robots\" content=\"index, follow, max-snippet:-1, max-image-preview:large, max-video-preview:-1\" \/>\n<link rel=\"canonical\" href=\"https:\/\/zecovalve.com\/es\/producto\/1-threaded-ball-valve\" \/>\n<meta property=\"og:locale\" content=\"es_ES\" \/>\n<meta property=\"og:type\" content=\"article\" \/>\n<meta property=\"og:title\" content=\"1&quot; Thread Ball Valve - Competitive Ball Valve Price | ZECO Valve\" \/>\n<meta property=\"og:description\" content=\"What is a 1&#8243; Threaded Ball Valve? This 2-way ball valve from Tameson with a nominal diameter of 25 mm is designed ... Leer m\u00e1s\" \/>\n<meta property=\"og:url\" content=\"https:\/\/zecovalve.com\/es\/producto\/1-threaded-ball-valve\" \/>\n<meta property=\"og:site_name\" content=\"ZECO Valve\" \/>\n<meta property=\"article:modified_time\" content=\"2022-09-22T06:28:36+00:00\" \/>\n<meta property=\"og:image\" content=\"https:\/\/zecovalve.com\/wp-content\/uploads\/2022\/06\/3pc-ball-valve-2.jpg\" \/>\n\t<meta property=\"og:image:width\" content=\"800\" \/>\n\t<meta property=\"og:image:height\" content=\"600\" \/>\n<meta name=\"twitter:card\" content=\"summary_large_image\" \/>\n<meta name=\"twitter:label1\" content=\"Escrito por\">\n\t<meta name=\"twitter:data1\" content=\"Jerry\">\n\t<meta name=\"twitter:label2\" content=\"Tiempo de lectura\">\n\t<meta name=\"twitter:data2\" content=\"1 minuto\">\n<script type=\"application\/ld+json\" class=\"yoast-schema-graph\">{\"@context\":\"https:\/\/schema.org\",\"@graph\":[{\"@type\":\"WebSite\",\"@id\":\"https:\/\/zecovalve.com\/#website\",\"url\":\"https:\/\/zecovalve.com\/\",\"name\":\"ZECO Valve\",\"description\":\"Industrial Ball Valve, Gate Valve and Globe Valve Manufacturer\",\"potentialAction\":[{\"@type\":\"SearchAction\",\"target\":\"https:\/\/zecovalve.com\/?s={search_term_string}\",\"query-input\":\"required name=search_term_string\"}],\"inLanguage\":\"es\"},{\"@type\":\"ImageObject\",\"@id\":\"https:\/\/zecovalve.com\/product\/1-threaded-ball-valve#primaryimage\",\"inLanguage\":\"es\",\"url\":\"https:\/\/zecovalve.com\/wp-content\/uploads\/2022\/06\/3pc-ball-valve-2.jpg\",\"width\":800,\"height\":600},{\"@type\":\"WebPage\",\"@id\":\"https:\/\/zecovalve.com\/product\/1-threaded-ball-valve#webpage\",\"url\":\"https:\/\/zecovalve.com\/product\/1-threaded-ball-valve\",\"name\":\"1\\\" Thread Ball Valve - Competitive Ball Valve Price | ZECO Valve\",\"isPartOf\":{\"@id\":\"https:\/\/zecovalve.com\/#website\"},\"primaryImageOfPage\":{\"@id\":\"https:\/\/zecovalve.com\/product\/1-threaded-ball-valve#primaryimage\"},\"datePublished\":\"2022-07-15T06:10:04+00:00\",\"dateModified\":\"2022-09-22T06:28:36+00:00\",\"breadcrumb\":{\"@id\":\"https:\/\/zecovalve.com\/product\/1-threaded-ball-valve#breadcrumb\"},\"inLanguage\":\"es\",\"potentialAction\":[{\"@type\":\"ReadAction\",\"target\":[\"https:\/\/zecovalve.com\/product\/1-threaded-ball-valve\"]}]},{\"@type\":\"BreadcrumbList\",\"@id\":\"https:\/\/zecovalve.com\/product\/1-threaded-ball-valve#breadcrumb\",\"itemListElement\":[{\"@type\":\"ListItem\",\"position\":1,\"item\":{\"@type\":\"WebPage\",\"@id\":\"https:\/\/zecovalve.com\/\",\"url\":\"https:\/\/zecovalve.com\/\",\"name\":\"Home\"}},{\"@type\":\"ListItem\",\"position\":2,\"item\":{\"@type\":\"WebPage\",\"@id\":\"https:\/\/zecovalve.com\/product-category\",\"url\":\"https:\/\/zecovalve.com\/product-category\",\"name\":\"Industrial Valve Manufacturer | Water Valve Manufacturer\"}},{\"@type\":\"ListItem\",\"position\":3,\"item\":{\"@type\":\"WebPage\",\"@id\":\"https:\/\/zecovalve.com\/product\/1-threaded-ball-valve\",\"url\":\"https:\/\/zecovalve.com\/product\/1-threaded-ball-valve\",\"name\":\"1&#8243; Threaded Ball Valve\"}}]}]}<\/script>\n<!-- \/ Yoast SEO Premium plugin. -->","_links":{"self":[{"href":"https:\/\/zecovalve.com\/es\/wp-json\/wp\/v2\/product\/19873","targetHints":{"allow":["GET"]}}],"collection":[{"href":"https:\/\/zecovalve.com\/es\/wp-json\/wp\/v2\/product"}],"about":[{"href":"https:\/\/zecovalve.com\/es\/wp-json\/wp\/v2\/types\/product"}],"replies":[{"embeddable":true,"href":"https:\/\/zecovalve.com\/es\/wp-json\/wp\/v2\/comments?post=19873"}],"wp:featuredmedia":[{"embeddable":true,"href":"https:\/\/zecovalve.com\/es\/wp-json\/wp\/v2\/media\/16470"}],"wp:attachment":[{"href":"https:\/\/zecovalve.com\/es\/wp-json\/wp\/v2\/media?parent=19873"}],"wp:term":[{"taxonomy":"product_cat","embeddable":true,"href":"https:\/\/zecovalve.com\/es\/wp-json\/wp\/v2\/product_cat?post=19873"},{"taxonomy":"product_tag","embeddable":true,"href":"https:\/\/zecovalve.com\/es\/wp-json\/wp\/v2\/product_tag?post=19873"}],"curies":[{"name":"wp","href":"https:\/\/api.w.org\/{rel}","templated":true}]}}