{"id":19960,"date":"2022-07-18T07:06:57","date_gmt":"2022-07-18T07:06:57","guid":{"rendered":"https:\/\/zecovalve.com\/?post_type=product&#038;p=19960"},"modified":"2022-07-26T05:46:47","modified_gmt":"2022-07-26T05:46:47","slug":"3-piece-ball-valve-stainless-steel","status":"publish","type":"product","link":"https:\/\/zecovalve.com\/es\/producto\/3-piece-ball-valve-stainless-steel","title":{"rendered":"V\u00e1lvula de bola de 3 piezas de acero inoxidable"},"content":{"rendered":"V\u00e1lvula de bola de 3 piezas de puerto completo de acero inoxidable con dise\u00f1o abatible para facilitar el mantenimiento. Estas v\u00e1lvulas tienen una almohadilla de montaje ISO 5211 y asiento y juntas de RTFE.\r\n\r\n\r\n\r\n\r\n<figure class=\"wp-block-image size-full is-resized\"><img loading=\"lazy\" decoding=\"async\" class=\"wp-image-19959\" src=\"https:\/\/zecovalve.com\/wp-content\/uploads\/2022\/07\/3PC-ball-valve.jpg\" alt=\"\" width=\"375\" height=\"277\" srcset=\"https:\/\/zecovalve.com\/wp-content\/uploads\/2022\/07\/3PC-ball-valve.jpg 500w, https:\/\/zecovalve.com\/wp-content\/uploads\/2022\/07\/3PC-ball-valve-300x221.jpg 300w\" sizes=\"auto, (max-width: 375px) 100vw, 375px\" \/><\/figure>\r\n\r\n\r\n<div class=\"gb-button-wrapper gb-button-wrapper-6d8495a3\">\r\n\r\n<a class=\"gb-button gb-button-3d442e11 gb-button-text\" href=\"https:\/\/zecovalve.com\/es\/contact\/\" target=\"_blank\" rel=\"noopener noreferrer\"><strong>OBTENER 3 PIEZAS V\u00c1LVULA DE BOLA DE ACERO INOXIDABLE PRECIO<\/strong><\/a>\r\n\r\n<\/div>\r\n\r\n\r\n\r\n\r\n<h2 class=\"wp-block-heading\" id=\"h-what-is-a-3-piece-ball-valve-stainless-steel\">\u00bfQu\u00e9 es una v\u00e1lvula de bola de 3 piezas de acero inoxidable?<\/h2>\r\n\r\n\r\n\r\n\r\nV\u00e1lvula de bola de 3 piezas de acero inoxidable completa con almohadilla de montaje directo ISO 5211 para facilitar el accionamiento.\r\n\r\n\r\n\r\n\r\n\r\nAdecuada para entornos higi\u00e9nicos, la v\u00e1lvula consta de un cuerpo CF8M A351, una bola de acero inoxidable 316 con un acabado interno de Ra 40uin\/25uin. La v\u00e1lvula cuenta con un verdadero puerto de tubo que no ofrece ning\u00fan espacio muerto en el camino a trav\u00e9s.\r\n\r\n\r\n\r\n\r\n\r\nLas conexiones finales est\u00e1n disponibles en extremo soldado o extremo soldado extendido.\r\n\r\n\r\n\r\n\r\n<h2 class=\"wp-block-heading\">Especificaciones de la v\u00e1lvula de bola de 3 piezas de acero inoxidable<\/h2>\r\n\r\n\r\n\r\n<ul class=\"wp-block-list\">\r\n \t<li>Conexi\u00f3n final Soldadura a tope OD, RF, NPT, BSPT<\/li>\r\n \t<li>Material del cuerpo Acero inoxidable<\/li>\r\n \t<li>Material de la junta PTFE<\/li>\r\n \t<li>Material del asiento Relleno de cavidad<\/li>\r\n \t<li>Tama\u00f1o 1\/2\u2033 (DN15), 3\/4\u2033 (DN20), 1\u2033 (DN25), 1 1\/2\u2033 (DN40), 2\u2033 (DN50), 2 1\/2\u2033 (DN65), 3\u2033 (DN80), 4\u2033 (DN100)<\/li>\r\n \t<li>Dise\u00f1o de 3 piezas, paso total<\/li>\r\n \t<li>Industria \/ Homologaciones Higi\u00e9nico<\/li>\r\n \t<li>Palanca Manual Bloqueable<\/li>\r\n \t<li>Temperatura de funcionamiento -10\u00baC a 180\u00baC<\/li>\r\n \t<li>Presi\u00f3n hasta: 1000 PSI (1\/2\u2033 a 1\u2033), 800 PSI (1 1\/2\u2033 a 2\u2033), 600 PSI (2 1\/2\u2033 a 4\u2033)<\/li>\r\n \t<li>\u00bfActuable? S\u00ed - dispone de almohadilla de montaje directo<\/li>\r\n<\/ul>\r\n\r\n\r\n\r\n<h2 class=\"wp-block-heading\" id=\"h-features-of-3-piece-ball-valve-stainless-steel\">Caracter\u00edsticas de la v\u00e1lvula de bola de 3 piezas de acero inoxidable<\/h2>\r\n\r\n\r\n\r\n<ul class=\"wp-block-list\">\r\n \t<li>V\u00e1lvula de bola sanitaria de 3 piezas y paso total<\/li>\r\n \t<li>Cuerpo de acero inoxidable A351 CF8M<\/li>\r\n \t<li>Bola de acero inoxidable 316<\/li>\r\n \t<li>Asientos rellenos de cavidades<\/li>\r\n \t<li>1000 PSI (1\/2\u2033 a 4\u2033)<\/li>\r\n \t<li>800 PSI (1\/2\u2033 a 4\u2033)<\/li>\r\n \t<li>600 PSI (1\/2\u2033 a 4\u2033)<\/li>\r\n<\/ul>\r\n\r\n\r\n\r\n<h2 class=\"wp-block-heading\" id=\"h-material-of-3-piece-ball-valve-stainless-steel\">Material de la v\u00e1lvula de bola de 3 piezas Acero inoxidable<\/h2>\r\n\r\n\r\n<div class=\"wp-block-image\">\r\n<figure class=\"aligncenter size-full\"><img loading=\"lazy\" decoding=\"async\" width=\"500\" height=\"230\" class=\"wp-image-19961\" src=\"https:\/\/zecovalve.com\/wp-content\/uploads\/2022\/07\/3-Piece-Ball-Valve-Stainless-Steel.png\" alt=\"\" srcset=\"https:\/\/zecovalve.com\/wp-content\/uploads\/2022\/07\/3-Piece-Ball-Valve-Stainless-Steel.png 500w, https:\/\/zecovalve.com\/wp-content\/uploads\/2022\/07\/3-Piece-Ball-Valve-Stainless-Steel-300x138.png 300w\" sizes=\"auto, (max-width: 500px) 100vw, 500px\" \/><\/figure>\r\n<\/div>\r\n\r\n\r\n<figure class=\"wp-block-table is-style-stripes\">\r\n<table>\r\n<tbody>\r\n<tr>\r\n<td>No<\/td>\r\n<td>Pieza<\/td>\r\n<td>Material<\/td>\r\n<\/tr>\r\n<tr>\r\n<td>1<\/td>\r\n<td>Vivienda<\/td>\r\n<td>Acero inoxidable<\/td>\r\n<\/tr>\r\n<tr>\r\n<td>2<\/td>\r\n<td>Brida<\/td>\r\n<td>Acero inoxidable<\/td>\r\n<\/tr>\r\n<tr>\r\n<td>3<\/td>\r\n<td>Bola<\/td>\r\n<td>Acero inoxidable<\/td>\r\n<\/tr>\r\n<tr>\r\n<td>4<\/td>\r\n<td>Asiento de bola<\/td>\r\n<td>PTFE<\/td>\r\n<\/tr>\r\n<tr>\r\n<td>5<\/td>\r\n<td>Junta de la carcasa<\/td>\r\n<td>PTFE<\/td>\r\n<\/tr>\r\n<tr>\r\n<td>6<\/td>\r\n<td>V\u00e1stago<\/td>\r\n<td>AISI 316<\/td>\r\n<\/tr>\r\n<tr>\r\n<td>7<\/td>\r\n<td>Anillo de asiento<\/td>\r\n<td>PTFE<\/td>\r\n<\/tr>\r\n<tr>\r\n<td>8<\/td>\r\n<td>Junta del v\u00e1stago<\/td>\r\n<td>PTFE<\/td>\r\n<\/tr>\r\n<tr>\r\n<td>9<\/td>\r\n<td>Enchufe<\/td>\r\n<td>Acero inoxidable<\/td>\r\n<\/tr>\r\n<tr>\r\n<td>10<\/td>\r\n<td>Mango<\/td>\r\n<td>Acero inoxidable<\/td>\r\n<\/tr>\r\n<tr>\r\n<td>11<\/td>\r\n<td>Anillo del tallo<\/td>\r\n<td>Acero inoxidable<\/td>\r\n<\/tr>\r\n<tr>\r\n<td>12<\/td>\r\n<td>Tuerca del v\u00e1stago<\/td>\r\n<td>Acero inoxidable<\/td>\r\n<\/tr>\r\n<tr>\r\n<td>13<\/td>\r\n<td>Manguito de mano<\/td>\r\n<td>PVC<\/td>\r\n<\/tr>\r\n<tr>\r\n<td>14<\/td>\r\n<td>Dispositivo de seguridad<\/td>\r\n<td>Acero inoxidable<\/td>\r\n<\/tr>\r\n<tr>\r\n<td>15<\/td>\r\n<td>Tornillos<\/td>\r\n<td>Acero inoxidable<\/td>\r\n<\/tr>\r\n<tr>\r\n<td>16<\/td>\r\n<td>Lavadora<\/td>\r\n<td>Acero inoxidable<\/td>\r\n<\/tr>\r\n<tr>\r\n<td>17<\/td>\r\n<td>Tuerca<\/td>\r\n<td>Acero inoxidable<\/td>\r\n<\/tr>\r\n<\/tbody>\r\n<\/table>\r\n<\/figure>","protected":false},"excerpt":{"rendered":"<p>La v\u00e1lvula de bola de 3 piezas de puerto completo de acero inoxidable presenta un dise\u00f1o abatible para facilitar el mantenimiento. Estas v\u00e1lvulas tienen un montaje ISO 5211... <a title=\"V\u00e1lvula de bola de 3 piezas de acero inoxidable\" class=\"read-more\" href=\"https:\/\/zecovalve.com\/es\/producto\/3-piece-ball-valve-stainless-steel\" aria-label=\"M\u00e1s en V\u00e1lvula de bola de 3 piezas de acero inoxidable\">Leer m\u00e1s<\/a><\/p>","protected":false},"featured_media":19959,"comment_status":"closed","ping_status":"closed","template":"","meta":{"_generate-full-width-content":"","kt_blocks_editor_width":""},"product_cat":[2047],"product_tag":[3089,3254,3244,2832],"class_list":["post-19960","product","type-product","status-publish","has-post-thumbnail","hentry","product_cat-ball-valve","product_tag-3-piece-ball-valve","product_tag-ball-valve-stainless-steel","product_tag-stainless-ball-valve","product_tag-stainless-steel-ball-valve","sales-flash-overlay","woocommerce-text-align-center","woocommerce-image-align-center","do-quantity-buttons"],"featured_image_src_large":["https:\/\/zecovalve.com\/wp-content\/uploads\/2022\/07\/3PC-ball-valve.jpg",500,369,false],"author_info":[],"comment_info":0,"taxonomy_info":{"product_cat":[{"value":2047,"label":"Ball Valve"}],"product_tag":[{"value":3089,"label":"3 Piece Ball Valve"},{"value":3254,"label":"Ball Valve Stainless Steel"},{"value":3244,"label":"Stainless Ball Valve"},{"value":2832,"label":"Stainless Steel Ball Valve"}]},"yoast_head":"<!-- This site is optimized with the Yoast SEO Premium plugin v15.4 - https:\/\/yoast.com\/wordpress\/plugins\/seo\/ -->\n<title>3 Piece Ball Valve Stainless Steel - Stainless Steel Ball Valve | ZECO Valve<\/title>\n<meta name=\"robots\" content=\"index, follow, max-snippet:-1, max-image-preview:large, max-video-preview:-1\" \/>\n<link rel=\"canonical\" href=\"https:\/\/zecovalve.com\/es\/producto\/3-piece-ball-valve-stainless-steel\" \/>\n<meta property=\"og:locale\" content=\"es_ES\" \/>\n<meta property=\"og:type\" content=\"article\" \/>\n<meta property=\"og:title\" content=\"3 Piece Ball Valve Stainless Steel - Stainless Steel Ball Valve | ZECO Valve\" \/>\n<meta property=\"og:description\" content=\"Full port 3-piece ball valve stainless steel feature a swing out design for easy maintenance. These valves have an ISO 5211 mounting ... Leer m\u00e1s\" \/>\n<meta property=\"og:url\" content=\"https:\/\/zecovalve.com\/es\/producto\/3-piece-ball-valve-stainless-steel\" \/>\n<meta property=\"og:site_name\" content=\"ZECO Valve\" \/>\n<meta property=\"article:modified_time\" content=\"2022-07-26T05:46:47+00:00\" \/>\n<meta property=\"og:image\" content=\"https:\/\/zecovalve.com\/wp-content\/uploads\/2022\/07\/3PC-ball-valve.jpg\" \/>\n\t<meta property=\"og:image:width\" content=\"500\" \/>\n\t<meta property=\"og:image:height\" content=\"369\" \/>\n<meta name=\"twitter:card\" content=\"summary_large_image\" \/>\n<meta name=\"twitter:label1\" content=\"Escrito por\">\n\t<meta name=\"twitter:data1\" content=\"Jerry\">\n\t<meta name=\"twitter:label2\" content=\"Tiempo de lectura\">\n\t<meta name=\"twitter:data2\" content=\"1 minuto\">\n<script type=\"application\/ld+json\" class=\"yoast-schema-graph\">{\"@context\":\"https:\/\/schema.org\",\"@graph\":[{\"@type\":\"WebSite\",\"@id\":\"https:\/\/zecovalve.com\/#website\",\"url\":\"https:\/\/zecovalve.com\/\",\"name\":\"ZECO Valve\",\"description\":\"Industrial Ball Valve, Gate Valve and Globe Valve Manufacturer\",\"potentialAction\":[{\"@type\":\"SearchAction\",\"target\":\"https:\/\/zecovalve.com\/?s={search_term_string}\",\"query-input\":\"required name=search_term_string\"}],\"inLanguage\":\"es\"},{\"@type\":\"ImageObject\",\"@id\":\"https:\/\/zecovalve.com\/product\/3-piece-ball-valve-stainless-steel#primaryimage\",\"inLanguage\":\"es\",\"url\":\"https:\/\/zecovalve.com\/wp-content\/uploads\/2022\/07\/3PC-ball-valve.jpg\",\"width\":500,\"height\":369},{\"@type\":\"WebPage\",\"@id\":\"https:\/\/zecovalve.com\/product\/3-piece-ball-valve-stainless-steel#webpage\",\"url\":\"https:\/\/zecovalve.com\/product\/3-piece-ball-valve-stainless-steel\",\"name\":\"3 Piece Ball Valve Stainless Steel - Stainless Steel Ball Valve | ZECO Valve\",\"isPartOf\":{\"@id\":\"https:\/\/zecovalve.com\/#website\"},\"primaryImageOfPage\":{\"@id\":\"https:\/\/zecovalve.com\/product\/3-piece-ball-valve-stainless-steel#primaryimage\"},\"datePublished\":\"2022-07-18T07:06:57+00:00\",\"dateModified\":\"2022-07-26T05:46:47+00:00\",\"breadcrumb\":{\"@id\":\"https:\/\/zecovalve.com\/product\/3-piece-ball-valve-stainless-steel#breadcrumb\"},\"inLanguage\":\"es\",\"potentialAction\":[{\"@type\":\"ReadAction\",\"target\":[\"https:\/\/zecovalve.com\/product\/3-piece-ball-valve-stainless-steel\"]}]},{\"@type\":\"BreadcrumbList\",\"@id\":\"https:\/\/zecovalve.com\/product\/3-piece-ball-valve-stainless-steel#breadcrumb\",\"itemListElement\":[{\"@type\":\"ListItem\",\"position\":1,\"item\":{\"@type\":\"WebPage\",\"@id\":\"https:\/\/zecovalve.com\/\",\"url\":\"https:\/\/zecovalve.com\/\",\"name\":\"Home\"}},{\"@type\":\"ListItem\",\"position\":2,\"item\":{\"@type\":\"WebPage\",\"@id\":\"https:\/\/zecovalve.com\/product-category\",\"url\":\"https:\/\/zecovalve.com\/product-category\",\"name\":\"Industrial Valve Manufacturer | Water Valve Manufacturer\"}},{\"@type\":\"ListItem\",\"position\":3,\"item\":{\"@type\":\"WebPage\",\"@id\":\"https:\/\/zecovalve.com\/product\/3-piece-ball-valve-stainless-steel\",\"url\":\"https:\/\/zecovalve.com\/product\/3-piece-ball-valve-stainless-steel\",\"name\":\"3 Piece Ball Valve Stainless Steel\"}}]}]}<\/script>\n<!-- \/ Yoast SEO Premium plugin. -->","_links":{"self":[{"href":"https:\/\/zecovalve.com\/es\/wp-json\/wp\/v2\/product\/19960","targetHints":{"allow":["GET"]}}],"collection":[{"href":"https:\/\/zecovalve.com\/es\/wp-json\/wp\/v2\/product"}],"about":[{"href":"https:\/\/zecovalve.com\/es\/wp-json\/wp\/v2\/types\/product"}],"replies":[{"embeddable":true,"href":"https:\/\/zecovalve.com\/es\/wp-json\/wp\/v2\/comments?post=19960"}],"wp:featuredmedia":[{"embeddable":true,"href":"https:\/\/zecovalve.com\/es\/wp-json\/wp\/v2\/media\/19959"}],"wp:attachment":[{"href":"https:\/\/zecovalve.com\/es\/wp-json\/wp\/v2\/media?parent=19960"}],"wp:term":[{"taxonomy":"product_cat","embeddable":true,"href":"https:\/\/zecovalve.com\/es\/wp-json\/wp\/v2\/product_cat?post=19960"},{"taxonomy":"product_tag","embeddable":true,"href":"https:\/\/zecovalve.com\/es\/wp-json\/wp\/v2\/product_tag?post=19960"}],"curies":[{"name":"wp","href":"https:\/\/api.w.org\/{rel}","templated":true}]}}