{"id":19963,"date":"2022-07-18T07:24:10","date_gmt":"2022-07-18T07:24:10","guid":{"rendered":"https:\/\/zecovalve.com\/?post_type=product&#038;p=19963"},"modified":"2022-09-22T03:25:29","modified_gmt":"2022-09-22T03:25:29","slug":"3-pieces-ball-valve","status":"publish","type":"product","link":"https:\/\/zecovalve.com\/es\/producto\/3-pieces-ball-valve","title":{"rendered":"V\u00e1lvula de bola de 3 piezas"},"content":{"rendered":"La v\u00e1lvula de bola de 3 piezas es una estructura de v\u00e1lvula de bola com\u00fan, su cuerpo se divide en tres partes, que son el bonete izquierdo y derecho y el cuerpo de la v\u00e1lvula central.\r\n\r\n\r\n\r\n\r\n<figure class=\"wp-block-image size-full is-resized\"><img loading=\"lazy\" decoding=\"async\" class=\"wp-image-16508\" src=\"https:\/\/zecovalve.com\/wp-content\/uploads\/2022\/06\/trunnion-mounted-ball-valve-2.jpg\" alt=\"\" width=\"400\" height=\"300\" srcset=\"https:\/\/zecovalve.com\/wp-content\/uploads\/2022\/06\/trunnion-mounted-ball-valve-2.jpg 800w, https:\/\/zecovalve.com\/wp-content\/uploads\/2022\/06\/trunnion-mounted-ball-valve-2-300x225.jpg 300w, https:\/\/zecovalve.com\/wp-content\/uploads\/2022\/06\/trunnion-mounted-ball-valve-2-768x576.jpg 768w, https:\/\/zecovalve.com\/wp-content\/uploads\/2022\/06\/trunnion-mounted-ball-valve-2-600x450.jpg 600w\" sizes=\"auto, (max-width: 400px) 100vw, 400px\" \/><\/figure>\r\n\r\n\r\n<div class=\"gb-button-wrapper gb-button-wrapper-6d8495a3\">\r\n\r\n<a class=\"gb-button gb-button-3d442e11 gb-button-text\" href=\"https:\/\/zecovalve.com\/es\/contact\/\" target=\"_blank\" rel=\"noopener noreferrer\"><strong>OBTENER 3 PIEZAS V\u00c1LVULA DE BOLA PRECIO<\/strong><\/a>\r\n\r\n<\/div>\r\n\r\n\r\n\r\n\r\n<h2 class=\"wp-block-heading\" id=\"h-what-is-a-3-pieces-ball-valve\">\u00bfQu\u00e9 es una v\u00e1lvula de bola de 3 piezas?<\/h2>\r\n\r\n\r\n\r\n\r\nLas v\u00e1lvulas de bola vienen en una, dos o tres piezas. Las v\u00e1lvulas de bola de dos piezas constan de dos piezas separadas, y la conexi\u00f3n entre ellas puede ser roscada o mediante un conjunto de perno y brida. Como habr\u00e1 adivinado, una v\u00e1lvula de bola de tres piezas consta de tres piezas, dos tapas y un cuerpo.\r\n\r\n\r\n\r\n\r\n<h2 class=\"wp-block-heading\" id=\"h-features-of-3-pieces-ball-valve\">Caracter\u00edsticas de la v\u00e1lvula de bola de 3 piezas<\/h2>\r\n\r\n\r\n\r\n<ul class=\"wp-block-list\">\r\n \t<li>Las v\u00e1lvulas de bola de 3 piezas tienen la conexi\u00f3n m\u00e1s completa en comparaci\u00f3n con las v\u00e1lvulas de bola de 1 y 2 piezas.<\/li>\r\n \t<li>Tres partes de los cuerpos est\u00e1n conectados por pernos, que es conveniente para la instalaci\u00f3n y desmontaje.<\/li>\r\n \t<li>En el caso de conmutaci\u00f3n frecuente y abrasi\u00f3n r\u00e1pida, deben considerarse previamente las v\u00e1lvulas de bola de 3 piezas.<\/li>\r\n \t<li>El tama\u00f1o del canal de la v\u00e1lvula de bola de 3 piezas es mayor que el de la v\u00e1lvula de bola de 1 pieza, que es de circulaci\u00f3n m\u00e1s fuerte.<\/li>\r\n \t<li>La resistencia del fluido es peque\u00f1a, y su coeficiente es igual a la misma longitud de tuber\u00eda.<\/li>\r\n \t<li>Apertura y cierre r\u00e1pidos, f\u00e1cil de manejar. De completamente abierta a completamente cerrada, s\u00f3lo necesita una rotaci\u00f3n de 90\u00b0 de la palanca o del dispositivo de accionamiento, lo que es conveniente para el control remoto.<\/li>\r\n \t<li>Aplicable a una amplia gama de di\u00e1metros, desde mil\u00edmetros hasta metros, y de presiones, desde alto vac\u00edo hasta alta presi\u00f3n.<\/li>\r\n<\/ul>\r\n\r\n\r\n\r\n<h2 class=\"wp-block-heading\">\u00bfCu\u00e1l es la gran diferencia entre las v\u00e1lvulas de bola de 2 y 3 piezas?<\/h2>\r\n\r\n\r\n\r\n\r\nLas v\u00e1lvulas de bola de dos piezas tambi\u00e9n se dise\u00f1aron pensando en el mantenimiento. La gran diferencia entre las dos es que el cuerpo de la v\u00e1lvula de 3 piezas puede desmontarse sin tocar las dos tapas de los extremos. Una v\u00e1lvula de bola de dos piezas no suele permitir esto, y no es posible en absoluto con una v\u00e1lvula de bola de una pieza.\r\n\r\n\r\n\r\n\r\n\r\nTambi\u00e9n hay una diferencia de precio. Como ya se ha indicado, las v\u00e1lvulas de una pieza suelen ser de usar y tirar. Las v\u00e1lvulas de tres piezas tienden a costar m\u00e1s al principio, pero pueden ahorrar dinero a largo plazo en t\u00e9rminos de tiempo dedicado al mantenimiento, y la capacidad de cambiar los asientos y juntas frente a la sustituci\u00f3n de la v\u00e1lvula en su totalidad.\r\n\r\n\r\n\r\n\r\n<h2 class=\"wp-block-heading\">Comparaci\u00f3n de v\u00e1lvulas de bola de 1, 2 y 3 piezas<\/h2>\r\n\r\n\r\n\r\n<figure class=\"wp-block-table is-style-stripes\">\r\n<table>\r\n<tbody>\r\n<tr>\r\n<td><\/td>\r\n<td><strong>V\u00e1lvulas de bola de 1 pieza<\/strong><\/td>\r\n<td><strong>V\u00e1lvulas de bola de 2 piezas<\/strong><\/td>\r\n<td><strong>V\u00e1lvulas de bola de 3 piezas<\/strong><\/td>\r\n<\/tr>\r\n<tr>\r\n<td><strong>Aplicaciones comunes<\/strong><\/td>\r\n<td>Equipamiento para restauraci\u00f3nLlenado de l\u00edquidosLlenado de l\u00edquidos de automoci\u00f3n<\/td>\r\n<td>Equipamiento para restauraci\u00f3nLlenado de l\u00edquidosLlenado de l\u00edquidos de automoci\u00f3n<\/td>\r\n<td>Instalaciones de fabricaci\u00f3n<\/td>\r\n<\/tr>\r\n<tr>\r\n<td><strong>Beneficios<\/strong><\/td>\r\n<td>Opci\u00f3n m\u00e1s econ\u00f3micaPuede sustituirse a bajo coste<\/td>\r\n<td>M\u00e1s econ\u00f3micas de adquirir o sustituir que las v\u00e1lvulas de 3 piezasDisponibles en puerto completo<\/td>\r\n<td>F\u00e1cil de desmontar para mantenimientoAhorro de costes a largo plazo para aplicaciones extremas o de ciclos altosDisponible en puerto completoLas opciones de conexi\u00f3n incluyen FNPT, soldadura por encastre y soldadura por encastre de tubo<\/td>\r\n<\/tr>\r\n<tr>\r\n<td><strong>Ca\u00eddas<\/strong><\/td>\r\n<td>No est\u00e1 dise\u00f1ado para ser reparado<\/td>\r\n<td>Reparabilidad limitada<\/td>\r\n<td>Mayor coste inicial<\/td>\r\n<\/tr>\r\n<\/tbody>\r\n<\/table>\r\n<\/figure>","protected":false},"excerpt":{"rendered":"<p>La v\u00e1lvula de bola de 3 piezas es una estructura de v\u00e1lvula de bola com\u00fan, su cuerpo est\u00e1 dividido en tres partes, las cuales quedan de izquierda y\u2026 <a title=\"V\u00e1lvula de bola de 3 piezas\" class=\"read-more\" href=\"https:\/\/zecovalve.com\/es\/producto\/3-pieces-ball-valve\" aria-label=\"M\u00e1s en V\u00e1lvula de bola de 3 piezas\">Leer m\u00e1s<\/a><\/p>","protected":false},"featured_media":16508,"comment_status":"closed","ping_status":"closed","template":"","meta":{"_generate-full-width-content":"","kt_blocks_editor_width":""},"product_cat":[2047],"product_tag":[3089,3920,3896],"class_list":["post-19963","product","type-product","status-publish","has-post-thumbnail","hentry","product_cat-ball-valve","product_tag-3-piece-ball-valve","product_tag-api-6d-ball-valve","product_tag-flanged-ball-valve","sales-flash-overlay","woocommerce-text-align-center","woocommerce-image-align-center","do-quantity-buttons"],"featured_image_src_large":["https:\/\/zecovalve.com\/wp-content\/uploads\/2022\/06\/trunnion-mounted-ball-valve-2.jpg",800,600,false],"author_info":[],"comment_info":0,"taxonomy_info":{"product_cat":[{"value":2047,"label":"Ball Valve"}],"product_tag":[{"value":3089,"label":"3 Piece Ball Valve"},{"value":3920,"label":"API 6D Ball Valve"},{"value":3896,"label":"Flanged Ball Valve"}]},"yoast_head":"<!-- This site is optimized with the Yoast SEO Premium plugin v15.4 - https:\/\/yoast.com\/wordpress\/plugins\/seo\/ -->\n<title>3 Pieces Ball Valve - Trunnion Ball Valve Manfacturer | ZECO Valve<\/title>\n<meta name=\"robots\" content=\"index, follow, max-snippet:-1, max-image-preview:large, max-video-preview:-1\" \/>\n<link rel=\"canonical\" href=\"https:\/\/zecovalve.com\/es\/producto\/3-pieces-ball-valve\" \/>\n<meta property=\"og:locale\" content=\"es_ES\" \/>\n<meta property=\"og:type\" content=\"article\" \/>\n<meta property=\"og:title\" content=\"3 Pieces Ball Valve - Trunnion Ball Valve Manfacturer | ZECO Valve\" \/>\n<meta property=\"og:description\" content=\"The 3 pieces ball valve is a common ball valve structure, its body is divided into three parts, which are left and ... Leer m\u00e1s\" \/>\n<meta property=\"og:url\" content=\"https:\/\/zecovalve.com\/es\/producto\/3-pieces-ball-valve\" \/>\n<meta property=\"og:site_name\" content=\"ZECO Valve\" \/>\n<meta property=\"article:modified_time\" content=\"2022-09-22T03:25:29+00:00\" \/>\n<meta property=\"og:image\" content=\"https:\/\/zecovalve.com\/wp-content\/uploads\/2022\/06\/trunnion-mounted-ball-valve-2.jpg\" \/>\n\t<meta property=\"og:image:width\" content=\"800\" \/>\n\t<meta property=\"og:image:height\" content=\"600\" \/>\n<meta name=\"twitter:card\" content=\"summary_large_image\" \/>\n<meta name=\"twitter:label1\" content=\"Escrito por\">\n\t<meta name=\"twitter:data1\" content=\"Jerry\">\n\t<meta name=\"twitter:label2\" content=\"Tiempo de lectura\">\n\t<meta name=\"twitter:data2\" content=\"2 minutos\">\n<script type=\"application\/ld+json\" class=\"yoast-schema-graph\">{\"@context\":\"https:\/\/schema.org\",\"@graph\":[{\"@type\":\"WebSite\",\"@id\":\"https:\/\/zecovalve.com\/#website\",\"url\":\"https:\/\/zecovalve.com\/\",\"name\":\"ZECO Valve\",\"description\":\"Industrial Ball Valve, Gate Valve and Globe Valve Manufacturer\",\"potentialAction\":[{\"@type\":\"SearchAction\",\"target\":\"https:\/\/zecovalve.com\/?s={search_term_string}\",\"query-input\":\"required name=search_term_string\"}],\"inLanguage\":\"es\"},{\"@type\":\"ImageObject\",\"@id\":\"https:\/\/zecovalve.com\/product\/3-pieces-ball-valve#primaryimage\",\"inLanguage\":\"es\",\"url\":\"https:\/\/zecovalve.com\/wp-content\/uploads\/2022\/06\/trunnion-mounted-ball-valve-2.jpg\",\"width\":800,\"height\":600},{\"@type\":\"WebPage\",\"@id\":\"https:\/\/zecovalve.com\/product\/3-pieces-ball-valve#webpage\",\"url\":\"https:\/\/zecovalve.com\/product\/3-pieces-ball-valve\",\"name\":\"3 Pieces Ball Valve - Trunnion Ball Valve Manfacturer | ZECO Valve\",\"isPartOf\":{\"@id\":\"https:\/\/zecovalve.com\/#website\"},\"primaryImageOfPage\":{\"@id\":\"https:\/\/zecovalve.com\/product\/3-pieces-ball-valve#primaryimage\"},\"datePublished\":\"2022-07-18T07:24:10+00:00\",\"dateModified\":\"2022-09-22T03:25:29+00:00\",\"breadcrumb\":{\"@id\":\"https:\/\/zecovalve.com\/product\/3-pieces-ball-valve#breadcrumb\"},\"inLanguage\":\"es\",\"potentialAction\":[{\"@type\":\"ReadAction\",\"target\":[\"https:\/\/zecovalve.com\/product\/3-pieces-ball-valve\"]}]},{\"@type\":\"BreadcrumbList\",\"@id\":\"https:\/\/zecovalve.com\/product\/3-pieces-ball-valve#breadcrumb\",\"itemListElement\":[{\"@type\":\"ListItem\",\"position\":1,\"item\":{\"@type\":\"WebPage\",\"@id\":\"https:\/\/zecovalve.com\/\",\"url\":\"https:\/\/zecovalve.com\/\",\"name\":\"Home\"}},{\"@type\":\"ListItem\",\"position\":2,\"item\":{\"@type\":\"WebPage\",\"@id\":\"https:\/\/zecovalve.com\/product-category\",\"url\":\"https:\/\/zecovalve.com\/product-category\",\"name\":\"Industrial Valve Manufacturer | Water Valve Manufacturer\"}},{\"@type\":\"ListItem\",\"position\":3,\"item\":{\"@type\":\"WebPage\",\"@id\":\"https:\/\/zecovalve.com\/product\/3-pieces-ball-valve\",\"url\":\"https:\/\/zecovalve.com\/product\/3-pieces-ball-valve\",\"name\":\"3 Pieces Ball Valve\"}}]}]}<\/script>\n<!-- \/ Yoast SEO Premium plugin. -->","_links":{"self":[{"href":"https:\/\/zecovalve.com\/es\/wp-json\/wp\/v2\/product\/19963","targetHints":{"allow":["GET"]}}],"collection":[{"href":"https:\/\/zecovalve.com\/es\/wp-json\/wp\/v2\/product"}],"about":[{"href":"https:\/\/zecovalve.com\/es\/wp-json\/wp\/v2\/types\/product"}],"replies":[{"embeddable":true,"href":"https:\/\/zecovalve.com\/es\/wp-json\/wp\/v2\/comments?post=19963"}],"wp:featuredmedia":[{"embeddable":true,"href":"https:\/\/zecovalve.com\/es\/wp-json\/wp\/v2\/media\/16508"}],"wp:attachment":[{"href":"https:\/\/zecovalve.com\/es\/wp-json\/wp\/v2\/media?parent=19963"}],"wp:term":[{"taxonomy":"product_cat","embeddable":true,"href":"https:\/\/zecovalve.com\/es\/wp-json\/wp\/v2\/product_cat?post=19963"},{"taxonomy":"product_tag","embeddable":true,"href":"https:\/\/zecovalve.com\/es\/wp-json\/wp\/v2\/product_tag?post=19963"}],"curies":[{"name":"wp","href":"https:\/\/api.w.org\/{rel}","templated":true}]}}