{"id":26583,"date":"2022-08-05T15:27:29","date_gmt":"2022-08-05T15:27:29","guid":{"rendered":"https:\/\/zecovalve.com\/?post_type=product&#038;p=26583"},"modified":"2022-09-20T06:10:35","modified_gmt":"2022-09-20T06:10:35","slug":"fully-welded-ball-valve","status":"publish","type":"product","link":"https:\/\/zecovalve.com\/es\/producto\/fully-welded-ball-valve","title":{"rendered":"V\u00e1lvula de bola totalmente soldada"},"content":{"rendered":"Las v\u00e1lvulas de bola totalmente soldadas se utilizan en tuber\u00edas por su resistencia y bajo mantenimiento y se prefieren sobre todo para aplicaciones subterr\u00e1neas y en superficie.\r\n\r\n\r\n\r\n\r\n<figure class=\"wp-block-image size-full is-resized\"><img loading=\"lazy\" decoding=\"async\" class=\"wp-image-26581\" src=\"https:\/\/zecovalve.com\/wp-content\/uploads\/2022\/08\/A105-\u5168\u710a\u63a5\u7403\u9600.jpg\" alt=\"\" width=\"400\" height=\"400\" srcset=\"https:\/\/zecovalve.com\/wp-content\/uploads\/2022\/08\/A105-\u5168\u710a\u63a5\u7403\u9600.jpg 800w, https:\/\/zecovalve.com\/wp-content\/uploads\/2022\/08\/A105-\u5168\u710a\u63a5\u7403\u9600-300x300.jpg 300w, https:\/\/zecovalve.com\/wp-content\/uploads\/2022\/08\/A105-\u5168\u710a\u63a5\u7403\u9600-150x150.jpg 150w, https:\/\/zecovalve.com\/wp-content\/uploads\/2022\/08\/A105-\u5168\u710a\u63a5\u7403\u9600-768x768.jpg 768w, https:\/\/zecovalve.com\/wp-content\/uploads\/2022\/08\/A105-\u5168\u710a\u63a5\u7403\u9600-400x400.jpg 400w, https:\/\/zecovalve.com\/wp-content\/uploads\/2022\/08\/A105-\u5168\u710a\u63a5\u7403\u9600-600x600.jpg 600w, https:\/\/zecovalve.com\/wp-content\/uploads\/2022\/08\/A105-\u5168\u710a\u63a5\u7403\u9600-100x100.jpg 100w\" sizes=\"auto, (max-width: 400px) 100vw, 400px\" \/><\/figure>\r\n\r\n\r\n<div class=\"gb-button-wrapper gb-button-wrapper-6d8495a3\">\r\n\r\n<a class=\"gb-button gb-button-3d442e11 gb-button-text\" href=\"https:\/\/zecovalve.com\/es\/contact\/\" target=\"_blank\" rel=\"noopener noreferrer\"><strong>OBTENER PRECIO DE V\u00c1LVULA DE BOLA TOTALMENTE SOLDADA<\/strong><\/a>\r\n\r\n<\/div>\r\n\r\n\r\n\r\n\r\n<h2 class=\"wp-block-heading\" id=\"h-what-is-a-fully-welded-ball-valve\">\u00bfQu\u00e9 es una v\u00e1lvula de bola totalmente soldada?<\/h2>\r\n\r\n\r\n\r\n\r\nUna v\u00e1lvula totalmente soldada est\u00e1 dise\u00f1ada con un cuerpo totalmente soldado y forjado para reducir el peso y aumentar la resistencia, eliminando al mismo tiempo varios posibles puntos de fuga. Se utilizan para conectar y cerrar el flujo del medio en muchos sistemas de tuber\u00edas diferentes. Las v\u00e1lvulas de bola totalmente soldadas suelen considerarse el tipo m\u00e1s com\u00fan de v\u00e1lvula totalmente soldada que se encuentra en muchas industrias, como la petrolera en alta mar, la petroqu\u00edmica en tierra, la calefacci\u00f3n urbana y el gas natural, la construcci\u00f3n naval y las centrales el\u00e9ctricas.\r\n\r\n\r\n\r\n\r\n\r\nLa v\u00e1lvula de bola totalmente soldada adopta material forjado, cuerpo soldado, en lugar de pernos y tuercas, para evitar cualquier fuga potencial del cuerpo. La v\u00e1lvula de bola totalmente soldada garantiza que el sellado sea mucho m\u00e1s fiable. Las v\u00e1lvulas pueden ser de tipo esf\u00e9rico y cil\u00edndrico. Por lo general, el tipo esf\u00e9rico tiene s\u00f3lo una costura de soldadura en el cuerpo, y el tipo cil\u00edndrico tiene dos costuras de soldadura en el cuerpo.\r\n\r\n\r\n\r\n\r\n<h2 class=\"wp-block-heading\">Estructura de la v\u00e1lvula de bola totalmente soldada<\/h2>\r\n\r\n\r\n\r\n\r\nEl cuerpo de la v\u00e1lvula de bola se fabrica soldando seis carcasas parcialmente forjadas despu\u00e9s del montaje. La estructura es compacta y toda la v\u00e1lvula de bola est\u00e1 integrada. En la actualidad, las v\u00e1lvulas de bola de gran calibre utilizadas en la producci\u00f3n son en su mayor\u00eda estructuras divididas de tres piezas, y cada parte est\u00e1 unida por pernos. En comparaci\u00f3n con la v\u00e1lvula de bola de tres piezas, con la misma resistencia, el grosor de la pared de la pieza de forja de la v\u00e1lvula de bola totalmente soldada puede hacerse muy fino, el peso de la v\u00e1lvula puede reducirse en una cuarta parte, y la resistencia a la flexi\u00f3n y extrusi\u00f3n de la tuber\u00eda es mayor.\r\n\r\n\r\n\r\n\r\n<h2 class=\"wp-block-heading\">Gama de productos de V\u00e1lvula de bola totalmente soldada<\/h2>\r\n\r\n\r\n\r\n<ul class=\"wp-block-list\">\r\n \t<li>Material del cuerpo: acero al carbono de baja temperatura, acero al carbono<\/li>\r\n \t<li>Di\u00e1metro nominal:2\u2033\uff5e60\u2033\uff08DN50~DN1500\uff09<\/li>\r\n \t<li>Rango de presi\u00f3n: Class150\uff5e2500\uff08PN10~PN420\uff09<\/li>\r\n \t<li>Conexi\u00f3n final: RF, RTJ, BW<\/li>\r\n \t<li>Temperatura de trabajo:-46\u2103\uff5e+200\u2103<\/li>\r\n \t<li>Funcionamiento: Actuador de llave, de tornillo sin fin, el\u00e9ctrico, neum\u00e1tico, de gas sobre aceite y electrohidr\u00e1ulico.<\/li>\r\n<\/ul>\r\n\r\n\r\n\r\n<h2 class=\"wp-block-heading\">Caracter\u00edsticas de la v\u00e1lvula de bola totalmente soldada<\/h2>\r\n\r\n\r\n\r\n<ul class=\"wp-block-list\">\r\n \t<li>Una variedad de materiales de asiento de junta blanda y dura para satisfacer m\u00e1s condiciones de proceso.<\/li>\r\n \t<li>La v\u00e1lvula cumple la norma NACE, la funci\u00f3n de emisiones fugitivas y la certificaci\u00f3n de prueba de fuego de API 607<\/li>\r\n \t<li>El asiento puede dise\u00f1arse con pist\u00f3n doble o simple y tiene un par de funcionamiento inferior<\/li>\r\n \t<li>Dispositivos de bloqueo de serie en las v\u00e1lvulas de palanca<\/li>\r\n \t<li>Todas las v\u00e1lvulas tienen una funci\u00f3n de alivio de presi\u00f3n de cavidad propia para garantizar la seguridad de la presi\u00f3n en la c\u00e1mara central<\/li>\r\n \t<li>En el caso de las v\u00e1lvulas de bola de acero al carbono, se superpone una capa de acero inoxidable en la posici\u00f3n de contacto entre el anillo del asiento y el cuerpo de la v\u00e1lvula y el prensaestopas, a fin de evitar la adherencia y el aumento del par.<\/li>\r\n \t<li>La estructura especial del asiento PMSS, la junta de dos capas, la primera junta blanda y la segunda junta dura garantizan un mejor rendimiento del producto.<\/li>\r\n<\/ul>","protected":false},"excerpt":{"rendered":"<p>Las v\u00e1lvulas de bola completamente soldadas se utilizan en tuber\u00edas por su resistencia y bajo mantenimiento y se prefieren principalmente para aplicaciones subterr\u00e1neas y... <a title=\"V\u00e1lvula de bola totalmente soldada\" class=\"read-more\" href=\"https:\/\/zecovalve.com\/es\/producto\/fully-welded-ball-valve\" aria-label=\"M\u00e1s en V\u00e1lvula de bola totalmente soldada\">Leer m\u00e1s<\/a><\/p>","protected":false},"featured_media":26581,"comment_status":"closed","ping_status":"closed","template":"","meta":{"_generate-full-width-content":"","kt_blocks_editor_width":""},"product_cat":[2047,2459],"product_tag":[3913],"class_list":["post-26583","product","type-product","status-publish","has-post-thumbnail","hentry","product_cat-ball-valve","product_cat-ball-valve-by-form","product_tag-full-port-ball-valve","sales-flash-overlay","woocommerce-text-align-center","woocommerce-image-align-center","do-quantity-buttons"],"featured_image_src_large":["https:\/\/zecovalve.com\/wp-content\/uploads\/2022\/08\/A105-\u5168\u710a\u63a5\u7403\u9600.jpg",800,800,false],"author_info":[],"comment_info":0,"taxonomy_info":{"product_cat":[{"value":2047,"label":"Ball Valve"},{"value":2459,"label":"Ball Valve By Form"}],"product_tag":[{"value":3913,"label":"Full Port Ball Valve"}]},"yoast_head":"<!-- This site is optimized with the Yoast SEO Premium plugin v15.4 - https:\/\/yoast.com\/wordpress\/plugins\/seo\/ -->\n<title>Fully Welded Ball Valve - Welded Ball Valve | ZECO Valve<\/title>\n<meta name=\"robots\" content=\"index, follow, max-snippet:-1, max-image-preview:large, max-video-preview:-1\" \/>\n<link rel=\"canonical\" href=\"https:\/\/zecovalve.com\/es\/producto\/fully-welded-ball-valve\" \/>\n<meta property=\"og:locale\" content=\"es_ES\" \/>\n<meta property=\"og:type\" content=\"article\" \/>\n<meta property=\"og:title\" content=\"Fully Welded Ball Valve - Welded Ball Valve | ZECO Valve\" \/>\n<meta property=\"og:description\" content=\"Fully welded ball valves are used at pipelines for their strength and low maintenance purpose and are preferred mostly for underground and ... Leer m\u00e1s\" \/>\n<meta property=\"og:url\" content=\"https:\/\/zecovalve.com\/es\/producto\/fully-welded-ball-valve\" \/>\n<meta property=\"og:site_name\" content=\"ZECO Valve\" \/>\n<meta property=\"article:modified_time\" content=\"2022-09-20T06:10:35+00:00\" \/>\n<meta property=\"og:image\" content=\"https:\/\/zecovalve.com\/wp-content\/uploads\/2022\/08\/A105-\u5168\u710a\u63a5\u7403\u9600.jpg\" \/>\n\t<meta property=\"og:image:width\" content=\"800\" \/>\n\t<meta property=\"og:image:height\" content=\"800\" \/>\n<meta name=\"twitter:card\" content=\"summary_large_image\" \/>\n<meta name=\"twitter:label1\" content=\"Escrito por\">\n\t<meta name=\"twitter:data1\" content=\"Jerry\">\n\t<meta name=\"twitter:label2\" content=\"Tiempo de lectura\">\n\t<meta name=\"twitter:data2\" content=\"2 minutos\">\n<script type=\"application\/ld+json\" class=\"yoast-schema-graph\">{\"@context\":\"https:\/\/schema.org\",\"@graph\":[{\"@type\":\"WebSite\",\"@id\":\"https:\/\/zecovalve.com\/#website\",\"url\":\"https:\/\/zecovalve.com\/\",\"name\":\"ZECO Valve\",\"description\":\"Industrial Ball Valve, Gate Valve and Globe Valve Manufacturer\",\"potentialAction\":[{\"@type\":\"SearchAction\",\"target\":\"https:\/\/zecovalve.com\/?s={search_term_string}\",\"query-input\":\"required name=search_term_string\"}],\"inLanguage\":\"es\"},{\"@type\":\"ImageObject\",\"@id\":\"https:\/\/zecovalve.com\/product\/fully-welded-ball-valve#primaryimage\",\"inLanguage\":\"es\",\"url\":\"https:\/\/zecovalve.com\/wp-content\/uploads\/2022\/08\/A105-\\u5168\\u710a\\u63a5\\u7403\\u9600.jpg\",\"width\":800,\"height\":800},{\"@type\":\"WebPage\",\"@id\":\"https:\/\/zecovalve.com\/product\/fully-welded-ball-valve#webpage\",\"url\":\"https:\/\/zecovalve.com\/product\/fully-welded-ball-valve\",\"name\":\"Fully Welded Ball Valve - Welded Ball Valve | ZECO Valve\",\"isPartOf\":{\"@id\":\"https:\/\/zecovalve.com\/#website\"},\"primaryImageOfPage\":{\"@id\":\"https:\/\/zecovalve.com\/product\/fully-welded-ball-valve#primaryimage\"},\"datePublished\":\"2022-08-05T15:27:29+00:00\",\"dateModified\":\"2022-09-20T06:10:35+00:00\",\"breadcrumb\":{\"@id\":\"https:\/\/zecovalve.com\/product\/fully-welded-ball-valve#breadcrumb\"},\"inLanguage\":\"es\",\"potentialAction\":[{\"@type\":\"ReadAction\",\"target\":[\"https:\/\/zecovalve.com\/product\/fully-welded-ball-valve\"]}]},{\"@type\":\"BreadcrumbList\",\"@id\":\"https:\/\/zecovalve.com\/product\/fully-welded-ball-valve#breadcrumb\",\"itemListElement\":[{\"@type\":\"ListItem\",\"position\":1,\"item\":{\"@type\":\"WebPage\",\"@id\":\"https:\/\/zecovalve.com\/\",\"url\":\"https:\/\/zecovalve.com\/\",\"name\":\"Home\"}},{\"@type\":\"ListItem\",\"position\":2,\"item\":{\"@type\":\"WebPage\",\"@id\":\"https:\/\/zecovalve.com\/product-category\",\"url\":\"https:\/\/zecovalve.com\/product-category\",\"name\":\"Industrial Valve Manufacturer | Water Valve Manufacturer\"}},{\"@type\":\"ListItem\",\"position\":3,\"item\":{\"@type\":\"WebPage\",\"@id\":\"https:\/\/zecovalve.com\/product\/fully-welded-ball-valve\",\"url\":\"https:\/\/zecovalve.com\/product\/fully-welded-ball-valve\",\"name\":\"Fully Welded Ball Valve\"}}]}]}<\/script>\n<!-- \/ Yoast SEO Premium plugin. -->","_links":{"self":[{"href":"https:\/\/zecovalve.com\/es\/wp-json\/wp\/v2\/product\/26583","targetHints":{"allow":["GET"]}}],"collection":[{"href":"https:\/\/zecovalve.com\/es\/wp-json\/wp\/v2\/product"}],"about":[{"href":"https:\/\/zecovalve.com\/es\/wp-json\/wp\/v2\/types\/product"}],"replies":[{"embeddable":true,"href":"https:\/\/zecovalve.com\/es\/wp-json\/wp\/v2\/comments?post=26583"}],"wp:featuredmedia":[{"embeddable":true,"href":"https:\/\/zecovalve.com\/es\/wp-json\/wp\/v2\/media\/26581"}],"wp:attachment":[{"href":"https:\/\/zecovalve.com\/es\/wp-json\/wp\/v2\/media?parent=26583"}],"wp:term":[{"taxonomy":"product_cat","embeddable":true,"href":"https:\/\/zecovalve.com\/es\/wp-json\/wp\/v2\/product_cat?post=26583"},{"taxonomy":"product_tag","embeddable":true,"href":"https:\/\/zecovalve.com\/es\/wp-json\/wp\/v2\/product_tag?post=26583"}],"curies":[{"name":"wp","href":"https:\/\/api.w.org\/{rel}","templated":true}]}}