{"id":27080,"date":"2022-09-07T06:01:33","date_gmt":"2022-09-07T06:01:33","guid":{"rendered":"https:\/\/zecovalve.com\/?post_type=product&#038;p=27080"},"modified":"2022-09-07T06:45:02","modified_gmt":"2022-09-07T06:45:02","slug":"1-inch-motorized-ball-valve","status":"publish","type":"product","link":"https:\/\/zecovalve.com\/es\/producto\/1-inch-motorized-ball-valve","title":{"rendered":"V\u00e1lvula de bola motorizada de 1 pulgada"},"content":{"rendered":"Nuestras v\u00e1lvulas de bola motorizadas de 1\" vienen con la fiabilidad y robustez que cabr\u00eda esperar de una v\u00e1lvula ligeramente mayor. Las hemos utilizado en multitud de aplicaciones. Su consistencia, resistencia al agua y fiabilidad las convierten en una gran elecci\u00f3n para su proyecto.\r\n\r\n\r\n\r\n\r\n<figure class=\"wp-block-image size-large is-resized\"><img loading=\"lazy\" decoding=\"async\" class=\"wp-image-27081\" src=\"https:\/\/zecovalve.com\/wp-content\/uploads\/2022\/09\/1-inch-motorized-ball-valve-898x1024.jpg\" alt=\"\" width=\"449\" height=\"512\" srcset=\"https:\/\/zecovalve.com\/wp-content\/uploads\/2022\/09\/1-inch-motorized-ball-valve-898x1024.jpg 898w, https:\/\/zecovalve.com\/wp-content\/uploads\/2022\/09\/1-inch-motorized-ball-valve-263x300.jpg 263w, https:\/\/zecovalve.com\/wp-content\/uploads\/2022\/09\/1-inch-motorized-ball-valve-768x876.jpg 768w, https:\/\/zecovalve.com\/wp-content\/uploads\/2022\/09\/1-inch-motorized-ball-valve-1347x1536.jpg 1347w, https:\/\/zecovalve.com\/wp-content\/uploads\/2022\/09\/1-inch-motorized-ball-valve-1796x2048.jpg 1796w, https:\/\/zecovalve.com\/wp-content\/uploads\/2022\/09\/1-inch-motorized-ball-valve-600x684.jpg 600w\" sizes=\"auto, (max-width: 449px) 100vw, 449px\" \/><\/figure>\r\n\r\n\r\n\r\n\r\n<div class=\"gb-button-wrapper gb-button-wrapper-6d8495a3\">\r\n\r\n<a class=\"gb-button gb-button-3d442e11 gb-button-text\" href=\"mailto:commercial@zecovalve.com\" target=\"_blank\" rel=\"noopener noreferrer\"><strong>OBTENER V\u00c1LVULA DE BOLA MOTORIZADA DE 1 PULGADA PRECIO<\/strong><\/a>\r\n\r\n<\/div>\r\n\r\n\r\n<h2 class=\"wp-block-heading\" id=\"h-what-is-motorized-ball-valve\">\u00bfQu\u00e9 es una v\u00e1lvula de bola motorizada?<\/h2>\r\n\r\n\r\n\r\n\r\nTambi\u00e9n conocidas como v\u00e1lvulas de bola actuadas, tienen un motor que puede manejar caudales y presiones elevados. Todas funcionan con electricidad para iniciar y detener autom\u00e1ticamente el flujo. Las v\u00e1lvulas pueden cablearse como normalmente cerradas a menos que se accionen o normalmente abiertas a menos que se accionen. No requieren una ca\u00edda de presi\u00f3n m\u00ednima entre la entrada y la salida para funcionar.\r\n\r\n\r\n\r\n\r\n\r\nEl actuador est\u00e1 montado directamente en el cuerpo de la v\u00e1lvula para minimizar el movimiento y reducir el desgaste. Un indicador visual de caudal en la parte superior del actuador muestra si la v\u00e1lvula est\u00e1 abierta o cerrada. La anulaci\u00f3n manual permite accionar la v\u00e1lvula durante los cortes de corriente.\r\n\r\n\r\n\r\n\r\n\r\nLas v\u00e1lvulas de bola motorizadas controlan el flujo de un medio, l\u00edquido o gas dentro de un sistema automatizado de control de procesos sin necesidad de un suministro de aire neum\u00e1tico. Tambi\u00e9n conocidas como v\u00e1lvulas de bola motorizadas, son habituales en equipos de servicios alimentarios, instalaciones de fabricaci\u00f3n y sistemas de riego.\r\n\r\n\r\n\r\n\r\n<h2 class=\"wp-block-heading\">Especificaciones de la v\u00e1lvula de bola motorizada de 1 pulgada<\/h2>\r\n\r\n\r\n\r\n<ul class=\"wp-block-list\">\r\n \t<li>2 v\u00edas, bidireccional<\/li>\r\n \t<li>Normalmente abierto<\/li>\r\n \t<li>Activar el actuador para cerrar la v\u00e1lvula<\/li>\r\n \t<li>Desenergizar para abrir la v\u00e1lvula (las v\u00e1lvulas se abren con la energ\u00eda del condensador interno)<\/li>\r\n \t<li>Indicador visual de posici\u00f3n de la v\u00e1lvula<\/li>\r\n \t<li>Excelente elecci\u00f3n para aplicaciones de alimentaci\u00f3n por gravedad<\/li>\r\n \t<li>Excelente elecci\u00f3n para aplicaciones que requieren largos periodos de activaci\u00f3n<\/li>\r\n<\/ul>\r\n\r\n\r\n\r\n<h2 class=\"wp-block-heading\">Datos t\u00e9cnicos de los actuadores de v\u00e1lvulas de bola<\/h2>\r\n\r\n\r\n\r\n<ul class=\"wp-block-list\">\r\n \t<li>Bajo consumo s\u00f3lo cuando cambia la posici\u00f3n. Desconecta el actuador.<\/li>\r\n \t<li>Tama\u00f1o peque\u00f1o adecuado para v\u00e1lvulas<\/li>\r\n \t<li>Consumo de energ\u00eda - A80 ECO - 10W, A83 - 6W<\/li>\r\n \t<li>Par m\u00e1ximo - 8 Nm<\/li>\r\n \t<li>Tiempo de apertura\/cierre - A80 ECO - 10s, A83 - 8s<\/li>\r\n \t<li>Clase de estanqueidad - IP54<\/li>\r\n \t<li>Color de la carcasa - A80 ECO - azul, A83 - naranja<\/li>\r\n \t<li>Material de la carcasa - PA<\/li>\r\n \t<li>El mecanismo del acero<\/li>\r\n \t<li>Indicador mec\u00e1nico de posici\u00f3n en la tapa (excepto A80 ECO)<\/li>\r\n \t<li>Longitud del cable 900 mm<\/li>\r\n \t<li>Temperatura ambiente: de -10 \u00b0C a 50 \u00b0C<\/li>\r\n<\/ul>\r\n\r\n\r\n\r\n<h2 class=\"wp-block-heading\">Mantenimiento y reparaci\u00f3n de v\u00e1lvula de bola motorizada de 1 pulgada<\/h2>\r\n\r\n\r\n\r\n\r\nRealice el mantenimiento y la reparaci\u00f3n de estas v\u00e1lvulas sin desenroscar las conexiones de las tuber\u00edas. Tienen un cuerpo atornillado de tres piezas que se desmonta en l\u00ednea para facilitar el acceso a los componentes internos. Todas funcionan con electricidad para iniciar y detener autom\u00e1ticamente el flujo. Las v\u00e1lvulas no requieren una ca\u00edda de presi\u00f3n m\u00ednima entre la entrada y la salida para funcionar. Todas pueden cablearse como normalmente cerradas a menos que se accionen o normalmente abiertas a menos que se accionen. Son de paso total, por lo que no restringen el caudal.","protected":false},"excerpt":{"rendered":"<p>Nuestras v\u00e1lvulas de bola motorizadas de 1\u201d vienen con la confiabilidad y robustez que esperar\u00eda de una v\u00e1lvula un poco m\u00e1s grande. Hemos visto \u2026 <a title=\"V\u00e1lvula de bola motorizada de 1 pulgada\" class=\"read-more\" href=\"https:\/\/zecovalve.com\/es\/producto\/1-inch-motorized-ball-valve\" aria-label=\"M\u00e1s en V\u00e1lvula de bola motorizada de 1 pulgada\">Leer m\u00e1s<\/a><\/p>","protected":false},"featured_media":27081,"comment_status":"closed","ping_status":"closed","template":"","meta":{"_generate-full-width-content":"","kt_blocks_editor_width":""},"product_cat":[2047,2460],"product_tag":[3054,3295,3293,3869,3255,3291,3868,3294,2766,3292,2727],"class_list":["post-27080","product","type-product","status-publish","has-post-thumbnail","hentry","product_cat-ball-valve","product_cat-ball-valve-by-drive-mode","product_tag-1-ball-valve","product_tag-ball-valve-electric","product_tag-electric-actuated-ball-valve","product_tag-electric-actuator-ball-valve","product_tag-electric-ball-valve","product_tag-electrical-ball-valve","product_tag-electrically-actuated-ball-valve","product_tag-electronic-ball-valve","product_tag-motorised-valve","product_tag-motorized-ball-valve","product_tag-motorized-valve","sales-flash-overlay","woocommerce-text-align-center","woocommerce-image-align-center","do-quantity-buttons"],"featured_image_src_large":["https:\/\/zecovalve.com\/wp-content\/uploads\/2022\/09\/1-inch-motorized-ball-valve-898x1024.jpg",898,1024,true],"author_info":[],"comment_info":0,"taxonomy_info":{"product_cat":[{"value":2047,"label":"Ball Valve"},{"value":2460,"label":"Ball Valve By Drive Mode"}],"product_tag":[{"value":3054,"label":"1\" Ball Valve"},{"value":3295,"label":"Ball Valve Electric"},{"value":3293,"label":"Electric Actuated Ball Valve"},{"value":3869,"label":"Electric Actuator Ball Valve"},{"value":3255,"label":"Electric Ball Valve"},{"value":3291,"label":"Electrical Ball Valve"},{"value":3868,"label":"Electrically Actuated Ball Valve"},{"value":3294,"label":"Electronic Ball Valve"},{"value":2766,"label":"Motorised Valve"},{"value":3292,"label":"Motorized Ball Valve"},{"value":2727,"label":"Motorized Valve"}]},"yoast_head":"<!-- This site is optimized with the Yoast SEO Premium plugin v15.4 - https:\/\/yoast.com\/wordpress\/plugins\/seo\/ -->\n<title>1 Inch Motorized Ball Valve - Electric Ball Valve Manufacturer | ZECO Valve<\/title>\n<meta name=\"robots\" content=\"index, follow, max-snippet:-1, max-image-preview:large, max-video-preview:-1\" \/>\n<link rel=\"canonical\" href=\"https:\/\/zecovalve.com\/es\/producto\/1-inch-motorized-ball-valve\" \/>\n<meta property=\"og:locale\" content=\"es_ES\" \/>\n<meta property=\"og:type\" content=\"article\" \/>\n<meta property=\"og:title\" content=\"1 Inch Motorized Ball Valve - Electric Ball Valve Manufacturer | ZECO Valve\" \/>\n<meta property=\"og:description\" content=\"Our 1\u201d motorized ball valves come with the reliability and sturdiness you would expect with a slightly larger valve. We have seen ... Leer m\u00e1s\" \/>\n<meta property=\"og:url\" content=\"https:\/\/zecovalve.com\/es\/producto\/1-inch-motorized-ball-valve\" \/>\n<meta property=\"og:site_name\" content=\"ZECO Valve\" \/>\n<meta property=\"article:modified_time\" content=\"2022-09-07T06:45:02+00:00\" \/>\n<meta property=\"og:image\" content=\"https:\/\/zecovalve.com\/wp-content\/uploads\/2022\/09\/1-inch-motorized-ball-valve-scaled.jpg\" \/>\n\t<meta property=\"og:image:width\" content=\"2245\" \/>\n\t<meta property=\"og:image:height\" content=\"2560\" \/>\n<meta name=\"twitter:card\" content=\"summary_large_image\" \/>\n<meta name=\"twitter:label1\" content=\"Escrito por\">\n\t<meta name=\"twitter:data1\" content=\"Jerry\">\n\t<meta name=\"twitter:label2\" content=\"Tiempo de lectura\">\n\t<meta name=\"twitter:data2\" content=\"2 minutos\">\n<script type=\"application\/ld+json\" class=\"yoast-schema-graph\">{\"@context\":\"https:\/\/schema.org\",\"@graph\":[{\"@type\":\"WebSite\",\"@id\":\"https:\/\/zecovalve.com\/#website\",\"url\":\"https:\/\/zecovalve.com\/\",\"name\":\"ZECO Valve\",\"description\":\"Industrial Ball Valve, Gate Valve and Globe Valve Manufacturer\",\"potentialAction\":[{\"@type\":\"SearchAction\",\"target\":\"https:\/\/zecovalve.com\/?s={search_term_string}\",\"query-input\":\"required name=search_term_string\"}],\"inLanguage\":\"es\"},{\"@type\":\"ImageObject\",\"@id\":\"https:\/\/zecovalve.com\/product\/1-inch-motorized-ball-valve#primaryimage\",\"inLanguage\":\"es\",\"url\":\"https:\/\/zecovalve.com\/wp-content\/uploads\/2022\/09\/1-inch-motorized-ball-valve-scaled.jpg\",\"width\":2245,\"height\":2560},{\"@type\":\"WebPage\",\"@id\":\"https:\/\/zecovalve.com\/product\/1-inch-motorized-ball-valve#webpage\",\"url\":\"https:\/\/zecovalve.com\/product\/1-inch-motorized-ball-valve\",\"name\":\"1 Inch Motorized Ball Valve - Electric Ball Valve Manufacturer | ZECO Valve\",\"isPartOf\":{\"@id\":\"https:\/\/zecovalve.com\/#website\"},\"primaryImageOfPage\":{\"@id\":\"https:\/\/zecovalve.com\/product\/1-inch-motorized-ball-valve#primaryimage\"},\"datePublished\":\"2022-09-07T06:01:33+00:00\",\"dateModified\":\"2022-09-07T06:45:02+00:00\",\"breadcrumb\":{\"@id\":\"https:\/\/zecovalve.com\/product\/1-inch-motorized-ball-valve#breadcrumb\"},\"inLanguage\":\"es\",\"potentialAction\":[{\"@type\":\"ReadAction\",\"target\":[\"https:\/\/zecovalve.com\/product\/1-inch-motorized-ball-valve\"]}]},{\"@type\":\"BreadcrumbList\",\"@id\":\"https:\/\/zecovalve.com\/product\/1-inch-motorized-ball-valve#breadcrumb\",\"itemListElement\":[{\"@type\":\"ListItem\",\"position\":1,\"item\":{\"@type\":\"WebPage\",\"@id\":\"https:\/\/zecovalve.com\/\",\"url\":\"https:\/\/zecovalve.com\/\",\"name\":\"Home\"}},{\"@type\":\"ListItem\",\"position\":2,\"item\":{\"@type\":\"WebPage\",\"@id\":\"https:\/\/zecovalve.com\/product-category\",\"url\":\"https:\/\/zecovalve.com\/product-category\",\"name\":\"Industrial Valve Manufacturer | Water Valve Manufacturer\"}},{\"@type\":\"ListItem\",\"position\":3,\"item\":{\"@type\":\"WebPage\",\"@id\":\"https:\/\/zecovalve.com\/product\/1-inch-motorized-ball-valve\",\"url\":\"https:\/\/zecovalve.com\/product\/1-inch-motorized-ball-valve\",\"name\":\"1 Inch Motorized Ball Valve\"}}]}]}<\/script>\n<!-- \/ Yoast SEO Premium plugin. -->","_links":{"self":[{"href":"https:\/\/zecovalve.com\/es\/wp-json\/wp\/v2\/product\/27080","targetHints":{"allow":["GET"]}}],"collection":[{"href":"https:\/\/zecovalve.com\/es\/wp-json\/wp\/v2\/product"}],"about":[{"href":"https:\/\/zecovalve.com\/es\/wp-json\/wp\/v2\/types\/product"}],"replies":[{"embeddable":true,"href":"https:\/\/zecovalve.com\/es\/wp-json\/wp\/v2\/comments?post=27080"}],"wp:featuredmedia":[{"embeddable":true,"href":"https:\/\/zecovalve.com\/es\/wp-json\/wp\/v2\/media\/27081"}],"wp:attachment":[{"href":"https:\/\/zecovalve.com\/es\/wp-json\/wp\/v2\/media?parent=27080"}],"wp:term":[{"taxonomy":"product_cat","embeddable":true,"href":"https:\/\/zecovalve.com\/es\/wp-json\/wp\/v2\/product_cat?post=27080"},{"taxonomy":"product_tag","embeddable":true,"href":"https:\/\/zecovalve.com\/es\/wp-json\/wp\/v2\/product_tag?post=27080"}],"curies":[{"name":"wp","href":"https:\/\/api.w.org\/{rel}","templated":true}]}}