{"id":27268,"date":"2022-10-24T03:08:15","date_gmt":"2022-10-24T03:08:15","guid":{"rendered":"https:\/\/zecovalve.com\/?post_type=product&#038;p=27268"},"modified":"2023-06-17T02:45:07","modified_gmt":"2023-06-17T02:45:07","slug":"axial-check-valve","status":"publish","type":"product","link":"https:\/\/zecovalve.com\/es\/producto\/axial-check-valve","title":{"rendered":"V\u00e1lvula de retenci\u00f3n axial"},"content":{"rendered":"<figure class=\"wp-block-image size-full is-resized\">\r\n<figure id=\"attachment_27935\" aria-describedby=\"caption-attachment-27935\" style=\"width: 290px\" class=\"wp-caption alignnone\"><img loading=\"lazy\" decoding=\"async\" class=\"wp-image-27935 size-medium\" src=\"https:\/\/zecovalve.com\/wp-content\/uploads\/2022\/10\/Axial-Check-Valve-2-300x225.jpg\" alt=\"V\u00e1lvula de retenci\u00f3n axial\" width=\"300\" height=\"225\" srcset=\"https:\/\/zecovalve.com\/wp-content\/uploads\/2022\/10\/Axial-Check-Valve-2-300x225.jpg 300w, https:\/\/zecovalve.com\/wp-content\/uploads\/2022\/10\/Axial-Check-Valve-2-768x576.jpg 768w, https:\/\/zecovalve.com\/wp-content\/uploads\/2022\/10\/Axial-Check-Valve-2-600x450.jpg 600w, https:\/\/zecovalve.com\/wp-content\/uploads\/2022\/10\/Axial-Check-Valve-2.jpg 800w\" sizes=\"auto, (max-width: 300px) 100vw, 300px\" \/><figcaption id=\"caption-attachment-27935\" class=\"wp-caption-text\">V\u00e1lvula de retenci\u00f3n axial<\/figcaption><\/figure>\r\n<\/figure>\r\n\r\n\r\n<div class=\"gb-button-wrapper gb-button-wrapper-6d8495a3\">\r\n\r\n\r\n<p><a class=\"gb-button gb-button-3d442e11 gb-button-text\" href=\"mailto:commercial@zecovalve.com\" target=\"_blank\" rel=\"noopener noreferrer\"><strong>OBTENER PRECIO DE V\u00c1LVULA DE RETENCI\u00d3N AXIAL<\/strong><\/a><\/p>\r\n<\/div>\r\n\r\n\r\n\r\n\r\n<h2 class=\"wp-block-heading\" id=\"h-what-is-an-axial-flow-in-the-check-valve\">\u00bfQu\u00e9 es un flujo axial en la v\u00e1lvula de retenci\u00f3n?<\/h2>\r\n\r\n\r\n\r\n<p>Flujo axial en la v\u00e1lvula de retenci\u00f3n significa que el fluido o gas fluye paralelo al eje. Se trata de un dise\u00f1o de estructura de lanzadera de flujo axial, y el conjunto de disco con muelle tiene funciones de amortiguaci\u00f3n y antivibraci\u00f3n. Cuando el medio fluye aguas abajo, empujar\u00e1 para abrir el disco y el fluido a trav\u00e9s del cuerpo mediante la circulaci\u00f3n del canal de flujo axial. Y el muelle aqu\u00ed tiene un efecto amortiguador para evitar la vibraci\u00f3n de impacto entre el disco y el cuerpo cuando se abre una v\u00e1lvula de retenci\u00f3n est\u00e1ndar. Cuando el fluido circula en direcci\u00f3n opuesta, el disco se cierra muy r\u00e1pidamente, y el disco y el asiento de la v\u00e1lvula se ajustan firmemente para cortar el fluido de la direcci\u00f3n de flujo inversa.<\/p>\r\n\r\n\r\n\r\n<p>Las v\u00e1lvulas antirretorno de caudal axial tienen una respuesta r\u00e1pida y silenciosa contra golpes de ariete y est\u00e1n especialmente dise\u00f1adas para sistemas de inversi\u00f3n r\u00e1pida en los que el reflujo es una crisis habitual.<\/p>\r\n\r\n\r\n\r\n<h2 class=\"wp-block-heading\">\u00bfQu\u00e9 es una v\u00e1lvula antirretorno de caudal axial?<\/h2>\r\n\r\n\r\n\r\n<p>Una v\u00e1lvula de retenci\u00f3n de flujo axial es un tipo de v\u00e1lvula de retenci\u00f3n silenciosa. La v\u00e1lvula de retenci\u00f3n es accionada por el propio medio y abre y cierra autom\u00e1ticamente el disco de la v\u00e1lvula. Generalmente, se utiliza para evitar el reflujo de fluidos o gases. Una v\u00e1lvula de retenci\u00f3n de flujo puede denominarse v\u00e1lvula unidireccional, v\u00e1lvula antirretorno, v\u00e1lvula antirretorno, v\u00e1lvula antirretorno y v\u00e1lvula antirretorno de presi\u00f3n. La v\u00e1lvula de retenci\u00f3n de flujo axial es una v\u00e1lvula industrial muy popular desde 2008. Esta v\u00e1lvula tiene la funci\u00f3n de la v\u00e1lvula antirretorno general y est\u00e1 dise\u00f1ada con un muelle amortiguador, asiento met\u00e1lico combinado y estructura de asiento blando, lo que facilita el mantenimiento in situ por parte del usuario final.<\/p>\r\n\r\n\r\n\r\n<p>La v\u00e1lvula de retenci\u00f3n de flujo axial adopta una estructura de sellado particular. Tanto si la presi\u00f3n aguas abajo es alta como baja, la v\u00e1lvula se cierra herm\u00e9ticamente de forma permanente y tiene un excelente rendimiento de cierre. Supera la desventaja de la falta de rendimiento de cierre de la v\u00e1lvula de retenci\u00f3n general a baja contrapresi\u00f3n. ZECO Valve produjo una v\u00e1lvula de retenci\u00f3n de flujo axial que tiene una estructura \u00fanica de lanzadera de flujo axial. Tiene las ventajas de peque\u00f1a resistencia al flujo, coeficiente de flujo significativo, dise\u00f1o compacto, etc. Es la mejor v\u00e1lvula para sistemas de tuber\u00edas de recolecci\u00f3n y transmisi\u00f3n de petr\u00f3leo y gas, especialmente para la salida de bombas de transmisi\u00f3n de petr\u00f3leo.<\/p>\r\n\r\n\r\n\r\n<h2 class=\"wp-block-heading\">Especificaciones de la v\u00e1lvula de retenci\u00f3n de flujo axial<\/h2>\r\n\r\n\r\n\r\n<ul class=\"wp-block-list\">\r\n<li>DISE\u00d1O DE V\u00c1LVULAS\r\n<ul>\r\n<li>basado en API 6D y en los requisitos del cliente<\/li>\r\n<\/ul>\r\n<\/li>\r\n<li>RANGO DE TEMPERATURA\r\n<ul>\r\n<li>-101 a 350\u00b0C (-150 a 662\u00b0F)<\/li>\r\n<\/ul>\r\n<\/li>\r\n<li>TALLA\r\n<ul>\r\n<li>NPS 2 - 56 (DN 50-1400)<\/li>\r\n<\/ul>\r\n<\/li>\r\n<li>PRESI\u00d3N NOMINAL\r\n<ul>\r\n<li>ASME 150 - ASME 2500<\/li>\r\n<\/ul>\r\n<\/li>\r\n<li>CARA A CARA\r\n<ul>\r\n<li>Seg\u00fan la norma API 6D<\/li>\r\n<\/ul>\r\n<\/li>\r\n<li>CONEXIONES FINALES\r\n<ul>\r\n<li>RF, RTJ seg\u00fan B16.5 &amp;B16.47<\/li>\r\n<li>BW, soldado a tope seg\u00fan B16.25<\/li>\r\n<\/ul>\r\n<\/li>\r\n<li>DISE\u00d1O CORPORAL\r\n<ul>\r\n<li>Fundido de una pieza \/ atornillado de dos piezas para tama\u00f1o &gt;20 pulgadas.<\/li>\r\n<li>Forjado atornillado de una o tres piezas<\/li>\r\n<\/ul>\r\n<\/li>\r\n<li>DISE\u00d1O DE ASIENTOS\r\n<ul>\r\n<li>Asiento met\u00e1lico con revestimiento duro en disco y asiento<\/li>\r\n<\/ul>\r\n<\/li>\r\n<\/ul>\r\n\r\n\r\n\r\n<h2 class=\"wp-block-heading\">\u00bfC\u00f3mo se utilizan las v\u00e1lvulas antirretorno axiales?<\/h2>\r\n\r\n\r\n\r\n<p>Las v\u00e1lvulas de retenci\u00f3n axiales est\u00e1n dise\u00f1adas espec\u00edficamente para sistemas de inversi\u00f3n r\u00e1pida en los que el reflujo es una preocupaci\u00f3n constante. Se clasifican como v\u00e1lvulas antirretorno sin golpe de ariete, ya que se cierran sin golpe de ariete, lo que significa que no se crean picos de presi\u00f3n excesiva. La mayor\u00eda de las v\u00e1lvulas antirretorno de caudal axial est\u00e1n cargadas por muelle, con un solo disco de baja masa, lo que facilita una respuesta r\u00e1pida y din\u00e1mica a una reducci\u00f3n del caudal. Al tener un solo disco y un solo muelle, cuando el disco se abre, la fuerza se equilibra, lo que da como resultado un caudal uniforme.<\/p>\r\n\r\n\r\n\r\n<h2 class=\"wp-block-heading\">Caracter\u00edsticas de las v\u00e1lvulas antirretorno axiales<\/h2>\r\n\r\n\r\n\r\n<ul class=\"wp-block-list\">\r\n<li>Flujo axial\r\n<ul>\r\n<li>El paso de caudal aerodin\u00e1mico a trav\u00e9s del cuerpo expandido de puerto completo evita las turbulencias y previene la erosi\u00f3n y las vibraciones. Se eliminan los tiempos de inactividad del proceso y los costes de mantenimiento.<\/li>\r\n<\/ul>\r\n<\/li>\r\n<li>Baja p\u00e9rdida de presi\u00f3n\r\n<ul>\r\n<li>El paso de caudal de apertura total y la recuperaci\u00f3n de alta presi\u00f3n del cuerpo en forma de venturi dan como resultado una p\u00e9rdida de presi\u00f3n muy baja y una reducci\u00f3n de los costes de funcionamiento de bombas y compresores.<\/li>\r\n<\/ul>\r\n<\/li>\r\n<li>Cierre herm\u00e9tico\r\n<ul>\r\n<li>El cierre herm\u00e9tico se obtiene mediante el sellado metal-metal entre el disco y el asiento. Esta estanqueidad no se ve afectada por la erosi\u00f3n y la deformaci\u00f3n del material (como ocurre con una junta blanda).<\/li>\r\n<\/ul>\r\n<\/li>\r\n<li>Baja presi\u00f3n de rotura\r\n<ul>\r\n<li>La estabilidad de un sistema compresor durante el arranque se beneficia de una baja presi\u00f3n de rotura. Esto se consigue con un disco grande que tiene \u00e1reas de presi\u00f3n efectiva id\u00e9nticas en ambos lados (sellado de contacto de l\u00ednea).<\/li>\r\n<\/ul>\r\n<\/li>\r\n<li>Apertura f\u00e1cil y funcionamiento estable\r\n<ul>\r\n<li>La baja presi\u00f3n est\u00e1tica en la zona de la garganta en forma de venturi crea un diferencial de presi\u00f3n sobre el disco, lo que facilita la apertura. La v\u00e1lvula de retenci\u00f3n axial responde suavemente a los cambios de caudal y se mantiene estable cuando debe.<\/li>\r\n<\/ul>\r\n<\/li>\r\n<li>Funcionamiento sin golpe\r\n<ul>\r\n<li>El dise\u00f1o asistido por muelle garantiza un cierre ultrarr\u00e1pido pr\u00e1cticamente sin reflujo ni picos de presi\u00f3n en aplicaciones cr\u00edticas como sistemas multibomba o trenes de GNL.<\/li>\r\n<\/ul>\r\n<\/li>\r\n<li>Sin mantenimiento\r\n<ul>\r\n<li>La construcci\u00f3n interna se basa en la aplicaci\u00f3n de s\u00f3lidos principios b\u00e1sicos de ingenier\u00eda mec\u00e1nica. En consecuencia, las v\u00e1lvulas de retenci\u00f3n axiales ZECO no requieren mantenimiento.<\/li>\r\n<\/ul>\r\n<\/li>\r\n<li>Predicci\u00f3n fiable del rendimiento\r\n<ul>\r\n<li>Tanto la ca\u00edda de presi\u00f3n como el comportamiento din\u00e1mico pueden predecirse con gran exactitud, bas\u00e1ndose en pruebas de flujo a escala real en laboratorio y en un modelo matem\u00e1tico desarrollado en colaboraci\u00f3n con un reconocido laboratorio de hidr\u00e1ulica de fluidos.<\/li>\r\n<\/ul>\r\n<\/li>\r\n<\/ul>","protected":false},"excerpt":{"rendered":"<p>\u00bfQu\u00e9 es un flujo axial en la v\u00e1lvula de retenci\u00f3n? El flujo axial en la v\u00e1lvula de retenci\u00f3n significa que el fluido o gas fluye paralelo... <a title=\"V\u00e1lvula de retenci\u00f3n axial\" class=\"read-more\" href=\"https:\/\/zecovalve.com\/es\/producto\/axial-check-valve\" aria-label=\"M\u00e1s en V\u00e1lvula de retenci\u00f3n axial\">Leer m\u00e1s<\/a><\/p>","protected":false},"featured_media":27935,"comment_status":"closed","ping_status":"closed","template":"","meta":{"_generate-full-width-content":"","kt_blocks_editor_width":""},"product_cat":[2455],"product_tag":[2657,2661],"class_list":["post-27268","product","type-product","status-publish","has-post-thumbnail","hentry","product_cat-check-valve","product_tag-non-return-valve","product_tag-nrv-valve","sales-flash-overlay","woocommerce-text-align-center","woocommerce-image-align-center","do-quantity-buttons"],"featured_image_src_large":["https:\/\/zecovalve.com\/wp-content\/uploads\/2022\/10\/Axial-Check-Valve-2.jpg",800,600,false],"author_info":[],"comment_info":0,"taxonomy_info":{"product_cat":[{"value":2455,"label":"Check Valve"}],"product_tag":[{"value":2657,"label":"Non Return Valve"},{"value":2661,"label":"NRV Valve"}]},"yoast_head":"<!-- This site is optimized with the Yoast SEO Premium plugin v15.4 - https:\/\/yoast.com\/wordpress\/plugins\/seo\/ -->\n<title>Axial Check Valve - Axial Check Valve Factory | ZECO Valve<\/title>\n<meta name=\"robots\" content=\"index, follow, max-snippet:-1, max-image-preview:large, max-video-preview:-1\" \/>\n<link rel=\"canonical\" href=\"https:\/\/zecovalve.com\/es\/producto\/axial-check-valve\" \/>\n<meta property=\"og:locale\" content=\"es_ES\" \/>\n<meta property=\"og:type\" content=\"article\" \/>\n<meta property=\"og:title\" content=\"Axial Check Valve - Axial Check Valve Factory | ZECO Valve\" \/>\n<meta property=\"og:description\" content=\"What is an Axial Flow in the Check Valve? Axial flow in the check valve means the fluid or gas flowing parallel ... Leer m\u00e1s\" \/>\n<meta property=\"og:url\" content=\"https:\/\/zecovalve.com\/es\/producto\/axial-check-valve\" \/>\n<meta property=\"og:site_name\" content=\"ZECO Valve\" \/>\n<meta property=\"article:modified_time\" content=\"2023-06-17T02:45:07+00:00\" \/>\n<meta property=\"og:image\" content=\"https:\/\/zecovalve.com\/wp-content\/uploads\/2022\/10\/Axial-Check-Valve-2.jpg\" \/>\n\t<meta property=\"og:image:width\" content=\"800\" \/>\n\t<meta property=\"og:image:height\" content=\"600\" \/>\n<meta name=\"twitter:card\" content=\"summary_large_image\" \/>\n<meta name=\"twitter:label1\" content=\"Escrito por\">\n\t<meta name=\"twitter:data1\" content=\"Jerry\">\n\t<meta name=\"twitter:label2\" content=\"Tiempo de lectura\">\n\t<meta name=\"twitter:data2\" content=\"3 minutos\">\n<script type=\"application\/ld+json\" class=\"yoast-schema-graph\">{\"@context\":\"https:\/\/schema.org\",\"@graph\":[{\"@type\":\"WebSite\",\"@id\":\"https:\/\/zecovalve.com\/#website\",\"url\":\"https:\/\/zecovalve.com\/\",\"name\":\"ZECO Valve\",\"description\":\"Industrial Ball Valve, Gate Valve and Globe Valve Manufacturer\",\"potentialAction\":[{\"@type\":\"SearchAction\",\"target\":\"https:\/\/zecovalve.com\/?s={search_term_string}\",\"query-input\":\"required name=search_term_string\"}],\"inLanguage\":\"es\"},{\"@type\":\"ImageObject\",\"@id\":\"https:\/\/zecovalve.com\/product\/axial-check-valve#primaryimage\",\"inLanguage\":\"es\",\"url\":\"https:\/\/zecovalve.com\/wp-content\/uploads\/2022\/10\/Axial-Check-Valve-2.jpg\",\"width\":800,\"height\":600,\"caption\":\"Axial Check Valve\"},{\"@type\":\"WebPage\",\"@id\":\"https:\/\/zecovalve.com\/product\/axial-check-valve#webpage\",\"url\":\"https:\/\/zecovalve.com\/product\/axial-check-valve\",\"name\":\"Axial Check Valve - Axial Check Valve Factory | ZECO Valve\",\"isPartOf\":{\"@id\":\"https:\/\/zecovalve.com\/#website\"},\"primaryImageOfPage\":{\"@id\":\"https:\/\/zecovalve.com\/product\/axial-check-valve#primaryimage\"},\"datePublished\":\"2022-10-24T03:08:15+00:00\",\"dateModified\":\"2023-06-17T02:45:07+00:00\",\"breadcrumb\":{\"@id\":\"https:\/\/zecovalve.com\/product\/axial-check-valve#breadcrumb\"},\"inLanguage\":\"es\",\"potentialAction\":[{\"@type\":\"ReadAction\",\"target\":[\"https:\/\/zecovalve.com\/product\/axial-check-valve\"]}]},{\"@type\":\"BreadcrumbList\",\"@id\":\"https:\/\/zecovalve.com\/product\/axial-check-valve#breadcrumb\",\"itemListElement\":[{\"@type\":\"ListItem\",\"position\":1,\"item\":{\"@type\":\"WebPage\",\"@id\":\"https:\/\/zecovalve.com\/\",\"url\":\"https:\/\/zecovalve.com\/\",\"name\":\"Home\"}},{\"@type\":\"ListItem\",\"position\":2,\"item\":{\"@type\":\"WebPage\",\"@id\":\"https:\/\/zecovalve.com\/product-category\",\"url\":\"https:\/\/zecovalve.com\/product-category\",\"name\":\"Industrial Valve Manufacturer | Water Valve Manufacturer\"}},{\"@type\":\"ListItem\",\"position\":3,\"item\":{\"@type\":\"WebPage\",\"@id\":\"https:\/\/zecovalve.com\/product\/axial-check-valve\",\"url\":\"https:\/\/zecovalve.com\/product\/axial-check-valve\",\"name\":\"Axial Check Valve\"}}]}]}<\/script>\n<!-- \/ Yoast SEO Premium plugin. -->","_links":{"self":[{"href":"https:\/\/zecovalve.com\/es\/wp-json\/wp\/v2\/product\/27268","targetHints":{"allow":["GET"]}}],"collection":[{"href":"https:\/\/zecovalve.com\/es\/wp-json\/wp\/v2\/product"}],"about":[{"href":"https:\/\/zecovalve.com\/es\/wp-json\/wp\/v2\/types\/product"}],"replies":[{"embeddable":true,"href":"https:\/\/zecovalve.com\/es\/wp-json\/wp\/v2\/comments?post=27268"}],"wp:featuredmedia":[{"embeddable":true,"href":"https:\/\/zecovalve.com\/es\/wp-json\/wp\/v2\/media\/27935"}],"wp:attachment":[{"href":"https:\/\/zecovalve.com\/es\/wp-json\/wp\/v2\/media?parent=27268"}],"wp:term":[{"taxonomy":"product_cat","embeddable":true,"href":"https:\/\/zecovalve.com\/es\/wp-json\/wp\/v2\/product_cat?post=27268"},{"taxonomy":"product_tag","embeddable":true,"href":"https:\/\/zecovalve.com\/es\/wp-json\/wp\/v2\/product_tag?post=27268"}],"curies":[{"name":"wp","href":"https:\/\/api.w.org\/{rel}","templated":true}]}}