{"id":27269,"date":"2022-10-24T03:34:13","date_gmt":"2022-10-24T03:34:13","guid":{"rendered":"https:\/\/zecovalve.com\/?post_type=product&#038;p=27269"},"modified":"2023-06-17T02:28:44","modified_gmt":"2023-06-17T02:28:44","slug":"axial-flow-check-valve","status":"publish","type":"product","link":"https:\/\/zecovalve.com\/es\/producto\/axial-flow-check-valve","title":{"rendered":"V\u00e1lvula antirretorno de caudal axial"},"content":{"rendered":"<figure class=\"wp-block-image size-full is-resized\">\r\n<p><img loading=\"lazy\" decoding=\"async\" class=\"wp-image-27930 size-medium\" src=\"https:\/\/zecovalve.com\/wp-content\/uploads\/2022\/10\/Axial-Flow-Check-Valve-1-300x225.jpg\" alt=\"V\u00e1lvula antirretorno de caudal axial\" width=\"300\" height=\"225\" srcset=\"https:\/\/zecovalve.com\/wp-content\/uploads\/2022\/10\/Axial-Flow-Check-Valve-1-300x225.jpg 300w, https:\/\/zecovalve.com\/wp-content\/uploads\/2022\/10\/Axial-Flow-Check-Valve-1-768x576.jpg 768w, https:\/\/zecovalve.com\/wp-content\/uploads\/2022\/10\/Axial-Flow-Check-Valve-1-600x450.jpg 600w, https:\/\/zecovalve.com\/wp-content\/uploads\/2022\/10\/Axial-Flow-Check-Valve-1.jpg 800w\" sizes=\"auto, (max-width: 300px) 100vw, 300px\" \/><\/p>\r\n<\/figure>\r\n\r\n\r\n<div class=\"gb-button-wrapper gb-button-wrapper-6d8495a3\">\r\n\r\n\r\n<p><a class=\"gb-button gb-button-3d442e11 gb-button-text\" href=\"mailto:commercial@zecovalve.com\" target=\"_blank\" rel=\"noopener noreferrer\"><strong>OBTENER PRECIO DE V\u00c1LVULA DE RETENCI\u00d3N DE FLUJO AXIAL<\/strong><\/a><\/p>\r\n<\/div>\r\n\r\n\r\n<p>Una v\u00e1lvula antirretorno axial es la soluci\u00f3n preferida para aplicaciones antirretorno cr\u00edticas, como la protecci\u00f3n de equipos y sistemas rotativos en los que son esenciales una baja p\u00e9rdida de presi\u00f3n, un funcionamiento estable y un comportamiento din\u00e1mico.<\/p>\r\n\r\n\r\n\r\n\r\n\r\n<h2 class=\"wp-block-heading\">\u00bfQu\u00e9 es una v\u00e1lvula antirretorno de caudal axial?<\/h2>\r\n\r\n\r\n\r\n<p>Las v\u00e1lvulas antirretorno de flujo axial son un tipo de v\u00e1lvula antirretorno, dise\u00f1ada para evitar la r\u00e1pida inversi\u00f3n del flujo en una tuber\u00eda, conocida como \"golpe de ariete\", que puede causar graves da\u00f1os a los distintos equipos de un sistema de tuber\u00edas. Este tipo de v\u00e1lvula se cierra lo suficientemente r\u00e1pido sin crear picos de presi\u00f3n excesivos, evitando el golpe de ariete.<\/p>\r\n\r\n\r\n\r\n<p>El dise\u00f1o aerodin\u00e1mico de la v\u00e1lvula antirretorno de caudal axial permite su apertura total con caudales y velocidades de fluido bajos, obteniendo una baja ca\u00edda de presi\u00f3n. Su sistema asistido por muelle y sus caracter\u00edsticas de sellado metal-metal proporcionan un cierre sin golpe y poco mantenimiento.<\/p>\r\n\r\n\r\n\r\n<h2 class=\"wp-block-heading\">Principio de funcionamiento de la v\u00e1lvula antirretorno de caudal axial<\/h2>\r\n\r\n\r\n\r\n<p>Cuando la diferencia de presi\u00f3n entre los lados aguas arriba y aguas abajo de la v\u00e1lvula supera la presi\u00f3n de rotura del muelle, el obturador se mueve y permite el paso del caudal. El \u00e1rea de flujo de la v\u00e1lvula disminuye constantemente hasta el di\u00e1metro del asiento; este es el dise\u00f1o venturi.<\/p>\r\n\r\n\r\n\r\n<p>Como resultado del dise\u00f1o venturi, el \u00e1rea de flujo reducida aumenta la presi\u00f3n cin\u00e9tica y reduce la presi\u00f3n est\u00e1tica permitiendo que la v\u00e1lvula se abra completamente con rapidez. El muelle se selecciona de forma que el disco est\u00e9 completamente abierto y estable contra su antirretorno en condiciones normales de caudal.<\/p>\r\n\r\n\r\n\r\n<p>Cuando se produce una reducci\u00f3n notable del caudal, el muelle reacciona antes contra la fuerza del caudal reductor.<\/p>\r\n\r\n\r\n<div class=\"wp-block-image\">\r\n<figure class=\"aligncenter size-full\"><img loading=\"lazy\" decoding=\"async\" width=\"720\" height=\"201\" class=\"wp-image-15758\" src=\"https:\/\/zecovalve.com\/wp-content\/uploads\/2022\/05\/zeco-axial-check-valve.jpg\" alt=\"\" srcset=\"https:\/\/zecovalve.com\/wp-content\/uploads\/2022\/05\/zeco-axial-check-valve.jpg 720w, https:\/\/zecovalve.com\/wp-content\/uploads\/2022\/05\/zeco-axial-check-valve-600x168.jpg 600w, https:\/\/zecovalve.com\/wp-content\/uploads\/2022\/05\/zeco-axial-check-valve-300x84.jpg 300w\" sizes=\"auto, (max-width: 720px) 100vw, 720px\" \/><\/figure>\r\n<\/div>\r\n\r\n\r\n<h2 class=\"wp-block-heading\">\u00bfPor qu\u00e9 se utiliza una v\u00e1lvula antirretorno de caudal axial?<\/h2>\r\n\r\n\r\n\r\n<p>Cuando el flujo se invierte en una tuber\u00eda, pueden producirse ondas de choque hidr\u00e1ulicas (tambi\u00e9n conocidas como golpes de ariete). Si no se toman medidas para evitarlo, pueden producirse graves da\u00f1os en los equipos de la tuber\u00eda. La introducci\u00f3n de la v\u00e1lvula antirretorno adecuada, en posici\u00f3n totalmente cerrada durante la inversi\u00f3n del flujo, puede evitar que esto ocurra y cause graves problemas en la obra.<\/p>\r\n\r\n\r\n\r\n<p>Las v\u00e1lvulas que evitan los golpes de ariete y se cierran r\u00e1pidamente sin golpearse se denominan v\u00e1lvulas antirretorno antigolpe de ariete.<\/p>\r\n\r\n\r\n\r\n<h2 class=\"wp-block-heading\">\u00bfC\u00f3mo se utilizan las v\u00e1lvulas antirretorno de caudal axial?<\/h2>\r\n\r\n\r\n\r\n<p>Las v\u00e1lvulas de retenci\u00f3n axiales est\u00e1n dise\u00f1adas espec\u00edficamente para sistemas de inversi\u00f3n r\u00e1pida en los que el reflujo es una preocupaci\u00f3n constante. Se clasifican como v\u00e1lvulas antirretorno sin golpe de ariete, ya que se cierran sin golpe de ariete, lo que significa que no se crean picos de presi\u00f3n excesiva. La mayor\u00eda de las v\u00e1lvulas antirretorno de caudal axial est\u00e1n cargadas por muelle, con un solo disco de baja masa, lo que facilita una respuesta r\u00e1pida y din\u00e1mica a una reducci\u00f3n del caudal. Al tener un solo disco y un solo muelle, cuando el disco se abre, la fuerza se equilibra, lo que da como resultado un caudal uniforme.<\/p>\r\n\r\n\r\n\r\n<h2 class=\"wp-block-heading\">Caracter\u00edsticas de las v\u00e1lvulas antirretorno de caudal axial<\/h2>\r\n\r\n\r\n\r\n<p>Las v\u00e1lvulas antirretorno de flujo axial ofrecen varias ventajas sobre otros tipos de v\u00e1lvulas antirretorno, como:<\/p>\r\n\r\n\r\n\r\n<ul class=\"wp-block-list\">\r\n<li>Cierre r\u00e1pido (evita el golpe de ariete)<\/li>\r\n<li>La capacidad de dimensionarse adecuadamente para cada aplicaci\u00f3n<\/li>\r\n<li>Durabilidad<\/li>\r\n<li>Mayor longevidad de las v\u00e1lvulas<\/li>\r\n<li>La capacidad de adaptarse a ca\u00eddas de baja presi\u00f3n y a caudales elevados<\/li>\r\n<li>Apertura y cierre sin golpes<\/li>\r\n<li>Cierre herm\u00e9tico que evita las fugas<\/li>\r\n<li>Varias opciones de extremo a extremo<\/li>\r\n<li>Posibilidad de instalaci\u00f3n tanto en horizontal como en vertical<\/li>\r\n<\/ul>\r\n\r\n\r\n\r\n<p>Las v\u00e1lvulas antirretorno de flujo axial ofrecen muchas ventajas sobre otros tipos de v\u00e1lvulas antirretorno. Las v\u00e1lvulas de retenci\u00f3n de flujo axial pueden ahorrar tiempo y dinero al evitar da\u00f1os y aumentar la vida \u00fatil de sus bombas, v\u00e1lvulas, tuber\u00edas y otras piezas del sistema.<\/p>","protected":false},"excerpt":{"rendered":"<p>Una v\u00e1lvula de retenci\u00f3n axial es una soluci\u00f3n preferida para aplicaciones cr\u00edticas sin retorno, como la protecci\u00f3n de equipos y sistemas giratorios donde... <a title=\"V\u00e1lvula antirretorno de caudal axial\" class=\"read-more\" href=\"https:\/\/zecovalve.com\/es\/producto\/axial-flow-check-valve\" aria-label=\"M\u00e1s en V\u00e1lvula antirretorno de caudal axial\">Leer m\u00e1s<\/a><\/p>","protected":false},"featured_media":27930,"comment_status":"closed","ping_status":"closed","template":"","meta":{"_generate-full-width-content":"","kt_blocks_editor_width":""},"product_cat":[2455],"product_tag":[2657,2661],"class_list":["post-27269","product","type-product","status-publish","has-post-thumbnail","hentry","product_cat-check-valve","product_tag-non-return-valve","product_tag-nrv-valve","sales-flash-overlay","woocommerce-text-align-center","woocommerce-image-align-center","do-quantity-buttons"],"featured_image_src_large":["https:\/\/zecovalve.com\/wp-content\/uploads\/2022\/10\/Axial-Flow-Check-Valve-1.jpg",800,600,false],"author_info":[],"comment_info":0,"taxonomy_info":{"product_cat":[{"value":2455,"label":"Check Valve"}],"product_tag":[{"value":2657,"label":"Non Return Valve"},{"value":2661,"label":"NRV Valve"}]},"yoast_head":"<!-- This site is optimized with the Yoast SEO Premium plugin v15.4 - https:\/\/yoast.com\/wordpress\/plugins\/seo\/ -->\n<title>Axial Flow Check Valve - ZECO Valve<\/title>\n<meta name=\"robots\" content=\"index, follow, max-snippet:-1, max-image-preview:large, max-video-preview:-1\" \/>\n<link rel=\"canonical\" href=\"https:\/\/zecovalve.com\/es\/producto\/axial-flow-check-valve\" \/>\n<meta property=\"og:locale\" content=\"es_ES\" \/>\n<meta property=\"og:type\" content=\"article\" \/>\n<meta property=\"og:title\" content=\"Axial Flow Check Valve - ZECO Valve\" \/>\n<meta property=\"og:description\" content=\"An axial check valve is a preferred solution for critical non-return applications such as the protection of rotating equipment and systems where ... Leer m\u00e1s\" \/>\n<meta property=\"og:url\" content=\"https:\/\/zecovalve.com\/es\/producto\/axial-flow-check-valve\" \/>\n<meta property=\"og:site_name\" content=\"ZECO Valve\" \/>\n<meta property=\"article:modified_time\" content=\"2023-06-17T02:28:44+00:00\" \/>\n<meta property=\"og:image\" content=\"https:\/\/zecovalve.com\/wp-content\/uploads\/2022\/10\/Axial-Flow-Check-Valve-1.jpg\" \/>\n\t<meta property=\"og:image:width\" content=\"800\" \/>\n\t<meta property=\"og:image:height\" content=\"600\" \/>\n<meta name=\"twitter:card\" content=\"summary_large_image\" \/>\n<meta name=\"twitter:label1\" content=\"Escrito por\">\n\t<meta name=\"twitter:data1\" content=\"Jerry\">\n\t<meta name=\"twitter:label2\" content=\"Tiempo de lectura\">\n\t<meta name=\"twitter:data2\" content=\"2 minutos\">\n<script type=\"application\/ld+json\" class=\"yoast-schema-graph\">{\"@context\":\"https:\/\/schema.org\",\"@graph\":[{\"@type\":\"WebSite\",\"@id\":\"https:\/\/zecovalve.com\/#website\",\"url\":\"https:\/\/zecovalve.com\/\",\"name\":\"ZECO Valve\",\"description\":\"Industrial Ball Valve, Gate Valve and Globe Valve Manufacturer\",\"potentialAction\":[{\"@type\":\"SearchAction\",\"target\":\"https:\/\/zecovalve.com\/?s={search_term_string}\",\"query-input\":\"required name=search_term_string\"}],\"inLanguage\":\"es\"},{\"@type\":\"ImageObject\",\"@id\":\"https:\/\/zecovalve.com\/product\/axial-flow-check-valve#primaryimage\",\"inLanguage\":\"es\",\"url\":\"https:\/\/zecovalve.com\/wp-content\/uploads\/2022\/10\/Axial-Flow-Check-Valve-1.jpg\",\"width\":800,\"height\":600,\"caption\":\"Axial Flow Check Valve\"},{\"@type\":\"WebPage\",\"@id\":\"https:\/\/zecovalve.com\/product\/axial-flow-check-valve#webpage\",\"url\":\"https:\/\/zecovalve.com\/product\/axial-flow-check-valve\",\"name\":\"Axial Flow Check Valve - ZECO Valve\",\"isPartOf\":{\"@id\":\"https:\/\/zecovalve.com\/#website\"},\"primaryImageOfPage\":{\"@id\":\"https:\/\/zecovalve.com\/product\/axial-flow-check-valve#primaryimage\"},\"datePublished\":\"2022-10-24T03:34:13+00:00\",\"dateModified\":\"2023-06-17T02:28:44+00:00\",\"breadcrumb\":{\"@id\":\"https:\/\/zecovalve.com\/product\/axial-flow-check-valve#breadcrumb\"},\"inLanguage\":\"es\",\"potentialAction\":[{\"@type\":\"ReadAction\",\"target\":[\"https:\/\/zecovalve.com\/product\/axial-flow-check-valve\"]}]},{\"@type\":\"BreadcrumbList\",\"@id\":\"https:\/\/zecovalve.com\/product\/axial-flow-check-valve#breadcrumb\",\"itemListElement\":[{\"@type\":\"ListItem\",\"position\":1,\"item\":{\"@type\":\"WebPage\",\"@id\":\"https:\/\/zecovalve.com\/\",\"url\":\"https:\/\/zecovalve.com\/\",\"name\":\"Home\"}},{\"@type\":\"ListItem\",\"position\":2,\"item\":{\"@type\":\"WebPage\",\"@id\":\"https:\/\/zecovalve.com\/product-category\",\"url\":\"https:\/\/zecovalve.com\/product-category\",\"name\":\"Industrial Valve Manufacturer | Water Valve Manufacturer\"}},{\"@type\":\"ListItem\",\"position\":3,\"item\":{\"@type\":\"WebPage\",\"@id\":\"https:\/\/zecovalve.com\/product\/axial-flow-check-valve\",\"url\":\"https:\/\/zecovalve.com\/product\/axial-flow-check-valve\",\"name\":\"Axial Flow Check Valve\"}}]}]}<\/script>\n<!-- \/ Yoast SEO Premium plugin. -->","_links":{"self":[{"href":"https:\/\/zecovalve.com\/es\/wp-json\/wp\/v2\/product\/27269","targetHints":{"allow":["GET"]}}],"collection":[{"href":"https:\/\/zecovalve.com\/es\/wp-json\/wp\/v2\/product"}],"about":[{"href":"https:\/\/zecovalve.com\/es\/wp-json\/wp\/v2\/types\/product"}],"replies":[{"embeddable":true,"href":"https:\/\/zecovalve.com\/es\/wp-json\/wp\/v2\/comments?post=27269"}],"wp:featuredmedia":[{"embeddable":true,"href":"https:\/\/zecovalve.com\/es\/wp-json\/wp\/v2\/media\/27930"}],"wp:attachment":[{"href":"https:\/\/zecovalve.com\/es\/wp-json\/wp\/v2\/media?parent=27269"}],"wp:term":[{"taxonomy":"product_cat","embeddable":true,"href":"https:\/\/zecovalve.com\/es\/wp-json\/wp\/v2\/product_cat?post=27269"},{"taxonomy":"product_tag","embeddable":true,"href":"https:\/\/zecovalve.com\/es\/wp-json\/wp\/v2\/product_tag?post=27269"}],"curies":[{"name":"wp","href":"https:\/\/api.w.org\/{rel}","templated":true}]}}