{"id":27296,"date":"2022-11-01T07:47:56","date_gmt":"2022-11-01T07:47:56","guid":{"rendered":"https:\/\/zecovalve.com\/?post_type=product&#038;p=27296"},"modified":"2023-03-30T08:21:06","modified_gmt":"2023-03-30T08:21:06","slug":"v-ball-valve","status":"publish","type":"product","link":"https:\/\/zecovalve.com\/es\/producto\/v-ball-valve","title":{"rendered":"V V\u00e1lvula de bola"},"content":{"rendered":"<figure class=\"wp-block-image size-full is-resized\"><img loading=\"lazy\" decoding=\"async\" class=\"alignnone wp-image-27794 size-medium\" src=\"https:\/\/zecovalve.com\/wp-content\/uploads\/2022\/11\/V-Ball-Valve-1-300x225.jpg\" alt=\"\" width=\"300\" height=\"225\" srcset=\"https:\/\/zecovalve.com\/wp-content\/uploads\/2022\/11\/V-Ball-Valve-1-300x225.jpg 300w, https:\/\/zecovalve.com\/wp-content\/uploads\/2022\/11\/V-Ball-Valve-1-768x576.jpg 768w, https:\/\/zecovalve.com\/wp-content\/uploads\/2022\/11\/V-Ball-Valve-1-600x450.jpg 600w, https:\/\/zecovalve.com\/wp-content\/uploads\/2022\/11\/V-Ball-Valve-1.jpg 800w\" sizes=\"auto, (max-width: 300px) 100vw, 300px\" \/><\/figure>\r\n\r\n\r\n<div class=\"gb-button-wrapper gb-button-wrapper-6d8495a3\">\r\n\r\n\r\n<p><a class=\"gb-button gb-button-3d442e11 gb-button-text\" href=\"mailto:commercial@zecovalve.com\" target=\"_blank\" rel=\"noopener noreferrer\"><strong>GET V V\u00c1LVULA DE BOLA PRECIO<\/strong><\/a><\/p>\r\n<\/div>\r\n\r\n\r\n\r\n\r\n<h2 class=\"wp-block-heading\" id=\"h-what-is-v-port-ball-valve\">\u00bfQu\u00e9 es una v\u00e1lvula de bola de puerto en V?<\/h2>\r\n\r\n\r\n\r\n<p>Una v\u00e1lvula de bola con puerto en 'v' es una v\u00e1lvula de control con una junta en forma de 'v' o una bola en forma de 'v'. La forma de 'v' permite un mejor control del fluido. El orificio en V moldeado diferencia las v\u00e1lvulas de bola con orificio en V de otros tipos de v\u00e1lvulas de bola. El orificio en V est\u00e1 disponible con un \u00e1ngulo de 15\u2070, 30\u2070, 45\u2070, 60\u2070 o 90\u2070.<\/p>\r\n\r\n\r\n\r\n<p>Las v\u00e1lvulas de control de bola de puerto en V son generalmente las preferidas para el control de fluidos, ya que producen caracter\u00edsticas de flujo lineal. Las caracter\u00edsticas de flujo de una v\u00e1lvula de bola de puerto en V son diferentes de las de las v\u00e1lvulas de bola de puerto est\u00e1ndar. El flujo de fluido a trav\u00e9s de una v\u00e1lvula de bola de puerto en V aumenta linealmente con un aumento en la rotaci\u00f3n del eje. Las v\u00e1lvulas de control de bola en V tienen una gran resistencia para soportar la alta velocidad de los fluidos que fluyen a trav\u00e9s de las v\u00e1lvulas.<\/p>\r\n\r\n\r\n\r\n<h2 class=\"wp-block-heading\">\u00bfC\u00f3mo funciona una v\u00e1lvula de bola en V?<\/h2>\r\n\r\n\r\n\r\n<p>Cuando las v\u00e1lvulas de bola en \"v\" est\u00e1n en posici\u00f3n cerrada y comienza la apertura, el extremo peque\u00f1o de la \"v\" se abre primero. Esto permite un control estable del caudal durante esta etapa. El dise\u00f1o suele requerir una construcci\u00f3n m\u00e1s robusta, ya que las mayores velocidades de los fluidos podr\u00edan da\u00f1ar las v\u00e1lvulas est\u00e1ndar. Aunque se trata de una v\u00e1lvula de control, las v\u00e1lvulas de bola con puerto en V no se consideran tan precisas como una v\u00e1lvula de globo, una v\u00e1lvula reguladora de presi\u00f3n, una v\u00e1lvula de equilibrado o una v\u00e1lvula de aguja.<\/p>\r\n\r\n\r\n\r\n<h2 class=\"wp-block-heading\">\u00bfSon direccionales las v\u00e1lvulas de bola V?<\/h2>\r\n\r\n\r\n\r\n<p>La mayor\u00eda de las v\u00e1lvulas de bola son bidireccionales y presentan dos asientos fijos o flotantes en los lados aguas arriba y aguas abajo de la v\u00e1lvula.<\/p>\r\n\r\n\r\n\r\n<h2 class=\"wp-block-heading\">Ventajas de las v\u00e1lvulas de bola en V<\/h2>\r\n\r\n\r\n\r\n<ul class=\"wp-block-list\">\r\n<li>Baja ca\u00edda de presi\u00f3n\r\n<ul>\r\n<li>El dise\u00f1o de puerto en V permite que el material fluya directamente a trav\u00e9s de la v\u00e1lvula, minimizando la ca\u00edda de presi\u00f3n a trav\u00e9s de la v\u00e1lvula. Las v\u00e1lvulas de bola en V tambi\u00e9n tienen mayores coeficientes de caudal (Cv) en comparaci\u00f3n con otros tipos de v\u00e1lvulas de control de tama\u00f1o similar; esto significa que se puede utilizar una v\u00e1lvula de bola en V m\u00e1s peque\u00f1a para conseguir los mismos caudales que una v\u00e1lvula de control comparable de mayor tama\u00f1o.<\/li>\r\n<\/ul>\r\n<\/li>\r\n<li>Cierre herm\u00e9tico a las burbujas\r\n<ul>\r\n<li>Las v\u00e1lvulas de bola con puerto en V utilizan el \"principio de bola flotante\", que proporciona un cierre herm\u00e9tico a las burbujas adem\u00e1s del control de caudal modulante. Cuando la v\u00e1lvula est\u00e1 cerrada, la presi\u00f3n aguas arriba empuja la bola contra el asiento aguas abajo, mejorando as\u00ed la estanqueidad. Pueden controlar o cerrar el flujo bidireccional, lo que resulta especialmente beneficioso en aplicaciones de gas. Las v\u00e1lvulas de control comparables suelen requerir v\u00e1lvulas de cierre adicionales; las v\u00e1lvulas de bola en V eliminan la necesidad de estas v\u00e1lvulas adicionales, ahorrando costes al usuario y reduciendo el n\u00famero total de componentes del sistema.<\/li>\r\n<\/ul>\r\n<\/li>\r\n<li>Control preciso del caudal\r\n<ul>\r\n<li>Las v\u00e1lvulas de bola en V mecanizadas con precisi\u00f3n est\u00e1n disponibles con aberturas en V de 60\u00b0 y 90\u00b0 y ofrecen caracter\u00edsticas de caudal de igual porcentaje. Al girar la bola, se pueden conseguir los caudales deseados posicionando la bola en cualquier punto entre 0\u00b0 y 90\u00b0. El tiempo de respuesta tambi\u00e9n aumenta gracias a la posibilidad de utilizar actuadores m\u00e1s peque\u00f1os con estas v\u00e1lvulas.<\/li>\r\n<\/ul>\r\n<\/li>\r\n<li>Alta presi\u00f3n de cierre\r\n<ul>\r\n<li>Las v\u00e1lvulas de bola en V se caracterizan por una rotaci\u00f3n de la bola de un cuarto de vuelta (90\u00b0), lo que les permite funcionar y cerrarse a presiones de trabajo mucho m\u00e1s altas. Gracias a ello, se pueden utilizar actuadores de menor par m\u00e1s peque\u00f1os, lo que se traduce en un ahorro de costes y una mayor eficiencia en la aplicaci\u00f3n del usuario.<\/li>\r\n<\/ul>\r\n<\/li>\r\n<\/ul>\r\n\r\n\r\n\r\n<h2 class=\"wp-block-heading\">Aplicaciones de la v\u00e1lvula de bola con muesca en V<\/h2>\r\n\r\n\r\n\r\n<p>En t\u00e9rminos generales, las v\u00e1lvulas de bola se utilizan en diversas aplicaciones y mercados, como la transmisi\u00f3n y el almacenamiento, el procesamiento de gas, la industria y muchos m\u00e1s. Las v\u00e1lvulas de bola V-Port se utilizan habitualmente en la transferencia de \u00e1cidos, agricultura, productos qu\u00edmicos blanqueadores, tratamiento de aguas, lixiviaci\u00f3n de \u00e1cidos, productos farmac\u00e9uticos, procesamiento de residuos y procesamiento de alimentos.<\/p>","protected":false},"excerpt":{"rendered":"<p>\u00bfQu\u00e9 es la v\u00e1lvula de bola con puerto V? Una v\u00e1lvula de bola con puerto en V es una v\u00e1lvula de control con un sello en forma de V o una bola en forma de V. El \u2026 <a title=\"V V\u00e1lvula de bola\" class=\"read-more\" href=\"https:\/\/zecovalve.com\/es\/producto\/v-ball-valve\" aria-label=\"M\u00e1s en V\u00e1lvula de bola\">Leer m\u00e1s<\/a><\/p>","protected":false},"featured_media":27794,"comment_status":"closed","ping_status":"closed","template":"","meta":{"_generate-full-width-content":"","kt_blocks_editor_width":""},"product_cat":[2047,2459],"product_tag":[3254,3244,2832],"class_list":["post-27296","product","type-product","status-publish","has-post-thumbnail","hentry","product_cat-ball-valve","product_cat-ball-valve-by-form","product_tag-ball-valve-stainless-steel","product_tag-stainless-ball-valve","product_tag-stainless-steel-ball-valve","sales-flash-overlay","woocommerce-text-align-center","woocommerce-image-align-center","do-quantity-buttons"],"featured_image_src_large":["https:\/\/zecovalve.com\/wp-content\/uploads\/2022\/11\/V-Ball-Valve-1.jpg",800,600,false],"author_info":[],"comment_info":0,"taxonomy_info":{"product_cat":[{"value":2047,"label":"Ball Valve"},{"value":2459,"label":"Ball Valve By Form"}],"product_tag":[{"value":3254,"label":"Ball Valve Stainless Steel"},{"value":3244,"label":"Stainless Ball Valve"},{"value":2832,"label":"Stainless Steel Ball Valve"}]},"yoast_head":"<!-- This site is optimized with the Yoast SEO Premium plugin v15.4 - https:\/\/yoast.com\/wordpress\/plugins\/seo\/ -->\n<title>V Ball Valve - V Notch Ball Valve Manufacturer | ZECO Valve<\/title>\n<meta name=\"robots\" content=\"index, follow, max-snippet:-1, max-image-preview:large, max-video-preview:-1\" \/>\n<link rel=\"canonical\" href=\"https:\/\/zecovalve.com\/es\/producto\/v-ball-valve\" \/>\n<meta property=\"og:locale\" content=\"es_ES\" \/>\n<meta property=\"og:type\" content=\"article\" \/>\n<meta property=\"og:title\" content=\"V Ball Valve - V Notch Ball Valve Manufacturer | ZECO Valve\" \/>\n<meta property=\"og:description\" content=\"What is V Port Ball Valve? A v-port ball valve is a control valve with a v-shaped seal or v-shaped ball. The ... Leer m\u00e1s\" \/>\n<meta property=\"og:url\" content=\"https:\/\/zecovalve.com\/es\/producto\/v-ball-valve\" \/>\n<meta property=\"og:site_name\" content=\"ZECO Valve\" \/>\n<meta property=\"article:modified_time\" content=\"2023-03-30T08:21:06+00:00\" \/>\n<meta property=\"og:image\" content=\"https:\/\/zecovalve.com\/wp-content\/uploads\/2022\/11\/V-Ball-Valve-1.jpg\" \/>\n\t<meta property=\"og:image:width\" content=\"800\" \/>\n\t<meta property=\"og:image:height\" content=\"600\" \/>\n<meta name=\"twitter:card\" content=\"summary_large_image\" \/>\n<meta name=\"twitter:label1\" content=\"Escrito por\">\n\t<meta name=\"twitter:data1\" content=\"Jerry\">\n\t<meta name=\"twitter:label2\" content=\"Tiempo de lectura\">\n\t<meta name=\"twitter:data2\" content=\"2 minutos\">\n<script type=\"application\/ld+json\" class=\"yoast-schema-graph\">{\"@context\":\"https:\/\/schema.org\",\"@graph\":[{\"@type\":\"WebSite\",\"@id\":\"https:\/\/zecovalve.com\/#website\",\"url\":\"https:\/\/zecovalve.com\/\",\"name\":\"ZECO Valve\",\"description\":\"Industrial Ball Valve, Gate Valve and Globe Valve Manufacturer\",\"potentialAction\":[{\"@type\":\"SearchAction\",\"target\":\"https:\/\/zecovalve.com\/?s={search_term_string}\",\"query-input\":\"required name=search_term_string\"}],\"inLanguage\":\"es\"},{\"@type\":\"ImageObject\",\"@id\":\"https:\/\/zecovalve.com\/product\/v-ball-valve#primaryimage\",\"inLanguage\":\"es\",\"url\":\"https:\/\/zecovalve.com\/wp-content\/uploads\/2022\/11\/V-Ball-Valve-1.jpg\",\"width\":800,\"height\":600},{\"@type\":\"WebPage\",\"@id\":\"https:\/\/zecovalve.com\/product\/v-ball-valve#webpage\",\"url\":\"https:\/\/zecovalve.com\/product\/v-ball-valve\",\"name\":\"V Ball Valve - V Notch Ball Valve Manufacturer | ZECO Valve\",\"isPartOf\":{\"@id\":\"https:\/\/zecovalve.com\/#website\"},\"primaryImageOfPage\":{\"@id\":\"https:\/\/zecovalve.com\/product\/v-ball-valve#primaryimage\"},\"datePublished\":\"2022-11-01T07:47:56+00:00\",\"dateModified\":\"2023-03-30T08:21:06+00:00\",\"breadcrumb\":{\"@id\":\"https:\/\/zecovalve.com\/product\/v-ball-valve#breadcrumb\"},\"inLanguage\":\"es\",\"potentialAction\":[{\"@type\":\"ReadAction\",\"target\":[\"https:\/\/zecovalve.com\/product\/v-ball-valve\"]}]},{\"@type\":\"BreadcrumbList\",\"@id\":\"https:\/\/zecovalve.com\/product\/v-ball-valve#breadcrumb\",\"itemListElement\":[{\"@type\":\"ListItem\",\"position\":1,\"item\":{\"@type\":\"WebPage\",\"@id\":\"https:\/\/zecovalve.com\/\",\"url\":\"https:\/\/zecovalve.com\/\",\"name\":\"Home\"}},{\"@type\":\"ListItem\",\"position\":2,\"item\":{\"@type\":\"WebPage\",\"@id\":\"https:\/\/zecovalve.com\/product-category\",\"url\":\"https:\/\/zecovalve.com\/product-category\",\"name\":\"Industrial Valve Manufacturer | Water Valve Manufacturer\"}},{\"@type\":\"ListItem\",\"position\":3,\"item\":{\"@type\":\"WebPage\",\"@id\":\"https:\/\/zecovalve.com\/product\/v-ball-valve\",\"url\":\"https:\/\/zecovalve.com\/product\/v-ball-valve\",\"name\":\"V Ball Valve\"}}]}]}<\/script>\n<!-- \/ Yoast SEO Premium plugin. -->","_links":{"self":[{"href":"https:\/\/zecovalve.com\/es\/wp-json\/wp\/v2\/product\/27296","targetHints":{"allow":["GET"]}}],"collection":[{"href":"https:\/\/zecovalve.com\/es\/wp-json\/wp\/v2\/product"}],"about":[{"href":"https:\/\/zecovalve.com\/es\/wp-json\/wp\/v2\/types\/product"}],"replies":[{"embeddable":true,"href":"https:\/\/zecovalve.com\/es\/wp-json\/wp\/v2\/comments?post=27296"}],"wp:featuredmedia":[{"embeddable":true,"href":"https:\/\/zecovalve.com\/es\/wp-json\/wp\/v2\/media\/27794"}],"wp:attachment":[{"href":"https:\/\/zecovalve.com\/es\/wp-json\/wp\/v2\/media?parent=27296"}],"wp:term":[{"taxonomy":"product_cat","embeddable":true,"href":"https:\/\/zecovalve.com\/es\/wp-json\/wp\/v2\/product_cat?post=27296"},{"taxonomy":"product_tag","embeddable":true,"href":"https:\/\/zecovalve.com\/es\/wp-json\/wp\/v2\/product_tag?post=27296"}],"curies":[{"name":"wp","href":"https:\/\/api.w.org\/{rel}","templated":true}]}}