{"id":15891,"date":"2021-01-30T19:30:03","date_gmt":"2021-01-30T19:30:03","guid":{"rendered":"https:\/\/gpsites.co\/shop\/?page_id=3587"},"modified":"2023-08-31T05:36:41","modified_gmt":"2023-08-31T05:36:41","slug":"about","status":"publish","type":"page","link":"https:\/\/zecovalve.com\/fr\/about","title":{"rendered":"A propos de nous"},"content":{"rendered":"<style id=\"kt-blocks_7b8bf4-b7\">#kt-layout-id_7b8bf4-b7 > .kt-row-column-wrap.kb-theme-content-width{max-width:1200px;}#kt-layout-id_7b8bf4-b7 > .kt-row-column-wrap{padding-top:40px;}<\/style>\n<div class=\"wp-block-kadence-rowlayout alignnone\"><div id=\"kt-layout-id_7b8bf4-b7\" class=\"kt-row-layout-inner kt-layout-id_7b8bf4-b7\"><div class=\"kt-row-column-wrap kt-has-1-columns kt-gutter-default kt-v-gutter-default kt-row-valign-top kt-row-layout-equal kt-tab-layout-inherit kt-m-colapse-left-to-right kt-mobile-layout-row kb-theme-content-width\">\n<div class=\"wp-block-kadence-column inner-column-1 kadence-column_aba08b-9d\"><div class=\"kt-inside-inner-col\"><style id=\"kt-blocks_7909dc-99\">#kt-layout-id_7909dc-99{margin-bottom:35px;border-color:var(--global-palette6, #718096);border-bottom-width:1px;}#kt-layout-id_7909dc-99 > .kt-row-column-wrap{padding-top:40px;padding-bottom:65px;}<\/style>\n<div class=\"wp-block-kadence-rowlayout alignnone\"><div id=\"kt-layout-id_7909dc-99\" class=\"kt-row-layout-inner kt-layout-id_7909dc-99\"><div class=\"kt-row-column-wrap kt-has-2-columns kt-gutter-widest kt-v-gutter-default kt-row-valign-middle kt-row-layout-equal kt-tab-layout-inherit kt-m-colapse-left-to-right kt-mobile-layout-row\">\n<div class=\"wp-block-kadence-column inner-column-1 kadence-column_6371a4-66\"><div class=\"kt-inside-inner-col\"><style id=\"kt-blocks_fa741a-24\">#kt-adv-heading_fa741a-24, #kt-adv-heading_fa741a-24 .wp-block-kadence-advancedheading, .wp-block-kadence-advancedheading.kt-adv-heading_fa741a-24[data-kb-block=\"kb-adv-heading_fa741a-24\"], .kadence-advanced-heading-wrapper .kt-adv-heading_fa741a-24[data-kb-block=\"kb-adv-heading_fa741a-24\"]{font-size:3em;font-weight:inherit;font-family:Arial, Helvetica, sans-serif;}<\/style>\n<h2 class=\"kt-adv-heading_fa741a-24 wp-block-kadence-advancedheading\" data-kb-block=\"kb-adv-heading_fa741a-24\">WHO WE ARE<\/h2>\n\n\n\n<p class=\"has-theme-palette-6-color has-text-color\" style=\"font-size:20px\">ZECO Valve high-quality engineered valves with a UK design. Our severe service-designed valves&#8217; applications include corrosive fluids, erosive (slurry), high temperature, cryogenic, underground, and any special requirement from our customers.<\/p>\n<\/div><\/div>\n\n\n\n<div class=\"wp-block-kadence-column inner-column-2 kadence-column_3f3f68-c0\"><div class=\"kt-inside-inner-col\">\n<figure class=\"wp-block-image size-full\"><img loading=\"lazy\" decoding=\"async\" width=\"1024\" height=\"683\" src=\"https:\/\/zecovalve.com\/wp-content\/uploads\/2023\/03\/ZECO-VALVE-FACTORY.jpg\" alt=\"\" class=\"wp-image-27605\" srcset=\"https:\/\/zecovalve.com\/wp-content\/uploads\/2023\/03\/ZECO-VALVE-FACTORY.jpg 1024w, https:\/\/zecovalve.com\/wp-content\/uploads\/2023\/03\/ZECO-VALVE-FACTORY-300x200.jpg 300w, https:\/\/zecovalve.com\/wp-content\/uploads\/2023\/03\/ZECO-VALVE-FACTORY-768x512.jpg 768w, https:\/\/zecovalve.com\/wp-content\/uploads\/2023\/03\/ZECO-VALVE-FACTORY-600x400.jpg 600w\" sizes=\"auto, (max-width: 1024px) 100vw, 1024px\" \/><\/figure>\n<\/div><\/div>\n<\/div><\/div><\/div>\n\n\n<style id=\"kt-blocks_1bb326-e1\">#kt-layout-id_1bb326-e1 > .kt-row-column-wrap{padding-bottom:80px;}<\/style>\n<div class=\"wp-block-kadence-rowlayout alignnone\"><div id=\"kt-layout-id_1bb326-e1\" class=\"kt-row-layout-inner kt-layout-id_1bb326-e1\"><div class=\"kt-row-column-wrap kt-has-3-columns kt-gutter-default kt-v-gutter-default kt-row-valign-top kt-row-layout-equal kt-tab-layout-inherit kt-m-colapse-left-to-right kt-mobile-layout-row\">\n<div class=\"wp-block-kadence-column inner-column-1 kadence-column_cf58b4-54\"><div class=\"kt-inside-inner-col\"><style id=\"kt-blocks_11fa99-66\">#kt-adv-heading_11fa99-66, #kt-adv-heading_11fa99-66 .wp-block-kadence-advancedheading, .wp-block-kadence-advancedheading.kt-adv-heading_11fa99-66[data-kb-block=\"kb-adv-heading_11fa99-66\"], .kadence-advanced-heading-wrapper .kt-adv-heading_11fa99-66[data-kb-block=\"kb-adv-heading_11fa99-66\"]{font-size:1em;font-weight:inherit;font-family:Arial, Helvetica, sans-serif;text-transform:uppercase;margin-bottom:20px;}<\/style>\n<h3 class=\"kt-adv-heading_11fa99-66 wp-block-kadence-advancedheading has-theme-palette-5-color has-text-color\" data-kb-block=\"kb-adv-heading_11fa99-66\">Quality ASSURANCE<\/h3>\n\n\n\n<p>With 15+ years&#8217; experience, our skilled inspectors ensure valves meet global standards. In-house testing lab, advanced equipment akin to third-party facilities, guarantees rigorous product and material testing.<\/p>\n<\/div><\/div>\n\n\n\n<div class=\"wp-block-kadence-column inner-column-2 kadence-column_84ed1c-ba\"><div class=\"kt-inside-inner-col\"><style id=\"kt-blocks_808df7-06\">#kt-adv-heading_808df7-06, #kt-adv-heading_808df7-06 .wp-block-kadence-advancedheading, .wp-block-kadence-advancedheading.kt-adv-heading_808df7-06[data-kb-block=\"kb-adv-heading_808df7-06\"], .kadence-advanced-heading-wrapper .kt-adv-heading_808df7-06[data-kb-block=\"kb-adv-heading_808df7-06\"]{font-size:1em;font-weight:inherit;font-family:Arial, Helvetica, sans-serif;text-transform:uppercase;margin-bottom:20px;}<\/style>\n<h3 class=\"kt-adv-heading_808df7-06 wp-block-kadence-advancedheading has-theme-palette-5-color has-text-color\" data-kb-block=\"kb-adv-heading_808df7-06\">enterprise muscle<\/h3>\n\n\n\n<p>At present, our workforce comprises more than 251 personnel, while our yearly sales surpass 25 million US dollars. Operating from two production hubs with a capacity of 8,000 tons, we boast 300 sets of production and testing equipment.<\/p>\n<\/div><\/div>\n\n\n\n<div class=\"wp-block-kadence-column inner-column-3 kadence-column_7bc6a8-a6\"><div class=\"kt-inside-inner-col\"><style id=\"kt-blocks_9c7985-1b\">#kt-adv-heading_9c7985-1b, #kt-adv-heading_9c7985-1b .wp-block-kadence-advancedheading, .wp-block-kadence-advancedheading.kt-adv-heading_9c7985-1b[data-kb-block=\"kb-adv-heading_9c7985-1b\"], .kadence-advanced-heading-wrapper .kt-adv-heading_9c7985-1b[data-kb-block=\"kb-adv-heading_9c7985-1b\"]{font-size:1em;font-weight:inherit;font-family:Arial, Helvetica, sans-serif;text-transform:uppercase;margin-bottom:20px;}<\/style>\n<h3 class=\"kt-adv-heading_9c7985-1b wp-block-kadence-advancedheading has-theme-palette-5-color has-text-color\" data-kb-block=\"kb-adv-heading_9c7985-1b\">BENEFITS FROM COOPERATION<\/h3>\n\n\n\n<p>With specialized valve solutions and maintenance programs, ZECO supports projects across industries like petroleum, petrochemicals, and coal chemicals. Our proven expertise ensures project requirements are met with precision and efficiency.<\/p>\n<\/div><\/div>\n<\/div><\/div><\/div>\n<\/div><\/div>\n<\/div><\/div><\/div>\n\n\n<style id=\"kt-blocks_7ae383-64\">#kt-layout-id_7ae383-64 > .kt-row-column-wrap.kb-theme-content-width{max-width:1200px;}#kt-layout-id_7ae383-64 > .kt-row-column-wrap{padding-top:80px;padding-bottom:80px;}<\/style>\n<div class=\"wp-block-kadence-rowlayout alignnone\"><div id=\"kt-layout-id_7ae383-64\" class=\"kt-row-layout-inner kt-layout-id_7ae383-64\"><div class=\"kt-row-column-wrap kt-has-1-columns kt-gutter-default kt-v-gutter-default kt-row-valign-top kt-row-layout-equal kt-tab-layout-inherit kt-m-colapse-left-to-right kt-mobile-layout-row kb-theme-content-width\">\n<div class=\"wp-block-kadence-column inner-column-1 kadence-column_818757-74\"><div class=\"kt-inside-inner-col\"><style id=\"kt-blocks_2522a2-8d\">#kt-adv-heading_2522a2-8d, #kt-adv-heading_2522a2-8d .wp-block-kadence-advancedheading, .wp-block-kadence-advancedheading.kt-adv-heading_2522a2-8d[data-kb-block=\"kb-adv-heading_2522a2-8d\"], .kadence-advanced-heading-wrapper .kt-adv-heading_2522a2-8d[data-kb-block=\"kb-adv-heading_2522a2-8d\"]{text-align:center;font-size:40px;font-weight:inherit;font-family:Arial, Helvetica, sans-serif;text-transform:none;margin-bottom:20px;}<\/style>\n<h2 class=\"kt-adv-heading_2522a2-8d wp-block-kadence-advancedheading has-theme-palette-3-color has-text-color\" data-kb-block=\"kb-adv-heading_2522a2-8d\">AUTHORITATIVELY CERTIFIED<\/h2>\n\n\n\n<p class=\"has-text-align-center\">Aligned with ISO standards, our factory creates products meeting ANSI\/API, BS, DIN, JIS, GOST, and GB criteria, bolstered by certifications.<\/p>\n\n\n<style id=\"kt-blocks_c1f9ad-83\">.wp-block-kadence-advancedgallery ul.kb-gallery-id-_c1f9ad-83 {margin: -10px;}.kb-gallery-id-_c1f9ad-83 .kadence-blocks-gallery-item {padding:10px;}.kb-gallery-type-carousel.kb-gallery-id-_c1f9ad-83 .kt-blocks-carousel .kt-blocks-carousel-init {margin: 0 -10px;}.kb-gallery-type-carousel.kb-gallery-id-_c1f9ad-83 .kt-blocks-carousel .kt-blocks-carousel-init .kb-slide-item, .kb-gallery-type-fluidcarousel.kb-gallery-id-_c1f9ad-83 .kt-blocks-carousel .kt-blocks-carousel-init .kb-slide-item, .kb-gallery-type-carousel .kt-blocks-carousel-init:not(.slick-initialized) .kb-slide-item {padding: 4px 10px;}.kb-gallery-type-fluidcarousel.kb-gallery-id-_c1f9ad-83 .kt-blocks-carousel .kt-blocks-carousel-init.kb-carousel-mode-align-left .kb-slide-item {padding: 4px 20px 4px 0;}.kb-gallery-type-carousel.kb-gallery-id-_c1f9ad-83 .kt-blocks-carousel .kt-blocks-carousel-init .slick-prev {left:10px;}.kb-gallery-type-carousel.kb-gallery-id-_c1f9ad-83 .kt-blocks-carousel .kt-blocks-carousel-init .slick-next {right:10px;}.kb-gallery-id-_c1f9ad-83.kb-gallery-ul.kb-gallery-type-fluidcarousel .kt-blocks-carousel figure .kb-gal-image-radius, .kb-gallery-id-_c1f9ad-83.kb-gallery-ul.kb-gallery-type-fluidcarousel .kt-blocks-carousel figure .kb-gal-image-radius img {height:350px;}.wp-block-kadence-advancedgallery.kb-gallery-wrap-id-_c1f9ad-83 {margin:0px 0px 0px 0px;}.kb-gallery-id-_c1f9ad-83 .kadence-blocks-gallery-item .kb-gal-image-radius {border-radius: 0px 0px 0px 0px;}.kb-gallery-id-_c1f9ad-83 .kadence-blocks-gallery-item .kadence-blocks-gallery-item-inner .kadence-blocks-gallery-item__caption {background:linear-gradient( 0deg, rgba(0, 0, 0, 0.5) 0, rgba(0, 0, 0, 0) 100% );font-size:18px;line-height:24px;}.kb-gallery-caption-style-cover-hover.kb-gallery-id-_c1f9ad-83 .kadence-blocks-gallery-item .kadence-blocks-gallery-item-inner .kadence-blocks-gallery-item__caption, .kb-gallery-caption-style-below.kb-gallery-id-_c1f9ad-83 .kadence-blocks-gallery-item .kadence-blocks-gallery-item-inner .kadence-blocks-gallery-item__caption {background:rgba(0, 0, 0, 0.5);}<\/style>\n<div class=\"wp-block-kadence-advancedgallery kb-gallery-wrap-id-_c1f9ad-83\"><div class=\"kb-gallery-ul kb-gallery-type-fluidcarousel kb-gallery-id-_c1f9ad-83 kb-gallery-caption-style-bottom-hover kb-gallery-filter-sepia\" data-image-filter=\"sepia\" data-lightbox-caption=\"true\"><div class=\"kt-blocks-carousel kt-carousel-container-dotstyle-dark\"><div class=\"kt-blocks-carousel-init kb-blocks-fluid-carousel kt-carousel-arrowstyle-whiteondark kt-carousel-dotstyle-dark\" data-slider-anim-speed=\"400\" data-slider-type=\"fluidcarousel\" data-slider-scroll=\"1\" data-slider-arrows=\"true\" data-slider-dots=\"true\" data-slider-hover-pause=\"false\" data-slider-auto=\"true\" data-slider-speed=\"7000\"><div class=\"kb-slide-item kb-gallery-carousel-item\"><div class=\"kadence-blocks-gallery-item\"><div class=\"kadence-blocks-gallery-item-inner\"><figure class=\"kb-gallery-figure kadence-blocks-gallery-item-has-caption\"><div class=\"kb-gal-image-radius\"><div class=\"kb-gallery-image-contain\"><img loading=\"lazy\" decoding=\"async\" src=\"https:\/\/zecovalve.com\/wp-content\/uploads\/2022\/06\/API-600-0351-1024x802.jpg\" width=\"1024\" height=\"802\" alt=\"\" data-full-image=\"https:\/\/zecovalve.com\/wp-content\/uploads\/2022\/06\/API-600-0351.jpg\" data-light-image=\"https:\/\/zecovalve.com\/wp-content\/uploads\/2022\/06\/API-600-0351.jpg\" data-id=\"16841\" data-link=\"https:\/\/zecovalve.com\/honor.html\/api-600-0351#main\" class=\"wp-image-16841 skip-lazy\" srcset=\"https:\/\/zecovalve.com\/wp-content\/uploads\/2022\/06\/API-600-0351-1024x802.jpg 1024w, https:\/\/zecovalve.com\/wp-content\/uploads\/2022\/06\/API-600-0351-300x235.jpg 300w, https:\/\/zecovalve.com\/wp-content\/uploads\/2022\/06\/API-600-0351-768x601.jpg 768w, https:\/\/zecovalve.com\/wp-content\/uploads\/2022\/06\/API-600-0351-600x470.jpg 600w, https:\/\/zecovalve.com\/wp-content\/uploads\/2022\/06\/API-600-0351.jpg 1107w\" sizes=\"auto, (max-width: 1024px) 100vw, 1024px\" \/><\/div><div class=\"kadence-blocks-gallery-item__caption\">API 600<\/div><\/div><\/figure><\/div><\/div><\/div><div class=\"kb-slide-item kb-gallery-carousel-item\"><div class=\"kadence-blocks-gallery-item\"><div class=\"kadence-blocks-gallery-item-inner\"><figure class=\"kb-gallery-figure kadence-blocks-gallery-item-has-caption\"><div class=\"kb-gal-image-radius\"><div class=\"kb-gallery-image-contain\"><img loading=\"lazy\" decoding=\"async\" src=\"https:\/\/zecovalve.com\/wp-content\/uploads\/2022\/06\/API-6D-1225-1024x802.jpg\" width=\"1024\" height=\"802\" alt=\"\" data-full-image=\"https:\/\/zecovalve.com\/wp-content\/uploads\/2022\/06\/API-6D-1225.jpg\" data-light-image=\"https:\/\/zecovalve.com\/wp-content\/uploads\/2022\/06\/API-6D-1225.jpg\" data-id=\"16840\" data-link=\"https:\/\/zecovalve.com\/honor.html\/api-6d-1225#main\" class=\"wp-image-16840 skip-lazy\" srcset=\"https:\/\/zecovalve.com\/wp-content\/uploads\/2022\/06\/API-6D-1225-1024x802.jpg 1024w, https:\/\/zecovalve.com\/wp-content\/uploads\/2022\/06\/API-6D-1225-300x235.jpg 300w, https:\/\/zecovalve.com\/wp-content\/uploads\/2022\/06\/API-6D-1225-768x601.jpg 768w, https:\/\/zecovalve.com\/wp-content\/uploads\/2022\/06\/API-6D-1225-600x470.jpg 600w, https:\/\/zecovalve.com\/wp-content\/uploads\/2022\/06\/API-6D-1225.jpg 1107w\" sizes=\"auto, (max-width: 1024px) 100vw, 1024px\" \/><\/div><div class=\"kadence-blocks-gallery-item__caption\">API 6D<\/div><\/div><\/figure><\/div><\/div><\/div><div class=\"kb-slide-item kb-gallery-carousel-item\"><div class=\"kadence-blocks-gallery-item\"><div class=\"kadence-blocks-gallery-item-inner\"><figure class=\"kb-gallery-figure kadence-blocks-gallery-item-has-caption\"><div class=\"kb-gal-image-radius\"><div class=\"kb-gallery-image-contain\"><img loading=\"lazy\" decoding=\"async\" src=\"https:\/\/zecovalve.com\/wp-content\/uploads\/2023\/05\/EAC-CU-TR.jpg\" width=\"650\" height=\"918\" alt=\"\" data-full-image=\"https:\/\/zecovalve.com\/wp-content\/uploads\/2023\/05\/EAC-CU-TR.jpg\" data-light-image=\"https:\/\/zecovalve.com\/wp-content\/uploads\/2023\/05\/EAC-CU-TR.jpg\" data-id=\"27835\" data-link=\"https:\/\/zecovalve.com\/home\/eac-cu-tr#main\" class=\"wp-image-27835 skip-lazy\" srcset=\"https:\/\/zecovalve.com\/wp-content\/uploads\/2023\/05\/EAC-CU-TR.jpg 650w, https:\/\/zecovalve.com\/wp-content\/uploads\/2023\/05\/EAC-CU-TR-212x300.jpg 212w, https:\/\/zecovalve.com\/wp-content\/uploads\/2023\/05\/EAC-CU-TR-600x847.jpg 600w\" sizes=\"auto, (max-width: 650px) 100vw, 650px\" \/><\/div><div class=\"kadence-blocks-gallery-item__caption\">EAC<\/div><\/div><\/figure><\/div><\/div><\/div><div class=\"kb-slide-item kb-gallery-carousel-item\"><div class=\"kadence-blocks-gallery-item\"><div class=\"kadence-blocks-gallery-item-inner\"><figure class=\"kb-gallery-figure kadence-blocks-gallery-item-has-caption\"><div class=\"kb-gal-image-radius\"><div class=\"kb-gallery-image-contain\"><img loading=\"lazy\" decoding=\"async\" src=\"https:\/\/zecovalve.com\/wp-content\/uploads\/2022\/06\/CE.jpg\" width=\"646\" height=\"909\" alt=\"\" data-full-image=\"https:\/\/zecovalve.com\/wp-content\/uploads\/2022\/06\/CE.jpg\" data-light-image=\"https:\/\/zecovalve.com\/wp-content\/uploads\/2022\/06\/CE.jpg\" data-id=\"16848\" data-link=\"https:\/\/zecovalve.com\/honor.html\/ce#main\" class=\"wp-image-16848 skip-lazy\" srcset=\"https:\/\/zecovalve.com\/wp-content\/uploads\/2022\/06\/CE.jpg 646w, https:\/\/zecovalve.com\/wp-content\/uploads\/2022\/06\/CE-213x300.jpg 213w, https:\/\/zecovalve.com\/wp-content\/uploads\/2022\/06\/CE-600x844.jpg 600w\" sizes=\"auto, (max-width: 646px) 100vw, 646px\" \/><\/div><div class=\"kadence-blocks-gallery-item__caption\">CE-PED<\/div><\/div><\/figure><\/div><\/div><\/div><div class=\"kb-slide-item kb-gallery-carousel-item\"><div class=\"kadence-blocks-gallery-item\"><div class=\"kadence-blocks-gallery-item-inner\"><figure class=\"kb-gallery-figure kadence-blocks-gallery-item-has-caption\"><div class=\"kb-gal-image-radius\"><div class=\"kb-gallery-image-contain\"><img loading=\"lazy\" decoding=\"async\" src=\"https:\/\/zecovalve.com\/wp-content\/uploads\/2022\/06\/ISO-9001.jpg\" width=\"651\" height=\"916\" alt=\"\" data-full-image=\"https:\/\/zecovalve.com\/wp-content\/uploads\/2022\/06\/ISO-9001.jpg\" data-light-image=\"https:\/\/zecovalve.com\/wp-content\/uploads\/2022\/06\/ISO-9001.jpg\" data-id=\"16846\" data-link=\"https:\/\/zecovalve.com\/honor.html\/iso-9001#main\" class=\"wp-image-16846 skip-lazy\" srcset=\"https:\/\/zecovalve.com\/wp-content\/uploads\/2022\/06\/ISO-9001.jpg 651w, https:\/\/zecovalve.com\/wp-content\/uploads\/2022\/06\/ISO-9001-213x300.jpg 213w, https:\/\/zecovalve.com\/wp-content\/uploads\/2022\/06\/ISO-9001-600x844.jpg 600w\" sizes=\"auto, (max-width: 651px) 100vw, 651px\" \/><\/div><div class=\"kadence-blocks-gallery-item__caption\">ISO 9001<\/div><\/div><\/figure><\/div><\/div><\/div><div class=\"kb-slide-item kb-gallery-carousel-item\"><div class=\"kadence-blocks-gallery-item\"><div class=\"kadence-blocks-gallery-item-inner\"><figure class=\"kb-gallery-figure kadence-blocks-gallery-item-has-caption\"><div class=\"kb-gal-image-radius\"><div class=\"kb-gallery-image-contain\"><img loading=\"lazy\" decoding=\"async\" src=\"https:\/\/zecovalve.com\/wp-content\/uploads\/2022\/06\/ISO-14001.jpg\" width=\"650\" height=\"917\" alt=\"\" data-full-image=\"https:\/\/zecovalve.com\/wp-content\/uploads\/2022\/06\/ISO-14001.jpg\" data-light-image=\"https:\/\/zecovalve.com\/wp-content\/uploads\/2022\/06\/ISO-14001.jpg\" data-id=\"16847\" data-link=\"https:\/\/zecovalve.com\/honor.html\/iso-14001#main\" class=\"wp-image-16847 skip-lazy\" srcset=\"https:\/\/zecovalve.com\/wp-content\/uploads\/2022\/06\/ISO-14001.jpg 650w, https:\/\/zecovalve.com\/wp-content\/uploads\/2022\/06\/ISO-14001-213x300.jpg 213w, https:\/\/zecovalve.com\/wp-content\/uploads\/2022\/06\/ISO-14001-600x846.jpg 600w\" sizes=\"auto, (max-width: 650px) 100vw, 650px\" \/><\/div><div class=\"kadence-blocks-gallery-item__caption\">ISO 14001<\/div><\/div><\/figure><\/div><\/div><\/div><div class=\"kb-slide-item kb-gallery-carousel-item\"><div class=\"kadence-blocks-gallery-item\"><div class=\"kadence-blocks-gallery-item-inner\"><figure class=\"kb-gallery-figure kadence-blocks-gallery-item-has-caption\"><div class=\"kb-gal-image-radius\"><div class=\"kb-gallery-image-contain\"><img loading=\"lazy\" decoding=\"async\" src=\"https:\/\/zecovalve.com\/wp-content\/uploads\/2022\/06\/API-607.jpg\" width=\"650\" height=\"918\" alt=\"\" data-full-image=\"https:\/\/zecovalve.com\/wp-content\/uploads\/2022\/06\/API-607.jpg\" data-light-image=\"https:\/\/zecovalve.com\/wp-content\/uploads\/2022\/06\/API-607.jpg\" data-id=\"16844\" data-link=\"https:\/\/zecovalve.com\/honor.html\/api-607#main\" class=\"wp-image-16844 skip-lazy\" srcset=\"https:\/\/zecovalve.com\/wp-content\/uploads\/2022\/06\/API-607.jpg 650w, https:\/\/zecovalve.com\/wp-content\/uploads\/2022\/06\/API-607-212x300.jpg 212w, https:\/\/zecovalve.com\/wp-content\/uploads\/2022\/06\/API-607-600x847.jpg 600w\" sizes=\"auto, (max-width: 650px) 100vw, 650px\" \/><\/div><div class=\"kadence-blocks-gallery-item__caption\">API 607<\/div><\/div><\/figure><\/div><\/div><\/div><div class=\"kb-slide-item kb-gallery-carousel-item\"><div class=\"kadence-blocks-gallery-item\"><div class=\"kadence-blocks-gallery-item-inner\"><figure class=\"kb-gallery-figure kadence-blocks-gallery-item-has-caption\"><div class=\"kb-gal-image-radius\"><div class=\"kb-gallery-image-contain\"><img loading=\"lazy\" decoding=\"async\" src=\"https:\/\/zecovalve.com\/wp-content\/uploads\/2022\/06\/API-6FA.jpg\" width=\"649\" height=\"918\" alt=\"\" data-full-image=\"https:\/\/zecovalve.com\/wp-content\/uploads\/2022\/06\/API-6FA.jpg\" data-light-image=\"https:\/\/zecovalve.com\/wp-content\/uploads\/2022\/06\/API-6FA.jpg\" data-id=\"16845\" data-link=\"https:\/\/zecovalve.com\/honor.html\/api-6fa#main\" class=\"wp-image-16845 skip-lazy\" srcset=\"https:\/\/zecovalve.com\/wp-content\/uploads\/2022\/06\/API-6FA.jpg 649w, https:\/\/zecovalve.com\/wp-content\/uploads\/2022\/06\/API-6FA-212x300.jpg 212w, https:\/\/zecovalve.com\/wp-content\/uploads\/2022\/06\/API-6FA-600x849.jpg 600w\" sizes=\"auto, (max-width: 649px) 100vw, 649px\" \/><\/div><div class=\"kadence-blocks-gallery-item__caption\">API 6FA<\/div><\/div><\/figure><\/div><\/div><\/div><div class=\"kb-slide-item kb-gallery-carousel-item\"><div class=\"kadence-blocks-gallery-item\"><div class=\"kadence-blocks-gallery-item-inner\"><figure class=\"kb-gallery-figure kadence-blocks-gallery-item-has-caption\"><div class=\"kb-gal-image-radius\"><div class=\"kb-gallery-image-contain\"><img loading=\"lazy\" decoding=\"async\" src=\"https:\/\/zecovalve.com\/wp-content\/uploads\/2022\/06\/WRAS.jpg\" width=\"650\" height=\"918\" alt=\"\" data-full-image=\"https:\/\/zecovalve.com\/wp-content\/uploads\/2022\/06\/WRAS.jpg\" data-light-image=\"https:\/\/zecovalve.com\/wp-content\/uploads\/2022\/06\/WRAS.jpg\" data-id=\"16849\" data-link=\"https:\/\/zecovalve.com\/honor.html\/wras#main\" class=\"wp-image-16849 skip-lazy\" srcset=\"https:\/\/zecovalve.com\/wp-content\/uploads\/2022\/06\/WRAS.jpg 650w, https:\/\/zecovalve.com\/wp-content\/uploads\/2022\/06\/WRAS-212x300.jpg 212w, https:\/\/zecovalve.com\/wp-content\/uploads\/2022\/06\/WRAS-600x847.jpg 600w\" sizes=\"auto, (max-width: 650px) 100vw, 650px\" \/><\/div><div class=\"kadence-blocks-gallery-item__caption\">WRAS<\/div><\/div><\/figure><\/div><\/div><\/div><\/div><\/div><\/div><\/div>\n<\/div><\/div>\n<\/div><\/div><\/div>\n","protected":false},"excerpt":{"rendered":"<p>QUI NOUS SOMMES ZECO Valve Vannes con\u00e7ues de haute qualit\u00e9 avec une conception britannique. Les applications de nos vannes con\u00e7ues pour des services s\u00e9v\u00e8res incluent les fluides corrosifs, \u00e9rosifs (boue),\u2026 <a title=\"A propos de nous\" class=\"read-more\" href=\"https:\/\/zecovalve.com\/fr\/about\" aria-label=\"Plus sur \u00c0 propos de nous\">Lire plus<\/a><\/p>","protected":false},"author":6,"featured_media":0,"parent":0,"menu_order":0,"comment_status":"closed","ping_status":"closed","template":"","meta":{"_generate-full-width-content":"contained","kt_blocks_editor_width":"","footnotes":""},"class_list":["post-15891","page","type-page","status-publish"],"featured_image_src_large":false,"author_info":{"display_name":"ZECO Valve","author_link":"https:\/\/zecovalve.com\/fr\/author\/zeco-valve"},"comment_info":0,"taxonomy_info":[],"yoast_head":"<!-- This site is optimized with the Yoast SEO Premium plugin v15.4 - https:\/\/yoast.com\/wordpress\/plugins\/seo\/ -->\n<title>About Us - ZECO Valve<\/title>\n<meta name=\"robots\" content=\"index, follow, max-snippet:-1, max-image-preview:large, max-video-preview:-1\" \/>\n<link rel=\"canonical\" href=\"https:\/\/zecovalve.com\/fr\/about\" \/>\n<meta property=\"og:locale\" content=\"fr_FR\" \/>\n<meta property=\"og:type\" content=\"article\" \/>\n<meta property=\"og:title\" content=\"About Us - ZECO Valve\" \/>\n<meta property=\"og:description\" content=\"WHO WE ARE ZECO Valve high-quality engineered valves with a UK design. Our severe service-designed valves&#8217; applications include corrosive fluids, erosive (slurry), ... Lire plus\" \/>\n<meta property=\"og:url\" content=\"https:\/\/zecovalve.com\/fr\/about\" \/>\n<meta property=\"og:site_name\" content=\"ZECO Valve\" \/>\n<meta property=\"article:modified_time\" content=\"2023-08-31T05:36:41+00:00\" \/>\n<meta property=\"og:image\" content=\"https:\/\/zecovalve.com\/wp-content\/uploads\/2023\/03\/ZECO-VALVE-FACTORY.jpg\" \/>\n<meta name=\"twitter:card\" content=\"summary_large_image\" \/>\n<meta name=\"twitter:label1\" content=\"\u00c9crit par\">\n\t<meta name=\"twitter:data1\" content=\"ZECO Valve\">\n\t<meta name=\"twitter:label2\" content=\"Dur\u00e9e de lecture estim\u00e9e\">\n\t<meta name=\"twitter:data2\" content=\"1 minute\">\n<script type=\"application\/ld+json\" class=\"yoast-schema-graph\">{\"@context\":\"https:\/\/schema.org\",\"@graph\":[{\"@type\":\"WebSite\",\"@id\":\"https:\/\/zecovalve.com\/#website\",\"url\":\"https:\/\/zecovalve.com\/\",\"name\":\"ZECO Valve\",\"description\":\"Industrial Ball Valve, Gate Valve and Globe Valve Manufacturer\",\"potentialAction\":[{\"@type\":\"SearchAction\",\"target\":\"https:\/\/zecovalve.com\/?s={search_term_string}\",\"query-input\":\"required name=search_term_string\"}],\"inLanguage\":\"fr-FR\"},{\"@type\":\"ImageObject\",\"@id\":\"https:\/\/zecovalve.com\/about#primaryimage\",\"inLanguage\":\"fr-FR\",\"url\":\"https:\/\/zecovalve.com\/wp-content\/uploads\/2023\/03\/ZECO-VALVE-FACTORY.jpg\",\"width\":1024,\"height\":683},{\"@type\":\"WebPage\",\"@id\":\"https:\/\/zecovalve.com\/about#webpage\",\"url\":\"https:\/\/zecovalve.com\/about\",\"name\":\"About Us - ZECO Valve\",\"isPartOf\":{\"@id\":\"https:\/\/zecovalve.com\/#website\"},\"primaryImageOfPage\":{\"@id\":\"https:\/\/zecovalve.com\/about#primaryimage\"},\"datePublished\":\"2021-01-30T19:30:03+00:00\",\"dateModified\":\"2023-08-31T05:36:41+00:00\",\"breadcrumb\":{\"@id\":\"https:\/\/zecovalve.com\/about#breadcrumb\"},\"inLanguage\":\"fr-FR\",\"potentialAction\":[{\"@type\":\"ReadAction\",\"target\":[\"https:\/\/zecovalve.com\/about\"]}]},{\"@type\":\"BreadcrumbList\",\"@id\":\"https:\/\/zecovalve.com\/about#breadcrumb\",\"itemListElement\":[{\"@type\":\"ListItem\",\"position\":1,\"item\":{\"@type\":\"WebPage\",\"@id\":\"https:\/\/zecovalve.com\/\",\"url\":\"https:\/\/zecovalve.com\/\",\"name\":\"Home\"}},{\"@type\":\"ListItem\",\"position\":2,\"item\":{\"@type\":\"WebPage\",\"@id\":\"https:\/\/zecovalve.com\/about\",\"url\":\"https:\/\/zecovalve.com\/about\",\"name\":\"About Us\"}}]}]}<\/script>\n<!-- \/ Yoast SEO Premium plugin. -->","_links":{"self":[{"href":"https:\/\/zecovalve.com\/fr\/wp-json\/wp\/v2\/pages\/15891","targetHints":{"allow":["GET"]}}],"collection":[{"href":"https:\/\/zecovalve.com\/fr\/wp-json\/wp\/v2\/pages"}],"about":[{"href":"https:\/\/zecovalve.com\/fr\/wp-json\/wp\/v2\/types\/page"}],"author":[{"embeddable":true,"href":"https:\/\/zecovalve.com\/fr\/wp-json\/wp\/v2\/users\/6"}],"replies":[{"embeddable":true,"href":"https:\/\/zecovalve.com\/fr\/wp-json\/wp\/v2\/comments?post=15891"}],"version-history":[{"count":0,"href":"https:\/\/zecovalve.com\/fr\/wp-json\/wp\/v2\/pages\/15891\/revisions"}],"wp:attachment":[{"href":"https:\/\/zecovalve.com\/fr\/wp-json\/wp\/v2\/media?parent=15891"}],"curies":[{"name":"wp","href":"https:\/\/api.w.org\/{rel}","templated":true}]}}