{"id":16012,"date":"2022-06-18T01:13:26","date_gmt":"2022-06-18T01:13:26","guid":{"rendered":"https:\/\/zecovalve.com\/?post_type=product&#038;p=16012"},"modified":"2023-06-15T13:55:53","modified_gmt":"2023-06-15T13:55:53","slug":"manual-globe-valve","status":"publish","type":"product","link":"https:\/\/zecovalve.com\/fr\/produit\/robinet-a-soupape-manuel","title":{"rendered":"Robinet \u00e0 soupape manuel"},"content":{"rendered":"<p>ZECO Valve est un fabricant de robinets \u00e0 soupape qui propose quatre types de robinets \u00e0 soupape. Notre usine de vannes en Chine produit des robinets \u00e0 soupape en acier moul\u00e9 pour les applications \u00e0 basse et haute pression. ZECO Valve est \u00e9galement un fournisseur de robinets \u00e0 soupape en acier forg\u00e9 et \u00e0 soufflet d'\u00e9tanch\u00e9it\u00e9.<\/p>\r\n\r\n\r\n\r\n<figure class=\"wp-block-image\">\r\n<p><img loading=\"lazy\" decoding=\"async\" class=\"wp-image-27902 size-medium\" src=\"https:\/\/zecovalve.com\/wp-content\/uploads\/2022\/06\/Manual-Globe-Valve-2-300x225.jpg\" alt=\"Robinet \u00e0 soupape manuel\" width=\"300\" height=\"225\" srcset=\"https:\/\/zecovalve.com\/wp-content\/uploads\/2022\/06\/Manual-Globe-Valve-2-300x225.jpg 300w, https:\/\/zecovalve.com\/wp-content\/uploads\/2022\/06\/Manual-Globe-Valve-2-768x576.jpg 768w, https:\/\/zecovalve.com\/wp-content\/uploads\/2022\/06\/Manual-Globe-Valve-2-600x450.jpg 600w, https:\/\/zecovalve.com\/wp-content\/uploads\/2022\/06\/Manual-Globe-Valve-2.jpg 800w\" sizes=\"auto, (max-width: 300px) 100vw, 300px\" \/><\/p>\r\n<\/figure>\r\n\r\n\r\n<div class=\"gb-button-wrapper gb-button-wrapper-6d8495a3\">\r\n\r\n\r\n<p><a class=\"gb-button gb-button-3d442e11 gb-button-text\" href=\"mailto:commercial@zecovalve.com\" target=\"_blank\" rel=\"noopener noreferrer\"><strong>OBTENIR LE PRIX D'UN ROBINET \u00c0 SOUPAPE MANUEL<\/strong><\/a><\/p>\r\n<\/div>\r\n\r\n\r\n\r\n\r\n<h2 class=\"wp-block-heading\" id=\"h-what-is-a-manual-globe-valve\">Qu'est-ce qu'un robinet \u00e0 soupape manuel ?<\/h2>\r\n\r\n\r\n\r\n<p>Le robinet \u00e0 soupape manuel ZECO utilise une structure de type voie. Afin de garantir l'\u00e9tanch\u00e9it\u00e9 au niveau de la garniture de tige, il convient d'utiliser une garniture en graphite flexible. En m\u00eame temps, il faut tenir compte du fait que dans les conditions de travail, l'\u00e9rosion du fluide de la cavit\u00e9 et la facilit\u00e9 de remplacement de la garniture. Le chapeau comporte une structure d'\u00e9tanch\u00e9it\u00e9 arri\u00e8re, cette face d'\u00e9tanch\u00e9it\u00e9 vers le haut et la face d'\u00e9tanch\u00e9it\u00e9 de la tige sont en contact l'une avec l'autre, afin de garantir l'\u00e9tanch\u00e9it\u00e9 de la tige lorsque la vanne est ouverte. Le robinet \u00e0 soupape manuel ZECO ayant des exigences en mati\u00e8re de sens d'\u00e9coulement en fonction de la pression, le robinet \u00e0 soupape doit \u00eatre install\u00e9 en fonction des exigences en mati\u00e8re de sens d'\u00e9coulement. L'installation est la cl\u00e9 de la dur\u00e9e de vie du robinet. Une mauvaise installation du robinet \u00e0 soupape peut entra\u00eener une d\u00e9gradation importante des performances. Il convient donc de v\u00e9rifier les points suivants avant d'installer les robinets. V\u00e9rifiez le panneau indiquant le sens d'\u00e9coulement des robinets \u00e0 soupape et installez les robinets en fonction du sens d'\u00e9coulement.<\/p>\r\n\r\n\r\n\r\n<h2 class=\"wp-block-heading\">Comment fonctionne un robinet \u00e0 soupape ?<\/h2>\r\n\r\n\r\n\r\n<p>Les robinets d'eau sont le meilleur exemple du fonctionnement des robinets \u00e0 soupape. En ouvrant le robinet, la tige s'\u00e9l\u00e8ve ou s'abaisse, selon le mod\u00e8le. L'eau sort alors du robinet. Lorsqu'on tourne le robinet dans l'autre sens, c'est-\u00e0-dire qu'on le ferme, l'opercule relev\u00e9 est abaiss\u00e9 ou l'opercule abaiss\u00e9 est relev\u00e9.<\/p>\r\n\r\n\r\n\r\n<p>Le nombre de tours influe sur le volume d'eau qui sort du robinet. De m\u00eame, en contr\u00f4lant la roue du robinet, un certain volume de gaz ou de liquide passe \u00e0 travers le robinet. Un robinet \u00e0 soupape compl\u00e8tement ouvert signifie que le d\u00e9bit est maximal. En revanche, un robinet \u00e0 soupape compl\u00e8tement ferm\u00e9 signifie que le robinet est scell\u00e9.<\/p>\r\n\r\n\r\n\r\n<h2 class=\"wp-block-heading\">Sp\u00e9cifications des robinets \u00e0 soupape<\/h2>\r\n\r\n\r\n\r\n<figure class=\"wp-block-table is-style-stripes\">\r\n<table>\r\n<tbody>\r\n<tr>\r\n<td>Taille<\/td>\r\n<td>\u00bd\" \u00e0 24\" (DN 15 \u00e0 DN 600)<\/td>\r\n<\/tr>\r\n<tr>\r\n<td>Pression nominale<\/td>\r\n<td>ASME 150# \u00e0 2500#<\/td>\r\n<\/tr>\r\n<tr>\r\n<td>Norme de conception<\/td>\r\n<td>API 602, MESC SPE 77 \/ 103, BS 1873, DIN 3356, API 623<\/td>\r\n<\/tr>\r\n<tr>\r\n<td>Pression \/ Temp\u00e9rature nominale<\/td>\r\n<td>ASME B 16.34<\/td>\r\n<\/tr>\r\n<tr>\r\n<td>Test (inspection) Norme<\/td>\r\n<td>API 598, API 6D, MESC 77\/103, ISO 5208, ISO15848 -1&amp;2, BS 6364<\/td>\r\n<\/tr>\r\n<tr>\r\n<td>D\u00e9tails de la construction<\/td>\r\n<td>Chapeau boulonn\u00e9 \/ Chapeau \u00e0 joint d'\u00e9tanch\u00e9it\u00e9 sous pression, tige montante de type OS &amp; Y<\/td>\r\n<\/tr>\r\n<tr>\r\n<td>Raccordement d'extr\u00e9mit\u00e9<\/td>\r\n<td>Viss\u00e9, \u00e0 souder par embo\u00eetement, \u00e0 brides, en bout de moyeu, \u00e0 souder bout \u00e0 bout<\/td>\r\n<\/tr>\r\n<tr>\r\n<td>Op\u00e9rateur \/ Actionneur<\/td>\r\n<td>Levier, engrenage, actionneur (pneumatique, hydraulique, \u00e9lectro-hydraulique et \u00e0 moteur \u00e9lectrique)<\/td>\r\n<\/tr>\r\n<tr>\r\n<td>Trois types diff\u00e9rents de structure de chapeau<\/td>\r\n<td>Chapeau boulonn\u00e9, joint \u00e0 pression, joint \u00e0 soufflet<\/td>\r\n<\/tr>\r\n<\/tbody>\r\n<\/table>\r\n<\/figure>\r\n\r\n\r\n\r\n<h2 class=\"wp-block-heading\" id=\"h-features-of-manual-globe-valve\">Caract\u00e9ristiques du robinet \u00e0 soupape manuel :<\/h2>\r\n\r\n\r\n\r\n<ul class=\"wp-block-list\">\r\n<li>Le disque du robinet \u00e0 soupape manuel ZECO est con\u00e7u pour s'aligner automatiquement afin d'emp\u00eacher les particules et les impuret\u00e9s du fluide de s'accumuler \u00e0 l'int\u00e9rieur du corps ;<\/li>\r\n<li>Le si\u00e8ge int\u00e9gral et le disque \u00e0 alignement automatique du robinet \u00e0 soupape manuel ZECO assurent une fermeture \u00e9tanche \u00e0 la bulle et une dur\u00e9e de vie prolong\u00e9e du joint ;<\/li>\r\n<li>Lorsque le robinet \u00e0 soupape ZECO est ouvert, le si\u00e8ge arri\u00e8re sp\u00e9cialement con\u00e7u emp\u00eache l'humidit\u00e9 et les impuret\u00e9s de s'infiltrer dans la garniture ;<\/li>\r\n<li>La surface d'\u00e9tanch\u00e9it\u00e9 du robinet \u00e0 soupape manuel ZECO peut \u00eatre fabriqu\u00e9e \u00e0 partir de divers mat\u00e9riaux d'\u00e9tanch\u00e9it\u00e9 durs afin de r\u00e9pondre aux exigences de conditions de travail particuli\u00e8res.<\/li>\r\n<\/ul>\r\n\r\n\r\n\r\n<h2 class=\"wp-block-heading\" id=\"h-material-of-manual-globe-valve\">Mat\u00e9riau du robinet \u00e0 soupape manuel :<\/h2>\r\n\r\n\r\n\r\n<figure class=\"wp-block-table is-style-stripes\">\r\n<table>\r\n<tbody>\r\n<tr>\r\n<td>Non<\/td>\r\n<td>Partie<\/td>\r\n<td>Mat\u00e9riau<\/td>\r\n<\/tr>\r\n<tr>\r\n<td>1<\/td>\r\n<td>Corps<\/td>\r\n<td>ASTM A351 CF8M<\/td>\r\n<\/tr>\r\n<tr>\r\n<td>2<\/td>\r\n<td>Disque<\/td>\r\n<td>ASTM A182 F316<\/td>\r\n<\/tr>\r\n<tr>\r\n<td>3<\/td>\r\n<td>Tige<\/td>\r\n<td>ASTM A276 316<\/td>\r\n<\/tr>\r\n<tr>\r\n<td>4<\/td>\r\n<td>Joint de chapeau<\/td>\r\n<td>Graphite + SS316<\/td>\r\n<\/tr>\r\n<tr>\r\n<td>5<\/td>\r\n<td>Bonnet<\/td>\r\n<td>ASTM A351 CF8M<\/td>\r\n<\/tr>\r\n<tr>\r\n<td>6<\/td>\r\n<td>Boulon du chapeau<\/td>\r\n<td>ASTM A193 B8M<\/td>\r\n<\/tr>\r\n<tr>\r\n<td>7<\/td>\r\n<td>\u00c9crou \u00e0 chapeau<\/td>\r\n<td>ASTM A194 8M<\/td>\r\n<\/tr>\r\n<tr>\r\n<td>8<\/td>\r\n<td>Garniture de tige<\/td>\r\n<td>Graphite renforc\u00e9<\/td>\r\n<\/tr>\r\n<tr>\r\n<td>9<\/td>\r\n<td>Gland<\/td>\r\n<td>ASTM A276 316<\/td>\r\n<\/tr>\r\n<tr>\r\n<td>10<\/td>\r\n<td>Presse-\u00e9toupe Boulon \u00e0 \u0153il<\/td>\r\n<td>ASTM A193 B8M<\/td>\r\n<\/tr>\r\n<tr>\r\n<td>11<\/td>\r\n<td>Ecrou de tige<\/td>\r\n<td>ASTM B148<\/td>\r\n<\/tr>\r\n<\/tbody>\r\n<\/table>\r\n<\/figure>\r\n\r\n\r\n\r\n<h2 class=\"wp-block-heading\">Fabricant de robinets \u00e0 soupape<\/h2>\r\n\r\n\r\n\r\n<p>R\u00e9put\u00e9 pour \u00eatre l'un des principaux fabricants de robinets \u00e0 soupape, ZECO Valve est une entit\u00e9 de premier plan qui r\u00e9pond aux besoins d'un robinet \u00e0 soupape fonctionnel. Les robinets \u00e0 soupape ZECO sont utilis\u00e9s dans plusieurs types de machines et d'industries telles que les pipelines de vapeur, de service et de traitement. Les robinets \u00e0 soupape sont largement utilis\u00e9s pour le contr\u00f4le du flux unique et fonctionnent efficacement pour r\u00e9guler les installations.<\/p>\r\n\r\n\r\n\r\n<h2 class=\"wp-block-heading\">\u00c9l\u00e9ments \u00e0 prendre en compte lors de l'achat de robinets \u00e0 soupape<\/h2>\r\n\r\n\r\n\r\n<h3 class=\"wp-block-heading\">Limites de taille des vannes<\/h3>\r\n\r\n\r\n\r\n<p>Le diam\u00e8tre du robinet est limit\u00e9 en raison de la pression interne du fluide. Les fabricants de robinets \u00e0 soupape limitent la taille \u00e0 un diam\u00e8tre nominal de tuyau (NPS) de 12 ou \u00e0 un diam\u00e8tre nominal (DN) de 300. Au-del\u00e0 de ces limites, les robinets peuvent ne pas s'ouvrir ou se fermer facilement sous l'effet de la pression.<\/p>\r\n\r\n\r\n\r\n<h3 class=\"wp-block-heading\">Trims de soupapes<\/h3>\r\n\r\n\r\n\r\n<p>Lorsqu'il s'agit d'\u00e9tranglement et de haute pression (plus de 200 psi), les garnitures de vannes ont tendance \u00e0 \u00e9chouer. Dans de telles situations, il est pr\u00e9f\u00e9rable de demander une garniture de soupape sp\u00e9cialis\u00e9e.<\/p>\r\n\r\n\r\n\r\n<h3 class=\"wp-block-heading\">Cote P-T<\/h3>\r\n\r\n\r\n\r\n<p>L'indice P-T correspond \u00e0 la pression et \u00e0 la temp\u00e9rature les plus \u00e9lev\u00e9es que la soupape peut supporter en fonction du mat\u00e9riau m\u00e9tallique.<\/p>\r\n\r\n\r\n\r\n<p>Plus la temp\u00e9rature augmente, plus la capacit\u00e9 du corps \u00e0 supporter la pression diminue. En outre, le mat\u00e9riau et la conception du si\u00e8ge d\u00e9terminent l'indice global.<\/p>\r\n\r\n\r\n\r\n<p>La plupart des fabricants de robinets \u00e0 soupape utilisent la valeur nominale globale impos\u00e9e par l'ANS, c'est-\u00e0-dire la pression nominale du corps \u00e0 100\u00b0F.<\/p>\r\n\r\n\r\n\r\n<h3 class=\"wp-block-heading\">Type moyen<\/h3>\r\n\r\n\r\n\r\n<p>Le type de fluide est l'une des consid\u00e9rations les plus importantes lors de l'achat d'un robinet \u00e0 soupape. Il existe de nombreux types de fluides qui peuvent ou non convenir \u00e0 certains mod\u00e8les de robinets.<\/p>\r\n\r\n\r\n\r\n<p>Par exemple, les boues ne conviennent pas car elles sont plus lourdes et contiennent des composants plus gros qui peuvent \u00eatre laiss\u00e9s sur place. Ceux-ci peuvent \u00e0 leur tour endommager les disques. En outre, ces mati\u00e8res visqueuses peuvent cr\u00e9er une \u00e9norme chute de pression.<\/p>\r\n\r\n\r\n\r\n<h3 class=\"wp-block-heading\">Mat\u00e9riau<\/h3>\r\n\r\n\r\n\r\n<p>Le fluide qui circule dans la vanne est en corr\u00e9lation avec le mat\u00e9riau utilis\u00e9 pour la fabrication de la vanne. Le mat\u00e9riau utilis\u00e9 est-il r\u00e9sistant \u00e0 la corrosion ? Quel est le degr\u00e9 de concentration du fluide ? S'agit-il d'un fluide qui s'\u00e9coule ? Ou va-t-il emp\u00eacher le fluide de s'\u00e9couler ? Les r\u00e9ponses \u00e0 ces questions ont une incidence directe sur la dur\u00e9e de vie de la soupape.<\/p>\r\n\r\n\r\n\r\n<h3 class=\"wp-block-heading\">Conformit\u00e9 aux normes de l'industrie<\/h3>\r\n\r\n\r\n\r\n<p>En suivant et en respectant les normes industrielles, il maintient l'int\u00e9grit\u00e9 de la vanne et fournit une assurance de s\u00e9curit\u00e9.<\/p>\r\n\r\n\r\n\r\n<p>Il s'agit notamment des certifications et des normes d\u00e9livr\u00e9es par les organismes suivants :<\/p>\r\n\r\n\r\n\r\n<p>L'American Society of Mechanical Engineers (ASME) L'American Petroleum Institute (API) La Manufacturers Standardization Society (MSS) des raccords de vannes<\/p>","protected":false},"excerpt":{"rendered":"<p>ZECO Valve est un fabricant de vannes \u00e0 soupape qui propose quatre types de vannes \u00e0 soupape. Notre usine de vannes en Chine produit de l&#039;acier moul\u00e9\u2026 <a title=\"Robinet \u00e0 soupape manuel\" class=\"read-more\" href=\"https:\/\/zecovalve.com\/fr\/produit\/robinet-a-soupape-manuel\" aria-label=\"Plus sur Vanne Globe Manuelle\">Lire plus<\/a><\/p>","protected":false},"featured_media":27902,"comment_status":"closed","ping_status":"closed","template":"","meta":{"_generate-full-width-content":"","kt_blocks_editor_width":""},"product_cat":[2049],"product_tag":[],"class_list":["post-16012","product","type-product","status-publish","has-post-thumbnail","hentry","product_cat-globe-valve","sales-flash-overlay","woocommerce-text-align-center","woocommerce-image-align-center","do-quantity-buttons"],"featured_image_src_large":["https:\/\/zecovalve.com\/wp-content\/uploads\/2022\/06\/Manual-Globe-Valve-2.jpg",800,600,false],"author_info":[],"comment_info":0,"taxonomy_info":{"product_cat":[{"value":2049,"label":"Globe Valve"}]},"yoast_head":"<!-- This site is optimized with the Yoast SEO Premium plugin v15.4 - https:\/\/yoast.com\/wordpress\/plugins\/seo\/ -->\n<title>Globe Valve Manufacturer - Globe Valve Factory | Zeco Valve<\/title>\n<meta name=\"robots\" content=\"index, follow, max-snippet:-1, max-image-preview:large, max-video-preview:-1\" \/>\n<link rel=\"canonical\" href=\"https:\/\/zecovalve.com\/fr\/produit\/robinet-a-soupape-manuel\" \/>\n<meta property=\"og:locale\" content=\"fr_FR\" \/>\n<meta property=\"og:type\" content=\"article\" \/>\n<meta property=\"og:title\" content=\"Globe Valve Manufacturer - Globe Valve Factory | Zeco Valve\" \/>\n<meta property=\"og:description\" content=\"ZECO Valve is a globe valve manufacturer that offers four types of globe valves. Our valve factory in China produces cast steel ... Lire plus\" \/>\n<meta property=\"og:url\" content=\"https:\/\/zecovalve.com\/fr\/produit\/robinet-a-soupape-manuel\" \/>\n<meta property=\"og:site_name\" content=\"ZECO Valve\" \/>\n<meta property=\"article:modified_time\" content=\"2023-06-15T13:55:53+00:00\" \/>\n<meta property=\"og:image\" content=\"https:\/\/zecovalve.com\/wp-content\/uploads\/2022\/06\/Manual-Globe-Valve-2.jpg\" \/>\n\t<meta property=\"og:image:width\" content=\"800\" \/>\n\t<meta property=\"og:image:height\" content=\"600\" \/>\n<meta name=\"twitter:card\" content=\"summary_large_image\" \/>\n<meta name=\"twitter:label1\" content=\"\u00c9crit par\">\n\t<meta name=\"twitter:data1\" content=\"ZECO Valve\">\n\t<meta name=\"twitter:label2\" content=\"Dur\u00e9e de lecture estim\u00e9e\">\n\t<meta name=\"twitter:data2\" content=\"4 minutes\">\n<script type=\"application\/ld+json\" class=\"yoast-schema-graph\">{\"@context\":\"https:\/\/schema.org\",\"@graph\":[{\"@type\":\"WebSite\",\"@id\":\"https:\/\/zecovalve.com\/#website\",\"url\":\"https:\/\/zecovalve.com\/\",\"name\":\"ZECO Valve\",\"description\":\"Industrial Ball Valve, Gate Valve and Globe Valve Manufacturer\",\"potentialAction\":[{\"@type\":\"SearchAction\",\"target\":\"https:\/\/zecovalve.com\/?s={search_term_string}\",\"query-input\":\"required name=search_term_string\"}],\"inLanguage\":\"fr-FR\"},{\"@type\":\"ImageObject\",\"@id\":\"https:\/\/zecovalve.com\/product\/manual-globe-valve#primaryimage\",\"inLanguage\":\"fr-FR\",\"url\":\"https:\/\/zecovalve.com\/wp-content\/uploads\/2022\/06\/Manual-Globe-Valve-2.jpg\",\"width\":800,\"height\":600,\"caption\":\"Manual Globe Valve\"},{\"@type\":\"WebPage\",\"@id\":\"https:\/\/zecovalve.com\/product\/manual-globe-valve#webpage\",\"url\":\"https:\/\/zecovalve.com\/product\/manual-globe-valve\",\"name\":\"Globe Valve Manufacturer - Globe Valve Factory | Zeco Valve\",\"isPartOf\":{\"@id\":\"https:\/\/zecovalve.com\/#website\"},\"primaryImageOfPage\":{\"@id\":\"https:\/\/zecovalve.com\/product\/manual-globe-valve#primaryimage\"},\"datePublished\":\"2022-06-18T01:13:26+00:00\",\"dateModified\":\"2023-06-15T13:55:53+00:00\",\"breadcrumb\":{\"@id\":\"https:\/\/zecovalve.com\/product\/manual-globe-valve#breadcrumb\"},\"inLanguage\":\"fr-FR\",\"potentialAction\":[{\"@type\":\"ReadAction\",\"target\":[\"https:\/\/zecovalve.com\/product\/manual-globe-valve\"]}]},{\"@type\":\"BreadcrumbList\",\"@id\":\"https:\/\/zecovalve.com\/product\/manual-globe-valve#breadcrumb\",\"itemListElement\":[{\"@type\":\"ListItem\",\"position\":1,\"item\":{\"@type\":\"WebPage\",\"@id\":\"https:\/\/zecovalve.com\/\",\"url\":\"https:\/\/zecovalve.com\/\",\"name\":\"Home\"}},{\"@type\":\"ListItem\",\"position\":2,\"item\":{\"@type\":\"WebPage\",\"@id\":\"https:\/\/zecovalve.com\/product-category\",\"url\":\"https:\/\/zecovalve.com\/product-category\",\"name\":\"Industrial Valve Manufacturer | Water Valve Manufacturer\"}},{\"@type\":\"ListItem\",\"position\":3,\"item\":{\"@type\":\"WebPage\",\"@id\":\"https:\/\/zecovalve.com\/product\/manual-globe-valve\",\"url\":\"https:\/\/zecovalve.com\/product\/manual-globe-valve\",\"name\":\"Manual Globe Valve\"}}]}]}<\/script>\n<!-- \/ Yoast SEO Premium plugin. -->","_links":{"self":[{"href":"https:\/\/zecovalve.com\/fr\/wp-json\/wp\/v2\/product\/16012","targetHints":{"allow":["GET"]}}],"collection":[{"href":"https:\/\/zecovalve.com\/fr\/wp-json\/wp\/v2\/product"}],"about":[{"href":"https:\/\/zecovalve.com\/fr\/wp-json\/wp\/v2\/types\/product"}],"replies":[{"embeddable":true,"href":"https:\/\/zecovalve.com\/fr\/wp-json\/wp\/v2\/comments?post=16012"}],"wp:featuredmedia":[{"embeddable":true,"href":"https:\/\/zecovalve.com\/fr\/wp-json\/wp\/v2\/media\/27902"}],"wp:attachment":[{"href":"https:\/\/zecovalve.com\/fr\/wp-json\/wp\/v2\/media?parent=16012"}],"wp:term":[{"taxonomy":"product_cat","embeddable":true,"href":"https:\/\/zecovalve.com\/fr\/wp-json\/wp\/v2\/product_cat?post=16012"},{"taxonomy":"product_tag","embeddable":true,"href":"https:\/\/zecovalve.com\/fr\/wp-json\/wp\/v2\/product_tag?post=16012"}],"curies":[{"name":"wp","href":"https:\/\/api.w.org\/{rel}","templated":true}]}}