{"id":16029,"date":"2022-06-18T07:56:02","date_gmt":"2022-06-18T07:56:02","guid":{"rendered":"https:\/\/zecovalve.com\/?post_type=product&#038;p=16029"},"modified":"2023-08-17T05:29:56","modified_gmt":"2023-08-17T05:29:56","slug":"pneumatic-ball-valve","status":"publish","type":"product","link":"https:\/\/zecovalve.com\/fr\/produit\/pneumatic-ball-valve","title":{"rendered":"Robinet \u00e0 boisseau sph\u00e9rique pneumatique"},"content":{"rendered":"<p id=\"h-pneumatic-ball-valve\">Les vannes \u00e0 bille peuvent \u00eatre combin\u00e9es avec un actionneur pneumatique (vannes pneumatiques \u00e0 bille) pour l&#039;automatisation et\/ou le contr\u00f4le \u00e0 distance.<\/p>\r\n\r\n\r\n\r\n\r\n\r\n<figure class=\"wp-block-image size-full is-resized\">\r\n<figure id=\"attachment_28083\" aria-describedby=\"caption-attachment-28083\" style=\"width: 290px\" class=\"wp-caption alignnone\"><img loading=\"lazy\" decoding=\"async\" class=\"wp-image-28083 size-medium\" src=\"https:\/\/zecovalve.com\/wp-content\/uploads\/2022\/06\/Pneumatic-Ball-Valve-3-300x225.jpg\" alt=\"Robinet \u00e0 boisseau sph\u00e9rique pneumatique\" width=\"300\" height=\"225\" srcset=\"https:\/\/zecovalve.com\/wp-content\/uploads\/2022\/06\/Pneumatic-Ball-Valve-3-300x225.jpg 300w, https:\/\/zecovalve.com\/wp-content\/uploads\/2022\/06\/Pneumatic-Ball-Valve-3-768x576.jpg 768w, https:\/\/zecovalve.com\/wp-content\/uploads\/2022\/06\/Pneumatic-Ball-Valve-3-600x450.jpg 600w, https:\/\/zecovalve.com\/wp-content\/uploads\/2022\/06\/Pneumatic-Ball-Valve-3.jpg 800w\" sizes=\"auto, (max-width: 300px) 100vw, 300px\" \/><figcaption id=\"caption-attachment-28083\" class=\"wp-caption-text\">Robinet \u00e0 boisseau sph\u00e9rique pneumatique<\/figcaption><\/figure>\r\n\r\n<\/figure>\r\n\r\n\r\n<div class=\"gb-button-wrapper gb-button-wrapper-6d8495a3\">\r\n\r\n\r\n<p><a class=\"gb-button gb-button-3d442e11 gb-button-text\" href=\"mailto:commercial@zecovalve.com\" target=\"_blank\" rel=\"noopener noreferrer\"><strong>OBTENIR LE PRIX DU VANNE \u00c0 BILLE PNEUMATIQUE<\/strong><\/a><\/p>\r\n<\/div>\r\n\r\n\r\n\r\n\r\n<h2 class=\"wp-block-heading\" id=\"h-what-is-a-pneumatic-ball-valve\">Qu&#039;est-ce qu&#039;un robinet \u00e0 bille pneumatique ?<\/h2>\r\n\r\n\r\n\r\n<p>Le robinet \u00e0 tournant sph\u00e9rique pneumatique ZECO est compos\u00e9 d&#039;un actionneur pneumatique et d&#039;un robinet \u00e0 tournant sph\u00e9rique nomm\u00e9s. L&#039;avantage du robinet \u00e0 tournant sph\u00e9rique pneumatique est la vitesse de commutation rapide, la vitesse de commutation normale peut atteindre 0,05 seconde\/temps, \u00e9galement en raison de la commutation rapide, le robinet \u00e0 tournant sph\u00e9rique pneumatique ZECO est souvent utilis\u00e9 comme vanne d&#039;arr\u00eat rapide sur le pipeline. Les appareils pneumatiques sont souvent \u00e9quip\u00e9s d&#039;\u00e9lectrovannes, de triplets de traitement de source d&#039;air, de fin de course, de positionneur et de bo\u00eetier de commande, de sorte que le robinet \u00e0 tournant sph\u00e9rique pneumatique et le robinet \u00e0 tournant sph\u00e9rique \u00e9lectrique ZECO peuvent \u00e9galement r\u00e9aliser un fonctionnement \u00e0 distance.<\/p>\r\n\r\n\r\n\r\n<div class=\"wp-block-columns is-layout-flex wp-container-core-columns-is-layout-9d6595d7 wp-block-columns-is-layout-flex\">\r\n<div class=\"wp-block-column is-layout-flow wp-block-column-is-layout-flow\">\r\n<figure class=\"wp-block-image size-large is-resized\"><img loading=\"lazy\" decoding=\"async\" class=\"wp-image-18019\" src=\"https:\/\/zecovalve.com\/wp-content\/uploads\/2022\/07\/Pneumatic-ball-valve-1024x768.jpg\" alt=\"\" width=\"512\" height=\"384\" srcset=\"https:\/\/zecovalve.com\/wp-content\/uploads\/2022\/07\/Pneumatic-ball-valve-1024x768.jpg 1024w, https:\/\/zecovalve.com\/wp-content\/uploads\/2022\/07\/Pneumatic-ball-valve-300x225.jpg 300w, https:\/\/zecovalve.com\/wp-content\/uploads\/2022\/07\/Pneumatic-ball-valve-768x576.jpg 768w, https:\/\/zecovalve.com\/wp-content\/uploads\/2022\/07\/Pneumatic-ball-valve-1536x1152.jpg 1536w, https:\/\/zecovalve.com\/wp-content\/uploads\/2022\/07\/Pneumatic-ball-valve-2048x1536.jpg 2048w, https:\/\/zecovalve.com\/wp-content\/uploads\/2022\/07\/Pneumatic-ball-valve-600x450.jpg 600w\" sizes=\"auto, (max-width: 512px) 100vw, 512px\" \/><\/figure>\r\n<\/div>\r\n\r\n\r\n\r\n<div class=\"wp-block-column is-layout-flow wp-block-column-is-layout-flow\">\r\n<figure class=\"wp-block-image size-large is-resized\"><img loading=\"lazy\" decoding=\"async\" class=\"wp-image-18021\" src=\"https:\/\/zecovalve.com\/wp-content\/uploads\/2022\/07\/Pneumatic-ball-valve-2-1024x768.jpg\" alt=\"\" width=\"512\" height=\"384\" srcset=\"https:\/\/zecovalve.com\/wp-content\/uploads\/2022\/07\/Pneumatic-ball-valve-2-1024x768.jpg 1024w, https:\/\/zecovalve.com\/wp-content\/uploads\/2022\/07\/Pneumatic-ball-valve-2-300x225.jpg 300w, https:\/\/zecovalve.com\/wp-content\/uploads\/2022\/07\/Pneumatic-ball-valve-2-768x576.jpg 768w, https:\/\/zecovalve.com\/wp-content\/uploads\/2022\/07\/Pneumatic-ball-valve-2-1536x1152.jpg 1536w, https:\/\/zecovalve.com\/wp-content\/uploads\/2022\/07\/Pneumatic-ball-valve-2-2048x1536.jpg 2048w, https:\/\/zecovalve.com\/wp-content\/uploads\/2022\/07\/Pneumatic-ball-valve-2-600x450.jpg 600w\" sizes=\"auto, (max-width: 512px) 100vw, 512px\" \/><\/figure>\r\n<\/div>\r\n\r\n\r\n\r\n<div class=\"wp-block-column is-layout-flow wp-block-column-is-layout-flow\">\r\n<figure class=\"wp-block-image size-large is-resized\"><img loading=\"lazy\" decoding=\"async\" class=\"wp-image-18022\" src=\"https:\/\/zecovalve.com\/wp-content\/uploads\/2022\/07\/Pneumatic-ball-valve-3-1024x768.jpg\" alt=\"\" width=\"512\" height=\"384\" srcset=\"https:\/\/zecovalve.com\/wp-content\/uploads\/2022\/07\/Pneumatic-ball-valve-3-1024x768.jpg 1024w, https:\/\/zecovalve.com\/wp-content\/uploads\/2022\/07\/Pneumatic-ball-valve-3-300x225.jpg 300w, https:\/\/zecovalve.com\/wp-content\/uploads\/2022\/07\/Pneumatic-ball-valve-3-768x576.jpg 768w, https:\/\/zecovalve.com\/wp-content\/uploads\/2022\/07\/Pneumatic-ball-valve-3-1536x1152.jpg 1536w, https:\/\/zecovalve.com\/wp-content\/uploads\/2022\/07\/Pneumatic-ball-valve-3-2048x1536.jpg 2048w, https:\/\/zecovalve.com\/wp-content\/uploads\/2022\/07\/Pneumatic-ball-valve-3-600x450.jpg 600w\" sizes=\"auto, (max-width: 512px) 100vw, 512px\" \/><\/figure>\r\n<\/div>\r\n<\/div>\r\n\r\n\r\n\r\n<h2 class=\"wp-block-heading\" id=\"h-what-is-pneumatic-actuator\">Qu&#039;est-ce qu&#039;un actionneur pneumatique ?<\/h2>\r\n\r\n\r\n\r\n<p>Les actionneurs pneumatiques contr\u00f4lent les vannes \u00e0 bille en convertissant l&#039;\u00e9nergie de l&#039;air comprim\u00e9 en mouvement m\u00e9canique. Un mouvement m\u00e9canique rotatif est requis dans un robinet \u00e0 tournant sph\u00e9rique pour un tour de 90 degr\u00e9s. Les vannes \u00e0 boisseau sph\u00e9rique \u00e0 actionneur pneumatique peuvent \u00eatre \u00e0 simple effet ou \u00e0 double effet. Un actionneur pneumatique \u00e0 simple effet utilise une seule entr\u00e9e d&#039;air comprim\u00e9 pour faire tourner la vanne et un ressort pour ramener la vanne en position normale. Un actionneur pneumatique \u00e0 double effet dispose de deux entr\u00e9es d&#039;air comprim\u00e9 pour faire tourner la vanne et ramener la vanne dans sa position d&#039;origine.<\/p>\r\n\r\n\r\n\r\n<h2 class=\"wp-block-heading\" id=\"h-how-does-a-pneumatic-ball-valve-work\">Comment fonctionne un robinet \u00e0 bille pneumatique ?<\/h2>\r\n\r\n\r\n\r\n<p>Le m\u00e9canisme le plus courant pour un actionneur pneumatique pour vannes \u00e0 bille est le m\u00e9canisme \u00e0 cr\u00e9maill\u00e8re et pignon. Celui-ci comprend la cr\u00e9maill\u00e8re (un engrenage lin\u00e9aire) et le pignon (un engrenage circulaire). La cr\u00e9maill\u00e8re est fix\u00e9e \u00e0 un piston qui est pouss\u00e9 par de l&#039;air comprim\u00e9 pour obtenir un mouvement lin\u00e9aire. Ce mouvement lin\u00e9aire est converti en mouvement circulaire par le pignon. Le pignon entra\u00eene la tige d&#039;un robinet \u00e0 tournant sph\u00e9rique dans les positions d&#039;ouverture et de fermeture.<br \/>Pour contr\u00f4ler l&#039;actionneur pneumatique des vannes \u00e0 bille, l&#039;air comprim\u00e9 est r\u00e9gul\u00e9 par des \u00e9lectrovannes. Les signaux \u00e9lectriques du contr\u00f4leur alimentent l&#039;\u00e9lectrovanne en position d&#039;ouverture ou de fermeture, permettant \u00e0 l&#039;air comprim\u00e9 de circuler vers les deux c\u00f4t\u00e9s du piston de l&#039;actionneur pneumatique. Le piston pousse la cr\u00e9maill\u00e8re qui fait tourner le pignon reli\u00e9 \u00e0 la tige du robinet \u00e0 bille.<\/p>\r\n\r\n\r\n\r\n<h2 class=\"wp-block-heading\" id=\"h-applications-of-pneumatic-ball-valves\">Applications des robinets \u00e0 tournant sph\u00e9rique pneumatiques<\/h2>\r\n\r\n\r\n\r\n<p>Les robinets \u00e0 tournant sph\u00e9rique pneumatiques conviennent \u00e0 de nombreuses industries qui utilisent des fluides comme l&#039;eau, le gaz, l&#039;air, l&#039;huile et d&#039;autres fluides. Lorsque vous achetez des vannes \u00e0 bille actionn\u00e9es, vous pouvez les utiliser pour l&#039;une des applications suivantes\u00a0:<\/p>\r\n\r\n\r\n\r\n<ul class=\"wp-block-list\">\r\n<li>Processus industriels<\/li>\r\n<li>Manipulation de produits chimiques<\/li>\r\n<li>Fabrication<\/li>\r\n<li>Nourriture et boisson<\/li>\r\n<li>Traitement des eaux us\u00e9es<\/li>\r\n<li>Exploitation mini\u00e8re<\/li>\r\n<li>Installations de traitement municipales<\/li>\r\n<li>Centrales \u00e9lectriques<\/li>\r\n<li>Raffineries d&#039;\u00e9nergie<\/li>\r\n<li>Production d&#039;eau propre<\/li>\r\n<li>D\u00e9charges<\/li>\r\n<li>Eau portable<\/li>\r\n<li>Piscines<\/li>\r\n<li>Irrigation<\/li>\r\n<\/ul>\r\n\r\n\r\n\r\n<h2 class=\"wp-block-heading\" id=\"h-features-of-pneumatic-ball-valve\">Caract\u00e9ristiques du robinet \u00e0 tournant sph\u00e9rique pneumatique\u00a0:<\/h2>\r\n\r\n\r\n\r\n<ol>\r\n<li>Le robinet \u00e0 tournant sph\u00e9rique pneumatique ZECO peut r\u00e9aliser un contr\u00f4le centralis\u00e9 \u00e0 distance, qui n&#039;a pas besoin de gaspiller d&#039;\u00e9nergie pour se rendre sur le site ou grimper en hauteur au risque d&#039;un contr\u00f4le manuel, r\u00e9duisant consid\u00e9rablement le gaspillage d&#039;efficacit\u00e9 du personnel et assurant la s\u00e9curit\u00e9 personnelle du personnel\u00a0;\r\n\r\n<\/li>\r\n<li>La vanne \u00e0 bille pneumatique ZECO n&#039;a besoin que d&#039;une source d&#039;air pour faire tourner la bille \u00e0 90\u00b0 et d&#039;un petit couple pour fermer herm\u00e9tiquement la vanne. La chambre int\u00e9rieure du corps de vanne, exactement de la m\u00eame taille que le passage du pipeline, assure une r\u00e9sistance minimale et r\u00e9duit le gaspillage d&#039;\u00e9nergie lors de la distribution du fluide\u00a0;\r\n\r\n<\/li>\r\n<li>L&#039;exp\u00e9rience de fabrication de robinets \u00e0 tournant sph\u00e9rique pneumatiques ZECO depuis de nombreuses ann\u00e9es et la technologie de pointe internationale combin\u00e9e \u00e0 la conception de la structure \u00e0 double joint garantissent grandement la performance d&#039;\u00e9tanch\u00e9it\u00e9 de la vanne dans diverses conditions de pression. Lorsque la pression moyenne circule dans la zone basse pression, la zone de contact entre la bague d&#039;\u00e9tanch\u00e9it\u00e9 du si\u00e8ge de soupape et la bille est petite, il y a donc une pression d&#039;\u00e9tanch\u00e9it\u00e9 plus grande pour garantir une \u00e9tanch\u00e9it\u00e9 fiable du si\u00e8ge de soupape. Lorsque le fluide circule dans une position haute, la zone de contact entre la bague d&#039;\u00e9tanch\u00e9it\u00e9 du si\u00e8ge et le robinet \u00e0 tournant sph\u00e9rique augmente, de sorte que la bague d&#039;\u00e9tanch\u00e9it\u00e9 du si\u00e8ge peut r\u00e9sister \u00e0 la plus grande pouss\u00e9e du fluide sans dommage\u00a0;\r\n\r\n<\/li>\r\n<li>Les robinets \u00e0 tournant sph\u00e9rique pneumatiques ZECO peuvent \u00eatre s\u00e9lectionn\u00e9s parmi diff\u00e9rentes marques d&#039;actionneurs pneumatiques pour r\u00e9pondre aux exigences particuli\u00e8res des clients.<\/li>\r\n<\/ol>\r\n\r\n\r\n\r\n<h2 class=\"wp-block-heading\" id=\"h-material-of-pneumatic-ball-valve\">Mat\u00e9riau du robinet \u00e0 tournant sph\u00e9rique pneumatique\u00a0:<\/h2>\r\n\r\n\r\n\r\n<figure class=\"wp-block-table\">\r\n<table>\r\n<tbody>\r\n<tr>\r\n<td>Non<\/td>\r\n<td>Partie<\/td>\r\n<td>Mat\u00e9riau<\/td>\r\n<\/tr>\r\n<tr>\r\n<td>1<\/td>\r\n<td>Corps<\/td>\r\n<td>ACIER FORG\u00c9 \/ ACIER AU CARBONE \/ ACIER INOXYDABLE<\/td>\r\n<\/tr>\r\n<tr>\r\n<td>2<\/td>\r\n<td>Bonnet<\/td>\r\n<td>ACIER FORG\u00c9 \/ ACIER AU CARBONE \/ ACIER INOXYDABLE<\/td>\r\n<\/tr>\r\n<tr>\r\n<td>3<\/td>\r\n<td>Boule<\/td>\r\n<td>ACIER FORG\u00c9 \/ ACIER INOXYDABLE<\/td>\r\n<\/tr>\r\n<tr>\r\n<td>4<\/td>\r\n<td>Si\u00e8ge<\/td>\r\n<td>PEFE \/ D\u00c9VELON \/ PEEK \/ M\u00c9TAL<\/td>\r\n<\/tr>\r\n<tr>\r\n<td>5<\/td>\r\n<td>Tige<\/td>\r\n<td>ACIER FORG\u00c9 \/ ACIER INOXYDABLE<\/td>\r\n<\/tr>\r\n<tr>\r\n<td>6<\/td>\r\n<td>Dispositif antistatique<\/td>\r\n<td>SS304\/SS316<\/td>\r\n<\/tr>\r\n<tr>\r\n<td>7<\/td>\r\n<td>Joint d'\u00e9tanch\u00e9it\u00e9<\/td>\r\n<td>Graphite + SS304 \/ SS316<\/td>\r\n<\/tr>\r\n<tr>\r\n<td>8<\/td>\r\n<td>Boulon<\/td>\r\n<td>ASTM A193 B7\/B8\/B8M<\/td>\r\n<\/tr>\r\n<tr>\r\n<td>9<\/td>\r\n<td>\u00c9crou<\/td>\r\n<td>ASTM A194 2H \/ 8 \/ 8M<\/td>\r\n<\/tr>\r\n<tr>\r\n<td>10<\/td>\r\n<td>Joint torique<\/td>\r\n<td>Viton A<\/td>\r\n<\/tr>\r\n<tr>\r\n<td>11<\/td>\r\n<td>Actionneur pneumatique<\/td>\r\n<td>SS304\/SS316\/aluminium<\/td>\r\n<\/tr>\r\n<\/tbody>\r\n<\/table>\r\n<\/figure>\r\n\r\n\r\n\r\n<h2 class=\"wp-block-heading\" id=\"h-selection-of-pneumatic-accessories-for-pneumatic-ball-valve\">S\u00e9lection d&#039;accessoires pneumatiques pour robinet \u00e0 tournant sph\u00e9rique pneumatique<\/h2>\r\n\r\n\r\n\r\n<h3 class=\"wp-block-heading\">\u00c9lectrovanne<\/h3>\r\n\r\n\r\n\r\n<p>V\u00e9rin double effet g\u00e9n\u00e9ralement avec \u00e9lectrovanne \u00e0 cinq voies \u00e0 deux positions ou \u00e9lectrovanne \u00e0 cinq voies \u00e0 trois positions. Le v\u00e9rin simple effet peut \u00eatre \u00e9quip\u00e9 d&#039;une \u00e9lectrovanne trois voies deux positions. La tension peut \u00eatre DC24V, AC220V, etc. Les exigences antid\u00e9flagrantes doivent \u00eatre prises en compte.<\/p>\r\n\r\n\r\n\r\n<h3 class=\"wp-block-heading\">Fin de course<\/h3>\r\n\r\n\r\n\r\n<p>Le r\u00f4le de l&#039;actionneur est de convertir la rotation du signal de contact, la sortie vers l&#039;instrumentation de contr\u00f4le et le retour sur l&#039;\u00e9tat d&#039;ouverture et de fermeture du robinet \u00e0 tournant sph\u00e9rique. Les types d\u2019induction m\u00e9canique et magn\u00e9tique sont couramment utilis\u00e9s. Les exigences antid\u00e9flagrantes doivent \u00e9galement \u00eatre prises en compte.<\/p>\r\n\r\n\r\n\r\n<h3 class=\"wp-block-heading\">Triplet pneumatique (FRL)<\/h3>\r\n\r\n\r\n\r\n<p>Il y a deux et trois parties, la fonction filtrage, d\u00e9compression et brouillard d&#039;huile. Il est recommand\u00e9 de les installer pour \u00e9viter le blocage du cylindre d\u00fb aux impuret\u00e9s pr\u00e9sentes dans le cylindre.<\/p>\r\n\r\n\r\n\r\n<p>Les trois accessoires pneumatiques mentionn\u00e9s ci-dessus sont g\u00e9n\u00e9ralement install\u00e9s en standard. Les options suivantes sont des options suppl\u00e9mentaires.<\/p>\r\n\r\n\r\n\r\n<h3 class=\"wp-block-heading\">Positionneur de vanne<\/h3>\r\n\r\n\r\n\r\n<p>Pour un r\u00e9glage proportionnel, des vannes \u00e0 bille pneumatiques doivent \u00eatre install\u00e9es, principalement utilis\u00e9es pour les vannes \u00e0 bille pneumatiques en forme de V. Entr\u00e9e 4-20 mA, \u00e0 consid\u00e9rer si avec le signal de sortie de retour. Si un antid\u00e9flagrant est requis. Il existe des types ordinaires et des types intelligents.<\/p>\r\n\r\n\r\n\r\n<h3 class=\"wp-block-heading\">Roue \u00e0 main<\/h3>\r\n\r\n\r\n\r\n<p>Install\u00e9 entre le robinet \u00e0 tournant sph\u00e9rique et le cylindre, peut \u00eatre remplac\u00e9 par un interrupteur manuel en cas de panne de la source de gaz, pour garantir la s\u00e9curit\u00e9 du syst\u00e8me et ne pas retarder la production.<\/p>\r\n\r\n\r\n\r\n<h3 class=\"wp-block-heading\">Soupape d&#039;\u00e9chappement rapide<\/h3>\r\n\r\n\r\n\r\n<p>Il peut acc\u00e9l\u00e9rer l&#039;ouverture et la fermeture des vannes pneumatiques \u00e0 bille. Install\u00e9 entre la bouteille et l&#039;\u00e9lectrovanne afin que le gaz dans la bouteille ne passe pas \u00e0 travers l&#039;\u00e9lectrovanne et soit rapidement \u00e9vacu\u00e9.<\/p>\r\n\r\n\r\n\r\n<h3 class=\"wp-block-heading\">Amplificateur pneumatique<\/h3>\r\n\r\n\r\n\r\n<p>Il est install\u00e9 dans le chemin d&#039;air vers le cylindre pour recevoir le signal de pression de la sortie du positionneur, fournissant un d\u00e9bit important \u00e0 l&#039;actionneur, utilis\u00e9 pour augmenter la vitesse d&#039;action de la vanne. Par 1:1 (rapport signal\/sortie). Principalement utilis\u00e9 pour transmettre des signaux pneumatiques sur de longues distances (0 \u00e0 300 m) et pour r\u00e9duire les effets du d\u00e9calage de transmission.<\/p>\r\n\r\n\r\n\r\n<h3 class=\"wp-block-heading\">Valve pneumatique de maintien de position<\/h3>\r\n\r\n\r\n\r\n<p>Principalement pour le fonctionnement de verrouillage de la pression de la source d&#039;air, coupant la conduite d&#039;alimentation en air de la vanne lorsqu&#039;elle est inf\u00e9rieure \u00e0 la pression de la source d&#039;air afin que la vanne maintienne la position avant la panne de la source d&#039;air. Lorsque la pression de la source d&#039;air est r\u00e9tablie, l&#039;alimentation en air du cylindre est r\u00e9tablie en m\u00eame temps.<\/p>","protected":false},"excerpt":{"rendered":"<p>Les vannes \u00e0 bille peuvent \u00eatre combin\u00e9es avec un actionneur pneumatique (vannes pneumatiques \u00e0 bille) pour l&#039;automatisation et\/ou le contr\u00f4le \u00e0 distance. Qu\u2019est-ce qu\u2019un pneumatique\u2026 <a title=\"Robinet \u00e0 boisseau sph\u00e9rique pneumatique\" class=\"read-more\" href=\"https:\/\/zecovalve.com\/fr\/produit\/pneumatic-ball-valve\" aria-label=\"Plus sur Vanne \u00e0 bille pneumatique\">Lire plus<\/a><\/p>","protected":false},"featured_media":28083,"comment_status":"closed","ping_status":"closed","template":"","meta":{"_generate-full-width-content":"","kt_blocks_editor_width":""},"product_cat":[2047,2460,2465],"product_tag":[2804,2802],"class_list":["post-16029","product","type-product","status-publish","has-post-thumbnail","hentry","product_cat-ball-valve","product_cat-ball-valve-by-drive-mode","product_cat-forged-steel-ball-valve","product_tag-2-inch-ball-valve","product_tag-ball-valve-price","sales-flash-overlay","woocommerce-text-align-center","woocommerce-image-align-center","do-quantity-buttons"],"featured_image_src_large":["https:\/\/zecovalve.com\/wp-content\/uploads\/2022\/06\/Pneumatic-Ball-Valve-3.jpg",800,600,false],"author_info":[],"comment_info":0,"taxonomy_info":{"product_cat":[{"value":2047,"label":"Ball Valve"},{"value":2460,"label":"Ball Valve By Drive Mode"},{"value":2465,"label":"Forged Ball Valve"}],"product_tag":[{"value":2804,"label":"2 inch Ball Valve"},{"value":2802,"label":"Ball Valve Price"}]},"yoast_head":"<!-- This site is optimized with the Yoast SEO Premium plugin v15.4 - https:\/\/yoast.com\/wordpress\/plugins\/seo\/ -->\n<title>Pneumatic Ball Valve - Actuated Ball Valve | ZECO Valve<\/title>\n<meta name=\"robots\" content=\"index, follow, max-snippet:-1, max-image-preview:large, max-video-preview:-1\" \/>\n<link rel=\"canonical\" href=\"https:\/\/zecovalve.com\/fr\/produit\/pneumatic-ball-valve\" \/>\n<meta property=\"og:locale\" content=\"fr_FR\" \/>\n<meta property=\"og:type\" content=\"article\" \/>\n<meta property=\"og:title\" content=\"Pneumatic Ball Valve - Actuated Ball Valve | ZECO Valve\" \/>\n<meta property=\"og:description\" content=\"Ball valves can be combined with a pneumatic actuator (pneumatic ball valves) for automation and\/or for controlling remotely. What is a Pneumatic ... Lire plus\" \/>\n<meta property=\"og:url\" content=\"https:\/\/zecovalve.com\/fr\/produit\/pneumatic-ball-valve\" \/>\n<meta property=\"og:site_name\" content=\"ZECO Valve\" \/>\n<meta property=\"article:modified_time\" content=\"2023-08-17T05:29:56+00:00\" \/>\n<meta property=\"og:image\" content=\"https:\/\/zecovalve.com\/wp-content\/uploads\/2022\/06\/Pneumatic-Ball-Valve-3.jpg\" \/>\n\t<meta property=\"og:image:width\" content=\"800\" \/>\n\t<meta property=\"og:image:height\" content=\"600\" \/>\n<meta name=\"twitter:card\" content=\"summary_large_image\" \/>\n<meta name=\"twitter:label1\" content=\"\u00c9crit par\">\n\t<meta name=\"twitter:data1\" content=\"Jerry\">\n\t<meta name=\"twitter:label2\" content=\"Dur\u00e9e de lecture estim\u00e9e\">\n\t<meta name=\"twitter:data2\" content=\"4 minutes\">\n<script type=\"application\/ld+json\" class=\"yoast-schema-graph\">{\"@context\":\"https:\/\/schema.org\",\"@graph\":[{\"@type\":\"WebSite\",\"@id\":\"https:\/\/zecovalve.com\/#website\",\"url\":\"https:\/\/zecovalve.com\/\",\"name\":\"ZECO Valve\",\"description\":\"Industrial Ball Valve, Gate Valve and Globe Valve Manufacturer\",\"potentialAction\":[{\"@type\":\"SearchAction\",\"target\":\"https:\/\/zecovalve.com\/?s={search_term_string}\",\"query-input\":\"required name=search_term_string\"}],\"inLanguage\":\"fr-FR\"},{\"@type\":\"ImageObject\",\"@id\":\"https:\/\/zecovalve.com\/product\/pneumatic-ball-valve#primaryimage\",\"inLanguage\":\"fr-FR\",\"url\":\"https:\/\/zecovalve.com\/wp-content\/uploads\/2022\/06\/Pneumatic-Ball-Valve-3.jpg\",\"width\":800,\"height\":600,\"caption\":\"Pneumatic Ball Valve\"},{\"@type\":\"WebPage\",\"@id\":\"https:\/\/zecovalve.com\/product\/pneumatic-ball-valve#webpage\",\"url\":\"https:\/\/zecovalve.com\/product\/pneumatic-ball-valve\",\"name\":\"Pneumatic Ball Valve - Actuated Ball Valve | ZECO Valve\",\"isPartOf\":{\"@id\":\"https:\/\/zecovalve.com\/#website\"},\"primaryImageOfPage\":{\"@id\":\"https:\/\/zecovalve.com\/product\/pneumatic-ball-valve#primaryimage\"},\"datePublished\":\"2022-06-18T07:56:02+00:00\",\"dateModified\":\"2023-08-17T05:29:56+00:00\",\"breadcrumb\":{\"@id\":\"https:\/\/zecovalve.com\/product\/pneumatic-ball-valve#breadcrumb\"},\"inLanguage\":\"fr-FR\",\"potentialAction\":[{\"@type\":\"ReadAction\",\"target\":[\"https:\/\/zecovalve.com\/product\/pneumatic-ball-valve\"]}]},{\"@type\":\"BreadcrumbList\",\"@id\":\"https:\/\/zecovalve.com\/product\/pneumatic-ball-valve#breadcrumb\",\"itemListElement\":[{\"@type\":\"ListItem\",\"position\":1,\"item\":{\"@type\":\"WebPage\",\"@id\":\"https:\/\/zecovalve.com\/\",\"url\":\"https:\/\/zecovalve.com\/\",\"name\":\"Home\"}},{\"@type\":\"ListItem\",\"position\":2,\"item\":{\"@type\":\"WebPage\",\"@id\":\"https:\/\/zecovalve.com\/product-category\",\"url\":\"https:\/\/zecovalve.com\/product-category\",\"name\":\"Industrial Valve Manufacturer | Water Valve Manufacturer\"}},{\"@type\":\"ListItem\",\"position\":3,\"item\":{\"@type\":\"WebPage\",\"@id\":\"https:\/\/zecovalve.com\/product\/pneumatic-ball-valve\",\"url\":\"https:\/\/zecovalve.com\/product\/pneumatic-ball-valve\",\"name\":\"Pneumatic Ball Valve\"}}]}]}<\/script>\n<!-- \/ Yoast SEO Premium plugin. -->","_links":{"self":[{"href":"https:\/\/zecovalve.com\/fr\/wp-json\/wp\/v2\/product\/16029","targetHints":{"allow":["GET"]}}],"collection":[{"href":"https:\/\/zecovalve.com\/fr\/wp-json\/wp\/v2\/product"}],"about":[{"href":"https:\/\/zecovalve.com\/fr\/wp-json\/wp\/v2\/types\/product"}],"replies":[{"embeddable":true,"href":"https:\/\/zecovalve.com\/fr\/wp-json\/wp\/v2\/comments?post=16029"}],"wp:featuredmedia":[{"embeddable":true,"href":"https:\/\/zecovalve.com\/fr\/wp-json\/wp\/v2\/media\/28083"}],"wp:attachment":[{"href":"https:\/\/zecovalve.com\/fr\/wp-json\/wp\/v2\/media?parent=16029"}],"wp:term":[{"taxonomy":"product_cat","embeddable":true,"href":"https:\/\/zecovalve.com\/fr\/wp-json\/wp\/v2\/product_cat?post=16029"},{"taxonomy":"product_tag","embeddable":true,"href":"https:\/\/zecovalve.com\/fr\/wp-json\/wp\/v2\/product_tag?post=16029"}],"curies":[{"name":"wp","href":"https:\/\/api.w.org\/{rel}","templated":true}]}}