{"id":16035,"date":"2022-06-18T08:33:26","date_gmt":"2022-06-18T08:33:26","guid":{"rendered":"https:\/\/zecovalve.com\/?post_type=product&#038;p=16035"},"modified":"2023-06-07T13:51:29","modified_gmt":"2023-06-07T13:51:29","slug":"stainless-steel-gate-valve","status":"publish","type":"product","link":"https:\/\/zecovalve.com\/fr\/produit\/stainless-steel-gate-valve","title":{"rendered":"Robinet-vanne en acier inoxydable"},"content":{"rendered":"<p>ZECO Valve fournit des robinets-vannes en acier inoxydable dans les versions robinets-vannes et robinets-vannes \u00e0 brides, la plupart du temps en stock.<\/p>\r\n\r\n\r\n\r\n<figure class=\"wp-block-image alignnone size-medium wp-image-16036\"><img loading=\"lazy\" decoding=\"async\" width=\"300\" height=\"225\" class=\"wp-image-16036\" src=\"https:\/\/zecovalve.com\/wp-content\/uploads\/2022\/06\/stainless-steel-gate-valve-300x225.jpg\" alt=\"Robinet-vanne en acier inoxydable\" srcset=\"https:\/\/zecovalve.com\/wp-content\/uploads\/2022\/06\/stainless-steel-gate-valve-300x225.jpg 300w, https:\/\/zecovalve.com\/wp-content\/uploads\/2022\/06\/stainless-steel-gate-valve-768x576.jpg 768w, https:\/\/zecovalve.com\/wp-content\/uploads\/2022\/06\/stainless-steel-gate-valve-600x450.jpg 600w, https:\/\/zecovalve.com\/wp-content\/uploads\/2022\/06\/stainless-steel-gate-valve.jpg 800w\" sizes=\"auto, (max-width: 300px) 100vw, 300px\" \/><\/figure>\r\n\r\n\r\n<div class=\"gb-button-wrapper gb-button-wrapper-f8260ba6\">\r\n\r\n\r\n<p><a class=\"gb-button gb-button-e4f70767 gb-button-text\" href=\"mailto:commercial@zecovalve.com\" target=\"_blank\" rel=\"noopener noreferrer\"><strong>OBTENIR LE PRIX D'UNE VANNE EN ACIER INOXYDABLE<\/strong><\/a><\/p>\r\n<\/div>\r\n\r\n\r\n\r\n\r\n<h2 class=\"wp-block-heading\" id=\"h-what-is-a-stainless-steel-gate-valve\">Qu'est-ce qu'un robinet-vanne en acier inoxydable ?<\/h2>\r\n\r\n\r\n\r\n<p>Le robinet-vanne en acier inoxydable de ZECO est utilis\u00e9 pour les pipelines contenant des fluides corrosifs. Pour tout type de mat\u00e9riau en acier inoxydable, la capacit\u00e9 \u00e0 r\u00e9sister \u00e0 la corrosion moyenne est relativement limit\u00e9e et est affect\u00e9e par de nombreux facteurs externes, tels que la temp\u00e9rature, la pression et le pH. Toutefois, tant que le traitement thermique et le processus de transformation sont en parfait accord avec le processus de fabrication, on peut garantir que le mat\u00e9riau r\u00e9sistera \u00e0 la corrosion dans la plage de corrosion. Lors de la s\u00e9lection des robinets-vannes en acier inoxydable, il faut donc tenir compte de la concentration du fluide, de la temp\u00e9rature de l'environnement de travail, de la s\u00e9lection des mat\u00e9riaux et d'autres facteurs relatifs \u00e0 la r\u00e9sistance \u00e0 la corrosion.\u00a0<\/p>\r\n\r\n\r\n\r\n<p>ZECO Valve est un fabricant de robinets-vannes en acier inoxydable depuis pr\u00e8s de 30 ans, qui fournit des suggestions professionnelles aux utilisateurs pour le choix des mod\u00e8les et des mat\u00e9riaux en fonction des conditions de travail.<\/p>\r\n\r\n\r\n\r\n<h2 class=\"wp-block-heading\">Comment fonctionne un robinet-vanne en acier inoxydable ?<\/h2>\r\n\r\n\r\n\r\n<p>Un robinet-vanne en acier inoxydable fonctionne de la m\u00eame mani\u00e8re que les autres robinets. Pour ouvrir le robinet, il faut tourner le volant, ce qui fait monter ou descendre l'opercule sur la tige par l'interm\u00e9diaire des filets. Un robinet-vanne en acier inoxydable n\u00e9cessite plus d'un tour de 360\u00b0 pour s'ouvrir ou se fermer compl\u00e8tement. Lorsque l'opercule en acier inoxydable est lev\u00e9, il ouvre l'entr\u00e9e vers la sortie, ce qui permet au fluide de circuler librement. Lorsque la vanne en acier inoxydable est abaiss\u00e9e, elle se ferme et bloque le d\u00e9bit du fluide.<\/p>\r\n\r\n\r\n\r\n<h2 class=\"wp-block-heading\" id=\"h-applications-of-stainless-steel-gate-valves\">Applications des robinets-vannes en acier inoxydable<\/h2>\r\n\r\n\r\n\r\n<p>En raison de sa r\u00e9sistance, un robinet-vanne en acier inoxydable est utilis\u00e9 dans un grand nombre d'applications industrielles. Celles-ci comprennent :<\/p>\r\n\r\n\r\n\r\n<ul class=\"wp-block-list\">\r\n<li>Industrie p\u00e9troli\u00e8re et gazi\u00e8re ;<\/li>\r\n<li>Produits chimiques et pharmaceutiques ;<\/li>\r\n<li>Marine ;<\/li>\r\n<li>Traitement de l'eau et des eaux us\u00e9es ;<\/li>\r\n<li>Industries manufacturi\u00e8res.<\/li>\r\n<\/ul>\r\n\r\n\r\n\r\n<h2 class=\"wp-block-heading\" id=\"h-features-of-stainless-steel-gate-valves\">Caract\u00e9ristiques des robinets-vannes en acier inoxydable :<\/h2>\r\n\r\n\r\n\r\n<ul class=\"wp-block-list\">\r\n<li>Le robinet-vanne en acier inoxydable ZECO dispose d'une vari\u00e9t\u00e9 de mat\u00e9riaux en acier inoxydable que les utilisateurs peuvent choisir en fonction des conditions de travail r\u00e9elles. Le moulage comprend l'ASTM A351 CF8, l'ASTM A351 CF8M, l'ASTM A351 CF3, l'ASTM A351 CF3M, le forgeage comprend l'ASTM A182 F304, l'ASTM A182 F304L, l'ASTM A182 F316, l'ASTM A182 F316L et l'acier inoxydable duplex UNS SS32205 et ainsi de suite ;<\/li>\r\n<li>La s\u00e9lection des fournisseurs de mati\u00e8res premi\u00e8res du robinet-vanne en acier inoxydable ZECO est une r\u00e9f\u00e9rence pour les entreprises de renomm\u00e9e internationale en mati\u00e8re de normes de syst\u00e8me de cha\u00eene d'approvisionnement. Tout d'abord, le rapport d'analyse du premier \u00e9chantillon du d\u00e9partement d'inspection de la qualit\u00e9 de ZECO est approuv\u00e9, puis le d\u00e9partement technique l'\u00e9value en fonction du syst\u00e8me de gestion et du processus de production du fournisseur. Ce n'est qu'apr\u00e8s l'\u00e9valuation et l'approbation des deux d\u00e9partements que le produit peut faire l'objet de n\u00e9gociations commerciales avec le d\u00e9partement des achats. Par la suite, il testera chaque lot de livraison du fournisseur, afin de diviser l'approvisionnement en diff\u00e9rents niveaux et lots ;<\/li>\r\n<li>Le robinet-vanne en acier inoxydable ZECO est con\u00e7u avec un si\u00e8ge renouvelable pour un remplacement facile en cas de d\u00e9t\u00e9rioration du si\u00e8ge ;<\/li>\r\n<li>Le robinet-vanne en acier inoxydable de ZECO pr\u00e9sente une forte r\u00e9sistance \u00e0 la corrosion et le mat\u00e9riau r\u00e9pond parfaitement aux exigences des normes internationales.<\/li>\r\n<\/ul>\r\n\r\n\r\n\r\n<h2 class=\"wp-block-heading\" id=\"h-material-of-stainless-steel-gate-valve\">Mat\u00e9riau du robinet-vanne en acier inoxydable :<\/h2>\r\n\r\n\r\n\r\n<figure class=\"wp-block-table\">\r\n<table>\r\n<tbody>\r\n<tr>\r\n<td>Non<\/td>\r\n<td>Partie<\/td>\r\n<td>Mat\u00e9riau<\/td>\r\n<\/tr>\r\n<tr>\r\n<td>1<\/td>\r\n<td>Corps<\/td>\r\n<td>ASTM A351 CF8M<\/td>\r\n<\/tr>\r\n<tr>\r\n<td>2<\/td>\r\n<td>Anneau de si\u00e8ge<\/td>\r\n<td>ASTM A182 F316 + STL<\/td>\r\n<\/tr>\r\n<tr>\r\n<td>3<\/td>\r\n<td>Cale<\/td>\r\n<td>ASTM A351 CF8M + STL<\/td>\r\n<\/tr>\r\n<tr>\r\n<td>4<\/td>\r\n<td>Tige<\/td>\r\n<td>ASTM A276 316<\/td>\r\n<\/tr>\r\n<tr>\r\n<td>5<\/td>\r\n<td>Joint de chapeau<\/td>\r\n<td>Graphite + SS315<\/td>\r\n<\/tr>\r\n<tr>\r\n<td>6<\/td>\r\n<td>Boulon du chapeau<\/td>\r\n<td>ASTM A193 B8<\/td>\r\n<\/tr>\r\n<tr>\r\n<td>7<\/td>\r\n<td>\u00c9crou \u00e0 chapeau<\/td>\r\n<td>ASTM A194 8<\/td>\r\n<\/tr>\r\n<tr>\r\n<td>8<\/td>\r\n<td>Bonnet<\/td>\r\n<td>ASTM A351 CF8M<\/td>\r\n<\/tr>\r\n<tr>\r\n<td>9<\/td>\r\n<td>Si\u00e8ge arri\u00e8re<\/td>\r\n<td>ASTM A182 316<\/td>\r\n<\/tr>\r\n<tr>\r\n<td>10<\/td>\r\n<td>Garniture de tige<\/td>\r\n<td>Graphite renforc\u00e9<\/td>\r\n<\/tr>\r\n<tr>\r\n<td>11<\/td>\r\n<td>Roue \u00e0 main<\/td>\r\n<td>KTH330-08<\/td>\r\n<\/tr>\r\n<\/tbody>\r\n<\/table>\r\n<\/figure>\r\n\r\n\r\n\r\n<h2 class=\"wp-block-heading\">Prix des robinets-vannes en acier inoxydable<\/h2>\r\n\r\n\r\n\r\n<p>Le prix des robinets-vannes en acier inoxydable fluctuant fortement, vous pouvez contacter ZECO Valve pour obtenir des prix sp\u00e9cifiques ou des listes de prix de robinets-vannes.<\/p>","protected":false},"excerpt":{"rendered":"<p>ZECO Valve fournit des vannes \u00e0 vanne en acier inoxydable dans les versions vannes \u00e0 vanne ainsi que vannes \u00e0 vanne, extr\u00e9mit\u00e9 \u00e0 bride, principalement en stock. \u2026 <a title=\"Robinet-vanne en acier inoxydable\" class=\"read-more\" href=\"https:\/\/zecovalve.com\/fr\/produit\/stainless-steel-gate-valve\" aria-label=\"Plus sur Vanne \u00e0 Vanne Inox\">Lire plus<\/a><\/p>","protected":false},"featured_media":27868,"comment_status":"closed","ping_status":"closed","template":"","meta":{"_generate-full-width-content":"","kt_blocks_editor_width":""},"product_cat":[2052,2454],"product_tag":[2798],"class_list":["post-16035","product","type-product","status-publish","has-post-thumbnail","hentry","product_cat-gate-valve","product_cat-gate-valve-by-material","product_tag-osy-valve","sales-flash-overlay","woocommerce-text-align-center","woocommerce-image-align-center","do-quantity-buttons"],"featured_image_src_large":["https:\/\/zecovalve.com\/wp-content\/uploads\/2022\/06\/Stainless-Steel-Gate-Valve-1.jpg",800,600,false],"author_info":[],"comment_info":0,"taxonomy_info":{"product_cat":[{"value":2052,"label":"Gate Valve"},{"value":2454,"label":"Gate Valve By Material"}],"product_tag":[{"value":2798,"label":"OS&amp;Y Valve"}]},"yoast_head":"<!-- This site is optimized with the Yoast SEO Premium plugin v15.4 - https:\/\/yoast.com\/wordpress\/plugins\/seo\/ -->\n<title>Stainless Steel Gate Valve - Stainless Steel Valve | ZECO Valve<\/title>\n<meta name=\"robots\" content=\"index, follow, max-snippet:-1, max-image-preview:large, max-video-preview:-1\" \/>\n<link rel=\"canonical\" href=\"https:\/\/zecovalve.com\/fr\/produit\/stainless-steel-gate-valve\" \/>\n<meta property=\"og:locale\" content=\"fr_FR\" \/>\n<meta property=\"og:type\" content=\"article\" \/>\n<meta property=\"og:title\" content=\"Stainless Steel Gate Valve - Stainless Steel Valve | ZECO Valve\" \/>\n<meta property=\"og:description\" content=\"ZECO Valve supplies Stainless steel gate valves in the versions gate valves as well as gate valves, flanged end mostly from stock. ... Lire plus\" \/>\n<meta property=\"og:url\" content=\"https:\/\/zecovalve.com\/fr\/produit\/stainless-steel-gate-valve\" \/>\n<meta property=\"og:site_name\" content=\"ZECO Valve\" \/>\n<meta property=\"article:modified_time\" content=\"2023-06-07T13:51:29+00:00\" \/>\n<meta property=\"og:image\" content=\"https:\/\/zecovalve.com\/wp-content\/uploads\/2022\/06\/Stainless-Steel-Gate-Valve-1.jpg\" \/>\n\t<meta property=\"og:image:width\" content=\"800\" \/>\n\t<meta property=\"og:image:height\" content=\"600\" \/>\n<meta name=\"twitter:card\" content=\"summary_large_image\" \/>\n<meta name=\"twitter:label1\" content=\"\u00c9crit par\">\n\t<meta name=\"twitter:data1\" content=\"Jerry\">\n\t<meta name=\"twitter:label2\" content=\"Dur\u00e9e de lecture estim\u00e9e\">\n\t<meta name=\"twitter:data2\" content=\"2 minutes\">\n<script type=\"application\/ld+json\" class=\"yoast-schema-graph\">{\"@context\":\"https:\/\/schema.org\",\"@graph\":[{\"@type\":\"WebSite\",\"@id\":\"https:\/\/zecovalve.com\/#website\",\"url\":\"https:\/\/zecovalve.com\/\",\"name\":\"ZECO Valve\",\"description\":\"Industrial Ball Valve, Gate Valve and Globe Valve Manufacturer\",\"potentialAction\":[{\"@type\":\"SearchAction\",\"target\":\"https:\/\/zecovalve.com\/?s={search_term_string}\",\"query-input\":\"required name=search_term_string\"}],\"inLanguage\":\"fr-FR\"},{\"@type\":\"ImageObject\",\"@id\":\"https:\/\/zecovalve.com\/product\/stainless-steel-gate-valve#primaryimage\",\"inLanguage\":\"fr-FR\",\"url\":\"https:\/\/zecovalve.com\/wp-content\/uploads\/2022\/06\/Stainless-Steel-Gate-Valve-1.jpg\",\"width\":800,\"height\":600,\"caption\":\"Stainless Steel Gate Valve\"},{\"@type\":\"WebPage\",\"@id\":\"https:\/\/zecovalve.com\/product\/stainless-steel-gate-valve#webpage\",\"url\":\"https:\/\/zecovalve.com\/product\/stainless-steel-gate-valve\",\"name\":\"Stainless Steel Gate Valve - Stainless Steel Valve | ZECO Valve\",\"isPartOf\":{\"@id\":\"https:\/\/zecovalve.com\/#website\"},\"primaryImageOfPage\":{\"@id\":\"https:\/\/zecovalve.com\/product\/stainless-steel-gate-valve#primaryimage\"},\"datePublished\":\"2022-06-18T08:33:26+00:00\",\"dateModified\":\"2023-06-07T13:51:29+00:00\",\"breadcrumb\":{\"@id\":\"https:\/\/zecovalve.com\/product\/stainless-steel-gate-valve#breadcrumb\"},\"inLanguage\":\"fr-FR\",\"potentialAction\":[{\"@type\":\"ReadAction\",\"target\":[\"https:\/\/zecovalve.com\/product\/stainless-steel-gate-valve\"]}]},{\"@type\":\"BreadcrumbList\",\"@id\":\"https:\/\/zecovalve.com\/product\/stainless-steel-gate-valve#breadcrumb\",\"itemListElement\":[{\"@type\":\"ListItem\",\"position\":1,\"item\":{\"@type\":\"WebPage\",\"@id\":\"https:\/\/zecovalve.com\/\",\"url\":\"https:\/\/zecovalve.com\/\",\"name\":\"Home\"}},{\"@type\":\"ListItem\",\"position\":2,\"item\":{\"@type\":\"WebPage\",\"@id\":\"https:\/\/zecovalve.com\/product-category\",\"url\":\"https:\/\/zecovalve.com\/product-category\",\"name\":\"Industrial Valve Manufacturer | Water Valve Manufacturer\"}},{\"@type\":\"ListItem\",\"position\":3,\"item\":{\"@type\":\"WebPage\",\"@id\":\"https:\/\/zecovalve.com\/product\/stainless-steel-gate-valve\",\"url\":\"https:\/\/zecovalve.com\/product\/stainless-steel-gate-valve\",\"name\":\"Stainless Steel Gate Valve\"}}]}]}<\/script>\n<!-- \/ Yoast SEO Premium plugin. -->","_links":{"self":[{"href":"https:\/\/zecovalve.com\/fr\/wp-json\/wp\/v2\/product\/16035","targetHints":{"allow":["GET"]}}],"collection":[{"href":"https:\/\/zecovalve.com\/fr\/wp-json\/wp\/v2\/product"}],"about":[{"href":"https:\/\/zecovalve.com\/fr\/wp-json\/wp\/v2\/types\/product"}],"replies":[{"embeddable":true,"href":"https:\/\/zecovalve.com\/fr\/wp-json\/wp\/v2\/comments?post=16035"}],"wp:featuredmedia":[{"embeddable":true,"href":"https:\/\/zecovalve.com\/fr\/wp-json\/wp\/v2\/media\/27868"}],"wp:attachment":[{"href":"https:\/\/zecovalve.com\/fr\/wp-json\/wp\/v2\/media?parent=16035"}],"wp:term":[{"taxonomy":"product_cat","embeddable":true,"href":"https:\/\/zecovalve.com\/fr\/wp-json\/wp\/v2\/product_cat?post=16035"},{"taxonomy":"product_tag","embeddable":true,"href":"https:\/\/zecovalve.com\/fr\/wp-json\/wp\/v2\/product_tag?post=16035"}],"curies":[{"name":"wp","href":"https:\/\/api.w.org\/{rel}","templated":true}]}}