{"id":16037,"date":"2022-06-18T08:40:15","date_gmt":"2022-06-18T08:40:15","guid":{"rendered":"https:\/\/zecovalve.com\/?post_type=product&#038;p=16037"},"modified":"2023-06-07T13:51:56","modified_gmt":"2023-06-07T13:51:56","slug":"motorized-gate-valve","status":"publish","type":"product","link":"https:\/\/zecovalve.com\/fr\/produit\/motorized-gate-valve","title":{"rendered":"Vanne motoris\u00e9e - Vanne \u00e9lectrique"},"content":{"rendered":"<p>Vanne motoris\u00e9e multitours : L'actionneur multitour est sp\u00e9cialement con\u00e7u pour toutes les applications de vannes multitours (vannes \u00e0 mouvement lin\u00e9aire), telles que les robinets \u00e0 soupape, les robinets-vannes, etc.<\/p>\r\n\r\n\r\n\r\n<figure class=\"wp-block-image alignnone size-medium wp-image-16038\"><img loading=\"lazy\" decoding=\"async\" width=\"300\" height=\"225\" class=\"wp-image-16038\" src=\"https:\/\/zecovalve.com\/wp-content\/uploads\/2022\/06\/motorized-gate-valve-300x225.jpg\" alt=\"Vanne motoris\u00e9e\" srcset=\"https:\/\/zecovalve.com\/wp-content\/uploads\/2022\/06\/motorized-gate-valve-300x225.jpg 300w, https:\/\/zecovalve.com\/wp-content\/uploads\/2022\/06\/motorized-gate-valve-768x576.jpg 768w, https:\/\/zecovalve.com\/wp-content\/uploads\/2022\/06\/motorized-gate-valve-600x450.jpg 600w, https:\/\/zecovalve.com\/wp-content\/uploads\/2022\/06\/motorized-gate-valve.jpg 800w\" sizes=\"auto, (max-width: 300px) 100vw, 300px\" \/><\/figure>\r\n\r\n\r\n<div class=\"gb-button-wrapper gb-button-wrapper-6d8495a3\">\r\n\r\n\r\n<p><a class=\"gb-button gb-button-3d442e11 gb-button-text\" href=\"mailto:commercial@zecovalve.com\" target=\"_blank\" rel=\"noopener noreferrer\"><strong>OBTENIR LE PRIX D'UN ROBINET-VANNE MOTORIS\u00c9<\/strong><\/a><\/p>\r\n<\/div>\r\n\r\n\r\n\r\n\r\n<h2 class=\"wp-block-heading\" id=\"h-what-is-motorized-valve\">Qu'est-ce qu'une vanne motoris\u00e9e ?<\/h2>\r\n\r\n\r\n\r\n<p>Une vanne motoris\u00e9e est un type de vanne qui utilise un moteur \u00e9lectrique pour ouvrir ou fermer son m\u00e9canisme. Ce type de vanne convient parfaitement aux tr\u00e8s grandes vannes ou aux applications de contr\u00f4le des fluides \u00e0 distance, telles que le d\u00e9givrage des avions, l'irrigation agricole et l'extinction automatique des incendies. La plupart des types de vannes conviennent aux applications motoris\u00e9es, notamment les vannes \u00e0 guillotine, les vannes \u00e0 bille et les vannes papillon. La vanne motoris\u00e9e est \u00e9galement bien adapt\u00e9e aux applications de contr\u00f4le de d\u00e9bit \u00e0 distance o\u00f9 les entr\u00e9es du syst\u00e8me impliquent un fonctionnement incr\u00e9mentiel de la vanne. Les m\u00e9canismes internes de contr\u00f4le des fluides des vannes motoris\u00e9es sont g\u00e9n\u00e9ralement identiques \u00e0 ceux de leurs homologues manuels ; les entr\u00e9es d'actionnement de la vanne constituent la seule diff\u00e9rence entre les deux.<\/p>\r\n\r\n\r\n\r\n<p>La vanne \u00e9lectrique ZECO est nomm\u00e9e en fonction du mode de conduite,\u00a0 <a href=\"https:\/\/zecovalve.com\/fr\/produit\/motorized-gate-valve\" data-internallinksmanager029f6b8e52c=\"4\" title=\"vanne motoris\u00e9e\" target=\"_blank\" rel=\"noopener\">vanne motoris\u00e9e<\/a> comme son nom l'indique, est actionn\u00e9 par un robinet-vanne \u00e9lectrique. Le robinet-vanne \u00e9lectrique con\u00e7u par ZECO est conforme au niveau de s\u00e9curit\u00e9 et d'int\u00e9grit\u00e9 SIL 3 pour les vannes automatis\u00e9es. ZECO Valve Group utilise des machines modernes et le latemolduld pour produire les derni\u00e8res installations de fabrication avanc\u00e9es, afin de fournir aux utilisateurs des produits de contr\u00f4le de flux de la plus haute qualit\u00e9, \u00e0 un prix tr\u00e8s comp\u00e9titif. Toutes les pi\u00e8ces moul\u00e9es, en particulier le corps et le chapeau, ont des sections lourdes pour garantir la solidit\u00e9, la durabilit\u00e9 et une utilisation fiable et s\u00fbre dans une large gamme d'environnements de service. Les alliages d'acier pour le corps et le chapeau sont soigneusement s\u00e9lectionn\u00e9s pour leur bonne qualit\u00e9 de moulage, leur stabilit\u00e9 structurelle, leur r\u00e9sistance \u00e0 la d\u00e9formation m\u00e9canique et leur soudabilit\u00e9 en toute s\u00e9curit\u00e9. Les pi\u00e8ces moul\u00e9es sont coul\u00e9es sous une surveillance m\u00e9tallurgique et de laboratoire stricte et critique. Elles sont trait\u00e9es thermiquement, nettoy\u00e9es \u00e0 fond par pulv\u00e9risation statique et soigneusement contr\u00f4l\u00e9es pour s'assurer qu'elles sont exemptes de d\u00e9fauts. Toutes les pi\u00e8ces moul\u00e9es de ces vannes sont conformes aux normes ASTM appropri\u00e9es.<\/p>\r\n\r\n\r\n\r\n<h2 class=\"wp-block-heading\">Comment fonctionne une vanne motoris\u00e9e ?<\/h2>\r\n\r\n\r\n\r\n<p>La vanne motoris\u00e9e est une alimentation \u00e9lectrique qui entra\u00eene la rotation du moteur, ce qui permet d'ouvrir ou de fermer la vanne d'un dispositif et de r\u00e9sister aux chocs de tension. La plage de rotation de la vanne \u00e9lectrique est r\u00e9glable. La plage de rotation peut \u00eatre r\u00e9gl\u00e9e en entrant les signaux de courant et de tension sp\u00e9cifi\u00e9s. Les signaux de commande g\u00e9n\u00e9raux sont les suivants : signal de courant (4 ~ 20mA, 0 ~ 10mA) ou signal de tension (0 ~ 5V, 1 ~ 5V).<\/p>\r\n\r\n\r\n\r\n<h2 class=\"wp-block-heading\">Application des vannes motoris\u00e9es<\/h2>\r\n\r\n\r\n\r\n<p>Les vannes motoris\u00e9es sont g\u00e9n\u00e9ralement \u00e9quip\u00e9es d'un moteur \u00e9lectrique qui actionne un m\u00e9canisme avanc\u00e9 par l'interm\u00e9diaire d'un train d'engrenages afin de les ouvrir ou de les fermer. Le m\u00e9canisme avanc\u00e9 d\u00e9pend du type de vanne. Les vannes \u00e0 course verticale, telles que les vannes \u00e0 opercule ou les vannes \u00e0 guillotine, utilisent g\u00e9n\u00e9ralement un m\u00e9canisme \u00e0 vis sans fin qui soul\u00e8ve ou abaisse la plaque d'opercule. Les robinets \u00e0 soupape utilisent \u00e9galement un m\u00e9canisme d'avance \u00e0 vis pour positionner le clapet conique qui contr\u00f4le le d\u00e9bit du fluide dans les applications de dosage de haute pr\u00e9cision.<\/p>\r\n\r\n\r\n\r\n<h2 class=\"wp-block-heading\" id=\"h-features-of-motorized-valves\">Caract\u00e9ristiques des vannes motoris\u00e9es :<\/h2>\r\n\r\n\r\n\r\n<ul class=\"wp-block-list\">\r\n<li>Le robinet-vanne \u00e9lectrique ZECO peut \u00eatre command\u00e9 \u00e0 distance et l'utilisateur peut commander et v\u00e9rifier l'\u00e9tat du robinet dans la salle de contr\u00f4le. Cela r\u00e9duit le gaspillage de personnel n\u00e9cessaire pour se rendre sur le site afin de fermer les robinets-vannes sans actionneurs \u00e9lectriques et r\u00e9duit \u00e9galement les situations o\u00f9 les robinets ne peuvent pas \u00eatre ferm\u00e9s dans des situations dangereuses ;<\/li>\r\n<li>Le robinet-vanne \u00e9lectrique ZECO peut \u00eatre personnalis\u00e9 avec une garniture sans amiante ou une garniture en graphite ;<\/li>\r\n<li>Le robinet-vanne \u00e9lectrique ZECO fixe l'actionneur \u00e9lectrique pendant le transport afin d'\u00e9viter les dommages caus\u00e9s \u00e0 l'actionneur \u00e9lectrique par les chocs pendant le transport ;<\/li>\r\n<li>Le faible couple du robinet-vanne \u00e9lectrique ZECO permet de r\u00e9duire le co\u00fbt de l'actionneur \u00e9lectrique.<\/li>\r\n<\/ul>\r\n\r\n\r\n\r\n<h2 class=\"wp-block-heading\" id=\"h-material-of-electric-gate-valve\">Mat\u00e9riau du robinet-vanne \u00e9lectrique :<\/h2>\r\n\r\n\r\n\r\n<figure class=\"wp-block-table\">\r\n<table>\r\n<tbody>\r\n<tr>\r\n<td>Non<\/td>\r\n<td>Partie<\/td>\r\n<td>Mat\u00e9riau<\/td>\r\n<\/tr>\r\n<tr>\r\n<td>1<\/td>\r\n<td>Corps<\/td>\r\n<td>ASTM A351 CF8<\/td>\r\n<\/tr>\r\n<tr>\r\n<td>2<\/td>\r\n<td>Anneau de si\u00e8ge<\/td>\r\n<td>ASTM A182 F304 + 13Cr<\/td>\r\n<\/tr>\r\n<tr>\r\n<td>3<\/td>\r\n<td>Cale<\/td>\r\n<td>ASTM A351 CF8 + 13Cr<\/td>\r\n<\/tr>\r\n<tr>\r\n<td>4<\/td>\r\n<td>Tige<\/td>\r\n<td>ASTM A182 304<\/td>\r\n<\/tr>\r\n<tr>\r\n<td>5<\/td>\r\n<td>Joint de chapeau<\/td>\r\n<td>Graphite + SS304<\/td>\r\n<\/tr>\r\n<tr>\r\n<td>6<\/td>\r\n<td>Boulon du chapeau<\/td>\r\n<td>ASTM A193 B8<\/td>\r\n<\/tr>\r\n<tr>\r\n<td>7<\/td>\r\n<td>\u00c9crou \u00e0 chapeau<\/td>\r\n<td>ASTM A194 8<\/td>\r\n<\/tr>\r\n<tr>\r\n<td>8<\/td>\r\n<td>Bonnet<\/td>\r\n<td>ASTM A351 CF8<\/td>\r\n<\/tr>\r\n<tr>\r\n<td>9<\/td>\r\n<td>Si\u00e8ge arri\u00e8re<\/td>\r\n<td>ASTM A182 304<\/td>\r\n<\/tr>\r\n<tr>\r\n<td>10<\/td>\r\n<td>Garniture de tige<\/td>\r\n<td>Graphite renforc\u00e9<\/td>\r\n<\/tr>\r\n<tr>\r\n<td>11<\/td>\r\n<td>Actionneur motoris\u00e9<\/td>\r\n<td>ASTM A351 CF8<\/td>\r\n<\/tr>\r\n<\/tbody>\r\n<\/table>\r\n<\/figure>","protected":false},"excerpt":{"rendered":"<p>Vanne motoris\u00e9e multitours : L&#039;actionneur multitours est sp\u00e9cialement con\u00e7u pour toutes les applications de vannes multitours (vannes \u00e0 mouvement lin\u00e9aire), telles que les vannes \u00e0 soupape, les vannes \u00e0 vanne,\u2026 <a title=\"Vanne motoris\u00e9e - Vanne \u00e9lectrique\" class=\"read-more\" href=\"https:\/\/zecovalve.com\/fr\/produit\/motorized-gate-valve\" aria-label=\"Plus sur Vanne Motoris\u00e9e \u2013 Vanne \u00c9lectrique\">Lire plus<\/a><\/p>","protected":false},"featured_media":27869,"comment_status":"closed","ping_status":"closed","template":"","meta":{"_generate-full-width-content":"","kt_blocks_editor_width":""},"product_cat":[2052,2457],"product_tag":[2766,2727],"class_list":["post-16037","product","type-product","status-publish","has-post-thumbnail","hentry","product_cat-gate-valve","product_cat-gate-valve-by-drive-mode","product_tag-motorised-valve","product_tag-motorized-valve","sales-flash-overlay","woocommerce-text-align-center","woocommerce-image-align-center","do-quantity-buttons"],"featured_image_src_large":["https:\/\/zecovalve.com\/wp-content\/uploads\/2022\/06\/Motorized-Valve-\u2013-Electric-Gate-Valve.jpg",800,600,false],"author_info":[],"comment_info":0,"taxonomy_info":{"product_cat":[{"value":2052,"label":"Gate Valve"},{"value":2457,"label":"Gate Valve with Actuator"}],"product_tag":[{"value":2766,"label":"Motorised Valve"},{"value":2727,"label":"Motorized Valve"}]},"yoast_head":"<!-- This site is optimized with the Yoast SEO Premium plugin v15.4 - https:\/\/yoast.com\/wordpress\/plugins\/seo\/ -->\n<title>Motorized Valve - Electric Gate Valve Manufacturer | Zeco Valve<\/title>\n<meta name=\"robots\" content=\"index, follow, max-snippet:-1, max-image-preview:large, max-video-preview:-1\" \/>\n<link rel=\"canonical\" href=\"https:\/\/zecovalve.com\/fr\/produit\/motorized-gate-valve\" \/>\n<meta property=\"og:locale\" content=\"fr_FR\" \/>\n<meta property=\"og:type\" content=\"article\" \/>\n<meta property=\"og:title\" content=\"Motorized Valve - Electric Gate Valve Manufacturer | Zeco Valve\" \/>\n<meta property=\"og:description\" content=\"Multi-Turn Motorized Valve: Multi-turn actuator is specially designed for all multi-turn valve applications (linear motion valves), such as globe valves, gate valves, ... Lire plus\" \/>\n<meta property=\"og:url\" content=\"https:\/\/zecovalve.com\/fr\/produit\/motorized-gate-valve\" \/>\n<meta property=\"og:site_name\" content=\"ZECO Valve\" \/>\n<meta property=\"article:modified_time\" content=\"2023-06-07T13:51:56+00:00\" \/>\n<meta property=\"og:image\" content=\"https:\/\/zecovalve.com\/wp-content\/uploads\/2022\/06\/Motorized-Valve-\u2013-Electric-Gate-Valve.jpg\" \/>\n\t<meta property=\"og:image:width\" content=\"800\" \/>\n\t<meta property=\"og:image:height\" content=\"600\" \/>\n<meta name=\"twitter:card\" content=\"summary_large_image\" \/>\n<meta name=\"twitter:label1\" content=\"\u00c9crit par\">\n\t<meta name=\"twitter:data1\" content=\"Jerry\">\n\t<meta name=\"twitter:label2\" content=\"Dur\u00e9e de lecture estim\u00e9e\">\n\t<meta name=\"twitter:data2\" content=\"3 minutes\">\n<script type=\"application\/ld+json\" class=\"yoast-schema-graph\">{\"@context\":\"https:\/\/schema.org\",\"@graph\":[{\"@type\":\"WebSite\",\"@id\":\"https:\/\/zecovalve.com\/#website\",\"url\":\"https:\/\/zecovalve.com\/\",\"name\":\"ZECO Valve\",\"description\":\"Industrial Ball Valve, Gate Valve and Globe Valve Manufacturer\",\"potentialAction\":[{\"@type\":\"SearchAction\",\"target\":\"https:\/\/zecovalve.com\/?s={search_term_string}\",\"query-input\":\"required name=search_term_string\"}],\"inLanguage\":\"fr-FR\"},{\"@type\":\"ImageObject\",\"@id\":\"https:\/\/zecovalve.com\/product\/motorized-gate-valve#primaryimage\",\"inLanguage\":\"fr-FR\",\"url\":\"https:\/\/zecovalve.com\/wp-content\/uploads\/2022\/06\/Motorized-Valve-\\u2013-Electric-Gate-Valve.jpg\",\"width\":800,\"height\":600,\"caption\":\"Motorized Valve \\u2013 Electric Gate Valve\"},{\"@type\":\"WebPage\",\"@id\":\"https:\/\/zecovalve.com\/product\/motorized-gate-valve#webpage\",\"url\":\"https:\/\/zecovalve.com\/product\/motorized-gate-valve\",\"name\":\"Motorized Valve - Electric Gate Valve Manufacturer | Zeco Valve\",\"isPartOf\":{\"@id\":\"https:\/\/zecovalve.com\/#website\"},\"primaryImageOfPage\":{\"@id\":\"https:\/\/zecovalve.com\/product\/motorized-gate-valve#primaryimage\"},\"datePublished\":\"2022-06-18T08:40:15+00:00\",\"dateModified\":\"2023-06-07T13:51:56+00:00\",\"breadcrumb\":{\"@id\":\"https:\/\/zecovalve.com\/product\/motorized-gate-valve#breadcrumb\"},\"inLanguage\":\"fr-FR\",\"potentialAction\":[{\"@type\":\"ReadAction\",\"target\":[\"https:\/\/zecovalve.com\/product\/motorized-gate-valve\"]}]},{\"@type\":\"BreadcrumbList\",\"@id\":\"https:\/\/zecovalve.com\/product\/motorized-gate-valve#breadcrumb\",\"itemListElement\":[{\"@type\":\"ListItem\",\"position\":1,\"item\":{\"@type\":\"WebPage\",\"@id\":\"https:\/\/zecovalve.com\/\",\"url\":\"https:\/\/zecovalve.com\/\",\"name\":\"Home\"}},{\"@type\":\"ListItem\",\"position\":2,\"item\":{\"@type\":\"WebPage\",\"@id\":\"https:\/\/zecovalve.com\/product-category\",\"url\":\"https:\/\/zecovalve.com\/product-category\",\"name\":\"Industrial Valve Manufacturer | Water Valve Manufacturer\"}},{\"@type\":\"ListItem\",\"position\":3,\"item\":{\"@type\":\"WebPage\",\"@id\":\"https:\/\/zecovalve.com\/product\/motorized-gate-valve\",\"url\":\"https:\/\/zecovalve.com\/product\/motorized-gate-valve\",\"name\":\"Motorized Valve &#8211; Electric Gate Valve\"}}]}]}<\/script>\n<!-- \/ Yoast SEO Premium plugin. -->","_links":{"self":[{"href":"https:\/\/zecovalve.com\/fr\/wp-json\/wp\/v2\/product\/16037","targetHints":{"allow":["GET"]}}],"collection":[{"href":"https:\/\/zecovalve.com\/fr\/wp-json\/wp\/v2\/product"}],"about":[{"href":"https:\/\/zecovalve.com\/fr\/wp-json\/wp\/v2\/types\/product"}],"replies":[{"embeddable":true,"href":"https:\/\/zecovalve.com\/fr\/wp-json\/wp\/v2\/comments?post=16037"}],"wp:featuredmedia":[{"embeddable":true,"href":"https:\/\/zecovalve.com\/fr\/wp-json\/wp\/v2\/media\/27869"}],"wp:attachment":[{"href":"https:\/\/zecovalve.com\/fr\/wp-json\/wp\/v2\/media?parent=16037"}],"wp:term":[{"taxonomy":"product_cat","embeddable":true,"href":"https:\/\/zecovalve.com\/fr\/wp-json\/wp\/v2\/product_cat?post=16037"},{"taxonomy":"product_tag","embeddable":true,"href":"https:\/\/zecovalve.com\/fr\/wp-json\/wp\/v2\/product_tag?post=16037"}],"curies":[{"name":"wp","href":"https:\/\/api.w.org\/{rel}","templated":true}]}}